{"id":288624,"date":"2025-10-09T17:38:13","date_gmt":"2025-10-09T17:38:13","guid":{"rendered":"https:\/\/fashiongold.lt\/papuosalas\/zlote-kolczyki-z-brylantami-diamentowe-sniezynki\/"},"modified":"2025-10-09T17:38:13","modified_gmt":"2025-10-09T17:38:13","slug":"zlote-kolczyki-z-brylantami-diamentowe-sniezynki","status":"publish","type":"product","link":"https:\/\/fashiongold.lt\/pl\/papuosalas\/zlote-kolczyki-z-brylantami-diamentowe-sniezynki\/","title":{"rendered":"Z\u0142ote kolczyki z brylantami \u201eDiamentowe \u015bnie\u017cynki\u201d"},"content":{"rendered":"<p>Pr\u00f3ba z\u0142ota &#8211; 750<\/p>\n<p><span>Waga oko\u0142o 1,40 g <\/span><\/p>\n<p><span>Brylanty &#8211; 2 szt. masa ca\u0142kowita 0,38 ct barwa RW (G), czysto\u015b\u0107 VS<\/span><\/p>\n<p>Bi\u017cuteri\u0119 dostarczymy w ci\u0105gu 14 dni roboczych lub mo\u017cemy um\u00f3wi\u0107 si\u0119 indywidualnie info@fashiongold.lt<\/p>\n","protected":false},"excerpt":{"rendered":"<p>Kolczyki z bia\u0142ego z\u0142ota z prawdziwymi diamentami<\/p>\n","protected":false},"featured_media":51069,"template":"","meta":{"site-sidebar-layout":"","site-content-layout":"","ast-site-content-layout":"","site-content-style":"","site-sidebar-style":"","ast-global-header-display":"","ast-banner-title-visibility":"","ast-main-header-display":"","ast-hfb-above-header-display":"","ast-hfb-below-header-display":"","ast-hfb-mobile-header-display":"","site-post-title":"","ast-breadcrumbs-content":"","ast-featured-img":"","footer-sml-layout":"","ast-disable-related-posts":"","theme-transparent-header-meta":"","adv-header-id-meta":"","stick-header-meta":"","header-above-stick-meta":"","header-main-stick-meta":"","header-below-stick-meta":"","astra-migrate-meta-layouts":"default","ast-page-background-enabled":"default","ast-page-background-meta":{"desktop":{"background-color":"var(--ast-global-color-4)","background-image":"","background-repeat":"repeat","background-position":"center center","background-size":"auto","background-attachment":"scroll","background-type":"","background-media":"","overlay-type":"","overlay-color":"","overlay-opacity":"","overlay-gradient":""},"tablet":{"background-color":"","background-image":"","background-repeat":"repeat","background-position":"center center","background-size":"auto","background-attachment":"scroll","background-type":"","background-media":"","overlay-type":"","overlay-color":"","overlay-opacity":"","overlay-gradient":""},"mobile":{"background-color":"","background-image":"","background-repeat":"repeat","background-position":"center center","background-size":"auto","background-attachment":"scroll","background-type":"","background-media":"","overlay-type":"","overlay-color":"","overlay-opacity":"","overlay-gradient":""}},"ast-content-background-meta":{"desktop":{"background-color":"var(--ast-global-color-5)","background-image":"","background-repeat":"repeat","background-position":"center center","background-size":"auto","background-attachment":"scroll","background-type":"","background-media":"","overlay-type":"","overlay-color":"","overlay-opacity":"","overlay-gradient":""},"tablet":{"background-color":"var(--ast-global-color-5)","background-image":"","background-repeat":"repeat","background-position":"center center","background-size":"auto","background-attachment":"scroll","background-type":"","background-media":"","overlay-type":"","overlay-color":"","overlay-opacity":"","overlay-gradient":""},"mobile":{"background-color":"var(--ast-global-color-5)","background-image":"","background-repeat":"repeat","background-position":"center center","background-size":"auto","background-attachment":"scroll","background-type":"","background-media":"","overlay-type":"","overlay-color":"","overlay-opacity":"","overlay-gradient":""}}},"product_brand":[],"product_cat":[3044,2858,2975,2972,2853,3165,2875,2876,2860,2857,2854,2855,3169,2859,2852],"product_tag":[],"class_list":{"0":"post-288624","1":"product","2":"type-product","3":"status-publish","4":"has-post-thumbnail","6":"product_cat-bizuteria","7":"product_cat-bizuteria-z-bialego-zlota","8":"product_cat-kolczyki-sztyfty","9":"product_cat-kolczyki-z-diamentami","10":"product_cat-prezenty-dla-kobiet","11":"product_cat-prezenty-na-chrzest","12":"product_cat-prezenty-na-dzien-matki","13":"product_cat-prezenty-na-walentynki","14":"product_cat-prezenty-na-wyjatkowe-okazje","15":"product_cat-prezenty-swiateczne","16":"product_cat-prezenty-z-okazji-narodzin-dziecka","17":"product_cat-prezenty-z-okazji-rocznicy-slubu","18":"product_cat-prezenty-z-okazji-slubu","19":"product_cat-prezenty-z-okazji-ukonczenia-szkoly","20":"product_cat-prezenty-z-okazji-urodzin","21":"desktop-align-center","22":"tablet-align-left","23":"mobile-align-left","24":"ast-product-gallery-layout-horizontal-slider","25":"ast-product-gallery-with-no-image","26":"ast-product-tabs-layout-accordion","27":"ast-qv-on-image","29":"first","30":"instock","31":"taxable","32":"shipping-taxable","33":"purchasable","34":"product-type-simple"},"yoast_head":"<!-- This site is optimized with the Yoast SEO plugin v26.6 - https:\/\/yoast.com\/wordpress\/plugins\/seo\/ -->\n<title>Z\u0142ote kolczyki z brylantami \u201eDiamentowe \u015bnie\u017cynki\u201d<\/title>\n<meta name=\"description\" content=\"Z\u0142ote kolczyki z brylantami \u201eDiamentowe \u015bnie\u017cynki\u201d, diamenty, z\u0142oto, kolczyki, prezent dla kobiety, z\u0142ota bi\u017cuteria, z\u0142oto, brylanty, bi\u017cuteria\" \/>\n<meta name=\"robots\" content=\"index, follow, max-snippet:-1, max-image-preview:large, max-video-preview:-1\" \/>\n<link rel=\"canonical\" href=\"https:\/\/fashiongold.lt\/pl\/papuosalas\/zlote-kolczyki-z-brylantami-diamentowe-sniezynki\/\" \/>\n<meta property=\"og:locale\" content=\"pl_PL\" \/>\n<meta property=\"og:type\" content=\"article\" \/>\n<meta property=\"og:title\" content=\"Z\u0142ote kolczyki z brylantami \u201eDiamentowe \u015bnie\u017cynki\u201d\" \/>\n<meta property=\"og:description\" content=\"Z\u0142ote kolczyki z brylantami \u201eDiamentowe \u015bnie\u017cynki\u201d, diamenty, z\u0142oto, kolczyki, prezent dla kobiety, z\u0142ota bi\u017cuteria, z\u0142oto, brylanty, bi\u017cuteria\" \/>\n<meta property=\"og:url\" content=\"https:\/\/fashiongold.lt\/pl\/papuosalas\/zlote-kolczyki-z-brylantami-diamentowe-sniezynki\/\" \/>\n<meta property=\"og:site_name\" content=\"FashionGold.lt\" \/>\n<meta property=\"og:image\" content=\"https:\/\/fashiongold.lt\/wp-content\/uploads\/2025\/10\/1423-ef2-Auksiniai-auskarai-su-briliantais-Deimantines-snaiges.webp\" \/>\n\t<meta property=\"og:image:width\" content=\"2274\" \/>\n\t<meta property=\"og:image:height\" content=\"2274\" \/>\n\t<meta property=\"og:image:type\" content=\"image\/jpeg\" \/>\n<meta name=\"twitter:card\" content=\"summary_large_image\" \/>\n<script type=\"application\/ld+json\" class=\"yoast-schema-graph\">{\"@context\":\"https:\/\/schema.org\",\"@graph\":[{\"@type\":\"WebPage\",\"@id\":\"https:\/\/fashiongold.lt\/pl\/papuosalas\/zlote-kolczyki-z-brylantami-diamentowe-sniezynki\/\",\"url\":\"https:\/\/fashiongold.lt\/pl\/papuosalas\/zlote-kolczyki-z-brylantami-diamentowe-sniezynki\/\",\"name\":\"Z\u0142ote kolczyki z brylantami \u201eDiamentowe \u015bnie\u017cynki\u201d\",\"isPartOf\":{\"@id\":\"https:\/\/fashiongold.lt\/pl\/#website\"},\"primaryImageOfPage\":{\"@id\":\"https:\/\/fashiongold.lt\/pl\/papuosalas\/zlote-kolczyki-z-brylantami-diamentowe-sniezynki\/#primaryimage\"},\"image\":{\"@id\":\"https:\/\/fashiongold.lt\/pl\/papuosalas\/zlote-kolczyki-z-brylantami-diamentowe-sniezynki\/#primaryimage\"},\"thumbnailUrl\":\"https:\/\/fashiongold.lt\/wp-content\/uploads\/2025\/10\/1423-ef2-Auksiniai-auskarai-su-briliantais-Deimantines-snaiges.jpg\",\"datePublished\":\"2025-10-09T17:38:13+00:00\",\"description\":\"Z\u0142ote kolczyki z brylantami \u201eDiamentowe \u015bnie\u017cynki\u201d, diamenty, z\u0142oto, kolczyki, prezent dla kobiety, z\u0142ota bi\u017cuteria, z\u0142oto, brylanty, bi\u017cuteria\",\"breadcrumb\":{\"@id\":\"https:\/\/fashiongold.lt\/pl\/papuosalas\/zlote-kolczyki-z-brylantami-diamentowe-sniezynki\/#breadcrumb\"},\"inLanguage\":\"pl-PL\",\"potentialAction\":[{\"@type\":\"ReadAction\",\"target\":[\"https:\/\/fashiongold.lt\/pl\/papuosalas\/zlote-kolczyki-z-brylantami-diamentowe-sniezynki\/\"]}]},{\"@type\":\"ImageObject\",\"inLanguage\":\"pl-PL\",\"@id\":\"https:\/\/fashiongold.lt\/pl\/papuosalas\/zlote-kolczyki-z-brylantami-diamentowe-sniezynki\/#primaryimage\",\"url\":\"https:\/\/fashiongold.lt\/wp-content\/uploads\/2025\/10\/1423-ef2-Auksiniai-auskarai-su-briliantais-Deimantines-snaiges.jpg\",\"contentUrl\":\"https:\/\/fashiongold.lt\/wp-content\/uploads\/2025\/10\/1423-ef2-Auksiniai-auskarai-su-briliantais-Deimantines-snaiges.jpg\",\"width\":2274,\"height\":2274},{\"@type\":\"BreadcrumbList\",\"@id\":\"https:\/\/fashiongold.lt\/pl\/papuosalas\/zlote-kolczyki-z-brylantami-diamentowe-sniezynki\/#breadcrumb\",\"itemListElement\":[{\"@type\":\"ListItem\",\"position\":1,\"name\":\"Home\",\"item\":\"https:\/\/fashiongold.lt\/pl\/\"},{\"@type\":\"ListItem\",\"position\":2,\"name\":\"Sklep z diamentami Fashiongold.lt\",\"item\":\"https:\/\/fashiongold.lt\/shop-2\/\"},{\"@type\":\"ListItem\",\"position\":3,\"name\":\"Z\u0142ote kolczyki z brylantami \u201eDiamentowe \u015bnie\u017cynki\u201d\"}]},{\"@type\":\"WebSite\",\"@id\":\"https:\/\/fashiongold.lt\/pl\/#website\",\"url\":\"https:\/\/fashiongold.lt\/pl\/\",\"name\":\"Fashion Gold\",\"description\":\"Juvelyrikos namai\",\"publisher\":{\"@id\":\"https:\/\/fashiongold.lt\/pl\/#organization\"},\"potentialAction\":[{\"@type\":\"SearchAction\",\"target\":{\"@type\":\"EntryPoint\",\"urlTemplate\":\"https:\/\/fashiongold.lt\/pl\/?s={search_term_string}\"},\"query-input\":{\"@type\":\"PropertyValueSpecification\",\"valueRequired\":true,\"valueName\":\"search_term_string\"}}],\"inLanguage\":\"pl-PL\"},{\"@type\":\"Organization\",\"@id\":\"https:\/\/fashiongold.lt\/pl\/#organization\",\"name\":\"Topdiamonds Online\",\"url\":\"https:\/\/fashiongold.lt\/pl\/\",\"logo\":{\"@type\":\"ImageObject\",\"inLanguage\":\"pl-PL\",\"@id\":\"https:\/\/fashiongold.lt\/pl\/#\/schema\/logo\/image\/\",\"url\":\"https:\/\/fashiongold.lt\/wp-content\/uploads\/2025\/04\/cropped-fashion_gold_logotipas2-scaled-1.png\",\"contentUrl\":\"https:\/\/fashiongold.lt\/wp-content\/uploads\/2025\/04\/cropped-fashion_gold_logotipas2-scaled-1.png\",\"width\":2559,\"height\":421,\"caption\":\"Topdiamonds Online\"},\"image\":{\"@id\":\"https:\/\/fashiongold.lt\/pl\/#\/schema\/logo\/image\/\"}}]}<\/script>\n<!-- \/ Yoast SEO plugin. -->","yoast_head_json":{"title":"Z\u0142ote kolczyki z brylantami \u201eDiamentowe \u015bnie\u017cynki\u201d","description":"Z\u0142ote kolczyki z brylantami \u201eDiamentowe \u015bnie\u017cynki\u201d, diamenty, z\u0142oto, kolczyki, prezent dla kobiety, z\u0142ota bi\u017cuteria, z\u0142oto, brylanty, bi\u017cuteria","robots":{"index":"index","follow":"follow","max-snippet":"max-snippet:-1","max-image-preview":"max-image-preview:large","max-video-preview":"max-video-preview:-1"},"canonical":"https:\/\/fashiongold.lt\/pl\/papuosalas\/zlote-kolczyki-z-brylantami-diamentowe-sniezynki\/","og_locale":"pl_PL","og_type":"article","og_title":"Z\u0142ote kolczyki z brylantami \u201eDiamentowe \u015bnie\u017cynki\u201d","og_description":"Z\u0142ote kolczyki z brylantami \u201eDiamentowe \u015bnie\u017cynki\u201d, diamenty, z\u0142oto, kolczyki, prezent dla kobiety, z\u0142ota bi\u017cuteria, z\u0142oto, brylanty, bi\u017cuteria","og_url":"https:\/\/fashiongold.lt\/pl\/papuosalas\/zlote-kolczyki-z-brylantami-diamentowe-sniezynki\/","og_site_name":"FashionGold.lt","og_image":[{"width":2274,"height":2274,"url":"https:\/\/fashiongold.lt\/wp-content\/uploads\/2025\/10\/1423-ef2-Auksiniai-auskarai-su-briliantais-Deimantines-snaiges.webp","type":"image\/jpeg"}],"twitter_card":"summary_large_image","schema":{"@context":"https:\/\/schema.org","@graph":[{"@type":"WebPage","@id":"https:\/\/fashiongold.lt\/pl\/papuosalas\/zlote-kolczyki-z-brylantami-diamentowe-sniezynki\/","url":"https:\/\/fashiongold.lt\/pl\/papuosalas\/zlote-kolczyki-z-brylantami-diamentowe-sniezynki\/","name":"Z\u0142ote kolczyki z brylantami \u201eDiamentowe \u015bnie\u017cynki\u201d","isPartOf":{"@id":"https:\/\/fashiongold.lt\/pl\/#website"},"primaryImageOfPage":{"@id":"https:\/\/fashiongold.lt\/pl\/papuosalas\/zlote-kolczyki-z-brylantami-diamentowe-sniezynki\/#primaryimage"},"image":{"@id":"https:\/\/fashiongold.lt\/pl\/papuosalas\/zlote-kolczyki-z-brylantami-diamentowe-sniezynki\/#primaryimage"},"thumbnailUrl":"https:\/\/fashiongold.lt\/wp-content\/uploads\/2025\/10\/1423-ef2-Auksiniai-auskarai-su-briliantais-Deimantines-snaiges.jpg","datePublished":"2025-10-09T17:38:13+00:00","description":"Z\u0142ote kolczyki z brylantami \u201eDiamentowe \u015bnie\u017cynki\u201d, diamenty, z\u0142oto, kolczyki, prezent dla kobiety, z\u0142ota bi\u017cuteria, z\u0142oto, brylanty, bi\u017cuteria","breadcrumb":{"@id":"https:\/\/fashiongold.lt\/pl\/papuosalas\/zlote-kolczyki-z-brylantami-diamentowe-sniezynki\/#breadcrumb"},"inLanguage":"pl-PL","potentialAction":[{"@type":"ReadAction","target":["https:\/\/fashiongold.lt\/pl\/papuosalas\/zlote-kolczyki-z-brylantami-diamentowe-sniezynki\/"]}]},{"@type":"ImageObject","inLanguage":"pl-PL","@id":"https:\/\/fashiongold.lt\/pl\/papuosalas\/zlote-kolczyki-z-brylantami-diamentowe-sniezynki\/#primaryimage","url":"https:\/\/fashiongold.lt\/wp-content\/uploads\/2025\/10\/1423-ef2-Auksiniai-auskarai-su-briliantais-Deimantines-snaiges.jpg","contentUrl":"https:\/\/fashiongold.lt\/wp-content\/uploads\/2025\/10\/1423-ef2-Auksiniai-auskarai-su-briliantais-Deimantines-snaiges.jpg","width":2274,"height":2274},{"@type":"BreadcrumbList","@id":"https:\/\/fashiongold.lt\/pl\/papuosalas\/zlote-kolczyki-z-brylantami-diamentowe-sniezynki\/#breadcrumb","itemListElement":[{"@type":"ListItem","position":1,"name":"Home","item":"https:\/\/fashiongold.lt\/pl\/"},{"@type":"ListItem","position":2,"name":"Sklep z diamentami Fashiongold.lt","item":"https:\/\/fashiongold.lt\/shop-2\/"},{"@type":"ListItem","position":3,"name":"Z\u0142ote kolczyki z brylantami \u201eDiamentowe \u015bnie\u017cynki\u201d"}]},{"@type":"WebSite","@id":"https:\/\/fashiongold.lt\/pl\/#website","url":"https:\/\/fashiongold.lt\/pl\/","name":"Fashion Gold","description":"Juvelyrikos namai","publisher":{"@id":"https:\/\/fashiongold.lt\/pl\/#organization"},"potentialAction":[{"@type":"SearchAction","target":{"@type":"EntryPoint","urlTemplate":"https:\/\/fashiongold.lt\/pl\/?s={search_term_string}"},"query-input":{"@type":"PropertyValueSpecification","valueRequired":true,"valueName":"search_term_string"}}],"inLanguage":"pl-PL"},{"@type":"Organization","@id":"https:\/\/fashiongold.lt\/pl\/#organization","name":"Topdiamonds Online","url":"https:\/\/fashiongold.lt\/pl\/","logo":{"@type":"ImageObject","inLanguage":"pl-PL","@id":"https:\/\/fashiongold.lt\/pl\/#\/schema\/logo\/image\/","url":"https:\/\/fashiongold.lt\/wp-content\/uploads\/2025\/04\/cropped-fashion_gold_logotipas2-scaled-1.png","contentUrl":"https:\/\/fashiongold.lt\/wp-content\/uploads\/2025\/04\/cropped-fashion_gold_logotipas2-scaled-1.png","width":2559,"height":421,"caption":"Topdiamonds Online"},"image":{"@id":"https:\/\/fashiongold.lt\/pl\/#\/schema\/logo\/image\/"}}]}},"_links":{"self":[{"href":"https:\/\/fashiongold.lt\/pl\/wp-json\/wp\/v2\/product\/288624","targetHints":{"allow":["GET"]}}],"collection":[{"href":"https:\/\/fashiongold.lt\/pl\/wp-json\/wp\/v2\/product"}],"about":[{"href":"https:\/\/fashiongold.lt\/pl\/wp-json\/wp\/v2\/types\/product"}],"version-history":[{"count":0,"href":"https:\/\/fashiongold.lt\/pl\/wp-json\/wp\/v2\/product\/288624\/revisions"}],"wp:featuredmedia":[{"embeddable":true,"href":"https:\/\/fashiongold.lt\/pl\/wp-json\/wp\/v2\/media\/51069"}],"wp:attachment":[{"href":"https:\/\/fashiongold.lt\/pl\/wp-json\/wp\/v2\/media?parent=288624"}],"wp:term":[{"taxonomy":"product_brand","embeddable":true,"href":"https:\/\/fashiongold.lt\/pl\/wp-json\/wp\/v2\/product_brand?post=288624"},{"taxonomy":"product_cat","embeddable":true,"href":"https:\/\/fashiongold.lt\/pl\/wp-json\/wp\/v2\/product_cat?post=288624"},{"taxonomy":"product_tag","embeddable":true,"href":"https:\/\/fashiongold.lt\/pl\/wp-json\/wp\/v2\/product_tag?post=288624"}],"curies":[{"name":"wp","href":"https:\/\/api.w.org\/{rel}","templated":true}]}}