{"id":288669,"date":"2025-10-09T17:36:48","date_gmt":"2025-10-09T17:36:48","guid":{"rendered":"https:\/\/fashiongold.lt\/papuosalas\/pierscionek-zareczynowy-miluna-z-szafirami\/"},"modified":"2025-10-09T17:36:48","modified_gmt":"2025-10-09T17:36:48","slug":"pierscionek-zareczynowy-miluna-z-szafirami","status":"publish","type":"product","link":"https:\/\/fashiongold.lt\/pl\/papuosalas\/pierscionek-zareczynowy-miluna-z-szafirami\/","title":{"rendered":"Pier\u015bcionek zar\u0119czynowy Miluna z szafirami"},"content":{"rendered":"<p><span>Pier\u015bcionek zar\u0119czynowy lub okoliczno\u015bciowy Miluna, stworzony przez dom jubilerski Fashion Gold. <\/span><\/p>\n<p><span>Bia\u0142e z\u0142oto pr\u00f3by 750. <\/span><\/p>\n<p><span>Waga oko\u0142o 2,30 g. <\/span><\/p>\n<p><span>Brylanty: 16 szt., \u0142\u0105czna waga 0,16 ct, kolor RW-W, czysto\u015b\u0107 VS-SI, <\/span><\/p>\n<p><span>Szafir bardzo wysokiej jako\u015bci, o wyrazistym, nasyconym niebieskim kolorze, kszta\u0142t owalny, 1 szt., \u0142\u0105czna waga 0,90 ct. <\/span><\/p>\n<p><span>Rozmiar pier\u015bcionka 17,3. Bezp\u0142atna korekta o jeden rozmiar w ci\u0105gu 10 dni roboczych.<\/span><\/p>\n<p><span>Pier\u015bcionek cechowany w Litewskim Urz\u0119dzie Probierczym, brylant posiada certyfikat.<\/span><\/p>\n<p>Na zam\u00f3wienie mo\u017cemy wykona\u0107 produkt z wi\u0119kszym diamentem lub diamentem o innym kolorze. Napisz na info@fashiongold.lt<\/p><\/p>\n","protected":false},"excerpt":{"rendered":"<p>Pier\u015bcionek zar\u0119czynowy z bia\u0142ego z\u0142ota z szafirami i diamentami<\/p>\n","protected":false},"featured_media":50819,"template":"","meta":{"site-sidebar-layout":"","site-content-layout":"","ast-site-content-layout":"","site-content-style":"","site-sidebar-style":"","ast-global-header-display":"","ast-banner-title-visibility":"","ast-main-header-display":"","ast-hfb-above-header-display":"","ast-hfb-below-header-display":"","ast-hfb-mobile-header-display":"","site-post-title":"","ast-breadcrumbs-content":"","ast-featured-img":"","footer-sml-layout":"","ast-disable-related-posts":"","theme-transparent-header-meta":"","adv-header-id-meta":"","stick-header-meta":"","header-above-stick-meta":"","header-main-stick-meta":"","header-below-stick-meta":"","astra-migrate-meta-layouts":"default","ast-page-background-enabled":"default","ast-page-background-meta":{"desktop":{"background-color":"var(--ast-global-color-4)","background-image":"","background-repeat":"repeat","background-position":"center center","background-size":"auto","background-attachment":"scroll","background-type":"","background-media":"","overlay-type":"","overlay-color":"","overlay-opacity":"","overlay-gradient":""},"tablet":{"background-color":"","background-image":"","background-repeat":"repeat","background-position":"center center","background-size":"auto","background-attachment":"scroll","background-type":"","background-media":"","overlay-type":"","overlay-color":"","overlay-opacity":"","overlay-gradient":""},"mobile":{"background-color":"","background-image":"","background-repeat":"repeat","background-position":"center center","background-size":"auto","background-attachment":"scroll","background-type":"","background-media":"","overlay-type":"","overlay-color":"","overlay-opacity":"","overlay-gradient":""}},"ast-content-background-meta":{"desktop":{"background-color":"var(--ast-global-color-5)","background-image":"","background-repeat":"repeat","background-position":"center center","background-size":"auto","background-attachment":"scroll","background-type":"","background-media":"","overlay-type":"","overlay-color":"","overlay-opacity":"","overlay-gradient":""},"tablet":{"background-color":"var(--ast-global-color-5)","background-image":"","background-repeat":"repeat","background-position":"center center","background-size":"auto","background-attachment":"scroll","background-type":"","background-media":"","overlay-type":"","overlay-color":"","overlay-opacity":"","overlay-gradient":""},"mobile":{"background-color":"var(--ast-global-color-5)","background-image":"","background-repeat":"repeat","background-position":"center center","background-size":"auto","background-attachment":"scroll","background-type":"","background-media":"","overlay-type":"","overlay-color":"","overlay-opacity":"","overlay-gradient":""}}},"product_brand":[],"product_cat":[3044,2878,3179,2874,2879,2880,3232,3273,2853,2875,2876,2857,2854,2855,3169,2859,2852,2873],"product_tag":[],"class_list":{"0":"post-288669","1":"product","2":"type-product","3":"status-publish","4":"has-post-thumbnail","6":"product_cat-bizuteria","7":"product_cat-bizuteria-z-niebieskimi-kamieniami-szlachetnymi","8":"product_cat-niebieski-klejnot","9":"product_cat-pierscionek-zareczynowy-z-szafirem","10":"product_cat-pierscionki-z-kamieniami-szlachetnymi","11":"product_cat-pierscionki-z-szafirami","12":"product_cat-pierscionki-zareczynowe","13":"product_cat-pierscionki-zareczynowe-z-kamieniami-szlachetnymi","14":"product_cat-prezenty-dla-kobiet","15":"product_cat-prezenty-na-dzien-matki","16":"product_cat-prezenty-na-walentynki","17":"product_cat-prezenty-swiateczne","18":"product_cat-prezenty-z-okazji-narodzin-dziecka","19":"product_cat-prezenty-z-okazji-rocznicy-slubu","20":"product_cat-prezenty-z-okazji-slubu","21":"product_cat-prezenty-z-okazji-ukonczenia-szkoly","22":"product_cat-prezenty-z-okazji-urodzin","23":"product_cat-szafir-bizuteria-z-szafirami","24":"desktop-align-center","25":"tablet-align-left","26":"mobile-align-left","27":"ast-product-gallery-layout-horizontal-slider","28":"ast-product-gallery-with-no-image","29":"ast-product-single-variable","30":"ast-product-tabs-layout-accordion","31":"ast-qv-on-image","33":"first","34":"instock","35":"taxable","36":"shipping-taxable","37":"purchasable","38":"product-type-variable"},"yoast_head":"<!-- This site is optimized with the Yoast SEO plugin v26.6 - https:\/\/yoast.com\/wordpress\/plugins\/seo\/ -->\n<title>Pier\u015bcionek zar\u0119czynowy z szafirami MILUNA<\/title>\n<meta name=\"description\" content=\"Pier\u015bcionki zar\u0119czynowe z diamentem i szafirem. Pier\u015bcionek ozdobiony prawdziwymi szafirami i diamentami. Pier\u015bcionki zar\u0119czynowe w Wilnie. Pier\u015bcionek z brylantem. Pier\u015bcionki zar\u0119czynowe. pier\u015bcionki z diamentami.\" \/>\n<meta name=\"robots\" content=\"index, follow, max-snippet:-1, max-image-preview:large, max-video-preview:-1\" \/>\n<link rel=\"canonical\" href=\"https:\/\/fashiongold.lt\/pl\/papuosalas\/pierscionek-zareczynowy-miluna-z-szafirami\/\" \/>\n<meta property=\"og:locale\" content=\"pl_PL\" \/>\n<meta property=\"og:type\" content=\"article\" \/>\n<meta property=\"og:title\" content=\"Pier\u015bcionek zar\u0119czynowy z szafirami MILUNA\" \/>\n<meta property=\"og:description\" content=\"Pier\u015bcionki zar\u0119czynowe z diamentem i szafirem. Pier\u015bcionek ozdobiony prawdziwymi szafirami i diamentami. Pier\u015bcionki zar\u0119czynowe w Wilnie. Pier\u015bcionek z brylantem. Pier\u015bcionki zar\u0119czynowe. pier\u015bcionki z diamentami.\" \/>\n<meta property=\"og:url\" content=\"https:\/\/fashiongold.lt\/pl\/papuosalas\/pierscionek-zareczynowy-miluna-z-szafirami\/\" \/>\n<meta property=\"og:site_name\" content=\"FashionGold.lt\" \/>\n<meta property=\"og:image\" content=\"https:\/\/fashiongold.lt\/wp-content\/uploads\/2025\/10\/1394-04e-Suzadetuviu-ziedas-su-safyrais-Laseliai.webp\" \/>\n\t<meta property=\"og:image:width\" content=\"1621\" \/>\n\t<meta property=\"og:image:height\" content=\"1632\" \/>\n\t<meta property=\"og:image:type\" content=\"image\/jpeg\" \/>\n<meta name=\"twitter:card\" content=\"summary_large_image\" \/>\n<script type=\"application\/ld+json\" class=\"yoast-schema-graph\">{\"@context\":\"https:\/\/schema.org\",\"@graph\":[{\"@type\":\"WebPage\",\"@id\":\"https:\/\/fashiongold.lt\/pl\/papuosalas\/pierscionek-zareczynowy-miluna-z-szafirami\/\",\"url\":\"https:\/\/fashiongold.lt\/pl\/papuosalas\/pierscionek-zareczynowy-miluna-z-szafirami\/\",\"name\":\"Pier\u015bcionek zar\u0119czynowy z szafirami MILUNA\",\"isPartOf\":{\"@id\":\"https:\/\/fashiongold.lt\/pl\/#website\"},\"primaryImageOfPage\":{\"@id\":\"https:\/\/fashiongold.lt\/pl\/papuosalas\/pierscionek-zareczynowy-miluna-z-szafirami\/#primaryimage\"},\"image\":{\"@id\":\"https:\/\/fashiongold.lt\/pl\/papuosalas\/pierscionek-zareczynowy-miluna-z-szafirami\/#primaryimage\"},\"thumbnailUrl\":\"https:\/\/fashiongold.lt\/wp-content\/uploads\/2025\/10\/1394-04e-Suzadetuviu-ziedas-su-safyrais-Laseliai.jpg\",\"datePublished\":\"2025-10-09T17:36:48+00:00\",\"description\":\"Pier\u015bcionki zar\u0119czynowe z diamentem i szafirem. Pier\u015bcionek ozdobiony prawdziwymi szafirami i diamentami. Pier\u015bcionki zar\u0119czynowe w Wilnie. Pier\u015bcionek z brylantem. Pier\u015bcionki zar\u0119czynowe. pier\u015bcionki z diamentami.\",\"breadcrumb\":{\"@id\":\"https:\/\/fashiongold.lt\/pl\/papuosalas\/pierscionek-zareczynowy-miluna-z-szafirami\/#breadcrumb\"},\"inLanguage\":\"pl-PL\",\"potentialAction\":[{\"@type\":\"ReadAction\",\"target\":[\"https:\/\/fashiongold.lt\/pl\/papuosalas\/pierscionek-zareczynowy-miluna-z-szafirami\/\"]}]},{\"@type\":\"ImageObject\",\"inLanguage\":\"pl-PL\",\"@id\":\"https:\/\/fashiongold.lt\/pl\/papuosalas\/pierscionek-zareczynowy-miluna-z-szafirami\/#primaryimage\",\"url\":\"https:\/\/fashiongold.lt\/wp-content\/uploads\/2025\/10\/1394-04e-Suzadetuviu-ziedas-su-safyrais-Laseliai.jpg\",\"contentUrl\":\"https:\/\/fashiongold.lt\/wp-content\/uploads\/2025\/10\/1394-04e-Suzadetuviu-ziedas-su-safyrais-Laseliai.jpg\",\"width\":1621,\"height\":1632},{\"@type\":\"BreadcrumbList\",\"@id\":\"https:\/\/fashiongold.lt\/pl\/papuosalas\/pierscionek-zareczynowy-miluna-z-szafirami\/#breadcrumb\",\"itemListElement\":[{\"@type\":\"ListItem\",\"position\":1,\"name\":\"Home\",\"item\":\"https:\/\/fashiongold.lt\/pl\/\"},{\"@type\":\"ListItem\",\"position\":2,\"name\":\"Sklep z diamentami Fashiongold.lt\",\"item\":\"https:\/\/fashiongold.lt\/shop-2\/\"},{\"@type\":\"ListItem\",\"position\":3,\"name\":\"Pier\u015bcionek zar\u0119czynowy Miluna z szafirami\"}]},{\"@type\":\"WebSite\",\"@id\":\"https:\/\/fashiongold.lt\/pl\/#website\",\"url\":\"https:\/\/fashiongold.lt\/pl\/\",\"name\":\"Fashion Gold\",\"description\":\"Juvelyrikos namai\",\"publisher\":{\"@id\":\"https:\/\/fashiongold.lt\/pl\/#organization\"},\"potentialAction\":[{\"@type\":\"SearchAction\",\"target\":{\"@type\":\"EntryPoint\",\"urlTemplate\":\"https:\/\/fashiongold.lt\/pl\/?s={search_term_string}\"},\"query-input\":{\"@type\":\"PropertyValueSpecification\",\"valueRequired\":true,\"valueName\":\"search_term_string\"}}],\"inLanguage\":\"pl-PL\"},{\"@type\":\"Organization\",\"@id\":\"https:\/\/fashiongold.lt\/pl\/#organization\",\"name\":\"Topdiamonds Online\",\"url\":\"https:\/\/fashiongold.lt\/pl\/\",\"logo\":{\"@type\":\"ImageObject\",\"inLanguage\":\"pl-PL\",\"@id\":\"https:\/\/fashiongold.lt\/pl\/#\/schema\/logo\/image\/\",\"url\":\"https:\/\/fashiongold.lt\/wp-content\/uploads\/2025\/04\/cropped-fashion_gold_logotipas2-scaled-1.png\",\"contentUrl\":\"https:\/\/fashiongold.lt\/wp-content\/uploads\/2025\/04\/cropped-fashion_gold_logotipas2-scaled-1.png\",\"width\":2559,\"height\":421,\"caption\":\"Topdiamonds Online\"},\"image\":{\"@id\":\"https:\/\/fashiongold.lt\/pl\/#\/schema\/logo\/image\/\"}}]}<\/script>\n<!-- \/ Yoast SEO plugin. -->","yoast_head_json":{"title":"Pier\u015bcionek zar\u0119czynowy z szafirami MILUNA","description":"Pier\u015bcionki zar\u0119czynowe z diamentem i szafirem. Pier\u015bcionek ozdobiony prawdziwymi szafirami i diamentami. Pier\u015bcionki zar\u0119czynowe w Wilnie. Pier\u015bcionek z brylantem. Pier\u015bcionki zar\u0119czynowe. pier\u015bcionki z diamentami.","robots":{"index":"index","follow":"follow","max-snippet":"max-snippet:-1","max-image-preview":"max-image-preview:large","max-video-preview":"max-video-preview:-1"},"canonical":"https:\/\/fashiongold.lt\/pl\/papuosalas\/pierscionek-zareczynowy-miluna-z-szafirami\/","og_locale":"pl_PL","og_type":"article","og_title":"Pier\u015bcionek zar\u0119czynowy z szafirami MILUNA","og_description":"Pier\u015bcionki zar\u0119czynowe z diamentem i szafirem. Pier\u015bcionek ozdobiony prawdziwymi szafirami i diamentami. Pier\u015bcionki zar\u0119czynowe w Wilnie. Pier\u015bcionek z brylantem. Pier\u015bcionki zar\u0119czynowe. pier\u015bcionki z diamentami.","og_url":"https:\/\/fashiongold.lt\/pl\/papuosalas\/pierscionek-zareczynowy-miluna-z-szafirami\/","og_site_name":"FashionGold.lt","og_image":[{"width":1621,"height":1632,"url":"https:\/\/fashiongold.lt\/wp-content\/uploads\/2025\/10\/1394-04e-Suzadetuviu-ziedas-su-safyrais-Laseliai.webp","type":"image\/jpeg"}],"twitter_card":"summary_large_image","schema":{"@context":"https:\/\/schema.org","@graph":[{"@type":"WebPage","@id":"https:\/\/fashiongold.lt\/pl\/papuosalas\/pierscionek-zareczynowy-miluna-z-szafirami\/","url":"https:\/\/fashiongold.lt\/pl\/papuosalas\/pierscionek-zareczynowy-miluna-z-szafirami\/","name":"Pier\u015bcionek zar\u0119czynowy z szafirami MILUNA","isPartOf":{"@id":"https:\/\/fashiongold.lt\/pl\/#website"},"primaryImageOfPage":{"@id":"https:\/\/fashiongold.lt\/pl\/papuosalas\/pierscionek-zareczynowy-miluna-z-szafirami\/#primaryimage"},"image":{"@id":"https:\/\/fashiongold.lt\/pl\/papuosalas\/pierscionek-zareczynowy-miluna-z-szafirami\/#primaryimage"},"thumbnailUrl":"https:\/\/fashiongold.lt\/wp-content\/uploads\/2025\/10\/1394-04e-Suzadetuviu-ziedas-su-safyrais-Laseliai.jpg","datePublished":"2025-10-09T17:36:48+00:00","description":"Pier\u015bcionki zar\u0119czynowe z diamentem i szafirem. Pier\u015bcionek ozdobiony prawdziwymi szafirami i diamentami. Pier\u015bcionki zar\u0119czynowe w Wilnie. Pier\u015bcionek z brylantem. Pier\u015bcionki zar\u0119czynowe. pier\u015bcionki z diamentami.","breadcrumb":{"@id":"https:\/\/fashiongold.lt\/pl\/papuosalas\/pierscionek-zareczynowy-miluna-z-szafirami\/#breadcrumb"},"inLanguage":"pl-PL","potentialAction":[{"@type":"ReadAction","target":["https:\/\/fashiongold.lt\/pl\/papuosalas\/pierscionek-zareczynowy-miluna-z-szafirami\/"]}]},{"@type":"ImageObject","inLanguage":"pl-PL","@id":"https:\/\/fashiongold.lt\/pl\/papuosalas\/pierscionek-zareczynowy-miluna-z-szafirami\/#primaryimage","url":"https:\/\/fashiongold.lt\/wp-content\/uploads\/2025\/10\/1394-04e-Suzadetuviu-ziedas-su-safyrais-Laseliai.jpg","contentUrl":"https:\/\/fashiongold.lt\/wp-content\/uploads\/2025\/10\/1394-04e-Suzadetuviu-ziedas-su-safyrais-Laseliai.jpg","width":1621,"height":1632},{"@type":"BreadcrumbList","@id":"https:\/\/fashiongold.lt\/pl\/papuosalas\/pierscionek-zareczynowy-miluna-z-szafirami\/#breadcrumb","itemListElement":[{"@type":"ListItem","position":1,"name":"Home","item":"https:\/\/fashiongold.lt\/pl\/"},{"@type":"ListItem","position":2,"name":"Sklep z diamentami Fashiongold.lt","item":"https:\/\/fashiongold.lt\/shop-2\/"},{"@type":"ListItem","position":3,"name":"Pier\u015bcionek zar\u0119czynowy Miluna z szafirami"}]},{"@type":"WebSite","@id":"https:\/\/fashiongold.lt\/pl\/#website","url":"https:\/\/fashiongold.lt\/pl\/","name":"Fashion Gold","description":"Juvelyrikos namai","publisher":{"@id":"https:\/\/fashiongold.lt\/pl\/#organization"},"potentialAction":[{"@type":"SearchAction","target":{"@type":"EntryPoint","urlTemplate":"https:\/\/fashiongold.lt\/pl\/?s={search_term_string}"},"query-input":{"@type":"PropertyValueSpecification","valueRequired":true,"valueName":"search_term_string"}}],"inLanguage":"pl-PL"},{"@type":"Organization","@id":"https:\/\/fashiongold.lt\/pl\/#organization","name":"Topdiamonds Online","url":"https:\/\/fashiongold.lt\/pl\/","logo":{"@type":"ImageObject","inLanguage":"pl-PL","@id":"https:\/\/fashiongold.lt\/pl\/#\/schema\/logo\/image\/","url":"https:\/\/fashiongold.lt\/wp-content\/uploads\/2025\/04\/cropped-fashion_gold_logotipas2-scaled-1.png","contentUrl":"https:\/\/fashiongold.lt\/wp-content\/uploads\/2025\/04\/cropped-fashion_gold_logotipas2-scaled-1.png","width":2559,"height":421,"caption":"Topdiamonds Online"},"image":{"@id":"https:\/\/fashiongold.lt\/pl\/#\/schema\/logo\/image\/"}}]}},"_links":{"self":[{"href":"https:\/\/fashiongold.lt\/pl\/wp-json\/wp\/v2\/product\/288669","targetHints":{"allow":["GET"]}}],"collection":[{"href":"https:\/\/fashiongold.lt\/pl\/wp-json\/wp\/v2\/product"}],"about":[{"href":"https:\/\/fashiongold.lt\/pl\/wp-json\/wp\/v2\/types\/product"}],"version-history":[{"count":0,"href":"https:\/\/fashiongold.lt\/pl\/wp-json\/wp\/v2\/product\/288669\/revisions"}],"wp:featuredmedia":[{"embeddable":true,"href":"https:\/\/fashiongold.lt\/pl\/wp-json\/wp\/v2\/media\/50819"}],"wp:attachment":[{"href":"https:\/\/fashiongold.lt\/pl\/wp-json\/wp\/v2\/media?parent=288669"}],"wp:term":[{"taxonomy":"product_brand","embeddable":true,"href":"https:\/\/fashiongold.lt\/pl\/wp-json\/wp\/v2\/product_brand?post=288669"},{"taxonomy":"product_cat","embeddable":true,"href":"https:\/\/fashiongold.lt\/pl\/wp-json\/wp\/v2\/product_cat?post=288669"},{"taxonomy":"product_tag","embeddable":true,"href":"https:\/\/fashiongold.lt\/pl\/wp-json\/wp\/v2\/product_tag?post=288669"}],"curies":[{"name":"wp","href":"https:\/\/api.w.org\/{rel}","templated":true}]}}