{"id":288789,"date":"2025-10-09T17:30:05","date_gmt":"2025-10-09T17:30:05","guid":{"rendered":"https:\/\/fashiongold.lt\/papuosalas\/zawieszka-ze-zlota-i-srebra-ze-zlotym-lancuszkiem-kolekcja-bizuterii-ingrid-inzi\/"},"modified":"2025-10-09T17:30:05","modified_gmt":"2025-10-09T17:30:05","slug":"zawieszka-ze-zlota-i-srebra-ze-zlotym-lancuszkiem-kolekcja-bizuterii-ingrid-inzi","status":"publish","type":"product","link":"https:\/\/fashiongold.lt\/pl\/papuosalas\/zawieszka-ze-zlota-i-srebra-ze-zlotym-lancuszkiem-kolekcja-bizuterii-ingrid-inzi\/","title":{"rendered":"Zawieszka ze z\u0142ota i srebra ze z\u0142otym \u0142a\u0144cuszkiem, kolekcja bi\u017cuterii \u201eINGRID IN\u017dI\u201d"},"content":{"rendered":"<p><span>Zawieszka ze z\u0142ota pr\u00f3by 585 ze srebrnymi detalami wraz ze z\u0142otym \u0142a\u0144cuszkiem pr\u00f3by 585. <\/span><\/p>\n<p><span>Waga oko\u0142o 3,07 g. <\/span><\/p>\n<p><span>Kamienie szlachetne: ametyst, szafir, akwamaryn, perydot, cytryn, bursztyn, granat. Mo\u017cesz wybra\u0107 kamie\u0144 szlachetny spo\u015br\u00f3d ametystu, szafiru, akwamarynu, perydotu, cytrynu, bursztynu, granatu, a my wykonamy bi\u017cuteri\u0119 zgodnie z Twoim indywidualnym zam\u00f3wieniem. <\/span><\/p>\n<p><span>W sk\u0142ad zestawu wchodzi \u0142a\u0144cuszek o d\u0142ugo\u015bci 45 cm. Zawieszka o wysoko\u015bci 2 cm.<\/span><\/p>\n","protected":false},"excerpt":{"rendered":"<p><span>Kolekcja bi\u017cuterii \u201eINGRID IN\u017dI\u201d. Wyj\u0105tkowa zawieszka ze z\u0142ota i srebra z kamieniami szlachetnymi, kt\u00f3ra odpowiada ka\u017cdej czakrze, stra\u017cnicy punkt\u00f3w energetycznych. Linia bi\u017cuterii zosta\u0142a zaprojektowana jako ochrona i zr\u00f3wnowa\u017cenie wszystkich punkt\u00f3w energetycznych, czakr, kt\u00f3rych jest 7, rozmieszczonych wzd\u0142u\u017c kr\u0119gos\u0142upa.<\/span><\/p>\n","protected":false},"featured_media":49535,"template":"","meta":{"site-sidebar-layout":"","site-content-layout":"","ast-site-content-layout":"","site-content-style":"","site-sidebar-style":"","ast-global-header-display":"","ast-banner-title-visibility":"","ast-main-header-display":"","ast-hfb-above-header-display":"","ast-hfb-below-header-display":"","ast-hfb-mobile-header-display":"","site-post-title":"","ast-breadcrumbs-content":"","ast-featured-img":"","footer-sml-layout":"","ast-disable-related-posts":"","theme-transparent-header-meta":"","adv-header-id-meta":"","stick-header-meta":"","header-above-stick-meta":"","header-main-stick-meta":"","header-below-stick-meta":"","astra-migrate-meta-layouts":"default","ast-page-background-enabled":"default","ast-page-background-meta":{"desktop":{"background-color":"var(--ast-global-color-4)","background-image":"","background-repeat":"repeat","background-position":"center center","background-size":"auto","background-attachment":"scroll","background-type":"","background-media":"","overlay-type":"","overlay-color":"","overlay-opacity":"","overlay-gradient":""},"tablet":{"background-color":"","background-image":"","background-repeat":"repeat","background-position":"center center","background-size":"auto","background-attachment":"scroll","background-type":"","background-media":"","overlay-type":"","overlay-color":"","overlay-opacity":"","overlay-gradient":""},"mobile":{"background-color":"","background-image":"","background-repeat":"repeat","background-position":"center center","background-size":"auto","background-attachment":"scroll","background-type":"","background-media":"","overlay-type":"","overlay-color":"","overlay-opacity":"","overlay-gradient":""}},"ast-content-background-meta":{"desktop":{"background-color":"var(--ast-global-color-5)","background-image":"","background-repeat":"repeat","background-position":"center center","background-size":"auto","background-attachment":"scroll","background-type":"","background-media":"","overlay-type":"","overlay-color":"","overlay-opacity":"","overlay-gradient":""},"tablet":{"background-color":"var(--ast-global-color-5)","background-image":"","background-repeat":"repeat","background-position":"center center","background-size":"auto","background-attachment":"scroll","background-type":"","background-media":"","overlay-type":"","overlay-color":"","overlay-opacity":"","overlay-gradient":""},"mobile":{"background-color":"var(--ast-global-color-5)","background-image":"","background-repeat":"repeat","background-position":"center center","background-size":"auto","background-attachment":"scroll","background-type":"","background-media":"","overlay-type":"","overlay-color":"","overlay-opacity":"","overlay-gradient":""}}},"product_brand":[],"product_cat":[2878,3935,3179,2873],"product_tag":[],"class_list":{"0":"post-288789","1":"product","2":"type-product","3":"status-publish","4":"has-post-thumbnail","6":"product_cat-bizuteria-z-niebieskimi-kamieniami-szlachetnymi","7":"product_cat-ingrid-inzi-pl","8":"product_cat-niebieski-klejnot","9":"product_cat-szafir-bizuteria-z-szafirami","10":"desktop-align-center","11":"tablet-align-left","12":"mobile-align-left","13":"ast-product-gallery-layout-horizontal-slider","14":"ast-product-gallery-with-no-image","15":"ast-product-tabs-layout-accordion","16":"ast-qv-on-image","18":"first","19":"instock","20":"taxable","21":"shipping-taxable","22":"purchasable","23":"product-type-simple"},"yoast_head":"<!-- This site is optimized with the Yoast SEO plugin v26.6 - https:\/\/yoast.com\/wordpress\/plugins\/seo\/ -->\n<title>Wisiorek ze z\u0142ota i srebra (kolekcja \u201eINGRID IN\u017dI\u201d) - Fashiongold.lt<\/title>\n<meta name=\"description\" content=\"Kolekcja bi\u017cuterii \u201eINGRID IN\u017dI\u201d, Wisiorek ze z\u0142ota i srebra, Wisiorek ze z\u0142ota i srebra kolekcja bi\u017cuterii \u201eINGRID IN\u017dI\u201d, ametyst, szafir, akwamaryn, peridot, cytryn, bursztyn, granat, czakry, czakry, kamienie wed\u0142ug czakr,\" \/>\n<meta name=\"robots\" content=\"index, follow, max-snippet:-1, max-image-preview:large, max-video-preview:-1\" \/>\n<link rel=\"canonical\" href=\"https:\/\/fashiongold.lt\/pl\/papuosalas\/zawieszka-ze-zlota-i-srebra-ze-zlotym-lancuszkiem-kolekcja-bizuterii-ingrid-inzi\/\" \/>\n<meta property=\"og:locale\" content=\"pl_PL\" \/>\n<meta property=\"og:type\" content=\"article\" \/>\n<meta property=\"og:title\" content=\"Wisiorek ze z\u0142ota i srebra (kolekcja \u201eINGRID IN\u017dI\u201d) - Fashiongold.lt\" \/>\n<meta property=\"og:description\" content=\"Kolekcja bi\u017cuterii \u201eINGRID IN\u017dI\u201d, Wisiorek ze z\u0142ota i srebra, Wisiorek ze z\u0142ota i srebra kolekcja bi\u017cuterii \u201eINGRID IN\u017dI\u201d, ametyst, szafir, akwamaryn, peridot, cytryn, bursztyn, granat, czakry, czakry, kamienie wed\u0142ug czakr,\" \/>\n<meta property=\"og:url\" content=\"https:\/\/fashiongold.lt\/pl\/papuosalas\/zawieszka-ze-zlota-i-srebra-ze-zlotym-lancuszkiem-kolekcja-bizuterii-ingrid-inzi\/\" \/>\n<meta property=\"og:site_name\" content=\"FashionGold.lt\" \/>\n<meta property=\"og:image\" content=\"https:\/\/fashiongold.lt\/wp-content\/uploads\/2025\/10\/1142-d27-Sidabro-su-aukso-detalemis-pakabukas-INGRID-INZI-papuosalu-kolekcija.webp\" \/>\n\t<meta property=\"og:image:width\" content=\"1650\" \/>\n\t<meta property=\"og:image:height\" content=\"1650\" \/>\n\t<meta property=\"og:image:type\" content=\"image\/jpeg\" \/>\n<meta name=\"twitter:card\" content=\"summary_large_image\" \/>\n<script type=\"application\/ld+json\" class=\"yoast-schema-graph\">{\"@context\":\"https:\/\/schema.org\",\"@graph\":[{\"@type\":\"WebPage\",\"@id\":\"https:\/\/fashiongold.lt\/pl\/papuosalas\/zawieszka-ze-zlota-i-srebra-ze-zlotym-lancuszkiem-kolekcja-bizuterii-ingrid-inzi\/\",\"url\":\"https:\/\/fashiongold.lt\/pl\/papuosalas\/zawieszka-ze-zlota-i-srebra-ze-zlotym-lancuszkiem-kolekcja-bizuterii-ingrid-inzi\/\",\"name\":\"Wisiorek ze z\u0142ota i srebra (kolekcja \u201eINGRID IN\u017dI\u201d) - Fashiongold.lt\",\"isPartOf\":{\"@id\":\"https:\/\/fashiongold.lt\/pl\/#website\"},\"primaryImageOfPage\":{\"@id\":\"https:\/\/fashiongold.lt\/pl\/papuosalas\/zawieszka-ze-zlota-i-srebra-ze-zlotym-lancuszkiem-kolekcja-bizuterii-ingrid-inzi\/#primaryimage\"},\"image\":{\"@id\":\"https:\/\/fashiongold.lt\/pl\/papuosalas\/zawieszka-ze-zlota-i-srebra-ze-zlotym-lancuszkiem-kolekcja-bizuterii-ingrid-inzi\/#primaryimage\"},\"thumbnailUrl\":\"https:\/\/fashiongold.lt\/wp-content\/uploads\/2025\/10\/1142-d27-Sidabro-su-aukso-detalemis-pakabukas-INGRID-INZI-papuosalu-kolekcija.jpg\",\"datePublished\":\"2025-10-09T17:30:05+00:00\",\"description\":\"Kolekcja bi\u017cuterii \u201eINGRID IN\u017dI\u201d, Wisiorek ze z\u0142ota i srebra, Wisiorek ze z\u0142ota i srebra kolekcja bi\u017cuterii \u201eINGRID IN\u017dI\u201d, ametyst, szafir, akwamaryn, peridot, cytryn, bursztyn, granat, czakry, czakry, kamienie wed\u0142ug czakr,\",\"breadcrumb\":{\"@id\":\"https:\/\/fashiongold.lt\/pl\/papuosalas\/zawieszka-ze-zlota-i-srebra-ze-zlotym-lancuszkiem-kolekcja-bizuterii-ingrid-inzi\/#breadcrumb\"},\"inLanguage\":\"pl-PL\",\"potentialAction\":[{\"@type\":\"ReadAction\",\"target\":[\"https:\/\/fashiongold.lt\/pl\/papuosalas\/zawieszka-ze-zlota-i-srebra-ze-zlotym-lancuszkiem-kolekcja-bizuterii-ingrid-inzi\/\"]}]},{\"@type\":\"ImageObject\",\"inLanguage\":\"pl-PL\",\"@id\":\"https:\/\/fashiongold.lt\/pl\/papuosalas\/zawieszka-ze-zlota-i-srebra-ze-zlotym-lancuszkiem-kolekcja-bizuterii-ingrid-inzi\/#primaryimage\",\"url\":\"https:\/\/fashiongold.lt\/wp-content\/uploads\/2025\/10\/1142-d27-Sidabro-su-aukso-detalemis-pakabukas-INGRID-INZI-papuosalu-kolekcija.jpg\",\"contentUrl\":\"https:\/\/fashiongold.lt\/wp-content\/uploads\/2025\/10\/1142-d27-Sidabro-su-aukso-detalemis-pakabukas-INGRID-INZI-papuosalu-kolekcija.jpg\",\"width\":1650,\"height\":1650},{\"@type\":\"BreadcrumbList\",\"@id\":\"https:\/\/fashiongold.lt\/pl\/papuosalas\/zawieszka-ze-zlota-i-srebra-ze-zlotym-lancuszkiem-kolekcja-bizuterii-ingrid-inzi\/#breadcrumb\",\"itemListElement\":[{\"@type\":\"ListItem\",\"position\":1,\"name\":\"Home\",\"item\":\"https:\/\/fashiongold.lt\/pl\/\"},{\"@type\":\"ListItem\",\"position\":2,\"name\":\"Sklep z diamentami Fashiongold.lt\",\"item\":\"https:\/\/fashiongold.lt\/shop-2\/\"},{\"@type\":\"ListItem\",\"position\":3,\"name\":\"Zawieszka ze z\u0142ota i srebra ze z\u0142otym \u0142a\u0144cuszkiem, kolekcja bi\u017cuterii \u201eINGRID IN\u017dI\u201d\"}]},{\"@type\":\"WebSite\",\"@id\":\"https:\/\/fashiongold.lt\/pl\/#website\",\"url\":\"https:\/\/fashiongold.lt\/pl\/\",\"name\":\"Fashion Gold\",\"description\":\"Juvelyrikos namai\",\"publisher\":{\"@id\":\"https:\/\/fashiongold.lt\/pl\/#organization\"},\"potentialAction\":[{\"@type\":\"SearchAction\",\"target\":{\"@type\":\"EntryPoint\",\"urlTemplate\":\"https:\/\/fashiongold.lt\/pl\/?s={search_term_string}\"},\"query-input\":{\"@type\":\"PropertyValueSpecification\",\"valueRequired\":true,\"valueName\":\"search_term_string\"}}],\"inLanguage\":\"pl-PL\"},{\"@type\":\"Organization\",\"@id\":\"https:\/\/fashiongold.lt\/pl\/#organization\",\"name\":\"Topdiamonds Online\",\"url\":\"https:\/\/fashiongold.lt\/pl\/\",\"logo\":{\"@type\":\"ImageObject\",\"inLanguage\":\"pl-PL\",\"@id\":\"https:\/\/fashiongold.lt\/pl\/#\/schema\/logo\/image\/\",\"url\":\"https:\/\/fashiongold.lt\/wp-content\/uploads\/2025\/04\/cropped-fashion_gold_logotipas2-scaled-1.png\",\"contentUrl\":\"https:\/\/fashiongold.lt\/wp-content\/uploads\/2025\/04\/cropped-fashion_gold_logotipas2-scaled-1.png\",\"width\":2559,\"height\":421,\"caption\":\"Topdiamonds Online\"},\"image\":{\"@id\":\"https:\/\/fashiongold.lt\/pl\/#\/schema\/logo\/image\/\"}}]}<\/script>\n<!-- \/ Yoast SEO plugin. -->","yoast_head_json":{"title":"Wisiorek ze z\u0142ota i srebra (kolekcja \u201eINGRID IN\u017dI\u201d) - Fashiongold.lt","description":"Kolekcja bi\u017cuterii \u201eINGRID IN\u017dI\u201d, Wisiorek ze z\u0142ota i srebra, Wisiorek ze z\u0142ota i srebra kolekcja bi\u017cuterii \u201eINGRID IN\u017dI\u201d, ametyst, szafir, akwamaryn, peridot, cytryn, bursztyn, granat, czakry, czakry, kamienie wed\u0142ug czakr,","robots":{"index":"index","follow":"follow","max-snippet":"max-snippet:-1","max-image-preview":"max-image-preview:large","max-video-preview":"max-video-preview:-1"},"canonical":"https:\/\/fashiongold.lt\/pl\/papuosalas\/zawieszka-ze-zlota-i-srebra-ze-zlotym-lancuszkiem-kolekcja-bizuterii-ingrid-inzi\/","og_locale":"pl_PL","og_type":"article","og_title":"Wisiorek ze z\u0142ota i srebra (kolekcja \u201eINGRID IN\u017dI\u201d) - Fashiongold.lt","og_description":"Kolekcja bi\u017cuterii \u201eINGRID IN\u017dI\u201d, Wisiorek ze z\u0142ota i srebra, Wisiorek ze z\u0142ota i srebra kolekcja bi\u017cuterii \u201eINGRID IN\u017dI\u201d, ametyst, szafir, akwamaryn, peridot, cytryn, bursztyn, granat, czakry, czakry, kamienie wed\u0142ug czakr,","og_url":"https:\/\/fashiongold.lt\/pl\/papuosalas\/zawieszka-ze-zlota-i-srebra-ze-zlotym-lancuszkiem-kolekcja-bizuterii-ingrid-inzi\/","og_site_name":"FashionGold.lt","og_image":[{"width":1650,"height":1650,"url":"https:\/\/fashiongold.lt\/wp-content\/uploads\/2025\/10\/1142-d27-Sidabro-su-aukso-detalemis-pakabukas-INGRID-INZI-papuosalu-kolekcija.webp","type":"image\/jpeg"}],"twitter_card":"summary_large_image","schema":{"@context":"https:\/\/schema.org","@graph":[{"@type":"WebPage","@id":"https:\/\/fashiongold.lt\/pl\/papuosalas\/zawieszka-ze-zlota-i-srebra-ze-zlotym-lancuszkiem-kolekcja-bizuterii-ingrid-inzi\/","url":"https:\/\/fashiongold.lt\/pl\/papuosalas\/zawieszka-ze-zlota-i-srebra-ze-zlotym-lancuszkiem-kolekcja-bizuterii-ingrid-inzi\/","name":"Wisiorek ze z\u0142ota i srebra (kolekcja \u201eINGRID IN\u017dI\u201d) - Fashiongold.lt","isPartOf":{"@id":"https:\/\/fashiongold.lt\/pl\/#website"},"primaryImageOfPage":{"@id":"https:\/\/fashiongold.lt\/pl\/papuosalas\/zawieszka-ze-zlota-i-srebra-ze-zlotym-lancuszkiem-kolekcja-bizuterii-ingrid-inzi\/#primaryimage"},"image":{"@id":"https:\/\/fashiongold.lt\/pl\/papuosalas\/zawieszka-ze-zlota-i-srebra-ze-zlotym-lancuszkiem-kolekcja-bizuterii-ingrid-inzi\/#primaryimage"},"thumbnailUrl":"https:\/\/fashiongold.lt\/wp-content\/uploads\/2025\/10\/1142-d27-Sidabro-su-aukso-detalemis-pakabukas-INGRID-INZI-papuosalu-kolekcija.jpg","datePublished":"2025-10-09T17:30:05+00:00","description":"Kolekcja bi\u017cuterii \u201eINGRID IN\u017dI\u201d, Wisiorek ze z\u0142ota i srebra, Wisiorek ze z\u0142ota i srebra kolekcja bi\u017cuterii \u201eINGRID IN\u017dI\u201d, ametyst, szafir, akwamaryn, peridot, cytryn, bursztyn, granat, czakry, czakry, kamienie wed\u0142ug czakr,","breadcrumb":{"@id":"https:\/\/fashiongold.lt\/pl\/papuosalas\/zawieszka-ze-zlota-i-srebra-ze-zlotym-lancuszkiem-kolekcja-bizuterii-ingrid-inzi\/#breadcrumb"},"inLanguage":"pl-PL","potentialAction":[{"@type":"ReadAction","target":["https:\/\/fashiongold.lt\/pl\/papuosalas\/zawieszka-ze-zlota-i-srebra-ze-zlotym-lancuszkiem-kolekcja-bizuterii-ingrid-inzi\/"]}]},{"@type":"ImageObject","inLanguage":"pl-PL","@id":"https:\/\/fashiongold.lt\/pl\/papuosalas\/zawieszka-ze-zlota-i-srebra-ze-zlotym-lancuszkiem-kolekcja-bizuterii-ingrid-inzi\/#primaryimage","url":"https:\/\/fashiongold.lt\/wp-content\/uploads\/2025\/10\/1142-d27-Sidabro-su-aukso-detalemis-pakabukas-INGRID-INZI-papuosalu-kolekcija.jpg","contentUrl":"https:\/\/fashiongold.lt\/wp-content\/uploads\/2025\/10\/1142-d27-Sidabro-su-aukso-detalemis-pakabukas-INGRID-INZI-papuosalu-kolekcija.jpg","width":1650,"height":1650},{"@type":"BreadcrumbList","@id":"https:\/\/fashiongold.lt\/pl\/papuosalas\/zawieszka-ze-zlota-i-srebra-ze-zlotym-lancuszkiem-kolekcja-bizuterii-ingrid-inzi\/#breadcrumb","itemListElement":[{"@type":"ListItem","position":1,"name":"Home","item":"https:\/\/fashiongold.lt\/pl\/"},{"@type":"ListItem","position":2,"name":"Sklep z diamentami Fashiongold.lt","item":"https:\/\/fashiongold.lt\/shop-2\/"},{"@type":"ListItem","position":3,"name":"Zawieszka ze z\u0142ota i srebra ze z\u0142otym \u0142a\u0144cuszkiem, kolekcja bi\u017cuterii \u201eINGRID IN\u017dI\u201d"}]},{"@type":"WebSite","@id":"https:\/\/fashiongold.lt\/pl\/#website","url":"https:\/\/fashiongold.lt\/pl\/","name":"Fashion Gold","description":"Juvelyrikos namai","publisher":{"@id":"https:\/\/fashiongold.lt\/pl\/#organization"},"potentialAction":[{"@type":"SearchAction","target":{"@type":"EntryPoint","urlTemplate":"https:\/\/fashiongold.lt\/pl\/?s={search_term_string}"},"query-input":{"@type":"PropertyValueSpecification","valueRequired":true,"valueName":"search_term_string"}}],"inLanguage":"pl-PL"},{"@type":"Organization","@id":"https:\/\/fashiongold.lt\/pl\/#organization","name":"Topdiamonds Online","url":"https:\/\/fashiongold.lt\/pl\/","logo":{"@type":"ImageObject","inLanguage":"pl-PL","@id":"https:\/\/fashiongold.lt\/pl\/#\/schema\/logo\/image\/","url":"https:\/\/fashiongold.lt\/wp-content\/uploads\/2025\/04\/cropped-fashion_gold_logotipas2-scaled-1.png","contentUrl":"https:\/\/fashiongold.lt\/wp-content\/uploads\/2025\/04\/cropped-fashion_gold_logotipas2-scaled-1.png","width":2559,"height":421,"caption":"Topdiamonds Online"},"image":{"@id":"https:\/\/fashiongold.lt\/pl\/#\/schema\/logo\/image\/"}}]}},"_links":{"self":[{"href":"https:\/\/fashiongold.lt\/pl\/wp-json\/wp\/v2\/product\/288789","targetHints":{"allow":["GET"]}}],"collection":[{"href":"https:\/\/fashiongold.lt\/pl\/wp-json\/wp\/v2\/product"}],"about":[{"href":"https:\/\/fashiongold.lt\/pl\/wp-json\/wp\/v2\/types\/product"}],"version-history":[{"count":0,"href":"https:\/\/fashiongold.lt\/pl\/wp-json\/wp\/v2\/product\/288789\/revisions"}],"wp:featuredmedia":[{"embeddable":true,"href":"https:\/\/fashiongold.lt\/pl\/wp-json\/wp\/v2\/media\/49535"}],"wp:attachment":[{"href":"https:\/\/fashiongold.lt\/pl\/wp-json\/wp\/v2\/media?parent=288789"}],"wp:term":[{"taxonomy":"product_brand","embeddable":true,"href":"https:\/\/fashiongold.lt\/pl\/wp-json\/wp\/v2\/product_brand?post=288789"},{"taxonomy":"product_cat","embeddable":true,"href":"https:\/\/fashiongold.lt\/pl\/wp-json\/wp\/v2\/product_cat?post=288789"},{"taxonomy":"product_tag","embeddable":true,"href":"https:\/\/fashiongold.lt\/pl\/wp-json\/wp\/v2\/product_tag?post=288789"}],"curies":[{"name":"wp","href":"https:\/\/api.w.org\/{rel}","templated":true}]}}