{"id":289046,"date":"2025-10-09T21:17:06","date_gmt":"2025-10-09T21:17:06","guid":{"rendered":"https:\/\/fashiongold.lt\/papuosalas\/brylant-harmonii-naszyjnik-z-bialego-zlota-z-brylantem-120-ct\/"},"modified":"2026-02-17T12:18:58","modified_gmt":"2026-02-17T12:18:58","slug":"brylant-harmonii-naszyjnik-z-bialego-zlota-z-brylantem-120-ct","status":"publish","type":"product","link":"https:\/\/fashiongold.lt\/pl\/papuosalas\/brylant-harmonii-naszyjnik-z-bialego-zlota-z-brylantem-120-ct\/","title":{"rendered":"Brylant Harmonii \u2013 naszyjnik z bia\u0142ego z\u0142ota z brylantem 1,20 ct"},"content":{"rendered":"<p>\u0141a\u0144cuszek z bia\u0142ego z\u0142ota z zawieszk\u0105 z diamentem, stworzony przez mistrz\u00f3w jubilerstwa \u201eFashion Gold\u201d. Zawieszka nie jest zdejmowana i zdobi j\u0105 prawdziwy brylant. Taka bi\u017cuteria to doskona\u0142y prezent na r\u00f3\u017cne okazje: chrzciny, urodziny, jubileusze, Bo\u017ce Narodzenie czy Walentynki.\u00a0<\/p>\n<p>Wyprodukowano na Litwie. \u0141a\u0144cuszek oraz zawieszka z diamentem mog\u0105 zosta\u0107 wykonane na zam\u00f3wienie w czerwonym, \u017c\u00f3\u0142tym lub bia\u0142ym z\u0142ocie.<\/p>\n<p>\u2022 Rodzaj diamentu: Naturalny diament<\/p>\n<p>\u2022 Kszta\u0142t diamentu: Okr\u0105g\u0142y (Round cut)<\/p>\n<p>\u2022 Charakterystyka diamentu: 1,20 ct okr\u0105g\u0142y, kolor H(W); czysto\u015b\u0107 SI<\/p>\n<p>\u2022 Certyfikat: Litewska Izba Probiercza (LPR) oraz dodatkowo IGI<\/p>\n<p>\u2022 Z\u0142oto zawieszki: 14K (pr\u00f3ba 585)\u00a0<\/p>\n<p>\u2022 Kolor zawieszki: \u017c\u00f3\u0142te z\u0142oto\u00a0<\/p>\n<p>\u2022 Waga zawieszki: oko\u0142o 1,70 g\u00a0<\/p>\n<p>\u2022 D\u0142ugo\u015b\u0107 \u0142a\u0144cuszka: 42 cm<\/p>\n","protected":false},"excerpt":{"rendered":"<p>\u0141a\u0144cuszek z bia\u0142ego z\u0142ota z prawdziw\u0105 diamentow\u0105 zawieszk\u0105 o okr\u0105g\u0142ym kszta\u0142cie 1,20 ct. Zawieszka nie jest zdejmowana. Wyj\u0105tkowy prezent na szczeg\u00f3lne okazje.\u00a0<\/p>\n","protected":false},"featured_media":71943,"template":"","meta":{"site-sidebar-layout":"","site-content-layout":"","ast-site-content-layout":"","site-content-style":"","site-sidebar-style":"","ast-global-header-display":"","ast-banner-title-visibility":"","ast-main-header-display":"","ast-hfb-above-header-display":"","ast-hfb-below-header-display":"","ast-hfb-mobile-header-display":"","site-post-title":"","ast-breadcrumbs-content":"","ast-featured-img":"","footer-sml-layout":"","ast-disable-related-posts":"","theme-transparent-header-meta":"","adv-header-id-meta":"","stick-header-meta":"","header-above-stick-meta":"","header-main-stick-meta":"","header-below-stick-meta":"","astra-migrate-meta-layouts":"default","ast-page-background-enabled":"default","ast-page-background-meta":{"desktop":{"background-color":"var(--ast-global-color-4)","background-image":"","background-repeat":"repeat","background-position":"center center","background-size":"auto","background-attachment":"scroll","background-type":"","background-media":"","overlay-type":"","overlay-color":"","overlay-opacity":"","overlay-gradient":""},"tablet":{"background-color":"","background-image":"","background-repeat":"repeat","background-position":"center center","background-size":"auto","background-attachment":"scroll","background-type":"","background-media":"","overlay-type":"","overlay-color":"","overlay-opacity":"","overlay-gradient":""},"mobile":{"background-color":"","background-image":"","background-repeat":"repeat","background-position":"center center","background-size":"auto","background-attachment":"scroll","background-type":"","background-media":"","overlay-type":"","overlay-color":"","overlay-opacity":"","overlay-gradient":""}},"ast-content-background-meta":{"desktop":{"background-color":"var(--ast-global-color-5)","background-image":"","background-repeat":"repeat","background-position":"center center","background-size":"auto","background-attachment":"scroll","background-type":"","background-media":"","overlay-type":"","overlay-color":"","overlay-opacity":"","overlay-gradient":""},"tablet":{"background-color":"var(--ast-global-color-5)","background-image":"","background-repeat":"repeat","background-position":"center center","background-size":"auto","background-attachment":"scroll","background-type":"","background-media":"","overlay-type":"","overlay-color":"","overlay-opacity":"","overlay-gradient":""},"mobile":{"background-color":"var(--ast-global-color-5)","background-image":"","background-repeat":"repeat","background-position":"center center","background-size":"auto","background-attachment":"scroll","background-type":"","background-media":"","overlay-type":"","overlay-color":"","overlay-opacity":"","overlay-gradient":""}}},"product_brand":[],"product_cat":[3044,2858,3262,3260,3353,3263,3166,2853,2856,3165,2875,2876,2860,2857,2854,2855,3169,2859,2852,3051,3261,3035],"product_tag":[],"class_list":{"0":"post-289046","1":"product","2":"type-product","3":"status-publish","4":"has-post-thumbnail","6":"product_cat-bizuteria","7":"product_cat-bizuteria-z-bialego-zlota","8":"product_cat-lancuszek-meski","9":"product_cat-lancuszek-na-chrzest","10":"product_cat-lancuszek-z-diamentem","11":"product_cat-lancuszki-z-diamentami","12":"product_cat-prezent-z-okazji-pierwszej-komunii-swietej","13":"product_cat-prezenty-dla-kobiet","14":"product_cat-prezenty-dla-mezczyzn","15":"product_cat-prezenty-na-chrzest","16":"product_cat-prezenty-na-dzien-matki","17":"product_cat-prezenty-na-walentynki","18":"product_cat-prezenty-na-wyjatkowe-okazje","19":"product_cat-prezenty-swiateczne","20":"product_cat-prezenty-z-okazji-narodzin-dziecka","21":"product_cat-prezenty-z-okazji-rocznicy-slubu","22":"product_cat-prezenty-z-okazji-slubu","23":"product_cat-prezenty-z-okazji-ukonczenia-szkoly","24":"product_cat-prezenty-z-okazji-urodzin","25":"product_cat-zawieszki-z-diamentami","26":"product_cat-zloty-lancuszek-dla-dziewczynek","27":"product_cat-zloty-lancuszek-z-zawieszka-wedlug-horoskopu","28":"desktop-align-center","29":"tablet-align-left","30":"mobile-align-left","31":"ast-product-gallery-layout-horizontal-slider","32":"ast-product-gallery-with-no-image","33":"ast-product-single-variable","34":"ast-product-tabs-layout-accordion","35":"ast-qv-on-image","37":"first","38":"instock","39":"taxable","40":"shipping-taxable","41":"purchasable","42":"product-type-variable"},"yoast_head":"<!-- This site is optimized with the Yoast SEO plugin v26.6 - https:\/\/yoast.com\/wordpress\/plugins\/seo\/ -->\n<title>Brylant Harmonii - \u0142a\u0144cuszek z bia\u0142ego z\u0142ota z brylantem 1,20 ct<\/title>\n<meta name=\"description\" content=\"Wyprodukowany na Litwie naszyjnik z bia\u0142ego z\u0142ota z prawdziw\u0105 diamentow\u0105 zawieszk\u0105 o okr\u0105g\u0142ym kszta\u0142cie 1,20 ct. Zawieszka nie jest zdejmowana. Wyj\u0105tkowy prezent na szczeg\u00f3lne okazje.\" \/>\n<meta name=\"robots\" content=\"index, follow, max-snippet:-1, max-image-preview:large, max-video-preview:-1\" \/>\n<link rel=\"canonical\" href=\"https:\/\/fashiongold.lt\/pl\/papuosalas\/brylant-harmonii-naszyjnik-z-bialego-zlota-z-brylantem-120-ct\/\" \/>\n<meta property=\"og:locale\" content=\"pl_PL\" \/>\n<meta property=\"og:type\" content=\"article\" \/>\n<meta property=\"og:title\" content=\"Brylant Harmonii - \u0142a\u0144cuszek z bia\u0142ego z\u0142ota z brylantem 1,20 ct\" \/>\n<meta property=\"og:description\" content=\"Wyprodukowany na Litwie naszyjnik z bia\u0142ego z\u0142ota z prawdziw\u0105 diamentow\u0105 zawieszk\u0105 o okr\u0105g\u0142ym kszta\u0142cie 1,20 ct. Zawieszka nie jest zdejmowana. Wyj\u0105tkowy prezent na szczeg\u00f3lne okazje.\" \/>\n<meta property=\"og:url\" content=\"https:\/\/fashiongold.lt\/pl\/papuosalas\/brylant-harmonii-naszyjnik-z-bialego-zlota-z-brylantem-120-ct\/\" \/>\n<meta property=\"og:site_name\" content=\"FashionGold.lt\" \/>\n<meta property=\"article:modified_time\" content=\"2026-02-17T12:18:58+00:00\" \/>\n<meta property=\"og:image\" content=\"https:\/\/fashiongold.lt\/wp-content\/uploads\/2025\/10\/4374-e56-Balto-aukso-grandinele-su-deimantiniu-pakabuku.webp\" \/>\n\t<meta property=\"og:image:width\" content=\"2000\" \/>\n\t<meta property=\"og:image:height\" content=\"2000\" \/>\n\t<meta property=\"og:image:type\" content=\"image\/jpeg\" \/>\n<meta name=\"twitter:card\" content=\"summary_large_image\" \/>\n<meta name=\"twitter:label1\" content=\"Szacowany czas czytania\" \/>\n\t<meta name=\"twitter:data1\" content=\"1 minuta\" \/>\n<script type=\"application\/ld+json\" class=\"yoast-schema-graph\">{\"@context\":\"https:\/\/schema.org\",\"@graph\":[{\"@type\":\"WebPage\",\"@id\":\"https:\/\/fashiongold.lt\/pl\/papuosalas\/brylant-harmonii-naszyjnik-z-bialego-zlota-z-brylantem-120-ct\/\",\"url\":\"https:\/\/fashiongold.lt\/pl\/papuosalas\/brylant-harmonii-naszyjnik-z-bialego-zlota-z-brylantem-120-ct\/\",\"name\":\"Brylant Harmonii - \u0142a\u0144cuszek z bia\u0142ego z\u0142ota z brylantem 1,20 ct\",\"isPartOf\":{\"@id\":\"https:\/\/fashiongold.lt\/pl\/#website\"},\"primaryImageOfPage\":{\"@id\":\"https:\/\/fashiongold.lt\/pl\/papuosalas\/brylant-harmonii-naszyjnik-z-bialego-zlota-z-brylantem-120-ct\/#primaryimage\"},\"image\":{\"@id\":\"https:\/\/fashiongold.lt\/pl\/papuosalas\/brylant-harmonii-naszyjnik-z-bialego-zlota-z-brylantem-120-ct\/#primaryimage\"},\"thumbnailUrl\":\"https:\/\/fashiongold.lt\/wp-content\/uploads\/2025\/10\/4374-e56-Balto-aukso-grandinele-su-deimantiniu-pakabuku.jpg\",\"datePublished\":\"2025-10-09T21:17:06+00:00\",\"dateModified\":\"2026-02-17T12:18:58+00:00\",\"description\":\"Wyprodukowany na Litwie naszyjnik z bia\u0142ego z\u0142ota z prawdziw\u0105 diamentow\u0105 zawieszk\u0105 o okr\u0105g\u0142ym kszta\u0142cie 1,20 ct. Zawieszka nie jest zdejmowana. Wyj\u0105tkowy prezent na szczeg\u00f3lne okazje.\",\"breadcrumb\":{\"@id\":\"https:\/\/fashiongold.lt\/pl\/papuosalas\/brylant-harmonii-naszyjnik-z-bialego-zlota-z-brylantem-120-ct\/#breadcrumb\"},\"inLanguage\":\"pl-PL\",\"potentialAction\":[{\"@type\":\"ReadAction\",\"target\":[\"https:\/\/fashiongold.lt\/pl\/papuosalas\/brylant-harmonii-naszyjnik-z-bialego-zlota-z-brylantem-120-ct\/\"]}]},{\"@type\":\"ImageObject\",\"inLanguage\":\"pl-PL\",\"@id\":\"https:\/\/fashiongold.lt\/pl\/papuosalas\/brylant-harmonii-naszyjnik-z-bialego-zlota-z-brylantem-120-ct\/#primaryimage\",\"url\":\"https:\/\/fashiongold.lt\/wp-content\/uploads\/2025\/10\/4374-e56-Balto-aukso-grandinele-su-deimantiniu-pakabuku.jpg\",\"contentUrl\":\"https:\/\/fashiongold.lt\/wp-content\/uploads\/2025\/10\/4374-e56-Balto-aukso-grandinele-su-deimantiniu-pakabuku.jpg\",\"width\":2000,\"height\":2000},{\"@type\":\"BreadcrumbList\",\"@id\":\"https:\/\/fashiongold.lt\/pl\/papuosalas\/brylant-harmonii-naszyjnik-z-bialego-zlota-z-brylantem-120-ct\/#breadcrumb\",\"itemListElement\":[{\"@type\":\"ListItem\",\"position\":1,\"name\":\"Home\",\"item\":\"https:\/\/fashiongold.lt\/pl\/\"},{\"@type\":\"ListItem\",\"position\":2,\"name\":\"Sklep z diamentami Fashiongold.lt\",\"item\":\"https:\/\/fashiongold.lt\/shop-2\/\"},{\"@type\":\"ListItem\",\"position\":3,\"name\":\"Brylant Harmonii \u2013 naszyjnik z bia\u0142ego z\u0142ota z brylantem 1,20 ct\"}]},{\"@type\":\"WebSite\",\"@id\":\"https:\/\/fashiongold.lt\/pl\/#website\",\"url\":\"https:\/\/fashiongold.lt\/pl\/\",\"name\":\"Fashion Gold\",\"description\":\"Juvelyrikos namai\",\"publisher\":{\"@id\":\"https:\/\/fashiongold.lt\/pl\/#organization\"},\"potentialAction\":[{\"@type\":\"SearchAction\",\"target\":{\"@type\":\"EntryPoint\",\"urlTemplate\":\"https:\/\/fashiongold.lt\/pl\/?s={search_term_string}\"},\"query-input\":{\"@type\":\"PropertyValueSpecification\",\"valueRequired\":true,\"valueName\":\"search_term_string\"}}],\"inLanguage\":\"pl-PL\"},{\"@type\":\"Organization\",\"@id\":\"https:\/\/fashiongold.lt\/pl\/#organization\",\"name\":\"Topdiamonds Online\",\"url\":\"https:\/\/fashiongold.lt\/pl\/\",\"logo\":{\"@type\":\"ImageObject\",\"inLanguage\":\"pl-PL\",\"@id\":\"https:\/\/fashiongold.lt\/pl\/#\/schema\/logo\/image\/\",\"url\":\"https:\/\/fashiongold.lt\/wp-content\/uploads\/2025\/04\/cropped-fashion_gold_logotipas2-scaled-1.png\",\"contentUrl\":\"https:\/\/fashiongold.lt\/wp-content\/uploads\/2025\/04\/cropped-fashion_gold_logotipas2-scaled-1.png\",\"width\":2559,\"height\":421,\"caption\":\"Topdiamonds Online\"},\"image\":{\"@id\":\"https:\/\/fashiongold.lt\/pl\/#\/schema\/logo\/image\/\"}}]}<\/script>\n<!-- \/ Yoast SEO plugin. -->","yoast_head_json":{"title":"Brylant Harmonii - \u0142a\u0144cuszek z bia\u0142ego z\u0142ota z brylantem 1,20 ct","description":"Wyprodukowany na Litwie naszyjnik z bia\u0142ego z\u0142ota z prawdziw\u0105 diamentow\u0105 zawieszk\u0105 o okr\u0105g\u0142ym kszta\u0142cie 1,20 ct. Zawieszka nie jest zdejmowana. Wyj\u0105tkowy prezent na szczeg\u00f3lne okazje.","robots":{"index":"index","follow":"follow","max-snippet":"max-snippet:-1","max-image-preview":"max-image-preview:large","max-video-preview":"max-video-preview:-1"},"canonical":"https:\/\/fashiongold.lt\/pl\/papuosalas\/brylant-harmonii-naszyjnik-z-bialego-zlota-z-brylantem-120-ct\/","og_locale":"pl_PL","og_type":"article","og_title":"Brylant Harmonii - \u0142a\u0144cuszek z bia\u0142ego z\u0142ota z brylantem 1,20 ct","og_description":"Wyprodukowany na Litwie naszyjnik z bia\u0142ego z\u0142ota z prawdziw\u0105 diamentow\u0105 zawieszk\u0105 o okr\u0105g\u0142ym kszta\u0142cie 1,20 ct. Zawieszka nie jest zdejmowana. Wyj\u0105tkowy prezent na szczeg\u00f3lne okazje.","og_url":"https:\/\/fashiongold.lt\/pl\/papuosalas\/brylant-harmonii-naszyjnik-z-bialego-zlota-z-brylantem-120-ct\/","og_site_name":"FashionGold.lt","article_modified_time":"2026-02-17T12:18:58+00:00","og_image":[{"width":2000,"height":2000,"url":"https:\/\/fashiongold.lt\/wp-content\/uploads\/2025\/10\/4374-e56-Balto-aukso-grandinele-su-deimantiniu-pakabuku.webp","type":"image\/jpeg"}],"twitter_card":"summary_large_image","twitter_misc":{"Szacowany czas czytania":"1 minuta"},"schema":{"@context":"https:\/\/schema.org","@graph":[{"@type":"WebPage","@id":"https:\/\/fashiongold.lt\/pl\/papuosalas\/brylant-harmonii-naszyjnik-z-bialego-zlota-z-brylantem-120-ct\/","url":"https:\/\/fashiongold.lt\/pl\/papuosalas\/brylant-harmonii-naszyjnik-z-bialego-zlota-z-brylantem-120-ct\/","name":"Brylant Harmonii - \u0142a\u0144cuszek z bia\u0142ego z\u0142ota z brylantem 1,20 ct","isPartOf":{"@id":"https:\/\/fashiongold.lt\/pl\/#website"},"primaryImageOfPage":{"@id":"https:\/\/fashiongold.lt\/pl\/papuosalas\/brylant-harmonii-naszyjnik-z-bialego-zlota-z-brylantem-120-ct\/#primaryimage"},"image":{"@id":"https:\/\/fashiongold.lt\/pl\/papuosalas\/brylant-harmonii-naszyjnik-z-bialego-zlota-z-brylantem-120-ct\/#primaryimage"},"thumbnailUrl":"https:\/\/fashiongold.lt\/wp-content\/uploads\/2025\/10\/4374-e56-Balto-aukso-grandinele-su-deimantiniu-pakabuku.jpg","datePublished":"2025-10-09T21:17:06+00:00","dateModified":"2026-02-17T12:18:58+00:00","description":"Wyprodukowany na Litwie naszyjnik z bia\u0142ego z\u0142ota z prawdziw\u0105 diamentow\u0105 zawieszk\u0105 o okr\u0105g\u0142ym kszta\u0142cie 1,20 ct. Zawieszka nie jest zdejmowana. Wyj\u0105tkowy prezent na szczeg\u00f3lne okazje.","breadcrumb":{"@id":"https:\/\/fashiongold.lt\/pl\/papuosalas\/brylant-harmonii-naszyjnik-z-bialego-zlota-z-brylantem-120-ct\/#breadcrumb"},"inLanguage":"pl-PL","potentialAction":[{"@type":"ReadAction","target":["https:\/\/fashiongold.lt\/pl\/papuosalas\/brylant-harmonii-naszyjnik-z-bialego-zlota-z-brylantem-120-ct\/"]}]},{"@type":"ImageObject","inLanguage":"pl-PL","@id":"https:\/\/fashiongold.lt\/pl\/papuosalas\/brylant-harmonii-naszyjnik-z-bialego-zlota-z-brylantem-120-ct\/#primaryimage","url":"https:\/\/fashiongold.lt\/wp-content\/uploads\/2025\/10\/4374-e56-Balto-aukso-grandinele-su-deimantiniu-pakabuku.jpg","contentUrl":"https:\/\/fashiongold.lt\/wp-content\/uploads\/2025\/10\/4374-e56-Balto-aukso-grandinele-su-deimantiniu-pakabuku.jpg","width":2000,"height":2000},{"@type":"BreadcrumbList","@id":"https:\/\/fashiongold.lt\/pl\/papuosalas\/brylant-harmonii-naszyjnik-z-bialego-zlota-z-brylantem-120-ct\/#breadcrumb","itemListElement":[{"@type":"ListItem","position":1,"name":"Home","item":"https:\/\/fashiongold.lt\/pl\/"},{"@type":"ListItem","position":2,"name":"Sklep z diamentami Fashiongold.lt","item":"https:\/\/fashiongold.lt\/shop-2\/"},{"@type":"ListItem","position":3,"name":"Brylant Harmonii \u2013 naszyjnik z bia\u0142ego z\u0142ota z brylantem 1,20 ct"}]},{"@type":"WebSite","@id":"https:\/\/fashiongold.lt\/pl\/#website","url":"https:\/\/fashiongold.lt\/pl\/","name":"Fashion Gold","description":"Juvelyrikos namai","publisher":{"@id":"https:\/\/fashiongold.lt\/pl\/#organization"},"potentialAction":[{"@type":"SearchAction","target":{"@type":"EntryPoint","urlTemplate":"https:\/\/fashiongold.lt\/pl\/?s={search_term_string}"},"query-input":{"@type":"PropertyValueSpecification","valueRequired":true,"valueName":"search_term_string"}}],"inLanguage":"pl-PL"},{"@type":"Organization","@id":"https:\/\/fashiongold.lt\/pl\/#organization","name":"Topdiamonds Online","url":"https:\/\/fashiongold.lt\/pl\/","logo":{"@type":"ImageObject","inLanguage":"pl-PL","@id":"https:\/\/fashiongold.lt\/pl\/#\/schema\/logo\/image\/","url":"https:\/\/fashiongold.lt\/wp-content\/uploads\/2025\/04\/cropped-fashion_gold_logotipas2-scaled-1.png","contentUrl":"https:\/\/fashiongold.lt\/wp-content\/uploads\/2025\/04\/cropped-fashion_gold_logotipas2-scaled-1.png","width":2559,"height":421,"caption":"Topdiamonds Online"},"image":{"@id":"https:\/\/fashiongold.lt\/pl\/#\/schema\/logo\/image\/"}}]}},"_links":{"self":[{"href":"https:\/\/fashiongold.lt\/pl\/wp-json\/wp\/v2\/product\/289046","targetHints":{"allow":["GET"]}}],"collection":[{"href":"https:\/\/fashiongold.lt\/pl\/wp-json\/wp\/v2\/product"}],"about":[{"href":"https:\/\/fashiongold.lt\/pl\/wp-json\/wp\/v2\/types\/product"}],"version-history":[{"count":0,"href":"https:\/\/fashiongold.lt\/pl\/wp-json\/wp\/v2\/product\/289046\/revisions"}],"wp:featuredmedia":[{"embeddable":true,"href":"https:\/\/fashiongold.lt\/pl\/wp-json\/wp\/v2\/media\/71943"}],"wp:attachment":[{"href":"https:\/\/fashiongold.lt\/pl\/wp-json\/wp\/v2\/media?parent=289046"}],"wp:term":[{"taxonomy":"product_brand","embeddable":true,"href":"https:\/\/fashiongold.lt\/pl\/wp-json\/wp\/v2\/product_brand?post=289046"},{"taxonomy":"product_cat","embeddable":true,"href":"https:\/\/fashiongold.lt\/pl\/wp-json\/wp\/v2\/product_cat?post=289046"},{"taxonomy":"product_tag","embeddable":true,"href":"https:\/\/fashiongold.lt\/pl\/wp-json\/wp\/v2\/product_tag?post=289046"}],"curies":[{"name":"wp","href":"https:\/\/api.w.org\/{rel}","templated":true}]}}