{"id":289585,"date":"2025-10-09T21:00:18","date_gmt":"2025-10-09T21:00:18","guid":{"rendered":"https:\/\/fashiongold.lt\/papuosalas\/lsniaca-markiza-pierscionek-z-zoltego-zlota-z-diamentem-o-szlifie-markiza-i-drobnymi-diamentami-102-ct\/"},"modified":"2025-10-09T21:00:18","modified_gmt":"2025-10-09T21:00:18","slug":"lsniaca-markiza-pierscionek-z-zoltego-zlota-z-diamentem-o-szlifie-markiza-i-drobnymi-diamentami-102-ct","status":"publish","type":"product","link":"https:\/\/fashiongold.lt\/pl\/papuosalas\/lsniaca-markiza-pierscionek-z-zoltego-zlota-z-diamentem-o-szlifie-markiza-i-drobnymi-diamentami-102-ct\/","title":{"rendered":"L\u015bni\u0105ca Markiza \u2013 pier\u015bcionek z \u017c\u00f3\u0142tego z\u0142ota z diamentem o szlifie markiza i drobnymi diamentami (1,02 ct)"},"content":{"rendered":"<p>Wyprodukowano na Litwie. Pier\u015bcionek mo\u017ce zosta\u0107 wykonany na zam\u00f3wienie: z czerwonego, \u017c\u00f3\u0142tego oraz bia\u0142ego z\u0142ota.<\/p>\n<p>\u2022 Typ diamentu: Naturalny diament<\/p>\n<p>\u2022 Szlif diamentu: Markiza (Marquise cut)<\/p>\n<p>\u2022 Charakterystyka diamentu: 1,02 ct (1&#215;0,80 ct szlif Szmaragdowy oraz okr\u0105g\u0142e diamenty 0,22 ct), kolor H(W); czysto\u015b\u0107 SI<\/p>\n<p>\u2022 Certyfikat: Litewski Urz\u0105d Probierczy (LPR) oraz dodatkowo GIA<\/p>\n<p>\u2022 Z\u0142oto pier\u015bcionka: 14K (pr\u00f3ba 585)<\/p>\n<p>\u2022 Kolor pier\u015bcionka: \u017c\u00f3\u0142te z\u0142oto<\/p>\n<p>\u2022 Waga pier\u015bcionka: oko\u0142o 3,00 g<\/p>\n","protected":false},"excerpt":{"rendered":"<p>Pier\u015bcionek z \u017c\u00f3\u0142tego z\u0142ota z diamentem o szlifie markiza o masie 0,80 ct, otoczony l\u015bni\u0105cymi diamentami. Wspania\u0142y design typu Halo, kt\u00f3ry sprawi, \u017ce Twoja d\u0142o\u0144 rozb\u0142y\u015bnie kwitn\u0105cym pi\u0119knem!<\/p>\n","protected":false},"featured_media":70480,"template":"","meta":{"site-sidebar-layout":"","site-content-layout":"","ast-site-content-layout":"","site-content-style":"","site-sidebar-style":"","ast-global-header-display":"","ast-banner-title-visibility":"","ast-main-header-display":"","ast-hfb-above-header-display":"","ast-hfb-below-header-display":"","ast-hfb-mobile-header-display":"","site-post-title":"","ast-breadcrumbs-content":"","ast-featured-img":"","footer-sml-layout":"","ast-disable-related-posts":"","theme-transparent-header-meta":"","adv-header-id-meta":"","stick-header-meta":"","header-above-stick-meta":"","header-main-stick-meta":"","header-below-stick-meta":"","astra-migrate-meta-layouts":"default","ast-page-background-enabled":"default","ast-page-background-meta":{"desktop":{"background-color":"var(--ast-global-color-4)","background-image":"","background-repeat":"repeat","background-position":"center center","background-size":"auto","background-attachment":"scroll","background-type":"","background-media":"","overlay-type":"","overlay-color":"","overlay-opacity":"","overlay-gradient":""},"tablet":{"background-color":"","background-image":"","background-repeat":"repeat","background-position":"center center","background-size":"auto","background-attachment":"scroll","background-type":"","background-media":"","overlay-type":"","overlay-color":"","overlay-opacity":"","overlay-gradient":""},"mobile":{"background-color":"","background-image":"","background-repeat":"repeat","background-position":"center center","background-size":"auto","background-attachment":"scroll","background-type":"","background-media":"","overlay-type":"","overlay-color":"","overlay-opacity":"","overlay-gradient":""}},"ast-content-background-meta":{"desktop":{"background-color":"var(--ast-global-color-5)","background-image":"","background-repeat":"repeat","background-position":"center center","background-size":"auto","background-attachment":"scroll","background-type":"","background-media":"","overlay-type":"","overlay-color":"","overlay-opacity":"","overlay-gradient":""},"tablet":{"background-color":"var(--ast-global-color-5)","background-image":"","background-repeat":"repeat","background-position":"center center","background-size":"auto","background-attachment":"scroll","background-type":"","background-media":"","overlay-type":"","overlay-color":"","overlay-opacity":"","overlay-gradient":""},"mobile":{"background-color":"var(--ast-global-color-5)","background-image":"","background-repeat":"repeat","background-position":"center center","background-size":"auto","background-attachment":"scroll","background-type":"","background-media":"","overlay-type":"","overlay-color":"","overlay-opacity":"","overlay-gradient":""}}},"product_brand":[],"product_cat":[3044,2861,3237,3232,2993,3760,3964,3234,2853,2875,2876,2860,2857,2854,2855,3169,2859,2852,3240,3963],"product_tag":[],"class_list":{"0":"post-289585","1":"product","2":"type-product","3":"status-publish","4":"has-post-thumbnail","6":"product_cat-bizuteria","7":"product_cat-bizuteria-z-zoltego-zlota","8":"product_cat-pierscionki-z-diamentami","9":"product_cat-pierscionki-zareczynowe","10":"product_cat-pierscionki-zareczynowe-typu-halo","11":"product_cat-pierscionki-zareczynowe-z-1-karatowym-diamentem","12":"product_cat-pierscionki-zareczynowe-z-diamentem","13":"product_cat-pierscionki-zareczynowe-z-zoltego-zlota","14":"product_cat-prezenty-dla-kobiet","15":"product_cat-prezenty-na-dzien-matki","16":"product_cat-prezenty-na-walentynki","17":"product_cat-prezenty-na-wyjatkowe-okazje","18":"product_cat-prezenty-swiateczne","19":"product_cat-prezenty-z-okazji-narodzin-dziecka","20":"product_cat-prezenty-z-okazji-rocznicy-slubu","21":"product_cat-prezenty-z-okazji-slubu","22":"product_cat-prezenty-z-okazji-ukonczenia-szkoly","23":"product_cat-prezenty-z-okazji-urodzin","24":"product_cat-top-pierscionki-zareczynowe","25":"product_cat-wyjatkowe-pierscionki-zareczynowe","26":"desktop-align-center","27":"tablet-align-left","28":"mobile-align-left","29":"ast-product-gallery-layout-horizontal-slider","30":"ast-product-gallery-with-no-image","31":"ast-product-single-variable","32":"ast-product-tabs-layout-accordion","33":"ast-qv-on-image","35":"first","36":"instock","37":"taxable","38":"shipping-taxable","39":"purchasable","40":"product-type-variable"},"yoast_head":"<!-- This site is optimized with the Yoast SEO plugin v26.6 - https:\/\/yoast.com\/wordpress\/plugins\/seo\/ -->\n<title>Z\u0142oty pier\u015bcionek z diamentem o szlifie markiza 1,02 ct i drobnymi diamentami<\/title>\n<meta name=\"description\" content=\"Wyprodukowany na Litwie wysokiej jako\u015bci pier\u015bcionek z diamentem o masie 1,02 ct o szlifie markiza i drobnymi diamentami dooko\u0142a. Zaskocz wyj\u0105tkowym prezentem. Darmowa wysy\u0142ka.\" \/>\n<meta name=\"robots\" content=\"index, follow, max-snippet:-1, max-image-preview:large, max-video-preview:-1\" \/>\n<link rel=\"canonical\" href=\"https:\/\/fashiongold.lt\/pl\/papuosalas\/lsniaca-markiza-pierscionek-z-zoltego-zlota-z-diamentem-o-szlifie-markiza-i-drobnymi-diamentami-102-ct\/\" \/>\n<meta property=\"og:locale\" content=\"pl_PL\" \/>\n<meta property=\"og:type\" content=\"article\" \/>\n<meta property=\"og:title\" content=\"Z\u0142oty pier\u015bcionek z diamentem o szlifie markiza 1,02 ct i drobnymi diamentami\" \/>\n<meta property=\"og:description\" content=\"Wyprodukowany na Litwie wysokiej jako\u015bci pier\u015bcionek z diamentem o masie 1,02 ct o szlifie markiza i drobnymi diamentami dooko\u0142a. Zaskocz wyj\u0105tkowym prezentem. Darmowa wysy\u0142ka.\" \/>\n<meta property=\"og:url\" content=\"https:\/\/fashiongold.lt\/pl\/papuosalas\/lsniaca-markiza-pierscionek-z-zoltego-zlota-z-diamentem-o-szlifie-markiza-i-drobnymi-diamentami-102-ct\/\" \/>\n<meta property=\"og:site_name\" content=\"FashionGold.lt\" \/>\n<meta property=\"og:image\" content=\"https:\/\/fashiongold.lt\/wp-content\/uploads\/2025\/10\/4077-047-geltono-aukso-ziedas-su-Markizes-formos-deimantu-ir-smulkiais-deimantais.webp\" \/>\n\t<meta property=\"og:image:width\" content=\"1000\" \/>\n\t<meta property=\"og:image:height\" content=\"1000\" \/>\n\t<meta property=\"og:image:type\" content=\"image\/png\" \/>\n<meta name=\"twitter:card\" content=\"summary_large_image\" \/>\n<script type=\"application\/ld+json\" class=\"yoast-schema-graph\">{\"@context\":\"https:\/\/schema.org\",\"@graph\":[{\"@type\":\"WebPage\",\"@id\":\"https:\/\/fashiongold.lt\/pl\/papuosalas\/lsniaca-markiza-pierscionek-z-zoltego-zlota-z-diamentem-o-szlifie-markiza-i-drobnymi-diamentami-102-ct\/\",\"url\":\"https:\/\/fashiongold.lt\/pl\/papuosalas\/lsniaca-markiza-pierscionek-z-zoltego-zlota-z-diamentem-o-szlifie-markiza-i-drobnymi-diamentami-102-ct\/\",\"name\":\"Z\u0142oty pier\u015bcionek z diamentem o szlifie markiza 1,02 ct i drobnymi diamentami\",\"isPartOf\":{\"@id\":\"https:\/\/fashiongold.lt\/pl\/#website\"},\"primaryImageOfPage\":{\"@id\":\"https:\/\/fashiongold.lt\/pl\/papuosalas\/lsniaca-markiza-pierscionek-z-zoltego-zlota-z-diamentem-o-szlifie-markiza-i-drobnymi-diamentami-102-ct\/#primaryimage\"},\"image\":{\"@id\":\"https:\/\/fashiongold.lt\/pl\/papuosalas\/lsniaca-markiza-pierscionek-z-zoltego-zlota-z-diamentem-o-szlifie-markiza-i-drobnymi-diamentami-102-ct\/#primaryimage\"},\"thumbnailUrl\":\"https:\/\/fashiongold.lt\/wp-content\/uploads\/2025\/10\/4077-047-geltono-aukso-ziedas-su-Markizes-formos-deimantu-ir-smulkiais-deimantais.png\",\"datePublished\":\"2025-10-09T21:00:18+00:00\",\"description\":\"Wyprodukowany na Litwie wysokiej jako\u015bci pier\u015bcionek z diamentem o masie 1,02 ct o szlifie markiza i drobnymi diamentami dooko\u0142a. Zaskocz wyj\u0105tkowym prezentem. Darmowa wysy\u0142ka.\",\"breadcrumb\":{\"@id\":\"https:\/\/fashiongold.lt\/pl\/papuosalas\/lsniaca-markiza-pierscionek-z-zoltego-zlota-z-diamentem-o-szlifie-markiza-i-drobnymi-diamentami-102-ct\/#breadcrumb\"},\"inLanguage\":\"pl-PL\",\"potentialAction\":[{\"@type\":\"ReadAction\",\"target\":[\"https:\/\/fashiongold.lt\/pl\/papuosalas\/lsniaca-markiza-pierscionek-z-zoltego-zlota-z-diamentem-o-szlifie-markiza-i-drobnymi-diamentami-102-ct\/\"]}]},{\"@type\":\"ImageObject\",\"inLanguage\":\"pl-PL\",\"@id\":\"https:\/\/fashiongold.lt\/pl\/papuosalas\/lsniaca-markiza-pierscionek-z-zoltego-zlota-z-diamentem-o-szlifie-markiza-i-drobnymi-diamentami-102-ct\/#primaryimage\",\"url\":\"https:\/\/fashiongold.lt\/wp-content\/uploads\/2025\/10\/4077-047-geltono-aukso-ziedas-su-Markizes-formos-deimantu-ir-smulkiais-deimantais.png\",\"contentUrl\":\"https:\/\/fashiongold.lt\/wp-content\/uploads\/2025\/10\/4077-047-geltono-aukso-ziedas-su-Markizes-formos-deimantu-ir-smulkiais-deimantais.png\",\"width\":1000,\"height\":1000},{\"@type\":\"BreadcrumbList\",\"@id\":\"https:\/\/fashiongold.lt\/pl\/papuosalas\/lsniaca-markiza-pierscionek-z-zoltego-zlota-z-diamentem-o-szlifie-markiza-i-drobnymi-diamentami-102-ct\/#breadcrumb\",\"itemListElement\":[{\"@type\":\"ListItem\",\"position\":1,\"name\":\"Home\",\"item\":\"https:\/\/fashiongold.lt\/pl\/\"},{\"@type\":\"ListItem\",\"position\":2,\"name\":\"Sklep z diamentami Fashiongold.lt\",\"item\":\"https:\/\/fashiongold.lt\/shop-2\/\"},{\"@type\":\"ListItem\",\"position\":3,\"name\":\"L\u015bni\u0105ca Markiza \u2013 pier\u015bcionek z \u017c\u00f3\u0142tego z\u0142ota z diamentem o szlifie markiza i drobnymi diamentami (1,02 ct)\"}]},{\"@type\":\"WebSite\",\"@id\":\"https:\/\/fashiongold.lt\/pl\/#website\",\"url\":\"https:\/\/fashiongold.lt\/pl\/\",\"name\":\"Fashion Gold\",\"description\":\"Juvelyrikos namai\",\"publisher\":{\"@id\":\"https:\/\/fashiongold.lt\/pl\/#organization\"},\"potentialAction\":[{\"@type\":\"SearchAction\",\"target\":{\"@type\":\"EntryPoint\",\"urlTemplate\":\"https:\/\/fashiongold.lt\/pl\/?s={search_term_string}\"},\"query-input\":{\"@type\":\"PropertyValueSpecification\",\"valueRequired\":true,\"valueName\":\"search_term_string\"}}],\"inLanguage\":\"pl-PL\"},{\"@type\":\"Organization\",\"@id\":\"https:\/\/fashiongold.lt\/pl\/#organization\",\"name\":\"Topdiamonds Online\",\"url\":\"https:\/\/fashiongold.lt\/pl\/\",\"logo\":{\"@type\":\"ImageObject\",\"inLanguage\":\"pl-PL\",\"@id\":\"https:\/\/fashiongold.lt\/pl\/#\/schema\/logo\/image\/\",\"url\":\"https:\/\/fashiongold.lt\/wp-content\/uploads\/2025\/04\/cropped-fashion_gold_logotipas2-scaled-1.png\",\"contentUrl\":\"https:\/\/fashiongold.lt\/wp-content\/uploads\/2025\/04\/cropped-fashion_gold_logotipas2-scaled-1.png\",\"width\":2559,\"height\":421,\"caption\":\"Topdiamonds Online\"},\"image\":{\"@id\":\"https:\/\/fashiongold.lt\/pl\/#\/schema\/logo\/image\/\"}}]}<\/script>\n<!-- \/ Yoast SEO plugin. -->","yoast_head_json":{"title":"Z\u0142oty pier\u015bcionek z diamentem o szlifie markiza 1,02 ct i drobnymi diamentami","description":"Wyprodukowany na Litwie wysokiej jako\u015bci pier\u015bcionek z diamentem o masie 1,02 ct o szlifie markiza i drobnymi diamentami dooko\u0142a. Zaskocz wyj\u0105tkowym prezentem. Darmowa wysy\u0142ka.","robots":{"index":"index","follow":"follow","max-snippet":"max-snippet:-1","max-image-preview":"max-image-preview:large","max-video-preview":"max-video-preview:-1"},"canonical":"https:\/\/fashiongold.lt\/pl\/papuosalas\/lsniaca-markiza-pierscionek-z-zoltego-zlota-z-diamentem-o-szlifie-markiza-i-drobnymi-diamentami-102-ct\/","og_locale":"pl_PL","og_type":"article","og_title":"Z\u0142oty pier\u015bcionek z diamentem o szlifie markiza 1,02 ct i drobnymi diamentami","og_description":"Wyprodukowany na Litwie wysokiej jako\u015bci pier\u015bcionek z diamentem o masie 1,02 ct o szlifie markiza i drobnymi diamentami dooko\u0142a. Zaskocz wyj\u0105tkowym prezentem. Darmowa wysy\u0142ka.","og_url":"https:\/\/fashiongold.lt\/pl\/papuosalas\/lsniaca-markiza-pierscionek-z-zoltego-zlota-z-diamentem-o-szlifie-markiza-i-drobnymi-diamentami-102-ct\/","og_site_name":"FashionGold.lt","og_image":[{"width":1000,"height":1000,"url":"https:\/\/fashiongold.lt\/wp-content\/uploads\/2025\/10\/4077-047-geltono-aukso-ziedas-su-Markizes-formos-deimantu-ir-smulkiais-deimantais.webp","type":"image\/png"}],"twitter_card":"summary_large_image","schema":{"@context":"https:\/\/schema.org","@graph":[{"@type":"WebPage","@id":"https:\/\/fashiongold.lt\/pl\/papuosalas\/lsniaca-markiza-pierscionek-z-zoltego-zlota-z-diamentem-o-szlifie-markiza-i-drobnymi-diamentami-102-ct\/","url":"https:\/\/fashiongold.lt\/pl\/papuosalas\/lsniaca-markiza-pierscionek-z-zoltego-zlota-z-diamentem-o-szlifie-markiza-i-drobnymi-diamentami-102-ct\/","name":"Z\u0142oty pier\u015bcionek z diamentem o szlifie markiza 1,02 ct i drobnymi diamentami","isPartOf":{"@id":"https:\/\/fashiongold.lt\/pl\/#website"},"primaryImageOfPage":{"@id":"https:\/\/fashiongold.lt\/pl\/papuosalas\/lsniaca-markiza-pierscionek-z-zoltego-zlota-z-diamentem-o-szlifie-markiza-i-drobnymi-diamentami-102-ct\/#primaryimage"},"image":{"@id":"https:\/\/fashiongold.lt\/pl\/papuosalas\/lsniaca-markiza-pierscionek-z-zoltego-zlota-z-diamentem-o-szlifie-markiza-i-drobnymi-diamentami-102-ct\/#primaryimage"},"thumbnailUrl":"https:\/\/fashiongold.lt\/wp-content\/uploads\/2025\/10\/4077-047-geltono-aukso-ziedas-su-Markizes-formos-deimantu-ir-smulkiais-deimantais.png","datePublished":"2025-10-09T21:00:18+00:00","description":"Wyprodukowany na Litwie wysokiej jako\u015bci pier\u015bcionek z diamentem o masie 1,02 ct o szlifie markiza i drobnymi diamentami dooko\u0142a. Zaskocz wyj\u0105tkowym prezentem. Darmowa wysy\u0142ka.","breadcrumb":{"@id":"https:\/\/fashiongold.lt\/pl\/papuosalas\/lsniaca-markiza-pierscionek-z-zoltego-zlota-z-diamentem-o-szlifie-markiza-i-drobnymi-diamentami-102-ct\/#breadcrumb"},"inLanguage":"pl-PL","potentialAction":[{"@type":"ReadAction","target":["https:\/\/fashiongold.lt\/pl\/papuosalas\/lsniaca-markiza-pierscionek-z-zoltego-zlota-z-diamentem-o-szlifie-markiza-i-drobnymi-diamentami-102-ct\/"]}]},{"@type":"ImageObject","inLanguage":"pl-PL","@id":"https:\/\/fashiongold.lt\/pl\/papuosalas\/lsniaca-markiza-pierscionek-z-zoltego-zlota-z-diamentem-o-szlifie-markiza-i-drobnymi-diamentami-102-ct\/#primaryimage","url":"https:\/\/fashiongold.lt\/wp-content\/uploads\/2025\/10\/4077-047-geltono-aukso-ziedas-su-Markizes-formos-deimantu-ir-smulkiais-deimantais.png","contentUrl":"https:\/\/fashiongold.lt\/wp-content\/uploads\/2025\/10\/4077-047-geltono-aukso-ziedas-su-Markizes-formos-deimantu-ir-smulkiais-deimantais.png","width":1000,"height":1000},{"@type":"BreadcrumbList","@id":"https:\/\/fashiongold.lt\/pl\/papuosalas\/lsniaca-markiza-pierscionek-z-zoltego-zlota-z-diamentem-o-szlifie-markiza-i-drobnymi-diamentami-102-ct\/#breadcrumb","itemListElement":[{"@type":"ListItem","position":1,"name":"Home","item":"https:\/\/fashiongold.lt\/pl\/"},{"@type":"ListItem","position":2,"name":"Sklep z diamentami Fashiongold.lt","item":"https:\/\/fashiongold.lt\/shop-2\/"},{"@type":"ListItem","position":3,"name":"L\u015bni\u0105ca Markiza \u2013 pier\u015bcionek z \u017c\u00f3\u0142tego z\u0142ota z diamentem o szlifie markiza i drobnymi diamentami (1,02 ct)"}]},{"@type":"WebSite","@id":"https:\/\/fashiongold.lt\/pl\/#website","url":"https:\/\/fashiongold.lt\/pl\/","name":"Fashion Gold","description":"Juvelyrikos namai","publisher":{"@id":"https:\/\/fashiongold.lt\/pl\/#organization"},"potentialAction":[{"@type":"SearchAction","target":{"@type":"EntryPoint","urlTemplate":"https:\/\/fashiongold.lt\/pl\/?s={search_term_string}"},"query-input":{"@type":"PropertyValueSpecification","valueRequired":true,"valueName":"search_term_string"}}],"inLanguage":"pl-PL"},{"@type":"Organization","@id":"https:\/\/fashiongold.lt\/pl\/#organization","name":"Topdiamonds Online","url":"https:\/\/fashiongold.lt\/pl\/","logo":{"@type":"ImageObject","inLanguage":"pl-PL","@id":"https:\/\/fashiongold.lt\/pl\/#\/schema\/logo\/image\/","url":"https:\/\/fashiongold.lt\/wp-content\/uploads\/2025\/04\/cropped-fashion_gold_logotipas2-scaled-1.png","contentUrl":"https:\/\/fashiongold.lt\/wp-content\/uploads\/2025\/04\/cropped-fashion_gold_logotipas2-scaled-1.png","width":2559,"height":421,"caption":"Topdiamonds Online"},"image":{"@id":"https:\/\/fashiongold.lt\/pl\/#\/schema\/logo\/image\/"}}]}},"_links":{"self":[{"href":"https:\/\/fashiongold.lt\/pl\/wp-json\/wp\/v2\/product\/289585","targetHints":{"allow":["GET"]}}],"collection":[{"href":"https:\/\/fashiongold.lt\/pl\/wp-json\/wp\/v2\/product"}],"about":[{"href":"https:\/\/fashiongold.lt\/pl\/wp-json\/wp\/v2\/types\/product"}],"version-history":[{"count":0,"href":"https:\/\/fashiongold.lt\/pl\/wp-json\/wp\/v2\/product\/289585\/revisions"}],"wp:featuredmedia":[{"embeddable":true,"href":"https:\/\/fashiongold.lt\/pl\/wp-json\/wp\/v2\/media\/70480"}],"wp:attachment":[{"href":"https:\/\/fashiongold.lt\/pl\/wp-json\/wp\/v2\/media?parent=289585"}],"wp:term":[{"taxonomy":"product_brand","embeddable":true,"href":"https:\/\/fashiongold.lt\/pl\/wp-json\/wp\/v2\/product_brand?post=289585"},{"taxonomy":"product_cat","embeddable":true,"href":"https:\/\/fashiongold.lt\/pl\/wp-json\/wp\/v2\/product_cat?post=289585"},{"taxonomy":"product_tag","embeddable":true,"href":"https:\/\/fashiongold.lt\/pl\/wp-json\/wp\/v2\/product_tag?post=289585"}],"curies":[{"name":"wp","href":"https:\/\/api.w.org\/{rel}","templated":true}]}}