{"id":289695,"date":"2025-10-09T20:33:38","date_gmt":"2025-10-09T20:33:38","guid":{"rendered":"https:\/\/fashiongold.lt\/papuosalas\/lsniacy-pierscionek-unikalny-pierscionek-z-bialego-zlota-z-diamentami-058-ct\/"},"modified":"2025-10-09T20:33:38","modified_gmt":"2025-10-09T20:33:38","slug":"lsniacy-pierscionek-unikalny-pierscionek-z-bialego-zlota-z-diamentami-058-ct","status":"publish","type":"product","link":"https:\/\/fashiongold.lt\/pl\/papuosalas\/lsniacy-pierscionek-unikalny-pierscionek-z-bialego-zlota-z-diamentami-058-ct\/","title":{"rendered":"L\u015bni\u0105cy pier\u015bcionek \u2013 unikalny pier\u015bcionek z bia\u0142ego z\u0142ota z diamentami (0,58 ct)"},"content":{"rendered":"<p>Wyprodukowano na Litwie. Pier\u015bcionek mo\u017ce zosta\u0107 wykonany na zam\u00f3wienie: z czerwonego, \u017c\u00f3\u0142tego oraz bia\u0142ego z\u0142ota.<\/p>\n<p>\u2022 Rodzaj diamentu: Naturalny diament<\/p>\n<p>\u2022 Kszta\u0142t diamentu: Okr\u0105g\u0142y (Round cut)<\/p>\n<p>\u2022 Charakterystyka diamentu: 0,58 ct (1&#215;0,30 ct i 31&#215;0,008=0,28 ct), kolor H(W); czysto\u015b\u0107 SI<\/p>\n<p>\u2022 Certyfikat: Litewski Urz\u0105d Probierczy (LPR) oraz dodatkowo IGI<\/p>\n<p>\u2022 Z\u0142oto pier\u015bcionka: 14K (pr\u00f3ba 585)<\/p>\n<p>\u2022 Kolor pier\u015bcionka: bia\u0142e z\u0142oto<\/p>\n<p>\u2022 Waga pier\u015bcionka: oko\u0142o 3,00 g<\/p>\n","protected":false},"excerpt":{"rendered":"<p>Unikalny pier\u015bcionek z bia\u0142ego z\u0142ota w stylu Halo z diamentami o masie 0,58 ct sprawi, \u017ce zab\u0142y\u015bniesz z rado\u015bci. Elegancki design idealnie komponuje si\u0119 z ka\u017cd\u0105 stylizacj\u0105. Podaruj sobie lub ukochanej osobie wyj\u0105tkow\u0105 chwil\u0119!<\/p>\n","protected":false},"featured_media":69050,"template":"","meta":{"site-sidebar-layout":"","site-content-layout":"","ast-site-content-layout":"","site-content-style":"","site-sidebar-style":"","ast-global-header-display":"","ast-banner-title-visibility":"","ast-main-header-display":"","ast-hfb-above-header-display":"","ast-hfb-below-header-display":"","ast-hfb-mobile-header-display":"","site-post-title":"","ast-breadcrumbs-content":"","ast-featured-img":"","footer-sml-layout":"","ast-disable-related-posts":"","theme-transparent-header-meta":"","adv-header-id-meta":"","stick-header-meta":"","header-above-stick-meta":"","header-main-stick-meta":"","header-below-stick-meta":"","astra-migrate-meta-layouts":"default","ast-page-background-enabled":"default","ast-page-background-meta":{"desktop":{"background-color":"var(--ast-global-color-4)","background-image":"","background-repeat":"repeat","background-position":"center center","background-size":"auto","background-attachment":"scroll","background-type":"","background-media":"","overlay-type":"","overlay-color":"","overlay-opacity":"","overlay-gradient":""},"tablet":{"background-color":"","background-image":"","background-repeat":"repeat","background-position":"center center","background-size":"auto","background-attachment":"scroll","background-type":"","background-media":"","overlay-type":"","overlay-color":"","overlay-opacity":"","overlay-gradient":""},"mobile":{"background-color":"","background-image":"","background-repeat":"repeat","background-position":"center center","background-size":"auto","background-attachment":"scroll","background-type":"","background-media":"","overlay-type":"","overlay-color":"","overlay-opacity":"","overlay-gradient":""}},"ast-content-background-meta":{"desktop":{"background-color":"var(--ast-global-color-5)","background-image":"","background-repeat":"repeat","background-position":"center center","background-size":"auto","background-attachment":"scroll","background-type":"","background-media":"","overlay-type":"","overlay-color":"","overlay-opacity":"","overlay-gradient":""},"tablet":{"background-color":"var(--ast-global-color-5)","background-image":"","background-repeat":"repeat","background-position":"center center","background-size":"auto","background-attachment":"scroll","background-type":"","background-media":"","overlay-type":"","overlay-color":"","overlay-opacity":"","overlay-gradient":""},"mobile":{"background-color":"var(--ast-global-color-5)","background-image":"","background-repeat":"repeat","background-position":"center center","background-size":"auto","background-attachment":"scroll","background-type":"","background-media":"","overlay-type":"","overlay-color":"","overlay-opacity":"","overlay-gradient":""}}},"product_brand":[],"product_cat":[3044,2858,3237,3232,2993,3233,2853,2875,2876,2860,2857,2854,2855,3169,2859,2852,3240,3963],"product_tag":[],"class_list":{"0":"post-289695","1":"product","2":"type-product","3":"status-publish","4":"has-post-thumbnail","6":"product_cat-bizuteria","7":"product_cat-bizuteria-z-bialego-zlota","8":"product_cat-pierscionki-z-diamentami","9":"product_cat-pierscionki-zareczynowe","10":"product_cat-pierscionki-zareczynowe-typu-halo","11":"product_cat-pierscionki-zareczynowe-z-bialego-zlota","12":"product_cat-prezenty-dla-kobiet","13":"product_cat-prezenty-na-dzien-matki","14":"product_cat-prezenty-na-walentynki","15":"product_cat-prezenty-na-wyjatkowe-okazje","16":"product_cat-prezenty-swiateczne","17":"product_cat-prezenty-z-okazji-narodzin-dziecka","18":"product_cat-prezenty-z-okazji-rocznicy-slubu","19":"product_cat-prezenty-z-okazji-slubu","20":"product_cat-prezenty-z-okazji-ukonczenia-szkoly","21":"product_cat-prezenty-z-okazji-urodzin","22":"product_cat-top-pierscionki-zareczynowe","23":"product_cat-wyjatkowe-pierscionki-zareczynowe","24":"desktop-align-center","25":"tablet-align-left","26":"mobile-align-left","27":"ast-product-gallery-layout-horizontal-slider","28":"ast-product-gallery-with-no-image","29":"ast-product-single-variable","30":"ast-product-tabs-layout-accordion","31":"ast-qv-on-image","33":"first","34":"instock","35":"taxable","36":"shipping-taxable","37":"purchasable","38":"product-type-variable"},"yoast_head":"<!-- This site is optimized with the Yoast SEO plugin v26.6 - https:\/\/yoast.com\/wordpress\/plugins\/seo\/ -->\n<title>L\u015bni\u0105cy pier\u015bcionek - unikalny pier\u015bcionek z bia\u0142ego z\u0142ota z diamentami 0,58 ct<\/title>\n<meta name=\"description\" content=\"Wyprodukowany na Litwie wysokiej jako\u015bci pier\u015bcionek z diamentami 0,58 ct. Zaskocz wyj\u0105tkowym prezentem. Darmowa wysy\u0142ka na terenie ca\u0142ej Litwy.\" \/>\n<meta name=\"robots\" content=\"index, follow, max-snippet:-1, max-image-preview:large, max-video-preview:-1\" \/>\n<link rel=\"canonical\" href=\"https:\/\/fashiongold.lt\/pl\/papuosalas\/lsniacy-pierscionek-unikalny-pierscionek-z-bialego-zlota-z-diamentami-058-ct\/\" \/>\n<meta property=\"og:locale\" content=\"pl_PL\" \/>\n<meta property=\"og:type\" content=\"article\" \/>\n<meta property=\"og:title\" content=\"L\u015bni\u0105cy pier\u015bcionek - unikalny pier\u015bcionek z bia\u0142ego z\u0142ota z diamentami 0,58 ct\" \/>\n<meta property=\"og:description\" content=\"Wyprodukowany na Litwie wysokiej jako\u015bci pier\u015bcionek z diamentami 0,58 ct. Zaskocz wyj\u0105tkowym prezentem. Darmowa wysy\u0142ka na terenie ca\u0142ej Litwy.\" \/>\n<meta property=\"og:url\" content=\"https:\/\/fashiongold.lt\/pl\/papuosalas\/lsniacy-pierscionek-unikalny-pierscionek-z-bialego-zlota-z-diamentami-058-ct\/\" \/>\n<meta property=\"og:site_name\" content=\"FashionGold.lt\" \/>\n<meta property=\"og:image\" content=\"https:\/\/fashiongold.lt\/wp-content\/uploads\/2025\/10\/3913-0d8-unikalus-balto-aukso-ziedas-su-deimantais.webp\" \/>\n\t<meta property=\"og:image:width\" content=\"1000\" \/>\n\t<meta property=\"og:image:height\" content=\"1000\" \/>\n\t<meta property=\"og:image:type\" content=\"image\/png\" \/>\n<meta name=\"twitter:card\" content=\"summary_large_image\" \/>\n<script type=\"application\/ld+json\" class=\"yoast-schema-graph\">{\"@context\":\"https:\/\/schema.org\",\"@graph\":[{\"@type\":\"WebPage\",\"@id\":\"https:\/\/fashiongold.lt\/pl\/papuosalas\/lsniacy-pierscionek-unikalny-pierscionek-z-bialego-zlota-z-diamentami-058-ct\/\",\"url\":\"https:\/\/fashiongold.lt\/pl\/papuosalas\/lsniacy-pierscionek-unikalny-pierscionek-z-bialego-zlota-z-diamentami-058-ct\/\",\"name\":\"L\u015bni\u0105cy pier\u015bcionek - unikalny pier\u015bcionek z bia\u0142ego z\u0142ota z diamentami 0,58 ct\",\"isPartOf\":{\"@id\":\"https:\/\/fashiongold.lt\/pl\/#website\"},\"primaryImageOfPage\":{\"@id\":\"https:\/\/fashiongold.lt\/pl\/papuosalas\/lsniacy-pierscionek-unikalny-pierscionek-z-bialego-zlota-z-diamentami-058-ct\/#primaryimage\"},\"image\":{\"@id\":\"https:\/\/fashiongold.lt\/pl\/papuosalas\/lsniacy-pierscionek-unikalny-pierscionek-z-bialego-zlota-z-diamentami-058-ct\/#primaryimage\"},\"thumbnailUrl\":\"https:\/\/fashiongold.lt\/wp-content\/uploads\/2025\/10\/3913-0d8-unikalus-balto-aukso-ziedas-su-deimantais.png\",\"datePublished\":\"2025-10-09T20:33:38+00:00\",\"description\":\"Wyprodukowany na Litwie wysokiej jako\u015bci pier\u015bcionek z diamentami 0,58 ct. Zaskocz wyj\u0105tkowym prezentem. Darmowa wysy\u0142ka na terenie ca\u0142ej Litwy.\",\"breadcrumb\":{\"@id\":\"https:\/\/fashiongold.lt\/pl\/papuosalas\/lsniacy-pierscionek-unikalny-pierscionek-z-bialego-zlota-z-diamentami-058-ct\/#breadcrumb\"},\"inLanguage\":\"pl-PL\",\"potentialAction\":[{\"@type\":\"ReadAction\",\"target\":[\"https:\/\/fashiongold.lt\/pl\/papuosalas\/lsniacy-pierscionek-unikalny-pierscionek-z-bialego-zlota-z-diamentami-058-ct\/\"]}]},{\"@type\":\"ImageObject\",\"inLanguage\":\"pl-PL\",\"@id\":\"https:\/\/fashiongold.lt\/pl\/papuosalas\/lsniacy-pierscionek-unikalny-pierscionek-z-bialego-zlota-z-diamentami-058-ct\/#primaryimage\",\"url\":\"https:\/\/fashiongold.lt\/wp-content\/uploads\/2025\/10\/3913-0d8-unikalus-balto-aukso-ziedas-su-deimantais.png\",\"contentUrl\":\"https:\/\/fashiongold.lt\/wp-content\/uploads\/2025\/10\/3913-0d8-unikalus-balto-aukso-ziedas-su-deimantais.png\",\"width\":1000,\"height\":1000},{\"@type\":\"BreadcrumbList\",\"@id\":\"https:\/\/fashiongold.lt\/pl\/papuosalas\/lsniacy-pierscionek-unikalny-pierscionek-z-bialego-zlota-z-diamentami-058-ct\/#breadcrumb\",\"itemListElement\":[{\"@type\":\"ListItem\",\"position\":1,\"name\":\"Home\",\"item\":\"https:\/\/fashiongold.lt\/pl\/\"},{\"@type\":\"ListItem\",\"position\":2,\"name\":\"Sklep z diamentami Fashiongold.lt\",\"item\":\"https:\/\/fashiongold.lt\/shop-2\/\"},{\"@type\":\"ListItem\",\"position\":3,\"name\":\"L\u015bni\u0105cy pier\u015bcionek \u2013 unikalny pier\u015bcionek z bia\u0142ego z\u0142ota z diamentami (0,58 ct)\"}]},{\"@type\":\"WebSite\",\"@id\":\"https:\/\/fashiongold.lt\/pl\/#website\",\"url\":\"https:\/\/fashiongold.lt\/pl\/\",\"name\":\"Fashion Gold\",\"description\":\"Juvelyrikos namai\",\"publisher\":{\"@id\":\"https:\/\/fashiongold.lt\/pl\/#organization\"},\"potentialAction\":[{\"@type\":\"SearchAction\",\"target\":{\"@type\":\"EntryPoint\",\"urlTemplate\":\"https:\/\/fashiongold.lt\/pl\/?s={search_term_string}\"},\"query-input\":{\"@type\":\"PropertyValueSpecification\",\"valueRequired\":true,\"valueName\":\"search_term_string\"}}],\"inLanguage\":\"pl-PL\"},{\"@type\":\"Organization\",\"@id\":\"https:\/\/fashiongold.lt\/pl\/#organization\",\"name\":\"Topdiamonds Online\",\"url\":\"https:\/\/fashiongold.lt\/pl\/\",\"logo\":{\"@type\":\"ImageObject\",\"inLanguage\":\"pl-PL\",\"@id\":\"https:\/\/fashiongold.lt\/pl\/#\/schema\/logo\/image\/\",\"url\":\"https:\/\/fashiongold.lt\/wp-content\/uploads\/2025\/04\/cropped-fashion_gold_logotipas2-scaled-1.png\",\"contentUrl\":\"https:\/\/fashiongold.lt\/wp-content\/uploads\/2025\/04\/cropped-fashion_gold_logotipas2-scaled-1.png\",\"width\":2559,\"height\":421,\"caption\":\"Topdiamonds Online\"},\"image\":{\"@id\":\"https:\/\/fashiongold.lt\/pl\/#\/schema\/logo\/image\/\"}}]}<\/script>\n<!-- \/ Yoast SEO plugin. -->","yoast_head_json":{"title":"L\u015bni\u0105cy pier\u015bcionek - unikalny pier\u015bcionek z bia\u0142ego z\u0142ota z diamentami 0,58 ct","description":"Wyprodukowany na Litwie wysokiej jako\u015bci pier\u015bcionek z diamentami 0,58 ct. Zaskocz wyj\u0105tkowym prezentem. Darmowa wysy\u0142ka na terenie ca\u0142ej Litwy.","robots":{"index":"index","follow":"follow","max-snippet":"max-snippet:-1","max-image-preview":"max-image-preview:large","max-video-preview":"max-video-preview:-1"},"canonical":"https:\/\/fashiongold.lt\/pl\/papuosalas\/lsniacy-pierscionek-unikalny-pierscionek-z-bialego-zlota-z-diamentami-058-ct\/","og_locale":"pl_PL","og_type":"article","og_title":"L\u015bni\u0105cy pier\u015bcionek - unikalny pier\u015bcionek z bia\u0142ego z\u0142ota z diamentami 0,58 ct","og_description":"Wyprodukowany na Litwie wysokiej jako\u015bci pier\u015bcionek z diamentami 0,58 ct. Zaskocz wyj\u0105tkowym prezentem. Darmowa wysy\u0142ka na terenie ca\u0142ej Litwy.","og_url":"https:\/\/fashiongold.lt\/pl\/papuosalas\/lsniacy-pierscionek-unikalny-pierscionek-z-bialego-zlota-z-diamentami-058-ct\/","og_site_name":"FashionGold.lt","og_image":[{"width":1000,"height":1000,"url":"https:\/\/fashiongold.lt\/wp-content\/uploads\/2025\/10\/3913-0d8-unikalus-balto-aukso-ziedas-su-deimantais.webp","type":"image\/png"}],"twitter_card":"summary_large_image","schema":{"@context":"https:\/\/schema.org","@graph":[{"@type":"WebPage","@id":"https:\/\/fashiongold.lt\/pl\/papuosalas\/lsniacy-pierscionek-unikalny-pierscionek-z-bialego-zlota-z-diamentami-058-ct\/","url":"https:\/\/fashiongold.lt\/pl\/papuosalas\/lsniacy-pierscionek-unikalny-pierscionek-z-bialego-zlota-z-diamentami-058-ct\/","name":"L\u015bni\u0105cy pier\u015bcionek - unikalny pier\u015bcionek z bia\u0142ego z\u0142ota z diamentami 0,58 ct","isPartOf":{"@id":"https:\/\/fashiongold.lt\/pl\/#website"},"primaryImageOfPage":{"@id":"https:\/\/fashiongold.lt\/pl\/papuosalas\/lsniacy-pierscionek-unikalny-pierscionek-z-bialego-zlota-z-diamentami-058-ct\/#primaryimage"},"image":{"@id":"https:\/\/fashiongold.lt\/pl\/papuosalas\/lsniacy-pierscionek-unikalny-pierscionek-z-bialego-zlota-z-diamentami-058-ct\/#primaryimage"},"thumbnailUrl":"https:\/\/fashiongold.lt\/wp-content\/uploads\/2025\/10\/3913-0d8-unikalus-balto-aukso-ziedas-su-deimantais.png","datePublished":"2025-10-09T20:33:38+00:00","description":"Wyprodukowany na Litwie wysokiej jako\u015bci pier\u015bcionek z diamentami 0,58 ct. Zaskocz wyj\u0105tkowym prezentem. Darmowa wysy\u0142ka na terenie ca\u0142ej Litwy.","breadcrumb":{"@id":"https:\/\/fashiongold.lt\/pl\/papuosalas\/lsniacy-pierscionek-unikalny-pierscionek-z-bialego-zlota-z-diamentami-058-ct\/#breadcrumb"},"inLanguage":"pl-PL","potentialAction":[{"@type":"ReadAction","target":["https:\/\/fashiongold.lt\/pl\/papuosalas\/lsniacy-pierscionek-unikalny-pierscionek-z-bialego-zlota-z-diamentami-058-ct\/"]}]},{"@type":"ImageObject","inLanguage":"pl-PL","@id":"https:\/\/fashiongold.lt\/pl\/papuosalas\/lsniacy-pierscionek-unikalny-pierscionek-z-bialego-zlota-z-diamentami-058-ct\/#primaryimage","url":"https:\/\/fashiongold.lt\/wp-content\/uploads\/2025\/10\/3913-0d8-unikalus-balto-aukso-ziedas-su-deimantais.png","contentUrl":"https:\/\/fashiongold.lt\/wp-content\/uploads\/2025\/10\/3913-0d8-unikalus-balto-aukso-ziedas-su-deimantais.png","width":1000,"height":1000},{"@type":"BreadcrumbList","@id":"https:\/\/fashiongold.lt\/pl\/papuosalas\/lsniacy-pierscionek-unikalny-pierscionek-z-bialego-zlota-z-diamentami-058-ct\/#breadcrumb","itemListElement":[{"@type":"ListItem","position":1,"name":"Home","item":"https:\/\/fashiongold.lt\/pl\/"},{"@type":"ListItem","position":2,"name":"Sklep z diamentami Fashiongold.lt","item":"https:\/\/fashiongold.lt\/shop-2\/"},{"@type":"ListItem","position":3,"name":"L\u015bni\u0105cy pier\u015bcionek \u2013 unikalny pier\u015bcionek z bia\u0142ego z\u0142ota z diamentami (0,58 ct)"}]},{"@type":"WebSite","@id":"https:\/\/fashiongold.lt\/pl\/#website","url":"https:\/\/fashiongold.lt\/pl\/","name":"Fashion Gold","description":"Juvelyrikos namai","publisher":{"@id":"https:\/\/fashiongold.lt\/pl\/#organization"},"potentialAction":[{"@type":"SearchAction","target":{"@type":"EntryPoint","urlTemplate":"https:\/\/fashiongold.lt\/pl\/?s={search_term_string}"},"query-input":{"@type":"PropertyValueSpecification","valueRequired":true,"valueName":"search_term_string"}}],"inLanguage":"pl-PL"},{"@type":"Organization","@id":"https:\/\/fashiongold.lt\/pl\/#organization","name":"Topdiamonds Online","url":"https:\/\/fashiongold.lt\/pl\/","logo":{"@type":"ImageObject","inLanguage":"pl-PL","@id":"https:\/\/fashiongold.lt\/pl\/#\/schema\/logo\/image\/","url":"https:\/\/fashiongold.lt\/wp-content\/uploads\/2025\/04\/cropped-fashion_gold_logotipas2-scaled-1.png","contentUrl":"https:\/\/fashiongold.lt\/wp-content\/uploads\/2025\/04\/cropped-fashion_gold_logotipas2-scaled-1.png","width":2559,"height":421,"caption":"Topdiamonds Online"},"image":{"@id":"https:\/\/fashiongold.lt\/pl\/#\/schema\/logo\/image\/"}}]}},"_links":{"self":[{"href":"https:\/\/fashiongold.lt\/pl\/wp-json\/wp\/v2\/product\/289695","targetHints":{"allow":["GET"]}}],"collection":[{"href":"https:\/\/fashiongold.lt\/pl\/wp-json\/wp\/v2\/product"}],"about":[{"href":"https:\/\/fashiongold.lt\/pl\/wp-json\/wp\/v2\/types\/product"}],"version-history":[{"count":0,"href":"https:\/\/fashiongold.lt\/pl\/wp-json\/wp\/v2\/product\/289695\/revisions"}],"wp:featuredmedia":[{"embeddable":true,"href":"https:\/\/fashiongold.lt\/pl\/wp-json\/wp\/v2\/media\/69050"}],"wp:attachment":[{"href":"https:\/\/fashiongold.lt\/pl\/wp-json\/wp\/v2\/media?parent=289695"}],"wp:term":[{"taxonomy":"product_brand","embeddable":true,"href":"https:\/\/fashiongold.lt\/pl\/wp-json\/wp\/v2\/product_brand?post=289695"},{"taxonomy":"product_cat","embeddable":true,"href":"https:\/\/fashiongold.lt\/pl\/wp-json\/wp\/v2\/product_cat?post=289695"},{"taxonomy":"product_tag","embeddable":true,"href":"https:\/\/fashiongold.lt\/pl\/wp-json\/wp\/v2\/product_tag?post=289695"}],"curies":[{"name":"wp","href":"https:\/\/api.w.org\/{rel}","templated":true}]}}