{"id":289900,"date":"2025-10-09T20:30:23","date_gmt":"2025-10-09T20:30:23","guid":{"rendered":"https:\/\/fashiongold.lt\/papuosalas\/zlota-gwiazda-kolczyki-typu-halo-z-zoltego-zlota-z-czarnym-diamentem-i-drobnymi-diamentami-120-ct\/"},"modified":"2025-10-09T20:30:23","modified_gmt":"2025-10-09T20:30:23","slug":"zlota-gwiazda-kolczyki-typu-halo-z-zoltego-zlota-z-czarnym-diamentem-i-drobnymi-diamentami-120-ct","status":"publish","type":"product","link":"https:\/\/fashiongold.lt\/pl\/papuosalas\/zlota-gwiazda-kolczyki-typu-halo-z-zoltego-zlota-z-czarnym-diamentem-i-drobnymi-diamentami-120-ct\/","title":{"rendered":"Z\u0142ota Gwiazda \u2013 kolczyki typu Halo z \u017c\u00f3\u0142tego z\u0142ota z czarnym diamentem i drobnymi diamentami (1,20 ct)"},"content":{"rendered":"<p>Kolczyki z \u017c\u00f3\u0142tego z\u0142ota o wzorze halo, z czarnym diamentem w centrum osadzonym w czteroramiennej koronie, otoczone l\u015bni\u0105cymi bia\u0142ymi diamentami. Wyj\u0105tkowy prezent na szczeg\u00f3lne okazje.<\/p>\n<p>Typ diamentu: Naturalny brylant (diament)<\/p>\n<p>Kszta\u0142t diamentu: Okr\u0105g\u0142y<\/p>\n<p>Ca\u0142kowita masa diament\u00f3w: czarne 1,00 ct (2 szt. x 0,50 ct), bia\u0142e 0,24 ct (28 szt. x 0,009 ct)<\/p>\n<p>Barwa diamentu: H-I<\/p>\n<p>Czysto\u015b\u0107 diamentu: SI1-SI2<\/p>\n<p>Certyfikat: Litewski Urz\u0105d Probierczy (LPR)<\/p>\n<p>Pr\u00f3ba z\u0142ota: 14K (pr\u00f3ba 585)<\/p>\n<p>Kolor z\u0142ota (wybierz): bia\u0142e<\/p>\n<p>Waga z\u0142ota: oko\u0142o 1,70-2,00 g<\/p>\n<p>Rozmiar kolczyk\u00f3w: 8,00 mm<\/p>\n","protected":false},"excerpt":{"rendered":"<p>Kolczyki z \u017c\u00f3\u0142tego z\u0142ota z czarnym diamentem w \u015brodku i l\u015bni\u0105cymi bia\u0142ymi diamentami wok\u00f3\u0142. Wyj\u0105tkowy prezent na szczeg\u00f3lne okazje.<\/p>\n","protected":false},"featured_media":68078,"template":"","meta":{"site-sidebar-layout":"","site-content-layout":"","ast-site-content-layout":"","site-content-style":"","site-sidebar-style":"","ast-global-header-display":"","ast-banner-title-visibility":"","ast-main-header-display":"","ast-hfb-above-header-display":"","ast-hfb-below-header-display":"","ast-hfb-mobile-header-display":"","site-post-title":"","ast-breadcrumbs-content":"","ast-featured-img":"","footer-sml-layout":"","ast-disable-related-posts":"","theme-transparent-header-meta":"","adv-header-id-meta":"","stick-header-meta":"","header-above-stick-meta":"","header-main-stick-meta":"","header-below-stick-meta":"","astra-migrate-meta-layouts":"default","ast-page-background-enabled":"default","ast-page-background-meta":{"desktop":{"background-color":"var(--ast-global-color-4)","background-image":"","background-repeat":"repeat","background-position":"center center","background-size":"auto","background-attachment":"scroll","background-type":"","background-media":"","overlay-type":"","overlay-color":"","overlay-opacity":"","overlay-gradient":""},"tablet":{"background-color":"","background-image":"","background-repeat":"repeat","background-position":"center center","background-size":"auto","background-attachment":"scroll","background-type":"","background-media":"","overlay-type":"","overlay-color":"","overlay-opacity":"","overlay-gradient":""},"mobile":{"background-color":"","background-image":"","background-repeat":"repeat","background-position":"center center","background-size":"auto","background-attachment":"scroll","background-type":"","background-media":"","overlay-type":"","overlay-color":"","overlay-opacity":"","overlay-gradient":""}},"ast-content-background-meta":{"desktop":{"background-color":"var(--ast-global-color-5)","background-image":"","background-repeat":"repeat","background-position":"center center","background-size":"auto","background-attachment":"scroll","background-type":"","background-media":"","overlay-type":"","overlay-color":"","overlay-opacity":"","overlay-gradient":""},"tablet":{"background-color":"var(--ast-global-color-5)","background-image":"","background-repeat":"repeat","background-position":"center center","background-size":"auto","background-attachment":"scroll","background-type":"","background-media":"","overlay-type":"","overlay-color":"","overlay-opacity":"","overlay-gradient":""},"mobile":{"background-color":"var(--ast-global-color-5)","background-image":"","background-repeat":"repeat","background-position":"center center","background-size":"auto","background-attachment":"scroll","background-type":"","background-media":"","overlay-type":"","overlay-color":"","overlay-opacity":"","overlay-gradient":""}}},"product_brand":[],"product_cat":[3044,2861,2972,2853,3165,2875,2876,2860,2857,2854,2855,3169,2859,2852],"product_tag":[],"class_list":{"0":"post-289900","1":"product","2":"type-product","3":"status-publish","4":"has-post-thumbnail","6":"product_cat-bizuteria","7":"product_cat-bizuteria-z-zoltego-zlota","8":"product_cat-kolczyki-z-diamentami","9":"product_cat-prezenty-dla-kobiet","10":"product_cat-prezenty-na-chrzest","11":"product_cat-prezenty-na-dzien-matki","12":"product_cat-prezenty-na-walentynki","13":"product_cat-prezenty-na-wyjatkowe-okazje","14":"product_cat-prezenty-swiateczne","15":"product_cat-prezenty-z-okazji-narodzin-dziecka","16":"product_cat-prezenty-z-okazji-rocznicy-slubu","17":"product_cat-prezenty-z-okazji-slubu","18":"product_cat-prezenty-z-okazji-ukonczenia-szkoly","19":"product_cat-prezenty-z-okazji-urodzin","20":"desktop-align-center","21":"tablet-align-left","22":"mobile-align-left","23":"ast-product-gallery-layout-horizontal-slider","24":"ast-product-gallery-with-no-image","25":"ast-product-tabs-layout-accordion","26":"ast-qv-on-image","28":"first","29":"instock","30":"taxable","31":"shipping-taxable","32":"purchasable","33":"product-type-simple"},"yoast_head":"<!-- This site is optimized with the Yoast SEO plugin v26.6 - https:\/\/yoast.com\/wordpress\/plugins\/seo\/ -->\n<title>Z\u0142ota Gwiazda \u2013 kolczyki typu Halo z \u017c\u00f3\u0142tego z\u0142ota z czarnym diamentem i drobnymi diamentami (1,20 ct) - FashionGold.lt<\/title>\n<meta name=\"robots\" content=\"index, follow, max-snippet:-1, max-image-preview:large, max-video-preview:-1\" \/>\n<link rel=\"canonical\" href=\"https:\/\/fashiongold.lt\/pl\/papuosalas\/zlota-gwiazda-kolczyki-typu-halo-z-zoltego-zlota-z-czarnym-diamentem-i-drobnymi-diamentami-120-ct\/\" \/>\n<meta property=\"og:locale\" content=\"pl_PL\" \/>\n<meta property=\"og:type\" content=\"article\" \/>\n<meta property=\"og:title\" content=\"Z\u0142ota Gwiazda \u2013 kolczyki typu Halo z \u017c\u00f3\u0142tego z\u0142ota z czarnym diamentem i drobnymi diamentami (1,20 ct) - FashionGold.lt\" \/>\n<meta property=\"og:description\" content=\"Kolczyki z \u017c\u00f3\u0142tego z\u0142ota z czarnym diamentem w \u015brodku i l\u015bni\u0105cymi bia\u0142ymi diamentami wok\u00f3\u0142. Wyj\u0105tkowy prezent na szczeg\u00f3lne okazje.\" \/>\n<meta property=\"og:url\" content=\"https:\/\/fashiongold.lt\/pl\/papuosalas\/zlota-gwiazda-kolczyki-typu-halo-z-zoltego-zlota-z-czarnym-diamentem-i-drobnymi-diamentami-120-ct\/\" \/>\n<meta property=\"og:site_name\" content=\"FashionGold.lt\" \/>\n<meta property=\"og:image\" content=\"https:\/\/fashiongold.lt\/wp-content\/uploads\/2025\/10\/3593-0a8-geltono-aukso-auskarai-su-juodu-deimantu-ir-smulkiais-deimantais.webp\" \/>\n\t<meta property=\"og:image:width\" content=\"1000\" \/>\n\t<meta property=\"og:image:height\" content=\"1000\" \/>\n\t<meta property=\"og:image:type\" content=\"image\/jpeg\" \/>\n<meta name=\"twitter:card\" content=\"summary_large_image\" \/>\n<script type=\"application\/ld+json\" class=\"yoast-schema-graph\">{\"@context\":\"https:\/\/schema.org\",\"@graph\":[{\"@type\":\"WebPage\",\"@id\":\"https:\/\/fashiongold.lt\/pl\/papuosalas\/zlota-gwiazda-kolczyki-typu-halo-z-zoltego-zlota-z-czarnym-diamentem-i-drobnymi-diamentami-120-ct\/\",\"url\":\"https:\/\/fashiongold.lt\/pl\/papuosalas\/zlota-gwiazda-kolczyki-typu-halo-z-zoltego-zlota-z-czarnym-diamentem-i-drobnymi-diamentami-120-ct\/\",\"name\":\"Z\u0142ota Gwiazda \u2013 kolczyki typu Halo z \u017c\u00f3\u0142tego z\u0142ota z czarnym diamentem i drobnymi diamentami (1,20 ct) - FashionGold.lt\",\"isPartOf\":{\"@id\":\"https:\/\/fashiongold.lt\/pl\/#website\"},\"primaryImageOfPage\":{\"@id\":\"https:\/\/fashiongold.lt\/pl\/papuosalas\/zlota-gwiazda-kolczyki-typu-halo-z-zoltego-zlota-z-czarnym-diamentem-i-drobnymi-diamentami-120-ct\/#primaryimage\"},\"image\":{\"@id\":\"https:\/\/fashiongold.lt\/pl\/papuosalas\/zlota-gwiazda-kolczyki-typu-halo-z-zoltego-zlota-z-czarnym-diamentem-i-drobnymi-diamentami-120-ct\/#primaryimage\"},\"thumbnailUrl\":\"https:\/\/fashiongold.lt\/wp-content\/uploads\/2025\/10\/3593-0a8-geltono-aukso-auskarai-su-juodu-deimantu-ir-smulkiais-deimantais.jpg\",\"datePublished\":\"2025-10-09T20:30:23+00:00\",\"breadcrumb\":{\"@id\":\"https:\/\/fashiongold.lt\/pl\/papuosalas\/zlota-gwiazda-kolczyki-typu-halo-z-zoltego-zlota-z-czarnym-diamentem-i-drobnymi-diamentami-120-ct\/#breadcrumb\"},\"inLanguage\":\"pl-PL\",\"potentialAction\":[{\"@type\":\"ReadAction\",\"target\":[\"https:\/\/fashiongold.lt\/pl\/papuosalas\/zlota-gwiazda-kolczyki-typu-halo-z-zoltego-zlota-z-czarnym-diamentem-i-drobnymi-diamentami-120-ct\/\"]}]},{\"@type\":\"ImageObject\",\"inLanguage\":\"pl-PL\",\"@id\":\"https:\/\/fashiongold.lt\/pl\/papuosalas\/zlota-gwiazda-kolczyki-typu-halo-z-zoltego-zlota-z-czarnym-diamentem-i-drobnymi-diamentami-120-ct\/#primaryimage\",\"url\":\"https:\/\/fashiongold.lt\/wp-content\/uploads\/2025\/10\/3593-0a8-geltono-aukso-auskarai-su-juodu-deimantu-ir-smulkiais-deimantais.jpg\",\"contentUrl\":\"https:\/\/fashiongold.lt\/wp-content\/uploads\/2025\/10\/3593-0a8-geltono-aukso-auskarai-su-juodu-deimantu-ir-smulkiais-deimantais.jpg\",\"width\":1000,\"height\":1000},{\"@type\":\"BreadcrumbList\",\"@id\":\"https:\/\/fashiongold.lt\/pl\/papuosalas\/zlota-gwiazda-kolczyki-typu-halo-z-zoltego-zlota-z-czarnym-diamentem-i-drobnymi-diamentami-120-ct\/#breadcrumb\",\"itemListElement\":[{\"@type\":\"ListItem\",\"position\":1,\"name\":\"Home\",\"item\":\"https:\/\/fashiongold.lt\/pl\/\"},{\"@type\":\"ListItem\",\"position\":2,\"name\":\"Sklep z diamentami Fashiongold.lt\",\"item\":\"https:\/\/fashiongold.lt\/shop-2\/\"},{\"@type\":\"ListItem\",\"position\":3,\"name\":\"Z\u0142ota Gwiazda \u2013 kolczyki typu Halo z \u017c\u00f3\u0142tego z\u0142ota z czarnym diamentem i drobnymi diamentami (1,20 ct)\"}]},{\"@type\":\"WebSite\",\"@id\":\"https:\/\/fashiongold.lt\/pl\/#website\",\"url\":\"https:\/\/fashiongold.lt\/pl\/\",\"name\":\"Fashion Gold\",\"description\":\"Juvelyrikos namai\",\"publisher\":{\"@id\":\"https:\/\/fashiongold.lt\/pl\/#organization\"},\"potentialAction\":[{\"@type\":\"SearchAction\",\"target\":{\"@type\":\"EntryPoint\",\"urlTemplate\":\"https:\/\/fashiongold.lt\/pl\/?s={search_term_string}\"},\"query-input\":{\"@type\":\"PropertyValueSpecification\",\"valueRequired\":true,\"valueName\":\"search_term_string\"}}],\"inLanguage\":\"pl-PL\"},{\"@type\":\"Organization\",\"@id\":\"https:\/\/fashiongold.lt\/pl\/#organization\",\"name\":\"Topdiamonds Online\",\"url\":\"https:\/\/fashiongold.lt\/pl\/\",\"logo\":{\"@type\":\"ImageObject\",\"inLanguage\":\"pl-PL\",\"@id\":\"https:\/\/fashiongold.lt\/pl\/#\/schema\/logo\/image\/\",\"url\":\"https:\/\/fashiongold.lt\/wp-content\/uploads\/2025\/04\/cropped-fashion_gold_logotipas2-scaled-1.png\",\"contentUrl\":\"https:\/\/fashiongold.lt\/wp-content\/uploads\/2025\/04\/cropped-fashion_gold_logotipas2-scaled-1.png\",\"width\":2559,\"height\":421,\"caption\":\"Topdiamonds Online\"},\"image\":{\"@id\":\"https:\/\/fashiongold.lt\/pl\/#\/schema\/logo\/image\/\"}}]}<\/script>\n<!-- \/ Yoast SEO plugin. -->","yoast_head_json":{"title":"Z\u0142ota Gwiazda \u2013 kolczyki typu Halo z \u017c\u00f3\u0142tego z\u0142ota z czarnym diamentem i drobnymi diamentami (1,20 ct) - FashionGold.lt","robots":{"index":"index","follow":"follow","max-snippet":"max-snippet:-1","max-image-preview":"max-image-preview:large","max-video-preview":"max-video-preview:-1"},"canonical":"https:\/\/fashiongold.lt\/pl\/papuosalas\/zlota-gwiazda-kolczyki-typu-halo-z-zoltego-zlota-z-czarnym-diamentem-i-drobnymi-diamentami-120-ct\/","og_locale":"pl_PL","og_type":"article","og_title":"Z\u0142ota Gwiazda \u2013 kolczyki typu Halo z \u017c\u00f3\u0142tego z\u0142ota z czarnym diamentem i drobnymi diamentami (1,20 ct) - FashionGold.lt","og_description":"Kolczyki z \u017c\u00f3\u0142tego z\u0142ota z czarnym diamentem w \u015brodku i l\u015bni\u0105cymi bia\u0142ymi diamentami wok\u00f3\u0142. Wyj\u0105tkowy prezent na szczeg\u00f3lne okazje.","og_url":"https:\/\/fashiongold.lt\/pl\/papuosalas\/zlota-gwiazda-kolczyki-typu-halo-z-zoltego-zlota-z-czarnym-diamentem-i-drobnymi-diamentami-120-ct\/","og_site_name":"FashionGold.lt","og_image":[{"width":1000,"height":1000,"url":"https:\/\/fashiongold.lt\/wp-content\/uploads\/2025\/10\/3593-0a8-geltono-aukso-auskarai-su-juodu-deimantu-ir-smulkiais-deimantais.webp","type":"image\/jpeg"}],"twitter_card":"summary_large_image","schema":{"@context":"https:\/\/schema.org","@graph":[{"@type":"WebPage","@id":"https:\/\/fashiongold.lt\/pl\/papuosalas\/zlota-gwiazda-kolczyki-typu-halo-z-zoltego-zlota-z-czarnym-diamentem-i-drobnymi-diamentami-120-ct\/","url":"https:\/\/fashiongold.lt\/pl\/papuosalas\/zlota-gwiazda-kolczyki-typu-halo-z-zoltego-zlota-z-czarnym-diamentem-i-drobnymi-diamentami-120-ct\/","name":"Z\u0142ota Gwiazda \u2013 kolczyki typu Halo z \u017c\u00f3\u0142tego z\u0142ota z czarnym diamentem i drobnymi diamentami (1,20 ct) - FashionGold.lt","isPartOf":{"@id":"https:\/\/fashiongold.lt\/pl\/#website"},"primaryImageOfPage":{"@id":"https:\/\/fashiongold.lt\/pl\/papuosalas\/zlota-gwiazda-kolczyki-typu-halo-z-zoltego-zlota-z-czarnym-diamentem-i-drobnymi-diamentami-120-ct\/#primaryimage"},"image":{"@id":"https:\/\/fashiongold.lt\/pl\/papuosalas\/zlota-gwiazda-kolczyki-typu-halo-z-zoltego-zlota-z-czarnym-diamentem-i-drobnymi-diamentami-120-ct\/#primaryimage"},"thumbnailUrl":"https:\/\/fashiongold.lt\/wp-content\/uploads\/2025\/10\/3593-0a8-geltono-aukso-auskarai-su-juodu-deimantu-ir-smulkiais-deimantais.jpg","datePublished":"2025-10-09T20:30:23+00:00","breadcrumb":{"@id":"https:\/\/fashiongold.lt\/pl\/papuosalas\/zlota-gwiazda-kolczyki-typu-halo-z-zoltego-zlota-z-czarnym-diamentem-i-drobnymi-diamentami-120-ct\/#breadcrumb"},"inLanguage":"pl-PL","potentialAction":[{"@type":"ReadAction","target":["https:\/\/fashiongold.lt\/pl\/papuosalas\/zlota-gwiazda-kolczyki-typu-halo-z-zoltego-zlota-z-czarnym-diamentem-i-drobnymi-diamentami-120-ct\/"]}]},{"@type":"ImageObject","inLanguage":"pl-PL","@id":"https:\/\/fashiongold.lt\/pl\/papuosalas\/zlota-gwiazda-kolczyki-typu-halo-z-zoltego-zlota-z-czarnym-diamentem-i-drobnymi-diamentami-120-ct\/#primaryimage","url":"https:\/\/fashiongold.lt\/wp-content\/uploads\/2025\/10\/3593-0a8-geltono-aukso-auskarai-su-juodu-deimantu-ir-smulkiais-deimantais.jpg","contentUrl":"https:\/\/fashiongold.lt\/wp-content\/uploads\/2025\/10\/3593-0a8-geltono-aukso-auskarai-su-juodu-deimantu-ir-smulkiais-deimantais.jpg","width":1000,"height":1000},{"@type":"BreadcrumbList","@id":"https:\/\/fashiongold.lt\/pl\/papuosalas\/zlota-gwiazda-kolczyki-typu-halo-z-zoltego-zlota-z-czarnym-diamentem-i-drobnymi-diamentami-120-ct\/#breadcrumb","itemListElement":[{"@type":"ListItem","position":1,"name":"Home","item":"https:\/\/fashiongold.lt\/pl\/"},{"@type":"ListItem","position":2,"name":"Sklep z diamentami Fashiongold.lt","item":"https:\/\/fashiongold.lt\/shop-2\/"},{"@type":"ListItem","position":3,"name":"Z\u0142ota Gwiazda \u2013 kolczyki typu Halo z \u017c\u00f3\u0142tego z\u0142ota z czarnym diamentem i drobnymi diamentami (1,20 ct)"}]},{"@type":"WebSite","@id":"https:\/\/fashiongold.lt\/pl\/#website","url":"https:\/\/fashiongold.lt\/pl\/","name":"Fashion Gold","description":"Juvelyrikos namai","publisher":{"@id":"https:\/\/fashiongold.lt\/pl\/#organization"},"potentialAction":[{"@type":"SearchAction","target":{"@type":"EntryPoint","urlTemplate":"https:\/\/fashiongold.lt\/pl\/?s={search_term_string}"},"query-input":{"@type":"PropertyValueSpecification","valueRequired":true,"valueName":"search_term_string"}}],"inLanguage":"pl-PL"},{"@type":"Organization","@id":"https:\/\/fashiongold.lt\/pl\/#organization","name":"Topdiamonds Online","url":"https:\/\/fashiongold.lt\/pl\/","logo":{"@type":"ImageObject","inLanguage":"pl-PL","@id":"https:\/\/fashiongold.lt\/pl\/#\/schema\/logo\/image\/","url":"https:\/\/fashiongold.lt\/wp-content\/uploads\/2025\/04\/cropped-fashion_gold_logotipas2-scaled-1.png","contentUrl":"https:\/\/fashiongold.lt\/wp-content\/uploads\/2025\/04\/cropped-fashion_gold_logotipas2-scaled-1.png","width":2559,"height":421,"caption":"Topdiamonds Online"},"image":{"@id":"https:\/\/fashiongold.lt\/pl\/#\/schema\/logo\/image\/"}}]}},"_links":{"self":[{"href":"https:\/\/fashiongold.lt\/pl\/wp-json\/wp\/v2\/product\/289900","targetHints":{"allow":["GET"]}}],"collection":[{"href":"https:\/\/fashiongold.lt\/pl\/wp-json\/wp\/v2\/product"}],"about":[{"href":"https:\/\/fashiongold.lt\/pl\/wp-json\/wp\/v2\/types\/product"}],"version-history":[{"count":0,"href":"https:\/\/fashiongold.lt\/pl\/wp-json\/wp\/v2\/product\/289900\/revisions"}],"wp:featuredmedia":[{"embeddable":true,"href":"https:\/\/fashiongold.lt\/pl\/wp-json\/wp\/v2\/media\/68078"}],"wp:attachment":[{"href":"https:\/\/fashiongold.lt\/pl\/wp-json\/wp\/v2\/media?parent=289900"}],"wp:term":[{"taxonomy":"product_brand","embeddable":true,"href":"https:\/\/fashiongold.lt\/pl\/wp-json\/wp\/v2\/product_brand?post=289900"},{"taxonomy":"product_cat","embeddable":true,"href":"https:\/\/fashiongold.lt\/pl\/wp-json\/wp\/v2\/product_cat?post=289900"},{"taxonomy":"product_tag","embeddable":true,"href":"https:\/\/fashiongold.lt\/pl\/wp-json\/wp\/v2\/product_tag?post=289900"}],"curies":[{"name":"wp","href":"https:\/\/api.w.org\/{rel}","templated":true}]}}