{"id":289950,"date":"2025-10-09T20:29:57","date_gmt":"2025-10-09T20:29:57","guid":{"rendered":"https:\/\/fashiongold.lt\/papuosalas\/050-ct-diament-barwa-f-czystosc-si1-oszalamiajacy-diament-o-bialym-uroku\/"},"modified":"2025-10-09T20:29:57","modified_gmt":"2025-10-09T20:29:57","slug":"050-ct-diament-barwa-f-czystosc-si1-oszalamiajacy-diament-o-bialym-uroku","status":"publish","type":"product","link":"https:\/\/fashiongold.lt\/pl\/papuosalas\/050-ct-diament-barwa-f-czystosc-si1-oszalamiajacy-diament-o-bialym-uroku\/","title":{"rendered":"0,50 ct diament Barwa F Czysto\u015b\u0107 SI1 Osza\u0142amiaj\u0105cy diament o bia\u0142ym uroku"},"content":{"rendered":"<p class=\"MsoNormal\" style=\"margin: 0cm; font-size: 12pt; font-family: 'Times New Roman', serif;\"><o:p><\/o:p><\/p>\n<p class=\"MsoNormal\" style=\"margin: 0cm; font-size: 12pt; font-family: 'Times New Roman', serif;\"><span style=\"font-size: 12pt; background: #f7f7f8;\">Ten osza\u0142amiaj\u0105cy diament o bia\u0142ym uroku odzwierciedla elegancj\u0119 i wyj\u0105tkowo\u015b\u0107, kt\u00f3ra przyci\u0105gnie Twoj\u0105 uwag\u0119. Jego luksusowy blask i nieskazitelny <\/span><span lang=\"LT\" style=\"font-size: 12pt; background: #f7f7f8;\">kolor<\/span><span style=\"font-size: 12pt; background: #f7f7f8;\"> urzekaj\u0105 wzrok i pozostawiaj\u0105 niezr\u00f3wnane wra\u017cenie. Diament o masie 0,50 ct, barwie F i czysto\u015bci SI1 jest niczym tajemnicza si\u0142a luksusu, kt\u00f3ra podkre\u015bla Twoj\u0105 wyj\u0105tkowo\u015b\u0107. Dzi\u0119ki temu osza\u0142amiaj\u0105cemu diamentowi o bia\u0142ym uroku mo\u017cesz <\/span><span lang=\"LT\" style=\"font-size: 12pt; background: #f7f7f8;\">zanurzy\u0107 si\u0119 <\/span><span style=\"font-size: 12pt; background: #f7f7f8;\">w tajemniczym \u015bwiecie z\u0142otych bry\u0142ek, kt\u00f3ry pozwala wyr\u00f3\u017cni\u0107 si\u0119 z t\u0142umu. Pozw\u00f3l temu diamentowi opowiedzie\u0107 swoj\u0105 unikaln\u0105 histori\u0119 i doda\u0107 luksusu Twojemu \u017cyciu.<\/span><\/p>\n<p class=\"MsoNormal\" style=\"margin: 0cm; font-size: 12pt; font-family: 'Times New Roman', serif;\"><span style=\"background-color: #fbfbfb; color: #333333; font-family: Nunito; font-size: 18px; text-transform: uppercase;\"><\/span><\/p>\n<p class=\"MsoNormal\" style=\"margin: 0cm; font-size: 12pt; font-family: 'Times New Roman', serif;\"><span style=\"background-color: #fbfbfb; color: #333333; font-family: Nunito; font-size: 18px; text-transform: uppercase;\">INFORMACJE O DIAMENCIE:<\/span><\/p>\n<ul style=\"box-sizing: border-box; margin: 0px 0px 10px; list-style-position: inside; list-style-image: initial; padding: 0px; color: #333333; font-size: 15px;\">\n<li style=\"font-family: Nunito; background-color: #fbfbfb; box-sizing: border-box;\">Kamie\u0144: Naturalny Diament (Brylant)<\/li>\n<li style=\"font-family: Nunito; background-color: #fbfbfb; box-sizing: border-box;\">Kszta\u0142t diamentu: Okr\u0105g\u0142y (57 faset)<\/li>\n<li style=\"font-family: Nunito; background-color: #fbfbfb; box-sizing: border-box;\">Waga diamentu: 0,50 ct\u00a0<\/li>\n<li style=\"font-family: Nunito; background-color: #fbfbfb; box-sizing: border-box;\">Rozmiar diamentu: 4.91-4.99&#215;3.17<\/li>\n<li style=\"font-family: Nunito; background-color: #fbfbfb; box-sizing: border-box;\"><span style=\"font-family: Nunito;\"><span style=\"background-color: #fbfbfb;\">Kolor diamentu: F ( RW+ Rare white)<\/span><\/span><span style=\"font-family: Arial, Helvetica, Comic Sans MS, Trebuchet MS, Georgia, FreeSans, sans-serif;\"><span style=\"background-color: #ffffff;\"> (<\/span><\/span>wyj\u0105tkowo bia\u0142y)<\/li>\n<li style=\"font-family: Nunito; background-color: #fbfbfb; box-sizing: border-box;\">Czysto\u015b\u0107 diamentu: SI1 (Inkluzje dobrze widoczne pod 10-krotnym powi\u0119kszeniem lupy. Go\u0142ym okiem inkluzje s\u0105 bardzo trudne do zauwa\u017cenia)<\/li>\n<li style=\"font-family: Nunito; background-color: #fbfbfb; box-sizing: border-box;\">Certyfikat (laboratorium): GIA<\/li>\n<li style=\"font-family: Nunito; background-color: #fbfbfb; box-sizing: border-box;\">Szlif\/Symetria\/Polerowanie diamentu: VG-G-VG<\/li>\n<li style=\"font-family: Nunito; background-color: #fbfbfb; box-sizing: border-box;\">Fluorescencja diamentu: FNT<\/li>\n<li style=\"font-family: Nunito; background-color: #fbfbfb; box-sizing: border-box;\">Darmowe opakowanie.<\/li>\n<\/ul>\n","protected":false},"excerpt":{"rendered":"<p class=\"MsoNormal\" style=\"margin: 0cm; font-size: 12pt; font-family: 'Times New Roman', serif;\"><span style=\"background: #f7f7f8;\">Wyj\u0105tkowy <\/span><span lang=\"LT\" style=\"background: #f7f7f8;\">b<\/span><span style=\"background: #f7f7f8;\">ia\u0142y <\/span><span lang=\"LT\" style=\"background: #f7f7f8;\">u<\/span><span style=\"background: #f7f7f8;\">rok: diament 0,50 ct, kolor F, <\/span><span lang=\"LT\" style=\"background: #f7f7f8;\">c<\/span><span style=\"background: #f7f7f8;\">zysto\u015b\u0107 <\/span><span lang=\"LT\" style=\"background: #f7f7f8;\">S<\/span><span style=\"background: #f7f7f8;\">I1 \u2013 <\/span><span lang=\"LT\" style=\"background: #f7f7f8;\">d<\/span><span style=\"background: #f7f7f8;\">o\u0142\u0105cz do <\/span><span lang=\"LT\" style=\"background: #f7f7f8;\">o<\/span><span style=\"background: #f7f7f8;\">sza\u0142amiaj\u0105cego <\/span><span lang=\"LT\" style=\"background: #f7f7f8;\">l<\/span><span style=\"background: #f7f7f8;\">uksusu <\/span><span lang=\"LT\" style=\"background: #f7f7f8;\">i<\/span><span style=\"background: #f7f7f8;\"> <\/span><span lang=\"LT\" style=\"background: #f7f7f8;\">e<\/span><span style=\"background: #f7f7f8;\">legancji<\/span><o:p><\/o:p><\/p>\n","protected":false},"featured_media":67828,"template":"","meta":{"site-sidebar-layout":"","site-content-layout":"","ast-site-content-layout":"","site-content-style":"","site-sidebar-style":"","ast-global-header-display":"","ast-banner-title-visibility":"","ast-main-header-display":"","ast-hfb-above-header-display":"","ast-hfb-below-header-display":"","ast-hfb-mobile-header-display":"","site-post-title":"","ast-breadcrumbs-content":"","ast-featured-img":"","footer-sml-layout":"","ast-disable-related-posts":"","theme-transparent-header-meta":"","adv-header-id-meta":"","stick-header-meta":"","header-above-stick-meta":"","header-main-stick-meta":"","header-below-stick-meta":"","astra-migrate-meta-layouts":"default","ast-page-background-enabled":"default","ast-page-background-meta":{"desktop":{"background-color":"var(--ast-global-color-4)","background-image":"","background-repeat":"repeat","background-position":"center center","background-size":"auto","background-attachment":"scroll","background-type":"","background-media":"","overlay-type":"","overlay-color":"","overlay-opacity":"","overlay-gradient":""},"tablet":{"background-color":"","background-image":"","background-repeat":"repeat","background-position":"center center","background-size":"auto","background-attachment":"scroll","background-type":"","background-media":"","overlay-type":"","overlay-color":"","overlay-opacity":"","overlay-gradient":""},"mobile":{"background-color":"","background-image":"","background-repeat":"repeat","background-position":"center center","background-size":"auto","background-attachment":"scroll","background-type":"","background-media":"","overlay-type":"","overlay-color":"","overlay-opacity":"","overlay-gradient":""}},"ast-content-background-meta":{"desktop":{"background-color":"var(--ast-global-color-5)","background-image":"","background-repeat":"repeat","background-position":"center center","background-size":"auto","background-attachment":"scroll","background-type":"","background-media":"","overlay-type":"","overlay-color":"","overlay-opacity":"","overlay-gradient":""},"tablet":{"background-color":"var(--ast-global-color-5)","background-image":"","background-repeat":"repeat","background-position":"center center","background-size":"auto","background-attachment":"scroll","background-type":"","background-media":"","overlay-type":"","overlay-color":"","overlay-opacity":"","overlay-gradient":""},"mobile":{"background-color":"var(--ast-global-color-5)","background-image":"","background-repeat":"repeat","background-position":"center center","background-size":"auto","background-attachment":"scroll","background-type":"","background-media":"","overlay-type":"","overlay-color":"","overlay-opacity":"","overlay-gradient":""}}},"product_brand":[],"product_cat":[2853,2856,3165,2875,2876,2860,2857,2854,2855,3169,2859,2852],"product_tag":[],"class_list":{"0":"post-289950","1":"product","2":"type-product","3":"status-publish","4":"has-post-thumbnail","6":"product_cat-prezenty-dla-kobiet","7":"product_cat-prezenty-dla-mezczyzn","8":"product_cat-prezenty-na-chrzest","9":"product_cat-prezenty-na-dzien-matki","10":"product_cat-prezenty-na-walentynki","11":"product_cat-prezenty-na-wyjatkowe-okazje","12":"product_cat-prezenty-swiateczne","13":"product_cat-prezenty-z-okazji-narodzin-dziecka","14":"product_cat-prezenty-z-okazji-rocznicy-slubu","15":"product_cat-prezenty-z-okazji-slubu","16":"product_cat-prezenty-z-okazji-ukonczenia-szkoly","17":"product_cat-prezenty-z-okazji-urodzin","18":"desktop-align-center","19":"tablet-align-left","20":"mobile-align-left","21":"ast-product-gallery-layout-horizontal-slider","22":"ast-product-gallery-with-no-image","23":"ast-product-tabs-layout-accordion","24":"ast-qv-on-image","26":"first","27":"instock","28":"taxable","29":"shipping-taxable","30":"purchasable","31":"product-type-simple"},"yoast_head":"<!-- This site is optimized with the Yoast SEO plugin v26.6 - https:\/\/yoast.com\/wordpress\/plugins\/seo\/ -->\n<title>0,50 ct diament Barwa F Czysto\u015b\u0107 SI1 Osza\u0142amiaj\u0105cy diament o bia\u0142ym uroku - FashionGold.lt<\/title>\n<meta name=\"robots\" content=\"index, follow, max-snippet:-1, max-image-preview:large, max-video-preview:-1\" \/>\n<link rel=\"canonical\" href=\"https:\/\/fashiongold.lt\/pl\/papuosalas\/050-ct-diament-barwa-f-czystosc-si1-oszalamiajacy-diament-o-bialym-uroku\/\" \/>\n<meta property=\"og:locale\" content=\"pl_PL\" \/>\n<meta property=\"og:type\" content=\"article\" \/>\n<meta property=\"og:title\" content=\"0,50 ct diament Barwa F Czysto\u015b\u0107 SI1 Osza\u0142amiaj\u0105cy diament o bia\u0142ym uroku - FashionGold.lt\" \/>\n<meta property=\"og:description\" content=\"Wyj\u0105tkowy bia\u0142y urok: diament 0,50 ct, kolor F, czysto\u015b\u0107 SI1 \u2013 do\u0142\u0105cz do osza\u0142amiaj\u0105cego luksusu i elegancji\" \/>\n<meta property=\"og:url\" content=\"https:\/\/fashiongold.lt\/pl\/papuosalas\/050-ct-diament-barwa-f-czystosc-si1-oszalamiajacy-diament-o-bialym-uroku\/\" \/>\n<meta property=\"og:site_name\" content=\"FashionGold.lt\" \/>\n<meta property=\"og:image\" content=\"https:\/\/fashiongold.lt\/wp-content\/uploads\/2025\/10\/3490-9d6-050-ct-deimantas-Spalvos-F-Svarumu-SI1.webp\" \/>\n\t<meta property=\"og:image:width\" content=\"513\" \/>\n\t<meta property=\"og:image:height\" content=\"461\" \/>\n\t<meta property=\"og:image:type\" content=\"image\/png\" \/>\n<meta name=\"twitter:card\" content=\"summary_large_image\" \/>\n<meta name=\"twitter:label1\" content=\"Szacowany czas czytania\" \/>\n\t<meta name=\"twitter:data1\" content=\"1 minuta\" \/>\n<script type=\"application\/ld+json\" class=\"yoast-schema-graph\">{\"@context\":\"https:\/\/schema.org\",\"@graph\":[{\"@type\":\"WebPage\",\"@id\":\"https:\/\/fashiongold.lt\/pl\/papuosalas\/050-ct-diament-barwa-f-czystosc-si1-oszalamiajacy-diament-o-bialym-uroku\/\",\"url\":\"https:\/\/fashiongold.lt\/pl\/papuosalas\/050-ct-diament-barwa-f-czystosc-si1-oszalamiajacy-diament-o-bialym-uroku\/\",\"name\":\"0,50 ct diament Barwa F Czysto\u015b\u0107 SI1 Osza\u0142amiaj\u0105cy diament o bia\u0142ym uroku - FashionGold.lt\",\"isPartOf\":{\"@id\":\"https:\/\/fashiongold.lt\/pl\/#website\"},\"primaryImageOfPage\":{\"@id\":\"https:\/\/fashiongold.lt\/pl\/papuosalas\/050-ct-diament-barwa-f-czystosc-si1-oszalamiajacy-diament-o-bialym-uroku\/#primaryimage\"},\"image\":{\"@id\":\"https:\/\/fashiongold.lt\/pl\/papuosalas\/050-ct-diament-barwa-f-czystosc-si1-oszalamiajacy-diament-o-bialym-uroku\/#primaryimage\"},\"thumbnailUrl\":\"https:\/\/fashiongold.lt\/wp-content\/uploads\/2025\/10\/3490-9d6-050-ct-deimantas-Spalvos-F-Svarumu-SI1.png\",\"datePublished\":\"2025-10-09T20:29:57+00:00\",\"breadcrumb\":{\"@id\":\"https:\/\/fashiongold.lt\/pl\/papuosalas\/050-ct-diament-barwa-f-czystosc-si1-oszalamiajacy-diament-o-bialym-uroku\/#breadcrumb\"},\"inLanguage\":\"pl-PL\",\"potentialAction\":[{\"@type\":\"ReadAction\",\"target\":[\"https:\/\/fashiongold.lt\/pl\/papuosalas\/050-ct-diament-barwa-f-czystosc-si1-oszalamiajacy-diament-o-bialym-uroku\/\"]}]},{\"@type\":\"ImageObject\",\"inLanguage\":\"pl-PL\",\"@id\":\"https:\/\/fashiongold.lt\/pl\/papuosalas\/050-ct-diament-barwa-f-czystosc-si1-oszalamiajacy-diament-o-bialym-uroku\/#primaryimage\",\"url\":\"https:\/\/fashiongold.lt\/wp-content\/uploads\/2025\/10\/3490-9d6-050-ct-deimantas-Spalvos-F-Svarumu-SI1.png\",\"contentUrl\":\"https:\/\/fashiongold.lt\/wp-content\/uploads\/2025\/10\/3490-9d6-050-ct-deimantas-Spalvos-F-Svarumu-SI1.png\",\"width\":513,\"height\":461},{\"@type\":\"BreadcrumbList\",\"@id\":\"https:\/\/fashiongold.lt\/pl\/papuosalas\/050-ct-diament-barwa-f-czystosc-si1-oszalamiajacy-diament-o-bialym-uroku\/#breadcrumb\",\"itemListElement\":[{\"@type\":\"ListItem\",\"position\":1,\"name\":\"Home\",\"item\":\"https:\/\/fashiongold.lt\/pl\/\"},{\"@type\":\"ListItem\",\"position\":2,\"name\":\"Sklep z diamentami Fashiongold.lt\",\"item\":\"https:\/\/fashiongold.lt\/shop-2\/\"},{\"@type\":\"ListItem\",\"position\":3,\"name\":\"0,50 ct diament Barwa F Czysto\u015b\u0107 SI1 Osza\u0142amiaj\u0105cy diament o bia\u0142ym uroku\"}]},{\"@type\":\"WebSite\",\"@id\":\"https:\/\/fashiongold.lt\/pl\/#website\",\"url\":\"https:\/\/fashiongold.lt\/pl\/\",\"name\":\"Fashion Gold\",\"description\":\"Juvelyrikos namai\",\"publisher\":{\"@id\":\"https:\/\/fashiongold.lt\/pl\/#organization\"},\"potentialAction\":[{\"@type\":\"SearchAction\",\"target\":{\"@type\":\"EntryPoint\",\"urlTemplate\":\"https:\/\/fashiongold.lt\/pl\/?s={search_term_string}\"},\"query-input\":{\"@type\":\"PropertyValueSpecification\",\"valueRequired\":true,\"valueName\":\"search_term_string\"}}],\"inLanguage\":\"pl-PL\"},{\"@type\":\"Organization\",\"@id\":\"https:\/\/fashiongold.lt\/pl\/#organization\",\"name\":\"Topdiamonds Online\",\"url\":\"https:\/\/fashiongold.lt\/pl\/\",\"logo\":{\"@type\":\"ImageObject\",\"inLanguage\":\"pl-PL\",\"@id\":\"https:\/\/fashiongold.lt\/pl\/#\/schema\/logo\/image\/\",\"url\":\"https:\/\/fashiongold.lt\/wp-content\/uploads\/2025\/04\/cropped-fashion_gold_logotipas2-scaled-1.png\",\"contentUrl\":\"https:\/\/fashiongold.lt\/wp-content\/uploads\/2025\/04\/cropped-fashion_gold_logotipas2-scaled-1.png\",\"width\":2559,\"height\":421,\"caption\":\"Topdiamonds Online\"},\"image\":{\"@id\":\"https:\/\/fashiongold.lt\/pl\/#\/schema\/logo\/image\/\"}}]}<\/script>\n<!-- \/ Yoast SEO plugin. -->","yoast_head_json":{"title":"0,50 ct diament Barwa F Czysto\u015b\u0107 SI1 Osza\u0142amiaj\u0105cy diament o bia\u0142ym uroku - FashionGold.lt","robots":{"index":"index","follow":"follow","max-snippet":"max-snippet:-1","max-image-preview":"max-image-preview:large","max-video-preview":"max-video-preview:-1"},"canonical":"https:\/\/fashiongold.lt\/pl\/papuosalas\/050-ct-diament-barwa-f-czystosc-si1-oszalamiajacy-diament-o-bialym-uroku\/","og_locale":"pl_PL","og_type":"article","og_title":"0,50 ct diament Barwa F Czysto\u015b\u0107 SI1 Osza\u0142amiaj\u0105cy diament o bia\u0142ym uroku - FashionGold.lt","og_description":"Wyj\u0105tkowy bia\u0142y urok: diament 0,50 ct, kolor F, czysto\u015b\u0107 SI1 \u2013 do\u0142\u0105cz do osza\u0142amiaj\u0105cego luksusu i elegancji","og_url":"https:\/\/fashiongold.lt\/pl\/papuosalas\/050-ct-diament-barwa-f-czystosc-si1-oszalamiajacy-diament-o-bialym-uroku\/","og_site_name":"FashionGold.lt","og_image":[{"width":513,"height":461,"url":"https:\/\/fashiongold.lt\/wp-content\/uploads\/2025\/10\/3490-9d6-050-ct-deimantas-Spalvos-F-Svarumu-SI1.webp","type":"image\/png"}],"twitter_card":"summary_large_image","twitter_misc":{"Szacowany czas czytania":"1 minuta"},"schema":{"@context":"https:\/\/schema.org","@graph":[{"@type":"WebPage","@id":"https:\/\/fashiongold.lt\/pl\/papuosalas\/050-ct-diament-barwa-f-czystosc-si1-oszalamiajacy-diament-o-bialym-uroku\/","url":"https:\/\/fashiongold.lt\/pl\/papuosalas\/050-ct-diament-barwa-f-czystosc-si1-oszalamiajacy-diament-o-bialym-uroku\/","name":"0,50 ct diament Barwa F Czysto\u015b\u0107 SI1 Osza\u0142amiaj\u0105cy diament o bia\u0142ym uroku - FashionGold.lt","isPartOf":{"@id":"https:\/\/fashiongold.lt\/pl\/#website"},"primaryImageOfPage":{"@id":"https:\/\/fashiongold.lt\/pl\/papuosalas\/050-ct-diament-barwa-f-czystosc-si1-oszalamiajacy-diament-o-bialym-uroku\/#primaryimage"},"image":{"@id":"https:\/\/fashiongold.lt\/pl\/papuosalas\/050-ct-diament-barwa-f-czystosc-si1-oszalamiajacy-diament-o-bialym-uroku\/#primaryimage"},"thumbnailUrl":"https:\/\/fashiongold.lt\/wp-content\/uploads\/2025\/10\/3490-9d6-050-ct-deimantas-Spalvos-F-Svarumu-SI1.png","datePublished":"2025-10-09T20:29:57+00:00","breadcrumb":{"@id":"https:\/\/fashiongold.lt\/pl\/papuosalas\/050-ct-diament-barwa-f-czystosc-si1-oszalamiajacy-diament-o-bialym-uroku\/#breadcrumb"},"inLanguage":"pl-PL","potentialAction":[{"@type":"ReadAction","target":["https:\/\/fashiongold.lt\/pl\/papuosalas\/050-ct-diament-barwa-f-czystosc-si1-oszalamiajacy-diament-o-bialym-uroku\/"]}]},{"@type":"ImageObject","inLanguage":"pl-PL","@id":"https:\/\/fashiongold.lt\/pl\/papuosalas\/050-ct-diament-barwa-f-czystosc-si1-oszalamiajacy-diament-o-bialym-uroku\/#primaryimage","url":"https:\/\/fashiongold.lt\/wp-content\/uploads\/2025\/10\/3490-9d6-050-ct-deimantas-Spalvos-F-Svarumu-SI1.png","contentUrl":"https:\/\/fashiongold.lt\/wp-content\/uploads\/2025\/10\/3490-9d6-050-ct-deimantas-Spalvos-F-Svarumu-SI1.png","width":513,"height":461},{"@type":"BreadcrumbList","@id":"https:\/\/fashiongold.lt\/pl\/papuosalas\/050-ct-diament-barwa-f-czystosc-si1-oszalamiajacy-diament-o-bialym-uroku\/#breadcrumb","itemListElement":[{"@type":"ListItem","position":1,"name":"Home","item":"https:\/\/fashiongold.lt\/pl\/"},{"@type":"ListItem","position":2,"name":"Sklep z diamentami Fashiongold.lt","item":"https:\/\/fashiongold.lt\/shop-2\/"},{"@type":"ListItem","position":3,"name":"0,50 ct diament Barwa F Czysto\u015b\u0107 SI1 Osza\u0142amiaj\u0105cy diament o bia\u0142ym uroku"}]},{"@type":"WebSite","@id":"https:\/\/fashiongold.lt\/pl\/#website","url":"https:\/\/fashiongold.lt\/pl\/","name":"Fashion Gold","description":"Juvelyrikos namai","publisher":{"@id":"https:\/\/fashiongold.lt\/pl\/#organization"},"potentialAction":[{"@type":"SearchAction","target":{"@type":"EntryPoint","urlTemplate":"https:\/\/fashiongold.lt\/pl\/?s={search_term_string}"},"query-input":{"@type":"PropertyValueSpecification","valueRequired":true,"valueName":"search_term_string"}}],"inLanguage":"pl-PL"},{"@type":"Organization","@id":"https:\/\/fashiongold.lt\/pl\/#organization","name":"Topdiamonds Online","url":"https:\/\/fashiongold.lt\/pl\/","logo":{"@type":"ImageObject","inLanguage":"pl-PL","@id":"https:\/\/fashiongold.lt\/pl\/#\/schema\/logo\/image\/","url":"https:\/\/fashiongold.lt\/wp-content\/uploads\/2025\/04\/cropped-fashion_gold_logotipas2-scaled-1.png","contentUrl":"https:\/\/fashiongold.lt\/wp-content\/uploads\/2025\/04\/cropped-fashion_gold_logotipas2-scaled-1.png","width":2559,"height":421,"caption":"Topdiamonds Online"},"image":{"@id":"https:\/\/fashiongold.lt\/pl\/#\/schema\/logo\/image\/"}}]}},"_links":{"self":[{"href":"https:\/\/fashiongold.lt\/pl\/wp-json\/wp\/v2\/product\/289950","targetHints":{"allow":["GET"]}}],"collection":[{"href":"https:\/\/fashiongold.lt\/pl\/wp-json\/wp\/v2\/product"}],"about":[{"href":"https:\/\/fashiongold.lt\/pl\/wp-json\/wp\/v2\/types\/product"}],"version-history":[{"count":0,"href":"https:\/\/fashiongold.lt\/pl\/wp-json\/wp\/v2\/product\/289950\/revisions"}],"wp:featuredmedia":[{"embeddable":true,"href":"https:\/\/fashiongold.lt\/pl\/wp-json\/wp\/v2\/media\/67828"}],"wp:attachment":[{"href":"https:\/\/fashiongold.lt\/pl\/wp-json\/wp\/v2\/media?parent=289950"}],"wp:term":[{"taxonomy":"product_brand","embeddable":true,"href":"https:\/\/fashiongold.lt\/pl\/wp-json\/wp\/v2\/product_brand?post=289950"},{"taxonomy":"product_cat","embeddable":true,"href":"https:\/\/fashiongold.lt\/pl\/wp-json\/wp\/v2\/product_cat?post=289950"},{"taxonomy":"product_tag","embeddable":true,"href":"https:\/\/fashiongold.lt\/pl\/wp-json\/wp\/v2\/product_tag?post=289950"}],"curies":[{"name":"wp","href":"https:\/\/api.w.org\/{rel}","templated":true}]}}