{"id":289960,"date":"2025-10-09T20:29:57","date_gmt":"2025-10-09T20:29:57","guid":{"rendered":"https:\/\/fashiongold.lt\/papuosalas\/053-ct-diament-o-barwie-k-i-czystosci-vvs2-piekno-ktore-warto-odkryc\/"},"modified":"2025-10-09T20:29:57","modified_gmt":"2025-10-09T20:29:57","slug":"053-ct-diament-o-barwie-k-i-czystosci-vvs2-piekno-ktore-warto-odkryc","status":"publish","type":"product","link":"https:\/\/fashiongold.lt\/pl\/papuosalas\/053-ct-diament-o-barwie-k-i-czystosci-vvs2-piekno-ktore-warto-odkryc\/","title":{"rendered":"0,53 ct diament o barwie K i czysto\u015bci VVS2. Pi\u0119kno, kt\u00f3re warto odkry\u0107."},"content":{"rendered":"<p class=\"MsoNormal\" style=\"margin: 0cm; font-size: 12pt; font-family: 'Times New Roman', serif;\"><o:p><\/o:p><\/p>\n<p class=\"MsoNormal\" style=\"margin: 0cm; font-size: 12pt; font-family: 'Times New Roman', serif;\"><span style=\"background: #f7f7f8;\">Do\u0142\u0105cz do magicznego \u015bwiata z diamentem o masie 0,53 ct barwy K \u2013 bia\u0142ej z delikatnym \u017c\u00f3\u0142tym odcieniem i czysto\u015bci VVS2. Ten kamie\u0144 ukazuje niepowtarzalne pi\u0119kno, kt\u00f3re trudno dostrzec nawet przez 10-krotnie powi\u0119kszaj\u0105c\u0105 lup\u0119. Jego subtelny blask i luksusowy kolor zachwycaj\u0105 oczy i odkrywaj\u0105 tajemniczy urok s\u0142o\u0144ca. Ten diament 0,53 ct jest symbolem luksusu i wyj\u0105tkowo\u015bci, kt\u00f3ry przyci\u0105ga uwag\u0119 swoj\u0105 unikalno\u015bci\u0105. Pozw\u00f3l temu magicznemu kamieniowi opowiedzie\u0107 swoj\u0105 histori\u0119 i podkre\u015bli\u0107 Twoj\u0105 wyj\u0105tkowo\u015b\u0107. Zanurzenie si\u0119 w tajemniczym \u015bwiecie bieli i \u017c\u00f3\u0142ci z tym diamentem 0,53 ct to Twoja szansa na do\u015bwiadczenie uroku, kt\u00f3ry trudno opisa\u0107 s\u0142owami.<\/span><o:p><\/o:p><\/p>\n<p><span style=\"background-color: #fbfbfb; color: #333333; font-family: Nunito; font-size: 18px; text-transform: uppercase;\">INFORMACJE O DIAMENCIE:<\/span><\/p>\n<ul style=\"box-sizing: border-box; margin: 0px 0px 10px; list-style-position: inside; list-style-image: initial; padding: 0px; color: #333333; font-size: 15px;\">\n<li style=\"font-family: Nunito; background-color: #fbfbfb; box-sizing: border-box;\">Kamie\u0144: Naturalny Diament (Brylant)<\/li>\n<li style=\"font-family: Nunito; background-color: #fbfbfb; box-sizing: border-box;\">Kszta\u0142t diamentu: Okr\u0105g\u0142y (57 faset)<\/li>\n<li style=\"font-family: Nunito; background-color: #fbfbfb; box-sizing: border-box;\">Masa diamentu: 0,50 ct\u00a0<\/li>\n<li style=\"font-family: Nunito; background-color: #fbfbfb; box-sizing: border-box;\">Rozmiar diamentu: 5.02-5.10&#215;3.06<\/li>\n<li style=\"font-family: Nunito; background-color: #fbfbfb; box-sizing: border-box;\"><span style=\"font-family: Nunito;\"><span style=\"background-color: #fbfbfb;\">Barwa diamentu: K (TW Tinted White)<\/span><\/span><span style=\"font-family: Arial, Helvetica, Comic Sans MS, Trebuchet MS, Georgia, FreeSans, sans-serif;\"><span style=\"background-color: #ffffff;\"> (<\/span><\/span>Kolor bia\u0142y z lekkim \u017c\u00f3\u0142tym odcieniem)<\/li>\n<li style=\"font-family: Nunito; background-color: #fbfbfb; box-sizing: border-box;\">Czysto\u015b\u0107 diamentu: VVS2 (Bardzo trudne do zauwa\u017cenia nawet pod 10-krotnym powi\u0119kszeniem)<\/li>\n<li style=\"font-family: Nunito; background-color: #fbfbfb; box-sizing: border-box;\">Certyfikat (laboratorium): GIA<\/li>\n<li style=\"font-family: Nunito; background-color: #fbfbfb; box-sizing: border-box;\">Szlif diamentu Szlif\/Symetria\/Polerowanie: EX-EX-EX\u00a0<\/li>\n<li style=\"font-family: Nunito; background-color: #fbfbfb; box-sizing: border-box;\">Fluorescencja diamentu: NON<\/li>\n<li style=\"font-family: Nunito; background-color: #fbfbfb; box-sizing: border-box;\">Bezp\u0142atne opakowanie.<\/li>\n<\/ul>\n","protected":false},"excerpt":{"rendered":"<p class=\"MsoNormal\" style=\"margin: 0cm; font-size: 12pt; font-family: 'Times New Roman', serif;\"><span style=\"background: #f7f7f8;\">Dostrze\u017c ukryte pi\u0119kno diamentu o masie 0,53 ct i barwie K \u2013 bia\u0142a barwa z lekkim \u017c\u00f3\u0142tym odcieniem i wyj\u0105tkowa czysto\u015b\u0107 VVS2<\/span><o:p><\/o:p><\/p>\n","protected":false},"featured_media":67778,"template":"","meta":{"site-sidebar-layout":"","site-content-layout":"","ast-site-content-layout":"","site-content-style":"","site-sidebar-style":"","ast-global-header-display":"","ast-banner-title-visibility":"","ast-main-header-display":"","ast-hfb-above-header-display":"","ast-hfb-below-header-display":"","ast-hfb-mobile-header-display":"","site-post-title":"","ast-breadcrumbs-content":"","ast-featured-img":"","footer-sml-layout":"","ast-disable-related-posts":"","theme-transparent-header-meta":"","adv-header-id-meta":"","stick-header-meta":"","header-above-stick-meta":"","header-main-stick-meta":"","header-below-stick-meta":"","astra-migrate-meta-layouts":"default","ast-page-background-enabled":"default","ast-page-background-meta":{"desktop":{"background-color":"var(--ast-global-color-4)","background-image":"","background-repeat":"repeat","background-position":"center center","background-size":"auto","background-attachment":"scroll","background-type":"","background-media":"","overlay-type":"","overlay-color":"","overlay-opacity":"","overlay-gradient":""},"tablet":{"background-color":"","background-image":"","background-repeat":"repeat","background-position":"center center","background-size":"auto","background-attachment":"scroll","background-type":"","background-media":"","overlay-type":"","overlay-color":"","overlay-opacity":"","overlay-gradient":""},"mobile":{"background-color":"","background-image":"","background-repeat":"repeat","background-position":"center center","background-size":"auto","background-attachment":"scroll","background-type":"","background-media":"","overlay-type":"","overlay-color":"","overlay-opacity":"","overlay-gradient":""}},"ast-content-background-meta":{"desktop":{"background-color":"var(--ast-global-color-5)","background-image":"","background-repeat":"repeat","background-position":"center center","background-size":"auto","background-attachment":"scroll","background-type":"","background-media":"","overlay-type":"","overlay-color":"","overlay-opacity":"","overlay-gradient":""},"tablet":{"background-color":"var(--ast-global-color-5)","background-image":"","background-repeat":"repeat","background-position":"center center","background-size":"auto","background-attachment":"scroll","background-type":"","background-media":"","overlay-type":"","overlay-color":"","overlay-opacity":"","overlay-gradient":""},"mobile":{"background-color":"var(--ast-global-color-5)","background-image":"","background-repeat":"repeat","background-position":"center center","background-size":"auto","background-attachment":"scroll","background-type":"","background-media":"","overlay-type":"","overlay-color":"","overlay-opacity":"","overlay-gradient":""}}},"product_brand":[],"product_cat":[2853,2856,3165,2875,2876,2860,2857,2854,2855,3169,2859,2852],"product_tag":[],"class_list":{"0":"post-289960","1":"product","2":"type-product","3":"status-publish","4":"has-post-thumbnail","6":"product_cat-prezenty-dla-kobiet","7":"product_cat-prezenty-dla-mezczyzn","8":"product_cat-prezenty-na-chrzest","9":"product_cat-prezenty-na-dzien-matki","10":"product_cat-prezenty-na-walentynki","11":"product_cat-prezenty-na-wyjatkowe-okazje","12":"product_cat-prezenty-swiateczne","13":"product_cat-prezenty-z-okazji-narodzin-dziecka","14":"product_cat-prezenty-z-okazji-rocznicy-slubu","15":"product_cat-prezenty-z-okazji-slubu","16":"product_cat-prezenty-z-okazji-ukonczenia-szkoly","17":"product_cat-prezenty-z-okazji-urodzin","18":"desktop-align-center","19":"tablet-align-left","20":"mobile-align-left","21":"ast-product-gallery-layout-horizontal-slider","22":"ast-product-gallery-with-no-image","23":"ast-product-tabs-layout-accordion","24":"ast-qv-on-image","26":"first","27":"instock","28":"taxable","29":"shipping-taxable","30":"purchasable","31":"product-type-simple"},"yoast_head":"<!-- This site is optimized with the Yoast SEO plugin v26.6 - https:\/\/yoast.com\/wordpress\/plugins\/seo\/ -->\n<title>0,53 ct diament o barwie K i czysto\u015bci VVS2. Pi\u0119kno, kt\u00f3re warto odkry\u0107. - FashionGold.lt<\/title>\n<meta name=\"robots\" content=\"index, follow, max-snippet:-1, max-image-preview:large, max-video-preview:-1\" \/>\n<link rel=\"canonical\" href=\"https:\/\/fashiongold.lt\/pl\/papuosalas\/053-ct-diament-o-barwie-k-i-czystosci-vvs2-piekno-ktore-warto-odkryc\/\" \/>\n<meta property=\"og:locale\" content=\"pl_PL\" \/>\n<meta property=\"og:type\" content=\"article\" \/>\n<meta property=\"og:title\" content=\"0,53 ct diament o barwie K i czysto\u015bci VVS2. Pi\u0119kno, kt\u00f3re warto odkry\u0107. - FashionGold.lt\" \/>\n<meta property=\"og:description\" content=\"Dostrze\u017c ukryte pi\u0119kno diamentu o masie 0,53 ct i barwie K \u2013 bia\u0142a barwa z lekkim \u017c\u00f3\u0142tym odcieniem i wyj\u0105tkowa czysto\u015b\u0107 VVS2\" \/>\n<meta property=\"og:url\" content=\"https:\/\/fashiongold.lt\/pl\/papuosalas\/053-ct-diament-o-barwie-k-i-czystosci-vvs2-piekno-ktore-warto-odkryc\/\" \/>\n<meta property=\"og:site_name\" content=\"FashionGold.lt\" \/>\n<meta property=\"og:image\" content=\"https:\/\/fashiongold.lt\/wp-content\/uploads\/2025\/10\/3474-b23-053-ct-deimantas-Spalvos-K-Svarumu-VVS2-Grozis-kuri-verta-istyrineti.webp\" \/>\n\t<meta property=\"og:image:width\" content=\"466\" \/>\n\t<meta property=\"og:image:height\" content=\"429\" \/>\n\t<meta property=\"og:image:type\" content=\"image\/png\" \/>\n<meta name=\"twitter:card\" content=\"summary_large_image\" \/>\n<meta name=\"twitter:label1\" content=\"Szacowany czas czytania\" \/>\n\t<meta name=\"twitter:data1\" content=\"1 minuta\" \/>\n<script type=\"application\/ld+json\" class=\"yoast-schema-graph\">{\"@context\":\"https:\/\/schema.org\",\"@graph\":[{\"@type\":\"WebPage\",\"@id\":\"https:\/\/fashiongold.lt\/pl\/papuosalas\/053-ct-diament-o-barwie-k-i-czystosci-vvs2-piekno-ktore-warto-odkryc\/\",\"url\":\"https:\/\/fashiongold.lt\/pl\/papuosalas\/053-ct-diament-o-barwie-k-i-czystosci-vvs2-piekno-ktore-warto-odkryc\/\",\"name\":\"0,53 ct diament o barwie K i czysto\u015bci VVS2. Pi\u0119kno, kt\u00f3re warto odkry\u0107. - FashionGold.lt\",\"isPartOf\":{\"@id\":\"https:\/\/fashiongold.lt\/pl\/#website\"},\"primaryImageOfPage\":{\"@id\":\"https:\/\/fashiongold.lt\/pl\/papuosalas\/053-ct-diament-o-barwie-k-i-czystosci-vvs2-piekno-ktore-warto-odkryc\/#primaryimage\"},\"image\":{\"@id\":\"https:\/\/fashiongold.lt\/pl\/papuosalas\/053-ct-diament-o-barwie-k-i-czystosci-vvs2-piekno-ktore-warto-odkryc\/#primaryimage\"},\"thumbnailUrl\":\"https:\/\/fashiongold.lt\/wp-content\/uploads\/2025\/10\/3474-b23-053-ct-deimantas-Spalvos-K-Svarumu-VVS2-Grozis-kuri-verta-istyrineti.png\",\"datePublished\":\"2025-10-09T20:29:57+00:00\",\"breadcrumb\":{\"@id\":\"https:\/\/fashiongold.lt\/pl\/papuosalas\/053-ct-diament-o-barwie-k-i-czystosci-vvs2-piekno-ktore-warto-odkryc\/#breadcrumb\"},\"inLanguage\":\"pl-PL\",\"potentialAction\":[{\"@type\":\"ReadAction\",\"target\":[\"https:\/\/fashiongold.lt\/pl\/papuosalas\/053-ct-diament-o-barwie-k-i-czystosci-vvs2-piekno-ktore-warto-odkryc\/\"]}]},{\"@type\":\"ImageObject\",\"inLanguage\":\"pl-PL\",\"@id\":\"https:\/\/fashiongold.lt\/pl\/papuosalas\/053-ct-diament-o-barwie-k-i-czystosci-vvs2-piekno-ktore-warto-odkryc\/#primaryimage\",\"url\":\"https:\/\/fashiongold.lt\/wp-content\/uploads\/2025\/10\/3474-b23-053-ct-deimantas-Spalvos-K-Svarumu-VVS2-Grozis-kuri-verta-istyrineti.png\",\"contentUrl\":\"https:\/\/fashiongold.lt\/wp-content\/uploads\/2025\/10\/3474-b23-053-ct-deimantas-Spalvos-K-Svarumu-VVS2-Grozis-kuri-verta-istyrineti.png\",\"width\":466,\"height\":429},{\"@type\":\"BreadcrumbList\",\"@id\":\"https:\/\/fashiongold.lt\/pl\/papuosalas\/053-ct-diament-o-barwie-k-i-czystosci-vvs2-piekno-ktore-warto-odkryc\/#breadcrumb\",\"itemListElement\":[{\"@type\":\"ListItem\",\"position\":1,\"name\":\"Home\",\"item\":\"https:\/\/fashiongold.lt\/pl\/\"},{\"@type\":\"ListItem\",\"position\":2,\"name\":\"Sklep z diamentami Fashiongold.lt\",\"item\":\"https:\/\/fashiongold.lt\/shop-2\/\"},{\"@type\":\"ListItem\",\"position\":3,\"name\":\"0,53 ct diament o barwie K i czysto\u015bci VVS2. Pi\u0119kno, kt\u00f3re warto odkry\u0107.\"}]},{\"@type\":\"WebSite\",\"@id\":\"https:\/\/fashiongold.lt\/pl\/#website\",\"url\":\"https:\/\/fashiongold.lt\/pl\/\",\"name\":\"Fashion Gold\",\"description\":\"Juvelyrikos namai\",\"publisher\":{\"@id\":\"https:\/\/fashiongold.lt\/pl\/#organization\"},\"potentialAction\":[{\"@type\":\"SearchAction\",\"target\":{\"@type\":\"EntryPoint\",\"urlTemplate\":\"https:\/\/fashiongold.lt\/pl\/?s={search_term_string}\"},\"query-input\":{\"@type\":\"PropertyValueSpecification\",\"valueRequired\":true,\"valueName\":\"search_term_string\"}}],\"inLanguage\":\"pl-PL\"},{\"@type\":\"Organization\",\"@id\":\"https:\/\/fashiongold.lt\/pl\/#organization\",\"name\":\"Topdiamonds Online\",\"url\":\"https:\/\/fashiongold.lt\/pl\/\",\"logo\":{\"@type\":\"ImageObject\",\"inLanguage\":\"pl-PL\",\"@id\":\"https:\/\/fashiongold.lt\/pl\/#\/schema\/logo\/image\/\",\"url\":\"https:\/\/fashiongold.lt\/wp-content\/uploads\/2025\/04\/cropped-fashion_gold_logotipas2-scaled-1.png\",\"contentUrl\":\"https:\/\/fashiongold.lt\/wp-content\/uploads\/2025\/04\/cropped-fashion_gold_logotipas2-scaled-1.png\",\"width\":2559,\"height\":421,\"caption\":\"Topdiamonds Online\"},\"image\":{\"@id\":\"https:\/\/fashiongold.lt\/pl\/#\/schema\/logo\/image\/\"}}]}<\/script>\n<!-- \/ Yoast SEO plugin. -->","yoast_head_json":{"title":"0,53 ct diament o barwie K i czysto\u015bci VVS2. Pi\u0119kno, kt\u00f3re warto odkry\u0107. - FashionGold.lt","robots":{"index":"index","follow":"follow","max-snippet":"max-snippet:-1","max-image-preview":"max-image-preview:large","max-video-preview":"max-video-preview:-1"},"canonical":"https:\/\/fashiongold.lt\/pl\/papuosalas\/053-ct-diament-o-barwie-k-i-czystosci-vvs2-piekno-ktore-warto-odkryc\/","og_locale":"pl_PL","og_type":"article","og_title":"0,53 ct diament o barwie K i czysto\u015bci VVS2. Pi\u0119kno, kt\u00f3re warto odkry\u0107. - FashionGold.lt","og_description":"Dostrze\u017c ukryte pi\u0119kno diamentu o masie 0,53 ct i barwie K \u2013 bia\u0142a barwa z lekkim \u017c\u00f3\u0142tym odcieniem i wyj\u0105tkowa czysto\u015b\u0107 VVS2","og_url":"https:\/\/fashiongold.lt\/pl\/papuosalas\/053-ct-diament-o-barwie-k-i-czystosci-vvs2-piekno-ktore-warto-odkryc\/","og_site_name":"FashionGold.lt","og_image":[{"width":466,"height":429,"url":"https:\/\/fashiongold.lt\/wp-content\/uploads\/2025\/10\/3474-b23-053-ct-deimantas-Spalvos-K-Svarumu-VVS2-Grozis-kuri-verta-istyrineti.webp","type":"image\/png"}],"twitter_card":"summary_large_image","twitter_misc":{"Szacowany czas czytania":"1 minuta"},"schema":{"@context":"https:\/\/schema.org","@graph":[{"@type":"WebPage","@id":"https:\/\/fashiongold.lt\/pl\/papuosalas\/053-ct-diament-o-barwie-k-i-czystosci-vvs2-piekno-ktore-warto-odkryc\/","url":"https:\/\/fashiongold.lt\/pl\/papuosalas\/053-ct-diament-o-barwie-k-i-czystosci-vvs2-piekno-ktore-warto-odkryc\/","name":"0,53 ct diament o barwie K i czysto\u015bci VVS2. Pi\u0119kno, kt\u00f3re warto odkry\u0107. - FashionGold.lt","isPartOf":{"@id":"https:\/\/fashiongold.lt\/pl\/#website"},"primaryImageOfPage":{"@id":"https:\/\/fashiongold.lt\/pl\/papuosalas\/053-ct-diament-o-barwie-k-i-czystosci-vvs2-piekno-ktore-warto-odkryc\/#primaryimage"},"image":{"@id":"https:\/\/fashiongold.lt\/pl\/papuosalas\/053-ct-diament-o-barwie-k-i-czystosci-vvs2-piekno-ktore-warto-odkryc\/#primaryimage"},"thumbnailUrl":"https:\/\/fashiongold.lt\/wp-content\/uploads\/2025\/10\/3474-b23-053-ct-deimantas-Spalvos-K-Svarumu-VVS2-Grozis-kuri-verta-istyrineti.png","datePublished":"2025-10-09T20:29:57+00:00","breadcrumb":{"@id":"https:\/\/fashiongold.lt\/pl\/papuosalas\/053-ct-diament-o-barwie-k-i-czystosci-vvs2-piekno-ktore-warto-odkryc\/#breadcrumb"},"inLanguage":"pl-PL","potentialAction":[{"@type":"ReadAction","target":["https:\/\/fashiongold.lt\/pl\/papuosalas\/053-ct-diament-o-barwie-k-i-czystosci-vvs2-piekno-ktore-warto-odkryc\/"]}]},{"@type":"ImageObject","inLanguage":"pl-PL","@id":"https:\/\/fashiongold.lt\/pl\/papuosalas\/053-ct-diament-o-barwie-k-i-czystosci-vvs2-piekno-ktore-warto-odkryc\/#primaryimage","url":"https:\/\/fashiongold.lt\/wp-content\/uploads\/2025\/10\/3474-b23-053-ct-deimantas-Spalvos-K-Svarumu-VVS2-Grozis-kuri-verta-istyrineti.png","contentUrl":"https:\/\/fashiongold.lt\/wp-content\/uploads\/2025\/10\/3474-b23-053-ct-deimantas-Spalvos-K-Svarumu-VVS2-Grozis-kuri-verta-istyrineti.png","width":466,"height":429},{"@type":"BreadcrumbList","@id":"https:\/\/fashiongold.lt\/pl\/papuosalas\/053-ct-diament-o-barwie-k-i-czystosci-vvs2-piekno-ktore-warto-odkryc\/#breadcrumb","itemListElement":[{"@type":"ListItem","position":1,"name":"Home","item":"https:\/\/fashiongold.lt\/pl\/"},{"@type":"ListItem","position":2,"name":"Sklep z diamentami Fashiongold.lt","item":"https:\/\/fashiongold.lt\/shop-2\/"},{"@type":"ListItem","position":3,"name":"0,53 ct diament o barwie K i czysto\u015bci VVS2. Pi\u0119kno, kt\u00f3re warto odkry\u0107."}]},{"@type":"WebSite","@id":"https:\/\/fashiongold.lt\/pl\/#website","url":"https:\/\/fashiongold.lt\/pl\/","name":"Fashion Gold","description":"Juvelyrikos namai","publisher":{"@id":"https:\/\/fashiongold.lt\/pl\/#organization"},"potentialAction":[{"@type":"SearchAction","target":{"@type":"EntryPoint","urlTemplate":"https:\/\/fashiongold.lt\/pl\/?s={search_term_string}"},"query-input":{"@type":"PropertyValueSpecification","valueRequired":true,"valueName":"search_term_string"}}],"inLanguage":"pl-PL"},{"@type":"Organization","@id":"https:\/\/fashiongold.lt\/pl\/#organization","name":"Topdiamonds Online","url":"https:\/\/fashiongold.lt\/pl\/","logo":{"@type":"ImageObject","inLanguage":"pl-PL","@id":"https:\/\/fashiongold.lt\/pl\/#\/schema\/logo\/image\/","url":"https:\/\/fashiongold.lt\/wp-content\/uploads\/2025\/04\/cropped-fashion_gold_logotipas2-scaled-1.png","contentUrl":"https:\/\/fashiongold.lt\/wp-content\/uploads\/2025\/04\/cropped-fashion_gold_logotipas2-scaled-1.png","width":2559,"height":421,"caption":"Topdiamonds Online"},"image":{"@id":"https:\/\/fashiongold.lt\/pl\/#\/schema\/logo\/image\/"}}]}},"_links":{"self":[{"href":"https:\/\/fashiongold.lt\/pl\/wp-json\/wp\/v2\/product\/289960","targetHints":{"allow":["GET"]}}],"collection":[{"href":"https:\/\/fashiongold.lt\/pl\/wp-json\/wp\/v2\/product"}],"about":[{"href":"https:\/\/fashiongold.lt\/pl\/wp-json\/wp\/v2\/types\/product"}],"version-history":[{"count":0,"href":"https:\/\/fashiongold.lt\/pl\/wp-json\/wp\/v2\/product\/289960\/revisions"}],"wp:featuredmedia":[{"embeddable":true,"href":"https:\/\/fashiongold.lt\/pl\/wp-json\/wp\/v2\/media\/67778"}],"wp:attachment":[{"href":"https:\/\/fashiongold.lt\/pl\/wp-json\/wp\/v2\/media?parent=289960"}],"wp:term":[{"taxonomy":"product_brand","embeddable":true,"href":"https:\/\/fashiongold.lt\/pl\/wp-json\/wp\/v2\/product_brand?post=289960"},{"taxonomy":"product_cat","embeddable":true,"href":"https:\/\/fashiongold.lt\/pl\/wp-json\/wp\/v2\/product_cat?post=289960"},{"taxonomy":"product_tag","embeddable":true,"href":"https:\/\/fashiongold.lt\/pl\/wp-json\/wp\/v2\/product_tag?post=289960"}],"curies":[{"name":"wp","href":"https:\/\/api.w.org\/{rel}","templated":true}]}}