{"id":289965,"date":"2025-10-09T20:29:56","date_gmt":"2025-10-09T20:29:56","guid":{"rendered":"https:\/\/fashiongold.lt\/papuosalas\/050-ct-diament-barwa-i-czystosc-si2-lsniace-arcydzielo\/"},"modified":"2025-10-09T20:29:56","modified_gmt":"2025-10-09T20:29:56","slug":"050-ct-diament-barwa-i-czystosc-si2-lsniace-arcydzielo","status":"publish","type":"product","link":"https:\/\/fashiongold.lt\/pl\/papuosalas\/050-ct-diament-barwa-i-czystosc-si2-lsniace-arcydzielo\/","title":{"rendered":"0,50 ct diament \u2013 barwa I czysto\u015b\u0107 SI2 L\u015bni\u0105ce arcydzie\u0142o"},"content":{"rendered":"<p><span style=\"background-color: #f7f7f8; font-family: 'Times New Roman', serif; font-size: 12pt;\">Po\u0142\u0105cz<\/span><span style=\"background-color: #f7f7f8; font-family: 'Times New Roman', serif; font-size: 12pt;\">\u00a0swoje \u017cycie z niepowtarzalnym urokiem dzi\u0119ki &#8222;Promiennemu Arcydzie\u0142u&#8221; &#8211; diamentowi o masie 0,50 CT, kt\u00f3ry l\u015bni wspania\u0142\u0105 barw\u0105 i czysto\u015bci\u0105 SI2. Ten kamie\u0144 to prawdziwy skarb jubilerski, wnosz\u0105cy luksus i elegancj\u0119 do Twojego \u015bwiata. &#8222;Promienne Arcydzie\u0142o&#8221; zachwyca swoim blaskiem, kt\u00f3ry obiecuje nada\u0107 ka\u017cdej Twojej chwili wyj\u0105tkowo\u015bci. Ten diament 0,50 CT o barwie I i czysto\u015bci SI2 zosta\u0142 po mistrzowsku oszlifowany, aby doda\u0107 blasku i uroku Twojej wyj\u0105tkowo\u015bci. Jego subtelny blask bez w\u0105tpienia stanie si\u0119 \u015bwiadkiem Twoich szczeg\u00f3lnych chwil. Pozw\u00f3l, aby &#8222;Promienne Arcydzie\u0142o&#8221; wyrazi\u0142o Tw\u00f3j styl i wyj\u0105tkowo\u015b\u0107, odzwierciedlaj\u0105c prawdziwy klejnot Twojej osobowo\u015bci.<\/span><\/p>\n<p><span style=\"background-color: #fbfbfb; color: #333333; font-family: Nunito; font-size: 18px; text-transform: uppercase;\">INFORMACJA O DIAMENCIE:<\/span><\/p>\n<ul style=\"box-sizing: border-box; margin: 0px 0px 10px; list-style-position: inside; list-style-image: initial; padding: 0px; color: #333333; font-size: 15px;\">\n<li style=\"font-family: Nunito; background-color: #fbfbfb; box-sizing: border-box;\">Kamie\u0144: Naturalny Diament (Brylant)<\/li>\n<li style=\"font-family: Nunito; background-color: #fbfbfb; box-sizing: border-box;\">Kszta\u0142t diamentu: Okr\u0105g\u0142y (57 faset)<\/li>\n<li style=\"font-family: Nunito; background-color: #fbfbfb; box-sizing: border-box;\">Masa diamentu: 0,50 ct\u00a0<\/li>\n<li style=\"font-family: Nunito; background-color: #fbfbfb; box-sizing: border-box;\">Wymiary diamentu: 5.02-5.10&#215;3.06<\/li>\n<li style=\"font-family: Nunito; background-color: #fbfbfb; box-sizing: border-box;\"><span style=\"font-family: Nunito;\"><span style=\"background-color: #fbfbfb;\">Barwa diamentu: I ( STW Slightly Tinted White)<\/span><\/span><span style=\"font-family: Arial, Helvetica, Comic Sans MS, Trebuchet MS, Georgia, FreeSans, sans-serif;\"><span style=\"background-color: #ffffff;\"> (<\/span><\/span>Bia\u0142a barwa z delikatnym \u017c\u00f3\u0142tym odcieniem)<\/li>\n<li style=\"font-family: Nunito; background-color: #fbfbfb; box-sizing: border-box;\">Czysto\u015b\u0107 diamentu: SI2 (<\/li>\n<li style=\"font-family: Nunito; background-color: #fbfbfb; box-sizing: border-box;\">Certyfikat (laboratorium): GIA<\/li>\n<li style=\"font-family: Nunito; background-color: #fbfbfb; box-sizing: border-box;\">Szlif diamentu Szlif\/Symetria\/Polerowanie : VG-G-EX\u00a0<\/li>\n<li style=\"font-family: Nunito; background-color: #fbfbfb; box-sizing: border-box;\">Fluorescencja diamentu: STG<\/li>\n<li style=\"font-family: Nunito; background-color: #fbfbfb; box-sizing: border-box;\">Bezp\u0142atne opakowanie.<\/li>\n<\/ul>\n","protected":false},"excerpt":{"rendered":"<p class=\"MsoNormal\" style=\"margin: 0cm; font-size: 12pt; font-family: Calibri, sans-serif;\"><span style=\"font-family: 'Times New Roman', serif; background: #f7f7f8;\">Wprowad\u017a promienne pi\u0119kno do swojego \u017cycia dzi\u0119ki \u201ePromiennemu Arcydzie\u0142u\u201d \u2013 diamentowi o masie 0,50 CT, barwie I i czysto\u015bci SI2. Ten kamie\u0144 zachwyca swoim blaskiem i niezwyk\u0142\u0105 elegancj\u0105, kt\u00f3rej nie spos\u00f3b nie zauwa\u017cy\u0107. \u201ePromienne Arcydzie\u0142o\u201d to prawdziwy symbol luksusu, odzwierciedlaj\u0105cy Twoj\u0105 wyj\u0105tkowo\u015b\u0107 i styl. Ten diament o masie 0,50 CT, barwie I i czysto\u015bci SI2 to doskona\u0142y wyb\u00f3r dla os\u00f3b poszukuj\u0105cych wyj\u0105tkowo\u015bci. Zacznij nosi\u0107 \u201ePromienne Arcydzie\u0142o\u201d i poczuj jego urok.<\/span><span style=\"font-family: 'Times New Roman', serif;\"><o:p><\/o:p><\/span><\/p>\n","protected":false},"featured_media":67753,"template":"","meta":{"site-sidebar-layout":"","site-content-layout":"","ast-site-content-layout":"","site-content-style":"","site-sidebar-style":"","ast-global-header-display":"","ast-banner-title-visibility":"","ast-main-header-display":"","ast-hfb-above-header-display":"","ast-hfb-below-header-display":"","ast-hfb-mobile-header-display":"","site-post-title":"","ast-breadcrumbs-content":"","ast-featured-img":"","footer-sml-layout":"","ast-disable-related-posts":"","theme-transparent-header-meta":"","adv-header-id-meta":"","stick-header-meta":"","header-above-stick-meta":"","header-main-stick-meta":"","header-below-stick-meta":"","astra-migrate-meta-layouts":"default","ast-page-background-enabled":"default","ast-page-background-meta":{"desktop":{"background-color":"var(--ast-global-color-4)","background-image":"","background-repeat":"repeat","background-position":"center center","background-size":"auto","background-attachment":"scroll","background-type":"","background-media":"","overlay-type":"","overlay-color":"","overlay-opacity":"","overlay-gradient":""},"tablet":{"background-color":"","background-image":"","background-repeat":"repeat","background-position":"center center","background-size":"auto","background-attachment":"scroll","background-type":"","background-media":"","overlay-type":"","overlay-color":"","overlay-opacity":"","overlay-gradient":""},"mobile":{"background-color":"","background-image":"","background-repeat":"repeat","background-position":"center center","background-size":"auto","background-attachment":"scroll","background-type":"","background-media":"","overlay-type":"","overlay-color":"","overlay-opacity":"","overlay-gradient":""}},"ast-content-background-meta":{"desktop":{"background-color":"var(--ast-global-color-5)","background-image":"","background-repeat":"repeat","background-position":"center center","background-size":"auto","background-attachment":"scroll","background-type":"","background-media":"","overlay-type":"","overlay-color":"","overlay-opacity":"","overlay-gradient":""},"tablet":{"background-color":"var(--ast-global-color-5)","background-image":"","background-repeat":"repeat","background-position":"center center","background-size":"auto","background-attachment":"scroll","background-type":"","background-media":"","overlay-type":"","overlay-color":"","overlay-opacity":"","overlay-gradient":""},"mobile":{"background-color":"var(--ast-global-color-5)","background-image":"","background-repeat":"repeat","background-position":"center center","background-size":"auto","background-attachment":"scroll","background-type":"","background-media":"","overlay-type":"","overlay-color":"","overlay-opacity":"","overlay-gradient":""}}},"product_brand":[],"product_cat":[2853,2856,3165,2875,2876,2860,2857,2854,2855,3169,2859,2852],"product_tag":[],"class_list":{"0":"post-289965","1":"product","2":"type-product","3":"status-publish","4":"has-post-thumbnail","6":"product_cat-prezenty-dla-kobiet","7":"product_cat-prezenty-dla-mezczyzn","8":"product_cat-prezenty-na-chrzest","9":"product_cat-prezenty-na-dzien-matki","10":"product_cat-prezenty-na-walentynki","11":"product_cat-prezenty-na-wyjatkowe-okazje","12":"product_cat-prezenty-swiateczne","13":"product_cat-prezenty-z-okazji-narodzin-dziecka","14":"product_cat-prezenty-z-okazji-rocznicy-slubu","15":"product_cat-prezenty-z-okazji-slubu","16":"product_cat-prezenty-z-okazji-ukonczenia-szkoly","17":"product_cat-prezenty-z-okazji-urodzin","18":"desktop-align-center","19":"tablet-align-left","20":"mobile-align-left","21":"ast-product-gallery-layout-horizontal-slider","22":"ast-product-gallery-with-no-image","23":"ast-product-tabs-layout-accordion","24":"ast-qv-on-image","26":"first","27":"instock","28":"taxable","29":"shipping-taxable","30":"purchasable","31":"product-type-simple"},"yoast_head":"<!-- This site is optimized with the Yoast SEO plugin v26.6 - https:\/\/yoast.com\/wordpress\/plugins\/seo\/ -->\n<title>0,50 ct diament \u2013 barwa I czysto\u015b\u0107 SI2 L\u015bni\u0105ce arcydzie\u0142o - FashionGold.lt<\/title>\n<meta name=\"description\" content=\"Po\u0142\u0105cz swoje \u017cycie z niepowtarzalnym urokiem dzi\u0119ki &quot;Promiennemu Arcydzie\u0142u&quot; \u2013 diamentowi o masie 0,50 CT, kt\u00f3ry l\u015bni wspania\u0142ym kolorem i czysto\u015bci\u0105 SI2. Ten kamie\u0144 to prawdziwy skarb, wnosz\u0105cy luksus i elegancj\u0119 do Twojego \u015bwiata. &quot;Promienne Arcydzie\u0142o&quot; zachwyca swoim blaskiem, kt\u00f3ry obiecuje nada\u0107 ka\u017cdej Twojej chwili wyj\u0105tkowy charakter.\" \/>\n<meta name=\"robots\" content=\"index, follow, max-snippet:-1, max-image-preview:large, max-video-preview:-1\" \/>\n<link rel=\"canonical\" href=\"https:\/\/fashiongold.lt\/pl\/papuosalas\/050-ct-diament-barwa-i-czystosc-si2-lsniace-arcydzielo\/\" \/>\n<meta property=\"og:locale\" content=\"pl_PL\" \/>\n<meta property=\"og:type\" content=\"article\" \/>\n<meta property=\"og:title\" content=\"0,50 ct diament \u2013 barwa I czysto\u015b\u0107 SI2 L\u015bni\u0105ce arcydzie\u0142o - FashionGold.lt\" \/>\n<meta property=\"og:description\" content=\"Po\u0142\u0105cz swoje \u017cycie z niepowtarzalnym urokiem dzi\u0119ki &quot;Promiennemu Arcydzie\u0142u&quot; \u2013 diamentowi o masie 0,50 CT, kt\u00f3ry l\u015bni wspania\u0142ym kolorem i czysto\u015bci\u0105 SI2. Ten kamie\u0144 to prawdziwy skarb, wnosz\u0105cy luksus i elegancj\u0119 do Twojego \u015bwiata. &quot;Promienne Arcydzie\u0142o&quot; zachwyca swoim blaskiem, kt\u00f3ry obiecuje nada\u0107 ka\u017cdej Twojej chwili wyj\u0105tkowy charakter.\" \/>\n<meta property=\"og:url\" content=\"https:\/\/fashiongold.lt\/pl\/papuosalas\/050-ct-diament-barwa-i-czystosc-si2-lsniace-arcydzielo\/\" \/>\n<meta property=\"og:site_name\" content=\"FashionGold.lt\" \/>\n<meta property=\"og:image\" content=\"https:\/\/fashiongold.lt\/wp-content\/uploads\/2025\/10\/3465-306-050-CT-DEIMANTAS-SPALVA-I-SVARUMAS-SI2-SVYTINTIS-SEDEVRAS.webp\" \/>\n\t<meta property=\"og:image:width\" content=\"615\" \/>\n\t<meta property=\"og:image:height\" content=\"568\" \/>\n\t<meta property=\"og:image:type\" content=\"image\/png\" \/>\n<meta name=\"twitter:card\" content=\"summary_large_image\" \/>\n<meta name=\"twitter:label1\" content=\"Szacowany czas czytania\" \/>\n\t<meta name=\"twitter:data1\" content=\"1 minuta\" \/>\n<script type=\"application\/ld+json\" class=\"yoast-schema-graph\">{\"@context\":\"https:\/\/schema.org\",\"@graph\":[{\"@type\":\"WebPage\",\"@id\":\"https:\/\/fashiongold.lt\/pl\/papuosalas\/050-ct-diament-barwa-i-czystosc-si2-lsniace-arcydzielo\/\",\"url\":\"https:\/\/fashiongold.lt\/pl\/papuosalas\/050-ct-diament-barwa-i-czystosc-si2-lsniace-arcydzielo\/\",\"name\":\"0,50 ct diament \u2013 barwa I czysto\u015b\u0107 SI2 L\u015bni\u0105ce arcydzie\u0142o - FashionGold.lt\",\"isPartOf\":{\"@id\":\"https:\/\/fashiongold.lt\/pl\/#website\"},\"primaryImageOfPage\":{\"@id\":\"https:\/\/fashiongold.lt\/pl\/papuosalas\/050-ct-diament-barwa-i-czystosc-si2-lsniace-arcydzielo\/#primaryimage\"},\"image\":{\"@id\":\"https:\/\/fashiongold.lt\/pl\/papuosalas\/050-ct-diament-barwa-i-czystosc-si2-lsniace-arcydzielo\/#primaryimage\"},\"thumbnailUrl\":\"https:\/\/fashiongold.lt\/wp-content\/uploads\/2025\/10\/3465-306-050-CT-DEIMANTAS-SPALVA-I-SVARUMAS-SI2-SVYTINTIS-SEDEVRAS.png\",\"datePublished\":\"2025-10-09T20:29:56+00:00\",\"description\":\"Po\u0142\u0105cz swoje \u017cycie z niepowtarzalnym urokiem dzi\u0119ki \\\"Promiennemu Arcydzie\u0142u\\\" \u2013 diamentowi o masie 0,50 CT, kt\u00f3ry l\u015bni wspania\u0142ym kolorem i czysto\u015bci\u0105 SI2. Ten kamie\u0144 to prawdziwy skarb, wnosz\u0105cy luksus i elegancj\u0119 do Twojego \u015bwiata. \\\"Promienne Arcydzie\u0142o\\\" zachwyca swoim blaskiem, kt\u00f3ry obiecuje nada\u0107 ka\u017cdej Twojej chwili wyj\u0105tkowy charakter.\",\"breadcrumb\":{\"@id\":\"https:\/\/fashiongold.lt\/pl\/papuosalas\/050-ct-diament-barwa-i-czystosc-si2-lsniace-arcydzielo\/#breadcrumb\"},\"inLanguage\":\"pl-PL\",\"potentialAction\":[{\"@type\":\"ReadAction\",\"target\":[\"https:\/\/fashiongold.lt\/pl\/papuosalas\/050-ct-diament-barwa-i-czystosc-si2-lsniace-arcydzielo\/\"]}]},{\"@type\":\"ImageObject\",\"inLanguage\":\"pl-PL\",\"@id\":\"https:\/\/fashiongold.lt\/pl\/papuosalas\/050-ct-diament-barwa-i-czystosc-si2-lsniace-arcydzielo\/#primaryimage\",\"url\":\"https:\/\/fashiongold.lt\/wp-content\/uploads\/2025\/10\/3465-306-050-CT-DEIMANTAS-SPALVA-I-SVARUMAS-SI2-SVYTINTIS-SEDEVRAS.png\",\"contentUrl\":\"https:\/\/fashiongold.lt\/wp-content\/uploads\/2025\/10\/3465-306-050-CT-DEIMANTAS-SPALVA-I-SVARUMAS-SI2-SVYTINTIS-SEDEVRAS.png\",\"width\":615,\"height\":568},{\"@type\":\"BreadcrumbList\",\"@id\":\"https:\/\/fashiongold.lt\/pl\/papuosalas\/050-ct-diament-barwa-i-czystosc-si2-lsniace-arcydzielo\/#breadcrumb\",\"itemListElement\":[{\"@type\":\"ListItem\",\"position\":1,\"name\":\"Home\",\"item\":\"https:\/\/fashiongold.lt\/pl\/\"},{\"@type\":\"ListItem\",\"position\":2,\"name\":\"Sklep z diamentami Fashiongold.lt\",\"item\":\"https:\/\/fashiongold.lt\/shop-2\/\"},{\"@type\":\"ListItem\",\"position\":3,\"name\":\"0,50 ct diament \u2013 barwa I czysto\u015b\u0107 SI2 L\u015bni\u0105ce arcydzie\u0142o\"}]},{\"@type\":\"WebSite\",\"@id\":\"https:\/\/fashiongold.lt\/pl\/#website\",\"url\":\"https:\/\/fashiongold.lt\/pl\/\",\"name\":\"Fashion Gold\",\"description\":\"Juvelyrikos namai\",\"publisher\":{\"@id\":\"https:\/\/fashiongold.lt\/pl\/#organization\"},\"potentialAction\":[{\"@type\":\"SearchAction\",\"target\":{\"@type\":\"EntryPoint\",\"urlTemplate\":\"https:\/\/fashiongold.lt\/pl\/?s={search_term_string}\"},\"query-input\":{\"@type\":\"PropertyValueSpecification\",\"valueRequired\":true,\"valueName\":\"search_term_string\"}}],\"inLanguage\":\"pl-PL\"},{\"@type\":\"Organization\",\"@id\":\"https:\/\/fashiongold.lt\/pl\/#organization\",\"name\":\"Topdiamonds Online\",\"url\":\"https:\/\/fashiongold.lt\/pl\/\",\"logo\":{\"@type\":\"ImageObject\",\"inLanguage\":\"pl-PL\",\"@id\":\"https:\/\/fashiongold.lt\/pl\/#\/schema\/logo\/image\/\",\"url\":\"https:\/\/fashiongold.lt\/wp-content\/uploads\/2025\/04\/cropped-fashion_gold_logotipas2-scaled-1.png\",\"contentUrl\":\"https:\/\/fashiongold.lt\/wp-content\/uploads\/2025\/04\/cropped-fashion_gold_logotipas2-scaled-1.png\",\"width\":2559,\"height\":421,\"caption\":\"Topdiamonds Online\"},\"image\":{\"@id\":\"https:\/\/fashiongold.lt\/pl\/#\/schema\/logo\/image\/\"}}]}<\/script>\n<!-- \/ Yoast SEO plugin. -->","yoast_head_json":{"title":"0,50 ct diament \u2013 barwa I czysto\u015b\u0107 SI2 L\u015bni\u0105ce arcydzie\u0142o - FashionGold.lt","description":"Po\u0142\u0105cz swoje \u017cycie z niepowtarzalnym urokiem dzi\u0119ki \"Promiennemu Arcydzie\u0142u\" \u2013 diamentowi o masie 0,50 CT, kt\u00f3ry l\u015bni wspania\u0142ym kolorem i czysto\u015bci\u0105 SI2. Ten kamie\u0144 to prawdziwy skarb, wnosz\u0105cy luksus i elegancj\u0119 do Twojego \u015bwiata. \"Promienne Arcydzie\u0142o\" zachwyca swoim blaskiem, kt\u00f3ry obiecuje nada\u0107 ka\u017cdej Twojej chwili wyj\u0105tkowy charakter.","robots":{"index":"index","follow":"follow","max-snippet":"max-snippet:-1","max-image-preview":"max-image-preview:large","max-video-preview":"max-video-preview:-1"},"canonical":"https:\/\/fashiongold.lt\/pl\/papuosalas\/050-ct-diament-barwa-i-czystosc-si2-lsniace-arcydzielo\/","og_locale":"pl_PL","og_type":"article","og_title":"0,50 ct diament \u2013 barwa I czysto\u015b\u0107 SI2 L\u015bni\u0105ce arcydzie\u0142o - FashionGold.lt","og_description":"Po\u0142\u0105cz swoje \u017cycie z niepowtarzalnym urokiem dzi\u0119ki \"Promiennemu Arcydzie\u0142u\" \u2013 diamentowi o masie 0,50 CT, kt\u00f3ry l\u015bni wspania\u0142ym kolorem i czysto\u015bci\u0105 SI2. Ten kamie\u0144 to prawdziwy skarb, wnosz\u0105cy luksus i elegancj\u0119 do Twojego \u015bwiata. \"Promienne Arcydzie\u0142o\" zachwyca swoim blaskiem, kt\u00f3ry obiecuje nada\u0107 ka\u017cdej Twojej chwili wyj\u0105tkowy charakter.","og_url":"https:\/\/fashiongold.lt\/pl\/papuosalas\/050-ct-diament-barwa-i-czystosc-si2-lsniace-arcydzielo\/","og_site_name":"FashionGold.lt","og_image":[{"width":615,"height":568,"url":"https:\/\/fashiongold.lt\/wp-content\/uploads\/2025\/10\/3465-306-050-CT-DEIMANTAS-SPALVA-I-SVARUMAS-SI2-SVYTINTIS-SEDEVRAS.webp","type":"image\/png"}],"twitter_card":"summary_large_image","twitter_misc":{"Szacowany czas czytania":"1 minuta"},"schema":{"@context":"https:\/\/schema.org","@graph":[{"@type":"WebPage","@id":"https:\/\/fashiongold.lt\/pl\/papuosalas\/050-ct-diament-barwa-i-czystosc-si2-lsniace-arcydzielo\/","url":"https:\/\/fashiongold.lt\/pl\/papuosalas\/050-ct-diament-barwa-i-czystosc-si2-lsniace-arcydzielo\/","name":"0,50 ct diament \u2013 barwa I czysto\u015b\u0107 SI2 L\u015bni\u0105ce arcydzie\u0142o - FashionGold.lt","isPartOf":{"@id":"https:\/\/fashiongold.lt\/pl\/#website"},"primaryImageOfPage":{"@id":"https:\/\/fashiongold.lt\/pl\/papuosalas\/050-ct-diament-barwa-i-czystosc-si2-lsniace-arcydzielo\/#primaryimage"},"image":{"@id":"https:\/\/fashiongold.lt\/pl\/papuosalas\/050-ct-diament-barwa-i-czystosc-si2-lsniace-arcydzielo\/#primaryimage"},"thumbnailUrl":"https:\/\/fashiongold.lt\/wp-content\/uploads\/2025\/10\/3465-306-050-CT-DEIMANTAS-SPALVA-I-SVARUMAS-SI2-SVYTINTIS-SEDEVRAS.png","datePublished":"2025-10-09T20:29:56+00:00","description":"Po\u0142\u0105cz swoje \u017cycie z niepowtarzalnym urokiem dzi\u0119ki \"Promiennemu Arcydzie\u0142u\" \u2013 diamentowi o masie 0,50 CT, kt\u00f3ry l\u015bni wspania\u0142ym kolorem i czysto\u015bci\u0105 SI2. Ten kamie\u0144 to prawdziwy skarb, wnosz\u0105cy luksus i elegancj\u0119 do Twojego \u015bwiata. \"Promienne Arcydzie\u0142o\" zachwyca swoim blaskiem, kt\u00f3ry obiecuje nada\u0107 ka\u017cdej Twojej chwili wyj\u0105tkowy charakter.","breadcrumb":{"@id":"https:\/\/fashiongold.lt\/pl\/papuosalas\/050-ct-diament-barwa-i-czystosc-si2-lsniace-arcydzielo\/#breadcrumb"},"inLanguage":"pl-PL","potentialAction":[{"@type":"ReadAction","target":["https:\/\/fashiongold.lt\/pl\/papuosalas\/050-ct-diament-barwa-i-czystosc-si2-lsniace-arcydzielo\/"]}]},{"@type":"ImageObject","inLanguage":"pl-PL","@id":"https:\/\/fashiongold.lt\/pl\/papuosalas\/050-ct-diament-barwa-i-czystosc-si2-lsniace-arcydzielo\/#primaryimage","url":"https:\/\/fashiongold.lt\/wp-content\/uploads\/2025\/10\/3465-306-050-CT-DEIMANTAS-SPALVA-I-SVARUMAS-SI2-SVYTINTIS-SEDEVRAS.png","contentUrl":"https:\/\/fashiongold.lt\/wp-content\/uploads\/2025\/10\/3465-306-050-CT-DEIMANTAS-SPALVA-I-SVARUMAS-SI2-SVYTINTIS-SEDEVRAS.png","width":615,"height":568},{"@type":"BreadcrumbList","@id":"https:\/\/fashiongold.lt\/pl\/papuosalas\/050-ct-diament-barwa-i-czystosc-si2-lsniace-arcydzielo\/#breadcrumb","itemListElement":[{"@type":"ListItem","position":1,"name":"Home","item":"https:\/\/fashiongold.lt\/pl\/"},{"@type":"ListItem","position":2,"name":"Sklep z diamentami Fashiongold.lt","item":"https:\/\/fashiongold.lt\/shop-2\/"},{"@type":"ListItem","position":3,"name":"0,50 ct diament \u2013 barwa I czysto\u015b\u0107 SI2 L\u015bni\u0105ce arcydzie\u0142o"}]},{"@type":"WebSite","@id":"https:\/\/fashiongold.lt\/pl\/#website","url":"https:\/\/fashiongold.lt\/pl\/","name":"Fashion Gold","description":"Juvelyrikos namai","publisher":{"@id":"https:\/\/fashiongold.lt\/pl\/#organization"},"potentialAction":[{"@type":"SearchAction","target":{"@type":"EntryPoint","urlTemplate":"https:\/\/fashiongold.lt\/pl\/?s={search_term_string}"},"query-input":{"@type":"PropertyValueSpecification","valueRequired":true,"valueName":"search_term_string"}}],"inLanguage":"pl-PL"},{"@type":"Organization","@id":"https:\/\/fashiongold.lt\/pl\/#organization","name":"Topdiamonds Online","url":"https:\/\/fashiongold.lt\/pl\/","logo":{"@type":"ImageObject","inLanguage":"pl-PL","@id":"https:\/\/fashiongold.lt\/pl\/#\/schema\/logo\/image\/","url":"https:\/\/fashiongold.lt\/wp-content\/uploads\/2025\/04\/cropped-fashion_gold_logotipas2-scaled-1.png","contentUrl":"https:\/\/fashiongold.lt\/wp-content\/uploads\/2025\/04\/cropped-fashion_gold_logotipas2-scaled-1.png","width":2559,"height":421,"caption":"Topdiamonds Online"},"image":{"@id":"https:\/\/fashiongold.lt\/pl\/#\/schema\/logo\/image\/"}}]}},"_links":{"self":[{"href":"https:\/\/fashiongold.lt\/pl\/wp-json\/wp\/v2\/product\/289965","targetHints":{"allow":["GET"]}}],"collection":[{"href":"https:\/\/fashiongold.lt\/pl\/wp-json\/wp\/v2\/product"}],"about":[{"href":"https:\/\/fashiongold.lt\/pl\/wp-json\/wp\/v2\/types\/product"}],"version-history":[{"count":0,"href":"https:\/\/fashiongold.lt\/pl\/wp-json\/wp\/v2\/product\/289965\/revisions"}],"wp:featuredmedia":[{"embeddable":true,"href":"https:\/\/fashiongold.lt\/pl\/wp-json\/wp\/v2\/media\/67753"}],"wp:attachment":[{"href":"https:\/\/fashiongold.lt\/pl\/wp-json\/wp\/v2\/media?parent=289965"}],"wp:term":[{"taxonomy":"product_brand","embeddable":true,"href":"https:\/\/fashiongold.lt\/pl\/wp-json\/wp\/v2\/product_brand?post=289965"},{"taxonomy":"product_cat","embeddable":true,"href":"https:\/\/fashiongold.lt\/pl\/wp-json\/wp\/v2\/product_cat?post=289965"},{"taxonomy":"product_tag","embeddable":true,"href":"https:\/\/fashiongold.lt\/pl\/wp-json\/wp\/v2\/product_tag?post=289965"}],"curies":[{"name":"wp","href":"https:\/\/api.w.org\/{rel}","templated":true}]}}