{"id":289975,"date":"2025-10-09T20:29:55","date_gmt":"2025-10-09T20:29:55","guid":{"rendered":"https:\/\/fashiongold.lt\/papuosalas\/diament-laboratoryjny-304-ct-wysokiej-jakosci-barwa-f-czystosc-vs2\/"},"modified":"2025-10-09T20:29:55","modified_gmt":"2025-10-09T20:29:55","slug":"diament-laboratoryjny-304-ct-wysokiej-jakosci-barwa-f-czystosc-vs2","status":"publish","type":"product","link":"https:\/\/fashiongold.lt\/pl\/papuosalas\/diament-laboratoryjny-304-ct-wysokiej-jakosci-barwa-f-czystosc-vs2\/","title":{"rendered":"Diament laboratoryjny 3,04 ct Wysokiej jako\u015bci Barwa F Czysto\u015b\u0107 VS2"},"content":{"rendered":"<div dir=\"auto\" style=\"color: #222222; font-family: Arial, Helvetica, sans-serif; font-size: small; background-color: #ffffff;\">Przedstawiamy wysokiej jako\u015bci diament Lab Grown o masie 3,04 ct, o wyj\u0105tkowej bia\u0142ej barwie E i czysto\u015bci klasy VS2. Nasz przyjazny dla \u015brodowiska diament gwarantuje imponuj\u0105cy blask i elegancj\u0119. Dzi\u0119ki temu diamentowi b\u0119dziesz m\u00f3g\u0142 wyrazi\u0107 swoj\u0105 wyj\u0105tkowo\u015b\u0107 i styl. Ten wysokiej jako\u015bci diament Lab Grown 3,04 ct to doskona\u0142y wyb\u00f3r, aby cieszy\u0107 si\u0119 d\u0142ugowiecznym pi\u0119knem. Odkryj nieskaziteln\u0105 harmoni\u0119 z naszym diamentem Lab Grown.\u00a0<\/div>\n<p><span style=\"color: #333333; font-family: Nunito; font-size: 18px; text-transform: uppercase;\">INFORMACJE O DIAMENCIE:<\/span><\/p>\n<ul style=\"box-sizing: border-box; margin-top: 0px; margin-bottom: 10px; color: #333333; font-family: Nunito; font-size: 15px;\">\n<li style=\"box-sizing: border-box;\">Kamie\u0144: Diament Lab Grown (Hodowany)<\/li>\n<li style=\"box-sizing: border-box;\">Kszta\u0142t kamienia: Okr\u0105g\u0142y (57 faset)<\/li>\n<li style=\"box-sizing: border-box;\">Masa kamienia: 3,04 ct\u00a0<\/li>\n<li style=\"box-sizing: border-box;\">Wymiary: 9.19\u00d79.17\u00d75.81<\/li>\n<li style=\"box-sizing: border-box;\">Barwa kamienia: F<\/li>\n<li style=\"box-sizing: border-box;\">Czysto\u015b\u0107 kamienia: VS2<\/li>\n<li style=\"box-sizing: border-box;\">Certyfikat (laboratorium): HRD<\/li>\n<li style=\"box-sizing: border-box;\">Szlif \/ Symetria \/ Polerowanie: EX-EX-EX<\/li>\n<li style=\"box-sizing: border-box;\">Fluorescencja: NON<\/li>\n<li style=\"box-sizing: border-box;\">Bezp\u0142atne opakowanie.<\/li>\n<\/ul>\n","protected":false},"excerpt":{"rendered":"<p><span style=\"color: #222222; font-family: Arial, Helvetica, sans-serif; font-size: small; background-color: #ffffff;\">Odkryj doskona\u0142ej jako\u015bci diament Lab Grown (hodowany) o masie 3,04 ct, o wyj\u0105tkowej bia\u0142ej barwie E i wysokiej czysto\u015bci VS2. Zaufaj naszemu diamentowi najwy\u017cszej jako\u015bci i podkre\u015bl sw\u00f3j styl tym wspania\u0142ym dodatkiem.\u00a0<\/span><\/p>\n","protected":false},"featured_media":67625,"template":"","meta":{"site-sidebar-layout":"","site-content-layout":"","ast-site-content-layout":"","site-content-style":"","site-sidebar-style":"","ast-global-header-display":"","ast-banner-title-visibility":"","ast-main-header-display":"","ast-hfb-above-header-display":"","ast-hfb-below-header-display":"","ast-hfb-mobile-header-display":"","site-post-title":"","ast-breadcrumbs-content":"","ast-featured-img":"","footer-sml-layout":"","ast-disable-related-posts":"","theme-transparent-header-meta":"","adv-header-id-meta":"","stick-header-meta":"","header-above-stick-meta":"","header-main-stick-meta":"","header-below-stick-meta":"","astra-migrate-meta-layouts":"default","ast-page-background-enabled":"default","ast-page-background-meta":{"desktop":{"background-color":"var(--ast-global-color-4)","background-image":"","background-repeat":"repeat","background-position":"center center","background-size":"auto","background-attachment":"scroll","background-type":"","background-media":"","overlay-type":"","overlay-color":"","overlay-opacity":"","overlay-gradient":""},"tablet":{"background-color":"","background-image":"","background-repeat":"repeat","background-position":"center center","background-size":"auto","background-attachment":"scroll","background-type":"","background-media":"","overlay-type":"","overlay-color":"","overlay-opacity":"","overlay-gradient":""},"mobile":{"background-color":"","background-image":"","background-repeat":"repeat","background-position":"center center","background-size":"auto","background-attachment":"scroll","background-type":"","background-media":"","overlay-type":"","overlay-color":"","overlay-opacity":"","overlay-gradient":""}},"ast-content-background-meta":{"desktop":{"background-color":"var(--ast-global-color-5)","background-image":"","background-repeat":"repeat","background-position":"center center","background-size":"auto","background-attachment":"scroll","background-type":"","background-media":"","overlay-type":"","overlay-color":"","overlay-opacity":"","overlay-gradient":""},"tablet":{"background-color":"var(--ast-global-color-5)","background-image":"","background-repeat":"repeat","background-position":"center center","background-size":"auto","background-attachment":"scroll","background-type":"","background-media":"","overlay-type":"","overlay-color":"","overlay-opacity":"","overlay-gradient":""},"mobile":{"background-color":"var(--ast-global-color-5)","background-image":"","background-repeat":"repeat","background-position":"center center","background-size":"auto","background-attachment":"scroll","background-type":"","background-media":"","overlay-type":"","overlay-color":"","overlay-opacity":"","overlay-gradient":""}}},"product_brand":[],"product_cat":[3659,4080,2853,2856,3165,2875,2876,2860,2857,2854,2855,3169,2859,2852],"product_tag":[],"class_list":{"0":"post-289975","1":"product","2":"type-product","3":"status-publish","4":"has-post-thumbnail","6":"product_cat-diamenty-i-brylanty","7":"product_cat-lab-grown-hodowane-diamenty-brylanty","8":"product_cat-prezenty-dla-kobiet","9":"product_cat-prezenty-dla-mezczyzn","10":"product_cat-prezenty-na-chrzest","11":"product_cat-prezenty-na-dzien-matki","12":"product_cat-prezenty-na-walentynki","13":"product_cat-prezenty-na-wyjatkowe-okazje","14":"product_cat-prezenty-swiateczne","15":"product_cat-prezenty-z-okazji-narodzin-dziecka","16":"product_cat-prezenty-z-okazji-rocznicy-slubu","17":"product_cat-prezenty-z-okazji-slubu","18":"product_cat-prezenty-z-okazji-ukonczenia-szkoly","19":"product_cat-prezenty-z-okazji-urodzin","20":"desktop-align-center","21":"tablet-align-left","22":"mobile-align-left","23":"ast-product-gallery-layout-horizontal-slider","24":"ast-product-gallery-with-no-image","25":"ast-product-tabs-layout-accordion","26":"ast-qv-on-image","28":"first","29":"instock","30":"taxable","31":"shipping-taxable","32":"purchasable","33":"product-type-simple"},"yoast_head":"<!-- This site is optimized with the Yoast SEO plugin v26.6 - https:\/\/yoast.com\/wordpress\/plugins\/seo\/ -->\n<title>Diament laboratoryjny 3,04 ct Wysokiej jako\u015bci Barwa F Czysto\u015b\u0107 VS2 - FashionGold.lt<\/title>\n<meta name=\"robots\" content=\"index, follow, max-snippet:-1, max-image-preview:large, max-video-preview:-1\" \/>\n<link rel=\"canonical\" href=\"https:\/\/fashiongold.lt\/pl\/papuosalas\/diament-laboratoryjny-304-ct-wysokiej-jakosci-barwa-f-czystosc-vs2\/\" \/>\n<meta property=\"og:locale\" content=\"pl_PL\" \/>\n<meta property=\"og:type\" content=\"article\" \/>\n<meta property=\"og:title\" content=\"Diament laboratoryjny 3,04 ct Wysokiej jako\u015bci Barwa F Czysto\u015b\u0107 VS2 - FashionGold.lt\" \/>\n<meta property=\"og:description\" content=\"Odkryj doskona\u0142ej jako\u015bci diament Lab Grown (hodowany) o masie 3,04 ct, o wyj\u0105tkowej bia\u0142ej barwie E i wysokiej czysto\u015bci VS2. Zaufaj naszemu diamentowi najwy\u017cszej jako\u015bci i podkre\u015bl sw\u00f3j styl tym wspania\u0142ym dodatkiem.\u00a0\" \/>\n<meta property=\"og:url\" content=\"https:\/\/fashiongold.lt\/pl\/papuosalas\/diament-laboratoryjny-304-ct-wysokiej-jakosci-barwa-f-czystosc-vs2\/\" \/>\n<meta property=\"og:site_name\" content=\"FashionGold.lt\" \/>\n<meta property=\"og:image\" content=\"https:\/\/fashiongold.lt\/wp-content\/uploads\/2025\/10\/3415-59f-Lab-Grown-Deimantas-304-ct-Aukstos-kokybes-F-Spalva-VS2-Svarumas.webp\" \/>\n\t<meta property=\"og:image:width\" content=\"502\" \/>\n\t<meta property=\"og:image:height\" content=\"483\" \/>\n\t<meta property=\"og:image:type\" content=\"image\/png\" \/>\n<meta name=\"twitter:card\" content=\"summary_large_image\" \/>\n<meta name=\"twitter:label1\" content=\"Szacowany czas czytania\" \/>\n\t<meta name=\"twitter:data1\" content=\"1 minuta\" \/>\n<script type=\"application\/ld+json\" class=\"yoast-schema-graph\">{\"@context\":\"https:\/\/schema.org\",\"@graph\":[{\"@type\":\"WebPage\",\"@id\":\"https:\/\/fashiongold.lt\/pl\/papuosalas\/diament-laboratoryjny-304-ct-wysokiej-jakosci-barwa-f-czystosc-vs2\/\",\"url\":\"https:\/\/fashiongold.lt\/pl\/papuosalas\/diament-laboratoryjny-304-ct-wysokiej-jakosci-barwa-f-czystosc-vs2\/\",\"name\":\"Diament laboratoryjny 3,04 ct Wysokiej jako\u015bci Barwa F Czysto\u015b\u0107 VS2 - FashionGold.lt\",\"isPartOf\":{\"@id\":\"https:\/\/fashiongold.lt\/pl\/#website\"},\"primaryImageOfPage\":{\"@id\":\"https:\/\/fashiongold.lt\/pl\/papuosalas\/diament-laboratoryjny-304-ct-wysokiej-jakosci-barwa-f-czystosc-vs2\/#primaryimage\"},\"image\":{\"@id\":\"https:\/\/fashiongold.lt\/pl\/papuosalas\/diament-laboratoryjny-304-ct-wysokiej-jakosci-barwa-f-czystosc-vs2\/#primaryimage\"},\"thumbnailUrl\":\"https:\/\/fashiongold.lt\/wp-content\/uploads\/2025\/10\/3415-59f-Lab-Grown-Deimantas-304-ct-Aukstos-kokybes-F-Spalva-VS2-Svarumas.png\",\"datePublished\":\"2025-10-09T20:29:55+00:00\",\"breadcrumb\":{\"@id\":\"https:\/\/fashiongold.lt\/pl\/papuosalas\/diament-laboratoryjny-304-ct-wysokiej-jakosci-barwa-f-czystosc-vs2\/#breadcrumb\"},\"inLanguage\":\"pl-PL\",\"potentialAction\":[{\"@type\":\"ReadAction\",\"target\":[\"https:\/\/fashiongold.lt\/pl\/papuosalas\/diament-laboratoryjny-304-ct-wysokiej-jakosci-barwa-f-czystosc-vs2\/\"]}]},{\"@type\":\"ImageObject\",\"inLanguage\":\"pl-PL\",\"@id\":\"https:\/\/fashiongold.lt\/pl\/papuosalas\/diament-laboratoryjny-304-ct-wysokiej-jakosci-barwa-f-czystosc-vs2\/#primaryimage\",\"url\":\"https:\/\/fashiongold.lt\/wp-content\/uploads\/2025\/10\/3415-59f-Lab-Grown-Deimantas-304-ct-Aukstos-kokybes-F-Spalva-VS2-Svarumas.png\",\"contentUrl\":\"https:\/\/fashiongold.lt\/wp-content\/uploads\/2025\/10\/3415-59f-Lab-Grown-Deimantas-304-ct-Aukstos-kokybes-F-Spalva-VS2-Svarumas.png\",\"width\":502,\"height\":483},{\"@type\":\"BreadcrumbList\",\"@id\":\"https:\/\/fashiongold.lt\/pl\/papuosalas\/diament-laboratoryjny-304-ct-wysokiej-jakosci-barwa-f-czystosc-vs2\/#breadcrumb\",\"itemListElement\":[{\"@type\":\"ListItem\",\"position\":1,\"name\":\"Home\",\"item\":\"https:\/\/fashiongold.lt\/pl\/\"},{\"@type\":\"ListItem\",\"position\":2,\"name\":\"Sklep z diamentami Fashiongold.lt\",\"item\":\"https:\/\/fashiongold.lt\/shop-2\/\"},{\"@type\":\"ListItem\",\"position\":3,\"name\":\"Diament laboratoryjny 3,04 ct Wysokiej jako\u015bci Barwa F Czysto\u015b\u0107 VS2\"}]},{\"@type\":\"WebSite\",\"@id\":\"https:\/\/fashiongold.lt\/pl\/#website\",\"url\":\"https:\/\/fashiongold.lt\/pl\/\",\"name\":\"Fashion Gold\",\"description\":\"Juvelyrikos namai\",\"publisher\":{\"@id\":\"https:\/\/fashiongold.lt\/pl\/#organization\"},\"potentialAction\":[{\"@type\":\"SearchAction\",\"target\":{\"@type\":\"EntryPoint\",\"urlTemplate\":\"https:\/\/fashiongold.lt\/pl\/?s={search_term_string}\"},\"query-input\":{\"@type\":\"PropertyValueSpecification\",\"valueRequired\":true,\"valueName\":\"search_term_string\"}}],\"inLanguage\":\"pl-PL\"},{\"@type\":\"Organization\",\"@id\":\"https:\/\/fashiongold.lt\/pl\/#organization\",\"name\":\"Topdiamonds Online\",\"url\":\"https:\/\/fashiongold.lt\/pl\/\",\"logo\":{\"@type\":\"ImageObject\",\"inLanguage\":\"pl-PL\",\"@id\":\"https:\/\/fashiongold.lt\/pl\/#\/schema\/logo\/image\/\",\"url\":\"https:\/\/fashiongold.lt\/wp-content\/uploads\/2025\/04\/cropped-fashion_gold_logotipas2-scaled-1.png\",\"contentUrl\":\"https:\/\/fashiongold.lt\/wp-content\/uploads\/2025\/04\/cropped-fashion_gold_logotipas2-scaled-1.png\",\"width\":2559,\"height\":421,\"caption\":\"Topdiamonds Online\"},\"image\":{\"@id\":\"https:\/\/fashiongold.lt\/pl\/#\/schema\/logo\/image\/\"}}]}<\/script>\n<!-- \/ Yoast SEO plugin. -->","yoast_head_json":{"title":"Diament laboratoryjny 3,04 ct Wysokiej jako\u015bci Barwa F Czysto\u015b\u0107 VS2 - FashionGold.lt","robots":{"index":"index","follow":"follow","max-snippet":"max-snippet:-1","max-image-preview":"max-image-preview:large","max-video-preview":"max-video-preview:-1"},"canonical":"https:\/\/fashiongold.lt\/pl\/papuosalas\/diament-laboratoryjny-304-ct-wysokiej-jakosci-barwa-f-czystosc-vs2\/","og_locale":"pl_PL","og_type":"article","og_title":"Diament laboratoryjny 3,04 ct Wysokiej jako\u015bci Barwa F Czysto\u015b\u0107 VS2 - FashionGold.lt","og_description":"Odkryj doskona\u0142ej jako\u015bci diament Lab Grown (hodowany) o masie 3,04 ct, o wyj\u0105tkowej bia\u0142ej barwie E i wysokiej czysto\u015bci VS2. Zaufaj naszemu diamentowi najwy\u017cszej jako\u015bci i podkre\u015bl sw\u00f3j styl tym wspania\u0142ym dodatkiem.\u00a0","og_url":"https:\/\/fashiongold.lt\/pl\/papuosalas\/diament-laboratoryjny-304-ct-wysokiej-jakosci-barwa-f-czystosc-vs2\/","og_site_name":"FashionGold.lt","og_image":[{"width":502,"height":483,"url":"https:\/\/fashiongold.lt\/wp-content\/uploads\/2025\/10\/3415-59f-Lab-Grown-Deimantas-304-ct-Aukstos-kokybes-F-Spalva-VS2-Svarumas.webp","type":"image\/png"}],"twitter_card":"summary_large_image","twitter_misc":{"Szacowany czas czytania":"1 minuta"},"schema":{"@context":"https:\/\/schema.org","@graph":[{"@type":"WebPage","@id":"https:\/\/fashiongold.lt\/pl\/papuosalas\/diament-laboratoryjny-304-ct-wysokiej-jakosci-barwa-f-czystosc-vs2\/","url":"https:\/\/fashiongold.lt\/pl\/papuosalas\/diament-laboratoryjny-304-ct-wysokiej-jakosci-barwa-f-czystosc-vs2\/","name":"Diament laboratoryjny 3,04 ct Wysokiej jako\u015bci Barwa F Czysto\u015b\u0107 VS2 - FashionGold.lt","isPartOf":{"@id":"https:\/\/fashiongold.lt\/pl\/#website"},"primaryImageOfPage":{"@id":"https:\/\/fashiongold.lt\/pl\/papuosalas\/diament-laboratoryjny-304-ct-wysokiej-jakosci-barwa-f-czystosc-vs2\/#primaryimage"},"image":{"@id":"https:\/\/fashiongold.lt\/pl\/papuosalas\/diament-laboratoryjny-304-ct-wysokiej-jakosci-barwa-f-czystosc-vs2\/#primaryimage"},"thumbnailUrl":"https:\/\/fashiongold.lt\/wp-content\/uploads\/2025\/10\/3415-59f-Lab-Grown-Deimantas-304-ct-Aukstos-kokybes-F-Spalva-VS2-Svarumas.png","datePublished":"2025-10-09T20:29:55+00:00","breadcrumb":{"@id":"https:\/\/fashiongold.lt\/pl\/papuosalas\/diament-laboratoryjny-304-ct-wysokiej-jakosci-barwa-f-czystosc-vs2\/#breadcrumb"},"inLanguage":"pl-PL","potentialAction":[{"@type":"ReadAction","target":["https:\/\/fashiongold.lt\/pl\/papuosalas\/diament-laboratoryjny-304-ct-wysokiej-jakosci-barwa-f-czystosc-vs2\/"]}]},{"@type":"ImageObject","inLanguage":"pl-PL","@id":"https:\/\/fashiongold.lt\/pl\/papuosalas\/diament-laboratoryjny-304-ct-wysokiej-jakosci-barwa-f-czystosc-vs2\/#primaryimage","url":"https:\/\/fashiongold.lt\/wp-content\/uploads\/2025\/10\/3415-59f-Lab-Grown-Deimantas-304-ct-Aukstos-kokybes-F-Spalva-VS2-Svarumas.png","contentUrl":"https:\/\/fashiongold.lt\/wp-content\/uploads\/2025\/10\/3415-59f-Lab-Grown-Deimantas-304-ct-Aukstos-kokybes-F-Spalva-VS2-Svarumas.png","width":502,"height":483},{"@type":"BreadcrumbList","@id":"https:\/\/fashiongold.lt\/pl\/papuosalas\/diament-laboratoryjny-304-ct-wysokiej-jakosci-barwa-f-czystosc-vs2\/#breadcrumb","itemListElement":[{"@type":"ListItem","position":1,"name":"Home","item":"https:\/\/fashiongold.lt\/pl\/"},{"@type":"ListItem","position":2,"name":"Sklep z diamentami Fashiongold.lt","item":"https:\/\/fashiongold.lt\/shop-2\/"},{"@type":"ListItem","position":3,"name":"Diament laboratoryjny 3,04 ct Wysokiej jako\u015bci Barwa F Czysto\u015b\u0107 VS2"}]},{"@type":"WebSite","@id":"https:\/\/fashiongold.lt\/pl\/#website","url":"https:\/\/fashiongold.lt\/pl\/","name":"Fashion Gold","description":"Juvelyrikos namai","publisher":{"@id":"https:\/\/fashiongold.lt\/pl\/#organization"},"potentialAction":[{"@type":"SearchAction","target":{"@type":"EntryPoint","urlTemplate":"https:\/\/fashiongold.lt\/pl\/?s={search_term_string}"},"query-input":{"@type":"PropertyValueSpecification","valueRequired":true,"valueName":"search_term_string"}}],"inLanguage":"pl-PL"},{"@type":"Organization","@id":"https:\/\/fashiongold.lt\/pl\/#organization","name":"Topdiamonds Online","url":"https:\/\/fashiongold.lt\/pl\/","logo":{"@type":"ImageObject","inLanguage":"pl-PL","@id":"https:\/\/fashiongold.lt\/pl\/#\/schema\/logo\/image\/","url":"https:\/\/fashiongold.lt\/wp-content\/uploads\/2025\/04\/cropped-fashion_gold_logotipas2-scaled-1.png","contentUrl":"https:\/\/fashiongold.lt\/wp-content\/uploads\/2025\/04\/cropped-fashion_gold_logotipas2-scaled-1.png","width":2559,"height":421,"caption":"Topdiamonds Online"},"image":{"@id":"https:\/\/fashiongold.lt\/pl\/#\/schema\/logo\/image\/"}}]}},"_links":{"self":[{"href":"https:\/\/fashiongold.lt\/pl\/wp-json\/wp\/v2\/product\/289975","targetHints":{"allow":["GET"]}}],"collection":[{"href":"https:\/\/fashiongold.lt\/pl\/wp-json\/wp\/v2\/product"}],"about":[{"href":"https:\/\/fashiongold.lt\/pl\/wp-json\/wp\/v2\/types\/product"}],"version-history":[{"count":0,"href":"https:\/\/fashiongold.lt\/pl\/wp-json\/wp\/v2\/product\/289975\/revisions"}],"wp:featuredmedia":[{"embeddable":true,"href":"https:\/\/fashiongold.lt\/pl\/wp-json\/wp\/v2\/media\/67625"}],"wp:attachment":[{"href":"https:\/\/fashiongold.lt\/pl\/wp-json\/wp\/v2\/media?parent=289975"}],"wp:term":[{"taxonomy":"product_brand","embeddable":true,"href":"https:\/\/fashiongold.lt\/pl\/wp-json\/wp\/v2\/product_brand?post=289975"},{"taxonomy":"product_cat","embeddable":true,"href":"https:\/\/fashiongold.lt\/pl\/wp-json\/wp\/v2\/product_cat?post=289975"},{"taxonomy":"product_tag","embeddable":true,"href":"https:\/\/fashiongold.lt\/pl\/wp-json\/wp\/v2\/product_tag?post=289975"}],"curies":[{"name":"wp","href":"https:\/\/api.w.org\/{rel}","templated":true}]}}