{"id":289990,"date":"2025-10-09T20:29:55","date_gmt":"2025-10-09T20:29:55","guid":{"rendered":"https:\/\/fashiongold.lt\/papuosalas\/diament-lab-grown-033-ct-wyjatkowej-jakosci-barwa-d-czystosc-vvs1\/"},"modified":"2025-10-09T20:29:55","modified_gmt":"2025-10-09T20:29:55","slug":"diament-lab-grown-033-ct-wyjatkowej-jakosci-barwa-d-czystosc-vvs1","status":"publish","type":"product","link":"https:\/\/fashiongold.lt\/pl\/papuosalas\/diament-lab-grown-033-ct-wyjatkowej-jakosci-barwa-d-czystosc-vvs1\/","title":{"rendered":"Diament Lab Grown 0,33 ct Wyj\u0105tkowej jako\u015bci Barwa D Czysto\u015b\u0107 VVS1"},"content":{"rendered":"<div dir=\"auto\" style=\"color: #222222; font-family: Arial, Helvetica, sans-serif; font-size: small; background-color: #ffffff;\"><span style=\"background-color: #fafbfc; color: #000000; font-family: Verdana, Arial, Helvetica, sans-serif; font-size: 11px;\">Kup wyj\u0105tkowej jako\u015bci diament Lab Grown o masie 1,17 ct, w bezbarwnym kolorze E i o wyj\u0105tkowej czysto\u015bci VVS1. Ten diament zachwyci Ci\u0119 swoim wspania\u0142ym blaskiem i nienagann\u0105 jako\u015bci\u0105. Diamenty Lab Grown o masie 1,17 ct i wyj\u0105tkowej jako\u015bci s\u0105 tworzone z zachowaniem najwy\u017cszych standard\u00f3w i przekrocz\u0105 Twoje oczekiwania. Ciesz si\u0119 tym wspania\u0142ym diamentem Lab Grown 1,17 ct, kt\u00f3ry nada Ci wyj\u0105tkowego uroku.<\/span><\/div>\n<div dir=\"auto\" style=\"color: #222222; font-family: Arial, Helvetica, sans-serif; font-size: small; background-color: #ffffff;\"><span style=\"color: #333333; font-family: Nunito; font-size: 18px; text-transform: uppercase;\">INFORMACJE O DIAMENCIE:<\/span><\/div>\n<ul style=\"box-sizing: border-box; margin-top: 0px; margin-bottom: 10px; color: #333333; font-family: Nunito; font-size: 15px;\">\n<li style=\"box-sizing: border-box;\">Kamie\u0144: Diament Lab Grown (Syntetyczny)<\/li>\n<li style=\"box-sizing: border-box;\">Kszta\u0142t kamienia: Okr\u0105g\u0142y (57 faset)<\/li>\n<li style=\"box-sizing: border-box;\">Masa kamienia: 0,33 ct <\/li>\n<li style=\"box-sizing: border-box;\">Rozmiar: 4.5\u00d74.43\u00d72.69<\/li>\n<li style=\"box-sizing: border-box;\">Kolor kamienia: D<\/li>\n<li style=\"box-sizing: border-box;\">Czysto\u015b\u0107 kamienia: VVS1<\/li>\n<li style=\"box-sizing: border-box;\">Certyfikat (laboratorium): HRD<\/li>\n<li style=\"box-sizing: border-box;\">Szlif \/ Symetria \/ Polerowanie: VG-VG-VG<\/li>\n<li style=\"box-sizing: border-box;\">Fluorescencja: Brak (NON)<\/li>\n<li style=\"box-sizing: border-box;\">Bezp\u0142atne opakowanie.<\/li>\n<\/ul>\n","protected":false},"excerpt":{"rendered":"<p><span style=\"color: #222222; font-family: Arial, Helvetica, sans-serif; font-size: small; background-color: #ffffff;\">Odkryj diament Lab Grown o wyj\u0105tkowej jako\u015bci 0,33 ct, o bezbarwnej barwie D i wyj\u0105tkowej czysto\u015bci VVS1. Ten diament charakteryzuje si\u0119 doskona\u0142ym blaskiem i najwy\u017cszym poziomem jako\u015bci. B\u0105d\u017a zachwycaj\u0105ca i wyj\u0105tkowa z tym diamentem Lab Grown 0,33 ct, kt\u00f3ry z pewno\u015bci\u0105 przyci\u0105gnie uwag\u0119 swoim niezwyk\u0142ym blaskiem.\u00a0<\/span><\/p>\n","protected":false},"featured_media":67598,"template":"","meta":{"site-sidebar-layout":"","site-content-layout":"","ast-site-content-layout":"","site-content-style":"","site-sidebar-style":"","ast-global-header-display":"","ast-banner-title-visibility":"","ast-main-header-display":"","ast-hfb-above-header-display":"","ast-hfb-below-header-display":"","ast-hfb-mobile-header-display":"","site-post-title":"","ast-breadcrumbs-content":"","ast-featured-img":"","footer-sml-layout":"","ast-disable-related-posts":"","theme-transparent-header-meta":"","adv-header-id-meta":"","stick-header-meta":"","header-above-stick-meta":"","header-main-stick-meta":"","header-below-stick-meta":"","astra-migrate-meta-layouts":"default","ast-page-background-enabled":"default","ast-page-background-meta":{"desktop":{"background-color":"var(--ast-global-color-4)","background-image":"","background-repeat":"repeat","background-position":"center center","background-size":"auto","background-attachment":"scroll","background-type":"","background-media":"","overlay-type":"","overlay-color":"","overlay-opacity":"","overlay-gradient":""},"tablet":{"background-color":"","background-image":"","background-repeat":"repeat","background-position":"center center","background-size":"auto","background-attachment":"scroll","background-type":"","background-media":"","overlay-type":"","overlay-color":"","overlay-opacity":"","overlay-gradient":""},"mobile":{"background-color":"","background-image":"","background-repeat":"repeat","background-position":"center center","background-size":"auto","background-attachment":"scroll","background-type":"","background-media":"","overlay-type":"","overlay-color":"","overlay-opacity":"","overlay-gradient":""}},"ast-content-background-meta":{"desktop":{"background-color":"var(--ast-global-color-5)","background-image":"","background-repeat":"repeat","background-position":"center center","background-size":"auto","background-attachment":"scroll","background-type":"","background-media":"","overlay-type":"","overlay-color":"","overlay-opacity":"","overlay-gradient":""},"tablet":{"background-color":"var(--ast-global-color-5)","background-image":"","background-repeat":"repeat","background-position":"center center","background-size":"auto","background-attachment":"scroll","background-type":"","background-media":"","overlay-type":"","overlay-color":"","overlay-opacity":"","overlay-gradient":""},"mobile":{"background-color":"var(--ast-global-color-5)","background-image":"","background-repeat":"repeat","background-position":"center center","background-size":"auto","background-attachment":"scroll","background-type":"","background-media":"","overlay-type":"","overlay-color":"","overlay-opacity":"","overlay-gradient":""}}},"product_brand":[],"product_cat":[3659,4080,2853,2856,3165,2875,2876,2860,2857,2854,2855,3169,2859,2852],"product_tag":[],"class_list":{"0":"post-289990","1":"product","2":"type-product","3":"status-publish","4":"has-post-thumbnail","6":"product_cat-diamenty-i-brylanty","7":"product_cat-lab-grown-hodowane-diamenty-brylanty","8":"product_cat-prezenty-dla-kobiet","9":"product_cat-prezenty-dla-mezczyzn","10":"product_cat-prezenty-na-chrzest","11":"product_cat-prezenty-na-dzien-matki","12":"product_cat-prezenty-na-walentynki","13":"product_cat-prezenty-na-wyjatkowe-okazje","14":"product_cat-prezenty-swiateczne","15":"product_cat-prezenty-z-okazji-narodzin-dziecka","16":"product_cat-prezenty-z-okazji-rocznicy-slubu","17":"product_cat-prezenty-z-okazji-slubu","18":"product_cat-prezenty-z-okazji-ukonczenia-szkoly","19":"product_cat-prezenty-z-okazji-urodzin","20":"desktop-align-center","21":"tablet-align-left","22":"mobile-align-left","23":"ast-product-gallery-layout-horizontal-slider","24":"ast-product-gallery-with-no-image","25":"ast-product-tabs-layout-accordion","26":"ast-qv-on-image","28":"first","29":"instock","30":"taxable","31":"shipping-taxable","32":"purchasable","33":"product-type-simple"},"yoast_head":"<!-- This site is optimized with the Yoast SEO plugin v26.6 - https:\/\/yoast.com\/wordpress\/plugins\/seo\/ -->\n<title>Diament Lab Grown 0,33 ct Wyj\u0105tkowej jako\u015bci Barwa D Czysto\u015b\u0107 VVS1 - FashionGold.lt<\/title>\n<meta name=\"robots\" content=\"index, follow, max-snippet:-1, max-image-preview:large, max-video-preview:-1\" \/>\n<link rel=\"canonical\" href=\"https:\/\/fashiongold.lt\/pl\/papuosalas\/diament-lab-grown-033-ct-wyjatkowej-jakosci-barwa-d-czystosc-vvs1\/\" \/>\n<meta property=\"og:locale\" content=\"pl_PL\" \/>\n<meta property=\"og:type\" content=\"article\" \/>\n<meta property=\"og:title\" content=\"Diament Lab Grown 0,33 ct Wyj\u0105tkowej jako\u015bci Barwa D Czysto\u015b\u0107 VVS1 - FashionGold.lt\" \/>\n<meta property=\"og:description\" content=\"Odkryj diament Lab Grown o wyj\u0105tkowej jako\u015bci 0,33 ct, o bezbarwnej barwie D i wyj\u0105tkowej czysto\u015bci VVS1. Ten diament charakteryzuje si\u0119 doskona\u0142ym blaskiem i najwy\u017cszym poziomem jako\u015bci. B\u0105d\u017a zachwycaj\u0105ca i wyj\u0105tkowa z tym diamentem Lab Grown 0,33 ct, kt\u00f3ry z pewno\u015bci\u0105 przyci\u0105gnie uwag\u0119 swoim niezwyk\u0142ym blaskiem.\u00a0\" \/>\n<meta property=\"og:url\" content=\"https:\/\/fashiongold.lt\/pl\/papuosalas\/diament-lab-grown-033-ct-wyjatkowej-jakosci-barwa-d-czystosc-vvs1\/\" \/>\n<meta property=\"og:site_name\" content=\"FashionGold.lt\" \/>\n<meta property=\"og:image\" content=\"https:\/\/fashiongold.lt\/wp-content\/uploads\/2025\/10\/3408-046-Lab-Grown-Deimantas-050-ct-Isskirtines-kokybes-D-Spalva-VVS1-Svarumas.webp\" \/>\n\t<meta property=\"og:image:width\" content=\"463\" \/>\n\t<meta property=\"og:image:height\" content=\"418\" \/>\n\t<meta property=\"og:image:type\" content=\"image\/png\" \/>\n<meta name=\"twitter:card\" content=\"summary_large_image\" \/>\n<meta name=\"twitter:label1\" content=\"Szacowany czas czytania\" \/>\n\t<meta name=\"twitter:data1\" content=\"1 minuta\" \/>\n<script type=\"application\/ld+json\" class=\"yoast-schema-graph\">{\"@context\":\"https:\/\/schema.org\",\"@graph\":[{\"@type\":\"WebPage\",\"@id\":\"https:\/\/fashiongold.lt\/pl\/papuosalas\/diament-lab-grown-033-ct-wyjatkowej-jakosci-barwa-d-czystosc-vvs1\/\",\"url\":\"https:\/\/fashiongold.lt\/pl\/papuosalas\/diament-lab-grown-033-ct-wyjatkowej-jakosci-barwa-d-czystosc-vvs1\/\",\"name\":\"Diament Lab Grown 0,33 ct Wyj\u0105tkowej jako\u015bci Barwa D Czysto\u015b\u0107 VVS1 - FashionGold.lt\",\"isPartOf\":{\"@id\":\"https:\/\/fashiongold.lt\/pl\/#website\"},\"primaryImageOfPage\":{\"@id\":\"https:\/\/fashiongold.lt\/pl\/papuosalas\/diament-lab-grown-033-ct-wyjatkowej-jakosci-barwa-d-czystosc-vvs1\/#primaryimage\"},\"image\":{\"@id\":\"https:\/\/fashiongold.lt\/pl\/papuosalas\/diament-lab-grown-033-ct-wyjatkowej-jakosci-barwa-d-czystosc-vvs1\/#primaryimage\"},\"thumbnailUrl\":\"https:\/\/fashiongold.lt\/wp-content\/uploads\/2025\/10\/3408-046-Lab-Grown-Deimantas-050-ct-Isskirtines-kokybes-D-Spalva-VVS1-Svarumas.png\",\"datePublished\":\"2025-10-09T20:29:55+00:00\",\"breadcrumb\":{\"@id\":\"https:\/\/fashiongold.lt\/pl\/papuosalas\/diament-lab-grown-033-ct-wyjatkowej-jakosci-barwa-d-czystosc-vvs1\/#breadcrumb\"},\"inLanguage\":\"pl-PL\",\"potentialAction\":[{\"@type\":\"ReadAction\",\"target\":[\"https:\/\/fashiongold.lt\/pl\/papuosalas\/diament-lab-grown-033-ct-wyjatkowej-jakosci-barwa-d-czystosc-vvs1\/\"]}]},{\"@type\":\"ImageObject\",\"inLanguage\":\"pl-PL\",\"@id\":\"https:\/\/fashiongold.lt\/pl\/papuosalas\/diament-lab-grown-033-ct-wyjatkowej-jakosci-barwa-d-czystosc-vvs1\/#primaryimage\",\"url\":\"https:\/\/fashiongold.lt\/wp-content\/uploads\/2025\/10\/3408-046-Lab-Grown-Deimantas-050-ct-Isskirtines-kokybes-D-Spalva-VVS1-Svarumas.png\",\"contentUrl\":\"https:\/\/fashiongold.lt\/wp-content\/uploads\/2025\/10\/3408-046-Lab-Grown-Deimantas-050-ct-Isskirtines-kokybes-D-Spalva-VVS1-Svarumas.png\",\"width\":463,\"height\":418},{\"@type\":\"BreadcrumbList\",\"@id\":\"https:\/\/fashiongold.lt\/pl\/papuosalas\/diament-lab-grown-033-ct-wyjatkowej-jakosci-barwa-d-czystosc-vvs1\/#breadcrumb\",\"itemListElement\":[{\"@type\":\"ListItem\",\"position\":1,\"name\":\"Home\",\"item\":\"https:\/\/fashiongold.lt\/pl\/\"},{\"@type\":\"ListItem\",\"position\":2,\"name\":\"Sklep z diamentami Fashiongold.lt\",\"item\":\"https:\/\/fashiongold.lt\/shop-2\/\"},{\"@type\":\"ListItem\",\"position\":3,\"name\":\"Diament Lab Grown 0,33 ct Wyj\u0105tkowej jako\u015bci Barwa D Czysto\u015b\u0107 VVS1\"}]},{\"@type\":\"WebSite\",\"@id\":\"https:\/\/fashiongold.lt\/pl\/#website\",\"url\":\"https:\/\/fashiongold.lt\/pl\/\",\"name\":\"Fashion Gold\",\"description\":\"Juvelyrikos namai\",\"publisher\":{\"@id\":\"https:\/\/fashiongold.lt\/pl\/#organization\"},\"potentialAction\":[{\"@type\":\"SearchAction\",\"target\":{\"@type\":\"EntryPoint\",\"urlTemplate\":\"https:\/\/fashiongold.lt\/pl\/?s={search_term_string}\"},\"query-input\":{\"@type\":\"PropertyValueSpecification\",\"valueRequired\":true,\"valueName\":\"search_term_string\"}}],\"inLanguage\":\"pl-PL\"},{\"@type\":\"Organization\",\"@id\":\"https:\/\/fashiongold.lt\/pl\/#organization\",\"name\":\"Topdiamonds Online\",\"url\":\"https:\/\/fashiongold.lt\/pl\/\",\"logo\":{\"@type\":\"ImageObject\",\"inLanguage\":\"pl-PL\",\"@id\":\"https:\/\/fashiongold.lt\/pl\/#\/schema\/logo\/image\/\",\"url\":\"https:\/\/fashiongold.lt\/wp-content\/uploads\/2025\/04\/cropped-fashion_gold_logotipas2-scaled-1.png\",\"contentUrl\":\"https:\/\/fashiongold.lt\/wp-content\/uploads\/2025\/04\/cropped-fashion_gold_logotipas2-scaled-1.png\",\"width\":2559,\"height\":421,\"caption\":\"Topdiamonds Online\"},\"image\":{\"@id\":\"https:\/\/fashiongold.lt\/pl\/#\/schema\/logo\/image\/\"}}]}<\/script>\n<!-- \/ Yoast SEO plugin. -->","yoast_head_json":{"title":"Diament Lab Grown 0,33 ct Wyj\u0105tkowej jako\u015bci Barwa D Czysto\u015b\u0107 VVS1 - FashionGold.lt","robots":{"index":"index","follow":"follow","max-snippet":"max-snippet:-1","max-image-preview":"max-image-preview:large","max-video-preview":"max-video-preview:-1"},"canonical":"https:\/\/fashiongold.lt\/pl\/papuosalas\/diament-lab-grown-033-ct-wyjatkowej-jakosci-barwa-d-czystosc-vvs1\/","og_locale":"pl_PL","og_type":"article","og_title":"Diament Lab Grown 0,33 ct Wyj\u0105tkowej jako\u015bci Barwa D Czysto\u015b\u0107 VVS1 - FashionGold.lt","og_description":"Odkryj diament Lab Grown o wyj\u0105tkowej jako\u015bci 0,33 ct, o bezbarwnej barwie D i wyj\u0105tkowej czysto\u015bci VVS1. Ten diament charakteryzuje si\u0119 doskona\u0142ym blaskiem i najwy\u017cszym poziomem jako\u015bci. B\u0105d\u017a zachwycaj\u0105ca i wyj\u0105tkowa z tym diamentem Lab Grown 0,33 ct, kt\u00f3ry z pewno\u015bci\u0105 przyci\u0105gnie uwag\u0119 swoim niezwyk\u0142ym blaskiem.\u00a0","og_url":"https:\/\/fashiongold.lt\/pl\/papuosalas\/diament-lab-grown-033-ct-wyjatkowej-jakosci-barwa-d-czystosc-vvs1\/","og_site_name":"FashionGold.lt","og_image":[{"width":463,"height":418,"url":"https:\/\/fashiongold.lt\/wp-content\/uploads\/2025\/10\/3408-046-Lab-Grown-Deimantas-050-ct-Isskirtines-kokybes-D-Spalva-VVS1-Svarumas.webp","type":"image\/png"}],"twitter_card":"summary_large_image","twitter_misc":{"Szacowany czas czytania":"1 minuta"},"schema":{"@context":"https:\/\/schema.org","@graph":[{"@type":"WebPage","@id":"https:\/\/fashiongold.lt\/pl\/papuosalas\/diament-lab-grown-033-ct-wyjatkowej-jakosci-barwa-d-czystosc-vvs1\/","url":"https:\/\/fashiongold.lt\/pl\/papuosalas\/diament-lab-grown-033-ct-wyjatkowej-jakosci-barwa-d-czystosc-vvs1\/","name":"Diament Lab Grown 0,33 ct Wyj\u0105tkowej jako\u015bci Barwa D Czysto\u015b\u0107 VVS1 - FashionGold.lt","isPartOf":{"@id":"https:\/\/fashiongold.lt\/pl\/#website"},"primaryImageOfPage":{"@id":"https:\/\/fashiongold.lt\/pl\/papuosalas\/diament-lab-grown-033-ct-wyjatkowej-jakosci-barwa-d-czystosc-vvs1\/#primaryimage"},"image":{"@id":"https:\/\/fashiongold.lt\/pl\/papuosalas\/diament-lab-grown-033-ct-wyjatkowej-jakosci-barwa-d-czystosc-vvs1\/#primaryimage"},"thumbnailUrl":"https:\/\/fashiongold.lt\/wp-content\/uploads\/2025\/10\/3408-046-Lab-Grown-Deimantas-050-ct-Isskirtines-kokybes-D-Spalva-VVS1-Svarumas.png","datePublished":"2025-10-09T20:29:55+00:00","breadcrumb":{"@id":"https:\/\/fashiongold.lt\/pl\/papuosalas\/diament-lab-grown-033-ct-wyjatkowej-jakosci-barwa-d-czystosc-vvs1\/#breadcrumb"},"inLanguage":"pl-PL","potentialAction":[{"@type":"ReadAction","target":["https:\/\/fashiongold.lt\/pl\/papuosalas\/diament-lab-grown-033-ct-wyjatkowej-jakosci-barwa-d-czystosc-vvs1\/"]}]},{"@type":"ImageObject","inLanguage":"pl-PL","@id":"https:\/\/fashiongold.lt\/pl\/papuosalas\/diament-lab-grown-033-ct-wyjatkowej-jakosci-barwa-d-czystosc-vvs1\/#primaryimage","url":"https:\/\/fashiongold.lt\/wp-content\/uploads\/2025\/10\/3408-046-Lab-Grown-Deimantas-050-ct-Isskirtines-kokybes-D-Spalva-VVS1-Svarumas.png","contentUrl":"https:\/\/fashiongold.lt\/wp-content\/uploads\/2025\/10\/3408-046-Lab-Grown-Deimantas-050-ct-Isskirtines-kokybes-D-Spalva-VVS1-Svarumas.png","width":463,"height":418},{"@type":"BreadcrumbList","@id":"https:\/\/fashiongold.lt\/pl\/papuosalas\/diament-lab-grown-033-ct-wyjatkowej-jakosci-barwa-d-czystosc-vvs1\/#breadcrumb","itemListElement":[{"@type":"ListItem","position":1,"name":"Home","item":"https:\/\/fashiongold.lt\/pl\/"},{"@type":"ListItem","position":2,"name":"Sklep z diamentami Fashiongold.lt","item":"https:\/\/fashiongold.lt\/shop-2\/"},{"@type":"ListItem","position":3,"name":"Diament Lab Grown 0,33 ct Wyj\u0105tkowej jako\u015bci Barwa D Czysto\u015b\u0107 VVS1"}]},{"@type":"WebSite","@id":"https:\/\/fashiongold.lt\/pl\/#website","url":"https:\/\/fashiongold.lt\/pl\/","name":"Fashion Gold","description":"Juvelyrikos namai","publisher":{"@id":"https:\/\/fashiongold.lt\/pl\/#organization"},"potentialAction":[{"@type":"SearchAction","target":{"@type":"EntryPoint","urlTemplate":"https:\/\/fashiongold.lt\/pl\/?s={search_term_string}"},"query-input":{"@type":"PropertyValueSpecification","valueRequired":true,"valueName":"search_term_string"}}],"inLanguage":"pl-PL"},{"@type":"Organization","@id":"https:\/\/fashiongold.lt\/pl\/#organization","name":"Topdiamonds Online","url":"https:\/\/fashiongold.lt\/pl\/","logo":{"@type":"ImageObject","inLanguage":"pl-PL","@id":"https:\/\/fashiongold.lt\/pl\/#\/schema\/logo\/image\/","url":"https:\/\/fashiongold.lt\/wp-content\/uploads\/2025\/04\/cropped-fashion_gold_logotipas2-scaled-1.png","contentUrl":"https:\/\/fashiongold.lt\/wp-content\/uploads\/2025\/04\/cropped-fashion_gold_logotipas2-scaled-1.png","width":2559,"height":421,"caption":"Topdiamonds Online"},"image":{"@id":"https:\/\/fashiongold.lt\/pl\/#\/schema\/logo\/image\/"}}]}},"_links":{"self":[{"href":"https:\/\/fashiongold.lt\/pl\/wp-json\/wp\/v2\/product\/289990","targetHints":{"allow":["GET"]}}],"collection":[{"href":"https:\/\/fashiongold.lt\/pl\/wp-json\/wp\/v2\/product"}],"about":[{"href":"https:\/\/fashiongold.lt\/pl\/wp-json\/wp\/v2\/types\/product"}],"version-history":[{"count":0,"href":"https:\/\/fashiongold.lt\/pl\/wp-json\/wp\/v2\/product\/289990\/revisions"}],"wp:featuredmedia":[{"embeddable":true,"href":"https:\/\/fashiongold.lt\/pl\/wp-json\/wp\/v2\/media\/67598"}],"wp:attachment":[{"href":"https:\/\/fashiongold.lt\/pl\/wp-json\/wp\/v2\/media?parent=289990"}],"wp:term":[{"taxonomy":"product_brand","embeddable":true,"href":"https:\/\/fashiongold.lt\/pl\/wp-json\/wp\/v2\/product_brand?post=289990"},{"taxonomy":"product_cat","embeddable":true,"href":"https:\/\/fashiongold.lt\/pl\/wp-json\/wp\/v2\/product_cat?post=289990"},{"taxonomy":"product_tag","embeddable":true,"href":"https:\/\/fashiongold.lt\/pl\/wp-json\/wp\/v2\/product_tag?post=289990"}],"curies":[{"name":"wp","href":"https:\/\/api.w.org\/{rel}","templated":true}]}}