{"id":290030,"date":"2025-10-09T20:29:28","date_gmt":"2025-10-09T20:29:28","guid":{"rendered":"https:\/\/fashiongold.lt\/papuosalas\/008-ct-niebieski-diament-o-szlifie-okraglym-blekitna-gwiazda\/"},"modified":"2025-10-09T20:29:28","modified_gmt":"2025-10-09T20:29:28","slug":"008-ct-niebieski-diament-o-szlifie-okraglym-blekitna-gwiazda","status":"publish","type":"product","link":"https:\/\/fashiongold.lt\/pl\/papuosalas\/008-ct-niebieski-diament-o-szlifie-okraglym-blekitna-gwiazda\/","title":{"rendered":"0,08 ct niebieski diament o szlifie okr\u0105g\u0142ym B\u0142\u0119kitna Gwiazda"},"content":{"rendered":"<h4 style=\"box-sizing: border-box; font-family: Nunito; line-height: 1.1; color: #333333; margin: 0px 0px 15px; font-size: 18px; text-transform: uppercase;\"><span style=\"box-sizing: border-box;\">INFORMACJA O DIAMENCIE:<\/span><\/h4>\n<ul style=\"box-sizing: border-box; margin-top: 0px; margin-bottom: 10px; color: #333333; font-family: Nunito; font-size: 15px;\">\n<li style=\"box-sizing: border-box;\">Kamie\u0144: Naturalny Diament (Brylant)<\/li>\n<li style=\"box-sizing: border-box;\">Kszta\u0142t kamienia: Okr\u0105g\u0142y (57 faset)<\/li>\n<li style=\"box-sizing: border-box;\">Masa kamienia: 0,08 ct (2,8 mm)<\/li>\n<li style=\"box-sizing: border-box;\">Kolor kamienia: zielononiebieski (ang. Deep &#8222;ocean&#8221;)<\/li>\n<li style=\"box-sizing: border-box;\">Czysto\u015b\u0107 kamienia: &#8211;<\/li>\n<li style=\"box-sizing: border-box;\">Certyfikat (laboratorium): Litewska Izba Probiercza (LPR), zapewniaj\u0105ca jako\u015b\u0107 diamentu<\/li>\n<li style=\"box-sizing: border-box;\">Darmowe opakowanie<\/li>\n<\/ul>\n","protected":false},"excerpt":{"rendered":"<p>Zanurz si\u0119 w uroku b\u0142\u0119kitnego nieba z \u201eB\u0142\u0119kitn\u0105 Gwiazd\u0105\u201d, osza\u0142amiaj\u0105cym okr\u0105g\u0142ym niebieskim diamentem o masie 0,08 ct. Ten kamie\u0144 nie tylko zachwyca swoim intensywnym, niebieskim odcieniem, ale tak\u017ce przyci\u0105ga uwag\u0119 magiczn\u0105 si\u0142\u0105 swojego pi\u0119kna. \u201eB\u0142\u0119kitna Gwiazda\u201d to prawdziwa gwiazda, l\u015bni\u0105ca na b\u0142\u0119kitnym niebie i nios\u0105ca w sobie ukryty czar. Dzi\u0119ki swojemu okr\u0105g\u0142emu kszta\u0142towi nadaje on akcent subtelno\u015bci i elegancji. Ten niebieski diament o masie 0,08 ct to nie tylko ozdoba, ale tak\u017ce symbol Twojej wyj\u0105tkowo\u015bci i stylu. Pozw\u00f3l, aby ten diament doda\u0142 uroku, tajemniczo\u015bci i elegancji Twojemu \u017cyciu.<\/p>\n","protected":false},"featured_media":67525,"template":"","meta":{"site-sidebar-layout":"","site-content-layout":"","ast-site-content-layout":"","site-content-style":"","site-sidebar-style":"","ast-global-header-display":"","ast-banner-title-visibility":"","ast-main-header-display":"","ast-hfb-above-header-display":"","ast-hfb-below-header-display":"","ast-hfb-mobile-header-display":"","site-post-title":"","ast-breadcrumbs-content":"","ast-featured-img":"","footer-sml-layout":"","ast-disable-related-posts":"","theme-transparent-header-meta":"","adv-header-id-meta":"","stick-header-meta":"","header-above-stick-meta":"","header-main-stick-meta":"","header-below-stick-meta":"","astra-migrate-meta-layouts":"default","ast-page-background-enabled":"default","ast-page-background-meta":{"desktop":{"background-color":"var(--ast-global-color-4)","background-image":"","background-repeat":"repeat","background-position":"center center","background-size":"auto","background-attachment":"scroll","background-type":"","background-media":"","overlay-type":"","overlay-color":"","overlay-opacity":"","overlay-gradient":""},"tablet":{"background-color":"","background-image":"","background-repeat":"repeat","background-position":"center center","background-size":"auto","background-attachment":"scroll","background-type":"","background-media":"","overlay-type":"","overlay-color":"","overlay-opacity":"","overlay-gradient":""},"mobile":{"background-color":"","background-image":"","background-repeat":"repeat","background-position":"center center","background-size":"auto","background-attachment":"scroll","background-type":"","background-media":"","overlay-type":"","overlay-color":"","overlay-opacity":"","overlay-gradient":""}},"ast-content-background-meta":{"desktop":{"background-color":"var(--ast-global-color-5)","background-image":"","background-repeat":"repeat","background-position":"center center","background-size":"auto","background-attachment":"scroll","background-type":"","background-media":"","overlay-type":"","overlay-color":"","overlay-opacity":"","overlay-gradient":""},"tablet":{"background-color":"var(--ast-global-color-5)","background-image":"","background-repeat":"repeat","background-position":"center center","background-size":"auto","background-attachment":"scroll","background-type":"","background-media":"","overlay-type":"","overlay-color":"","overlay-opacity":"","overlay-gradient":""},"mobile":{"background-color":"var(--ast-global-color-5)","background-image":"","background-repeat":"repeat","background-position":"center center","background-size":"auto","background-attachment":"scroll","background-type":"","background-media":"","overlay-type":"","overlay-color":"","overlay-opacity":"","overlay-gradient":""}}},"product_brand":[],"product_cat":[2870,3659,4089,4088,2853,2856,3165,2876,2860,2857,2854,2855,3169,2859,2852],"product_tag":[],"class_list":{"0":"post-290030","1":"product","2":"type-product","3":"status-publish","4":"has-post-thumbnail","6":"product_cat-bizuteria-meska","7":"product_cat-diamenty-i-brylanty","8":"product_cat-diamenty-naturalne-brylanty-do-030-karata","9":"product_cat-kolorowe-diamenty-brylanty","10":"product_cat-prezenty-dla-kobiet","11":"product_cat-prezenty-dla-mezczyzn","12":"product_cat-prezenty-na-chrzest","13":"product_cat-prezenty-na-walentynki","14":"product_cat-prezenty-na-wyjatkowe-okazje","15":"product_cat-prezenty-swiateczne","16":"product_cat-prezenty-z-okazji-narodzin-dziecka","17":"product_cat-prezenty-z-okazji-rocznicy-slubu","18":"product_cat-prezenty-z-okazji-slubu","19":"product_cat-prezenty-z-okazji-ukonczenia-szkoly","20":"product_cat-prezenty-z-okazji-urodzin","21":"desktop-align-center","22":"tablet-align-left","23":"mobile-align-left","24":"ast-product-gallery-layout-horizontal-slider","25":"ast-product-gallery-with-no-image","26":"ast-product-tabs-layout-accordion","27":"ast-qv-on-image","29":"first","30":"instock","31":"taxable","32":"shipping-taxable","33":"purchasable","34":"product-type-simple"},"yoast_head":"<!-- This site is optimized with the Yoast SEO plugin v26.6 - https:\/\/yoast.com\/wordpress\/plugins\/seo\/ -->\n<title>0,08 ct niebieski diament o szlifie okr\u0105g\u0142ym B\u0142\u0119kitna Gwiazda - FashionGold.lt<\/title>\n<meta name=\"robots\" content=\"index, follow, max-snippet:-1, max-image-preview:large, max-video-preview:-1\" \/>\n<link rel=\"canonical\" href=\"https:\/\/fashiongold.lt\/pl\/papuosalas\/008-ct-niebieski-diament-o-szlifie-okraglym-blekitna-gwiazda\/\" \/>\n<meta property=\"og:locale\" content=\"pl_PL\" \/>\n<meta property=\"og:type\" content=\"article\" \/>\n<meta property=\"og:title\" content=\"0,08 ct niebieski diament o szlifie okr\u0105g\u0142ym B\u0142\u0119kitna Gwiazda - FashionGold.lt\" \/>\n<meta property=\"og:description\" content=\"Zanurz si\u0119 w uroku b\u0142\u0119kitnego nieba z \u201eB\u0142\u0119kitn\u0105 Gwiazd\u0105\u201d, osza\u0142amiaj\u0105cym okr\u0105g\u0142ym niebieskim diamentem o masie 0,08 ct. Ten kamie\u0144 nie tylko zachwyca swoim intensywnym, niebieskim odcieniem, ale tak\u017ce przyci\u0105ga uwag\u0119 magiczn\u0105 si\u0142\u0105 swojego pi\u0119kna. \u201eB\u0142\u0119kitna Gwiazda\u201d to prawdziwa gwiazda, l\u015bni\u0105ca na b\u0142\u0119kitnym niebie i nios\u0105ca w sobie ukryty czar. Dzi\u0119ki swojemu okr\u0105g\u0142emu kszta\u0142towi nadaje on akcent subtelno\u015bci i elegancji. Ten niebieski diament o masie 0,08 ct to nie tylko ozdoba, ale tak\u017ce symbol Twojej wyj\u0105tkowo\u015bci i stylu. Pozw\u00f3l, aby ten diament doda\u0142 uroku, tajemniczo\u015bci i elegancji Twojemu \u017cyciu.\" \/>\n<meta property=\"og:url\" content=\"https:\/\/fashiongold.lt\/pl\/papuosalas\/008-ct-niebieski-diament-o-szlifie-okraglym-blekitna-gwiazda\/\" \/>\n<meta property=\"og:site_name\" content=\"FashionGold.lt\" \/>\n<meta property=\"og:image\" content=\"https:\/\/fashiongold.lt\/wp-content\/uploads\/2025\/10\/3395-13c-008-ct-melynos-spalvos-apvalios-formos-deimantas.webp\" \/>\n\t<meta property=\"og:image:width\" content=\"472\" \/>\n\t<meta property=\"og:image:height\" content=\"474\" \/>\n\t<meta property=\"og:image:type\" content=\"image\/png\" \/>\n<meta name=\"twitter:card\" content=\"summary_large_image\" \/>\n<script type=\"application\/ld+json\" class=\"yoast-schema-graph\">{\"@context\":\"https:\/\/schema.org\",\"@graph\":[{\"@type\":\"WebPage\",\"@id\":\"https:\/\/fashiongold.lt\/pl\/papuosalas\/008-ct-niebieski-diament-o-szlifie-okraglym-blekitna-gwiazda\/\",\"url\":\"https:\/\/fashiongold.lt\/pl\/papuosalas\/008-ct-niebieski-diament-o-szlifie-okraglym-blekitna-gwiazda\/\",\"name\":\"0,08 ct niebieski diament o szlifie okr\u0105g\u0142ym B\u0142\u0119kitna Gwiazda - FashionGold.lt\",\"isPartOf\":{\"@id\":\"https:\/\/fashiongold.lt\/pl\/#website\"},\"primaryImageOfPage\":{\"@id\":\"https:\/\/fashiongold.lt\/pl\/papuosalas\/008-ct-niebieski-diament-o-szlifie-okraglym-blekitna-gwiazda\/#primaryimage\"},\"image\":{\"@id\":\"https:\/\/fashiongold.lt\/pl\/papuosalas\/008-ct-niebieski-diament-o-szlifie-okraglym-blekitna-gwiazda\/#primaryimage\"},\"thumbnailUrl\":\"https:\/\/fashiongold.lt\/wp-content\/uploads\/2025\/10\/3395-13c-008-ct-melynos-spalvos-apvalios-formos-deimantas.png\",\"datePublished\":\"2025-10-09T20:29:28+00:00\",\"breadcrumb\":{\"@id\":\"https:\/\/fashiongold.lt\/pl\/papuosalas\/008-ct-niebieski-diament-o-szlifie-okraglym-blekitna-gwiazda\/#breadcrumb\"},\"inLanguage\":\"pl-PL\",\"potentialAction\":[{\"@type\":\"ReadAction\",\"target\":[\"https:\/\/fashiongold.lt\/pl\/papuosalas\/008-ct-niebieski-diament-o-szlifie-okraglym-blekitna-gwiazda\/\"]}]},{\"@type\":\"ImageObject\",\"inLanguage\":\"pl-PL\",\"@id\":\"https:\/\/fashiongold.lt\/pl\/papuosalas\/008-ct-niebieski-diament-o-szlifie-okraglym-blekitna-gwiazda\/#primaryimage\",\"url\":\"https:\/\/fashiongold.lt\/wp-content\/uploads\/2025\/10\/3395-13c-008-ct-melynos-spalvos-apvalios-formos-deimantas.png\",\"contentUrl\":\"https:\/\/fashiongold.lt\/wp-content\/uploads\/2025\/10\/3395-13c-008-ct-melynos-spalvos-apvalios-formos-deimantas.png\",\"width\":472,\"height\":474},{\"@type\":\"BreadcrumbList\",\"@id\":\"https:\/\/fashiongold.lt\/pl\/papuosalas\/008-ct-niebieski-diament-o-szlifie-okraglym-blekitna-gwiazda\/#breadcrumb\",\"itemListElement\":[{\"@type\":\"ListItem\",\"position\":1,\"name\":\"Home\",\"item\":\"https:\/\/fashiongold.lt\/pl\/\"},{\"@type\":\"ListItem\",\"position\":2,\"name\":\"Sklep z diamentami Fashiongold.lt\",\"item\":\"https:\/\/fashiongold.lt\/shop-2\/\"},{\"@type\":\"ListItem\",\"position\":3,\"name\":\"0,08 ct niebieski diament o szlifie okr\u0105g\u0142ym B\u0142\u0119kitna Gwiazda\"}]},{\"@type\":\"WebSite\",\"@id\":\"https:\/\/fashiongold.lt\/pl\/#website\",\"url\":\"https:\/\/fashiongold.lt\/pl\/\",\"name\":\"Fashion Gold\",\"description\":\"Juvelyrikos namai\",\"publisher\":{\"@id\":\"https:\/\/fashiongold.lt\/pl\/#organization\"},\"potentialAction\":[{\"@type\":\"SearchAction\",\"target\":{\"@type\":\"EntryPoint\",\"urlTemplate\":\"https:\/\/fashiongold.lt\/pl\/?s={search_term_string}\"},\"query-input\":{\"@type\":\"PropertyValueSpecification\",\"valueRequired\":true,\"valueName\":\"search_term_string\"}}],\"inLanguage\":\"pl-PL\"},{\"@type\":\"Organization\",\"@id\":\"https:\/\/fashiongold.lt\/pl\/#organization\",\"name\":\"Topdiamonds Online\",\"url\":\"https:\/\/fashiongold.lt\/pl\/\",\"logo\":{\"@type\":\"ImageObject\",\"inLanguage\":\"pl-PL\",\"@id\":\"https:\/\/fashiongold.lt\/pl\/#\/schema\/logo\/image\/\",\"url\":\"https:\/\/fashiongold.lt\/wp-content\/uploads\/2025\/04\/cropped-fashion_gold_logotipas2-scaled-1.png\",\"contentUrl\":\"https:\/\/fashiongold.lt\/wp-content\/uploads\/2025\/04\/cropped-fashion_gold_logotipas2-scaled-1.png\",\"width\":2559,\"height\":421,\"caption\":\"Topdiamonds Online\"},\"image\":{\"@id\":\"https:\/\/fashiongold.lt\/pl\/#\/schema\/logo\/image\/\"}}]}<\/script>\n<!-- \/ Yoast SEO plugin. -->","yoast_head_json":{"title":"0,08 ct niebieski diament o szlifie okr\u0105g\u0142ym B\u0142\u0119kitna Gwiazda - FashionGold.lt","robots":{"index":"index","follow":"follow","max-snippet":"max-snippet:-1","max-image-preview":"max-image-preview:large","max-video-preview":"max-video-preview:-1"},"canonical":"https:\/\/fashiongold.lt\/pl\/papuosalas\/008-ct-niebieski-diament-o-szlifie-okraglym-blekitna-gwiazda\/","og_locale":"pl_PL","og_type":"article","og_title":"0,08 ct niebieski diament o szlifie okr\u0105g\u0142ym B\u0142\u0119kitna Gwiazda - FashionGold.lt","og_description":"Zanurz si\u0119 w uroku b\u0142\u0119kitnego nieba z \u201eB\u0142\u0119kitn\u0105 Gwiazd\u0105\u201d, osza\u0142amiaj\u0105cym okr\u0105g\u0142ym niebieskim diamentem o masie 0,08 ct. Ten kamie\u0144 nie tylko zachwyca swoim intensywnym, niebieskim odcieniem, ale tak\u017ce przyci\u0105ga uwag\u0119 magiczn\u0105 si\u0142\u0105 swojego pi\u0119kna. \u201eB\u0142\u0119kitna Gwiazda\u201d to prawdziwa gwiazda, l\u015bni\u0105ca na b\u0142\u0119kitnym niebie i nios\u0105ca w sobie ukryty czar. Dzi\u0119ki swojemu okr\u0105g\u0142emu kszta\u0142towi nadaje on akcent subtelno\u015bci i elegancji. Ten niebieski diament o masie 0,08 ct to nie tylko ozdoba, ale tak\u017ce symbol Twojej wyj\u0105tkowo\u015bci i stylu. Pozw\u00f3l, aby ten diament doda\u0142 uroku, tajemniczo\u015bci i elegancji Twojemu \u017cyciu.","og_url":"https:\/\/fashiongold.lt\/pl\/papuosalas\/008-ct-niebieski-diament-o-szlifie-okraglym-blekitna-gwiazda\/","og_site_name":"FashionGold.lt","og_image":[{"width":472,"height":474,"url":"https:\/\/fashiongold.lt\/wp-content\/uploads\/2025\/10\/3395-13c-008-ct-melynos-spalvos-apvalios-formos-deimantas.webp","type":"image\/png"}],"twitter_card":"summary_large_image","schema":{"@context":"https:\/\/schema.org","@graph":[{"@type":"WebPage","@id":"https:\/\/fashiongold.lt\/pl\/papuosalas\/008-ct-niebieski-diament-o-szlifie-okraglym-blekitna-gwiazda\/","url":"https:\/\/fashiongold.lt\/pl\/papuosalas\/008-ct-niebieski-diament-o-szlifie-okraglym-blekitna-gwiazda\/","name":"0,08 ct niebieski diament o szlifie okr\u0105g\u0142ym B\u0142\u0119kitna Gwiazda - FashionGold.lt","isPartOf":{"@id":"https:\/\/fashiongold.lt\/pl\/#website"},"primaryImageOfPage":{"@id":"https:\/\/fashiongold.lt\/pl\/papuosalas\/008-ct-niebieski-diament-o-szlifie-okraglym-blekitna-gwiazda\/#primaryimage"},"image":{"@id":"https:\/\/fashiongold.lt\/pl\/papuosalas\/008-ct-niebieski-diament-o-szlifie-okraglym-blekitna-gwiazda\/#primaryimage"},"thumbnailUrl":"https:\/\/fashiongold.lt\/wp-content\/uploads\/2025\/10\/3395-13c-008-ct-melynos-spalvos-apvalios-formos-deimantas.png","datePublished":"2025-10-09T20:29:28+00:00","breadcrumb":{"@id":"https:\/\/fashiongold.lt\/pl\/papuosalas\/008-ct-niebieski-diament-o-szlifie-okraglym-blekitna-gwiazda\/#breadcrumb"},"inLanguage":"pl-PL","potentialAction":[{"@type":"ReadAction","target":["https:\/\/fashiongold.lt\/pl\/papuosalas\/008-ct-niebieski-diament-o-szlifie-okraglym-blekitna-gwiazda\/"]}]},{"@type":"ImageObject","inLanguage":"pl-PL","@id":"https:\/\/fashiongold.lt\/pl\/papuosalas\/008-ct-niebieski-diament-o-szlifie-okraglym-blekitna-gwiazda\/#primaryimage","url":"https:\/\/fashiongold.lt\/wp-content\/uploads\/2025\/10\/3395-13c-008-ct-melynos-spalvos-apvalios-formos-deimantas.png","contentUrl":"https:\/\/fashiongold.lt\/wp-content\/uploads\/2025\/10\/3395-13c-008-ct-melynos-spalvos-apvalios-formos-deimantas.png","width":472,"height":474},{"@type":"BreadcrumbList","@id":"https:\/\/fashiongold.lt\/pl\/papuosalas\/008-ct-niebieski-diament-o-szlifie-okraglym-blekitna-gwiazda\/#breadcrumb","itemListElement":[{"@type":"ListItem","position":1,"name":"Home","item":"https:\/\/fashiongold.lt\/pl\/"},{"@type":"ListItem","position":2,"name":"Sklep z diamentami Fashiongold.lt","item":"https:\/\/fashiongold.lt\/shop-2\/"},{"@type":"ListItem","position":3,"name":"0,08 ct niebieski diament o szlifie okr\u0105g\u0142ym B\u0142\u0119kitna Gwiazda"}]},{"@type":"WebSite","@id":"https:\/\/fashiongold.lt\/pl\/#website","url":"https:\/\/fashiongold.lt\/pl\/","name":"Fashion Gold","description":"Juvelyrikos namai","publisher":{"@id":"https:\/\/fashiongold.lt\/pl\/#organization"},"potentialAction":[{"@type":"SearchAction","target":{"@type":"EntryPoint","urlTemplate":"https:\/\/fashiongold.lt\/pl\/?s={search_term_string}"},"query-input":{"@type":"PropertyValueSpecification","valueRequired":true,"valueName":"search_term_string"}}],"inLanguage":"pl-PL"},{"@type":"Organization","@id":"https:\/\/fashiongold.lt\/pl\/#organization","name":"Topdiamonds Online","url":"https:\/\/fashiongold.lt\/pl\/","logo":{"@type":"ImageObject","inLanguage":"pl-PL","@id":"https:\/\/fashiongold.lt\/pl\/#\/schema\/logo\/image\/","url":"https:\/\/fashiongold.lt\/wp-content\/uploads\/2025\/04\/cropped-fashion_gold_logotipas2-scaled-1.png","contentUrl":"https:\/\/fashiongold.lt\/wp-content\/uploads\/2025\/04\/cropped-fashion_gold_logotipas2-scaled-1.png","width":2559,"height":421,"caption":"Topdiamonds Online"},"image":{"@id":"https:\/\/fashiongold.lt\/pl\/#\/schema\/logo\/image\/"}}]}},"_links":{"self":[{"href":"https:\/\/fashiongold.lt\/pl\/wp-json\/wp\/v2\/product\/290030","targetHints":{"allow":["GET"]}}],"collection":[{"href":"https:\/\/fashiongold.lt\/pl\/wp-json\/wp\/v2\/product"}],"about":[{"href":"https:\/\/fashiongold.lt\/pl\/wp-json\/wp\/v2\/types\/product"}],"version-history":[{"count":0,"href":"https:\/\/fashiongold.lt\/pl\/wp-json\/wp\/v2\/product\/290030\/revisions"}],"wp:featuredmedia":[{"embeddable":true,"href":"https:\/\/fashiongold.lt\/pl\/wp-json\/wp\/v2\/media\/67525"}],"wp:attachment":[{"href":"https:\/\/fashiongold.lt\/pl\/wp-json\/wp\/v2\/media?parent=290030"}],"wp:term":[{"taxonomy":"product_brand","embeddable":true,"href":"https:\/\/fashiongold.lt\/pl\/wp-json\/wp\/v2\/product_brand?post=290030"},{"taxonomy":"product_cat","embeddable":true,"href":"https:\/\/fashiongold.lt\/pl\/wp-json\/wp\/v2\/product_cat?post=290030"},{"taxonomy":"product_tag","embeddable":true,"href":"https:\/\/fashiongold.lt\/pl\/wp-json\/wp\/v2\/product_tag?post=290030"}],"curies":[{"name":"wp","href":"https:\/\/api.w.org\/{rel}","templated":true}]}}