{"id":290080,"date":"2025-10-09T20:29:02","date_gmt":"2025-10-09T20:29:02","guid":{"rendered":"https:\/\/fashiongold.lt\/papuosalas\/piekno-brazowego-koloru-197-ct-brazowy-diament-o-okraglym-ksztalcie\/"},"modified":"2025-10-09T20:29:02","modified_gmt":"2025-10-09T20:29:02","slug":"piekno-brazowego-koloru-197-ct-brazowy-diament-o-okraglym-ksztalcie","status":"publish","type":"product","link":"https:\/\/fashiongold.lt\/pl\/papuosalas\/piekno-brazowego-koloru-197-ct-brazowy-diament-o-okraglym-ksztalcie\/","title":{"rendered":"Pi\u0119kno br\u0105zowego koloru: 1,97 ct br\u0105zowy diament o okr\u0105g\u0142ym kszta\u0142cie"},"content":{"rendered":"<p>Poczuj magi\u0119 br\u0105zowego koloru dzi\u0119ki diamentowi o masie 1,97 ct i okr\u0105g\u0142ym kszta\u0142cie. Ten osza\u0142amiaj\u0105cy kamie\u0144 zachwyca swoim odcieniem, kt\u00f3ry przenika do duszy. Jego okr\u0105g\u0142y kszta\u0142t nie tylko symbolizuje wieczno\u015b\u0107, ale tak\u017ce nadaje harmonijny wygl\u0105d. Zanurzaj\u0105c si\u0119 w uroku natury, ten diament uchwyci\u0142 ciemn\u0105, orientaln\u0105 esencj\u0119 pi\u0119kna, ukazuj\u0105c sw\u00f3j naturalny kolor i wyj\u0105tkowo\u015b\u0107. Kupuj\u0105c ten diament o masie 1,97 ct i okr\u0105g\u0142ym kszta\u0142cie, kt\u00f3ry l\u015bni si\u0142\u0105 i ekspresj\u0105, staniesz si\u0119 przyk\u0142adem nie tylko stylu, ale i wyj\u0105tkowo\u015bci. Pozw\u00f3l temu br\u0105zowemu diamentowi odrodzi\u0107 si\u0119 w Twoim wewn\u0119trznym blasku i przyci\u0105gn\u0105\u0107 uwag\u0119 swoj\u0105 szczeg\u00f3ln\u0105 energi\u0105 otoczon\u0105 natur\u0105.<\/p>\n<h4 style=\"box-sizing: border-box; font-family: Nunito; line-height: 1.1; color: #333333; margin: 0px 0px 15px; font-size: 18px; text-transform: uppercase;\">INFORMACJE O DIAMENCIE:<\/h4>\n<ul style=\"box-sizing: border-box; margin-top: 0px; margin-bottom: 10px; color: #333333; font-family: Nunito; font-size: 15px;\">\n<li style=\"box-sizing: border-box;\">Kamie\u0144: Naturalny diament<\/li>\n<li style=\"box-sizing: border-box;\">Kszta\u0142t kamienia: Okr\u0105g\u0142y diament (ang. Round)<\/li>\n<li style=\"box-sizing: border-box;\">Masa kamienia: 1,97 ct<\/li>\n<li style=\"box-sizing: border-box;\">Rozmiar: 8.08-8.13&#215;4.89<\/li>\n<li style=\"box-sizing: border-box;\">Kolor kamienia: Br\u0105zowy (ang. Fancy intense brown)<\/li>\n<li style=\"box-sizing: border-box;\">Czysto\u015b\u0107 kamienia: P1<\/li>\n<li style=\"box-sizing: border-box;\">Certyfikat (laboratorium): HRD<\/li>\n<li style=\"box-sizing: border-box;\">Fluorescencja: BRAK<\/li>\n<li style=\"box-sizing: border-box;\">Darmowe opakowanie.<\/li>\n<\/ul>\n","protected":false},"excerpt":{"rendered":"<p>Pozw\u00f3l temu br\u0105zowemu diamentowi obudzi\u0107 Tw\u00f3j wewn\u0119trzny blask i przyci\u0105gn\u0105\u0107 uwag\u0119 swoj\u0105 wyj\u0105tkow\u0105 i otoczon\u0105 natur\u0105 energi\u0105<\/p>\n","protected":false},"featured_media":67443,"template":"","meta":{"site-sidebar-layout":"","site-content-layout":"","ast-site-content-layout":"","site-content-style":"","site-sidebar-style":"","ast-global-header-display":"","ast-banner-title-visibility":"","ast-main-header-display":"","ast-hfb-above-header-display":"","ast-hfb-below-header-display":"","ast-hfb-mobile-header-display":"","site-post-title":"","ast-breadcrumbs-content":"","ast-featured-img":"","footer-sml-layout":"","ast-disable-related-posts":"","theme-transparent-header-meta":"","adv-header-id-meta":"","stick-header-meta":"","header-above-stick-meta":"","header-main-stick-meta":"","header-below-stick-meta":"","astra-migrate-meta-layouts":"default","ast-page-background-enabled":"default","ast-page-background-meta":{"desktop":{"background-color":"var(--ast-global-color-4)","background-image":"","background-repeat":"repeat","background-position":"center center","background-size":"auto","background-attachment":"scroll","background-type":"","background-media":"","overlay-type":"","overlay-color":"","overlay-opacity":"","overlay-gradient":""},"tablet":{"background-color":"","background-image":"","background-repeat":"repeat","background-position":"center center","background-size":"auto","background-attachment":"scroll","background-type":"","background-media":"","overlay-type":"","overlay-color":"","overlay-opacity":"","overlay-gradient":""},"mobile":{"background-color":"","background-image":"","background-repeat":"repeat","background-position":"center center","background-size":"auto","background-attachment":"scroll","background-type":"","background-media":"","overlay-type":"","overlay-color":"","overlay-opacity":"","overlay-gradient":""}},"ast-content-background-meta":{"desktop":{"background-color":"var(--ast-global-color-5)","background-image":"","background-repeat":"repeat","background-position":"center center","background-size":"auto","background-attachment":"scroll","background-type":"","background-media":"","overlay-type":"","overlay-color":"","overlay-opacity":"","overlay-gradient":""},"tablet":{"background-color":"var(--ast-global-color-5)","background-image":"","background-repeat":"repeat","background-position":"center center","background-size":"auto","background-attachment":"scroll","background-type":"","background-media":"","overlay-type":"","overlay-color":"","overlay-opacity":"","overlay-gradient":""},"mobile":{"background-color":"var(--ast-global-color-5)","background-image":"","background-repeat":"repeat","background-position":"center center","background-size":"auto","background-attachment":"scroll","background-type":"","background-media":"","overlay-type":"","overlay-color":"","overlay-opacity":"","overlay-gradient":""}}},"product_brand":[],"product_cat":[3659,4088,2853,2856,3165,2875,2876,2860,2857,2854,2855,3169,2859,2852],"product_tag":[],"class_list":{"0":"post-290080","1":"product","2":"type-product","3":"status-publish","4":"has-post-thumbnail","6":"product_cat-diamenty-i-brylanty","7":"product_cat-kolorowe-diamenty-brylanty","8":"product_cat-prezenty-dla-kobiet","9":"product_cat-prezenty-dla-mezczyzn","10":"product_cat-prezenty-na-chrzest","11":"product_cat-prezenty-na-dzien-matki","12":"product_cat-prezenty-na-walentynki","13":"product_cat-prezenty-na-wyjatkowe-okazje","14":"product_cat-prezenty-swiateczne","15":"product_cat-prezenty-z-okazji-narodzin-dziecka","16":"product_cat-prezenty-z-okazji-rocznicy-slubu","17":"product_cat-prezenty-z-okazji-slubu","18":"product_cat-prezenty-z-okazji-ukonczenia-szkoly","19":"product_cat-prezenty-z-okazji-urodzin","20":"desktop-align-center","21":"tablet-align-left","22":"mobile-align-left","23":"ast-product-gallery-layout-horizontal-slider","24":"ast-product-gallery-with-no-image","25":"ast-product-tabs-layout-accordion","26":"ast-qv-on-image","28":"first","29":"instock","30":"taxable","31":"shipping-taxable","32":"purchasable","33":"product-type-simple"},"yoast_head":"<!-- This site is optimized with the Yoast SEO plugin v26.6 - https:\/\/yoast.com\/wordpress\/plugins\/seo\/ -->\n<title>Pi\u0119kno br\u0105zowego koloru: 1,97 ct br\u0105zowy diament o okr\u0105g\u0142ym kszta\u0142cie - FashionGold.lt<\/title>\n<meta name=\"robots\" content=\"index, follow, max-snippet:-1, max-image-preview:large, max-video-preview:-1\" \/>\n<link rel=\"canonical\" href=\"https:\/\/fashiongold.lt\/pl\/papuosalas\/piekno-brazowego-koloru-197-ct-brazowy-diament-o-okraglym-ksztalcie\/\" \/>\n<meta property=\"og:locale\" content=\"pl_PL\" \/>\n<meta property=\"og:type\" content=\"article\" \/>\n<meta property=\"og:title\" content=\"Pi\u0119kno br\u0105zowego koloru: 1,97 ct br\u0105zowy diament o okr\u0105g\u0142ym kszta\u0142cie - FashionGold.lt\" \/>\n<meta property=\"og:description\" content=\"Pozw\u00f3l temu br\u0105zowemu diamentowi obudzi\u0107 Tw\u00f3j wewn\u0119trzny blask i przyci\u0105gn\u0105\u0107 uwag\u0119 swoj\u0105 wyj\u0105tkow\u0105 i otoczon\u0105 natur\u0105 energi\u0105\" \/>\n<meta property=\"og:url\" content=\"https:\/\/fashiongold.lt\/pl\/papuosalas\/piekno-brazowego-koloru-197-ct-brazowy-diament-o-okraglym-ksztalcie\/\" \/>\n<meta property=\"og:site_name\" content=\"FashionGold.lt\" \/>\n<meta property=\"og:image\" content=\"https:\/\/fashiongold.lt\/wp-content\/uploads\/2025\/10\/3369-4fc-197-ct-rudos-spalvos-apvalios-formos-deimantas.webp\" \/>\n\t<meta property=\"og:image:width\" content=\"714\" \/>\n\t<meta property=\"og:image:height\" content=\"625\" \/>\n\t<meta property=\"og:image:type\" content=\"image\/png\" \/>\n<meta name=\"twitter:card\" content=\"summary_large_image\" \/>\n<meta name=\"twitter:label1\" content=\"Szacowany czas czytania\" \/>\n\t<meta name=\"twitter:data1\" content=\"1 minuta\" \/>\n<script type=\"application\/ld+json\" class=\"yoast-schema-graph\">{\"@context\":\"https:\/\/schema.org\",\"@graph\":[{\"@type\":\"WebPage\",\"@id\":\"https:\/\/fashiongold.lt\/pl\/papuosalas\/piekno-brazowego-koloru-197-ct-brazowy-diament-o-okraglym-ksztalcie\/\",\"url\":\"https:\/\/fashiongold.lt\/pl\/papuosalas\/piekno-brazowego-koloru-197-ct-brazowy-diament-o-okraglym-ksztalcie\/\",\"name\":\"Pi\u0119kno br\u0105zowego koloru: 1,97 ct br\u0105zowy diament o okr\u0105g\u0142ym kszta\u0142cie - FashionGold.lt\",\"isPartOf\":{\"@id\":\"https:\/\/fashiongold.lt\/pl\/#website\"},\"primaryImageOfPage\":{\"@id\":\"https:\/\/fashiongold.lt\/pl\/papuosalas\/piekno-brazowego-koloru-197-ct-brazowy-diament-o-okraglym-ksztalcie\/#primaryimage\"},\"image\":{\"@id\":\"https:\/\/fashiongold.lt\/pl\/papuosalas\/piekno-brazowego-koloru-197-ct-brazowy-diament-o-okraglym-ksztalcie\/#primaryimage\"},\"thumbnailUrl\":\"https:\/\/fashiongold.lt\/wp-content\/uploads\/2025\/10\/3369-4fc-197-ct-rudos-spalvos-apvalios-formos-deimantas.png\",\"datePublished\":\"2025-10-09T20:29:02+00:00\",\"breadcrumb\":{\"@id\":\"https:\/\/fashiongold.lt\/pl\/papuosalas\/piekno-brazowego-koloru-197-ct-brazowy-diament-o-okraglym-ksztalcie\/#breadcrumb\"},\"inLanguage\":\"pl-PL\",\"potentialAction\":[{\"@type\":\"ReadAction\",\"target\":[\"https:\/\/fashiongold.lt\/pl\/papuosalas\/piekno-brazowego-koloru-197-ct-brazowy-diament-o-okraglym-ksztalcie\/\"]}]},{\"@type\":\"ImageObject\",\"inLanguage\":\"pl-PL\",\"@id\":\"https:\/\/fashiongold.lt\/pl\/papuosalas\/piekno-brazowego-koloru-197-ct-brazowy-diament-o-okraglym-ksztalcie\/#primaryimage\",\"url\":\"https:\/\/fashiongold.lt\/wp-content\/uploads\/2025\/10\/3369-4fc-197-ct-rudos-spalvos-apvalios-formos-deimantas.png\",\"contentUrl\":\"https:\/\/fashiongold.lt\/wp-content\/uploads\/2025\/10\/3369-4fc-197-ct-rudos-spalvos-apvalios-formos-deimantas.png\",\"width\":714,\"height\":625},{\"@type\":\"BreadcrumbList\",\"@id\":\"https:\/\/fashiongold.lt\/pl\/papuosalas\/piekno-brazowego-koloru-197-ct-brazowy-diament-o-okraglym-ksztalcie\/#breadcrumb\",\"itemListElement\":[{\"@type\":\"ListItem\",\"position\":1,\"name\":\"Home\",\"item\":\"https:\/\/fashiongold.lt\/pl\/\"},{\"@type\":\"ListItem\",\"position\":2,\"name\":\"Sklep z diamentami Fashiongold.lt\",\"item\":\"https:\/\/fashiongold.lt\/shop-2\/\"},{\"@type\":\"ListItem\",\"position\":3,\"name\":\"Pi\u0119kno br\u0105zowego koloru: 1,97 ct br\u0105zowy diament o okr\u0105g\u0142ym kszta\u0142cie\"}]},{\"@type\":\"WebSite\",\"@id\":\"https:\/\/fashiongold.lt\/pl\/#website\",\"url\":\"https:\/\/fashiongold.lt\/pl\/\",\"name\":\"Fashion Gold\",\"description\":\"Juvelyrikos namai\",\"publisher\":{\"@id\":\"https:\/\/fashiongold.lt\/pl\/#organization\"},\"potentialAction\":[{\"@type\":\"SearchAction\",\"target\":{\"@type\":\"EntryPoint\",\"urlTemplate\":\"https:\/\/fashiongold.lt\/pl\/?s={search_term_string}\"},\"query-input\":{\"@type\":\"PropertyValueSpecification\",\"valueRequired\":true,\"valueName\":\"search_term_string\"}}],\"inLanguage\":\"pl-PL\"},{\"@type\":\"Organization\",\"@id\":\"https:\/\/fashiongold.lt\/pl\/#organization\",\"name\":\"Topdiamonds Online\",\"url\":\"https:\/\/fashiongold.lt\/pl\/\",\"logo\":{\"@type\":\"ImageObject\",\"inLanguage\":\"pl-PL\",\"@id\":\"https:\/\/fashiongold.lt\/pl\/#\/schema\/logo\/image\/\",\"url\":\"https:\/\/fashiongold.lt\/wp-content\/uploads\/2025\/04\/cropped-fashion_gold_logotipas2-scaled-1.png\",\"contentUrl\":\"https:\/\/fashiongold.lt\/wp-content\/uploads\/2025\/04\/cropped-fashion_gold_logotipas2-scaled-1.png\",\"width\":2559,\"height\":421,\"caption\":\"Topdiamonds Online\"},\"image\":{\"@id\":\"https:\/\/fashiongold.lt\/pl\/#\/schema\/logo\/image\/\"}}]}<\/script>\n<!-- \/ Yoast SEO plugin. -->","yoast_head_json":{"title":"Pi\u0119kno br\u0105zowego koloru: 1,97 ct br\u0105zowy diament o okr\u0105g\u0142ym kszta\u0142cie - FashionGold.lt","robots":{"index":"index","follow":"follow","max-snippet":"max-snippet:-1","max-image-preview":"max-image-preview:large","max-video-preview":"max-video-preview:-1"},"canonical":"https:\/\/fashiongold.lt\/pl\/papuosalas\/piekno-brazowego-koloru-197-ct-brazowy-diament-o-okraglym-ksztalcie\/","og_locale":"pl_PL","og_type":"article","og_title":"Pi\u0119kno br\u0105zowego koloru: 1,97 ct br\u0105zowy diament o okr\u0105g\u0142ym kszta\u0142cie - FashionGold.lt","og_description":"Pozw\u00f3l temu br\u0105zowemu diamentowi obudzi\u0107 Tw\u00f3j wewn\u0119trzny blask i przyci\u0105gn\u0105\u0107 uwag\u0119 swoj\u0105 wyj\u0105tkow\u0105 i otoczon\u0105 natur\u0105 energi\u0105","og_url":"https:\/\/fashiongold.lt\/pl\/papuosalas\/piekno-brazowego-koloru-197-ct-brazowy-diament-o-okraglym-ksztalcie\/","og_site_name":"FashionGold.lt","og_image":[{"width":714,"height":625,"url":"https:\/\/fashiongold.lt\/wp-content\/uploads\/2025\/10\/3369-4fc-197-ct-rudos-spalvos-apvalios-formos-deimantas.webp","type":"image\/png"}],"twitter_card":"summary_large_image","twitter_misc":{"Szacowany czas czytania":"1 minuta"},"schema":{"@context":"https:\/\/schema.org","@graph":[{"@type":"WebPage","@id":"https:\/\/fashiongold.lt\/pl\/papuosalas\/piekno-brazowego-koloru-197-ct-brazowy-diament-o-okraglym-ksztalcie\/","url":"https:\/\/fashiongold.lt\/pl\/papuosalas\/piekno-brazowego-koloru-197-ct-brazowy-diament-o-okraglym-ksztalcie\/","name":"Pi\u0119kno br\u0105zowego koloru: 1,97 ct br\u0105zowy diament o okr\u0105g\u0142ym kszta\u0142cie - FashionGold.lt","isPartOf":{"@id":"https:\/\/fashiongold.lt\/pl\/#website"},"primaryImageOfPage":{"@id":"https:\/\/fashiongold.lt\/pl\/papuosalas\/piekno-brazowego-koloru-197-ct-brazowy-diament-o-okraglym-ksztalcie\/#primaryimage"},"image":{"@id":"https:\/\/fashiongold.lt\/pl\/papuosalas\/piekno-brazowego-koloru-197-ct-brazowy-diament-o-okraglym-ksztalcie\/#primaryimage"},"thumbnailUrl":"https:\/\/fashiongold.lt\/wp-content\/uploads\/2025\/10\/3369-4fc-197-ct-rudos-spalvos-apvalios-formos-deimantas.png","datePublished":"2025-10-09T20:29:02+00:00","breadcrumb":{"@id":"https:\/\/fashiongold.lt\/pl\/papuosalas\/piekno-brazowego-koloru-197-ct-brazowy-diament-o-okraglym-ksztalcie\/#breadcrumb"},"inLanguage":"pl-PL","potentialAction":[{"@type":"ReadAction","target":["https:\/\/fashiongold.lt\/pl\/papuosalas\/piekno-brazowego-koloru-197-ct-brazowy-diament-o-okraglym-ksztalcie\/"]}]},{"@type":"ImageObject","inLanguage":"pl-PL","@id":"https:\/\/fashiongold.lt\/pl\/papuosalas\/piekno-brazowego-koloru-197-ct-brazowy-diament-o-okraglym-ksztalcie\/#primaryimage","url":"https:\/\/fashiongold.lt\/wp-content\/uploads\/2025\/10\/3369-4fc-197-ct-rudos-spalvos-apvalios-formos-deimantas.png","contentUrl":"https:\/\/fashiongold.lt\/wp-content\/uploads\/2025\/10\/3369-4fc-197-ct-rudos-spalvos-apvalios-formos-deimantas.png","width":714,"height":625},{"@type":"BreadcrumbList","@id":"https:\/\/fashiongold.lt\/pl\/papuosalas\/piekno-brazowego-koloru-197-ct-brazowy-diament-o-okraglym-ksztalcie\/#breadcrumb","itemListElement":[{"@type":"ListItem","position":1,"name":"Home","item":"https:\/\/fashiongold.lt\/pl\/"},{"@type":"ListItem","position":2,"name":"Sklep z diamentami Fashiongold.lt","item":"https:\/\/fashiongold.lt\/shop-2\/"},{"@type":"ListItem","position":3,"name":"Pi\u0119kno br\u0105zowego koloru: 1,97 ct br\u0105zowy diament o okr\u0105g\u0142ym kszta\u0142cie"}]},{"@type":"WebSite","@id":"https:\/\/fashiongold.lt\/pl\/#website","url":"https:\/\/fashiongold.lt\/pl\/","name":"Fashion Gold","description":"Juvelyrikos namai","publisher":{"@id":"https:\/\/fashiongold.lt\/pl\/#organization"},"potentialAction":[{"@type":"SearchAction","target":{"@type":"EntryPoint","urlTemplate":"https:\/\/fashiongold.lt\/pl\/?s={search_term_string}"},"query-input":{"@type":"PropertyValueSpecification","valueRequired":true,"valueName":"search_term_string"}}],"inLanguage":"pl-PL"},{"@type":"Organization","@id":"https:\/\/fashiongold.lt\/pl\/#organization","name":"Topdiamonds Online","url":"https:\/\/fashiongold.lt\/pl\/","logo":{"@type":"ImageObject","inLanguage":"pl-PL","@id":"https:\/\/fashiongold.lt\/pl\/#\/schema\/logo\/image\/","url":"https:\/\/fashiongold.lt\/wp-content\/uploads\/2025\/04\/cropped-fashion_gold_logotipas2-scaled-1.png","contentUrl":"https:\/\/fashiongold.lt\/wp-content\/uploads\/2025\/04\/cropped-fashion_gold_logotipas2-scaled-1.png","width":2559,"height":421,"caption":"Topdiamonds Online"},"image":{"@id":"https:\/\/fashiongold.lt\/pl\/#\/schema\/logo\/image\/"}}]}},"_links":{"self":[{"href":"https:\/\/fashiongold.lt\/pl\/wp-json\/wp\/v2\/product\/290080","targetHints":{"allow":["GET"]}}],"collection":[{"href":"https:\/\/fashiongold.lt\/pl\/wp-json\/wp\/v2\/product"}],"about":[{"href":"https:\/\/fashiongold.lt\/pl\/wp-json\/wp\/v2\/types\/product"}],"version-history":[{"count":0,"href":"https:\/\/fashiongold.lt\/pl\/wp-json\/wp\/v2\/product\/290080\/revisions"}],"wp:featuredmedia":[{"embeddable":true,"href":"https:\/\/fashiongold.lt\/pl\/wp-json\/wp\/v2\/media\/67443"}],"wp:attachment":[{"href":"https:\/\/fashiongold.lt\/pl\/wp-json\/wp\/v2\/media?parent=290080"}],"wp:term":[{"taxonomy":"product_brand","embeddable":true,"href":"https:\/\/fashiongold.lt\/pl\/wp-json\/wp\/v2\/product_brand?post=290080"},{"taxonomy":"product_cat","embeddable":true,"href":"https:\/\/fashiongold.lt\/pl\/wp-json\/wp\/v2\/product_cat?post=290080"},{"taxonomy":"product_tag","embeddable":true,"href":"https:\/\/fashiongold.lt\/pl\/wp-json\/wp\/v2\/product_tag?post=290080"}],"curies":[{"name":"wp","href":"https:\/\/api.w.org\/{rel}","templated":true}]}}