{"id":290120,"date":"2025-10-09T20:29:01","date_gmt":"2025-10-09T20:29:01","guid":{"rendered":"https:\/\/fashiongold.lt\/papuosalas\/diament-030-ct-kolor-e-czystosc-vs2-nieskazitelny-blask-i-elegancja\/"},"modified":"2025-10-09T20:29:01","modified_gmt":"2025-10-09T20:29:01","slug":"diament-030-ct-kolor-e-czystosc-vs2-nieskazitelny-blask-i-elegancja","status":"publish","type":"product","link":"https:\/\/fashiongold.lt\/pl\/papuosalas\/diament-030-ct-kolor-e-czystosc-vs2-nieskazitelny-blask-i-elegancja\/","title":{"rendered":"Diament 0,30 ct \u2013 Kolor E Czysto\u015b\u0107 VS2 Nieskazitelny blask i elegancja"},"content":{"rendered":"<p>Przedstawiamy wspania\u0142y diament o masie 0,30 ct, o barwie E (bezbarwny) i czysto\u015bci VS2, kt\u00f3ry podbije Twoje serce swoj\u0105 elegancj\u0105 i urokiem. Ten diament, charakteryzuj\u0105cy si\u0119 wysok\u0105 jako\u015bci\u0105 barwy, sprawi, \u017ce poczujesz si\u0119 wyj\u0105tkowo. Jego doskona\u0142y szlif zapewni, \u017ce ten brylant b\u0119dzie l\u015bni\u0142 jasno i przyci\u0105gnie ka\u017cde spojrzenie. To doskona\u0142a inwestycja odzwierciedlaj\u0105ca Tw\u00f3j styl i wyj\u0105tkowo\u015b\u0107. Nasze do\u015bwiadczenie i profesjonalizm zapewni\u0105, \u017ce zakupiony diament spe\u0142ni Twoje wysokie oczekiwania. Zaufaj naszemu zespo\u0142owi i rozpocznij podr\u00f3\u017c pe\u0142n\u0105 luksusowych chwil z tym niepowtarzalnym diamentem 0,30 ct.\u00a0<\/p>\n<h4 style=\"box-sizing: border-box; font-family: Nunito; line-height: 1.1; color: #333333; margin: 0px 0px 15px; font-size: 18px; text-transform: uppercase;\">INFORMACJE O DIAMENCIE:<\/h4>\n<ul style=\"box-sizing: border-box; margin-top: 0px; margin-bottom: 10px; color: #333333; font-family: Nunito; font-size: 15px;\">\n<li style=\"box-sizing: border-box;\">Kamie\u0144: Naturalny Diament (Brylant)<\/li>\n<li style=\"box-sizing: border-box;\">Kszta\u0142t kamienia: Okr\u0105g\u0142y (57 faset)<\/li>\n<li style=\"box-sizing: border-box;\">Masa kamienia: 0,30 ct\u00a0<\/li>\n<li style=\"box-sizing: border-box;\">Rozmiar: 4.34\u00d74.32\u00d72.68<\/li>\n<li style=\"box-sizing: border-box;\">Barwa kamienia: E<\/li>\n<li style=\"box-sizing: border-box;\">Czysto\u015b\u0107 kamienia: VS2<\/li>\n<li style=\"box-sizing: border-box;\">Certyfikat (laboratorium): GIA<\/li>\n<li style=\"box-sizing: border-box;\">Szlif \/Symetria\/Polerowanie : EX-EX-EX<\/li>\n<li style=\"box-sizing: border-box;\">Fluorescencja: BRAK (NON)<\/li>\n<li style=\"box-sizing: border-box;\">Bezp\u0142atne opakowanie.<\/li>\n<\/ul>\n","protected":false},"excerpt":{"rendered":"<p>Wspania\u0142y diament o okr\u0105g\u0142ym kszta\u0142cie: Zanurz si\u0119 w \u015bwiecie, w kt\u00f3rym spotykaj\u0105 si\u0119 luksus i blask.<\/p>\n","protected":false},"featured_media":67375,"template":"","meta":{"site-sidebar-layout":"","site-content-layout":"","ast-site-content-layout":"","site-content-style":"","site-sidebar-style":"","ast-global-header-display":"","ast-banner-title-visibility":"","ast-main-header-display":"","ast-hfb-above-header-display":"","ast-hfb-below-header-display":"","ast-hfb-mobile-header-display":"","site-post-title":"","ast-breadcrumbs-content":"","ast-featured-img":"","footer-sml-layout":"","ast-disable-related-posts":"","theme-transparent-header-meta":"","adv-header-id-meta":"","stick-header-meta":"","header-above-stick-meta":"","header-main-stick-meta":"","header-below-stick-meta":"","astra-migrate-meta-layouts":"default","ast-page-background-enabled":"default","ast-page-background-meta":{"desktop":{"background-color":"var(--ast-global-color-4)","background-image":"","background-repeat":"repeat","background-position":"center center","background-size":"auto","background-attachment":"scroll","background-type":"","background-media":"","overlay-type":"","overlay-color":"","overlay-opacity":"","overlay-gradient":""},"tablet":{"background-color":"","background-image":"","background-repeat":"repeat","background-position":"center center","background-size":"auto","background-attachment":"scroll","background-type":"","background-media":"","overlay-type":"","overlay-color":"","overlay-opacity":"","overlay-gradient":""},"mobile":{"background-color":"","background-image":"","background-repeat":"repeat","background-position":"center center","background-size":"auto","background-attachment":"scroll","background-type":"","background-media":"","overlay-type":"","overlay-color":"","overlay-opacity":"","overlay-gradient":""}},"ast-content-background-meta":{"desktop":{"background-color":"var(--ast-global-color-5)","background-image":"","background-repeat":"repeat","background-position":"center center","background-size":"auto","background-attachment":"scroll","background-type":"","background-media":"","overlay-type":"","overlay-color":"","overlay-opacity":"","overlay-gradient":""},"tablet":{"background-color":"var(--ast-global-color-5)","background-image":"","background-repeat":"repeat","background-position":"center center","background-size":"auto","background-attachment":"scroll","background-type":"","background-media":"","overlay-type":"","overlay-color":"","overlay-opacity":"","overlay-gradient":""},"mobile":{"background-color":"var(--ast-global-color-5)","background-image":"","background-repeat":"repeat","background-position":"center center","background-size":"auto","background-attachment":"scroll","background-type":"","background-media":"","overlay-type":"","overlay-color":"","overlay-opacity":"","overlay-gradient":""}}},"product_brand":[],"product_cat":[3659,2853,2856,3165,2875,2876,2860,2857,2854,2855,3169,2859,2852],"product_tag":[],"class_list":{"0":"post-290120","1":"product","2":"type-product","3":"status-publish","4":"has-post-thumbnail","6":"product_cat-diamenty-i-brylanty","7":"product_cat-prezenty-dla-kobiet","8":"product_cat-prezenty-dla-mezczyzn","9":"product_cat-prezenty-na-chrzest","10":"product_cat-prezenty-na-dzien-matki","11":"product_cat-prezenty-na-walentynki","12":"product_cat-prezenty-na-wyjatkowe-okazje","13":"product_cat-prezenty-swiateczne","14":"product_cat-prezenty-z-okazji-narodzin-dziecka","15":"product_cat-prezenty-z-okazji-rocznicy-slubu","16":"product_cat-prezenty-z-okazji-slubu","17":"product_cat-prezenty-z-okazji-ukonczenia-szkoly","18":"product_cat-prezenty-z-okazji-urodzin","19":"desktop-align-center","20":"tablet-align-left","21":"mobile-align-left","22":"ast-product-gallery-layout-horizontal-slider","23":"ast-product-gallery-with-no-image","24":"ast-product-tabs-layout-accordion","25":"ast-qv-on-image","27":"first","28":"instock","29":"taxable","30":"shipping-taxable","31":"purchasable","32":"product-type-simple"},"yoast_head":"<!-- This site is optimized with the Yoast SEO plugin v26.6 - https:\/\/yoast.com\/wordpress\/plugins\/seo\/ -->\n<title>Diament 0,30 ct \u2013 Kolor E Czysto\u015b\u0107 VS2 Nieskazitelny blask i elegancja - FashionGold.lt<\/title>\n<meta name=\"robots\" content=\"index, follow, max-snippet:-1, max-image-preview:large, max-video-preview:-1\" \/>\n<link rel=\"canonical\" href=\"https:\/\/fashiongold.lt\/pl\/papuosalas\/diament-030-ct-kolor-e-czystosc-vs2-nieskazitelny-blask-i-elegancja\/\" \/>\n<meta property=\"og:locale\" content=\"pl_PL\" \/>\n<meta property=\"og:type\" content=\"article\" \/>\n<meta property=\"og:title\" content=\"Diament 0,30 ct \u2013 Kolor E Czysto\u015b\u0107 VS2 Nieskazitelny blask i elegancja - FashionGold.lt\" \/>\n<meta property=\"og:description\" content=\"Wspania\u0142y diament o okr\u0105g\u0142ym kszta\u0142cie: Zanurz si\u0119 w \u015bwiecie, w kt\u00f3rym spotykaj\u0105 si\u0119 luksus i blask.\" \/>\n<meta property=\"og:url\" content=\"https:\/\/fashiongold.lt\/pl\/papuosalas\/diament-030-ct-kolor-e-czystosc-vs2-nieskazitelny-blask-i-elegancja\/\" \/>\n<meta property=\"og:site_name\" content=\"FashionGold.lt\" \/>\n<meta property=\"og:image\" content=\"https:\/\/fashiongold.lt\/wp-content\/uploads\/2025\/10\/3348-3c9-030-ct-deimantas-Spalva-E-Svarumas-VS2.webp\" \/>\n\t<meta property=\"og:image:width\" content=\"477\" \/>\n\t<meta property=\"og:image:height\" content=\"396\" \/>\n\t<meta property=\"og:image:type\" content=\"image\/png\" \/>\n<meta name=\"twitter:card\" content=\"summary_large_image\" \/>\n<meta name=\"twitter:label1\" content=\"Szacowany czas czytania\" \/>\n\t<meta name=\"twitter:data1\" content=\"1 minuta\" \/>\n<script type=\"application\/ld+json\" class=\"yoast-schema-graph\">{\"@context\":\"https:\/\/schema.org\",\"@graph\":[{\"@type\":\"WebPage\",\"@id\":\"https:\/\/fashiongold.lt\/pl\/papuosalas\/diament-030-ct-kolor-e-czystosc-vs2-nieskazitelny-blask-i-elegancja\/\",\"url\":\"https:\/\/fashiongold.lt\/pl\/papuosalas\/diament-030-ct-kolor-e-czystosc-vs2-nieskazitelny-blask-i-elegancja\/\",\"name\":\"Diament 0,30 ct \u2013 Kolor E Czysto\u015b\u0107 VS2 Nieskazitelny blask i elegancja - FashionGold.lt\",\"isPartOf\":{\"@id\":\"https:\/\/fashiongold.lt\/pl\/#website\"},\"primaryImageOfPage\":{\"@id\":\"https:\/\/fashiongold.lt\/pl\/papuosalas\/diament-030-ct-kolor-e-czystosc-vs2-nieskazitelny-blask-i-elegancja\/#primaryimage\"},\"image\":{\"@id\":\"https:\/\/fashiongold.lt\/pl\/papuosalas\/diament-030-ct-kolor-e-czystosc-vs2-nieskazitelny-blask-i-elegancja\/#primaryimage\"},\"thumbnailUrl\":\"https:\/\/fashiongold.lt\/wp-content\/uploads\/2025\/10\/3348-3c9-030-ct-deimantas-Spalva-E-Svarumas-VS2.png\",\"datePublished\":\"2025-10-09T20:29:01+00:00\",\"breadcrumb\":{\"@id\":\"https:\/\/fashiongold.lt\/pl\/papuosalas\/diament-030-ct-kolor-e-czystosc-vs2-nieskazitelny-blask-i-elegancja\/#breadcrumb\"},\"inLanguage\":\"pl-PL\",\"potentialAction\":[{\"@type\":\"ReadAction\",\"target\":[\"https:\/\/fashiongold.lt\/pl\/papuosalas\/diament-030-ct-kolor-e-czystosc-vs2-nieskazitelny-blask-i-elegancja\/\"]}]},{\"@type\":\"ImageObject\",\"inLanguage\":\"pl-PL\",\"@id\":\"https:\/\/fashiongold.lt\/pl\/papuosalas\/diament-030-ct-kolor-e-czystosc-vs2-nieskazitelny-blask-i-elegancja\/#primaryimage\",\"url\":\"https:\/\/fashiongold.lt\/wp-content\/uploads\/2025\/10\/3348-3c9-030-ct-deimantas-Spalva-E-Svarumas-VS2.png\",\"contentUrl\":\"https:\/\/fashiongold.lt\/wp-content\/uploads\/2025\/10\/3348-3c9-030-ct-deimantas-Spalva-E-Svarumas-VS2.png\",\"width\":477,\"height\":396},{\"@type\":\"BreadcrumbList\",\"@id\":\"https:\/\/fashiongold.lt\/pl\/papuosalas\/diament-030-ct-kolor-e-czystosc-vs2-nieskazitelny-blask-i-elegancja\/#breadcrumb\",\"itemListElement\":[{\"@type\":\"ListItem\",\"position\":1,\"name\":\"Home\",\"item\":\"https:\/\/fashiongold.lt\/pl\/\"},{\"@type\":\"ListItem\",\"position\":2,\"name\":\"Sklep z diamentami Fashiongold.lt\",\"item\":\"https:\/\/fashiongold.lt\/shop-2\/\"},{\"@type\":\"ListItem\",\"position\":3,\"name\":\"Diament 0,30 ct \u2013 Kolor E Czysto\u015b\u0107 VS2 Nieskazitelny blask i elegancja\"}]},{\"@type\":\"WebSite\",\"@id\":\"https:\/\/fashiongold.lt\/pl\/#website\",\"url\":\"https:\/\/fashiongold.lt\/pl\/\",\"name\":\"Fashion Gold\",\"description\":\"Juvelyrikos namai\",\"publisher\":{\"@id\":\"https:\/\/fashiongold.lt\/pl\/#organization\"},\"potentialAction\":[{\"@type\":\"SearchAction\",\"target\":{\"@type\":\"EntryPoint\",\"urlTemplate\":\"https:\/\/fashiongold.lt\/pl\/?s={search_term_string}\"},\"query-input\":{\"@type\":\"PropertyValueSpecification\",\"valueRequired\":true,\"valueName\":\"search_term_string\"}}],\"inLanguage\":\"pl-PL\"},{\"@type\":\"Organization\",\"@id\":\"https:\/\/fashiongold.lt\/pl\/#organization\",\"name\":\"Topdiamonds Online\",\"url\":\"https:\/\/fashiongold.lt\/pl\/\",\"logo\":{\"@type\":\"ImageObject\",\"inLanguage\":\"pl-PL\",\"@id\":\"https:\/\/fashiongold.lt\/pl\/#\/schema\/logo\/image\/\",\"url\":\"https:\/\/fashiongold.lt\/wp-content\/uploads\/2025\/04\/cropped-fashion_gold_logotipas2-scaled-1.png\",\"contentUrl\":\"https:\/\/fashiongold.lt\/wp-content\/uploads\/2025\/04\/cropped-fashion_gold_logotipas2-scaled-1.png\",\"width\":2559,\"height\":421,\"caption\":\"Topdiamonds Online\"},\"image\":{\"@id\":\"https:\/\/fashiongold.lt\/pl\/#\/schema\/logo\/image\/\"}}]}<\/script>\n<!-- \/ Yoast SEO plugin. -->","yoast_head_json":{"title":"Diament 0,30 ct \u2013 Kolor E Czysto\u015b\u0107 VS2 Nieskazitelny blask i elegancja - FashionGold.lt","robots":{"index":"index","follow":"follow","max-snippet":"max-snippet:-1","max-image-preview":"max-image-preview:large","max-video-preview":"max-video-preview:-1"},"canonical":"https:\/\/fashiongold.lt\/pl\/papuosalas\/diament-030-ct-kolor-e-czystosc-vs2-nieskazitelny-blask-i-elegancja\/","og_locale":"pl_PL","og_type":"article","og_title":"Diament 0,30 ct \u2013 Kolor E Czysto\u015b\u0107 VS2 Nieskazitelny blask i elegancja - FashionGold.lt","og_description":"Wspania\u0142y diament o okr\u0105g\u0142ym kszta\u0142cie: Zanurz si\u0119 w \u015bwiecie, w kt\u00f3rym spotykaj\u0105 si\u0119 luksus i blask.","og_url":"https:\/\/fashiongold.lt\/pl\/papuosalas\/diament-030-ct-kolor-e-czystosc-vs2-nieskazitelny-blask-i-elegancja\/","og_site_name":"FashionGold.lt","og_image":[{"width":477,"height":396,"url":"https:\/\/fashiongold.lt\/wp-content\/uploads\/2025\/10\/3348-3c9-030-ct-deimantas-Spalva-E-Svarumas-VS2.webp","type":"image\/png"}],"twitter_card":"summary_large_image","twitter_misc":{"Szacowany czas czytania":"1 minuta"},"schema":{"@context":"https:\/\/schema.org","@graph":[{"@type":"WebPage","@id":"https:\/\/fashiongold.lt\/pl\/papuosalas\/diament-030-ct-kolor-e-czystosc-vs2-nieskazitelny-blask-i-elegancja\/","url":"https:\/\/fashiongold.lt\/pl\/papuosalas\/diament-030-ct-kolor-e-czystosc-vs2-nieskazitelny-blask-i-elegancja\/","name":"Diament 0,30 ct \u2013 Kolor E Czysto\u015b\u0107 VS2 Nieskazitelny blask i elegancja - FashionGold.lt","isPartOf":{"@id":"https:\/\/fashiongold.lt\/pl\/#website"},"primaryImageOfPage":{"@id":"https:\/\/fashiongold.lt\/pl\/papuosalas\/diament-030-ct-kolor-e-czystosc-vs2-nieskazitelny-blask-i-elegancja\/#primaryimage"},"image":{"@id":"https:\/\/fashiongold.lt\/pl\/papuosalas\/diament-030-ct-kolor-e-czystosc-vs2-nieskazitelny-blask-i-elegancja\/#primaryimage"},"thumbnailUrl":"https:\/\/fashiongold.lt\/wp-content\/uploads\/2025\/10\/3348-3c9-030-ct-deimantas-Spalva-E-Svarumas-VS2.png","datePublished":"2025-10-09T20:29:01+00:00","breadcrumb":{"@id":"https:\/\/fashiongold.lt\/pl\/papuosalas\/diament-030-ct-kolor-e-czystosc-vs2-nieskazitelny-blask-i-elegancja\/#breadcrumb"},"inLanguage":"pl-PL","potentialAction":[{"@type":"ReadAction","target":["https:\/\/fashiongold.lt\/pl\/papuosalas\/diament-030-ct-kolor-e-czystosc-vs2-nieskazitelny-blask-i-elegancja\/"]}]},{"@type":"ImageObject","inLanguage":"pl-PL","@id":"https:\/\/fashiongold.lt\/pl\/papuosalas\/diament-030-ct-kolor-e-czystosc-vs2-nieskazitelny-blask-i-elegancja\/#primaryimage","url":"https:\/\/fashiongold.lt\/wp-content\/uploads\/2025\/10\/3348-3c9-030-ct-deimantas-Spalva-E-Svarumas-VS2.png","contentUrl":"https:\/\/fashiongold.lt\/wp-content\/uploads\/2025\/10\/3348-3c9-030-ct-deimantas-Spalva-E-Svarumas-VS2.png","width":477,"height":396},{"@type":"BreadcrumbList","@id":"https:\/\/fashiongold.lt\/pl\/papuosalas\/diament-030-ct-kolor-e-czystosc-vs2-nieskazitelny-blask-i-elegancja\/#breadcrumb","itemListElement":[{"@type":"ListItem","position":1,"name":"Home","item":"https:\/\/fashiongold.lt\/pl\/"},{"@type":"ListItem","position":2,"name":"Sklep z diamentami Fashiongold.lt","item":"https:\/\/fashiongold.lt\/shop-2\/"},{"@type":"ListItem","position":3,"name":"Diament 0,30 ct \u2013 Kolor E Czysto\u015b\u0107 VS2 Nieskazitelny blask i elegancja"}]},{"@type":"WebSite","@id":"https:\/\/fashiongold.lt\/pl\/#website","url":"https:\/\/fashiongold.lt\/pl\/","name":"Fashion Gold","description":"Juvelyrikos namai","publisher":{"@id":"https:\/\/fashiongold.lt\/pl\/#organization"},"potentialAction":[{"@type":"SearchAction","target":{"@type":"EntryPoint","urlTemplate":"https:\/\/fashiongold.lt\/pl\/?s={search_term_string}"},"query-input":{"@type":"PropertyValueSpecification","valueRequired":true,"valueName":"search_term_string"}}],"inLanguage":"pl-PL"},{"@type":"Organization","@id":"https:\/\/fashiongold.lt\/pl\/#organization","name":"Topdiamonds Online","url":"https:\/\/fashiongold.lt\/pl\/","logo":{"@type":"ImageObject","inLanguage":"pl-PL","@id":"https:\/\/fashiongold.lt\/pl\/#\/schema\/logo\/image\/","url":"https:\/\/fashiongold.lt\/wp-content\/uploads\/2025\/04\/cropped-fashion_gold_logotipas2-scaled-1.png","contentUrl":"https:\/\/fashiongold.lt\/wp-content\/uploads\/2025\/04\/cropped-fashion_gold_logotipas2-scaled-1.png","width":2559,"height":421,"caption":"Topdiamonds Online"},"image":{"@id":"https:\/\/fashiongold.lt\/pl\/#\/schema\/logo\/image\/"}}]}},"_links":{"self":[{"href":"https:\/\/fashiongold.lt\/pl\/wp-json\/wp\/v2\/product\/290120","targetHints":{"allow":["GET"]}}],"collection":[{"href":"https:\/\/fashiongold.lt\/pl\/wp-json\/wp\/v2\/product"}],"about":[{"href":"https:\/\/fashiongold.lt\/pl\/wp-json\/wp\/v2\/types\/product"}],"version-history":[{"count":0,"href":"https:\/\/fashiongold.lt\/pl\/wp-json\/wp\/v2\/product\/290120\/revisions"}],"wp:featuredmedia":[{"embeddable":true,"href":"https:\/\/fashiongold.lt\/pl\/wp-json\/wp\/v2\/media\/67375"}],"wp:attachment":[{"href":"https:\/\/fashiongold.lt\/pl\/wp-json\/wp\/v2\/media?parent=290120"}],"wp:term":[{"taxonomy":"product_brand","embeddable":true,"href":"https:\/\/fashiongold.lt\/pl\/wp-json\/wp\/v2\/product_brand?post=290120"},{"taxonomy":"product_cat","embeddable":true,"href":"https:\/\/fashiongold.lt\/pl\/wp-json\/wp\/v2\/product_cat?post=290120"},{"taxonomy":"product_tag","embeddable":true,"href":"https:\/\/fashiongold.lt\/pl\/wp-json\/wp\/v2\/product_tag?post=290120"}],"curies":[{"name":"wp","href":"https:\/\/api.w.org\/{rel}","templated":true}]}}