{"id":290155,"date":"2025-10-09T20:28:35","date_gmt":"2025-10-09T20:28:35","guid":{"rendered":"https:\/\/fashiongold.lt\/papuosalas\/030-ct-diament-kolor-d-czystosc-fl-najwyzszej-jakosci-diament-inwestycyjny\/"},"modified":"2025-10-09T20:28:35","modified_gmt":"2025-10-09T20:28:35","slug":"030-ct-diament-kolor-d-czystosc-fl-najwyzszej-jakosci-diament-inwestycyjny","status":"publish","type":"product","link":"https:\/\/fashiongold.lt\/pl\/papuosalas\/030-ct-diament-kolor-d-czystosc-fl-najwyzszej-jakosci-diament-inwestycyjny\/","title":{"rendered":"0,30 ct diament \u2013 Kolor D Czysto\u015b\u0107 FL Najwy\u017cszej jako\u015bci diament inwestycyjny"},"content":{"rendered":"<p>Kup wyj\u0105tkowy diament inwestycyjny (brylant) o masie 0,30 ct, najwy\u017cszej barwie D i nieskazitelnej czysto\u015bci FL. Ten diament jest przyk\u0142adem niepowtarzalnej jako\u015bci, odzwierciedlaj\u0105cym Twoj\u0105 wyj\u0105tkow\u0105 strategi\u0119 inwestycyjn\u0105.\u00a0<\/p>\n<p>Nasz najwy\u017cszej jako\u015bci diament charakteryzuje si\u0119 doskona\u0142ym szlifem, polerowaniem i symetri\u0105, co zapewnia maksymalny blask i l\u015bnienie. To inwestycja, kt\u00f3ra z pewno\u015bci\u0105 jest warta Twojej uwagi i czasu. Idealnie nadaje si\u0119 do efektownego dodatku lub na luksusowy prezent.\u00a0<\/p>\n<p>Zainwestuj w doskona\u0142y diament 0,30 ct o barwie D i czysto\u015bci FL, aby zwi\u0119kszy\u0107 warto\u015b\u0107 swojego portfela inwestycyjnego. Zaufaj naszemu zespo\u0142owi ekspert\u00f3w i rozpocznij d\u0142ugoterminow\u0105 podr\u00f3\u017c z tym wyj\u0105tkowym diamentem inwestycyjnym.<\/p>\n<h4 style=\"box-sizing: border-box; font-family: Nunito; line-height: 1.1; color: #333333; margin: 0px 0px 15px; font-size: 18px; text-transform: uppercase;\">INFORMACJE O DIAMENCIE:<\/h4>\n<ul style=\"box-sizing: border-box; margin-top: 0px; margin-bottom: 10px; color: #333333; font-family: Nunito; font-size: 15px;\">\n<li style=\"box-sizing: border-box;\">Kamie\u0144: Naturalny diament (Brylant)<\/li>\n<li style=\"box-sizing: border-box;\">Kszta\u0142t kamienia: Okr\u0105g\u0142y (57 faset)<\/li>\n<li style=\"box-sizing: border-box;\">Masa kamienia: 0,30 ct\u00a0<\/li>\n<li style=\"box-sizing: border-box;\">Rozmiar: 4.48\u00d74.45\u00d72.74<\/li>\n<li style=\"box-sizing: border-box;\">Barwa kamienia: D<\/li>\n<li style=\"box-sizing: border-box;\">Czysto\u015b\u0107 kamienia: FL<\/li>\n<li style=\"box-sizing: border-box;\">Certyfikat (laboratorium): GIA<\/li>\n<li style=\"box-sizing: border-box;\">Szlif \/ Symetria \/ Polerowanie: Ex-Ex-Ex<\/li>\n<li style=\"box-sizing: border-box;\">Fluorescencja: Brak (NON)<\/li>\n<li style=\"box-sizing: border-box;\">Darmowe opakowanie.<\/li>\n<\/ul>\n","protected":false},"excerpt":{"rendered":"<p>Najwy\u017cszej jako\u015bci diament inwestycyjny 0,30 ct &#8211; Kolor D, Czysto\u015b\u0107 FL, doskona\u0142y szlif diamentu<\/p>\n","protected":false},"featured_media":67326,"template":"","meta":{"site-sidebar-layout":"","site-content-layout":"","ast-site-content-layout":"","site-content-style":"","site-sidebar-style":"","ast-global-header-display":"","ast-banner-title-visibility":"","ast-main-header-display":"","ast-hfb-above-header-display":"","ast-hfb-below-header-display":"","ast-hfb-mobile-header-display":"","site-post-title":"","ast-breadcrumbs-content":"","ast-featured-img":"","footer-sml-layout":"","ast-disable-related-posts":"","theme-transparent-header-meta":"","adv-header-id-meta":"","stick-header-meta":"","header-above-stick-meta":"","header-main-stick-meta":"","header-below-stick-meta":"","astra-migrate-meta-layouts":"default","ast-page-background-enabled":"default","ast-page-background-meta":{"desktop":{"background-color":"var(--ast-global-color-4)","background-image":"","background-repeat":"repeat","background-position":"center center","background-size":"auto","background-attachment":"scroll","background-type":"","background-media":"","overlay-type":"","overlay-color":"","overlay-opacity":"","overlay-gradient":""},"tablet":{"background-color":"","background-image":"","background-repeat":"repeat","background-position":"center center","background-size":"auto","background-attachment":"scroll","background-type":"","background-media":"","overlay-type":"","overlay-color":"","overlay-opacity":"","overlay-gradient":""},"mobile":{"background-color":"","background-image":"","background-repeat":"repeat","background-position":"center center","background-size":"auto","background-attachment":"scroll","background-type":"","background-media":"","overlay-type":"","overlay-color":"","overlay-opacity":"","overlay-gradient":""}},"ast-content-background-meta":{"desktop":{"background-color":"var(--ast-global-color-5)","background-image":"","background-repeat":"repeat","background-position":"center center","background-size":"auto","background-attachment":"scroll","background-type":"","background-media":"","overlay-type":"","overlay-color":"","overlay-opacity":"","overlay-gradient":""},"tablet":{"background-color":"var(--ast-global-color-5)","background-image":"","background-repeat":"repeat","background-position":"center center","background-size":"auto","background-attachment":"scroll","background-type":"","background-media":"","overlay-type":"","overlay-color":"","overlay-opacity":"","overlay-gradient":""},"mobile":{"background-color":"var(--ast-global-color-5)","background-image":"","background-repeat":"repeat","background-position":"center center","background-size":"auto","background-attachment":"scroll","background-type":"","background-media":"","overlay-type":"","overlay-color":"","overlay-opacity":"","overlay-gradient":""}}},"product_brand":[],"product_cat":[3659,4095,2853,2856,3165,2875,2876,2860,2857,2854,2855,3169,2859,2852],"product_tag":[],"class_list":{"0":"post-290155","1":"product","2":"type-product","3":"status-publish","4":"has-post-thumbnail","6":"product_cat-diamenty-i-brylanty","7":"product_cat-diamenty-inwestycyjne-brylanty","8":"product_cat-prezenty-dla-kobiet","9":"product_cat-prezenty-dla-mezczyzn","10":"product_cat-prezenty-na-chrzest","11":"product_cat-prezenty-na-dzien-matki","12":"product_cat-prezenty-na-walentynki","13":"product_cat-prezenty-na-wyjatkowe-okazje","14":"product_cat-prezenty-swiateczne","15":"product_cat-prezenty-z-okazji-narodzin-dziecka","16":"product_cat-prezenty-z-okazji-rocznicy-slubu","17":"product_cat-prezenty-z-okazji-slubu","18":"product_cat-prezenty-z-okazji-ukonczenia-szkoly","19":"product_cat-prezenty-z-okazji-urodzin","20":"desktop-align-center","21":"tablet-align-left","22":"mobile-align-left","23":"ast-product-gallery-layout-horizontal-slider","24":"ast-product-gallery-with-no-image","25":"ast-product-tabs-layout-accordion","26":"ast-qv-on-image","28":"first","29":"instock","30":"taxable","31":"shipping-taxable","32":"purchasable","33":"product-type-simple"},"yoast_head":"<!-- This site is optimized with the Yoast SEO plugin v26.6 - https:\/\/yoast.com\/wordpress\/plugins\/seo\/ -->\n<title>0,30 ct diament \u2013 Kolor D Czysto\u015b\u0107 FL Najwy\u017cszej jako\u015bci diament inwestycyjny - FashionGold.lt<\/title>\n<meta name=\"robots\" content=\"index, follow, max-snippet:-1, max-image-preview:large, max-video-preview:-1\" \/>\n<link rel=\"canonical\" href=\"https:\/\/fashiongold.lt\/pl\/papuosalas\/030-ct-diament-kolor-d-czystosc-fl-najwyzszej-jakosci-diament-inwestycyjny\/\" \/>\n<meta property=\"og:locale\" content=\"pl_PL\" \/>\n<meta property=\"og:type\" content=\"article\" \/>\n<meta property=\"og:title\" content=\"0,30 ct diament \u2013 Kolor D Czysto\u015b\u0107 FL Najwy\u017cszej jako\u015bci diament inwestycyjny - FashionGold.lt\" \/>\n<meta property=\"og:description\" content=\"Najwy\u017cszej jako\u015bci diament inwestycyjny 0,30 ct - Kolor D, Czysto\u015b\u0107 FL, doskona\u0142y szlif diamentu\" \/>\n<meta property=\"og:url\" content=\"https:\/\/fashiongold.lt\/pl\/papuosalas\/030-ct-diament-kolor-d-czystosc-fl-najwyzszej-jakosci-diament-inwestycyjny\/\" \/>\n<meta property=\"og:site_name\" content=\"FashionGold.lt\" \/>\n<meta property=\"og:image\" content=\"https:\/\/fashiongold.lt\/wp-content\/uploads\/2025\/10\/3332-089-030-ct-deimantas-Spalva-D-Svarumas-FL.webp\" \/>\n\t<meta property=\"og:image:width\" content=\"524\" \/>\n\t<meta property=\"og:image:height\" content=\"474\" \/>\n\t<meta property=\"og:image:type\" content=\"image\/png\" \/>\n<meta name=\"twitter:card\" content=\"summary_large_image\" \/>\n<meta name=\"twitter:label1\" content=\"Szacowany czas czytania\" \/>\n\t<meta name=\"twitter:data1\" content=\"1 minuta\" \/>\n<script type=\"application\/ld+json\" class=\"yoast-schema-graph\">{\"@context\":\"https:\/\/schema.org\",\"@graph\":[{\"@type\":\"WebPage\",\"@id\":\"https:\/\/fashiongold.lt\/pl\/papuosalas\/030-ct-diament-kolor-d-czystosc-fl-najwyzszej-jakosci-diament-inwestycyjny\/\",\"url\":\"https:\/\/fashiongold.lt\/pl\/papuosalas\/030-ct-diament-kolor-d-czystosc-fl-najwyzszej-jakosci-diament-inwestycyjny\/\",\"name\":\"0,30 ct diament \u2013 Kolor D Czysto\u015b\u0107 FL Najwy\u017cszej jako\u015bci diament inwestycyjny - FashionGold.lt\",\"isPartOf\":{\"@id\":\"https:\/\/fashiongold.lt\/pl\/#website\"},\"primaryImageOfPage\":{\"@id\":\"https:\/\/fashiongold.lt\/pl\/papuosalas\/030-ct-diament-kolor-d-czystosc-fl-najwyzszej-jakosci-diament-inwestycyjny\/#primaryimage\"},\"image\":{\"@id\":\"https:\/\/fashiongold.lt\/pl\/papuosalas\/030-ct-diament-kolor-d-czystosc-fl-najwyzszej-jakosci-diament-inwestycyjny\/#primaryimage\"},\"thumbnailUrl\":\"https:\/\/fashiongold.lt\/wp-content\/uploads\/2025\/10\/3332-089-030-ct-deimantas-Spalva-D-Svarumas-FL.png\",\"datePublished\":\"2025-10-09T20:28:35+00:00\",\"breadcrumb\":{\"@id\":\"https:\/\/fashiongold.lt\/pl\/papuosalas\/030-ct-diament-kolor-d-czystosc-fl-najwyzszej-jakosci-diament-inwestycyjny\/#breadcrumb\"},\"inLanguage\":\"pl-PL\",\"potentialAction\":[{\"@type\":\"ReadAction\",\"target\":[\"https:\/\/fashiongold.lt\/pl\/papuosalas\/030-ct-diament-kolor-d-czystosc-fl-najwyzszej-jakosci-diament-inwestycyjny\/\"]}]},{\"@type\":\"ImageObject\",\"inLanguage\":\"pl-PL\",\"@id\":\"https:\/\/fashiongold.lt\/pl\/papuosalas\/030-ct-diament-kolor-d-czystosc-fl-najwyzszej-jakosci-diament-inwestycyjny\/#primaryimage\",\"url\":\"https:\/\/fashiongold.lt\/wp-content\/uploads\/2025\/10\/3332-089-030-ct-deimantas-Spalva-D-Svarumas-FL.png\",\"contentUrl\":\"https:\/\/fashiongold.lt\/wp-content\/uploads\/2025\/10\/3332-089-030-ct-deimantas-Spalva-D-Svarumas-FL.png\",\"width\":524,\"height\":474},{\"@type\":\"BreadcrumbList\",\"@id\":\"https:\/\/fashiongold.lt\/pl\/papuosalas\/030-ct-diament-kolor-d-czystosc-fl-najwyzszej-jakosci-diament-inwestycyjny\/#breadcrumb\",\"itemListElement\":[{\"@type\":\"ListItem\",\"position\":1,\"name\":\"Home\",\"item\":\"https:\/\/fashiongold.lt\/pl\/\"},{\"@type\":\"ListItem\",\"position\":2,\"name\":\"Sklep z diamentami Fashiongold.lt\",\"item\":\"https:\/\/fashiongold.lt\/shop-2\/\"},{\"@type\":\"ListItem\",\"position\":3,\"name\":\"0,30 ct diament \u2013 Kolor D Czysto\u015b\u0107 FL Najwy\u017cszej jako\u015bci diament inwestycyjny\"}]},{\"@type\":\"WebSite\",\"@id\":\"https:\/\/fashiongold.lt\/pl\/#website\",\"url\":\"https:\/\/fashiongold.lt\/pl\/\",\"name\":\"Fashion Gold\",\"description\":\"Juvelyrikos namai\",\"publisher\":{\"@id\":\"https:\/\/fashiongold.lt\/pl\/#organization\"},\"potentialAction\":[{\"@type\":\"SearchAction\",\"target\":{\"@type\":\"EntryPoint\",\"urlTemplate\":\"https:\/\/fashiongold.lt\/pl\/?s={search_term_string}\"},\"query-input\":{\"@type\":\"PropertyValueSpecification\",\"valueRequired\":true,\"valueName\":\"search_term_string\"}}],\"inLanguage\":\"pl-PL\"},{\"@type\":\"Organization\",\"@id\":\"https:\/\/fashiongold.lt\/pl\/#organization\",\"name\":\"Topdiamonds Online\",\"url\":\"https:\/\/fashiongold.lt\/pl\/\",\"logo\":{\"@type\":\"ImageObject\",\"inLanguage\":\"pl-PL\",\"@id\":\"https:\/\/fashiongold.lt\/pl\/#\/schema\/logo\/image\/\",\"url\":\"https:\/\/fashiongold.lt\/wp-content\/uploads\/2025\/04\/cropped-fashion_gold_logotipas2-scaled-1.png\",\"contentUrl\":\"https:\/\/fashiongold.lt\/wp-content\/uploads\/2025\/04\/cropped-fashion_gold_logotipas2-scaled-1.png\",\"width\":2559,\"height\":421,\"caption\":\"Topdiamonds Online\"},\"image\":{\"@id\":\"https:\/\/fashiongold.lt\/pl\/#\/schema\/logo\/image\/\"}}]}<\/script>\n<!-- \/ Yoast SEO plugin. -->","yoast_head_json":{"title":"0,30 ct diament \u2013 Kolor D Czysto\u015b\u0107 FL Najwy\u017cszej jako\u015bci diament inwestycyjny - FashionGold.lt","robots":{"index":"index","follow":"follow","max-snippet":"max-snippet:-1","max-image-preview":"max-image-preview:large","max-video-preview":"max-video-preview:-1"},"canonical":"https:\/\/fashiongold.lt\/pl\/papuosalas\/030-ct-diament-kolor-d-czystosc-fl-najwyzszej-jakosci-diament-inwestycyjny\/","og_locale":"pl_PL","og_type":"article","og_title":"0,30 ct diament \u2013 Kolor D Czysto\u015b\u0107 FL Najwy\u017cszej jako\u015bci diament inwestycyjny - FashionGold.lt","og_description":"Najwy\u017cszej jako\u015bci diament inwestycyjny 0,30 ct - Kolor D, Czysto\u015b\u0107 FL, doskona\u0142y szlif diamentu","og_url":"https:\/\/fashiongold.lt\/pl\/papuosalas\/030-ct-diament-kolor-d-czystosc-fl-najwyzszej-jakosci-diament-inwestycyjny\/","og_site_name":"FashionGold.lt","og_image":[{"width":524,"height":474,"url":"https:\/\/fashiongold.lt\/wp-content\/uploads\/2025\/10\/3332-089-030-ct-deimantas-Spalva-D-Svarumas-FL.webp","type":"image\/png"}],"twitter_card":"summary_large_image","twitter_misc":{"Szacowany czas czytania":"1 minuta"},"schema":{"@context":"https:\/\/schema.org","@graph":[{"@type":"WebPage","@id":"https:\/\/fashiongold.lt\/pl\/papuosalas\/030-ct-diament-kolor-d-czystosc-fl-najwyzszej-jakosci-diament-inwestycyjny\/","url":"https:\/\/fashiongold.lt\/pl\/papuosalas\/030-ct-diament-kolor-d-czystosc-fl-najwyzszej-jakosci-diament-inwestycyjny\/","name":"0,30 ct diament \u2013 Kolor D Czysto\u015b\u0107 FL Najwy\u017cszej jako\u015bci diament inwestycyjny - FashionGold.lt","isPartOf":{"@id":"https:\/\/fashiongold.lt\/pl\/#website"},"primaryImageOfPage":{"@id":"https:\/\/fashiongold.lt\/pl\/papuosalas\/030-ct-diament-kolor-d-czystosc-fl-najwyzszej-jakosci-diament-inwestycyjny\/#primaryimage"},"image":{"@id":"https:\/\/fashiongold.lt\/pl\/papuosalas\/030-ct-diament-kolor-d-czystosc-fl-najwyzszej-jakosci-diament-inwestycyjny\/#primaryimage"},"thumbnailUrl":"https:\/\/fashiongold.lt\/wp-content\/uploads\/2025\/10\/3332-089-030-ct-deimantas-Spalva-D-Svarumas-FL.png","datePublished":"2025-10-09T20:28:35+00:00","breadcrumb":{"@id":"https:\/\/fashiongold.lt\/pl\/papuosalas\/030-ct-diament-kolor-d-czystosc-fl-najwyzszej-jakosci-diament-inwestycyjny\/#breadcrumb"},"inLanguage":"pl-PL","potentialAction":[{"@type":"ReadAction","target":["https:\/\/fashiongold.lt\/pl\/papuosalas\/030-ct-diament-kolor-d-czystosc-fl-najwyzszej-jakosci-diament-inwestycyjny\/"]}]},{"@type":"ImageObject","inLanguage":"pl-PL","@id":"https:\/\/fashiongold.lt\/pl\/papuosalas\/030-ct-diament-kolor-d-czystosc-fl-najwyzszej-jakosci-diament-inwestycyjny\/#primaryimage","url":"https:\/\/fashiongold.lt\/wp-content\/uploads\/2025\/10\/3332-089-030-ct-deimantas-Spalva-D-Svarumas-FL.png","contentUrl":"https:\/\/fashiongold.lt\/wp-content\/uploads\/2025\/10\/3332-089-030-ct-deimantas-Spalva-D-Svarumas-FL.png","width":524,"height":474},{"@type":"BreadcrumbList","@id":"https:\/\/fashiongold.lt\/pl\/papuosalas\/030-ct-diament-kolor-d-czystosc-fl-najwyzszej-jakosci-diament-inwestycyjny\/#breadcrumb","itemListElement":[{"@type":"ListItem","position":1,"name":"Home","item":"https:\/\/fashiongold.lt\/pl\/"},{"@type":"ListItem","position":2,"name":"Sklep z diamentami Fashiongold.lt","item":"https:\/\/fashiongold.lt\/shop-2\/"},{"@type":"ListItem","position":3,"name":"0,30 ct diament \u2013 Kolor D Czysto\u015b\u0107 FL Najwy\u017cszej jako\u015bci diament inwestycyjny"}]},{"@type":"WebSite","@id":"https:\/\/fashiongold.lt\/pl\/#website","url":"https:\/\/fashiongold.lt\/pl\/","name":"Fashion Gold","description":"Juvelyrikos namai","publisher":{"@id":"https:\/\/fashiongold.lt\/pl\/#organization"},"potentialAction":[{"@type":"SearchAction","target":{"@type":"EntryPoint","urlTemplate":"https:\/\/fashiongold.lt\/pl\/?s={search_term_string}"},"query-input":{"@type":"PropertyValueSpecification","valueRequired":true,"valueName":"search_term_string"}}],"inLanguage":"pl-PL"},{"@type":"Organization","@id":"https:\/\/fashiongold.lt\/pl\/#organization","name":"Topdiamonds Online","url":"https:\/\/fashiongold.lt\/pl\/","logo":{"@type":"ImageObject","inLanguage":"pl-PL","@id":"https:\/\/fashiongold.lt\/pl\/#\/schema\/logo\/image\/","url":"https:\/\/fashiongold.lt\/wp-content\/uploads\/2025\/04\/cropped-fashion_gold_logotipas2-scaled-1.png","contentUrl":"https:\/\/fashiongold.lt\/wp-content\/uploads\/2025\/04\/cropped-fashion_gold_logotipas2-scaled-1.png","width":2559,"height":421,"caption":"Topdiamonds Online"},"image":{"@id":"https:\/\/fashiongold.lt\/pl\/#\/schema\/logo\/image\/"}}]}},"_links":{"self":[{"href":"https:\/\/fashiongold.lt\/pl\/wp-json\/wp\/v2\/product\/290155","targetHints":{"allow":["GET"]}}],"collection":[{"href":"https:\/\/fashiongold.lt\/pl\/wp-json\/wp\/v2\/product"}],"about":[{"href":"https:\/\/fashiongold.lt\/pl\/wp-json\/wp\/v2\/types\/product"}],"version-history":[{"count":0,"href":"https:\/\/fashiongold.lt\/pl\/wp-json\/wp\/v2\/product\/290155\/revisions"}],"wp:featuredmedia":[{"embeddable":true,"href":"https:\/\/fashiongold.lt\/pl\/wp-json\/wp\/v2\/media\/67326"}],"wp:attachment":[{"href":"https:\/\/fashiongold.lt\/pl\/wp-json\/wp\/v2\/media?parent=290155"}],"wp:term":[{"taxonomy":"product_brand","embeddable":true,"href":"https:\/\/fashiongold.lt\/pl\/wp-json\/wp\/v2\/product_brand?post=290155"},{"taxonomy":"product_cat","embeddable":true,"href":"https:\/\/fashiongold.lt\/pl\/wp-json\/wp\/v2\/product_cat?post=290155"},{"taxonomy":"product_tag","embeddable":true,"href":"https:\/\/fashiongold.lt\/pl\/wp-json\/wp\/v2\/product_tag?post=290155"}],"curies":[{"name":"wp","href":"https:\/\/api.w.org\/{rel}","templated":true}]}}