{"id":290275,"date":"2025-10-09T20:17:38","date_gmt":"2025-10-09T20:17:38","guid":{"rendered":"https:\/\/fashiongold.lt\/papuosalas\/lancuszek-z-bialego-zlota-z-diamentami-690-ct\/"},"modified":"2026-02-17T13:36:44","modified_gmt":"2026-02-17T13:36:44","slug":"lancuszek-z-bialego-zlota-z-diamentami-690-ct","status":"publish","type":"product","link":"https:\/\/fashiongold.lt\/pl\/papuosalas\/lancuszek-z-bialego-zlota-z-diamentami-690-ct\/","title":{"rendered":"\u0141a\u0144cuszek z bia\u0142ego z\u0142ota z diamentami (6,90 ct)"},"content":{"rendered":"<p>Wyprodukowano na Litwie z bia\u0142ego z\u0142ota pr\u00f3by 585, waga <span style=\"background-color: #ffffff; color: #1f1f1f; font-family: 'Google Sans', Roboto, sans-serif; font-size: 12px; white-space-collapse: preserve;\">oko\u0142o 20,70 &#8211; 21,10 g.<\/span><\/p>\n<p><span style=\"background-color: #ffffff; color: #1f1f1f; font-family: 'Google Sans', Roboto, sans-serif; font-size: 12px; white-space-collapse: preserve;\">Diamenty, \u0142\u0105czna masa &#8211; 6,90 ct: 115 brylant\u00f3w po 0,06 ct. Kolor W (H), czysto\u015b\u0107 Si.<\/span><\/p>\n<p>Bi\u017cuteria cechowana w Litewskim Urz\u0119dzie Probierczym.<\/p>\n<p>Mo\u017ce by\u0107 wykonany z: czerwonego (r\u00f3\u017cowego), \u017c\u00f3\u0142tego, bia\u0142ego.<\/p>\n<p>Aby uzyska\u0107 wi\u0119cej informacji, prosimy o kontakt: info@fashiongold.lt lub telefonicznie 8 679 50000.<\/p><\/p>\n","protected":false},"excerpt":{"rendered":"<p>\u0141a\u0144cuszek z diamentami to prawdziwy symbol luksusu i elegancji. Diamenty s\u0105 powszechnie znane jako symbol \u201ewiecznej mi\u0142o\u015bci\u201d, dlatego nadaj\u0105 zawieszce wyj\u0105tkowy blask i urok.\u00a0<\/p>\n","protected":false},"featured_media":1040855,"template":"","meta":{"site-sidebar-layout":"default","site-content-layout":"","ast-site-content-layout":"default","site-content-style":"default","site-sidebar-style":"default","ast-global-header-display":"","ast-banner-title-visibility":"","ast-main-header-display":"","ast-hfb-above-header-display":"","ast-hfb-below-header-display":"","ast-hfb-mobile-header-display":"","site-post-title":"","ast-breadcrumbs-content":"","ast-featured-img":"","footer-sml-layout":"","ast-disable-related-posts":"","theme-transparent-header-meta":"default","adv-header-id-meta":"","stick-header-meta":"","header-above-stick-meta":"","header-main-stick-meta":"","header-below-stick-meta":"","astra-migrate-meta-layouts":"default","ast-page-background-enabled":"default","ast-page-background-meta":{"desktop":{"background-color":"var(--ast-global-color-4)","background-image":"","background-repeat":"repeat","background-position":"center center","background-size":"auto","background-attachment":"scroll","background-type":"","background-media":"","overlay-type":"","overlay-color":"","overlay-opacity":"","overlay-gradient":""},"tablet":{"background-color":"","background-image":"","background-repeat":"repeat","background-position":"center center","background-size":"auto","background-attachment":"scroll","background-type":"","background-media":"","overlay-type":"","overlay-color":"","overlay-opacity":"","overlay-gradient":""},"mobile":{"background-color":"","background-image":"","background-repeat":"repeat","background-position":"center center","background-size":"auto","background-attachment":"scroll","background-type":"","background-media":"","overlay-type":"","overlay-color":"","overlay-opacity":"","overlay-gradient":""}},"ast-content-background-meta":{"desktop":{"background-color":"var(--ast-global-color-5)","background-image":"","background-repeat":"repeat","background-position":"center center","background-size":"auto","background-attachment":"scroll","background-type":"","background-media":"","overlay-type":"","overlay-color":"","overlay-opacity":"","overlay-gradient":""},"tablet":{"background-color":"var(--ast-global-color-5)","background-image":"","background-repeat":"repeat","background-position":"center center","background-size":"auto","background-attachment":"scroll","background-type":"","background-media":"","overlay-type":"","overlay-color":"","overlay-opacity":"","overlay-gradient":""},"mobile":{"background-color":"var(--ast-global-color-5)","background-image":"","background-repeat":"repeat","background-position":"center center","background-size":"auto","background-attachment":"scroll","background-type":"","background-media":"","overlay-type":"","overlay-color":"","overlay-opacity":"","overlay-gradient":""}}},"product_brand":[],"product_cat":[3044,2858,3353,3263,3166,2853,2856,3165,2875,2876,2860,2857,2854,2855,3169,2859,2852],"product_tag":[],"class_list":{"0":"post-290275","1":"product","2":"type-product","3":"status-publish","4":"has-post-thumbnail","6":"product_cat-bizuteria","7":"product_cat-bizuteria-z-bialego-zlota","8":"product_cat-lancuszek-z-diamentem","9":"product_cat-lancuszki-z-diamentami","10":"product_cat-prezent-z-okazji-pierwszej-komunii-swietej","11":"product_cat-prezenty-dla-kobiet","12":"product_cat-prezenty-dla-mezczyzn","13":"product_cat-prezenty-na-chrzest","14":"product_cat-prezenty-na-dzien-matki","15":"product_cat-prezenty-na-walentynki","16":"product_cat-prezenty-na-wyjatkowe-okazje","17":"product_cat-prezenty-swiateczne","18":"product_cat-prezenty-z-okazji-narodzin-dziecka","19":"product_cat-prezenty-z-okazji-rocznicy-slubu","20":"product_cat-prezenty-z-okazji-slubu","21":"product_cat-prezenty-z-okazji-ukonczenia-szkoly","22":"product_cat-prezenty-z-okazji-urodzin","23":"desktop-align-center","24":"tablet-align-left","25":"mobile-align-left","26":"ast-product-gallery-layout-horizontal-slider","27":"ast-product-tabs-layout-accordion","28":"ast-qv-on-image","30":"first","31":"instock","32":"taxable","33":"shipping-taxable","34":"purchasable","35":"product-type-simple"},"yoast_head":"<!-- This site is optimized with the Yoast SEO plugin v26.6 - https:\/\/yoast.com\/wordpress\/plugins\/seo\/ -->\n<title>\u0141a\u0144cuszek z bia\u0142ego z\u0142ota z diamentami<\/title>\n<meta name=\"description\" content=\"Najwy\u017cszej jako\u015bci diamenty | Dobry stosunek jako\u015bci do ceny. | Wyprodukowano na Litwie. | Darmowa dostawa na terenie ca\u0142ej Litwy.\" \/>\n<meta name=\"robots\" content=\"index, follow, max-snippet:-1, max-image-preview:large, max-video-preview:-1\" \/>\n<link rel=\"canonical\" href=\"https:\/\/fashiongold.lt\/pl\/papuosalas\/lancuszek-z-bialego-zlota-z-diamentami-690-ct\/\" \/>\n<meta property=\"og:locale\" content=\"pl_PL\" \/>\n<meta property=\"og:type\" content=\"article\" \/>\n<meta property=\"og:title\" content=\"\u0141a\u0144cuszek z bia\u0142ego z\u0142ota z diamentami\" \/>\n<meta property=\"og:description\" content=\"Najwy\u017cszej jako\u015bci diamenty | Dobry stosunek jako\u015bci do ceny. | Wyprodukowano na Litwie. | Darmowa dostawa na terenie ca\u0142ej Litwy.\" \/>\n<meta property=\"og:url\" content=\"https:\/\/fashiongold.lt\/pl\/papuosalas\/lancuszek-z-bialego-zlota-z-diamentami-690-ct\/\" \/>\n<meta property=\"og:site_name\" content=\"FashionGold.lt\" \/>\n<meta property=\"article:modified_time\" content=\"2026-02-17T13:36:44+00:00\" \/>\n<meta property=\"og:image\" content=\"https:\/\/fashiongold.lt\/wp-content\/uploads\/2026\/03\/Grandinele-su-deimantais-Tennis-balto-aukso-4.21-ct.webp\" \/>\n\t<meta property=\"og:image:width\" content=\"1058\" \/>\n\t<meta property=\"og:image:height\" content=\"1008\" \/>\n\t<meta property=\"og:image:type\" content=\"image\/png\" \/>\n<meta name=\"twitter:card\" content=\"summary_large_image\" \/>\n<script type=\"application\/ld+json\" class=\"yoast-schema-graph\">{\"@context\":\"https:\/\/schema.org\",\"@graph\":[{\"@type\":\"WebPage\",\"@id\":\"https:\/\/fashiongold.lt\/pl\/papuosalas\/lancuszek-z-bialego-zlota-z-diamentami-690-ct\/\",\"url\":\"https:\/\/fashiongold.lt\/pl\/papuosalas\/lancuszek-z-bialego-zlota-z-diamentami-690-ct\/\",\"name\":\"\u0141a\u0144cuszek z bia\u0142ego z\u0142ota z diamentami\",\"isPartOf\":{\"@id\":\"https:\/\/fashiongold.lt\/pl\/#website\"},\"primaryImageOfPage\":{\"@id\":\"https:\/\/fashiongold.lt\/pl\/papuosalas\/lancuszek-z-bialego-zlota-z-diamentami-690-ct\/#primaryimage\"},\"image\":{\"@id\":\"https:\/\/fashiongold.lt\/pl\/papuosalas\/lancuszek-z-bialego-zlota-z-diamentami-690-ct\/#primaryimage\"},\"thumbnailUrl\":\"https:\/\/fashiongold.lt\/wp-content\/uploads\/2026\/03\/Grandinele-su-deimantais-Tennis-balto-aukso-4.21-ct.png\",\"datePublished\":\"2025-10-09T20:17:38+00:00\",\"dateModified\":\"2026-02-17T13:36:44+00:00\",\"description\":\"Najwy\u017cszej jako\u015bci diamenty | Dobry stosunek jako\u015bci do ceny. | Wyprodukowano na Litwie. | Darmowa dostawa na terenie ca\u0142ej Litwy.\",\"breadcrumb\":{\"@id\":\"https:\/\/fashiongold.lt\/pl\/papuosalas\/lancuszek-z-bialego-zlota-z-diamentami-690-ct\/#breadcrumb\"},\"inLanguage\":\"pl-PL\",\"potentialAction\":[{\"@type\":\"ReadAction\",\"target\":[\"https:\/\/fashiongold.lt\/pl\/papuosalas\/lancuszek-z-bialego-zlota-z-diamentami-690-ct\/\"]}]},{\"@type\":\"ImageObject\",\"inLanguage\":\"pl-PL\",\"@id\":\"https:\/\/fashiongold.lt\/pl\/papuosalas\/lancuszek-z-bialego-zlota-z-diamentami-690-ct\/#primaryimage\",\"url\":\"https:\/\/fashiongold.lt\/wp-content\/uploads\/2026\/03\/Grandinele-su-deimantais-Tennis-balto-aukso-4.21-ct.png\",\"contentUrl\":\"https:\/\/fashiongold.lt\/wp-content\/uploads\/2026\/03\/Grandinele-su-deimantais-Tennis-balto-aukso-4.21-ct.png\",\"width\":1058,\"height\":1008,\"caption\":\"Grandine\u0307le\u0307 su deimantais - Tennis baltas auksas 4.21 ct\"},{\"@type\":\"BreadcrumbList\",\"@id\":\"https:\/\/fashiongold.lt\/pl\/papuosalas\/lancuszek-z-bialego-zlota-z-diamentami-690-ct\/#breadcrumb\",\"itemListElement\":[{\"@type\":\"ListItem\",\"position\":1,\"name\":\"Home\",\"item\":\"https:\/\/fashiongold.lt\/pl\/\"},{\"@type\":\"ListItem\",\"position\":2,\"name\":\"Sklep z diamentami Fashiongold.lt\",\"item\":\"https:\/\/fashiongold.lt\/shop-2\/\"},{\"@type\":\"ListItem\",\"position\":3,\"name\":\"\u0141a\u0144cuszek z bia\u0142ego z\u0142ota z diamentami (6,90 ct)\"}]},{\"@type\":\"WebSite\",\"@id\":\"https:\/\/fashiongold.lt\/pl\/#website\",\"url\":\"https:\/\/fashiongold.lt\/pl\/\",\"name\":\"Fashion Gold\",\"description\":\"Juvelyrikos namai\",\"publisher\":{\"@id\":\"https:\/\/fashiongold.lt\/pl\/#organization\"},\"potentialAction\":[{\"@type\":\"SearchAction\",\"target\":{\"@type\":\"EntryPoint\",\"urlTemplate\":\"https:\/\/fashiongold.lt\/pl\/?s={search_term_string}\"},\"query-input\":{\"@type\":\"PropertyValueSpecification\",\"valueRequired\":true,\"valueName\":\"search_term_string\"}}],\"inLanguage\":\"pl-PL\"},{\"@type\":\"Organization\",\"@id\":\"https:\/\/fashiongold.lt\/pl\/#organization\",\"name\":\"Topdiamonds Online\",\"url\":\"https:\/\/fashiongold.lt\/pl\/\",\"logo\":{\"@type\":\"ImageObject\",\"inLanguage\":\"pl-PL\",\"@id\":\"https:\/\/fashiongold.lt\/pl\/#\/schema\/logo\/image\/\",\"url\":\"https:\/\/fashiongold.lt\/wp-content\/uploads\/2025\/04\/cropped-fashion_gold_logotipas2-scaled-1.png\",\"contentUrl\":\"https:\/\/fashiongold.lt\/wp-content\/uploads\/2025\/04\/cropped-fashion_gold_logotipas2-scaled-1.png\",\"width\":2559,\"height\":421,\"caption\":\"Topdiamonds Online\"},\"image\":{\"@id\":\"https:\/\/fashiongold.lt\/pl\/#\/schema\/logo\/image\/\"}}]}<\/script>\n<!-- \/ Yoast SEO plugin. -->","yoast_head_json":{"title":"\u0141a\u0144cuszek z bia\u0142ego z\u0142ota z diamentami","description":"Najwy\u017cszej jako\u015bci diamenty | Dobry stosunek jako\u015bci do ceny. | Wyprodukowano na Litwie. | Darmowa dostawa na terenie ca\u0142ej Litwy.","robots":{"index":"index","follow":"follow","max-snippet":"max-snippet:-1","max-image-preview":"max-image-preview:large","max-video-preview":"max-video-preview:-1"},"canonical":"https:\/\/fashiongold.lt\/pl\/papuosalas\/lancuszek-z-bialego-zlota-z-diamentami-690-ct\/","og_locale":"pl_PL","og_type":"article","og_title":"\u0141a\u0144cuszek z bia\u0142ego z\u0142ota z diamentami","og_description":"Najwy\u017cszej jako\u015bci diamenty | Dobry stosunek jako\u015bci do ceny. | Wyprodukowano na Litwie. | Darmowa dostawa na terenie ca\u0142ej Litwy.","og_url":"https:\/\/fashiongold.lt\/pl\/papuosalas\/lancuszek-z-bialego-zlota-z-diamentami-690-ct\/","og_site_name":"FashionGold.lt","article_modified_time":"2026-02-17T13:36:44+00:00","og_image":[{"width":1058,"height":1008,"url":"https:\/\/fashiongold.lt\/wp-content\/uploads\/2026\/03\/Grandinele-su-deimantais-Tennis-balto-aukso-4.21-ct.webp","type":"image\/png"}],"twitter_card":"summary_large_image","schema":{"@context":"https:\/\/schema.org","@graph":[{"@type":"WebPage","@id":"https:\/\/fashiongold.lt\/pl\/papuosalas\/lancuszek-z-bialego-zlota-z-diamentami-690-ct\/","url":"https:\/\/fashiongold.lt\/pl\/papuosalas\/lancuszek-z-bialego-zlota-z-diamentami-690-ct\/","name":"\u0141a\u0144cuszek z bia\u0142ego z\u0142ota z diamentami","isPartOf":{"@id":"https:\/\/fashiongold.lt\/pl\/#website"},"primaryImageOfPage":{"@id":"https:\/\/fashiongold.lt\/pl\/papuosalas\/lancuszek-z-bialego-zlota-z-diamentami-690-ct\/#primaryimage"},"image":{"@id":"https:\/\/fashiongold.lt\/pl\/papuosalas\/lancuszek-z-bialego-zlota-z-diamentami-690-ct\/#primaryimage"},"thumbnailUrl":"https:\/\/fashiongold.lt\/wp-content\/uploads\/2026\/03\/Grandinele-su-deimantais-Tennis-balto-aukso-4.21-ct.png","datePublished":"2025-10-09T20:17:38+00:00","dateModified":"2026-02-17T13:36:44+00:00","description":"Najwy\u017cszej jako\u015bci diamenty | Dobry stosunek jako\u015bci do ceny. | Wyprodukowano na Litwie. | Darmowa dostawa na terenie ca\u0142ej Litwy.","breadcrumb":{"@id":"https:\/\/fashiongold.lt\/pl\/papuosalas\/lancuszek-z-bialego-zlota-z-diamentami-690-ct\/#breadcrumb"},"inLanguage":"pl-PL","potentialAction":[{"@type":"ReadAction","target":["https:\/\/fashiongold.lt\/pl\/papuosalas\/lancuszek-z-bialego-zlota-z-diamentami-690-ct\/"]}]},{"@type":"ImageObject","inLanguage":"pl-PL","@id":"https:\/\/fashiongold.lt\/pl\/papuosalas\/lancuszek-z-bialego-zlota-z-diamentami-690-ct\/#primaryimage","url":"https:\/\/fashiongold.lt\/wp-content\/uploads\/2026\/03\/Grandinele-su-deimantais-Tennis-balto-aukso-4.21-ct.png","contentUrl":"https:\/\/fashiongold.lt\/wp-content\/uploads\/2026\/03\/Grandinele-su-deimantais-Tennis-balto-aukso-4.21-ct.png","width":1058,"height":1008,"caption":"Grandine\u0307le\u0307 su deimantais - Tennis baltas auksas 4.21 ct"},{"@type":"BreadcrumbList","@id":"https:\/\/fashiongold.lt\/pl\/papuosalas\/lancuszek-z-bialego-zlota-z-diamentami-690-ct\/#breadcrumb","itemListElement":[{"@type":"ListItem","position":1,"name":"Home","item":"https:\/\/fashiongold.lt\/pl\/"},{"@type":"ListItem","position":2,"name":"Sklep z diamentami Fashiongold.lt","item":"https:\/\/fashiongold.lt\/shop-2\/"},{"@type":"ListItem","position":3,"name":"\u0141a\u0144cuszek z bia\u0142ego z\u0142ota z diamentami (6,90 ct)"}]},{"@type":"WebSite","@id":"https:\/\/fashiongold.lt\/pl\/#website","url":"https:\/\/fashiongold.lt\/pl\/","name":"Fashion Gold","description":"Juvelyrikos namai","publisher":{"@id":"https:\/\/fashiongold.lt\/pl\/#organization"},"potentialAction":[{"@type":"SearchAction","target":{"@type":"EntryPoint","urlTemplate":"https:\/\/fashiongold.lt\/pl\/?s={search_term_string}"},"query-input":{"@type":"PropertyValueSpecification","valueRequired":true,"valueName":"search_term_string"}}],"inLanguage":"pl-PL"},{"@type":"Organization","@id":"https:\/\/fashiongold.lt\/pl\/#organization","name":"Topdiamonds Online","url":"https:\/\/fashiongold.lt\/pl\/","logo":{"@type":"ImageObject","inLanguage":"pl-PL","@id":"https:\/\/fashiongold.lt\/pl\/#\/schema\/logo\/image\/","url":"https:\/\/fashiongold.lt\/wp-content\/uploads\/2025\/04\/cropped-fashion_gold_logotipas2-scaled-1.png","contentUrl":"https:\/\/fashiongold.lt\/wp-content\/uploads\/2025\/04\/cropped-fashion_gold_logotipas2-scaled-1.png","width":2559,"height":421,"caption":"Topdiamonds Online"},"image":{"@id":"https:\/\/fashiongold.lt\/pl\/#\/schema\/logo\/image\/"}}]}},"_links":{"self":[{"href":"https:\/\/fashiongold.lt\/pl\/wp-json\/wp\/v2\/product\/290275","targetHints":{"allow":["GET"]}}],"collection":[{"href":"https:\/\/fashiongold.lt\/pl\/wp-json\/wp\/v2\/product"}],"about":[{"href":"https:\/\/fashiongold.lt\/pl\/wp-json\/wp\/v2\/types\/product"}],"version-history":[{"count":0,"href":"https:\/\/fashiongold.lt\/pl\/wp-json\/wp\/v2\/product\/290275\/revisions"}],"wp:featuredmedia":[{"embeddable":true,"href":"https:\/\/fashiongold.lt\/pl\/wp-json\/wp\/v2\/media\/1040855"}],"wp:attachment":[{"href":"https:\/\/fashiongold.lt\/pl\/wp-json\/wp\/v2\/media?parent=290275"}],"wp:term":[{"taxonomy":"product_brand","embeddable":true,"href":"https:\/\/fashiongold.lt\/pl\/wp-json\/wp\/v2\/product_brand?post=290275"},{"taxonomy":"product_cat","embeddable":true,"href":"https:\/\/fashiongold.lt\/pl\/wp-json\/wp\/v2\/product_cat?post=290275"},{"taxonomy":"product_tag","embeddable":true,"href":"https:\/\/fashiongold.lt\/pl\/wp-json\/wp\/v2\/product_tag?post=290275"}],"curies":[{"name":"wp","href":"https:\/\/api.w.org\/{rel}","templated":true}]}}