{"id":290685,"date":"2025-10-09T20:08:01","date_gmt":"2025-10-09T20:08:01","guid":{"rendered":"https:\/\/fashiongold.lt\/papuosalas\/pierscionek-z-bialego-zlota-diamentowa-linia-z-diamentami-140-ct\/"},"modified":"2026-02-17T13:53:31","modified_gmt":"2026-02-17T13:53:31","slug":"pierscionek-z-bialego-zlota-diamentowa-linia-z-diamentami-140-ct","status":"publish","type":"product","link":"https:\/\/fashiongold.lt\/pl\/papuosalas\/pierscionek-z-bialego-zlota-diamentowa-linia-z-diamentami-140-ct\/","title":{"rendered":"Pier\u015bcionek z bia\u0142ego z\u0142ota \u201eDiamentowa linia\u201d z diamentami (1,40 ct)"},"content":{"rendered":"<p>Z\u0142oty pier\u015bcionek pr\u00f3by 585, w kt\u00f3rym osadzono 28 diament\u00f3w 0,05 ct, o \u0142\u0105cznej masie oko\u0142o 1,40 ct (kolor -RW-W, czysto\u015b\u0107 VS-SI). Dost\u0119pne kolory z\u0142ota \u2013 bia\u0142y, \u017c\u00f3\u0142ty, czerwony, r\u00f3\u017cowy.<\/p>\n<p>Podana cena dotyczy rozmiar\u00f3w: 16, 16,5 i 17. Je\u015bli potrzebny jest inny rozmiar, z przyjemno\u015bci\u0105 przyjmiemy zam\u00f3wienie na wykonanie.<\/p>\n<p>Waga pier\u015bcionka wynosi oko\u0142o 3-5 gram\u00f3w, w zale\u017cno\u015bci od rozmiaru.<\/p>\n<p>Mo\u017cemy wykona\u0107 produkt z Pa\u0144stwa z\u0142ota \u2013 cen\u0119 nale\u017cy ustali\u0107 indywidualnie \u2013 info@fashiongold.lt<\/p>\n","protected":false},"excerpt":{"rendered":"<div class=\"product__reservation\" style=\"box-sizing: inherit; color: #777777; font-family: Roboto; font-size: 16px; font-style: normal; font-variant-ligatures: normal; font-variant-caps: normal; font-weight: 400; letter-spacing: normal; orphans: 2; text-align: start; text-indent: 0px; text-transform: none; widows: 2; word-spacing: 0px; -webkit-text-stroke-width: 0px; white-space: normal; background-color: #ffffff; text-decoration-thickness: initial; text-decoration-style: initial; text-decoration-color: initial;\"><\/div>\n<div id=\"product-description-short-270\" class=\"short-desc\" style=\"box-sizing: inherit; margin-bottom: 45px; color: #777777; font-size: 16px; line-height: 23px; font-family: Roboto; font-style: normal; font-variant-ligatures: normal; font-variant-caps: normal; font-weight: 400; letter-spacing: normal; orphans: 2; text-align: start; text-indent: 0px; text-transform: none; widows: 2; word-spacing: 0px; -webkit-text-stroke-width: 0px; white-space: normal; background-color: #ffffff; text-decoration-thickness: initial; text-decoration-style: initial; text-decoration-color: initial;\">\n<p style=\"box-sizing: inherit; margin: 0px;\">Wyj\u0105tkowo luksusowy, wyj\u0105tkowo l\u015bni\u0105cy pier\u015bcionek z prawdziwymi diamentami<\/p>\n<\/p><\/div>\n","protected":false},"featured_media":65463,"template":"","meta":{"site-sidebar-layout":"","site-content-layout":"","ast-site-content-layout":"","site-content-style":"","site-sidebar-style":"","ast-global-header-display":"","ast-banner-title-visibility":"","ast-main-header-display":"","ast-hfb-above-header-display":"","ast-hfb-below-header-display":"","ast-hfb-mobile-header-display":"","site-post-title":"","ast-breadcrumbs-content":"","ast-featured-img":"","footer-sml-layout":"","ast-disable-related-posts":"","theme-transparent-header-meta":"","adv-header-id-meta":"","stick-header-meta":"","header-above-stick-meta":"","header-main-stick-meta":"","header-below-stick-meta":"","astra-migrate-meta-layouts":"default","ast-page-background-enabled":"default","ast-page-background-meta":{"desktop":{"background-color":"var(--ast-global-color-4)","background-image":"","background-repeat":"repeat","background-position":"center center","background-size":"auto","background-attachment":"scroll","background-type":"","background-media":"","overlay-type":"","overlay-color":"","overlay-opacity":"","overlay-gradient":""},"tablet":{"background-color":"","background-image":"","background-repeat":"repeat","background-position":"center center","background-size":"auto","background-attachment":"scroll","background-type":"","background-media":"","overlay-type":"","overlay-color":"","overlay-opacity":"","overlay-gradient":""},"mobile":{"background-color":"","background-image":"","background-repeat":"repeat","background-position":"center center","background-size":"auto","background-attachment":"scroll","background-type":"","background-media":"","overlay-type":"","overlay-color":"","overlay-opacity":"","overlay-gradient":""}},"ast-content-background-meta":{"desktop":{"background-color":"var(--ast-global-color-5)","background-image":"","background-repeat":"repeat","background-position":"center center","background-size":"auto","background-attachment":"scroll","background-type":"","background-media":"","overlay-type":"","overlay-color":"","overlay-opacity":"","overlay-gradient":""},"tablet":{"background-color":"var(--ast-global-color-5)","background-image":"","background-repeat":"repeat","background-position":"center center","background-size":"auto","background-attachment":"scroll","background-type":"","background-media":"","overlay-type":"","overlay-color":"","overlay-opacity":"","overlay-gradient":""},"mobile":{"background-color":"var(--ast-global-color-5)","background-image":"","background-repeat":"repeat","background-position":"center center","background-size":"auto","background-attachment":"scroll","background-type":"","background-media":"","overlay-type":"","overlay-color":"","overlay-opacity":"","overlay-gradient":""}}},"product_brand":[],"product_cat":[3044,2858,3373,3661,3800,2862,2863,2867,3302,3306,3303,3301,3812,3237,2853,2856,2875,2876,2860,2857,2854,2855,3169,2859,2852,3743],"product_tag":[],"class_list":{"0":"post-290685","1":"product","2":"type-product","3":"status-publish","4":"has-post-thumbnail","6":"product_cat-bizuteria","7":"product_cat-bizuteria-z-bialego-zlota","8":"product_cat-damskie-obraczki-slubne","9":"product_cat-diamentowa-obraczka-z-brylantami","10":"product_cat-diamentowa-tasiemka-z-diamentami","11":"product_cat-diamentowe-obraczki-z-bialego-zlota","12":"product_cat-diamentowe-paski","13":"product_cat-diamentowy-pasek-wokol-calego-pierscionka","14":"product_cat-klasyczne-obraczki-slubne","15":"product_cat-nowoczesne-obraczki-slubne","16":"product_cat-obraczki-slubne","17":"product_cat-obraczki-slubne-z-bialego-zlota","18":"product_cat-obraczki-slubne-z-brylantami","19":"product_cat-pierscionki-z-diamentami","20":"product_cat-prezenty-dla-kobiet","21":"product_cat-prezenty-dla-mezczyzn","22":"product_cat-prezenty-na-dzien-matki","23":"product_cat-prezenty-na-walentynki","24":"product_cat-prezenty-na-wyjatkowe-okazje","25":"product_cat-prezenty-swiateczne","26":"product_cat-prezenty-z-okazji-narodzin-dziecka","27":"product_cat-prezenty-z-okazji-rocznicy-slubu","28":"product_cat-prezenty-z-okazji-slubu","29":"product_cat-prezenty-z-okazji-ukonczenia-szkoly","30":"product_cat-prezenty-z-okazji-urodzin","31":"product_cat-wyjatkowe-obraczki-slubne-stworzone-przez-projektantow","32":"desktop-align-center","33":"tablet-align-left","34":"mobile-align-left","35":"ast-product-gallery-layout-horizontal-slider","36":"ast-product-gallery-with-no-image","37":"ast-product-single-variable","38":"ast-product-tabs-layout-accordion","39":"ast-qv-on-image","41":"first","42":"instock","43":"taxable","44":"shipping-taxable","45":"purchasable","46":"product-type-variable"},"yoast_head":"<!-- This site is optimized with the Yoast SEO plugin v26.6 - https:\/\/yoast.com\/wordpress\/plugins\/seo\/ -->\n<title>Diamentowa ta\u015bma wyprodukowana na Litwie<\/title>\n<meta name=\"description\" content=\"Zam\u00f3wione przez klient\u00f3w i ju\u017c wykonane obr\u0105czki \u015blubne z diamentami\" \/>\n<meta name=\"robots\" content=\"index, follow, max-snippet:-1, max-image-preview:large, max-video-preview:-1\" \/>\n<link rel=\"canonical\" href=\"https:\/\/fashiongold.lt\/pl\/papuosalas\/pierscionek-z-bialego-zlota-diamentowa-linia-z-diamentami-140-ct\/\" \/>\n<meta property=\"og:locale\" content=\"pl_PL\" \/>\n<meta property=\"og:type\" content=\"article\" \/>\n<meta property=\"og:title\" content=\"Diamentowa ta\u015bma wyprodukowana na Litwie\" \/>\n<meta property=\"og:description\" content=\"Zam\u00f3wione przez klient\u00f3w i ju\u017c wykonane obr\u0105czki \u015blubne z diamentami\" \/>\n<meta property=\"og:url\" content=\"https:\/\/fashiongold.lt\/pl\/papuosalas\/pierscionek-z-bialego-zlota-diamentowa-linia-z-diamentami-140-ct\/\" \/>\n<meta property=\"og:site_name\" content=\"FashionGold.lt\" \/>\n<meta property=\"article:modified_time\" content=\"2026-02-17T13:53:31+00:00\" \/>\n<meta property=\"og:image\" content=\"https:\/\/fashiongold.lt\/wp-content\/uploads\/2025\/10\/2662-74a-Balto-aukso-ziedas-Deimantine-linija-su-deimantais-140-ct.webp\" \/>\n\t<meta property=\"og:image:width\" content=\"359\" \/>\n\t<meta property=\"og:image:height\" content=\"318\" \/>\n\t<meta property=\"og:image:type\" content=\"image\/png\" \/>\n<meta name=\"twitter:card\" content=\"summary_large_image\" \/>\n<script type=\"application\/ld+json\" class=\"yoast-schema-graph\">{\"@context\":\"https:\/\/schema.org\",\"@graph\":[{\"@type\":\"WebPage\",\"@id\":\"https:\/\/fashiongold.lt\/pl\/papuosalas\/pierscionek-z-bialego-zlota-diamentowa-linia-z-diamentami-140-ct\/\",\"url\":\"https:\/\/fashiongold.lt\/pl\/papuosalas\/pierscionek-z-bialego-zlota-diamentowa-linia-z-diamentami-140-ct\/\",\"name\":\"Diamentowa ta\u015bma wyprodukowana na Litwie\",\"isPartOf\":{\"@id\":\"https:\/\/fashiongold.lt\/pl\/#website\"},\"primaryImageOfPage\":{\"@id\":\"https:\/\/fashiongold.lt\/pl\/papuosalas\/pierscionek-z-bialego-zlota-diamentowa-linia-z-diamentami-140-ct\/#primaryimage\"},\"image\":{\"@id\":\"https:\/\/fashiongold.lt\/pl\/papuosalas\/pierscionek-z-bialego-zlota-diamentowa-linia-z-diamentami-140-ct\/#primaryimage\"},\"thumbnailUrl\":\"https:\/\/fashiongold.lt\/wp-content\/uploads\/2025\/10\/2662-74a-Balto-aukso-ziedas-Deimantine-linija-su-deimantais-140-ct.png\",\"datePublished\":\"2025-10-09T20:08:01+00:00\",\"dateModified\":\"2026-02-17T13:53:31+00:00\",\"description\":\"Zam\u00f3wione przez klient\u00f3w i ju\u017c wykonane obr\u0105czki \u015blubne z diamentami\",\"breadcrumb\":{\"@id\":\"https:\/\/fashiongold.lt\/pl\/papuosalas\/pierscionek-z-bialego-zlota-diamentowa-linia-z-diamentami-140-ct\/#breadcrumb\"},\"inLanguage\":\"pl-PL\",\"potentialAction\":[{\"@type\":\"ReadAction\",\"target\":[\"https:\/\/fashiongold.lt\/pl\/papuosalas\/pierscionek-z-bialego-zlota-diamentowa-linia-z-diamentami-140-ct\/\"]}]},{\"@type\":\"ImageObject\",\"inLanguage\":\"pl-PL\",\"@id\":\"https:\/\/fashiongold.lt\/pl\/papuosalas\/pierscionek-z-bialego-zlota-diamentowa-linia-z-diamentami-140-ct\/#primaryimage\",\"url\":\"https:\/\/fashiongold.lt\/wp-content\/uploads\/2025\/10\/2662-74a-Balto-aukso-ziedas-Deimantine-linija-su-deimantais-140-ct.png\",\"contentUrl\":\"https:\/\/fashiongold.lt\/wp-content\/uploads\/2025\/10\/2662-74a-Balto-aukso-ziedas-Deimantine-linija-su-deimantais-140-ct.png\",\"width\":359,\"height\":318},{\"@type\":\"BreadcrumbList\",\"@id\":\"https:\/\/fashiongold.lt\/pl\/papuosalas\/pierscionek-z-bialego-zlota-diamentowa-linia-z-diamentami-140-ct\/#breadcrumb\",\"itemListElement\":[{\"@type\":\"ListItem\",\"position\":1,\"name\":\"Home\",\"item\":\"https:\/\/fashiongold.lt\/pl\/\"},{\"@type\":\"ListItem\",\"position\":2,\"name\":\"Sklep z diamentami Fashiongold.lt\",\"item\":\"https:\/\/fashiongold.lt\/shop-2\/\"},{\"@type\":\"ListItem\",\"position\":3,\"name\":\"Pier\u015bcionek z bia\u0142ego z\u0142ota \u201eDiamentowa linia\u201d z diamentami (1,40 ct)\"}]},{\"@type\":\"WebSite\",\"@id\":\"https:\/\/fashiongold.lt\/pl\/#website\",\"url\":\"https:\/\/fashiongold.lt\/pl\/\",\"name\":\"Fashion Gold\",\"description\":\"Juvelyrikos namai\",\"publisher\":{\"@id\":\"https:\/\/fashiongold.lt\/pl\/#organization\"},\"potentialAction\":[{\"@type\":\"SearchAction\",\"target\":{\"@type\":\"EntryPoint\",\"urlTemplate\":\"https:\/\/fashiongold.lt\/pl\/?s={search_term_string}\"},\"query-input\":{\"@type\":\"PropertyValueSpecification\",\"valueRequired\":true,\"valueName\":\"search_term_string\"}}],\"inLanguage\":\"pl-PL\"},{\"@type\":\"Organization\",\"@id\":\"https:\/\/fashiongold.lt\/pl\/#organization\",\"name\":\"Topdiamonds Online\",\"url\":\"https:\/\/fashiongold.lt\/pl\/\",\"logo\":{\"@type\":\"ImageObject\",\"inLanguage\":\"pl-PL\",\"@id\":\"https:\/\/fashiongold.lt\/pl\/#\/schema\/logo\/image\/\",\"url\":\"https:\/\/fashiongold.lt\/wp-content\/uploads\/2025\/04\/cropped-fashion_gold_logotipas2-scaled-1.png\",\"contentUrl\":\"https:\/\/fashiongold.lt\/wp-content\/uploads\/2025\/04\/cropped-fashion_gold_logotipas2-scaled-1.png\",\"width\":2559,\"height\":421,\"caption\":\"Topdiamonds Online\"},\"image\":{\"@id\":\"https:\/\/fashiongold.lt\/pl\/#\/schema\/logo\/image\/\"}}]}<\/script>\n<!-- \/ Yoast SEO plugin. -->","yoast_head_json":{"title":"Diamentowa ta\u015bma wyprodukowana na Litwie","description":"Zam\u00f3wione przez klient\u00f3w i ju\u017c wykonane obr\u0105czki \u015blubne z diamentami","robots":{"index":"index","follow":"follow","max-snippet":"max-snippet:-1","max-image-preview":"max-image-preview:large","max-video-preview":"max-video-preview:-1"},"canonical":"https:\/\/fashiongold.lt\/pl\/papuosalas\/pierscionek-z-bialego-zlota-diamentowa-linia-z-diamentami-140-ct\/","og_locale":"pl_PL","og_type":"article","og_title":"Diamentowa ta\u015bma wyprodukowana na Litwie","og_description":"Zam\u00f3wione przez klient\u00f3w i ju\u017c wykonane obr\u0105czki \u015blubne z diamentami","og_url":"https:\/\/fashiongold.lt\/pl\/papuosalas\/pierscionek-z-bialego-zlota-diamentowa-linia-z-diamentami-140-ct\/","og_site_name":"FashionGold.lt","article_modified_time":"2026-02-17T13:53:31+00:00","og_image":[{"width":359,"height":318,"url":"https:\/\/fashiongold.lt\/wp-content\/uploads\/2025\/10\/2662-74a-Balto-aukso-ziedas-Deimantine-linija-su-deimantais-140-ct.webp","type":"image\/png"}],"twitter_card":"summary_large_image","schema":{"@context":"https:\/\/schema.org","@graph":[{"@type":"WebPage","@id":"https:\/\/fashiongold.lt\/pl\/papuosalas\/pierscionek-z-bialego-zlota-diamentowa-linia-z-diamentami-140-ct\/","url":"https:\/\/fashiongold.lt\/pl\/papuosalas\/pierscionek-z-bialego-zlota-diamentowa-linia-z-diamentami-140-ct\/","name":"Diamentowa ta\u015bma wyprodukowana na Litwie","isPartOf":{"@id":"https:\/\/fashiongold.lt\/pl\/#website"},"primaryImageOfPage":{"@id":"https:\/\/fashiongold.lt\/pl\/papuosalas\/pierscionek-z-bialego-zlota-diamentowa-linia-z-diamentami-140-ct\/#primaryimage"},"image":{"@id":"https:\/\/fashiongold.lt\/pl\/papuosalas\/pierscionek-z-bialego-zlota-diamentowa-linia-z-diamentami-140-ct\/#primaryimage"},"thumbnailUrl":"https:\/\/fashiongold.lt\/wp-content\/uploads\/2025\/10\/2662-74a-Balto-aukso-ziedas-Deimantine-linija-su-deimantais-140-ct.png","datePublished":"2025-10-09T20:08:01+00:00","dateModified":"2026-02-17T13:53:31+00:00","description":"Zam\u00f3wione przez klient\u00f3w i ju\u017c wykonane obr\u0105czki \u015blubne z diamentami","breadcrumb":{"@id":"https:\/\/fashiongold.lt\/pl\/papuosalas\/pierscionek-z-bialego-zlota-diamentowa-linia-z-diamentami-140-ct\/#breadcrumb"},"inLanguage":"pl-PL","potentialAction":[{"@type":"ReadAction","target":["https:\/\/fashiongold.lt\/pl\/papuosalas\/pierscionek-z-bialego-zlota-diamentowa-linia-z-diamentami-140-ct\/"]}]},{"@type":"ImageObject","inLanguage":"pl-PL","@id":"https:\/\/fashiongold.lt\/pl\/papuosalas\/pierscionek-z-bialego-zlota-diamentowa-linia-z-diamentami-140-ct\/#primaryimage","url":"https:\/\/fashiongold.lt\/wp-content\/uploads\/2025\/10\/2662-74a-Balto-aukso-ziedas-Deimantine-linija-su-deimantais-140-ct.png","contentUrl":"https:\/\/fashiongold.lt\/wp-content\/uploads\/2025\/10\/2662-74a-Balto-aukso-ziedas-Deimantine-linija-su-deimantais-140-ct.png","width":359,"height":318},{"@type":"BreadcrumbList","@id":"https:\/\/fashiongold.lt\/pl\/papuosalas\/pierscionek-z-bialego-zlota-diamentowa-linia-z-diamentami-140-ct\/#breadcrumb","itemListElement":[{"@type":"ListItem","position":1,"name":"Home","item":"https:\/\/fashiongold.lt\/pl\/"},{"@type":"ListItem","position":2,"name":"Sklep z diamentami Fashiongold.lt","item":"https:\/\/fashiongold.lt\/shop-2\/"},{"@type":"ListItem","position":3,"name":"Pier\u015bcionek z bia\u0142ego z\u0142ota \u201eDiamentowa linia\u201d z diamentami (1,40 ct)"}]},{"@type":"WebSite","@id":"https:\/\/fashiongold.lt\/pl\/#website","url":"https:\/\/fashiongold.lt\/pl\/","name":"Fashion Gold","description":"Juvelyrikos namai","publisher":{"@id":"https:\/\/fashiongold.lt\/pl\/#organization"},"potentialAction":[{"@type":"SearchAction","target":{"@type":"EntryPoint","urlTemplate":"https:\/\/fashiongold.lt\/pl\/?s={search_term_string}"},"query-input":{"@type":"PropertyValueSpecification","valueRequired":true,"valueName":"search_term_string"}}],"inLanguage":"pl-PL"},{"@type":"Organization","@id":"https:\/\/fashiongold.lt\/pl\/#organization","name":"Topdiamonds Online","url":"https:\/\/fashiongold.lt\/pl\/","logo":{"@type":"ImageObject","inLanguage":"pl-PL","@id":"https:\/\/fashiongold.lt\/pl\/#\/schema\/logo\/image\/","url":"https:\/\/fashiongold.lt\/wp-content\/uploads\/2025\/04\/cropped-fashion_gold_logotipas2-scaled-1.png","contentUrl":"https:\/\/fashiongold.lt\/wp-content\/uploads\/2025\/04\/cropped-fashion_gold_logotipas2-scaled-1.png","width":2559,"height":421,"caption":"Topdiamonds Online"},"image":{"@id":"https:\/\/fashiongold.lt\/pl\/#\/schema\/logo\/image\/"}}]}},"_links":{"self":[{"href":"https:\/\/fashiongold.lt\/pl\/wp-json\/wp\/v2\/product\/290685","targetHints":{"allow":["GET"]}}],"collection":[{"href":"https:\/\/fashiongold.lt\/pl\/wp-json\/wp\/v2\/product"}],"about":[{"href":"https:\/\/fashiongold.lt\/pl\/wp-json\/wp\/v2\/types\/product"}],"version-history":[{"count":0,"href":"https:\/\/fashiongold.lt\/pl\/wp-json\/wp\/v2\/product\/290685\/revisions"}],"wp:featuredmedia":[{"embeddable":true,"href":"https:\/\/fashiongold.lt\/pl\/wp-json\/wp\/v2\/media\/65463"}],"wp:attachment":[{"href":"https:\/\/fashiongold.lt\/pl\/wp-json\/wp\/v2\/media?parent=290685"}],"wp:term":[{"taxonomy":"product_brand","embeddable":true,"href":"https:\/\/fashiongold.lt\/pl\/wp-json\/wp\/v2\/product_brand?post=290685"},{"taxonomy":"product_cat","embeddable":true,"href":"https:\/\/fashiongold.lt\/pl\/wp-json\/wp\/v2\/product_cat?post=290685"},{"taxonomy":"product_tag","embeddable":true,"href":"https:\/\/fashiongold.lt\/pl\/wp-json\/wp\/v2\/product_tag?post=290685"}],"curies":[{"name":"wp","href":"https:\/\/api.w.org\/{rel}","templated":true}]}}