{"id":290945,"date":"2025-10-09T19:50:15","date_gmt":"2025-10-09T19:50:15","guid":{"rendered":"https:\/\/fashiongold.lt\/papuosalas\/pierscionek-z-bialego-zlota-z-diamentami-181-ct\/"},"modified":"2026-02-17T14:00:42","modified_gmt":"2026-02-17T14:00:42","slug":"pierscionek-z-bialego-zlota-z-diamentami-181-ct","status":"publish","type":"product","link":"https:\/\/fashiongold.lt\/pl\/papuosalas\/pierscionek-z-bialego-zlota-z-diamentami-181-ct\/","title":{"rendered":"Pier\u015bcionek z bia\u0142ego z\u0142ota z diamentami (1,81 ct)"},"content":{"rendered":"<p>Pier\u015bcionek o niepowtarzalnym pi\u0119knie, wyj\u0105tkowym stylu, wysokiej jako\u015bci, ze stref\u0105 komfortu. Pier\u015bcionek mo\u017ce zosta\u0107 wykonany na zam\u00f3wienie: z czerwonego, \u017c\u00f3\u0142tego oraz bia\u0142ego z\u0142ota.<\/p>\n<p>\u2022 Z\u0142oto pier\u015bcionka: 14 K (pr\u00f3ba 585), mo\u017cemy wykona\u0107 z 10K (pr\u00f3ba 375), 18K (pr\u00f3ba 750)\u00a0 \u00a0 \u00a0 \u00a0<\/p>\n<p>\u2022 Kolor pier\u015bcionka: do wyboru bia\u0142e, \u017c\u00f3\u0142te, czerwone z\u0142oto<\/p>\n<p>\u2022 Waga pier\u015bcionka (zale\u017cy od rozmiaru i pr\u00f3by): oko\u0142o 3,00 &#8211; 5,00 g\u00a0 \u00a0 \u00a0 \u00a0 \u00a0<\/p>\n<p>\u2022 Wymiary pier\u015bcionka: szeroko\u015b\u0107 oko\u0142o 3.4 mm (mo\u017cliwo\u015b\u0107 zmiany)\u00a0 \u00a0 \u00a0<\/p>\n<p>\u2022 Soczewka (strefa komfortu): tak\u00a0 \u00a0<\/p>\n<p>\u2022 Rodzaj diamentu: Naturalne diamenty (Natural diamonds)\u00a0 \u00a0 \u00a0 \u00a0<\/p>\n<p>\u2022 Kszta\u0142t diamentu: Okr\u0105g\u0142y (Round cut)\u00a0 \u00a0 \u00a0<\/p>\n<p>\u2022 Charakterystyka diamentu: 1,81 ct (25 szt. x 0,07 ct) (kolor G-H, czysto\u015b\u0107 VS &#8211; SI) (mo\u017cliwo\u015b\u0107 zmiany)\u00a0 \u00a0 \u00a0<\/p>\n<p>\u2022 Certyfikat: Litewska Izba Probiercza (LPR)\u00a0 \u00a0 \u00a0 \u00a0<\/p>\n<p>\u2022 Grawerowanie gratis\u00a0<\/p>\n<p>\u2022 Jednorazowa bezp\u0142atna gwarancja zmiany rozmiaru pier\u015bcionka (w miar\u0119 mo\u017cliwo\u015bci)\u00a0<\/p>\n<p>\u2022 Termin wykonania i dostawy od 14 dni roboczych, w trybie pilnym w ci\u0105gu 3 dni roboczych.\u00a0<\/p>\n<p><strong>Masz w\u0142asne z\u0142oto? Skontaktuj si\u0119 z nami, przeliczymy cen\u0119 \u2013 zap\u0142acisz tylko za wykonanie pier\u015bcionka.<\/strong><\/p>\n","protected":false},"excerpt":{"rendered":"<p style=\"border: 0px solid #d9d9e3; box-sizing: border-box; --tw-border-spacing-x: 0; --tw-border-spacing-y: 0; --tw-translate-x: 0; --tw-translate-y: 0; --tw-rotate: 0; --tw-skew-x: 0; --tw-skew-y: 0; --tw-scale-x: 1; --tw-scale-y: 1; --tw-scroll-snap-strictness: proximity; --tw-ring-offset-width: 0px; --tw-ring-offset-color: #fff; --tw-ring-color: rgba(69,89,164,.5); --tw-ring-offset-shadow: 0 0 transparent; --tw-ring-shadow: 0 0 transparent; --tw-shadow: 0 0 transparent; --tw-shadow-colored: 0 0 transparent; margin: 0px 0px 1.25em; color: #374151; font-family: S\u00f6hne, ui-sans-serif, system-ui, -apple-system, 'Segoe UI', Roboto, Ubuntu, Cantarell, 'Noto Sans', sans-serif, 'Helvetica Neue', Arial, 'Apple Color Emoji', 'Segoe UI Emoji', 'Segoe UI Symbol', 'Noto Color Emoji'; font-size: 16px; white-space-collapse: preserve; background-color: #f7f7f8;\"><span style=\"color: #000000; font-family: Verdana, Arial, Helvetica, sans-serif; font-size: 11px; white-space-collapse: collapse; background-color: #fafbfc;\">Ka\u017cdy pier\u015bcionek zdobiony diamentami jest wyj\u0105tkowy i doskonale odzwierciedla histori\u0119 mi\u0142o\u015bci pary. Klasyczny damski pier\u015bcionek z diamentami o masie 1,81 ct wok\u00f3\u0142 ca\u0142ego obwodu wyr\u00f3\u017cnia si\u0119 elegancj\u0105 i luksusem. Ten pier\u015bcionek z diamentami to co\u015b wi\u0119cej ni\u017c bi\u017cuteria \u2013 niesie on ogromn\u0105 warto\u015b\u0107 emocjonaln\u0105, przekazywan\u0105 z pokolenia na pokolenie. To wyj\u0105tkowy wyb\u00f3r, aby wyrazi\u0107 swoj\u0105 mi\u0142o\u015b\u0107 i trwa\u0142\u0105 warto\u015b\u0107 \u0142\u0105cz\u0105cej Was wi\u0119zi.<\/span><\/p>\n","protected":false},"featured_media":64551,"template":"","meta":{"site-sidebar-layout":"","site-content-layout":"","ast-site-content-layout":"","site-content-style":"","site-sidebar-style":"","ast-global-header-display":"","ast-banner-title-visibility":"","ast-main-header-display":"","ast-hfb-above-header-display":"","ast-hfb-below-header-display":"","ast-hfb-mobile-header-display":"","site-post-title":"","ast-breadcrumbs-content":"","ast-featured-img":"","footer-sml-layout":"","ast-disable-related-posts":"","theme-transparent-header-meta":"","adv-header-id-meta":"","stick-header-meta":"","header-above-stick-meta":"","header-main-stick-meta":"","header-below-stick-meta":"","astra-migrate-meta-layouts":"default","ast-page-background-enabled":"default","ast-page-background-meta":{"desktop":{"background-color":"var(--ast-global-color-4)","background-image":"","background-repeat":"repeat","background-position":"center center","background-size":"auto","background-attachment":"scroll","background-type":"","background-media":"","overlay-type":"","overlay-color":"","overlay-opacity":"","overlay-gradient":""},"tablet":{"background-color":"","background-image":"","background-repeat":"repeat","background-position":"center center","background-size":"auto","background-attachment":"scroll","background-type":"","background-media":"","overlay-type":"","overlay-color":"","overlay-opacity":"","overlay-gradient":""},"mobile":{"background-color":"","background-image":"","background-repeat":"repeat","background-position":"center center","background-size":"auto","background-attachment":"scroll","background-type":"","background-media":"","overlay-type":"","overlay-color":"","overlay-opacity":"","overlay-gradient":""}},"ast-content-background-meta":{"desktop":{"background-color":"var(--ast-global-color-5)","background-image":"","background-repeat":"repeat","background-position":"center center","background-size":"auto","background-attachment":"scroll","background-type":"","background-media":"","overlay-type":"","overlay-color":"","overlay-opacity":"","overlay-gradient":""},"tablet":{"background-color":"var(--ast-global-color-5)","background-image":"","background-repeat":"repeat","background-position":"center center","background-size":"auto","background-attachment":"scroll","background-type":"","background-media":"","overlay-type":"","overlay-color":"","overlay-opacity":"","overlay-gradient":""},"mobile":{"background-color":"var(--ast-global-color-5)","background-image":"","background-repeat":"repeat","background-position":"center center","background-size":"auto","background-attachment":"scroll","background-type":"","background-media":"","overlay-type":"","overlay-color":"","overlay-opacity":"","overlay-gradient":""}}},"product_brand":[],"product_cat":[2858,3373,3661,2862,2863,3782,2867,3302,3306,3303,3301,3305,3237,2853,2856,2875,2876,2860,2857,2854,2855,3169,2859,2852],"product_tag":[],"class_list":{"0":"post-290945","1":"product","2":"type-product","3":"status-publish","4":"has-post-thumbnail","6":"product_cat-bizuteria-z-bialego-zlota","7":"product_cat-damskie-obraczki-slubne","8":"product_cat-diamentowa-obraczka-z-brylantami","9":"product_cat-diamentowe-obraczki-z-bialego-zlota","10":"product_cat-diamentowe-paski","11":"product_cat-diamentowe-paski-z-platyny","12":"product_cat-diamentowy-pasek-wokol-calego-pierscionka","13":"product_cat-klasyczne-obraczki-slubne","14":"product_cat-nowoczesne-obraczki-slubne","15":"product_cat-obraczki-slubne","16":"product_cat-obraczki-slubne-z-bialego-zlota","17":"product_cat-obraczki-slubne-z-diamentami","18":"product_cat-pierscionki-z-diamentami","19":"product_cat-prezenty-dla-kobiet","20":"product_cat-prezenty-dla-mezczyzn","21":"product_cat-prezenty-na-dzien-matki","22":"product_cat-prezenty-na-walentynki","23":"product_cat-prezenty-na-wyjatkowe-okazje","24":"product_cat-prezenty-swiateczne","25":"product_cat-prezenty-z-okazji-narodzin-dziecka","26":"product_cat-prezenty-z-okazji-rocznicy-slubu","27":"product_cat-prezenty-z-okazji-slubu","28":"product_cat-prezenty-z-okazji-ukonczenia-szkoly","29":"product_cat-prezenty-z-okazji-urodzin","30":"desktop-align-center","31":"tablet-align-left","32":"mobile-align-left","33":"ast-product-gallery-layout-horizontal-slider","34":"ast-product-gallery-with-no-image","35":"ast-product-single-variable","36":"ast-product-tabs-layout-accordion","37":"ast-qv-on-image","39":"first","40":"instock","41":"taxable","42":"shipping-taxable","43":"purchasable","44":"product-type-variable"},"yoast_head":"<!-- This site is optimized with the Yoast SEO plugin v26.6 - https:\/\/yoast.com\/wordpress\/plugins\/seo\/ -->\n<title>Obr\u0105czka z diamentami 1,81 ct | FashionGold<\/title>\n<meta name=\"description\" content=\"Klasyczny z\u0142oty pier\u015bcionek damski z diamentami 1,81 ct wok\u00f3\u0142 ca\u0142ej obr\u0105czki wyr\u00f3\u017cnia si\u0119 elegancj\u0105 i luksusem. Wyprodukowano na Litwie. Darmowa wysy\u0142ka.\" \/>\n<meta name=\"robots\" content=\"index, follow, max-snippet:-1, max-image-preview:large, max-video-preview:-1\" \/>\n<link rel=\"canonical\" href=\"https:\/\/fashiongold.lt\/pl\/papuosalas\/pierscionek-z-bialego-zlota-z-diamentami-181-ct\/\" \/>\n<meta property=\"og:locale\" content=\"pl_PL\" \/>\n<meta property=\"og:type\" content=\"article\" \/>\n<meta property=\"og:title\" content=\"Obr\u0105czka z diamentami 1,81 ct | FashionGold\" \/>\n<meta property=\"og:description\" content=\"Klasyczny z\u0142oty pier\u015bcionek damski z diamentami 1,81 ct wok\u00f3\u0142 ca\u0142ej obr\u0105czki wyr\u00f3\u017cnia si\u0119 elegancj\u0105 i luksusem. Wyprodukowano na Litwie. Darmowa wysy\u0142ka.\" \/>\n<meta property=\"og:url\" content=\"https:\/\/fashiongold.lt\/pl\/papuosalas\/pierscionek-z-bialego-zlota-z-diamentami-181-ct\/\" \/>\n<meta property=\"og:site_name\" content=\"FashionGold.lt\" \/>\n<meta property=\"article:modified_time\" content=\"2026-02-17T14:00:42+00:00\" \/>\n<meta property=\"og:image\" content=\"https:\/\/fashiongold.lt\/wp-content\/uploads\/2025\/10\/2606-b1a-Balto-aukso-ziedas-su-deimantais-181-ct.webp\" \/>\n\t<meta property=\"og:image:width\" content=\"1024\" \/>\n\t<meta property=\"og:image:height\" content=\"1024\" \/>\n\t<meta property=\"og:image:type\" content=\"image\/jpeg\" \/>\n<meta name=\"twitter:card\" content=\"summary_large_image\" \/>\n<meta name=\"twitter:label1\" content=\"Szacowany czas czytania\" \/>\n\t<meta name=\"twitter:data1\" content=\"1 minuta\" \/>\n<script type=\"application\/ld+json\" class=\"yoast-schema-graph\">{\"@context\":\"https:\/\/schema.org\",\"@graph\":[{\"@type\":\"WebPage\",\"@id\":\"https:\/\/fashiongold.lt\/pl\/papuosalas\/pierscionek-z-bialego-zlota-z-diamentami-181-ct\/\",\"url\":\"https:\/\/fashiongold.lt\/pl\/papuosalas\/pierscionek-z-bialego-zlota-z-diamentami-181-ct\/\",\"name\":\"Obr\u0105czka z diamentami 1,81 ct | FashionGold\",\"isPartOf\":{\"@id\":\"https:\/\/fashiongold.lt\/pl\/#website\"},\"primaryImageOfPage\":{\"@id\":\"https:\/\/fashiongold.lt\/pl\/papuosalas\/pierscionek-z-bialego-zlota-z-diamentami-181-ct\/#primaryimage\"},\"image\":{\"@id\":\"https:\/\/fashiongold.lt\/pl\/papuosalas\/pierscionek-z-bialego-zlota-z-diamentami-181-ct\/#primaryimage\"},\"thumbnailUrl\":\"https:\/\/fashiongold.lt\/wp-content\/uploads\/2025\/10\/2606-b1a-Balto-aukso-ziedas-su-deimantais-181-ct.jpg\",\"datePublished\":\"2025-10-09T19:50:15+00:00\",\"dateModified\":\"2026-02-17T14:00:42+00:00\",\"description\":\"Klasyczny z\u0142oty pier\u015bcionek damski z diamentami 1,81 ct wok\u00f3\u0142 ca\u0142ej obr\u0105czki wyr\u00f3\u017cnia si\u0119 elegancj\u0105 i luksusem. Wyprodukowano na Litwie. Darmowa wysy\u0142ka.\",\"breadcrumb\":{\"@id\":\"https:\/\/fashiongold.lt\/pl\/papuosalas\/pierscionek-z-bialego-zlota-z-diamentami-181-ct\/#breadcrumb\"},\"inLanguage\":\"pl-PL\",\"potentialAction\":[{\"@type\":\"ReadAction\",\"target\":[\"https:\/\/fashiongold.lt\/pl\/papuosalas\/pierscionek-z-bialego-zlota-z-diamentami-181-ct\/\"]}]},{\"@type\":\"ImageObject\",\"inLanguage\":\"pl-PL\",\"@id\":\"https:\/\/fashiongold.lt\/pl\/papuosalas\/pierscionek-z-bialego-zlota-z-diamentami-181-ct\/#primaryimage\",\"url\":\"https:\/\/fashiongold.lt\/wp-content\/uploads\/2025\/10\/2606-b1a-Balto-aukso-ziedas-su-deimantais-181-ct.jpg\",\"contentUrl\":\"https:\/\/fashiongold.lt\/wp-content\/uploads\/2025\/10\/2606-b1a-Balto-aukso-ziedas-su-deimantais-181-ct.jpg\",\"width\":1024,\"height\":1024},{\"@type\":\"BreadcrumbList\",\"@id\":\"https:\/\/fashiongold.lt\/pl\/papuosalas\/pierscionek-z-bialego-zlota-z-diamentami-181-ct\/#breadcrumb\",\"itemListElement\":[{\"@type\":\"ListItem\",\"position\":1,\"name\":\"Home\",\"item\":\"https:\/\/fashiongold.lt\/pl\/\"},{\"@type\":\"ListItem\",\"position\":2,\"name\":\"Sklep z diamentami Fashiongold.lt\",\"item\":\"https:\/\/fashiongold.lt\/shop-2\/\"},{\"@type\":\"ListItem\",\"position\":3,\"name\":\"Pier\u015bcionek z bia\u0142ego z\u0142ota z diamentami (1,81 ct)\"}]},{\"@type\":\"WebSite\",\"@id\":\"https:\/\/fashiongold.lt\/pl\/#website\",\"url\":\"https:\/\/fashiongold.lt\/pl\/\",\"name\":\"Fashion Gold\",\"description\":\"Juvelyrikos namai\",\"publisher\":{\"@id\":\"https:\/\/fashiongold.lt\/pl\/#organization\"},\"potentialAction\":[{\"@type\":\"SearchAction\",\"target\":{\"@type\":\"EntryPoint\",\"urlTemplate\":\"https:\/\/fashiongold.lt\/pl\/?s={search_term_string}\"},\"query-input\":{\"@type\":\"PropertyValueSpecification\",\"valueRequired\":true,\"valueName\":\"search_term_string\"}}],\"inLanguage\":\"pl-PL\"},{\"@type\":\"Organization\",\"@id\":\"https:\/\/fashiongold.lt\/pl\/#organization\",\"name\":\"Topdiamonds Online\",\"url\":\"https:\/\/fashiongold.lt\/pl\/\",\"logo\":{\"@type\":\"ImageObject\",\"inLanguage\":\"pl-PL\",\"@id\":\"https:\/\/fashiongold.lt\/pl\/#\/schema\/logo\/image\/\",\"url\":\"https:\/\/fashiongold.lt\/wp-content\/uploads\/2025\/04\/cropped-fashion_gold_logotipas2-scaled-1.png\",\"contentUrl\":\"https:\/\/fashiongold.lt\/wp-content\/uploads\/2025\/04\/cropped-fashion_gold_logotipas2-scaled-1.png\",\"width\":2559,\"height\":421,\"caption\":\"Topdiamonds Online\"},\"image\":{\"@id\":\"https:\/\/fashiongold.lt\/pl\/#\/schema\/logo\/image\/\"}}]}<\/script>\n<!-- \/ Yoast SEO plugin. -->","yoast_head_json":{"title":"Obr\u0105czka z diamentami 1,81 ct | FashionGold","description":"Klasyczny z\u0142oty pier\u015bcionek damski z diamentami 1,81 ct wok\u00f3\u0142 ca\u0142ej obr\u0105czki wyr\u00f3\u017cnia si\u0119 elegancj\u0105 i luksusem. Wyprodukowano na Litwie. Darmowa wysy\u0142ka.","robots":{"index":"index","follow":"follow","max-snippet":"max-snippet:-1","max-image-preview":"max-image-preview:large","max-video-preview":"max-video-preview:-1"},"canonical":"https:\/\/fashiongold.lt\/pl\/papuosalas\/pierscionek-z-bialego-zlota-z-diamentami-181-ct\/","og_locale":"pl_PL","og_type":"article","og_title":"Obr\u0105czka z diamentami 1,81 ct | FashionGold","og_description":"Klasyczny z\u0142oty pier\u015bcionek damski z diamentami 1,81 ct wok\u00f3\u0142 ca\u0142ej obr\u0105czki wyr\u00f3\u017cnia si\u0119 elegancj\u0105 i luksusem. Wyprodukowano na Litwie. Darmowa wysy\u0142ka.","og_url":"https:\/\/fashiongold.lt\/pl\/papuosalas\/pierscionek-z-bialego-zlota-z-diamentami-181-ct\/","og_site_name":"FashionGold.lt","article_modified_time":"2026-02-17T14:00:42+00:00","og_image":[{"width":1024,"height":1024,"url":"https:\/\/fashiongold.lt\/wp-content\/uploads\/2025\/10\/2606-b1a-Balto-aukso-ziedas-su-deimantais-181-ct.webp","type":"image\/jpeg"}],"twitter_card":"summary_large_image","twitter_misc":{"Szacowany czas czytania":"1 minuta"},"schema":{"@context":"https:\/\/schema.org","@graph":[{"@type":"WebPage","@id":"https:\/\/fashiongold.lt\/pl\/papuosalas\/pierscionek-z-bialego-zlota-z-diamentami-181-ct\/","url":"https:\/\/fashiongold.lt\/pl\/papuosalas\/pierscionek-z-bialego-zlota-z-diamentami-181-ct\/","name":"Obr\u0105czka z diamentami 1,81 ct | FashionGold","isPartOf":{"@id":"https:\/\/fashiongold.lt\/pl\/#website"},"primaryImageOfPage":{"@id":"https:\/\/fashiongold.lt\/pl\/papuosalas\/pierscionek-z-bialego-zlota-z-diamentami-181-ct\/#primaryimage"},"image":{"@id":"https:\/\/fashiongold.lt\/pl\/papuosalas\/pierscionek-z-bialego-zlota-z-diamentami-181-ct\/#primaryimage"},"thumbnailUrl":"https:\/\/fashiongold.lt\/wp-content\/uploads\/2025\/10\/2606-b1a-Balto-aukso-ziedas-su-deimantais-181-ct.jpg","datePublished":"2025-10-09T19:50:15+00:00","dateModified":"2026-02-17T14:00:42+00:00","description":"Klasyczny z\u0142oty pier\u015bcionek damski z diamentami 1,81 ct wok\u00f3\u0142 ca\u0142ej obr\u0105czki wyr\u00f3\u017cnia si\u0119 elegancj\u0105 i luksusem. Wyprodukowano na Litwie. Darmowa wysy\u0142ka.","breadcrumb":{"@id":"https:\/\/fashiongold.lt\/pl\/papuosalas\/pierscionek-z-bialego-zlota-z-diamentami-181-ct\/#breadcrumb"},"inLanguage":"pl-PL","potentialAction":[{"@type":"ReadAction","target":["https:\/\/fashiongold.lt\/pl\/papuosalas\/pierscionek-z-bialego-zlota-z-diamentami-181-ct\/"]}]},{"@type":"ImageObject","inLanguage":"pl-PL","@id":"https:\/\/fashiongold.lt\/pl\/papuosalas\/pierscionek-z-bialego-zlota-z-diamentami-181-ct\/#primaryimage","url":"https:\/\/fashiongold.lt\/wp-content\/uploads\/2025\/10\/2606-b1a-Balto-aukso-ziedas-su-deimantais-181-ct.jpg","contentUrl":"https:\/\/fashiongold.lt\/wp-content\/uploads\/2025\/10\/2606-b1a-Balto-aukso-ziedas-su-deimantais-181-ct.jpg","width":1024,"height":1024},{"@type":"BreadcrumbList","@id":"https:\/\/fashiongold.lt\/pl\/papuosalas\/pierscionek-z-bialego-zlota-z-diamentami-181-ct\/#breadcrumb","itemListElement":[{"@type":"ListItem","position":1,"name":"Home","item":"https:\/\/fashiongold.lt\/pl\/"},{"@type":"ListItem","position":2,"name":"Sklep z diamentami Fashiongold.lt","item":"https:\/\/fashiongold.lt\/shop-2\/"},{"@type":"ListItem","position":3,"name":"Pier\u015bcionek z bia\u0142ego z\u0142ota z diamentami (1,81 ct)"}]},{"@type":"WebSite","@id":"https:\/\/fashiongold.lt\/pl\/#website","url":"https:\/\/fashiongold.lt\/pl\/","name":"Fashion Gold","description":"Juvelyrikos namai","publisher":{"@id":"https:\/\/fashiongold.lt\/pl\/#organization"},"potentialAction":[{"@type":"SearchAction","target":{"@type":"EntryPoint","urlTemplate":"https:\/\/fashiongold.lt\/pl\/?s={search_term_string}"},"query-input":{"@type":"PropertyValueSpecification","valueRequired":true,"valueName":"search_term_string"}}],"inLanguage":"pl-PL"},{"@type":"Organization","@id":"https:\/\/fashiongold.lt\/pl\/#organization","name":"Topdiamonds Online","url":"https:\/\/fashiongold.lt\/pl\/","logo":{"@type":"ImageObject","inLanguage":"pl-PL","@id":"https:\/\/fashiongold.lt\/pl\/#\/schema\/logo\/image\/","url":"https:\/\/fashiongold.lt\/wp-content\/uploads\/2025\/04\/cropped-fashion_gold_logotipas2-scaled-1.png","contentUrl":"https:\/\/fashiongold.lt\/wp-content\/uploads\/2025\/04\/cropped-fashion_gold_logotipas2-scaled-1.png","width":2559,"height":421,"caption":"Topdiamonds Online"},"image":{"@id":"https:\/\/fashiongold.lt\/pl\/#\/schema\/logo\/image\/"}}]}},"_links":{"self":[{"href":"https:\/\/fashiongold.lt\/pl\/wp-json\/wp\/v2\/product\/290945","targetHints":{"allow":["GET"]}}],"collection":[{"href":"https:\/\/fashiongold.lt\/pl\/wp-json\/wp\/v2\/product"}],"about":[{"href":"https:\/\/fashiongold.lt\/pl\/wp-json\/wp\/v2\/types\/product"}],"version-history":[{"count":0,"href":"https:\/\/fashiongold.lt\/pl\/wp-json\/wp\/v2\/product\/290945\/revisions"}],"wp:featuredmedia":[{"embeddable":true,"href":"https:\/\/fashiongold.lt\/pl\/wp-json\/wp\/v2\/media\/64551"}],"wp:attachment":[{"href":"https:\/\/fashiongold.lt\/pl\/wp-json\/wp\/v2\/media?parent=290945"}],"wp:term":[{"taxonomy":"product_brand","embeddable":true,"href":"https:\/\/fashiongold.lt\/pl\/wp-json\/wp\/v2\/product_brand?post=290945"},{"taxonomy":"product_cat","embeddable":true,"href":"https:\/\/fashiongold.lt\/pl\/wp-json\/wp\/v2\/product_cat?post=290945"},{"taxonomy":"product_tag","embeddable":true,"href":"https:\/\/fashiongold.lt\/pl\/wp-json\/wp\/v2\/product_tag?post=290945"}],"curies":[{"name":"wp","href":"https:\/\/api.w.org\/{rel}","templated":true}]}}