{"id":291165,"date":"2025-10-09T19:33:33","date_gmt":"2025-10-09T19:33:33","guid":{"rendered":"https:\/\/fashiongold.lt\/papuosalas\/seminarium-kolorowe-diamenty-od-czego-zalezy-cena-kolorowych-diamentow\/"},"modified":"2026-02-17T14:09:49","modified_gmt":"2026-02-17T14:09:49","slug":"seminarium-kolorowe-diamenty-od-czego-zalezy-cena-kolorowych-diamentow","status":"publish","type":"product","link":"https:\/\/fashiongold.lt\/pl\/papuosalas\/seminarium-kolorowe-diamenty-od-czego-zalezy-cena-kolorowych-diamentow\/","title":{"rendered":"Seminarium \u2013 Kolorowe diamenty. Od czego zale\u017cy cena kolorowych diament\u00f3w?"},"content":{"rendered":"<h2>Seminarium \u2013 Kolorowe diamenty. Od czego zale\u017cy cena kolorowych diament\u00f3w?<\/h2>\n<\/p>\n<ul style=\"list-style-type: square;\">\n<li>\n<p>Pocz\u0119stunek: kawa, herbata, kieliszek wina musuj\u0105cego lub czerwonego\/bia\u0142ego wina.<\/p>\n<\/li>\n<li>35,00 EUR \/ osoba.<\/li>\n<li>\n<p><span style=\"background-color: #ffffff; color: #1f1f1f; font-family: 'Google Sans', Roboto, sans-serif; font-size: 12px; white-space-collapse: preserve;\">Liczba uczestnik\u00f3w: od 6 do 20 os\u00f3b.<\/span><\/p>\n<\/li>\n<li>\n<p><span style=\"background-color: #ffffff; color: #1f1f1f; font-family: 'Google Sans', Roboto, sans-serif; font-size: 12px; white-space-collapse: preserve;\">Czas trwania spotkania: 1,5 godz. \u2013 3 godz.<\/span><\/p>\n<\/li>\n<li>\n<p><span style=\"background-color: #ffffff; color: #1f1f1f; font-family: 'Google Sans', Roboto, sans-serif; font-size: 12px; white-space-collapse: preserve;\">Miejsce spotkania: <\/span><span style=\"color: #1f1f1f; font-family: Google Sans, Roboto, sans-serif;\"><span style=\"font-size: 12px; white-space-collapse: preserve;\">Sklep Fashion Gold, ul. Pam\u0117nkalnio 5, Wilno lub do uzgodnienia indywidualnie pod numerem +37061008501 lub e-mailem info@fashiongold.lt.<\/span><\/span><\/p>\n<\/li>\n<li>\n<p><span style=\"color: #1f1f1f; font-family: Google Sans, Roboto, sans-serif;\"><span style=\"font-size: 12px; white-space-collapse: preserve;\">Data i czas spotkania: <\/span><span style=\"font-size: 12px; white-space-collapse: preserve;\">do uzgodnienia indywidualnie pod numerem +37061008501 lub e-mailem info@fashiongold.lt.<\/span><\/span><\/p>\n<\/li>\n<li><span style=\"color: #1f1f1f; font-family: Google Sans, Roboto, sans-serif;\"><span style=\"font-size: 12px; white-space-collapse: preserve;\">W celu uzyskania bardziej szczeg\u00f3\u0142owych informacji prosimy o kontakt e-mailowy pod adresem info@fashiongold.lt lub telefoniczny +37061008501.<\/span><\/span><span style=\"color: #1f1f1f; font-family: Google Sans, Roboto, sans-serif;\"><span style=\"font-size: 12px; white-space-collapse: preserve;\"><\/span><\/span><span style=\"color: #1f1f1f; font-family: Google Sans, Roboto, sans-serif;\"><span style=\"font-size: 12px; white-space-collapse: preserve;\"><\/span><\/span><span style=\"color: #1f1f1f; font-family: Google Sans, Roboto, sans-serif;\"><span style=\"font-size: 12px; white-space-collapse: preserve;\"><\/span><\/span><span style=\"color: #1f1f1f; font-family: Google Sans, Roboto, sans-serif;\"><span style=\"font-size: 12px; white-space-collapse: preserve;\"><\/span><\/span><\/li>\n<\/ul>\n<p><span style=\"color: #1f1f1f; font-family: Google Sans, Roboto, sans-serif;\"><span style=\"font-size: 12px; white-space-collapse: preserve;\"><\/span><\/span><\/p>\n<p><span style=\"color: #1f1f1f; font-family: Google Sans, Roboto, sans-serif;\"><span style=\"font-size: 12px; white-space-collapse: preserve;\">To seminarium mo\u017ce odby\u0107 si\u0119 w wybranym przez Pa\u0144stwa miejscu (zgodnie z \u017cyczeniem).<\/span><\/span><\/p>\n<ul style=\"list-style-type: square;\">\n<li>\n<p><span style=\"color: #1f1f1f; font-family: Google Sans, Roboto, sans-serif;\"><span style=\"font-size: 12px; white-space-collapse: preserve;\">Cena: 250,00 EUR.<\/span><\/span><span style=\"color: #1f1f1f; font-family: Google Sans, Roboto, sans-serif;\"><span style=\"font-size: 12px; white-space-collapse: preserve;\"><\/span><\/span><\/p>\n<\/li>\n<li>\n<p><span style=\"color: #1f1f1f; font-family: Google Sans, Roboto, sans-serif;\"><span style=\"font-size: 12px; white-space-collapse: preserve;\">Liczba uczestnik\u00f3w: nieograniczona.<\/span><\/span><\/p>\n<\/li>\n<li>\n<p><span style=\"background-color: #ffffff; color: #1f1f1f; font-family: 'Google Sans', Roboto, sans-serif; font-size: 12px; white-space-collapse: preserve;\">Czas trwania spotkania: 1,5 godz. \u2013 3 godz.<\/span><\/p>\n<\/li>\n<li>\n<p><span style=\"color: #1f1f1f; font-family: Google Sans, Roboto, sans-serif;\"><span style=\"font-size: 12px; white-space-collapse: preserve;\">Data i czas spotkania: <\/span><span style=\"font-size: 12px; white-space-collapse: preserve;\">do uzgodnienia indywidualnie pod numerem +37061008501 lub e-mailem info@fashiongold.lt.<\/span><\/span><\/p>\n<\/li>\n<\/ul>\n<p><span style=\"color: #1f1f1f; font-family: Google Sans, Roboto, sans-serif;\"><span style=\"font-size: 12px; white-space-collapse: preserve;\"><\/span><\/span><\/p>\n<p><span style=\"background-color: #ffffff; color: #1f1f1f; font-family: 'Google Sans', Roboto, sans-serif; font-size: 12px; white-space-collapse: preserve;\"><\/span><\/p>\n","protected":false},"excerpt":{"rendered":"<p>Kolorowe diamenty to luksus, a we wsp\u00f3\u0142czesnym \u015bwiecie swego rodzaju element stylu. Dlatego coraz cz\u0119\u015bciej ludzie pragn\u0105 zdobi\u0107 si\u0119 tym, co niezwyk\u0142e, obdarzone naturalnym pi\u0119knem i elegancko l\u015bni\u0105ce.<\/p>\n<p>Sprzeda\u017c kolorowych diament\u00f3w w ci\u0105gu ostatnich 10 lat wzros\u0142a dziesi\u0119ciokrotnie. Podczas seminarium ekspertka w dziedzinie jubilerstwa i kamieni szlachetnych Julija Gerlich zapozna Pa\u0144stwa z ich g\u0142\u00f3wnymi cechami, opowie o interesuj\u0105cych faktach i wyja\u015bni, dlaczego ceny kamieni szlachetnych tak bardzo si\u0119 r\u00f3\u017cni\u0105 oraz na co warto zwraca\u0107 uwag\u0119.<\/p>\n","protected":false},"featured_media":62576,"template":"","meta":{"site-sidebar-layout":"default","site-content-layout":"","ast-site-content-layout":"default","site-content-style":"default","site-sidebar-style":"default","ast-global-header-display":"","ast-banner-title-visibility":"","ast-main-header-display":"","ast-hfb-above-header-display":"","ast-hfb-below-header-display":"","ast-hfb-mobile-header-display":"","site-post-title":"","ast-breadcrumbs-content":"","ast-featured-img":"","footer-sml-layout":"","ast-disable-related-posts":"","theme-transparent-header-meta":"default","adv-header-id-meta":"","stick-header-meta":"","header-above-stick-meta":"","header-main-stick-meta":"","header-below-stick-meta":"","astra-migrate-meta-layouts":"default","ast-page-background-enabled":"default","ast-page-background-meta":{"desktop":{"background-color":"var(--ast-global-color-4)","background-image":"","background-repeat":"repeat","background-position":"center center","background-size":"auto","background-attachment":"scroll","background-type":"","background-media":"","overlay-type":"","overlay-color":"","overlay-opacity":"","overlay-gradient":""},"tablet":{"background-color":"","background-image":"","background-repeat":"repeat","background-position":"center center","background-size":"auto","background-attachment":"scroll","background-type":"","background-media":"","overlay-type":"","overlay-color":"","overlay-opacity":"","overlay-gradient":""},"mobile":{"background-color":"","background-image":"","background-repeat":"repeat","background-position":"center center","background-size":"auto","background-attachment":"scroll","background-type":"","background-media":"","overlay-type":"","overlay-color":"","overlay-opacity":"","overlay-gradient":""}},"ast-content-background-meta":{"desktop":{"background-color":"var(--ast-global-color-5)","background-image":"","background-repeat":"repeat","background-position":"center center","background-size":"auto","background-attachment":"scroll","background-type":"","background-media":"","overlay-type":"","overlay-color":"","overlay-opacity":"","overlay-gradient":""},"tablet":{"background-color":"var(--ast-global-color-5)","background-image":"","background-repeat":"repeat","background-position":"center center","background-size":"auto","background-attachment":"scroll","background-type":"","background-media":"","overlay-type":"","overlay-color":"","overlay-opacity":"","overlay-gradient":""},"mobile":{"background-color":"var(--ast-global-color-5)","background-image":"","background-repeat":"repeat","background-position":"center center","background-size":"auto","background-attachment":"scroll","background-type":"","background-media":"","overlay-type":"","overlay-color":"","overlay-opacity":"","overlay-gradient":""}}},"product_brand":[],"product_cat":[4110],"product_tag":[],"class_list":{"0":"post-291165","1":"product","2":"type-product","3":"status-publish","4":"has-post-thumbnail","6":"product_cat-seminaria-diamentowe","7":"desktop-align-center","8":"tablet-align-left","9":"mobile-align-left","10":"ast-product-gallery-layout-horizontal-slider","11":"ast-product-tabs-layout-accordion","12":"ast-qv-on-image","14":"first","15":"instock","16":"taxable","17":"shipping-taxable","18":"purchasable","19":"product-type-simple"},"yoast_head":"<!-- This site is optimized with the Yoast SEO plugin v26.6 - https:\/\/yoast.com\/wordpress\/plugins\/seo\/ -->\n<title>Seminarium \u2013 Kolorowe diamenty. Od czego zale\u017cy cena kolorowych diament\u00f3w? - FashionGold.lt<\/title>\n<meta name=\"robots\" content=\"index, follow, max-snippet:-1, max-image-preview:large, max-video-preview:-1\" \/>\n<link rel=\"canonical\" href=\"https:\/\/fashiongold.lt\/pl\/papuosalas\/seminarium-kolorowe-diamenty-od-czego-zalezy-cena-kolorowych-diamentow\/\" \/>\n<meta property=\"og:locale\" content=\"pl_PL\" \/>\n<meta property=\"og:type\" content=\"article\" \/>\n<meta property=\"og:title\" content=\"Seminarium \u2013 Kolorowe diamenty. Od czego zale\u017cy cena kolorowych diament\u00f3w? - FashionGold.lt\" \/>\n<meta property=\"og:description\" content=\"Kolorowe diamenty to luksus, a we wsp\u00f3\u0142czesnym \u015bwiecie swego rodzaju element stylu. Dlatego coraz cz\u0119\u015bciej ludzie pragn\u0105 zdobi\u0107 si\u0119 tym, co niezwyk\u0142e, obdarzone naturalnym pi\u0119knem i elegancko l\u015bni\u0105ce. Sprzeda\u017c kolorowych diament\u00f3w w ci\u0105gu ostatnich 10 lat wzros\u0142a dziesi\u0119ciokrotnie. Podczas seminarium ekspertka w dziedzinie jubilerstwa i kamieni szlachetnych Julija Gerlich zapozna Pa\u0144stwa z ich g\u0142\u00f3wnymi cechami, opowie o interesuj\u0105cych faktach i wyja\u015bni, dlaczego ceny kamieni szlachetnych tak bardzo si\u0119 r\u00f3\u017cni\u0105 oraz na co warto zwraca\u0107 uwag\u0119.\" \/>\n<meta property=\"og:url\" content=\"https:\/\/fashiongold.lt\/pl\/papuosalas\/seminarium-kolorowe-diamenty-od-czego-zalezy-cena-kolorowych-diamentow\/\" \/>\n<meta property=\"og:site_name\" content=\"FashionGold.lt\" \/>\n<meta property=\"article:modified_time\" content=\"2026-02-17T14:09:49+00:00\" \/>\n<meta property=\"og:image\" content=\"https:\/\/fashiongold.lt\/wp-content\/uploads\/2025\/10\/2468-5fc-Seminaras-Spalvoti-deimantai.-Nuo-ko-priklauso-spalvotu-deimantu-kaina.webp\" \/>\n\t<meta property=\"og:image:width\" content=\"1000\" \/>\n\t<meta property=\"og:image:height\" content=\"1000\" \/>\n\t<meta property=\"og:image:type\" content=\"image\/png\" \/>\n<meta name=\"twitter:card\" content=\"summary_large_image\" \/>\n<meta name=\"twitter:label1\" content=\"Szacowany czas czytania\" \/>\n\t<meta name=\"twitter:data1\" content=\"1 minuta\" \/>\n<script type=\"application\/ld+json\" class=\"yoast-schema-graph\">{\"@context\":\"https:\/\/schema.org\",\"@graph\":[{\"@type\":\"WebPage\",\"@id\":\"https:\/\/fashiongold.lt\/pl\/papuosalas\/seminarium-kolorowe-diamenty-od-czego-zalezy-cena-kolorowych-diamentow\/\",\"url\":\"https:\/\/fashiongold.lt\/pl\/papuosalas\/seminarium-kolorowe-diamenty-od-czego-zalezy-cena-kolorowych-diamentow\/\",\"name\":\"Seminarium \u2013 Kolorowe diamenty. Od czego zale\u017cy cena kolorowych diament\u00f3w? - FashionGold.lt\",\"isPartOf\":{\"@id\":\"https:\/\/fashiongold.lt\/pl\/#website\"},\"primaryImageOfPage\":{\"@id\":\"https:\/\/fashiongold.lt\/pl\/papuosalas\/seminarium-kolorowe-diamenty-od-czego-zalezy-cena-kolorowych-diamentow\/#primaryimage\"},\"image\":{\"@id\":\"https:\/\/fashiongold.lt\/pl\/papuosalas\/seminarium-kolorowe-diamenty-od-czego-zalezy-cena-kolorowych-diamentow\/#primaryimage\"},\"thumbnailUrl\":\"https:\/\/fashiongold.lt\/wp-content\/uploads\/2025\/10\/2468-5fc-Seminaras-Spalvoti-deimantai.-Nuo-ko-priklauso-spalvotu-deimantu-kaina.png\",\"datePublished\":\"2025-10-09T19:33:33+00:00\",\"dateModified\":\"2026-02-17T14:09:49+00:00\",\"breadcrumb\":{\"@id\":\"https:\/\/fashiongold.lt\/pl\/papuosalas\/seminarium-kolorowe-diamenty-od-czego-zalezy-cena-kolorowych-diamentow\/#breadcrumb\"},\"inLanguage\":\"pl-PL\",\"potentialAction\":[{\"@type\":\"ReadAction\",\"target\":[\"https:\/\/fashiongold.lt\/pl\/papuosalas\/seminarium-kolorowe-diamenty-od-czego-zalezy-cena-kolorowych-diamentow\/\"]}]},{\"@type\":\"ImageObject\",\"inLanguage\":\"pl-PL\",\"@id\":\"https:\/\/fashiongold.lt\/pl\/papuosalas\/seminarium-kolorowe-diamenty-od-czego-zalezy-cena-kolorowych-diamentow\/#primaryimage\",\"url\":\"https:\/\/fashiongold.lt\/wp-content\/uploads\/2025\/10\/2468-5fc-Seminaras-Spalvoti-deimantai.-Nuo-ko-priklauso-spalvotu-deimantu-kaina.png\",\"contentUrl\":\"https:\/\/fashiongold.lt\/wp-content\/uploads\/2025\/10\/2468-5fc-Seminaras-Spalvoti-deimantai.-Nuo-ko-priklauso-spalvotu-deimantu-kaina.png\",\"width\":1000,\"height\":1000},{\"@type\":\"BreadcrumbList\",\"@id\":\"https:\/\/fashiongold.lt\/pl\/papuosalas\/seminarium-kolorowe-diamenty-od-czego-zalezy-cena-kolorowych-diamentow\/#breadcrumb\",\"itemListElement\":[{\"@type\":\"ListItem\",\"position\":1,\"name\":\"Home\",\"item\":\"https:\/\/fashiongold.lt\/pl\/\"},{\"@type\":\"ListItem\",\"position\":2,\"name\":\"Sklep z diamentami Fashiongold.lt\",\"item\":\"https:\/\/fashiongold.lt\/shop-2\/\"},{\"@type\":\"ListItem\",\"position\":3,\"name\":\"Seminarium \u2013 Kolorowe diamenty. Od czego zale\u017cy cena kolorowych diament\u00f3w?\"}]},{\"@type\":\"WebSite\",\"@id\":\"https:\/\/fashiongold.lt\/pl\/#website\",\"url\":\"https:\/\/fashiongold.lt\/pl\/\",\"name\":\"Fashion Gold\",\"description\":\"Juvelyrikos namai\",\"publisher\":{\"@id\":\"https:\/\/fashiongold.lt\/pl\/#organization\"},\"potentialAction\":[{\"@type\":\"SearchAction\",\"target\":{\"@type\":\"EntryPoint\",\"urlTemplate\":\"https:\/\/fashiongold.lt\/pl\/?s={search_term_string}\"},\"query-input\":{\"@type\":\"PropertyValueSpecification\",\"valueRequired\":true,\"valueName\":\"search_term_string\"}}],\"inLanguage\":\"pl-PL\"},{\"@type\":\"Organization\",\"@id\":\"https:\/\/fashiongold.lt\/pl\/#organization\",\"name\":\"Topdiamonds Online\",\"url\":\"https:\/\/fashiongold.lt\/pl\/\",\"logo\":{\"@type\":\"ImageObject\",\"inLanguage\":\"pl-PL\",\"@id\":\"https:\/\/fashiongold.lt\/pl\/#\/schema\/logo\/image\/\",\"url\":\"https:\/\/fashiongold.lt\/wp-content\/uploads\/2025\/04\/cropped-fashion_gold_logotipas2-scaled-1.png\",\"contentUrl\":\"https:\/\/fashiongold.lt\/wp-content\/uploads\/2025\/04\/cropped-fashion_gold_logotipas2-scaled-1.png\",\"width\":2559,\"height\":421,\"caption\":\"Topdiamonds Online\"},\"image\":{\"@id\":\"https:\/\/fashiongold.lt\/pl\/#\/schema\/logo\/image\/\"}}]}<\/script>\n<!-- \/ Yoast SEO plugin. -->","yoast_head_json":{"title":"Seminarium \u2013 Kolorowe diamenty. Od czego zale\u017cy cena kolorowych diament\u00f3w? - FashionGold.lt","robots":{"index":"index","follow":"follow","max-snippet":"max-snippet:-1","max-image-preview":"max-image-preview:large","max-video-preview":"max-video-preview:-1"},"canonical":"https:\/\/fashiongold.lt\/pl\/papuosalas\/seminarium-kolorowe-diamenty-od-czego-zalezy-cena-kolorowych-diamentow\/","og_locale":"pl_PL","og_type":"article","og_title":"Seminarium \u2013 Kolorowe diamenty. Od czego zale\u017cy cena kolorowych diament\u00f3w? - FashionGold.lt","og_description":"Kolorowe diamenty to luksus, a we wsp\u00f3\u0142czesnym \u015bwiecie swego rodzaju element stylu. Dlatego coraz cz\u0119\u015bciej ludzie pragn\u0105 zdobi\u0107 si\u0119 tym, co niezwyk\u0142e, obdarzone naturalnym pi\u0119knem i elegancko l\u015bni\u0105ce. Sprzeda\u017c kolorowych diament\u00f3w w ci\u0105gu ostatnich 10 lat wzros\u0142a dziesi\u0119ciokrotnie. Podczas seminarium ekspertka w dziedzinie jubilerstwa i kamieni szlachetnych Julija Gerlich zapozna Pa\u0144stwa z ich g\u0142\u00f3wnymi cechami, opowie o interesuj\u0105cych faktach i wyja\u015bni, dlaczego ceny kamieni szlachetnych tak bardzo si\u0119 r\u00f3\u017cni\u0105 oraz na co warto zwraca\u0107 uwag\u0119.","og_url":"https:\/\/fashiongold.lt\/pl\/papuosalas\/seminarium-kolorowe-diamenty-od-czego-zalezy-cena-kolorowych-diamentow\/","og_site_name":"FashionGold.lt","article_modified_time":"2026-02-17T14:09:49+00:00","og_image":[{"width":1000,"height":1000,"url":"https:\/\/fashiongold.lt\/wp-content\/uploads\/2025\/10\/2468-5fc-Seminaras-Spalvoti-deimantai.-Nuo-ko-priklauso-spalvotu-deimantu-kaina.webp","type":"image\/png"}],"twitter_card":"summary_large_image","twitter_misc":{"Szacowany czas czytania":"1 minuta"},"schema":{"@context":"https:\/\/schema.org","@graph":[{"@type":"WebPage","@id":"https:\/\/fashiongold.lt\/pl\/papuosalas\/seminarium-kolorowe-diamenty-od-czego-zalezy-cena-kolorowych-diamentow\/","url":"https:\/\/fashiongold.lt\/pl\/papuosalas\/seminarium-kolorowe-diamenty-od-czego-zalezy-cena-kolorowych-diamentow\/","name":"Seminarium \u2013 Kolorowe diamenty. Od czego zale\u017cy cena kolorowych diament\u00f3w? - FashionGold.lt","isPartOf":{"@id":"https:\/\/fashiongold.lt\/pl\/#website"},"primaryImageOfPage":{"@id":"https:\/\/fashiongold.lt\/pl\/papuosalas\/seminarium-kolorowe-diamenty-od-czego-zalezy-cena-kolorowych-diamentow\/#primaryimage"},"image":{"@id":"https:\/\/fashiongold.lt\/pl\/papuosalas\/seminarium-kolorowe-diamenty-od-czego-zalezy-cena-kolorowych-diamentow\/#primaryimage"},"thumbnailUrl":"https:\/\/fashiongold.lt\/wp-content\/uploads\/2025\/10\/2468-5fc-Seminaras-Spalvoti-deimantai.-Nuo-ko-priklauso-spalvotu-deimantu-kaina.png","datePublished":"2025-10-09T19:33:33+00:00","dateModified":"2026-02-17T14:09:49+00:00","breadcrumb":{"@id":"https:\/\/fashiongold.lt\/pl\/papuosalas\/seminarium-kolorowe-diamenty-od-czego-zalezy-cena-kolorowych-diamentow\/#breadcrumb"},"inLanguage":"pl-PL","potentialAction":[{"@type":"ReadAction","target":["https:\/\/fashiongold.lt\/pl\/papuosalas\/seminarium-kolorowe-diamenty-od-czego-zalezy-cena-kolorowych-diamentow\/"]}]},{"@type":"ImageObject","inLanguage":"pl-PL","@id":"https:\/\/fashiongold.lt\/pl\/papuosalas\/seminarium-kolorowe-diamenty-od-czego-zalezy-cena-kolorowych-diamentow\/#primaryimage","url":"https:\/\/fashiongold.lt\/wp-content\/uploads\/2025\/10\/2468-5fc-Seminaras-Spalvoti-deimantai.-Nuo-ko-priklauso-spalvotu-deimantu-kaina.png","contentUrl":"https:\/\/fashiongold.lt\/wp-content\/uploads\/2025\/10\/2468-5fc-Seminaras-Spalvoti-deimantai.-Nuo-ko-priklauso-spalvotu-deimantu-kaina.png","width":1000,"height":1000},{"@type":"BreadcrumbList","@id":"https:\/\/fashiongold.lt\/pl\/papuosalas\/seminarium-kolorowe-diamenty-od-czego-zalezy-cena-kolorowych-diamentow\/#breadcrumb","itemListElement":[{"@type":"ListItem","position":1,"name":"Home","item":"https:\/\/fashiongold.lt\/pl\/"},{"@type":"ListItem","position":2,"name":"Sklep z diamentami Fashiongold.lt","item":"https:\/\/fashiongold.lt\/shop-2\/"},{"@type":"ListItem","position":3,"name":"Seminarium \u2013 Kolorowe diamenty. Od czego zale\u017cy cena kolorowych diament\u00f3w?"}]},{"@type":"WebSite","@id":"https:\/\/fashiongold.lt\/pl\/#website","url":"https:\/\/fashiongold.lt\/pl\/","name":"Fashion Gold","description":"Juvelyrikos namai","publisher":{"@id":"https:\/\/fashiongold.lt\/pl\/#organization"},"potentialAction":[{"@type":"SearchAction","target":{"@type":"EntryPoint","urlTemplate":"https:\/\/fashiongold.lt\/pl\/?s={search_term_string}"},"query-input":{"@type":"PropertyValueSpecification","valueRequired":true,"valueName":"search_term_string"}}],"inLanguage":"pl-PL"},{"@type":"Organization","@id":"https:\/\/fashiongold.lt\/pl\/#organization","name":"Topdiamonds Online","url":"https:\/\/fashiongold.lt\/pl\/","logo":{"@type":"ImageObject","inLanguage":"pl-PL","@id":"https:\/\/fashiongold.lt\/pl\/#\/schema\/logo\/image\/","url":"https:\/\/fashiongold.lt\/wp-content\/uploads\/2025\/04\/cropped-fashion_gold_logotipas2-scaled-1.png","contentUrl":"https:\/\/fashiongold.lt\/wp-content\/uploads\/2025\/04\/cropped-fashion_gold_logotipas2-scaled-1.png","width":2559,"height":421,"caption":"Topdiamonds Online"},"image":{"@id":"https:\/\/fashiongold.lt\/pl\/#\/schema\/logo\/image\/"}}]}},"_links":{"self":[{"href":"https:\/\/fashiongold.lt\/pl\/wp-json\/wp\/v2\/product\/291165","targetHints":{"allow":["GET"]}}],"collection":[{"href":"https:\/\/fashiongold.lt\/pl\/wp-json\/wp\/v2\/product"}],"about":[{"href":"https:\/\/fashiongold.lt\/pl\/wp-json\/wp\/v2\/types\/product"}],"version-history":[{"count":0,"href":"https:\/\/fashiongold.lt\/pl\/wp-json\/wp\/v2\/product\/291165\/revisions"}],"wp:featuredmedia":[{"embeddable":true,"href":"https:\/\/fashiongold.lt\/pl\/wp-json\/wp\/v2\/media\/62576"}],"wp:attachment":[{"href":"https:\/\/fashiongold.lt\/pl\/wp-json\/wp\/v2\/media?parent=291165"}],"wp:term":[{"taxonomy":"product_brand","embeddable":true,"href":"https:\/\/fashiongold.lt\/pl\/wp-json\/wp\/v2\/product_brand?post=291165"},{"taxonomy":"product_cat","embeddable":true,"href":"https:\/\/fashiongold.lt\/pl\/wp-json\/wp\/v2\/product_cat?post=291165"},{"taxonomy":"product_tag","embeddable":true,"href":"https:\/\/fashiongold.lt\/pl\/wp-json\/wp\/v2\/product_tag?post=291165"}],"curies":[{"name":"wp","href":"https:\/\/api.w.org\/{rel}","templated":true}]}}