{"id":291175,"date":"2025-10-09T19:33:33","date_gmt":"2025-10-09T19:33:33","guid":{"rendered":"https:\/\/fashiongold.lt\/papuosalas\/seminarium-dla-firm-o-kamieniach-szlachetnych\/"},"modified":"2026-02-17T14:09:54","modified_gmt":"2026-02-17T14:09:54","slug":"seminarium-dla-firm-o-kamieniach-szlachetnych","status":"publish","type":"product","link":"https:\/\/fashiongold.lt\/pl\/papuosalas\/seminarium-dla-firm-o-kamieniach-szlachetnych\/","title":{"rendered":"Seminarium \u2013 Dla firm o kamieniach szlachetnych"},"content":{"rendered":"<h2>Seminarium &#8211; Dla firm o kamieniach szlachetnych<\/h2>\n<\/p>\n<ul style=\"list-style-type: square;\">\n<li>\n<pre>Mo\u017cesz wybra\u0107 preferowany temat seminarium: <\/pre>\n<ol>\n<li>\n<pre>Historia diamentu lub od czego zale\u017cy cena diamentu.\u00a0<\/pre>\n<\/li>\n<li>\n<pre>Diamenty i szampan.<\/pre>\n<\/li>\n<li>\n<pre>Kamienie szlachetne. Szafir. Rubin. Szmaragd. Od czego zale\u017cy cena kamienia szlachetnego?<\/pre>\n<\/li>\n<li>\n<pre>Tajemnica pere\u0142. Ten tajemniczy blask pere\u0142... Ka\u017cdej inny..<\/pre>\n<\/li>\n<\/ol>\n<\/li>\n<li>\n<pre><span style=\"background-color: #ffffff; color: #1f1f1f; font-family: 'Google Sans', Roboto, sans-serif; font-size: 12px; white-space-collapse: preserve;\">Liczba uczestnik\u00f3w: nieograniczona.<\/span><\/pre>\n<\/li>\n<li>\n<pre><span style=\"background-color: #ffffff; color: #1f1f1f; font-family: 'Google Sans', Roboto, sans-serif; font-size: 12px; white-space-collapse: preserve;\">Czas trwania: 1,5 godz. - 3 godz.<\/span><\/pre>\n<\/li>\n<li>\n<pre><span style=\"background-color: #ffffff; color: #1f1f1f; font-family: 'Google Sans', Roboto, sans-serif; font-size: 12px; white-space-collapse: preserve;\">Miejsce: d<\/span><span style=\"color: #1f1f1f; font-family: Google Sans, Roboto, sans-serif;\"><span style=\"font-size: 12px; white-space-collapse: preserve;\">o uzgodnienia indywidualnie +37061008501 lub e-mailem info@fashiongold.lt.<\/span><\/span><\/pre>\n<\/li>\n<li>\n<pre><span style=\"color: #1f1f1f; font-family: Google Sans, Roboto, sans-serif;\"><span style=\"font-size: 12px; white-space-collapse: preserve;\">Data i czas: d<\/span><span style=\"font-size: 12px; white-space-collapse: preserve;\">o uzgodnienia indywidualnie +37061008501 lub e-mailem info@fashiongold.lt.<\/span><\/span><\/pre>\n<\/li>\n<li>\n<pre><span style=\"color: #1f1f1f; font-family: Google Sans, Roboto, sans-serif;\"><span style=\"font-size: 12px; white-space-collapse: preserve;\">W celu uzyskania bardziej szczeg\u00f3\u0142owych informacji mo\u017cna skontaktowa\u0107 si\u0119 e-mailem info@fashiongold.lt lub telefonicznie +37061008501.<\/span><\/span><\/pre>\n<\/li>\n<\/ul>\n<p><span style=\"color: #1f1f1f; font-family: Google Sans, Roboto, sans-serif;\"><span style=\"font-size: 12px; white-space-collapse: preserve;\"><\/span><\/span><\/p>\n<p><span style=\"background-color: #ffffff; color: #1f1f1f; font-family: 'Google Sans', Roboto, sans-serif; font-size: 12px; white-space-collapse: preserve;\"><\/span><\/p>\n","protected":false},"excerpt":{"rendered":"<p>Diamenty? Szafiry? Per\u0142y? Bi\u017cuteria? Wydaje si\u0119 jasne, \u017ce to \u201enajlepsi przyjaciele kobiet\u201d, \u017ce emanuj\u0105 elegancj\u0105 i pi\u0119knem, ale jak rozpozna\u0107, czy s\u0105 prawdziwe? Czy wszystko, co si\u0119 \u015bwieci, to kamienie szlachetne? Z tym pytaniem w \u017cyciu mierz\u0105 si\u0119 zar\u00f3wno m\u0119\u017cczy\u017ani, jak i kobiety.\u00a0<\/p>\n<p>Dlatego zapraszamy do zapoznania si\u0119 z tym bli\u017cej. Ekspertka ds. bi\u017cuterii i kamieni szlachetnych, Julija Gerlich, opowie o tym, jak powsta\u0142y kamienie szlachetne. Zapozna r\u00f3wnie\u017c z ich g\u0142\u00f3wnymi cechami, opowie ciekawe fakty i wyja\u015bni, dlaczego ceny kamieni szlachetnych si\u0119 r\u00f3\u017cni\u0105 oraz na co zwr\u00f3ci\u0107 uwag\u0119.<\/p><\/p>\n","protected":false},"featured_media":62562,"template":"","meta":{"site-sidebar-layout":"default","site-content-layout":"","ast-site-content-layout":"default","site-content-style":"default","site-sidebar-style":"default","ast-global-header-display":"","ast-banner-title-visibility":"","ast-main-header-display":"","ast-hfb-above-header-display":"","ast-hfb-below-header-display":"","ast-hfb-mobile-header-display":"","site-post-title":"","ast-breadcrumbs-content":"","ast-featured-img":"","footer-sml-layout":"","ast-disable-related-posts":"","theme-transparent-header-meta":"default","adv-header-id-meta":"","stick-header-meta":"","header-above-stick-meta":"","header-main-stick-meta":"","header-below-stick-meta":"","astra-migrate-meta-layouts":"default","ast-page-background-enabled":"default","ast-page-background-meta":{"desktop":{"background-color":"var(--ast-global-color-4)","background-image":"","background-repeat":"repeat","background-position":"center center","background-size":"auto","background-attachment":"scroll","background-type":"","background-media":"","overlay-type":"","overlay-color":"","overlay-opacity":"","overlay-gradient":""},"tablet":{"background-color":"","background-image":"","background-repeat":"repeat","background-position":"center center","background-size":"auto","background-attachment":"scroll","background-type":"","background-media":"","overlay-type":"","overlay-color":"","overlay-opacity":"","overlay-gradient":""},"mobile":{"background-color":"","background-image":"","background-repeat":"repeat","background-position":"center center","background-size":"auto","background-attachment":"scroll","background-type":"","background-media":"","overlay-type":"","overlay-color":"","overlay-opacity":"","overlay-gradient":""}},"ast-content-background-meta":{"desktop":{"background-color":"var(--ast-global-color-5)","background-image":"","background-repeat":"repeat","background-position":"center center","background-size":"auto","background-attachment":"scroll","background-type":"","background-media":"","overlay-type":"","overlay-color":"","overlay-opacity":"","overlay-gradient":""},"tablet":{"background-color":"var(--ast-global-color-5)","background-image":"","background-repeat":"repeat","background-position":"center center","background-size":"auto","background-attachment":"scroll","background-type":"","background-media":"","overlay-type":"","overlay-color":"","overlay-opacity":"","overlay-gradient":""},"mobile":{"background-color":"var(--ast-global-color-5)","background-image":"","background-repeat":"repeat","background-position":"center center","background-size":"auto","background-attachment":"scroll","background-type":"","background-media":"","overlay-type":"","overlay-color":"","overlay-opacity":"","overlay-gradient":""}}},"product_brand":[],"product_cat":[3056,2878,3351,3179,3349,4110,2873],"product_tag":[],"class_list":{"0":"post-291175","1":"product","2":"type-product","3":"status-publish","4":"has-post-thumbnail","6":"product_cat-bizuteria-z-czerwonymi-kamieniami-szlachetnymi","7":"product_cat-bizuteria-z-niebieskimi-kamieniami-szlachetnymi","8":"product_cat-czerwony-kamien-szlachetny","9":"product_cat-niebieski-klejnot","10":"product_cat-rubin-bizuteria-z-rubinami","11":"product_cat-seminaria-diamentowe","12":"product_cat-szafir-bizuteria-z-szafirami","13":"desktop-align-center","14":"tablet-align-left","15":"mobile-align-left","16":"ast-product-gallery-layout-horizontal-slider","17":"ast-product-tabs-layout-accordion","18":"ast-qv-on-image","20":"first","21":"instock","22":"taxable","23":"shipping-taxable","24":"purchasable","25":"product-type-simple"},"yoast_head":"<!-- This site is optimized with the Yoast SEO plugin v26.6 - https:\/\/yoast.com\/wordpress\/plugins\/seo\/ -->\n<title>Seminarium \u2013 Dla firm o kamieniach szlachetnych - FashionGold.lt<\/title>\n<meta name=\"robots\" content=\"index, follow, max-snippet:-1, max-image-preview:large, max-video-preview:-1\" \/>\n<link rel=\"canonical\" href=\"https:\/\/fashiongold.lt\/pl\/papuosalas\/seminarium-dla-firm-o-kamieniach-szlachetnych\/\" \/>\n<meta property=\"og:locale\" content=\"pl_PL\" \/>\n<meta property=\"og:type\" content=\"article\" \/>\n<meta property=\"og:title\" content=\"Seminarium \u2013 Dla firm o kamieniach szlachetnych - FashionGold.lt\" \/>\n<meta property=\"og:description\" content=\"Diamenty? Szafiry? Per\u0142y? Bi\u017cuteria? Wydaje si\u0119 jasne, \u017ce to \u201enajlepsi przyjaciele kobiet\u201d, \u017ce emanuj\u0105 elegancj\u0105 i pi\u0119knem, ale jak rozpozna\u0107, czy s\u0105 prawdziwe? Czy wszystko, co si\u0119 \u015bwieci, to kamienie szlachetne? Z tym pytaniem w \u017cyciu mierz\u0105 si\u0119 zar\u00f3wno m\u0119\u017cczy\u017ani, jak i kobiety.\u00a0 Dlatego zapraszamy do zapoznania si\u0119 z tym bli\u017cej. Ekspertka ds. bi\u017cuterii i kamieni szlachetnych, Julija Gerlich, opowie o tym, jak powsta\u0142y kamienie szlachetne. Zapozna r\u00f3wnie\u017c z ich g\u0142\u00f3wnymi cechami, opowie ciekawe fakty i wyja\u015bni, dlaczego ceny kamieni szlachetnych si\u0119 r\u00f3\u017cni\u0105 oraz na co zwr\u00f3ci\u0107 uwag\u0119.\" \/>\n<meta property=\"og:url\" content=\"https:\/\/fashiongold.lt\/pl\/papuosalas\/seminarium-dla-firm-o-kamieniach-szlachetnych\/\" \/>\n<meta property=\"og:site_name\" content=\"FashionGold.lt\" \/>\n<meta property=\"article:modified_time\" content=\"2026-02-17T14:09:54+00:00\" \/>\n<meta property=\"og:image\" content=\"https:\/\/fashiongold.lt\/wp-content\/uploads\/2025\/10\/2470-2c9-Seminaras-Imonems-apie-brangakmenius.webp\" \/>\n\t<meta property=\"og:image:width\" content=\"1000\" \/>\n\t<meta property=\"og:image:height\" content=\"1000\" \/>\n\t<meta property=\"og:image:type\" content=\"image\/png\" \/>\n<meta name=\"twitter:card\" content=\"summary_large_image\" \/>\n<script type=\"application\/ld+json\" class=\"yoast-schema-graph\">{\"@context\":\"https:\/\/schema.org\",\"@graph\":[{\"@type\":\"WebPage\",\"@id\":\"https:\/\/fashiongold.lt\/pl\/papuosalas\/seminarium-dla-firm-o-kamieniach-szlachetnych\/\",\"url\":\"https:\/\/fashiongold.lt\/pl\/papuosalas\/seminarium-dla-firm-o-kamieniach-szlachetnych\/\",\"name\":\"Seminarium \u2013 Dla firm o kamieniach szlachetnych - FashionGold.lt\",\"isPartOf\":{\"@id\":\"https:\/\/fashiongold.lt\/pl\/#website\"},\"primaryImageOfPage\":{\"@id\":\"https:\/\/fashiongold.lt\/pl\/papuosalas\/seminarium-dla-firm-o-kamieniach-szlachetnych\/#primaryimage\"},\"image\":{\"@id\":\"https:\/\/fashiongold.lt\/pl\/papuosalas\/seminarium-dla-firm-o-kamieniach-szlachetnych\/#primaryimage\"},\"thumbnailUrl\":\"https:\/\/fashiongold.lt\/wp-content\/uploads\/2025\/10\/2470-2c9-Seminaras-Imonems-apie-brangakmenius.png\",\"datePublished\":\"2025-10-09T19:33:33+00:00\",\"dateModified\":\"2026-02-17T14:09:54+00:00\",\"breadcrumb\":{\"@id\":\"https:\/\/fashiongold.lt\/pl\/papuosalas\/seminarium-dla-firm-o-kamieniach-szlachetnych\/#breadcrumb\"},\"inLanguage\":\"pl-PL\",\"potentialAction\":[{\"@type\":\"ReadAction\",\"target\":[\"https:\/\/fashiongold.lt\/pl\/papuosalas\/seminarium-dla-firm-o-kamieniach-szlachetnych\/\"]}]},{\"@type\":\"ImageObject\",\"inLanguage\":\"pl-PL\",\"@id\":\"https:\/\/fashiongold.lt\/pl\/papuosalas\/seminarium-dla-firm-o-kamieniach-szlachetnych\/#primaryimage\",\"url\":\"https:\/\/fashiongold.lt\/wp-content\/uploads\/2025\/10\/2470-2c9-Seminaras-Imonems-apie-brangakmenius.png\",\"contentUrl\":\"https:\/\/fashiongold.lt\/wp-content\/uploads\/2025\/10\/2470-2c9-Seminaras-Imonems-apie-brangakmenius.png\",\"width\":1000,\"height\":1000},{\"@type\":\"BreadcrumbList\",\"@id\":\"https:\/\/fashiongold.lt\/pl\/papuosalas\/seminarium-dla-firm-o-kamieniach-szlachetnych\/#breadcrumb\",\"itemListElement\":[{\"@type\":\"ListItem\",\"position\":1,\"name\":\"Home\",\"item\":\"https:\/\/fashiongold.lt\/pl\/\"},{\"@type\":\"ListItem\",\"position\":2,\"name\":\"Sklep z diamentami Fashiongold.lt\",\"item\":\"https:\/\/fashiongold.lt\/shop-2\/\"},{\"@type\":\"ListItem\",\"position\":3,\"name\":\"Seminarium \u2013 Dla firm o kamieniach szlachetnych\"}]},{\"@type\":\"WebSite\",\"@id\":\"https:\/\/fashiongold.lt\/pl\/#website\",\"url\":\"https:\/\/fashiongold.lt\/pl\/\",\"name\":\"Fashion Gold\",\"description\":\"Juvelyrikos namai\",\"publisher\":{\"@id\":\"https:\/\/fashiongold.lt\/pl\/#organization\"},\"potentialAction\":[{\"@type\":\"SearchAction\",\"target\":{\"@type\":\"EntryPoint\",\"urlTemplate\":\"https:\/\/fashiongold.lt\/pl\/?s={search_term_string}\"},\"query-input\":{\"@type\":\"PropertyValueSpecification\",\"valueRequired\":true,\"valueName\":\"search_term_string\"}}],\"inLanguage\":\"pl-PL\"},{\"@type\":\"Organization\",\"@id\":\"https:\/\/fashiongold.lt\/pl\/#organization\",\"name\":\"Topdiamonds Online\",\"url\":\"https:\/\/fashiongold.lt\/pl\/\",\"logo\":{\"@type\":\"ImageObject\",\"inLanguage\":\"pl-PL\",\"@id\":\"https:\/\/fashiongold.lt\/pl\/#\/schema\/logo\/image\/\",\"url\":\"https:\/\/fashiongold.lt\/wp-content\/uploads\/2025\/04\/cropped-fashion_gold_logotipas2-scaled-1.png\",\"contentUrl\":\"https:\/\/fashiongold.lt\/wp-content\/uploads\/2025\/04\/cropped-fashion_gold_logotipas2-scaled-1.png\",\"width\":2559,\"height\":421,\"caption\":\"Topdiamonds Online\"},\"image\":{\"@id\":\"https:\/\/fashiongold.lt\/pl\/#\/schema\/logo\/image\/\"}}]}<\/script>\n<!-- \/ Yoast SEO plugin. -->","yoast_head_json":{"title":"Seminarium \u2013 Dla firm o kamieniach szlachetnych - FashionGold.lt","robots":{"index":"index","follow":"follow","max-snippet":"max-snippet:-1","max-image-preview":"max-image-preview:large","max-video-preview":"max-video-preview:-1"},"canonical":"https:\/\/fashiongold.lt\/pl\/papuosalas\/seminarium-dla-firm-o-kamieniach-szlachetnych\/","og_locale":"pl_PL","og_type":"article","og_title":"Seminarium \u2013 Dla firm o kamieniach szlachetnych - FashionGold.lt","og_description":"Diamenty? Szafiry? Per\u0142y? Bi\u017cuteria? Wydaje si\u0119 jasne, \u017ce to \u201enajlepsi przyjaciele kobiet\u201d, \u017ce emanuj\u0105 elegancj\u0105 i pi\u0119knem, ale jak rozpozna\u0107, czy s\u0105 prawdziwe? Czy wszystko, co si\u0119 \u015bwieci, to kamienie szlachetne? Z tym pytaniem w \u017cyciu mierz\u0105 si\u0119 zar\u00f3wno m\u0119\u017cczy\u017ani, jak i kobiety.\u00a0 Dlatego zapraszamy do zapoznania si\u0119 z tym bli\u017cej. Ekspertka ds. bi\u017cuterii i kamieni szlachetnych, Julija Gerlich, opowie o tym, jak powsta\u0142y kamienie szlachetne. Zapozna r\u00f3wnie\u017c z ich g\u0142\u00f3wnymi cechami, opowie ciekawe fakty i wyja\u015bni, dlaczego ceny kamieni szlachetnych si\u0119 r\u00f3\u017cni\u0105 oraz na co zwr\u00f3ci\u0107 uwag\u0119.","og_url":"https:\/\/fashiongold.lt\/pl\/papuosalas\/seminarium-dla-firm-o-kamieniach-szlachetnych\/","og_site_name":"FashionGold.lt","article_modified_time":"2026-02-17T14:09:54+00:00","og_image":[{"width":1000,"height":1000,"url":"https:\/\/fashiongold.lt\/wp-content\/uploads\/2025\/10\/2470-2c9-Seminaras-Imonems-apie-brangakmenius.webp","type":"image\/png"}],"twitter_card":"summary_large_image","schema":{"@context":"https:\/\/schema.org","@graph":[{"@type":"WebPage","@id":"https:\/\/fashiongold.lt\/pl\/papuosalas\/seminarium-dla-firm-o-kamieniach-szlachetnych\/","url":"https:\/\/fashiongold.lt\/pl\/papuosalas\/seminarium-dla-firm-o-kamieniach-szlachetnych\/","name":"Seminarium \u2013 Dla firm o kamieniach szlachetnych - FashionGold.lt","isPartOf":{"@id":"https:\/\/fashiongold.lt\/pl\/#website"},"primaryImageOfPage":{"@id":"https:\/\/fashiongold.lt\/pl\/papuosalas\/seminarium-dla-firm-o-kamieniach-szlachetnych\/#primaryimage"},"image":{"@id":"https:\/\/fashiongold.lt\/pl\/papuosalas\/seminarium-dla-firm-o-kamieniach-szlachetnych\/#primaryimage"},"thumbnailUrl":"https:\/\/fashiongold.lt\/wp-content\/uploads\/2025\/10\/2470-2c9-Seminaras-Imonems-apie-brangakmenius.png","datePublished":"2025-10-09T19:33:33+00:00","dateModified":"2026-02-17T14:09:54+00:00","breadcrumb":{"@id":"https:\/\/fashiongold.lt\/pl\/papuosalas\/seminarium-dla-firm-o-kamieniach-szlachetnych\/#breadcrumb"},"inLanguage":"pl-PL","potentialAction":[{"@type":"ReadAction","target":["https:\/\/fashiongold.lt\/pl\/papuosalas\/seminarium-dla-firm-o-kamieniach-szlachetnych\/"]}]},{"@type":"ImageObject","inLanguage":"pl-PL","@id":"https:\/\/fashiongold.lt\/pl\/papuosalas\/seminarium-dla-firm-o-kamieniach-szlachetnych\/#primaryimage","url":"https:\/\/fashiongold.lt\/wp-content\/uploads\/2025\/10\/2470-2c9-Seminaras-Imonems-apie-brangakmenius.png","contentUrl":"https:\/\/fashiongold.lt\/wp-content\/uploads\/2025\/10\/2470-2c9-Seminaras-Imonems-apie-brangakmenius.png","width":1000,"height":1000},{"@type":"BreadcrumbList","@id":"https:\/\/fashiongold.lt\/pl\/papuosalas\/seminarium-dla-firm-o-kamieniach-szlachetnych\/#breadcrumb","itemListElement":[{"@type":"ListItem","position":1,"name":"Home","item":"https:\/\/fashiongold.lt\/pl\/"},{"@type":"ListItem","position":2,"name":"Sklep z diamentami Fashiongold.lt","item":"https:\/\/fashiongold.lt\/shop-2\/"},{"@type":"ListItem","position":3,"name":"Seminarium \u2013 Dla firm o kamieniach szlachetnych"}]},{"@type":"WebSite","@id":"https:\/\/fashiongold.lt\/pl\/#website","url":"https:\/\/fashiongold.lt\/pl\/","name":"Fashion Gold","description":"Juvelyrikos namai","publisher":{"@id":"https:\/\/fashiongold.lt\/pl\/#organization"},"potentialAction":[{"@type":"SearchAction","target":{"@type":"EntryPoint","urlTemplate":"https:\/\/fashiongold.lt\/pl\/?s={search_term_string}"},"query-input":{"@type":"PropertyValueSpecification","valueRequired":true,"valueName":"search_term_string"}}],"inLanguage":"pl-PL"},{"@type":"Organization","@id":"https:\/\/fashiongold.lt\/pl\/#organization","name":"Topdiamonds Online","url":"https:\/\/fashiongold.lt\/pl\/","logo":{"@type":"ImageObject","inLanguage":"pl-PL","@id":"https:\/\/fashiongold.lt\/pl\/#\/schema\/logo\/image\/","url":"https:\/\/fashiongold.lt\/wp-content\/uploads\/2025\/04\/cropped-fashion_gold_logotipas2-scaled-1.png","contentUrl":"https:\/\/fashiongold.lt\/wp-content\/uploads\/2025\/04\/cropped-fashion_gold_logotipas2-scaled-1.png","width":2559,"height":421,"caption":"Topdiamonds Online"},"image":{"@id":"https:\/\/fashiongold.lt\/pl\/#\/schema\/logo\/image\/"}}]}},"_links":{"self":[{"href":"https:\/\/fashiongold.lt\/pl\/wp-json\/wp\/v2\/product\/291175","targetHints":{"allow":["GET"]}}],"collection":[{"href":"https:\/\/fashiongold.lt\/pl\/wp-json\/wp\/v2\/product"}],"about":[{"href":"https:\/\/fashiongold.lt\/pl\/wp-json\/wp\/v2\/types\/product"}],"version-history":[{"count":0,"href":"https:\/\/fashiongold.lt\/pl\/wp-json\/wp\/v2\/product\/291175\/revisions"}],"wp:featuredmedia":[{"embeddable":true,"href":"https:\/\/fashiongold.lt\/pl\/wp-json\/wp\/v2\/media\/62562"}],"wp:attachment":[{"href":"https:\/\/fashiongold.lt\/pl\/wp-json\/wp\/v2\/media?parent=291175"}],"wp:term":[{"taxonomy":"product_brand","embeddable":true,"href":"https:\/\/fashiongold.lt\/pl\/wp-json\/wp\/v2\/product_brand?post=291175"},{"taxonomy":"product_cat","embeddable":true,"href":"https:\/\/fashiongold.lt\/pl\/wp-json\/wp\/v2\/product_cat?post=291175"},{"taxonomy":"product_tag","embeddable":true,"href":"https:\/\/fashiongold.lt\/pl\/wp-json\/wp\/v2\/product_tag?post=291175"}],"curies":[{"name":"wp","href":"https:\/\/api.w.org\/{rel}","templated":true}]}}