{"id":291315,"date":"2025-10-09T19:33:07","date_gmt":"2025-10-09T19:33:07","guid":{"rendered":"https:\/\/fashiongold.lt\/papuosalas\/bransoletka-z-czarnej-nitki-z-elementem-z-zoltego-zlota-i-duzym-diamentem\/"},"modified":"2026-02-17T14:10:42","modified_gmt":"2026-02-17T14:10:42","slug":"bransoletka-z-czarnej-nitki-z-elementem-z-zoltego-zlota-i-duzym-diamentem","status":"publish","type":"product","link":"https:\/\/fashiongold.lt\/pl\/papuosalas\/bransoletka-z-czarnej-nitki-z-elementem-z-zoltego-zlota-i-duzym-diamentem\/","title":{"rendered":"Bransoletka z czarnej nitki z elementem z \u017c\u00f3\u0142tego z\u0142ota i du\u017cym diamentem"},"content":{"rendered":"<p class=\"MsoNormal\" style=\"margin: 0cm; font-size: 12pt; font-family: 'Times New Roman', serif;\"><span style=\"background: #f7f7f8;\">Ta bransoletka z czarnym sznurkiem, eleganckim detalem z \u017c\u00f3\u0142tego z\u0142ota i l\u015bni\u0105cym naturalnym diamentem przyci\u0105gnie uwag\u0119. Jej wyj\u0105tkowy design i luksusowy blask nadadz\u0105 szczeg\u00f3lnego uroku i indywidualno\u015bci. B\u0105d\u017a wyj\u0105tkowo interesuj\u0105ca i niepowtarzalna, nosz\u0105c t\u0119 bransoletk\u0119. \u201eMroczna Elegancja\u201d \u2013 to prawdziwa tajemnica luksusu i stylu, kt\u00f3ra tworzy intensywn\u0105 atmosfer\u0119 i podkre\u015bla blask Twojej osobowo\u015bci.<\/span><o:p><\/o:p><\/p>\n<p class=\"MsoNormal\" style=\"margin: 0cm; font-size: 12pt; font-family: 'Times New Roman', serif;\"><o:p>\u00a0<\/o:p><\/p>\n<p class=\"MsoNormal\" style=\"margin: 0cm; font-size: 12pt; font-family: 'Times New Roman', serif;\"><span style=\"font-size: 8.5pt; font-family: Verdana, sans-serif; background-image: initial; background-position: initial; background-size: initial; background-repeat: initial; background-attachment: initial; background-origin: initial; background-clip: initial;\">\u00a0<\/span><\/p>\n<p class=\"MsoNormal\" style=\"margin: 0cm; font-size: 12pt; font-family: 'Times New Roman', serif;\"><span lang=\"LT\" style=\"background: #f7f7f8;\">Bransoletka z czarnym sznurkiem nadaje si\u0119 na wszystkie<\/span><span style=\"background: #f7f7f8;\"> wyj\u0105tkowe okazje<\/span><span lang=\"LT\" style=\"background: #f7f7f8;\">, jako prezent <\/span><span style=\"background: #f7f7f8;\">&#8211; dla m\u0119\u017cczyzn, kobiet i dzieci. Na urodziny, chrzciny, Dzie\u0144 Matki, \u015bluby, rocznice<\/span><span lang=\"LT\" style=\"background: #f7f7f8;\"> \u015blubu<\/span><span style=\"background: #f7f7f8;\"> oraz dla podtrzymania przyja\u017ani. Ten<\/span><span lang=\"LT\" style=\"background: #f7f7f8;\"> <\/span><span style=\"background: #f7f7f8;\">prezent<\/span><span lang=\"LT\" style=\"background: #f7f7f8;\"> <\/span><span style=\"background: #f7f7f8;\">z diamentami nadaje wyj\u0105tkowe znaczenie i tworzy wspomnienia na ca\u0142e \u017cycie. Diamenty, symbolizuj\u0105ce siln\u0105 przyja\u017a\u0144, dodadz\u0105 blasku i luksusu Twoim szczeg\u00f3lnym chwilom. Wybierz ten dodatek o uniwersalnym pi\u0119knie, kt\u00f3ry zawsze b\u0119dzie przynosi\u0142 szcz\u0119\u015bcie i wzmacnia\u0142 wi\u0119zi przyja\u017ani.<\/span><o:p><\/o:p><\/p>\n<p class=\"MsoNormal\" style=\"margin: 0cm; font-size: 12pt; font-family: 'Times New Roman', serif;\"><span style=\"background: #f7f7f8;\"><o:p>\u00a0<\/o:p><\/span><\/p>\n<p class=\"p1\" style=\"margin-right: 0cm; margin-left: 0cm; font-size: 12pt; font-family: 'Times New Roman', serif;\">Rozmiar jest regulowany. Bransoletk\u0119 zdobi i stanowi jej wyj\u0105tkowy akcent naturalny <span lang=\"LT\">brylant<\/span> o wielko\u015bci 0,02 ct, osadzony w oprawie z czerwonego z\u0142ota pr\u00f3by 585.<o:p><\/o:p><\/p>\n<p class=\"p1\" style=\"margin-right: 0cm; margin-left: 0cm; font-size: 12pt; font-family: 'Times New Roman', serif;\"><span lang=\"LT\">Waga z\u0142otego elementu:<\/span> 0,<span lang=\"LT\">20<\/span> g.<o:p><\/o:p><\/p>\n<p class=\"p1\" style=\"margin-right: 0cm; margin-left: 0cm; font-size: 12pt; font-family: 'Times New Roman', serif;\">Wielko\u015b\u0107 z\u0142otego elementu: <span lang=\"EN-US\">4<\/span> mm, wielko\u015b\u0107 brylantu: 1,<span lang=\"EN-US\">70<\/span> mm.<span class=\"apple-converted-space\">\u00a0<\/span><o:p><\/o:p><\/p>\n<p class=\"p2\" style=\"margin-right: 0cm; margin-left: 0cm; font-size: 12pt; font-family: 'Times New Roman', serif;\">\u015awi\u0105teczne opakowanie w luksusowym pude\u0142ku jubilerskim i torebce \u2013 GRATIS.\u00a0<o:p><\/o:p><\/p>\n","protected":false},"excerpt":{"rendered":"<p><span style=\"font-size: 12pt; font-family: 'Times New Roman', serif; background: #f7f7f8;\">Mroczna <\/span><span lang=\"LT\" style=\"font-size: 12pt; font-family: 'Times New Roman', serif; background: #f7f7f8;\">e<\/span><span style=\"font-size: 12pt; font-family: 'Times New Roman', serif; background: #f7f7f8;\">legancja: <\/span><span lang=\"LT\" style=\"font-size: 12pt; font-family: 'Times New Roman', serif; background: #f7f7f8;\">b<\/span><span style=\"font-size: 12pt; font-family: 'Times New Roman', serif; background: #f7f7f8;\">ran<\/span><span lang=\"LT\" style=\"font-size: 12pt; font-family: 'Times New Roman', serif; background: #f7f7f8;\">soletka<\/span><span lang=\"LT\" style=\"font-size: 12pt; font-family: 'Times New Roman', serif; background: #f7f7f8;\"> <\/span><span lang=\"LT\" style=\"font-size: 12pt; font-family: 'Times New Roman', serif; background: #f7f7f8;\">z<\/span><span style=\"font-size: 12pt; font-family: 'Times New Roman', serif; background: #f7f7f8;\"> czarnego <\/span><span lang=\"LT\" style=\"font-size: 12pt; font-family: 'Times New Roman', serif; background: #f7f7f8;\">sznurka<\/span><span style=\"font-size: 12pt; font-family: 'Times New Roman', serif; background: #f7f7f8;\"> z <\/span><span lang=\"LT\" style=\"font-size: 12pt; font-family: 'Times New Roman', serif; background: #f7f7f8;\">detalem<\/span><span style=\"font-size: 12pt; font-family: 'Times New Roman', serif; background: #f7f7f8;\"> z \u017c\u00f3\u0142tego <\/span><span lang=\"LT\" style=\"font-size: 12pt; font-family: 'Times New Roman', serif; background: #f7f7f8;\">z\u0142o<\/span><span style=\"font-size: 12pt; font-family: 'Times New Roman', serif; background: #f7f7f8;\">ta<\/span><span lang=\"LT\" style=\"font-size: 12pt; font-family: 'Times New Roman', serif; background: #f7f7f8;\"> <\/span><span style=\"font-size: 12pt; font-family: 'Times New Roman', serif; background: #f7f7f8;\"> i <\/span><span lang=\"LT\" style=\"font-size: 12pt; font-family: 'Times New Roman', serif; background: #f7f7f8;\">naturalnym <\/span><span style=\"font-size: 12pt; font-family: 'Times New Roman', serif; background: #f7f7f8;\"> <\/span><span lang=\"LT\" style=\"font-size: 12pt; font-family: 'Times New Roman', serif; background: #f7f7f8;\">dia<\/span><span style=\"font-size: 12pt; font-family: 'Times New Roman', serif; background: #f7f7f8;\">mentem \u2013 wyj\u0105tkowe po\u0142\u0105czenie kontrastuj\u0105cych kolor\u00f3w i stylu.<\/span><span style=\"font-size: medium;\"><\/span><\/p>\n","protected":false},"featured_media":62426,"template":"","meta":{"site-sidebar-layout":"","site-content-layout":"","ast-site-content-layout":"","site-content-style":"","site-sidebar-style":"","ast-global-header-display":"","ast-banner-title-visibility":"","ast-main-header-display":"","ast-hfb-above-header-display":"","ast-hfb-below-header-display":"","ast-hfb-mobile-header-display":"","site-post-title":"","ast-breadcrumbs-content":"","ast-featured-img":"","footer-sml-layout":"","ast-disable-related-posts":"","theme-transparent-header-meta":"","adv-header-id-meta":"","stick-header-meta":"","header-above-stick-meta":"","header-main-stick-meta":"","header-below-stick-meta":"","astra-migrate-meta-layouts":"default","ast-page-background-enabled":"default","ast-page-background-meta":{"desktop":{"background-color":"var(--ast-global-color-4)","background-image":"","background-repeat":"repeat","background-position":"center center","background-size":"auto","background-attachment":"scroll","background-type":"","background-media":"","overlay-type":"","overlay-color":"","overlay-opacity":"","overlay-gradient":""},"tablet":{"background-color":"","background-image":"","background-repeat":"repeat","background-position":"center center","background-size":"auto","background-attachment":"scroll","background-type":"","background-media":"","overlay-type":"","overlay-color":"","overlay-opacity":"","overlay-gradient":""},"mobile":{"background-color":"","background-image":"","background-repeat":"repeat","background-position":"center center","background-size":"auto","background-attachment":"scroll","background-type":"","background-media":"","overlay-type":"","overlay-color":"","overlay-opacity":"","overlay-gradient":""}},"ast-content-background-meta":{"desktop":{"background-color":"var(--ast-global-color-5)","background-image":"","background-repeat":"repeat","background-position":"center center","background-size":"auto","background-attachment":"scroll","background-type":"","background-media":"","overlay-type":"","overlay-color":"","overlay-opacity":"","overlay-gradient":""},"tablet":{"background-color":"var(--ast-global-color-5)","background-image":"","background-repeat":"repeat","background-position":"center center","background-size":"auto","background-attachment":"scroll","background-type":"","background-media":"","overlay-type":"","overlay-color":"","overlay-opacity":"","overlay-gradient":""},"mobile":{"background-color":"var(--ast-global-color-5)","background-image":"","background-repeat":"repeat","background-position":"center center","background-size":"auto","background-attachment":"scroll","background-type":"","background-media":"","overlay-type":"","overlay-color":"","overlay-opacity":"","overlay-gradient":""}}},"product_brand":[],"product_cat":[3359],"product_tag":[],"class_list":{"0":"post-291315","1":"product","2":"type-product","3":"status-publish","4":"has-post-thumbnail","6":"product_cat-wyprzedaz","7":"desktop-align-center","8":"tablet-align-left","9":"mobile-align-left","10":"ast-product-gallery-layout-horizontal-slider","11":"ast-product-gallery-with-no-image","12":"ast-product-tabs-layout-accordion","13":"ast-qv-on-image","15":"first","16":"instock","17":"taxable","18":"shipping-taxable","19":"purchasable","20":"product-type-simple"},"yoast_head":"<!-- This site is optimized with the Yoast SEO plugin v26.6 - https:\/\/yoast.com\/wordpress\/plugins\/seo\/ -->\n<title>Bransoletka z czarnej nici z elementem z \u017c\u00f3\u0142tego z\u0142ota i du\u017cym diamentem<\/title>\n<meta name=\"description\" content=\"Ciemna elegancja: bransoletka na czarnym sznurku z elementem z \u017c\u00f3\u0142tego z\u0142ota i naturalnym diamentem \u2013 wyj\u0105tkowe po\u0142\u0105czenie kontrastuj\u0105cych kolor\u00f3w i stylu.\" \/>\n<meta name=\"robots\" content=\"index, follow, max-snippet:-1, max-image-preview:large, max-video-preview:-1\" \/>\n<link rel=\"canonical\" href=\"https:\/\/fashiongold.lt\/pl\/papuosalas\/bransoletka-z-czarnej-nitki-z-elementem-z-zoltego-zlota-i-duzym-diamentem\/\" \/>\n<meta property=\"og:locale\" content=\"pl_PL\" \/>\n<meta property=\"og:type\" content=\"article\" \/>\n<meta property=\"og:title\" content=\"Bransoletka z czarnej nici z elementem z \u017c\u00f3\u0142tego z\u0142ota i du\u017cym diamentem\" \/>\n<meta property=\"og:description\" content=\"Ciemna elegancja: bransoletka na czarnym sznurku z elementem z \u017c\u00f3\u0142tego z\u0142ota i naturalnym diamentem \u2013 wyj\u0105tkowe po\u0142\u0105czenie kontrastuj\u0105cych kolor\u00f3w i stylu.\" \/>\n<meta property=\"og:url\" content=\"https:\/\/fashiongold.lt\/pl\/papuosalas\/bransoletka-z-czarnej-nitki-z-elementem-z-zoltego-zlota-i-duzym-diamentem\/\" \/>\n<meta property=\"og:site_name\" content=\"FashionGold.lt\" \/>\n<meta property=\"article:modified_time\" content=\"2026-02-17T14:10:42+00:00\" \/>\n<meta property=\"og:image\" content=\"https:\/\/fashiongold.lt\/wp-content\/uploads\/2025\/10\/2784-1eb-juodo-siulo-apyranke-su-deimantu.webp\" \/>\n\t<meta property=\"og:image:width\" content=\"960\" \/>\n\t<meta property=\"og:image:height\" content=\"934\" \/>\n\t<meta property=\"og:image:type\" content=\"image\/jpeg\" \/>\n<meta name=\"twitter:card\" content=\"summary_large_image\" \/>\n<meta name=\"twitter:label1\" content=\"Szacowany czas czytania\" \/>\n\t<meta name=\"twitter:data1\" content=\"1 minuta\" \/>\n<script type=\"application\/ld+json\" class=\"yoast-schema-graph\">{\"@context\":\"https:\/\/schema.org\",\"@graph\":[{\"@type\":\"WebPage\",\"@id\":\"https:\/\/fashiongold.lt\/pl\/papuosalas\/bransoletka-z-czarnej-nitki-z-elementem-z-zoltego-zlota-i-duzym-diamentem\/\",\"url\":\"https:\/\/fashiongold.lt\/pl\/papuosalas\/bransoletka-z-czarnej-nitki-z-elementem-z-zoltego-zlota-i-duzym-diamentem\/\",\"name\":\"Bransoletka z czarnej nici z elementem z \u017c\u00f3\u0142tego z\u0142ota i du\u017cym diamentem\",\"isPartOf\":{\"@id\":\"https:\/\/fashiongold.lt\/pl\/#website\"},\"primaryImageOfPage\":{\"@id\":\"https:\/\/fashiongold.lt\/pl\/papuosalas\/bransoletka-z-czarnej-nitki-z-elementem-z-zoltego-zlota-i-duzym-diamentem\/#primaryimage\"},\"image\":{\"@id\":\"https:\/\/fashiongold.lt\/pl\/papuosalas\/bransoletka-z-czarnej-nitki-z-elementem-z-zoltego-zlota-i-duzym-diamentem\/#primaryimage\"},\"thumbnailUrl\":\"https:\/\/fashiongold.lt\/wp-content\/uploads\/2025\/10\/2784-1eb-juodo-siulo-apyranke-su-deimantu.jpg\",\"datePublished\":\"2025-10-09T19:33:07+00:00\",\"dateModified\":\"2026-02-17T14:10:42+00:00\",\"description\":\"Ciemna elegancja: bransoletka na czarnym sznurku z elementem z \u017c\u00f3\u0142tego z\u0142ota i naturalnym diamentem \u2013 wyj\u0105tkowe po\u0142\u0105czenie kontrastuj\u0105cych kolor\u00f3w i stylu.\",\"breadcrumb\":{\"@id\":\"https:\/\/fashiongold.lt\/pl\/papuosalas\/bransoletka-z-czarnej-nitki-z-elementem-z-zoltego-zlota-i-duzym-diamentem\/#breadcrumb\"},\"inLanguage\":\"pl-PL\",\"potentialAction\":[{\"@type\":\"ReadAction\",\"target\":[\"https:\/\/fashiongold.lt\/pl\/papuosalas\/bransoletka-z-czarnej-nitki-z-elementem-z-zoltego-zlota-i-duzym-diamentem\/\"]}]},{\"@type\":\"ImageObject\",\"inLanguage\":\"pl-PL\",\"@id\":\"https:\/\/fashiongold.lt\/pl\/papuosalas\/bransoletka-z-czarnej-nitki-z-elementem-z-zoltego-zlota-i-duzym-diamentem\/#primaryimage\",\"url\":\"https:\/\/fashiongold.lt\/wp-content\/uploads\/2025\/10\/2784-1eb-juodo-siulo-apyranke-su-deimantu.jpg\",\"contentUrl\":\"https:\/\/fashiongold.lt\/wp-content\/uploads\/2025\/10\/2784-1eb-juodo-siulo-apyranke-su-deimantu.jpg\",\"width\":960,\"height\":934},{\"@type\":\"BreadcrumbList\",\"@id\":\"https:\/\/fashiongold.lt\/pl\/papuosalas\/bransoletka-z-czarnej-nitki-z-elementem-z-zoltego-zlota-i-duzym-diamentem\/#breadcrumb\",\"itemListElement\":[{\"@type\":\"ListItem\",\"position\":1,\"name\":\"Home\",\"item\":\"https:\/\/fashiongold.lt\/pl\/\"},{\"@type\":\"ListItem\",\"position\":2,\"name\":\"Sklep z diamentami Fashiongold.lt\",\"item\":\"https:\/\/fashiongold.lt\/shop-2\/\"},{\"@type\":\"ListItem\",\"position\":3,\"name\":\"Bransoletka z czarnej nitki z elementem z \u017c\u00f3\u0142tego z\u0142ota i du\u017cym diamentem\"}]},{\"@type\":\"WebSite\",\"@id\":\"https:\/\/fashiongold.lt\/pl\/#website\",\"url\":\"https:\/\/fashiongold.lt\/pl\/\",\"name\":\"Fashion Gold\",\"description\":\"Juvelyrikos namai\",\"publisher\":{\"@id\":\"https:\/\/fashiongold.lt\/pl\/#organization\"},\"potentialAction\":[{\"@type\":\"SearchAction\",\"target\":{\"@type\":\"EntryPoint\",\"urlTemplate\":\"https:\/\/fashiongold.lt\/pl\/?s={search_term_string}\"},\"query-input\":{\"@type\":\"PropertyValueSpecification\",\"valueRequired\":true,\"valueName\":\"search_term_string\"}}],\"inLanguage\":\"pl-PL\"},{\"@type\":\"Organization\",\"@id\":\"https:\/\/fashiongold.lt\/pl\/#organization\",\"name\":\"Topdiamonds Online\",\"url\":\"https:\/\/fashiongold.lt\/pl\/\",\"logo\":{\"@type\":\"ImageObject\",\"inLanguage\":\"pl-PL\",\"@id\":\"https:\/\/fashiongold.lt\/pl\/#\/schema\/logo\/image\/\",\"url\":\"https:\/\/fashiongold.lt\/wp-content\/uploads\/2025\/04\/cropped-fashion_gold_logotipas2-scaled-1.png\",\"contentUrl\":\"https:\/\/fashiongold.lt\/wp-content\/uploads\/2025\/04\/cropped-fashion_gold_logotipas2-scaled-1.png\",\"width\":2559,\"height\":421,\"caption\":\"Topdiamonds Online\"},\"image\":{\"@id\":\"https:\/\/fashiongold.lt\/pl\/#\/schema\/logo\/image\/\"}}]}<\/script>\n<!-- \/ Yoast SEO plugin. -->","yoast_head_json":{"title":"Bransoletka z czarnej nici z elementem z \u017c\u00f3\u0142tego z\u0142ota i du\u017cym diamentem","description":"Ciemna elegancja: bransoletka na czarnym sznurku z elementem z \u017c\u00f3\u0142tego z\u0142ota i naturalnym diamentem \u2013 wyj\u0105tkowe po\u0142\u0105czenie kontrastuj\u0105cych kolor\u00f3w i stylu.","robots":{"index":"index","follow":"follow","max-snippet":"max-snippet:-1","max-image-preview":"max-image-preview:large","max-video-preview":"max-video-preview:-1"},"canonical":"https:\/\/fashiongold.lt\/pl\/papuosalas\/bransoletka-z-czarnej-nitki-z-elementem-z-zoltego-zlota-i-duzym-diamentem\/","og_locale":"pl_PL","og_type":"article","og_title":"Bransoletka z czarnej nici z elementem z \u017c\u00f3\u0142tego z\u0142ota i du\u017cym diamentem","og_description":"Ciemna elegancja: bransoletka na czarnym sznurku z elementem z \u017c\u00f3\u0142tego z\u0142ota i naturalnym diamentem \u2013 wyj\u0105tkowe po\u0142\u0105czenie kontrastuj\u0105cych kolor\u00f3w i stylu.","og_url":"https:\/\/fashiongold.lt\/pl\/papuosalas\/bransoletka-z-czarnej-nitki-z-elementem-z-zoltego-zlota-i-duzym-diamentem\/","og_site_name":"FashionGold.lt","article_modified_time":"2026-02-17T14:10:42+00:00","og_image":[{"width":960,"height":934,"url":"https:\/\/fashiongold.lt\/wp-content\/uploads\/2025\/10\/2784-1eb-juodo-siulo-apyranke-su-deimantu.webp","type":"image\/jpeg"}],"twitter_card":"summary_large_image","twitter_misc":{"Szacowany czas czytania":"1 minuta"},"schema":{"@context":"https:\/\/schema.org","@graph":[{"@type":"WebPage","@id":"https:\/\/fashiongold.lt\/pl\/papuosalas\/bransoletka-z-czarnej-nitki-z-elementem-z-zoltego-zlota-i-duzym-diamentem\/","url":"https:\/\/fashiongold.lt\/pl\/papuosalas\/bransoletka-z-czarnej-nitki-z-elementem-z-zoltego-zlota-i-duzym-diamentem\/","name":"Bransoletka z czarnej nici z elementem z \u017c\u00f3\u0142tego z\u0142ota i du\u017cym diamentem","isPartOf":{"@id":"https:\/\/fashiongold.lt\/pl\/#website"},"primaryImageOfPage":{"@id":"https:\/\/fashiongold.lt\/pl\/papuosalas\/bransoletka-z-czarnej-nitki-z-elementem-z-zoltego-zlota-i-duzym-diamentem\/#primaryimage"},"image":{"@id":"https:\/\/fashiongold.lt\/pl\/papuosalas\/bransoletka-z-czarnej-nitki-z-elementem-z-zoltego-zlota-i-duzym-diamentem\/#primaryimage"},"thumbnailUrl":"https:\/\/fashiongold.lt\/wp-content\/uploads\/2025\/10\/2784-1eb-juodo-siulo-apyranke-su-deimantu.jpg","datePublished":"2025-10-09T19:33:07+00:00","dateModified":"2026-02-17T14:10:42+00:00","description":"Ciemna elegancja: bransoletka na czarnym sznurku z elementem z \u017c\u00f3\u0142tego z\u0142ota i naturalnym diamentem \u2013 wyj\u0105tkowe po\u0142\u0105czenie kontrastuj\u0105cych kolor\u00f3w i stylu.","breadcrumb":{"@id":"https:\/\/fashiongold.lt\/pl\/papuosalas\/bransoletka-z-czarnej-nitki-z-elementem-z-zoltego-zlota-i-duzym-diamentem\/#breadcrumb"},"inLanguage":"pl-PL","potentialAction":[{"@type":"ReadAction","target":["https:\/\/fashiongold.lt\/pl\/papuosalas\/bransoletka-z-czarnej-nitki-z-elementem-z-zoltego-zlota-i-duzym-diamentem\/"]}]},{"@type":"ImageObject","inLanguage":"pl-PL","@id":"https:\/\/fashiongold.lt\/pl\/papuosalas\/bransoletka-z-czarnej-nitki-z-elementem-z-zoltego-zlota-i-duzym-diamentem\/#primaryimage","url":"https:\/\/fashiongold.lt\/wp-content\/uploads\/2025\/10\/2784-1eb-juodo-siulo-apyranke-su-deimantu.jpg","contentUrl":"https:\/\/fashiongold.lt\/wp-content\/uploads\/2025\/10\/2784-1eb-juodo-siulo-apyranke-su-deimantu.jpg","width":960,"height":934},{"@type":"BreadcrumbList","@id":"https:\/\/fashiongold.lt\/pl\/papuosalas\/bransoletka-z-czarnej-nitki-z-elementem-z-zoltego-zlota-i-duzym-diamentem\/#breadcrumb","itemListElement":[{"@type":"ListItem","position":1,"name":"Home","item":"https:\/\/fashiongold.lt\/pl\/"},{"@type":"ListItem","position":2,"name":"Sklep z diamentami Fashiongold.lt","item":"https:\/\/fashiongold.lt\/shop-2\/"},{"@type":"ListItem","position":3,"name":"Bransoletka z czarnej nitki z elementem z \u017c\u00f3\u0142tego z\u0142ota i du\u017cym diamentem"}]},{"@type":"WebSite","@id":"https:\/\/fashiongold.lt\/pl\/#website","url":"https:\/\/fashiongold.lt\/pl\/","name":"Fashion Gold","description":"Juvelyrikos namai","publisher":{"@id":"https:\/\/fashiongold.lt\/pl\/#organization"},"potentialAction":[{"@type":"SearchAction","target":{"@type":"EntryPoint","urlTemplate":"https:\/\/fashiongold.lt\/pl\/?s={search_term_string}"},"query-input":{"@type":"PropertyValueSpecification","valueRequired":true,"valueName":"search_term_string"}}],"inLanguage":"pl-PL"},{"@type":"Organization","@id":"https:\/\/fashiongold.lt\/pl\/#organization","name":"Topdiamonds Online","url":"https:\/\/fashiongold.lt\/pl\/","logo":{"@type":"ImageObject","inLanguage":"pl-PL","@id":"https:\/\/fashiongold.lt\/pl\/#\/schema\/logo\/image\/","url":"https:\/\/fashiongold.lt\/wp-content\/uploads\/2025\/04\/cropped-fashion_gold_logotipas2-scaled-1.png","contentUrl":"https:\/\/fashiongold.lt\/wp-content\/uploads\/2025\/04\/cropped-fashion_gold_logotipas2-scaled-1.png","width":2559,"height":421,"caption":"Topdiamonds Online"},"image":{"@id":"https:\/\/fashiongold.lt\/pl\/#\/schema\/logo\/image\/"}}]}},"_links":{"self":[{"href":"https:\/\/fashiongold.lt\/pl\/wp-json\/wp\/v2\/product\/291315","targetHints":{"allow":["GET"]}}],"collection":[{"href":"https:\/\/fashiongold.lt\/pl\/wp-json\/wp\/v2\/product"}],"about":[{"href":"https:\/\/fashiongold.lt\/pl\/wp-json\/wp\/v2\/types\/product"}],"version-history":[{"count":0,"href":"https:\/\/fashiongold.lt\/pl\/wp-json\/wp\/v2\/product\/291315\/revisions"}],"wp:featuredmedia":[{"embeddable":true,"href":"https:\/\/fashiongold.lt\/pl\/wp-json\/wp\/v2\/media\/62426"}],"wp:attachment":[{"href":"https:\/\/fashiongold.lt\/pl\/wp-json\/wp\/v2\/media?parent=291315"}],"wp:term":[{"taxonomy":"product_brand","embeddable":true,"href":"https:\/\/fashiongold.lt\/pl\/wp-json\/wp\/v2\/product_brand?post=291315"},{"taxonomy":"product_cat","embeddable":true,"href":"https:\/\/fashiongold.lt\/pl\/wp-json\/wp\/v2\/product_cat?post=291315"},{"taxonomy":"product_tag","embeddable":true,"href":"https:\/\/fashiongold.lt\/pl\/wp-json\/wp\/v2\/product_tag?post=291315"}],"curies":[{"name":"wp","href":"https:\/\/api.w.org\/{rel}","templated":true}]}}