{"id":291325,"date":"2025-10-09T19:33:07","date_gmt":"2025-10-09T19:33:07","guid":{"rendered":"https:\/\/fashiongold.lt\/papuosalas\/bransoletka-z-niebieskiego-sznurka-z-detalem-z-zoltego-zlota-i-duzym-diamentem\/"},"modified":"2026-02-17T14:10:46","modified_gmt":"2026-02-17T14:10:46","slug":"bransoletka-z-niebieskiego-sznurka-z-detalem-z-zoltego-zlota-i-duzym-diamentem","status":"publish","type":"product","link":"https:\/\/fashiongold.lt\/pl\/papuosalas\/bransoletka-z-niebieskiego-sznurka-z-detalem-z-zoltego-zlota-i-duzym-diamentem\/","title":{"rendered":"Bransoletka z niebieskiego sznurka z detalem z \u017c\u00f3\u0142tego z\u0142ota i du\u017cym diamentem"},"content":{"rendered":"<p class=\"MsoNormal\" style=\"margin: 0cm; font-size: 12pt; font-family: 'Times New Roman', serif;\"><span style=\"background: #f7f7f8;\">Niebieska<\/span><span lang=\"PL\" style=\"background: #f7f7f8;\"> <\/span><span lang=\"PL\" style=\"background: #f7f7f8;\">b<\/span><span style=\"background: #f7f7f8;\">ransoletka sznurkowa z <\/span><span lang=\"PL\" style=\"background: #f7f7f8;\">\u017c\u00f3\u0142tym<\/span><span lang=\"PL\" style=\"background: #f7f7f8;\"> <\/span><span lang=\"PL\" style=\"background: #f7f7f8;\">z<\/span><span style=\"background: #f7f7f8;\">\u0142otym <\/span><span lang=\"PL\" style=\"background: #f7f7f8;\">e<\/span><span style=\"background: #f7f7f8;\">lementem<\/span><span lang=\"PL\" style=\"background: #f7f7f8;\">m<\/span><span style=\"background: #f7f7f8;\"> i <\/span><span lang=\"PL\" style=\"background: #f7f7f8;\">w<\/span><span style=\"background: #f7f7f8;\">yj\u0105tkowym <\/span><span lang=\"PL\" style=\"background: #f7f7f8;\">d<\/span><span style=\"background: #f7f7f8;\">u\u017cym <\/span><span lang=\"PL\" style=\"background: #f7f7f8;\">d<\/span><span style=\"background: #f7f7f8;\">iamentem \u2013 unikalne po\u0142\u0105czenie kolor\u00f3w i luksusu. Ta bransoletka z niebieskim sznurkiem, uroczym \u017c\u00f3\u0142tym detalem i wyj\u0105tkowym du\u017cym diamentem nada Ci szczeg\u00f3lnego uroku. B\u0105d\u017a wyj\u0105tkowa i niepowtarzalna, nosz\u0105c t\u0119 bransoletk\u0119. Laim\u0117s Ne\u0161\u0117ja \u2013 to prawdziwy sekret luksusu i sukcesu, kt\u00f3ry tworzy aur\u0119 uroku i strumie\u0144 dobrej energii. Pozw\u00f3l tej bransoletce przynie\u015b\u0107 Ci szcz\u0119\u015bcie i piel\u0119gnowa\u0107 Tw\u00f3j wewn\u0119trzny blask<\/span><o:p><\/o:p><\/p>\n<p class=\"MsoNormal\" style=\"margin: 0cm; font-size: 12pt; font-family: 'Times New Roman', serif;\"><o:p>\u00a0<\/o:p><\/p>\n<p class=\"MsoNormal\" style=\"margin: 0cm; font-size: 12pt; font-family: 'Times New Roman', serif;\"><span lang=\"PL\" style=\"background: #f7f7f8;\">Bransoletka z niebieskim sznurkiem pasuje na wszystkie<\/span><span style=\"background: #f7f7f8;\"> wyj\u0105tkowe okazje<\/span><span lang=\"PL\" style=\"background: #f7f7f8;\">, jako prezent <\/span><span style=\"background: #f7f7f8;\">&#8211; dla m\u0119\u017cczyzn, kobiet i dzieci. Na urodziny, chrzciny, Dzie\u0144 Matki, \u015bluby, rocznice \u015blubu i dla podtrzymania przyja\u017ani. Ten prezent z diamentami nadaje szczeg\u00f3lne znaczenie i tworzy wspomnienia na ca\u0142e \u017cycie. Diamenty, symbolizuj\u0105ce siln\u0105 przyja\u017a\u0144, dodadz\u0105 blasku i luksusu Twoim wyj\u0105tkowym okazjom. Wybierz ten uniwersalny i pi\u0119kny dodatek, kt\u00f3ry zawsze b\u0119dzie przynosi\u0142 szcz\u0119\u015bcie i wzmacnia\u0142 wi\u0119zi przyja\u017ani.<\/span><o:p><\/o:p><\/p>\n<p class=\"p1\" style=\"margin-right: 0cm; margin-left: 0cm; font-size: 12pt; font-family: 'Times New Roman', serif;\">Rozmiar regulowany. Bransoletk\u0119 zdobi i jej wyj\u0105tkowym akcentem jest naturalny diament (brylant) o wielko\u015bci 0,02 ct, oprawiony w \u017c\u00f3\u0142te z\u0142oto pr\u00f3by 585.<o:p><\/o:p><\/p>\n<p class=\"p1\" style=\"margin-right: 0cm; margin-left: 0cm; font-size: 12pt; font-family: 'Times New Roman', serif;\"><span lang=\"PL\">Waga z\u0142otego elementu: <\/span>0,20 g.<o:p><\/o:p><\/p>\n<p class=\"p1\" style=\"margin-right: 0cm; margin-left: 0cm; font-size: 12pt; font-family: 'Times New Roman', serif;\">Rozmiar z\u0142otego elementu: <span lang=\"EN-US\">4<\/span> mm, rozmiar brylantu: 1,70 mm.<span class=\"apple-converted-space\">\u00a0<\/span><o:p><\/o:p><\/p>\n<p class=\"p2\" style=\"margin-right: 0cm; margin-left: 0cm; font-size: 12pt; font-family: 'Times New Roman', serif;\">\u015awi\u0105teczne opakowanie w luksusowym pude\u0142ku jubilerskim i torebce &#8211; GRATIS.\u00a0<o:p><\/o:p><\/p>\n","protected":false},"excerpt":{"rendered":"<p class=\"MsoNormal\" style=\"margin: 0cm; font-size: 12pt; font-family: 'Times New Roman', serif;\"><span lang=\"LT\" style=\"background: #f7f7f8;\">B<\/span><span style=\"background: #f7f7f8;\">ransoletka<\/span><span lang=\"LT\" style=\"background: #f7f7f8;\"> z<\/span><span style=\"background: #f7f7f8;\"> niebieskiego sznurka<\/span><span lang=\"LT\" style=\"background: #f7f7f8;\"> z<\/span><span style=\"background: #f7f7f8;\"> \u017c\u00f3\u0142tym detalem i wyj\u0105tkowym du\u017cym diamentem nada wyj\u0105tkowy urok. B\u0105d\u017a wyj\u0105tkowa, nosz\u0105c t\u0119 bransoletk\u0119. Przynosz\u0105ca Szcz\u0119\u015bcie \u2013 to prawdziwy sekret luksusu i sukcesu, kt\u00f3ry tworzy aur\u0119 uroku i przep\u0142yw dobrej energii<\/span><o:p><\/o:p><\/p>\n","protected":false},"featured_media":62376,"template":"","meta":{"site-sidebar-layout":"","site-content-layout":"","ast-site-content-layout":"","site-content-style":"","site-sidebar-style":"","ast-global-header-display":"","ast-banner-title-visibility":"","ast-main-header-display":"","ast-hfb-above-header-display":"","ast-hfb-below-header-display":"","ast-hfb-mobile-header-display":"","site-post-title":"","ast-breadcrumbs-content":"","ast-featured-img":"","footer-sml-layout":"","ast-disable-related-posts":"","theme-transparent-header-meta":"","adv-header-id-meta":"","stick-header-meta":"","header-above-stick-meta":"","header-main-stick-meta":"","header-below-stick-meta":"","astra-migrate-meta-layouts":"default","ast-page-background-enabled":"default","ast-page-background-meta":{"desktop":{"background-color":"var(--ast-global-color-4)","background-image":"","background-repeat":"repeat","background-position":"center center","background-size":"auto","background-attachment":"scroll","background-type":"","background-media":"","overlay-type":"","overlay-color":"","overlay-opacity":"","overlay-gradient":""},"tablet":{"background-color":"","background-image":"","background-repeat":"repeat","background-position":"center center","background-size":"auto","background-attachment":"scroll","background-type":"","background-media":"","overlay-type":"","overlay-color":"","overlay-opacity":"","overlay-gradient":""},"mobile":{"background-color":"","background-image":"","background-repeat":"repeat","background-position":"center center","background-size":"auto","background-attachment":"scroll","background-type":"","background-media":"","overlay-type":"","overlay-color":"","overlay-opacity":"","overlay-gradient":""}},"ast-content-background-meta":{"desktop":{"background-color":"var(--ast-global-color-5)","background-image":"","background-repeat":"repeat","background-position":"center center","background-size":"auto","background-attachment":"scroll","background-type":"","background-media":"","overlay-type":"","overlay-color":"","overlay-opacity":"","overlay-gradient":""},"tablet":{"background-color":"var(--ast-global-color-5)","background-image":"","background-repeat":"repeat","background-position":"center center","background-size":"auto","background-attachment":"scroll","background-type":"","background-media":"","overlay-type":"","overlay-color":"","overlay-opacity":"","overlay-gradient":""},"mobile":{"background-color":"var(--ast-global-color-5)","background-image":"","background-repeat":"repeat","background-position":"center center","background-size":"auto","background-attachment":"scroll","background-type":"","background-media":"","overlay-type":"","overlay-color":"","overlay-opacity":"","overlay-gradient":""}}},"product_brand":[],"product_cat":[3359],"product_tag":[],"class_list":{"0":"post-291325","1":"product","2":"type-product","3":"status-publish","4":"has-post-thumbnail","6":"product_cat-wyprzedaz","7":"desktop-align-center","8":"tablet-align-left","9":"mobile-align-left","10":"ast-product-gallery-layout-horizontal-slider","11":"ast-product-gallery-with-no-image","12":"ast-product-tabs-layout-accordion","13":"ast-qv-on-image","15":"first","16":"instock","17":"taxable","18":"shipping-taxable","19":"purchasable","20":"product-type-simple"},"yoast_head":"<!-- This site is optimized with the Yoast SEO plugin v26.6 - https:\/\/yoast.com\/wordpress\/plugins\/seo\/ -->\n<title>Bransoletka na niebieskim sznurku z detalem z \u017c\u00f3\u0142tego z\u0142ota i du\u017cym diamentem<\/title>\n<meta name=\"description\" content=\"Bransoletka z niebieskiego sznurka z \u017c\u00f3\u0142tym elementem i wyj\u0105tkowym du\u017cym diamentem. To prawdziwy sekret luksusu i sukcesu, kt\u00f3ry tworzy przep\u0142yw uroku i dobrej energii.\" \/>\n<meta name=\"robots\" content=\"index, follow, max-snippet:-1, max-image-preview:large, max-video-preview:-1\" \/>\n<link rel=\"canonical\" href=\"https:\/\/fashiongold.lt\/pl\/papuosalas\/bransoletka-z-niebieskiego-sznurka-z-detalem-z-zoltego-zlota-i-duzym-diamentem\/\" \/>\n<meta property=\"og:locale\" content=\"pl_PL\" \/>\n<meta property=\"og:type\" content=\"article\" \/>\n<meta property=\"og:title\" content=\"Bransoletka na niebieskim sznurku z detalem z \u017c\u00f3\u0142tego z\u0142ota i du\u017cym diamentem\" \/>\n<meta property=\"og:description\" content=\"Bransoletka z niebieskiego sznurka z \u017c\u00f3\u0142tym elementem i wyj\u0105tkowym du\u017cym diamentem. To prawdziwy sekret luksusu i sukcesu, kt\u00f3ry tworzy przep\u0142yw uroku i dobrej energii.\" \/>\n<meta property=\"og:url\" content=\"https:\/\/fashiongold.lt\/pl\/papuosalas\/bransoletka-z-niebieskiego-sznurka-z-detalem-z-zoltego-zlota-i-duzym-diamentem\/\" \/>\n<meta property=\"og:site_name\" content=\"FashionGold.lt\" \/>\n<meta property=\"article:modified_time\" content=\"2026-02-17T14:10:46+00:00\" \/>\n<meta property=\"og:image\" content=\"https:\/\/fashiongold.lt\/wp-content\/uploads\/2025\/10\/2783-4e4-melyno-siulo-apyranke-su-deimantu.webp\" \/>\n\t<meta property=\"og:image:width\" content=\"938\" \/>\n\t<meta property=\"og:image:height\" content=\"938\" \/>\n\t<meta property=\"og:image:type\" content=\"image\/jpeg\" \/>\n<meta name=\"twitter:card\" content=\"summary_large_image\" \/>\n<meta name=\"twitter:label1\" content=\"Szacowany czas czytania\" \/>\n\t<meta name=\"twitter:data1\" content=\"1 minuta\" \/>\n<script type=\"application\/ld+json\" class=\"yoast-schema-graph\">{\"@context\":\"https:\/\/schema.org\",\"@graph\":[{\"@type\":\"WebPage\",\"@id\":\"https:\/\/fashiongold.lt\/pl\/papuosalas\/bransoletka-z-niebieskiego-sznurka-z-detalem-z-zoltego-zlota-i-duzym-diamentem\/\",\"url\":\"https:\/\/fashiongold.lt\/pl\/papuosalas\/bransoletka-z-niebieskiego-sznurka-z-detalem-z-zoltego-zlota-i-duzym-diamentem\/\",\"name\":\"Bransoletka na niebieskim sznurku z detalem z \u017c\u00f3\u0142tego z\u0142ota i du\u017cym diamentem\",\"isPartOf\":{\"@id\":\"https:\/\/fashiongold.lt\/pl\/#website\"},\"primaryImageOfPage\":{\"@id\":\"https:\/\/fashiongold.lt\/pl\/papuosalas\/bransoletka-z-niebieskiego-sznurka-z-detalem-z-zoltego-zlota-i-duzym-diamentem\/#primaryimage\"},\"image\":{\"@id\":\"https:\/\/fashiongold.lt\/pl\/papuosalas\/bransoletka-z-niebieskiego-sznurka-z-detalem-z-zoltego-zlota-i-duzym-diamentem\/#primaryimage\"},\"thumbnailUrl\":\"https:\/\/fashiongold.lt\/wp-content\/uploads\/2025\/10\/2783-4e4-melyno-siulo-apyranke-su-deimantu.jpg\",\"datePublished\":\"2025-10-09T19:33:07+00:00\",\"dateModified\":\"2026-02-17T14:10:46+00:00\",\"description\":\"Bransoletka z niebieskiego sznurka z \u017c\u00f3\u0142tym elementem i wyj\u0105tkowym du\u017cym diamentem. To prawdziwy sekret luksusu i sukcesu, kt\u00f3ry tworzy przep\u0142yw uroku i dobrej energii.\",\"breadcrumb\":{\"@id\":\"https:\/\/fashiongold.lt\/pl\/papuosalas\/bransoletka-z-niebieskiego-sznurka-z-detalem-z-zoltego-zlota-i-duzym-diamentem\/#breadcrumb\"},\"inLanguage\":\"pl-PL\",\"potentialAction\":[{\"@type\":\"ReadAction\",\"target\":[\"https:\/\/fashiongold.lt\/pl\/papuosalas\/bransoletka-z-niebieskiego-sznurka-z-detalem-z-zoltego-zlota-i-duzym-diamentem\/\"]}]},{\"@type\":\"ImageObject\",\"inLanguage\":\"pl-PL\",\"@id\":\"https:\/\/fashiongold.lt\/pl\/papuosalas\/bransoletka-z-niebieskiego-sznurka-z-detalem-z-zoltego-zlota-i-duzym-diamentem\/#primaryimage\",\"url\":\"https:\/\/fashiongold.lt\/wp-content\/uploads\/2025\/10\/2783-4e4-melyno-siulo-apyranke-su-deimantu.jpg\",\"contentUrl\":\"https:\/\/fashiongold.lt\/wp-content\/uploads\/2025\/10\/2783-4e4-melyno-siulo-apyranke-su-deimantu.jpg\",\"width\":938,\"height\":938},{\"@type\":\"BreadcrumbList\",\"@id\":\"https:\/\/fashiongold.lt\/pl\/papuosalas\/bransoletka-z-niebieskiego-sznurka-z-detalem-z-zoltego-zlota-i-duzym-diamentem\/#breadcrumb\",\"itemListElement\":[{\"@type\":\"ListItem\",\"position\":1,\"name\":\"Home\",\"item\":\"https:\/\/fashiongold.lt\/pl\/\"},{\"@type\":\"ListItem\",\"position\":2,\"name\":\"Sklep z diamentami Fashiongold.lt\",\"item\":\"https:\/\/fashiongold.lt\/shop-2\/\"},{\"@type\":\"ListItem\",\"position\":3,\"name\":\"Bransoletka z niebieskiego sznurka z detalem z \u017c\u00f3\u0142tego z\u0142ota i du\u017cym diamentem\"}]},{\"@type\":\"WebSite\",\"@id\":\"https:\/\/fashiongold.lt\/pl\/#website\",\"url\":\"https:\/\/fashiongold.lt\/pl\/\",\"name\":\"Fashion Gold\",\"description\":\"Juvelyrikos namai\",\"publisher\":{\"@id\":\"https:\/\/fashiongold.lt\/pl\/#organization\"},\"potentialAction\":[{\"@type\":\"SearchAction\",\"target\":{\"@type\":\"EntryPoint\",\"urlTemplate\":\"https:\/\/fashiongold.lt\/pl\/?s={search_term_string}\"},\"query-input\":{\"@type\":\"PropertyValueSpecification\",\"valueRequired\":true,\"valueName\":\"search_term_string\"}}],\"inLanguage\":\"pl-PL\"},{\"@type\":\"Organization\",\"@id\":\"https:\/\/fashiongold.lt\/pl\/#organization\",\"name\":\"Topdiamonds Online\",\"url\":\"https:\/\/fashiongold.lt\/pl\/\",\"logo\":{\"@type\":\"ImageObject\",\"inLanguage\":\"pl-PL\",\"@id\":\"https:\/\/fashiongold.lt\/pl\/#\/schema\/logo\/image\/\",\"url\":\"https:\/\/fashiongold.lt\/wp-content\/uploads\/2025\/04\/cropped-fashion_gold_logotipas2-scaled-1.png\",\"contentUrl\":\"https:\/\/fashiongold.lt\/wp-content\/uploads\/2025\/04\/cropped-fashion_gold_logotipas2-scaled-1.png\",\"width\":2559,\"height\":421,\"caption\":\"Topdiamonds Online\"},\"image\":{\"@id\":\"https:\/\/fashiongold.lt\/pl\/#\/schema\/logo\/image\/\"}}]}<\/script>\n<!-- \/ Yoast SEO plugin. -->","yoast_head_json":{"title":"Bransoletka na niebieskim sznurku z detalem z \u017c\u00f3\u0142tego z\u0142ota i du\u017cym diamentem","description":"Bransoletka z niebieskiego sznurka z \u017c\u00f3\u0142tym elementem i wyj\u0105tkowym du\u017cym diamentem. To prawdziwy sekret luksusu i sukcesu, kt\u00f3ry tworzy przep\u0142yw uroku i dobrej energii.","robots":{"index":"index","follow":"follow","max-snippet":"max-snippet:-1","max-image-preview":"max-image-preview:large","max-video-preview":"max-video-preview:-1"},"canonical":"https:\/\/fashiongold.lt\/pl\/papuosalas\/bransoletka-z-niebieskiego-sznurka-z-detalem-z-zoltego-zlota-i-duzym-diamentem\/","og_locale":"pl_PL","og_type":"article","og_title":"Bransoletka na niebieskim sznurku z detalem z \u017c\u00f3\u0142tego z\u0142ota i du\u017cym diamentem","og_description":"Bransoletka z niebieskiego sznurka z \u017c\u00f3\u0142tym elementem i wyj\u0105tkowym du\u017cym diamentem. To prawdziwy sekret luksusu i sukcesu, kt\u00f3ry tworzy przep\u0142yw uroku i dobrej energii.","og_url":"https:\/\/fashiongold.lt\/pl\/papuosalas\/bransoletka-z-niebieskiego-sznurka-z-detalem-z-zoltego-zlota-i-duzym-diamentem\/","og_site_name":"FashionGold.lt","article_modified_time":"2026-02-17T14:10:46+00:00","og_image":[{"width":938,"height":938,"url":"https:\/\/fashiongold.lt\/wp-content\/uploads\/2025\/10\/2783-4e4-melyno-siulo-apyranke-su-deimantu.webp","type":"image\/jpeg"}],"twitter_card":"summary_large_image","twitter_misc":{"Szacowany czas czytania":"1 minuta"},"schema":{"@context":"https:\/\/schema.org","@graph":[{"@type":"WebPage","@id":"https:\/\/fashiongold.lt\/pl\/papuosalas\/bransoletka-z-niebieskiego-sznurka-z-detalem-z-zoltego-zlota-i-duzym-diamentem\/","url":"https:\/\/fashiongold.lt\/pl\/papuosalas\/bransoletka-z-niebieskiego-sznurka-z-detalem-z-zoltego-zlota-i-duzym-diamentem\/","name":"Bransoletka na niebieskim sznurku z detalem z \u017c\u00f3\u0142tego z\u0142ota i du\u017cym diamentem","isPartOf":{"@id":"https:\/\/fashiongold.lt\/pl\/#website"},"primaryImageOfPage":{"@id":"https:\/\/fashiongold.lt\/pl\/papuosalas\/bransoletka-z-niebieskiego-sznurka-z-detalem-z-zoltego-zlota-i-duzym-diamentem\/#primaryimage"},"image":{"@id":"https:\/\/fashiongold.lt\/pl\/papuosalas\/bransoletka-z-niebieskiego-sznurka-z-detalem-z-zoltego-zlota-i-duzym-diamentem\/#primaryimage"},"thumbnailUrl":"https:\/\/fashiongold.lt\/wp-content\/uploads\/2025\/10\/2783-4e4-melyno-siulo-apyranke-su-deimantu.jpg","datePublished":"2025-10-09T19:33:07+00:00","dateModified":"2026-02-17T14:10:46+00:00","description":"Bransoletka z niebieskiego sznurka z \u017c\u00f3\u0142tym elementem i wyj\u0105tkowym du\u017cym diamentem. To prawdziwy sekret luksusu i sukcesu, kt\u00f3ry tworzy przep\u0142yw uroku i dobrej energii.","breadcrumb":{"@id":"https:\/\/fashiongold.lt\/pl\/papuosalas\/bransoletka-z-niebieskiego-sznurka-z-detalem-z-zoltego-zlota-i-duzym-diamentem\/#breadcrumb"},"inLanguage":"pl-PL","potentialAction":[{"@type":"ReadAction","target":["https:\/\/fashiongold.lt\/pl\/papuosalas\/bransoletka-z-niebieskiego-sznurka-z-detalem-z-zoltego-zlota-i-duzym-diamentem\/"]}]},{"@type":"ImageObject","inLanguage":"pl-PL","@id":"https:\/\/fashiongold.lt\/pl\/papuosalas\/bransoletka-z-niebieskiego-sznurka-z-detalem-z-zoltego-zlota-i-duzym-diamentem\/#primaryimage","url":"https:\/\/fashiongold.lt\/wp-content\/uploads\/2025\/10\/2783-4e4-melyno-siulo-apyranke-su-deimantu.jpg","contentUrl":"https:\/\/fashiongold.lt\/wp-content\/uploads\/2025\/10\/2783-4e4-melyno-siulo-apyranke-su-deimantu.jpg","width":938,"height":938},{"@type":"BreadcrumbList","@id":"https:\/\/fashiongold.lt\/pl\/papuosalas\/bransoletka-z-niebieskiego-sznurka-z-detalem-z-zoltego-zlota-i-duzym-diamentem\/#breadcrumb","itemListElement":[{"@type":"ListItem","position":1,"name":"Home","item":"https:\/\/fashiongold.lt\/pl\/"},{"@type":"ListItem","position":2,"name":"Sklep z diamentami Fashiongold.lt","item":"https:\/\/fashiongold.lt\/shop-2\/"},{"@type":"ListItem","position":3,"name":"Bransoletka z niebieskiego sznurka z detalem z \u017c\u00f3\u0142tego z\u0142ota i du\u017cym diamentem"}]},{"@type":"WebSite","@id":"https:\/\/fashiongold.lt\/pl\/#website","url":"https:\/\/fashiongold.lt\/pl\/","name":"Fashion Gold","description":"Juvelyrikos namai","publisher":{"@id":"https:\/\/fashiongold.lt\/pl\/#organization"},"potentialAction":[{"@type":"SearchAction","target":{"@type":"EntryPoint","urlTemplate":"https:\/\/fashiongold.lt\/pl\/?s={search_term_string}"},"query-input":{"@type":"PropertyValueSpecification","valueRequired":true,"valueName":"search_term_string"}}],"inLanguage":"pl-PL"},{"@type":"Organization","@id":"https:\/\/fashiongold.lt\/pl\/#organization","name":"Topdiamonds Online","url":"https:\/\/fashiongold.lt\/pl\/","logo":{"@type":"ImageObject","inLanguage":"pl-PL","@id":"https:\/\/fashiongold.lt\/pl\/#\/schema\/logo\/image\/","url":"https:\/\/fashiongold.lt\/wp-content\/uploads\/2025\/04\/cropped-fashion_gold_logotipas2-scaled-1.png","contentUrl":"https:\/\/fashiongold.lt\/wp-content\/uploads\/2025\/04\/cropped-fashion_gold_logotipas2-scaled-1.png","width":2559,"height":421,"caption":"Topdiamonds Online"},"image":{"@id":"https:\/\/fashiongold.lt\/pl\/#\/schema\/logo\/image\/"}}]}},"_links":{"self":[{"href":"https:\/\/fashiongold.lt\/pl\/wp-json\/wp\/v2\/product\/291325","targetHints":{"allow":["GET"]}}],"collection":[{"href":"https:\/\/fashiongold.lt\/pl\/wp-json\/wp\/v2\/product"}],"about":[{"href":"https:\/\/fashiongold.lt\/pl\/wp-json\/wp\/v2\/types\/product"}],"version-history":[{"count":0,"href":"https:\/\/fashiongold.lt\/pl\/wp-json\/wp\/v2\/product\/291325\/revisions"}],"wp:featuredmedia":[{"embeddable":true,"href":"https:\/\/fashiongold.lt\/pl\/wp-json\/wp\/v2\/media\/62376"}],"wp:attachment":[{"href":"https:\/\/fashiongold.lt\/pl\/wp-json\/wp\/v2\/media?parent=291325"}],"wp:term":[{"taxonomy":"product_brand","embeddable":true,"href":"https:\/\/fashiongold.lt\/pl\/wp-json\/wp\/v2\/product_brand?post=291325"},{"taxonomy":"product_cat","embeddable":true,"href":"https:\/\/fashiongold.lt\/pl\/wp-json\/wp\/v2\/product_cat?post=291325"},{"taxonomy":"product_tag","embeddable":true,"href":"https:\/\/fashiongold.lt\/pl\/wp-json\/wp\/v2\/product_tag?post=291325"}],"curies":[{"name":"wp","href":"https:\/\/api.w.org\/{rel}","templated":true}]}}