{"id":291395,"date":"2025-10-09T19:32:42","date_gmt":"2025-10-09T19:32:42","guid":{"rendered":"https:\/\/fashiongold.lt\/papuosalas\/bransoletka-z-czarnej-nici-z-detalem-z-czerwonego-zlota-i-diamentem\/"},"modified":"2026-02-17T14:11:02","modified_gmt":"2026-02-17T14:11:02","slug":"bransoletka-z-czarnej-nici-z-detalem-z-czerwonego-zlota-i-diamentem","status":"publish","type":"product","link":"https:\/\/fashiongold.lt\/pl\/papuosalas\/bransoletka-z-czarnej-nici-z-detalem-z-czerwonego-zlota-i-diamentem\/","title":{"rendered":"Bransoletka z czarnej nici z detalem z czerwonego z\u0142ota i diamentem"},"content":{"rendered":"<p class=\"MsoNormal\" style=\"margin: 0cm; font-size: 12pt; font-family: 'Times New Roman', serif;\"><span lang=\"EN-US\" style=\"background: #f7f7f8;\">Bransoletka<\/span><span lang=\"EN-US\" style=\"background: #f7f7f8;\"> <\/span><span lang=\"LT\" style=\"background: #f7f7f8;\">z<\/span><span style=\"background: #f7f7f8;\"> czarnej nici <\/span><span lang=\"LT\" style=\"background: #f7f7f8;\">z<\/span><span style=\"background: #f7f7f8;\"> detalem z <\/span><span lang=\"LT\" style=\"background: #f7f7f8;\">czerwonego z\u0142ota<\/span><span lang=\"LT\" style=\"background: #f7f7f8;\"> <\/span><span lang=\"LT\" style=\"background: #f7f7f8;\">i<\/span><span style=\"background: #f7f7f8;\"> diamentem \u2013 unikalne po\u0142\u0105czenie kolor\u00f3w i luksusu. Ta bransoletka z czarn\u0105 nici\u0105, <\/span><span lang=\"LT\" style=\"background: #f7f7f8;\">czerwono<\/span><span lang=\"LT\" style=\"background: #f7f7f8;\">-z\u0142otym <\/span><span style=\"background: #f7f7f8;\">detalem i diamentem nada Ci wyj\u0105tkowego uroku. B\u0105d\u017a wyj\u0105tkowa i niepowtarzalna, nosz\u0105c t\u0119 bransoletk\u0119. <\/span><span lang=\"LT\" style=\"background: #f7f7f8;\">P<\/span><span style=\"background: #f7f7f8;\">rzynosz\u0105ca szcz\u0119\u015bcie <\/span><span lang=\"LT\" style=\"background: #f7f7f8;\">z detalem z czerwonego z\u0142ota<\/span><span style=\"background: #f7f7f8;\"> \u2013 to prawdziwy sekret luksusu i sukcesu, kt\u00f3ry tworzy urok i przep\u0142yw dobrej energii. Pozw\u00f3l tej bransoletce przynie\u015b\u0107 Ci szcz\u0119\u015bcie i piel\u0119gnowa\u0107 Tw\u00f3j wewn\u0119trzny blask.<\/span><o:p><\/o:p><\/p>\n<p class=\"MsoNormal\" style=\"margin: 0cm; font-size: 12pt; font-family: 'Times New Roman', serif;\"><o:p>\u00a0<\/o:p><\/p>\n<p class=\"MsoNormal\" style=\"margin: 0cm; font-size: 12pt; font-family: 'Times New Roman', serif;\"><span lang=\"LT\" style=\"background: #f7f7f8;\">Bransoletka z czarnej nici pasuje na wszystkie<\/span><span style=\"background: #f7f7f8;\"> wyj\u0105tkowe okazje<\/span><span lang=\"LT\" style=\"background: #f7f7f8;\">, jako prezent <\/span><span style=\"background: #f7f7f8;\">\u2013 dla m\u0119\u017cczyzn, kobiet i dzieci. Na urodziny, chrzciny, Dzie\u0144 Matki, \u015bluby, rocznice \u015blubu <\/span><span lang=\"LT\" style=\"background: #f7f7f8;\">i<\/span><span style=\"background: #f7f7f8;\"> dla podtrzymania przyja\u017ani. <\/span><span lang=\"LT\" style=\"background: #f7f7f8;\">T<\/span><span lang=\"LT\" style=\"background: #f7f7f8;\">en<\/span><span style=\"background: #f7f7f8;\"> prezen<\/span><span lang=\"LT\" style=\"background: #f7f7f8;\">t<\/span><span style=\"background: #f7f7f8;\"> z diamentami nadaje szczeg\u00f3lne znaczenie i tworzy wspomnienia na ca\u0142e \u017cycie. Diamenty, symbolizuj\u0105ce siln\u0105 przyja\u017a\u0144, dodadz\u0105 blasku i luksusu Twoim wyj\u0105tkowym okazjom. Wybierz ten uniwersalnie pi\u0119kny dodatek, kt\u00f3ry zawsze b\u0119dzie przynosi\u0142 szcz\u0119\u015bcie i wzmacnia\u0142 wi\u0119zi przyja\u017ani.<\/span><o:p><\/o:p><\/p>\n<p class=\"p1\" style=\"margin-right: 0cm; margin-left: 0cm; font-size: 12pt; font-family: 'Times New Roman', serif;\">Rozmiar jest regulowany. Bransoletk\u0119 zdobi i jej wyj\u0105tkowym akcentem jest <span lang=\"LT\">naturalny<\/span><span lang=\"LT\"> <\/span>diament (brylant) o wielko\u015bci 0,01 ct, osadzony w oprawie z <span lang=\"LT\">czerwonego<\/span><span lang=\"LT\"> <\/span>z\u0142ota pr\u00f3by 585.<o:p><\/o:p><\/p>\n<p class=\"p1\" style=\"margin-right: 0cm; margin-left: 0cm; font-size: 12pt; font-family: 'Times New Roman', serif;\"><span lang=\"LT\">Waga z\u0142otego detalu <\/span>0,<span lang=\"LT\">15<\/span> g.<o:p><\/o:p><\/p>\n<p class=\"p1\" style=\"margin-right: 0cm; margin-left: 0cm; font-size: 12pt; font-family: 'Times New Roman', serif;\">Wielko\u015b\u0107 z\u0142otego detalu <span lang=\"EN-US\">2<\/span> mm, wielko\u015b\u0107 brylantu 1,<span lang=\"EN-US\">35<\/span> mm.<span class=\"apple-converted-space\">\u00a0<\/span><o:p><\/o:p><\/p>\n<p class=\"p2\" style=\"margin-right: 0cm; margin-left: 0cm; font-size: 12pt; font-family: 'Times New Roman', serif;\">\u015awi\u0105teczne opakowanie w luksusowym pude\u0142ku na bi\u017cuteri\u0119 i torebce &#8211; GRATIS.\u00a0<o:p><\/o:p><\/p>\n","protected":false},"excerpt":{"rendered":"<p class=\"MsoNormal\" style=\"margin: 0cm; font-size: 12pt; font-family: 'Times New Roman', serif;\"><span lang=\"LT\" style=\"background: #f7f7f8;\">Bransoletka<\/span><span style=\"background: #f7f7f8;\"> z czarnego<\/span><span lang=\"LT\" style=\"background: #f7f7f8;\"> sznurka z<\/span><span style=\"background: #f7f7f8;\"> <\/span><span lang=\"LT\" style=\"background: #f7f7f8;\">elementem<\/span><span style=\"background: #f7f7f8;\"> z czerwonego z\u0142ota i diamentem nada wyj\u0105tkowego uroku. B\u0105d\u017a wyj\u0105tkowa, nosz\u0105c t\u0119 bransoletk\u0119. Talizman szcz\u0119\u015bcia z <\/span><span lang=\"LT\" style=\"background: #f7f7f8;\">elementem<\/span><span style=\"background: #f7f7f8;\"> z czerwonego <\/span><span lang=\"LT\" style=\"background: #f7f7f8;\">z\u0142ota<\/span><span style=\"background: #f7f7f8;\"> &#8211; to prawdziwy sekret luksusu i sukcesu, kt\u00f3ry tworzy strumie\u0144 uroku i dobrej energii<o:p><\/o:p><\/span><\/p>\n","protected":false},"featured_media":62180,"template":"","meta":{"site-sidebar-layout":"","site-content-layout":"","ast-site-content-layout":"","site-content-style":"","site-sidebar-style":"","ast-global-header-display":"","ast-banner-title-visibility":"","ast-main-header-display":"","ast-hfb-above-header-display":"","ast-hfb-below-header-display":"","ast-hfb-mobile-header-display":"","site-post-title":"","ast-breadcrumbs-content":"","ast-featured-img":"","footer-sml-layout":"","ast-disable-related-posts":"","theme-transparent-header-meta":"","adv-header-id-meta":"","stick-header-meta":"","header-above-stick-meta":"","header-main-stick-meta":"","header-below-stick-meta":"","astra-migrate-meta-layouts":"default","ast-page-background-enabled":"default","ast-page-background-meta":{"desktop":{"background-color":"var(--ast-global-color-4)","background-image":"","background-repeat":"repeat","background-position":"center center","background-size":"auto","background-attachment":"scroll","background-type":"","background-media":"","overlay-type":"","overlay-color":"","overlay-opacity":"","overlay-gradient":""},"tablet":{"background-color":"","background-image":"","background-repeat":"repeat","background-position":"center center","background-size":"auto","background-attachment":"scroll","background-type":"","background-media":"","overlay-type":"","overlay-color":"","overlay-opacity":"","overlay-gradient":""},"mobile":{"background-color":"","background-image":"","background-repeat":"repeat","background-position":"center center","background-size":"auto","background-attachment":"scroll","background-type":"","background-media":"","overlay-type":"","overlay-color":"","overlay-opacity":"","overlay-gradient":""}},"ast-content-background-meta":{"desktop":{"background-color":"var(--ast-global-color-5)","background-image":"","background-repeat":"repeat","background-position":"center center","background-size":"auto","background-attachment":"scroll","background-type":"","background-media":"","overlay-type":"","overlay-color":"","overlay-opacity":"","overlay-gradient":""},"tablet":{"background-color":"var(--ast-global-color-5)","background-image":"","background-repeat":"repeat","background-position":"center center","background-size":"auto","background-attachment":"scroll","background-type":"","background-media":"","overlay-type":"","overlay-color":"","overlay-opacity":"","overlay-gradient":""},"mobile":{"background-color":"var(--ast-global-color-5)","background-image":"","background-repeat":"repeat","background-position":"center center","background-size":"auto","background-attachment":"scroll","background-type":"","background-media":"","overlay-type":"","overlay-color":"","overlay-opacity":"","overlay-gradient":""}}},"product_brand":[],"product_cat":[3359],"product_tag":[],"class_list":{"0":"post-291395","1":"product","2":"type-product","3":"status-publish","4":"has-post-thumbnail","6":"product_cat-wyprzedaz","7":"desktop-align-center","8":"tablet-align-left","9":"mobile-align-left","10":"ast-product-gallery-layout-horizontal-slider","11":"ast-product-gallery-with-no-image","12":"ast-product-tabs-layout-accordion","13":"ast-qv-on-image","15":"first","16":"instock","17":"taxable","18":"shipping-taxable","19":"purchasable","20":"product-type-simple"},"yoast_head":"<!-- This site is optimized with the Yoast SEO plugin v26.6 - https:\/\/yoast.com\/wordpress\/plugins\/seo\/ -->\n<title>Bransoletka z czarnej nici z elementem z czerwonego z\u0142ota i diamentem<\/title>\n<meta name=\"description\" content=\"Bransoletka z czarnego sznurka z elementem z r\u00f3\u017cowego z\u0142ota i diamentem. To prawdziwy sekret luksusu i sukcesu, kt\u00f3ry tworzy przep\u0142yw uroku i dobrej energii.\" \/>\n<meta name=\"robots\" content=\"index, follow, max-snippet:-1, max-image-preview:large, max-video-preview:-1\" \/>\n<link rel=\"canonical\" href=\"https:\/\/fashiongold.lt\/pl\/papuosalas\/bransoletka-z-czarnej-nici-z-detalem-z-czerwonego-zlota-i-diamentem\/\" \/>\n<meta property=\"og:locale\" content=\"pl_PL\" \/>\n<meta property=\"og:type\" content=\"article\" \/>\n<meta property=\"og:title\" content=\"Bransoletka z czarnej nici z elementem z czerwonego z\u0142ota i diamentem\" \/>\n<meta property=\"og:description\" content=\"Bransoletka z czarnego sznurka z elementem z r\u00f3\u017cowego z\u0142ota i diamentem. To prawdziwy sekret luksusu i sukcesu, kt\u00f3ry tworzy przep\u0142yw uroku i dobrej energii.\" \/>\n<meta property=\"og:url\" content=\"https:\/\/fashiongold.lt\/pl\/papuosalas\/bransoletka-z-czarnej-nici-z-detalem-z-czerwonego-zlota-i-diamentem\/\" \/>\n<meta property=\"og:site_name\" content=\"FashionGold.lt\" \/>\n<meta property=\"article:modified_time\" content=\"2026-02-17T14:11:02+00:00\" \/>\n<meta property=\"og:image\" content=\"https:\/\/fashiongold.lt\/wp-content\/uploads\/2025\/10\/2406-c75-Laime-nesantis-juodas-siulas-apyranke-su-deimantu-raudonas-auksas.webp\" \/>\n\t<meta property=\"og:image:width\" content=\"1067\" \/>\n\t<meta property=\"og:image:height\" content=\"1128\" \/>\n\t<meta property=\"og:image:type\" content=\"image\/jpeg\" \/>\n<meta name=\"twitter:card\" content=\"summary_large_image\" \/>\n<meta name=\"twitter:label1\" content=\"Szacowany czas czytania\" \/>\n\t<meta name=\"twitter:data1\" content=\"1 minuta\" \/>\n<script type=\"application\/ld+json\" class=\"yoast-schema-graph\">{\"@context\":\"https:\/\/schema.org\",\"@graph\":[{\"@type\":\"WebPage\",\"@id\":\"https:\/\/fashiongold.lt\/pl\/papuosalas\/bransoletka-z-czarnej-nici-z-detalem-z-czerwonego-zlota-i-diamentem\/\",\"url\":\"https:\/\/fashiongold.lt\/pl\/papuosalas\/bransoletka-z-czarnej-nici-z-detalem-z-czerwonego-zlota-i-diamentem\/\",\"name\":\"Bransoletka z czarnej nici z elementem z czerwonego z\u0142ota i diamentem\",\"isPartOf\":{\"@id\":\"https:\/\/fashiongold.lt\/pl\/#website\"},\"primaryImageOfPage\":{\"@id\":\"https:\/\/fashiongold.lt\/pl\/papuosalas\/bransoletka-z-czarnej-nici-z-detalem-z-czerwonego-zlota-i-diamentem\/#primaryimage\"},\"image\":{\"@id\":\"https:\/\/fashiongold.lt\/pl\/papuosalas\/bransoletka-z-czarnej-nici-z-detalem-z-czerwonego-zlota-i-diamentem\/#primaryimage\"},\"thumbnailUrl\":\"https:\/\/fashiongold.lt\/wp-content\/uploads\/2025\/10\/2406-c75-Laime-nesantis-juodas-siulas-apyranke-su-deimantu-raudonas-auksas.jpg\",\"datePublished\":\"2025-10-09T19:32:42+00:00\",\"dateModified\":\"2026-02-17T14:11:02+00:00\",\"description\":\"Bransoletka z czarnego sznurka z elementem z r\u00f3\u017cowego z\u0142ota i diamentem. To prawdziwy sekret luksusu i sukcesu, kt\u00f3ry tworzy przep\u0142yw uroku i dobrej energii.\",\"breadcrumb\":{\"@id\":\"https:\/\/fashiongold.lt\/pl\/papuosalas\/bransoletka-z-czarnej-nici-z-detalem-z-czerwonego-zlota-i-diamentem\/#breadcrumb\"},\"inLanguage\":\"pl-PL\",\"potentialAction\":[{\"@type\":\"ReadAction\",\"target\":[\"https:\/\/fashiongold.lt\/pl\/papuosalas\/bransoletka-z-czarnej-nici-z-detalem-z-czerwonego-zlota-i-diamentem\/\"]}]},{\"@type\":\"ImageObject\",\"inLanguage\":\"pl-PL\",\"@id\":\"https:\/\/fashiongold.lt\/pl\/papuosalas\/bransoletka-z-czarnej-nici-z-detalem-z-czerwonego-zlota-i-diamentem\/#primaryimage\",\"url\":\"https:\/\/fashiongold.lt\/wp-content\/uploads\/2025\/10\/2406-c75-Laime-nesantis-juodas-siulas-apyranke-su-deimantu-raudonas-auksas.jpg\",\"contentUrl\":\"https:\/\/fashiongold.lt\/wp-content\/uploads\/2025\/10\/2406-c75-Laime-nesantis-juodas-siulas-apyranke-su-deimantu-raudonas-auksas.jpg\",\"width\":1067,\"height\":1128},{\"@type\":\"BreadcrumbList\",\"@id\":\"https:\/\/fashiongold.lt\/pl\/papuosalas\/bransoletka-z-czarnej-nici-z-detalem-z-czerwonego-zlota-i-diamentem\/#breadcrumb\",\"itemListElement\":[{\"@type\":\"ListItem\",\"position\":1,\"name\":\"Home\",\"item\":\"https:\/\/fashiongold.lt\/pl\/\"},{\"@type\":\"ListItem\",\"position\":2,\"name\":\"Sklep z diamentami Fashiongold.lt\",\"item\":\"https:\/\/fashiongold.lt\/shop-2\/\"},{\"@type\":\"ListItem\",\"position\":3,\"name\":\"Bransoletka z czarnej nici z detalem z czerwonego z\u0142ota i diamentem\"}]},{\"@type\":\"WebSite\",\"@id\":\"https:\/\/fashiongold.lt\/pl\/#website\",\"url\":\"https:\/\/fashiongold.lt\/pl\/\",\"name\":\"Fashion Gold\",\"description\":\"Juvelyrikos namai\",\"publisher\":{\"@id\":\"https:\/\/fashiongold.lt\/pl\/#organization\"},\"potentialAction\":[{\"@type\":\"SearchAction\",\"target\":{\"@type\":\"EntryPoint\",\"urlTemplate\":\"https:\/\/fashiongold.lt\/pl\/?s={search_term_string}\"},\"query-input\":{\"@type\":\"PropertyValueSpecification\",\"valueRequired\":true,\"valueName\":\"search_term_string\"}}],\"inLanguage\":\"pl-PL\"},{\"@type\":\"Organization\",\"@id\":\"https:\/\/fashiongold.lt\/pl\/#organization\",\"name\":\"Topdiamonds Online\",\"url\":\"https:\/\/fashiongold.lt\/pl\/\",\"logo\":{\"@type\":\"ImageObject\",\"inLanguage\":\"pl-PL\",\"@id\":\"https:\/\/fashiongold.lt\/pl\/#\/schema\/logo\/image\/\",\"url\":\"https:\/\/fashiongold.lt\/wp-content\/uploads\/2025\/04\/cropped-fashion_gold_logotipas2-scaled-1.png\",\"contentUrl\":\"https:\/\/fashiongold.lt\/wp-content\/uploads\/2025\/04\/cropped-fashion_gold_logotipas2-scaled-1.png\",\"width\":2559,\"height\":421,\"caption\":\"Topdiamonds Online\"},\"image\":{\"@id\":\"https:\/\/fashiongold.lt\/pl\/#\/schema\/logo\/image\/\"}}]}<\/script>\n<!-- \/ Yoast SEO plugin. -->","yoast_head_json":{"title":"Bransoletka z czarnej nici z elementem z czerwonego z\u0142ota i diamentem","description":"Bransoletka z czarnego sznurka z elementem z r\u00f3\u017cowego z\u0142ota i diamentem. To prawdziwy sekret luksusu i sukcesu, kt\u00f3ry tworzy przep\u0142yw uroku i dobrej energii.","robots":{"index":"index","follow":"follow","max-snippet":"max-snippet:-1","max-image-preview":"max-image-preview:large","max-video-preview":"max-video-preview:-1"},"canonical":"https:\/\/fashiongold.lt\/pl\/papuosalas\/bransoletka-z-czarnej-nici-z-detalem-z-czerwonego-zlota-i-diamentem\/","og_locale":"pl_PL","og_type":"article","og_title":"Bransoletka z czarnej nici z elementem z czerwonego z\u0142ota i diamentem","og_description":"Bransoletka z czarnego sznurka z elementem z r\u00f3\u017cowego z\u0142ota i diamentem. To prawdziwy sekret luksusu i sukcesu, kt\u00f3ry tworzy przep\u0142yw uroku i dobrej energii.","og_url":"https:\/\/fashiongold.lt\/pl\/papuosalas\/bransoletka-z-czarnej-nici-z-detalem-z-czerwonego-zlota-i-diamentem\/","og_site_name":"FashionGold.lt","article_modified_time":"2026-02-17T14:11:02+00:00","og_image":[{"width":1067,"height":1128,"url":"https:\/\/fashiongold.lt\/wp-content\/uploads\/2025\/10\/2406-c75-Laime-nesantis-juodas-siulas-apyranke-su-deimantu-raudonas-auksas.webp","type":"image\/jpeg"}],"twitter_card":"summary_large_image","twitter_misc":{"Szacowany czas czytania":"1 minuta"},"schema":{"@context":"https:\/\/schema.org","@graph":[{"@type":"WebPage","@id":"https:\/\/fashiongold.lt\/pl\/papuosalas\/bransoletka-z-czarnej-nici-z-detalem-z-czerwonego-zlota-i-diamentem\/","url":"https:\/\/fashiongold.lt\/pl\/papuosalas\/bransoletka-z-czarnej-nici-z-detalem-z-czerwonego-zlota-i-diamentem\/","name":"Bransoletka z czarnej nici z elementem z czerwonego z\u0142ota i diamentem","isPartOf":{"@id":"https:\/\/fashiongold.lt\/pl\/#website"},"primaryImageOfPage":{"@id":"https:\/\/fashiongold.lt\/pl\/papuosalas\/bransoletka-z-czarnej-nici-z-detalem-z-czerwonego-zlota-i-diamentem\/#primaryimage"},"image":{"@id":"https:\/\/fashiongold.lt\/pl\/papuosalas\/bransoletka-z-czarnej-nici-z-detalem-z-czerwonego-zlota-i-diamentem\/#primaryimage"},"thumbnailUrl":"https:\/\/fashiongold.lt\/wp-content\/uploads\/2025\/10\/2406-c75-Laime-nesantis-juodas-siulas-apyranke-su-deimantu-raudonas-auksas.jpg","datePublished":"2025-10-09T19:32:42+00:00","dateModified":"2026-02-17T14:11:02+00:00","description":"Bransoletka z czarnego sznurka z elementem z r\u00f3\u017cowego z\u0142ota i diamentem. To prawdziwy sekret luksusu i sukcesu, kt\u00f3ry tworzy przep\u0142yw uroku i dobrej energii.","breadcrumb":{"@id":"https:\/\/fashiongold.lt\/pl\/papuosalas\/bransoletka-z-czarnej-nici-z-detalem-z-czerwonego-zlota-i-diamentem\/#breadcrumb"},"inLanguage":"pl-PL","potentialAction":[{"@type":"ReadAction","target":["https:\/\/fashiongold.lt\/pl\/papuosalas\/bransoletka-z-czarnej-nici-z-detalem-z-czerwonego-zlota-i-diamentem\/"]}]},{"@type":"ImageObject","inLanguage":"pl-PL","@id":"https:\/\/fashiongold.lt\/pl\/papuosalas\/bransoletka-z-czarnej-nici-z-detalem-z-czerwonego-zlota-i-diamentem\/#primaryimage","url":"https:\/\/fashiongold.lt\/wp-content\/uploads\/2025\/10\/2406-c75-Laime-nesantis-juodas-siulas-apyranke-su-deimantu-raudonas-auksas.jpg","contentUrl":"https:\/\/fashiongold.lt\/wp-content\/uploads\/2025\/10\/2406-c75-Laime-nesantis-juodas-siulas-apyranke-su-deimantu-raudonas-auksas.jpg","width":1067,"height":1128},{"@type":"BreadcrumbList","@id":"https:\/\/fashiongold.lt\/pl\/papuosalas\/bransoletka-z-czarnej-nici-z-detalem-z-czerwonego-zlota-i-diamentem\/#breadcrumb","itemListElement":[{"@type":"ListItem","position":1,"name":"Home","item":"https:\/\/fashiongold.lt\/pl\/"},{"@type":"ListItem","position":2,"name":"Sklep z diamentami Fashiongold.lt","item":"https:\/\/fashiongold.lt\/shop-2\/"},{"@type":"ListItem","position":3,"name":"Bransoletka z czarnej nici z detalem z czerwonego z\u0142ota i diamentem"}]},{"@type":"WebSite","@id":"https:\/\/fashiongold.lt\/pl\/#website","url":"https:\/\/fashiongold.lt\/pl\/","name":"Fashion Gold","description":"Juvelyrikos namai","publisher":{"@id":"https:\/\/fashiongold.lt\/pl\/#organization"},"potentialAction":[{"@type":"SearchAction","target":{"@type":"EntryPoint","urlTemplate":"https:\/\/fashiongold.lt\/pl\/?s={search_term_string}"},"query-input":{"@type":"PropertyValueSpecification","valueRequired":true,"valueName":"search_term_string"}}],"inLanguage":"pl-PL"},{"@type":"Organization","@id":"https:\/\/fashiongold.lt\/pl\/#organization","name":"Topdiamonds Online","url":"https:\/\/fashiongold.lt\/pl\/","logo":{"@type":"ImageObject","inLanguage":"pl-PL","@id":"https:\/\/fashiongold.lt\/pl\/#\/schema\/logo\/image\/","url":"https:\/\/fashiongold.lt\/wp-content\/uploads\/2025\/04\/cropped-fashion_gold_logotipas2-scaled-1.png","contentUrl":"https:\/\/fashiongold.lt\/wp-content\/uploads\/2025\/04\/cropped-fashion_gold_logotipas2-scaled-1.png","width":2559,"height":421,"caption":"Topdiamonds Online"},"image":{"@id":"https:\/\/fashiongold.lt\/pl\/#\/schema\/logo\/image\/"}}]}},"_links":{"self":[{"href":"https:\/\/fashiongold.lt\/pl\/wp-json\/wp\/v2\/product\/291395","targetHints":{"allow":["GET"]}}],"collection":[{"href":"https:\/\/fashiongold.lt\/pl\/wp-json\/wp\/v2\/product"}],"about":[{"href":"https:\/\/fashiongold.lt\/pl\/wp-json\/wp\/v2\/types\/product"}],"version-history":[{"count":0,"href":"https:\/\/fashiongold.lt\/pl\/wp-json\/wp\/v2\/product\/291395\/revisions"}],"wp:featuredmedia":[{"embeddable":true,"href":"https:\/\/fashiongold.lt\/pl\/wp-json\/wp\/v2\/media\/62180"}],"wp:attachment":[{"href":"https:\/\/fashiongold.lt\/pl\/wp-json\/wp\/v2\/media?parent=291395"}],"wp:term":[{"taxonomy":"product_brand","embeddable":true,"href":"https:\/\/fashiongold.lt\/pl\/wp-json\/wp\/v2\/product_brand?post=291395"},{"taxonomy":"product_cat","embeddable":true,"href":"https:\/\/fashiongold.lt\/pl\/wp-json\/wp\/v2\/product_cat?post=291395"},{"taxonomy":"product_tag","embeddable":true,"href":"https:\/\/fashiongold.lt\/pl\/wp-json\/wp\/v2\/product_tag?post=291395"}],"curies":[{"name":"wp","href":"https:\/\/api.w.org\/{rel}","templated":true}]}}