{"id":291500,"date":"2025-10-09T19:32:41","date_gmt":"2025-10-09T19:32:41","guid":{"rendered":"https:\/\/fashiongold.lt\/papuosalas\/przynoszaca-szczescie-czerwona-bransoletka-sznurkowa-z-diamentem-czerwone-zloto-minimalistyczna\/"},"modified":"2025-10-09T19:32:41","modified_gmt":"2025-10-09T19:32:41","slug":"przynoszaca-szczescie-czerwona-bransoletka-sznurkowa-z-diamentem-czerwone-zloto-minimalistyczna","status":"publish","type":"product","link":"https:\/\/fashiongold.lt\/pl\/papuosalas\/przynoszaca-szczescie-czerwona-bransoletka-sznurkowa-z-diamentem-czerwone-zloto-minimalistyczna\/","title":{"rendered":"Przynosz\u0105ca szcz\u0119\u015bcie czerwona bransoletka sznurkowa z diamentem (czerwone z\u0142oto, minimalistyczna)"},"content":{"rendered":"<p><span style=\"font-size: medium;\"><\/span><\/p>\n<p class=\"p1\"><span style=\"font-size: 12pt; font-family: 'Times New Roman', serif; background: #f7f7f8;\">Ta wyj\u0105tkowa bransoletka z czerwon<\/span><span lang=\"LT\" style=\"font-size: 12pt; font-family: 'Times New Roman', serif; background: #f7f7f8;\">ego<\/span><span style=\"font-size: 12pt; font-family: 'Times New Roman', serif; background: #f7f7f8;\"> sznurk<\/span><span lang=\"LT\" style=\"font-size: 12pt; font-family: 'Times New Roman', serif; background: #f7f7f8;\">a<\/span><span style=\"font-size: 12pt; font-family: 'Times New Roman', serif; background: #f7f7f8;\">, minimalistyczny detal z czerwonego z\u0142ota i naturalny diament podkre\u015blaj\u0105 Twoj\u0105 wyj\u0105tkowo\u015b\u0107 i zmys\u0142owo\u015b\u0107. Jej elegancki design i luksusowy blask przyci\u0105gaj\u0105 wzrok i nadaj\u0105 szczeg\u00f3lnego uroku. No\u015b<\/span><span lang=\"LT\" style=\"font-size: 12pt; font-family: 'Times New Roman', serif; background: #f7f7f8;\">cie<\/span><span style=\"font-size: 12pt; font-family: 'Times New Roman', serif; background: #f7f7f8;\"> t\u0119 bransoletk\u0119 z pewno\u015bci\u0105 siebie<\/span><span lang=\"LT\" style=\"font-size: 12pt; font-family: 'Times New Roman', serif; background: #f7f7f8;\">. <\/span><span style=\"font-size: 12pt; font-family: 'Times New Roman', serif; background: #f7f7f8;\">Symbol szcz\u0119\u015bcia \u2013 to prawdziwy sekret luksusu i sukcesu, kt\u00f3ry podkre\u015bli blask Twojej osobowo\u015bci.<\/span><\/p>\n<p class=\"MsoNormal\" style=\"margin: 0cm; font-size: 12pt; font-family: 'Times New Roman', serif;\"><span lang=\"LT\" style=\"background: #f7f7f8;\">Bransoletka z czerwonego sznurka nadaje si\u0119 na wszystki<\/span><span style=\"background: #f7f7f8;\">e wyj\u0105tkowe okazje<\/span><span lang=\"LT\" style=\"background: #f7f7f8;\"> jako prezent <\/span><span style=\"background: #f7f7f8;\">&#8211; dla m\u0119\u017cczyzn, kobiet i dzieci. Na urodziny, chrzciny, Dzie\u0144 Matki, \u015bluby, rocznice \u015blub<\/span><span lang=\"LT\" style=\"background: #f7f7f8;\">u<\/span><span style=\"background: #f7f7f8;\"> i dla piel\u0119gnowania przyja\u017ani. Te<\/span><span lang=\"LT\" style=\"background: #f7f7f8;\">n<\/span><span lang=\"LT\" style=\"background: #f7f7f8;\"> <\/span><span style=\"background: #f7f7f8;\">prezen<\/span><span lang=\"LT\" style=\"background: #f7f7f8;\">t<\/span><span style=\"background: #f7f7f8;\"> z diamentami nadaje szczeg\u00f3lne znaczenie i tworzy wspomnienia na ca\u0142e \u017cycie. Diamenty, symbolizuj\u0105ce siln\u0105 przyja\u017a\u0144, dodadz\u0105 blasku i luksusu Twoim wyj\u0105tkowym okazjom. Wybierz ten dodatek o uniwersalnym pi\u0119knie, kt\u00f3ry zawsze b\u0119dzie przynosi\u0142 szcz\u0119\u015bcie i wzmacnia\u0142 wi\u0119zi przyja\u017ani.<\/span><o:p><\/o:p><\/p>\n<p class=\"p1\"><span style=\"font-family: 'Times New Roman', serif; font-size: 12pt;\">Rozmiar jest regulowany. Bransoletk\u0119 zdobi i jej wyj\u0105tkowym akcentem jest naturalny <\/span><span lang=\"LT\" style=\"font-family: 'Times New Roman', serif; font-size: 12pt;\">brylant<\/span><span style=\"font-family: 'Times New Roman', serif; font-size: 12pt;\"> o wielko\u015bci 0,01 ct, osadzony w oprawie z czerwonego z\u0142ota pr\u00f3by 585.<\/span><\/p>\n<p class=\"p1\" style=\"margin-right: 0cm; margin-left: 0cm; font-size: 12pt; font-family: 'Times New Roman', serif;\"><o:p><\/o:p><\/p>\n<p class=\"p1\" style=\"margin-right: 0cm; margin-left: 0cm; font-size: 12pt; font-family: 'Times New Roman', serif;\"><span lang=\"LT\">Waga z\u0142otego elementu<\/span> 0,15 g.<o:p><\/o:p><\/p>\n<p class=\"p1\" style=\"margin-right: 0cm; margin-left: 0cm; font-size: 12pt; font-family: 'Times New Roman', serif;\">Rozmiar z\u0142otego elementu 2 mm, rozmiar brylantu 1,35 mm.<span class=\"apple-converted-space\">\u00a0<\/span><o:p><\/o:p><\/p>\n<p class=\"p2\" style=\"margin-right: 0cm; margin-left: 0cm; font-size: 12pt; font-family: 'Times New Roman', serif;\">\u015awi\u0105teczne opakowanie w luksusowym pude\u0142ku jubilerskim i torebce &#8211; GRATIS.\u00a0<o:p><\/o:p><\/p>\n","protected":false},"excerpt":{"rendered":"<p><span style=\"font-size: 12pt; font-family: 'Times New Roman', serif; background: #f7f7f8;\">Przynosz\u0105ca <\/span><span lang=\"LT\" style=\"font-size: 12pt; font-family: 'Times New Roman', serif; background: #f7f7f8;\">s<\/span><span style=\"font-size: 12pt; font-family: 'Times New Roman', serif; background: #f7f7f8;\">zcz\u0119\u015bcie: <\/span><span lang=\"LT\" style=\"font-size: 12pt; font-family: 'Times New Roman', serif; background: #f7f7f8;\">c<\/span><span style=\"font-size: 12pt; font-family: 'Times New Roman', serif; background: #f7f7f8;\">zerwona <\/span><span lang=\"LT\" style=\"font-size: 12pt; font-family: 'Times New Roman', serif; background: #f7f7f8;\">b<\/span><span style=\"font-size: 12pt; font-family: 'Times New Roman', serif; background: #f7f7f8;\">ranso<\/span><span lang=\"LT\" style=\"font-size: 12pt; font-family: 'Times New Roman', serif; background: #f7f7f8;\">letk<\/span><span style=\"font-size: 12pt; font-family: 'Times New Roman', serif; background: #f7f7f8;\">a sznurkowa z <\/span><span lang=\"LT\" style=\"font-size: 12pt; font-family: 'Times New Roman', serif; background: #f7f7f8;\">m<\/span><span style=\"font-size: 12pt; font-family: 'Times New Roman', serif; background: #f7f7f8;\">inimalistycznym <\/span><span lang=\"LT\" style=\"font-size: 12pt; font-family: 'Times New Roman', serif; background: #f7f7f8;\">d<\/span><span style=\"font-size: 12pt; font-family: 'Times New Roman', serif; background: #f7f7f8;\">etalem z r\u00f3\u017cowego <\/span><span lang=\"LT\" style=\"font-size: 12pt; font-family: 'Times New Roman', serif; background: #f7f7f8;\">z<\/span><span style=\"font-size: 12pt; font-family: 'Times New Roman', serif; background: #f7f7f8;\">\u0142ot<\/span><span lang=\"LT\" style=\"font-size: 12pt; font-family: 'Times New Roman', serif; background: #f7f7f8;\">a<\/span><span style=\"font-size: 12pt; font-family: 'Times New Roman', serif; background: #f7f7f8;\"> i <\/span><span lang=\"LT\" style=\"font-size: 12pt; font-family: 'Times New Roman', serif; background: #f7f7f8;\">n<\/span><span style=\"font-size: 12pt; font-family: 'Times New Roman', serif; background: #f7f7f8;\">aturalnym <\/span><span lang=\"LT\" style=\"font-size: 12pt; font-family: 'Times New Roman', serif; background: #f7f7f8;\">d<\/span><span style=\"font-size: 12pt; font-family: 'Times New Roman', serif; background: #f7f7f8;\">iamentem &#8211; styl, symbolizuje sukces i otaczaj\u0105c\u0105 energi\u0119 szcz\u0119\u015bcia<\/span><\/p>\n","protected":false},"featured_media":62023,"template":"","meta":{"site-sidebar-layout":"","site-content-layout":"","ast-site-content-layout":"","site-content-style":"","site-sidebar-style":"","ast-global-header-display":"","ast-banner-title-visibility":"","ast-main-header-display":"","ast-hfb-above-header-display":"","ast-hfb-below-header-display":"","ast-hfb-mobile-header-display":"","site-post-title":"","ast-breadcrumbs-content":"","ast-featured-img":"","footer-sml-layout":"","ast-disable-related-posts":"","theme-transparent-header-meta":"","adv-header-id-meta":"","stick-header-meta":"","header-above-stick-meta":"","header-main-stick-meta":"","header-below-stick-meta":"","astra-migrate-meta-layouts":"default","ast-page-background-enabled":"default","ast-page-background-meta":{"desktop":{"background-color":"var(--ast-global-color-4)","background-image":"","background-repeat":"repeat","background-position":"center center","background-size":"auto","background-attachment":"scroll","background-type":"","background-media":"","overlay-type":"","overlay-color":"","overlay-opacity":"","overlay-gradient":""},"tablet":{"background-color":"","background-image":"","background-repeat":"repeat","background-position":"center center","background-size":"auto","background-attachment":"scroll","background-type":"","background-media":"","overlay-type":"","overlay-color":"","overlay-opacity":"","overlay-gradient":""},"mobile":{"background-color":"","background-image":"","background-repeat":"repeat","background-position":"center center","background-size":"auto","background-attachment":"scroll","background-type":"","background-media":"","overlay-type":"","overlay-color":"","overlay-opacity":"","overlay-gradient":""}},"ast-content-background-meta":{"desktop":{"background-color":"var(--ast-global-color-5)","background-image":"","background-repeat":"repeat","background-position":"center center","background-size":"auto","background-attachment":"scroll","background-type":"","background-media":"","overlay-type":"","overlay-color":"","overlay-opacity":"","overlay-gradient":""},"tablet":{"background-color":"var(--ast-global-color-5)","background-image":"","background-repeat":"repeat","background-position":"center center","background-size":"auto","background-attachment":"scroll","background-type":"","background-media":"","overlay-type":"","overlay-color":"","overlay-opacity":"","overlay-gradient":""},"mobile":{"background-color":"var(--ast-global-color-5)","background-image":"","background-repeat":"repeat","background-position":"center center","background-size":"auto","background-attachment":"scroll","background-type":"","background-media":"","overlay-type":"","overlay-color":"","overlay-opacity":"","overlay-gradient":""}}},"product_brand":[],"product_cat":[3359],"product_tag":[],"class_list":{"0":"post-291500","1":"product","2":"type-product","3":"status-publish","4":"has-post-thumbnail","6":"product_cat-wyprzedaz","7":"desktop-align-center","8":"tablet-align-left","9":"mobile-align-left","10":"ast-product-gallery-layout-horizontal-slider","11":"ast-product-gallery-with-no-image","12":"ast-product-tabs-layout-accordion","13":"ast-qv-on-image","15":"first","16":"instock","17":"taxable","18":"shipping-taxable","19":"purchasable","20":"product-type-simple"},"yoast_head":"<!-- This site is optimized with the Yoast SEO plugin v26.6 - https:\/\/yoast.com\/wordpress\/plugins\/seo\/ -->\n<title>Przynosz\u0105ca szcz\u0119\u015bcie czerwona bransoletka sznurkowa z diamentem, minimalistyczna<\/title>\n<meta name=\"description\" content=\"Przynosz\u0105cy szcz\u0119\u015bcie: czerwona bransoletka sznurkowa z minimalistycznym detalem z r\u00f3\u017cowego z\u0142ota i naturalnym diamentem \u2013 styl, symbolizuje powodzenie i otaczaj\u0105c\u0105 energi\u0119 szcz\u0119\u015bcia.\" \/>\n<meta name=\"robots\" content=\"index, follow, max-snippet:-1, max-image-preview:large, max-video-preview:-1\" \/>\n<link rel=\"canonical\" href=\"https:\/\/fashiongold.lt\/pl\/papuosalas\/przynoszaca-szczescie-czerwona-bransoletka-sznurkowa-z-diamentem-czerwone-zloto-minimalistyczna\/\" \/>\n<meta property=\"og:locale\" content=\"pl_PL\" \/>\n<meta property=\"og:type\" content=\"article\" \/>\n<meta property=\"og:title\" content=\"Przynosz\u0105ca szcz\u0119\u015bcie czerwona bransoletka sznurkowa z diamentem, minimalistyczna\" \/>\n<meta property=\"og:description\" content=\"Przynosz\u0105cy szcz\u0119\u015bcie: czerwona bransoletka sznurkowa z minimalistycznym detalem z r\u00f3\u017cowego z\u0142ota i naturalnym diamentem \u2013 styl, symbolizuje powodzenie i otaczaj\u0105c\u0105 energi\u0119 szcz\u0119\u015bcia.\" \/>\n<meta property=\"og:url\" content=\"https:\/\/fashiongold.lt\/pl\/papuosalas\/przynoszaca-szczescie-czerwona-bransoletka-sznurkowa-z-diamentem-czerwone-zloto-minimalistyczna\/\" \/>\n<meta property=\"og:site_name\" content=\"FashionGold.lt\" \/>\n<meta property=\"og:image\" content=\"https:\/\/fashiongold.lt\/wp-content\/uploads\/2025\/10\/2379-7df-Laime-nesantis-raudonas-siulas-apyranke-su-deimantu-baltas-auksas-minimalistinis.webp\" \/>\n\t<meta property=\"og:image:width\" content=\"1200\" \/>\n\t<meta property=\"og:image:height\" content=\"1600\" \/>\n\t<meta property=\"og:image:type\" content=\"image\/jpeg\" \/>\n<meta name=\"twitter:card\" content=\"summary_large_image\" \/>\n<meta name=\"twitter:label1\" content=\"Szacowany czas czytania\" \/>\n\t<meta name=\"twitter:data1\" content=\"1 minuta\" \/>\n<script type=\"application\/ld+json\" class=\"yoast-schema-graph\">{\"@context\":\"https:\/\/schema.org\",\"@graph\":[{\"@type\":\"WebPage\",\"@id\":\"https:\/\/fashiongold.lt\/pl\/papuosalas\/przynoszaca-szczescie-czerwona-bransoletka-sznurkowa-z-diamentem-czerwone-zloto-minimalistyczna\/\",\"url\":\"https:\/\/fashiongold.lt\/pl\/papuosalas\/przynoszaca-szczescie-czerwona-bransoletka-sznurkowa-z-diamentem-czerwone-zloto-minimalistyczna\/\",\"name\":\"Przynosz\u0105ca szcz\u0119\u015bcie czerwona bransoletka sznurkowa z diamentem, minimalistyczna\",\"isPartOf\":{\"@id\":\"https:\/\/fashiongold.lt\/pl\/#website\"},\"primaryImageOfPage\":{\"@id\":\"https:\/\/fashiongold.lt\/pl\/papuosalas\/przynoszaca-szczescie-czerwona-bransoletka-sznurkowa-z-diamentem-czerwone-zloto-minimalistyczna\/#primaryimage\"},\"image\":{\"@id\":\"https:\/\/fashiongold.lt\/pl\/papuosalas\/przynoszaca-szczescie-czerwona-bransoletka-sznurkowa-z-diamentem-czerwone-zloto-minimalistyczna\/#primaryimage\"},\"thumbnailUrl\":\"https:\/\/fashiongold.lt\/wp-content\/uploads\/2025\/10\/2379-7df-Laime-nesantis-raudonas-siulas-apyranke-su-deimantu-baltas-auksas-minimalistinis.jpg\",\"datePublished\":\"2025-10-09T19:32:41+00:00\",\"description\":\"Przynosz\u0105cy szcz\u0119\u015bcie: czerwona bransoletka sznurkowa z minimalistycznym detalem z r\u00f3\u017cowego z\u0142ota i naturalnym diamentem \u2013 styl, symbolizuje powodzenie i otaczaj\u0105c\u0105 energi\u0119 szcz\u0119\u015bcia.\",\"breadcrumb\":{\"@id\":\"https:\/\/fashiongold.lt\/pl\/papuosalas\/przynoszaca-szczescie-czerwona-bransoletka-sznurkowa-z-diamentem-czerwone-zloto-minimalistyczna\/#breadcrumb\"},\"inLanguage\":\"pl-PL\",\"potentialAction\":[{\"@type\":\"ReadAction\",\"target\":[\"https:\/\/fashiongold.lt\/pl\/papuosalas\/przynoszaca-szczescie-czerwona-bransoletka-sznurkowa-z-diamentem-czerwone-zloto-minimalistyczna\/\"]}]},{\"@type\":\"ImageObject\",\"inLanguage\":\"pl-PL\",\"@id\":\"https:\/\/fashiongold.lt\/pl\/papuosalas\/przynoszaca-szczescie-czerwona-bransoletka-sznurkowa-z-diamentem-czerwone-zloto-minimalistyczna\/#primaryimage\",\"url\":\"https:\/\/fashiongold.lt\/wp-content\/uploads\/2025\/10\/2379-7df-Laime-nesantis-raudonas-siulas-apyranke-su-deimantu-baltas-auksas-minimalistinis.jpg\",\"contentUrl\":\"https:\/\/fashiongold.lt\/wp-content\/uploads\/2025\/10\/2379-7df-Laime-nesantis-raudonas-siulas-apyranke-su-deimantu-baltas-auksas-minimalistinis.jpg\",\"width\":1200,\"height\":1600},{\"@type\":\"BreadcrumbList\",\"@id\":\"https:\/\/fashiongold.lt\/pl\/papuosalas\/przynoszaca-szczescie-czerwona-bransoletka-sznurkowa-z-diamentem-czerwone-zloto-minimalistyczna\/#breadcrumb\",\"itemListElement\":[{\"@type\":\"ListItem\",\"position\":1,\"name\":\"Home\",\"item\":\"https:\/\/fashiongold.lt\/pl\/\"},{\"@type\":\"ListItem\",\"position\":2,\"name\":\"Sklep z diamentami Fashiongold.lt\",\"item\":\"https:\/\/fashiongold.lt\/shop-2\/\"},{\"@type\":\"ListItem\",\"position\":3,\"name\":\"Przynosz\u0105ca szcz\u0119\u015bcie czerwona bransoletka sznurkowa z diamentem (czerwone z\u0142oto, minimalistyczna)\"}]},{\"@type\":\"WebSite\",\"@id\":\"https:\/\/fashiongold.lt\/pl\/#website\",\"url\":\"https:\/\/fashiongold.lt\/pl\/\",\"name\":\"Fashion Gold\",\"description\":\"Juvelyrikos namai\",\"publisher\":{\"@id\":\"https:\/\/fashiongold.lt\/pl\/#organization\"},\"potentialAction\":[{\"@type\":\"SearchAction\",\"target\":{\"@type\":\"EntryPoint\",\"urlTemplate\":\"https:\/\/fashiongold.lt\/pl\/?s={search_term_string}\"},\"query-input\":{\"@type\":\"PropertyValueSpecification\",\"valueRequired\":true,\"valueName\":\"search_term_string\"}}],\"inLanguage\":\"pl-PL\"},{\"@type\":\"Organization\",\"@id\":\"https:\/\/fashiongold.lt\/pl\/#organization\",\"name\":\"Topdiamonds Online\",\"url\":\"https:\/\/fashiongold.lt\/pl\/\",\"logo\":{\"@type\":\"ImageObject\",\"inLanguage\":\"pl-PL\",\"@id\":\"https:\/\/fashiongold.lt\/pl\/#\/schema\/logo\/image\/\",\"url\":\"https:\/\/fashiongold.lt\/wp-content\/uploads\/2025\/04\/cropped-fashion_gold_logotipas2-scaled-1.png\",\"contentUrl\":\"https:\/\/fashiongold.lt\/wp-content\/uploads\/2025\/04\/cropped-fashion_gold_logotipas2-scaled-1.png\",\"width\":2559,\"height\":421,\"caption\":\"Topdiamonds Online\"},\"image\":{\"@id\":\"https:\/\/fashiongold.lt\/pl\/#\/schema\/logo\/image\/\"}}]}<\/script>\n<!-- \/ Yoast SEO plugin. -->","yoast_head_json":{"title":"Przynosz\u0105ca szcz\u0119\u015bcie czerwona bransoletka sznurkowa z diamentem, minimalistyczna","description":"Przynosz\u0105cy szcz\u0119\u015bcie: czerwona bransoletka sznurkowa z minimalistycznym detalem z r\u00f3\u017cowego z\u0142ota i naturalnym diamentem \u2013 styl, symbolizuje powodzenie i otaczaj\u0105c\u0105 energi\u0119 szcz\u0119\u015bcia.","robots":{"index":"index","follow":"follow","max-snippet":"max-snippet:-1","max-image-preview":"max-image-preview:large","max-video-preview":"max-video-preview:-1"},"canonical":"https:\/\/fashiongold.lt\/pl\/papuosalas\/przynoszaca-szczescie-czerwona-bransoletka-sznurkowa-z-diamentem-czerwone-zloto-minimalistyczna\/","og_locale":"pl_PL","og_type":"article","og_title":"Przynosz\u0105ca szcz\u0119\u015bcie czerwona bransoletka sznurkowa z diamentem, minimalistyczna","og_description":"Przynosz\u0105cy szcz\u0119\u015bcie: czerwona bransoletka sznurkowa z minimalistycznym detalem z r\u00f3\u017cowego z\u0142ota i naturalnym diamentem \u2013 styl, symbolizuje powodzenie i otaczaj\u0105c\u0105 energi\u0119 szcz\u0119\u015bcia.","og_url":"https:\/\/fashiongold.lt\/pl\/papuosalas\/przynoszaca-szczescie-czerwona-bransoletka-sznurkowa-z-diamentem-czerwone-zloto-minimalistyczna\/","og_site_name":"FashionGold.lt","og_image":[{"width":1200,"height":1600,"url":"https:\/\/fashiongold.lt\/wp-content\/uploads\/2025\/10\/2379-7df-Laime-nesantis-raudonas-siulas-apyranke-su-deimantu-baltas-auksas-minimalistinis.webp","type":"image\/jpeg"}],"twitter_card":"summary_large_image","twitter_misc":{"Szacowany czas czytania":"1 minuta"},"schema":{"@context":"https:\/\/schema.org","@graph":[{"@type":"WebPage","@id":"https:\/\/fashiongold.lt\/pl\/papuosalas\/przynoszaca-szczescie-czerwona-bransoletka-sznurkowa-z-diamentem-czerwone-zloto-minimalistyczna\/","url":"https:\/\/fashiongold.lt\/pl\/papuosalas\/przynoszaca-szczescie-czerwona-bransoletka-sznurkowa-z-diamentem-czerwone-zloto-minimalistyczna\/","name":"Przynosz\u0105ca szcz\u0119\u015bcie czerwona bransoletka sznurkowa z diamentem, minimalistyczna","isPartOf":{"@id":"https:\/\/fashiongold.lt\/pl\/#website"},"primaryImageOfPage":{"@id":"https:\/\/fashiongold.lt\/pl\/papuosalas\/przynoszaca-szczescie-czerwona-bransoletka-sznurkowa-z-diamentem-czerwone-zloto-minimalistyczna\/#primaryimage"},"image":{"@id":"https:\/\/fashiongold.lt\/pl\/papuosalas\/przynoszaca-szczescie-czerwona-bransoletka-sznurkowa-z-diamentem-czerwone-zloto-minimalistyczna\/#primaryimage"},"thumbnailUrl":"https:\/\/fashiongold.lt\/wp-content\/uploads\/2025\/10\/2379-7df-Laime-nesantis-raudonas-siulas-apyranke-su-deimantu-baltas-auksas-minimalistinis.jpg","datePublished":"2025-10-09T19:32:41+00:00","description":"Przynosz\u0105cy szcz\u0119\u015bcie: czerwona bransoletka sznurkowa z minimalistycznym detalem z r\u00f3\u017cowego z\u0142ota i naturalnym diamentem \u2013 styl, symbolizuje powodzenie i otaczaj\u0105c\u0105 energi\u0119 szcz\u0119\u015bcia.","breadcrumb":{"@id":"https:\/\/fashiongold.lt\/pl\/papuosalas\/przynoszaca-szczescie-czerwona-bransoletka-sznurkowa-z-diamentem-czerwone-zloto-minimalistyczna\/#breadcrumb"},"inLanguage":"pl-PL","potentialAction":[{"@type":"ReadAction","target":["https:\/\/fashiongold.lt\/pl\/papuosalas\/przynoszaca-szczescie-czerwona-bransoletka-sznurkowa-z-diamentem-czerwone-zloto-minimalistyczna\/"]}]},{"@type":"ImageObject","inLanguage":"pl-PL","@id":"https:\/\/fashiongold.lt\/pl\/papuosalas\/przynoszaca-szczescie-czerwona-bransoletka-sznurkowa-z-diamentem-czerwone-zloto-minimalistyczna\/#primaryimage","url":"https:\/\/fashiongold.lt\/wp-content\/uploads\/2025\/10\/2379-7df-Laime-nesantis-raudonas-siulas-apyranke-su-deimantu-baltas-auksas-minimalistinis.jpg","contentUrl":"https:\/\/fashiongold.lt\/wp-content\/uploads\/2025\/10\/2379-7df-Laime-nesantis-raudonas-siulas-apyranke-su-deimantu-baltas-auksas-minimalistinis.jpg","width":1200,"height":1600},{"@type":"BreadcrumbList","@id":"https:\/\/fashiongold.lt\/pl\/papuosalas\/przynoszaca-szczescie-czerwona-bransoletka-sznurkowa-z-diamentem-czerwone-zloto-minimalistyczna\/#breadcrumb","itemListElement":[{"@type":"ListItem","position":1,"name":"Home","item":"https:\/\/fashiongold.lt\/pl\/"},{"@type":"ListItem","position":2,"name":"Sklep z diamentami Fashiongold.lt","item":"https:\/\/fashiongold.lt\/shop-2\/"},{"@type":"ListItem","position":3,"name":"Przynosz\u0105ca szcz\u0119\u015bcie czerwona bransoletka sznurkowa z diamentem (czerwone z\u0142oto, minimalistyczna)"}]},{"@type":"WebSite","@id":"https:\/\/fashiongold.lt\/pl\/#website","url":"https:\/\/fashiongold.lt\/pl\/","name":"Fashion Gold","description":"Juvelyrikos namai","publisher":{"@id":"https:\/\/fashiongold.lt\/pl\/#organization"},"potentialAction":[{"@type":"SearchAction","target":{"@type":"EntryPoint","urlTemplate":"https:\/\/fashiongold.lt\/pl\/?s={search_term_string}"},"query-input":{"@type":"PropertyValueSpecification","valueRequired":true,"valueName":"search_term_string"}}],"inLanguage":"pl-PL"},{"@type":"Organization","@id":"https:\/\/fashiongold.lt\/pl\/#organization","name":"Topdiamonds Online","url":"https:\/\/fashiongold.lt\/pl\/","logo":{"@type":"ImageObject","inLanguage":"pl-PL","@id":"https:\/\/fashiongold.lt\/pl\/#\/schema\/logo\/image\/","url":"https:\/\/fashiongold.lt\/wp-content\/uploads\/2025\/04\/cropped-fashion_gold_logotipas2-scaled-1.png","contentUrl":"https:\/\/fashiongold.lt\/wp-content\/uploads\/2025\/04\/cropped-fashion_gold_logotipas2-scaled-1.png","width":2559,"height":421,"caption":"Topdiamonds Online"},"image":{"@id":"https:\/\/fashiongold.lt\/pl\/#\/schema\/logo\/image\/"}}]}},"_links":{"self":[{"href":"https:\/\/fashiongold.lt\/pl\/wp-json\/wp\/v2\/product\/291500","targetHints":{"allow":["GET"]}}],"collection":[{"href":"https:\/\/fashiongold.lt\/pl\/wp-json\/wp\/v2\/product"}],"about":[{"href":"https:\/\/fashiongold.lt\/pl\/wp-json\/wp\/v2\/types\/product"}],"version-history":[{"count":0,"href":"https:\/\/fashiongold.lt\/pl\/wp-json\/wp\/v2\/product\/291500\/revisions"}],"wp:featuredmedia":[{"embeddable":true,"href":"https:\/\/fashiongold.lt\/pl\/wp-json\/wp\/v2\/media\/62023"}],"wp:attachment":[{"href":"https:\/\/fashiongold.lt\/pl\/wp-json\/wp\/v2\/media?parent=291500"}],"wp:term":[{"taxonomy":"product_brand","embeddable":true,"href":"https:\/\/fashiongold.lt\/pl\/wp-json\/wp\/v2\/product_brand?post=291500"},{"taxonomy":"product_cat","embeddable":true,"href":"https:\/\/fashiongold.lt\/pl\/wp-json\/wp\/v2\/product_cat?post=291500"},{"taxonomy":"product_tag","embeddable":true,"href":"https:\/\/fashiongold.lt\/pl\/wp-json\/wp\/v2\/product_tag?post=291500"}],"curies":[{"name":"wp","href":"https:\/\/api.w.org\/{rel}","templated":true}]}}