{"id":291969,"date":"2025-10-10T01:21:39","date_gmt":"2025-10-10T01:21:39","guid":{"rendered":"https:\/\/fashiongold.lt\/papuosalas\/diamentowa-obraczka-z-bialego-zlota-droga-diamentowa-168-ct\/"},"modified":"2025-10-10T01:21:39","modified_gmt":"2025-10-10T01:21:39","slug":"diamentowa-obraczka-z-bialego-zlota-droga-diamentowa-168-ct","status":"publish","type":"product","link":"https:\/\/fashiongold.lt\/pl\/papuosalas\/diamentowa-obraczka-z-bialego-zlota-droga-diamentowa-168-ct\/","title":{"rendered":"Diamentowa obr\u0105czka z bia\u0142ego z\u0142ota \u2013 Droga Diamentowa (1,68 ct)"},"content":{"rendered":"<p>Wyprodukowano na Litwie. Pier\u015bcionek mo\u017ce zosta\u0107 wykonany na zam\u00f3wienie: z czerwonego, \u017c\u00f3\u0142tego oraz bia\u0142ego z\u0142ota.<\/p>\n<p>\u2022 Typ diamentu: Naturalny diament<\/p>\n<p>\u2022 Kszta\u0142t diamentu: Okr\u0105g\u0142y kszta\u0142t (Round cut)<\/p>\n<p>\u2022 Charakterystyka diamentu: 1,68 ct, kolor H-I(W-STW); czysto\u015b\u0107 SI<\/p>\n<p>\u2022 Certyfikat: Litewska Izba Probiercza (LPR)<\/p>\n<p>\u2022 Z\u0142oto: 14K (pr\u00f3ba 585)<\/p>\n<p>\u2022 Kolor pier\u015bcionka: bia\u0142e z\u0142oto<\/p>\n<p>\u2022 Waga pier\u015bcionka: oko\u0142o 3,25-3,65 g<\/p>\n<p>\u2022 Wymiary pier\u015bcionka: szeroko\u015b\u0107 2,70 mm<\/p>\n","protected":false},"excerpt":{"rendered":"<p>Diamentowa obr\u0105czka z bia\u0142ego z\u0142ota, ozdobiona luksusowymi diamentami, kt\u00f3re tworz\u0105 l\u015bni\u0105c\u0105 i b\u0142yszcz\u0105c\u0105 lini\u0119 na Twoim palcu. Ten diamentowy pier\u015bcionek to doskona\u0142y wyb\u00f3r do noszenia w zestawie z innymi pier\u015bcionkami, niezale\u017cnie od tego, czy s\u0105 to zar\u0119czyny, \u015blub, czy inne wyj\u0105tkowe okazje. Jego elegancki design pozwala na noszenie go na co dzie\u0144 i stanowi idealne dope\u0142nienie podczas specjalnych wydarze\u0144.<\/p>\n","protected":false},"featured_media":0,"template":"","meta":{"site-sidebar-layout":"","site-content-layout":"","ast-site-content-layout":"","site-content-style":"","site-sidebar-style":"","ast-global-header-display":"","ast-banner-title-visibility":"","ast-main-header-display":"","ast-hfb-above-header-display":"","ast-hfb-below-header-display":"","ast-hfb-mobile-header-display":"","site-post-title":"","ast-breadcrumbs-content":"","ast-featured-img":"","footer-sml-layout":"","ast-disable-related-posts":"","theme-transparent-header-meta":"","adv-header-id-meta":"","stick-header-meta":"","header-above-stick-meta":"","header-main-stick-meta":"","header-below-stick-meta":"","astra-migrate-meta-layouts":"default","ast-page-background-enabled":"default","ast-page-background-meta":{"desktop":{"background-color":"var(--ast-global-color-4)","background-image":"","background-repeat":"repeat","background-position":"center center","background-size":"auto","background-attachment":"scroll","background-type":"","background-media":"","overlay-type":"","overlay-color":"","overlay-opacity":"","overlay-gradient":""},"tablet":{"background-color":"","background-image":"","background-repeat":"repeat","background-position":"center center","background-size":"auto","background-attachment":"scroll","background-type":"","background-media":"","overlay-type":"","overlay-color":"","overlay-opacity":"","overlay-gradient":""},"mobile":{"background-color":"","background-image":"","background-repeat":"repeat","background-position":"center center","background-size":"auto","background-attachment":"scroll","background-type":"","background-media":"","overlay-type":"","overlay-color":"","overlay-opacity":"","overlay-gradient":""}},"ast-content-background-meta":{"desktop":{"background-color":"var(--ast-global-color-5)","background-image":"","background-repeat":"repeat","background-position":"center center","background-size":"auto","background-attachment":"scroll","background-type":"","background-media":"","overlay-type":"","overlay-color":"","overlay-opacity":"","overlay-gradient":""},"tablet":{"background-color":"var(--ast-global-color-5)","background-image":"","background-repeat":"repeat","background-position":"center center","background-size":"auto","background-attachment":"scroll","background-type":"","background-media":"","overlay-type":"","overlay-color":"","overlay-opacity":"","overlay-gradient":""},"mobile":{"background-color":"var(--ast-global-color-5)","background-image":"","background-repeat":"repeat","background-position":"center center","background-size":"auto","background-attachment":"scroll","background-type":"","background-media":"","overlay-type":"","overlay-color":"","overlay-opacity":"","overlay-gradient":""}}},"product_brand":[],"product_cat":[3044,2858,3373,3661,2864,2862,2863,3302,3303,3301,3305,3237,2853,2856,2875,2876,2860,2857,2854,2855,3169,2859,2852],"product_tag":[],"class_list":{"0":"post-291969","1":"product","2":"type-product","3":"status-publish","5":"product_cat-bizuteria","6":"product_cat-bizuteria-z-bialego-zlota","7":"product_cat-damskie-obraczki-slubne","8":"product_cat-diamentowa-obraczka-z-brylantami","9":"product_cat-diamentowe-obraczki-do-polowy","10":"product_cat-diamentowe-obraczki-z-bialego-zlota","11":"product_cat-diamentowe-paski","12":"product_cat-klasyczne-obraczki-slubne","13":"product_cat-obraczki-slubne","14":"product_cat-obraczki-slubne-z-bialego-zlota","15":"product_cat-obraczki-slubne-z-diamentami","16":"product_cat-pierscionki-z-diamentami","17":"product_cat-prezenty-dla-kobiet","18":"product_cat-prezenty-dla-mezczyzn","19":"product_cat-prezenty-na-dzien-matki","20":"product_cat-prezenty-na-walentynki","21":"product_cat-prezenty-na-wyjatkowe-okazje","22":"product_cat-prezenty-swiateczne","23":"product_cat-prezenty-z-okazji-narodzin-dziecka","24":"product_cat-prezenty-z-okazji-rocznicy-slubu","25":"product_cat-prezenty-z-okazji-slubu","26":"product_cat-prezenty-z-okazji-ukonczenia-szkoly","27":"product_cat-prezenty-z-okazji-urodzin","28":"desktop-align-center","29":"tablet-align-left","30":"mobile-align-left","31":"ast-product-gallery-layout-horizontal-slider","32":"ast-product-gallery-with-no-image","33":"ast-product-single-variable","34":"ast-product-tabs-layout-accordion","35":"ast-qv-on-image","37":"first","38":"instock","39":"taxable","40":"shipping-taxable","41":"purchasable","42":"product-type-variable"},"yoast_head":"<!-- This site is optimized with the Yoast SEO plugin v26.6 - https:\/\/yoast.com\/wordpress\/plugins\/seo\/ -->\n<title>Diamentowa obr\u0105czka z bia\u0142ego z\u0142ota z diamentami 1,68 ct<\/title>\n<meta name=\"description\" content=\"Ten pier\u015bcionek z diamentem to doskona\u0142y wyb\u00f3r do noszenia wraz z innymi pier\u015bcionkami, niezale\u017cnie od tego, czy s\u0105 to zar\u0119czyny, \u015blub, czy inne wyj\u0105tkowe chwile. Wyprodukowano na Litwie.\" \/>\n<meta name=\"robots\" content=\"index, follow, max-snippet:-1, max-image-preview:large, max-video-preview:-1\" \/>\n<link rel=\"canonical\" href=\"https:\/\/fashiongold.lt\/pl\/papuosalas\/diamentowa-obraczka-z-bialego-zlota-droga-diamentowa-168-ct\/\" \/>\n<meta property=\"og:locale\" content=\"pl_PL\" \/>\n<meta property=\"og:type\" content=\"article\" \/>\n<meta property=\"og:title\" content=\"Diamentowa obr\u0105czka z bia\u0142ego z\u0142ota z diamentami 1,68 ct\" \/>\n<meta property=\"og:description\" content=\"Ten pier\u015bcionek z diamentem to doskona\u0142y wyb\u00f3r do noszenia wraz z innymi pier\u015bcionkami, niezale\u017cnie od tego, czy s\u0105 to zar\u0119czyny, \u015blub, czy inne wyj\u0105tkowe chwile. Wyprodukowano na Litwie.\" \/>\n<meta property=\"og:url\" content=\"https:\/\/fashiongold.lt\/pl\/papuosalas\/diamentowa-obraczka-z-bialego-zlota-droga-diamentowa-168-ct\/\" \/>\n<meta property=\"og:site_name\" content=\"FashionGold.lt\" \/>\n<meta name=\"twitter:card\" content=\"summary_large_image\" \/>\n<script type=\"application\/ld+json\" class=\"yoast-schema-graph\">{\"@context\":\"https:\/\/schema.org\",\"@graph\":[{\"@type\":\"WebPage\",\"@id\":\"https:\/\/fashiongold.lt\/pl\/papuosalas\/diamentowa-obraczka-z-bialego-zlota-droga-diamentowa-168-ct\/\",\"url\":\"https:\/\/fashiongold.lt\/pl\/papuosalas\/diamentowa-obraczka-z-bialego-zlota-droga-diamentowa-168-ct\/\",\"name\":\"Diamentowa obr\u0105czka z bia\u0142ego z\u0142ota z diamentami 1,68 ct\",\"isPartOf\":{\"@id\":\"https:\/\/fashiongold.lt\/pl\/#website\"},\"datePublished\":\"2025-10-10T01:21:39+00:00\",\"description\":\"Ten pier\u015bcionek z diamentem to doskona\u0142y wyb\u00f3r do noszenia wraz z innymi pier\u015bcionkami, niezale\u017cnie od tego, czy s\u0105 to zar\u0119czyny, \u015blub, czy inne wyj\u0105tkowe chwile. Wyprodukowano na Litwie.\",\"breadcrumb\":{\"@id\":\"https:\/\/fashiongold.lt\/pl\/papuosalas\/diamentowa-obraczka-z-bialego-zlota-droga-diamentowa-168-ct\/#breadcrumb\"},\"inLanguage\":\"pl-PL\",\"potentialAction\":[{\"@type\":\"ReadAction\",\"target\":[\"https:\/\/fashiongold.lt\/pl\/papuosalas\/diamentowa-obraczka-z-bialego-zlota-droga-diamentowa-168-ct\/\"]}]},{\"@type\":\"BreadcrumbList\",\"@id\":\"https:\/\/fashiongold.lt\/pl\/papuosalas\/diamentowa-obraczka-z-bialego-zlota-droga-diamentowa-168-ct\/#breadcrumb\",\"itemListElement\":[{\"@type\":\"ListItem\",\"position\":1,\"name\":\"Home\",\"item\":\"https:\/\/fashiongold.lt\/pl\/\"},{\"@type\":\"ListItem\",\"position\":2,\"name\":\"Sklep z diamentami Fashiongold.lt\",\"item\":\"https:\/\/fashiongold.lt\/shop-2\/\"},{\"@type\":\"ListItem\",\"position\":3,\"name\":\"Diamentowa obr\u0105czka z bia\u0142ego z\u0142ota \u2013 Droga Diamentowa (1,68 ct)\"}]},{\"@type\":\"WebSite\",\"@id\":\"https:\/\/fashiongold.lt\/pl\/#website\",\"url\":\"https:\/\/fashiongold.lt\/pl\/\",\"name\":\"Fashion Gold\",\"description\":\"Juvelyrikos namai\",\"publisher\":{\"@id\":\"https:\/\/fashiongold.lt\/pl\/#organization\"},\"potentialAction\":[{\"@type\":\"SearchAction\",\"target\":{\"@type\":\"EntryPoint\",\"urlTemplate\":\"https:\/\/fashiongold.lt\/pl\/?s={search_term_string}\"},\"query-input\":{\"@type\":\"PropertyValueSpecification\",\"valueRequired\":true,\"valueName\":\"search_term_string\"}}],\"inLanguage\":\"pl-PL\"},{\"@type\":\"Organization\",\"@id\":\"https:\/\/fashiongold.lt\/pl\/#organization\",\"name\":\"Topdiamonds Online\",\"url\":\"https:\/\/fashiongold.lt\/pl\/\",\"logo\":{\"@type\":\"ImageObject\",\"inLanguage\":\"pl-PL\",\"@id\":\"https:\/\/fashiongold.lt\/pl\/#\/schema\/logo\/image\/\",\"url\":\"https:\/\/fashiongold.lt\/wp-content\/uploads\/2025\/04\/cropped-fashion_gold_logotipas2-scaled-1.png\",\"contentUrl\":\"https:\/\/fashiongold.lt\/wp-content\/uploads\/2025\/04\/cropped-fashion_gold_logotipas2-scaled-1.png\",\"width\":2559,\"height\":421,\"caption\":\"Topdiamonds Online\"},\"image\":{\"@id\":\"https:\/\/fashiongold.lt\/pl\/#\/schema\/logo\/image\/\"}}]}<\/script>\n<!-- \/ Yoast SEO plugin. -->","yoast_head_json":{"title":"Diamentowa obr\u0105czka z bia\u0142ego z\u0142ota z diamentami 1,68 ct","description":"Ten pier\u015bcionek z diamentem to doskona\u0142y wyb\u00f3r do noszenia wraz z innymi pier\u015bcionkami, niezale\u017cnie od tego, czy s\u0105 to zar\u0119czyny, \u015blub, czy inne wyj\u0105tkowe chwile. Wyprodukowano na Litwie.","robots":{"index":"index","follow":"follow","max-snippet":"max-snippet:-1","max-image-preview":"max-image-preview:large","max-video-preview":"max-video-preview:-1"},"canonical":"https:\/\/fashiongold.lt\/pl\/papuosalas\/diamentowa-obraczka-z-bialego-zlota-droga-diamentowa-168-ct\/","og_locale":"pl_PL","og_type":"article","og_title":"Diamentowa obr\u0105czka z bia\u0142ego z\u0142ota z diamentami 1,68 ct","og_description":"Ten pier\u015bcionek z diamentem to doskona\u0142y wyb\u00f3r do noszenia wraz z innymi pier\u015bcionkami, niezale\u017cnie od tego, czy s\u0105 to zar\u0119czyny, \u015blub, czy inne wyj\u0105tkowe chwile. Wyprodukowano na Litwie.","og_url":"https:\/\/fashiongold.lt\/pl\/papuosalas\/diamentowa-obraczka-z-bialego-zlota-droga-diamentowa-168-ct\/","og_site_name":"FashionGold.lt","twitter_card":"summary_large_image","schema":{"@context":"https:\/\/schema.org","@graph":[{"@type":"WebPage","@id":"https:\/\/fashiongold.lt\/pl\/papuosalas\/diamentowa-obraczka-z-bialego-zlota-droga-diamentowa-168-ct\/","url":"https:\/\/fashiongold.lt\/pl\/papuosalas\/diamentowa-obraczka-z-bialego-zlota-droga-diamentowa-168-ct\/","name":"Diamentowa obr\u0105czka z bia\u0142ego z\u0142ota z diamentami 1,68 ct","isPartOf":{"@id":"https:\/\/fashiongold.lt\/pl\/#website"},"datePublished":"2025-10-10T01:21:39+00:00","description":"Ten pier\u015bcionek z diamentem to doskona\u0142y wyb\u00f3r do noszenia wraz z innymi pier\u015bcionkami, niezale\u017cnie od tego, czy s\u0105 to zar\u0119czyny, \u015blub, czy inne wyj\u0105tkowe chwile. Wyprodukowano na Litwie.","breadcrumb":{"@id":"https:\/\/fashiongold.lt\/pl\/papuosalas\/diamentowa-obraczka-z-bialego-zlota-droga-diamentowa-168-ct\/#breadcrumb"},"inLanguage":"pl-PL","potentialAction":[{"@type":"ReadAction","target":["https:\/\/fashiongold.lt\/pl\/papuosalas\/diamentowa-obraczka-z-bialego-zlota-droga-diamentowa-168-ct\/"]}]},{"@type":"BreadcrumbList","@id":"https:\/\/fashiongold.lt\/pl\/papuosalas\/diamentowa-obraczka-z-bialego-zlota-droga-diamentowa-168-ct\/#breadcrumb","itemListElement":[{"@type":"ListItem","position":1,"name":"Home","item":"https:\/\/fashiongold.lt\/pl\/"},{"@type":"ListItem","position":2,"name":"Sklep z diamentami Fashiongold.lt","item":"https:\/\/fashiongold.lt\/shop-2\/"},{"@type":"ListItem","position":3,"name":"Diamentowa obr\u0105czka z bia\u0142ego z\u0142ota \u2013 Droga Diamentowa (1,68 ct)"}]},{"@type":"WebSite","@id":"https:\/\/fashiongold.lt\/pl\/#website","url":"https:\/\/fashiongold.lt\/pl\/","name":"Fashion Gold","description":"Juvelyrikos namai","publisher":{"@id":"https:\/\/fashiongold.lt\/pl\/#organization"},"potentialAction":[{"@type":"SearchAction","target":{"@type":"EntryPoint","urlTemplate":"https:\/\/fashiongold.lt\/pl\/?s={search_term_string}"},"query-input":{"@type":"PropertyValueSpecification","valueRequired":true,"valueName":"search_term_string"}}],"inLanguage":"pl-PL"},{"@type":"Organization","@id":"https:\/\/fashiongold.lt\/pl\/#organization","name":"Topdiamonds Online","url":"https:\/\/fashiongold.lt\/pl\/","logo":{"@type":"ImageObject","inLanguage":"pl-PL","@id":"https:\/\/fashiongold.lt\/pl\/#\/schema\/logo\/image\/","url":"https:\/\/fashiongold.lt\/wp-content\/uploads\/2025\/04\/cropped-fashion_gold_logotipas2-scaled-1.png","contentUrl":"https:\/\/fashiongold.lt\/wp-content\/uploads\/2025\/04\/cropped-fashion_gold_logotipas2-scaled-1.png","width":2559,"height":421,"caption":"Topdiamonds Online"},"image":{"@id":"https:\/\/fashiongold.lt\/pl\/#\/schema\/logo\/image\/"}}]}},"_links":{"self":[{"href":"https:\/\/fashiongold.lt\/pl\/wp-json\/wp\/v2\/product\/291969","targetHints":{"allow":["GET"]}}],"collection":[{"href":"https:\/\/fashiongold.lt\/pl\/wp-json\/wp\/v2\/product"}],"about":[{"href":"https:\/\/fashiongold.lt\/pl\/wp-json\/wp\/v2\/types\/product"}],"version-history":[{"count":0,"href":"https:\/\/fashiongold.lt\/pl\/wp-json\/wp\/v2\/product\/291969\/revisions"}],"wp:attachment":[{"href":"https:\/\/fashiongold.lt\/pl\/wp-json\/wp\/v2\/media?parent=291969"}],"wp:term":[{"taxonomy":"product_brand","embeddable":true,"href":"https:\/\/fashiongold.lt\/pl\/wp-json\/wp\/v2\/product_brand?post=291969"},{"taxonomy":"product_cat","embeddable":true,"href":"https:\/\/fashiongold.lt\/pl\/wp-json\/wp\/v2\/product_cat?post=291969"},{"taxonomy":"product_tag","embeddable":true,"href":"https:\/\/fashiongold.lt\/pl\/wp-json\/wp\/v2\/product_tag?post=291969"}],"curies":[{"name":"wp","href":"https:\/\/api.w.org\/{rel}","templated":true}]}}