{"id":291989,"date":"2025-10-10T01:14:28","date_gmt":"2025-10-10T01:14:28","guid":{"rendered":"https:\/\/fashiongold.lt\/papuosalas\/klasyczny-pierscionek-z-zoltego-zlota-z-diamentami-strazniczka-tajemnicy-070-ct-h-si\/"},"modified":"2025-10-10T01:14:28","modified_gmt":"2025-10-10T01:14:28","slug":"klasyczny-pierscionek-z-zoltego-zlota-z-diamentami-strazniczka-tajemnicy-070-ct-h-si","status":"publish","type":"product","link":"https:\/\/fashiongold.lt\/pl\/papuosalas\/klasyczny-pierscionek-z-zoltego-zlota-z-diamentami-strazniczka-tajemnicy-070-ct-h-si\/","title":{"rendered":"Klasyczny pier\u015bcionek z \u017c\u00f3\u0142tego z\u0142ota z diamentami \u2013 Stra\u017cniczka Tajemnicy (0,70 ct H\/SI)"},"content":{"rendered":"<p>Wyprodukowano na Litwie. Pier\u015bcionek mo\u017ce zosta\u0107 wykonany na zam\u00f3wienie: z czerwonego, \u017c\u00f3\u0142tego oraz bia\u0142ego z\u0142ota.<\/p>\n<p>\u2022 Typ diamentu: Naturalny diament<\/p>\n<p>\u2022 Kszta\u0142t diamentu: Okr\u0105g\u0142y (Round cut)<\/p>\n<p>\u2022 Charakterystyka diamentu: 0,70 ct, kolor H (W); czysto\u015b\u0107 SI2<\/p>\n<p>\u2022 Certyfikat: Litewski Urz\u0105d Probierczy (LPR) oraz certyfikat mi\u0119dzynarodowy<\/p>\n<p>\u2022 Z\u0142oto: 14K (pr\u00f3ba 585)<\/p>\n<p>\u2022 Kolor pier\u015bcionka: \u017c\u00f3\u0142te z\u0142oto<\/p>\n<p>\u2022 Waga pier\u015bcionka: oko\u0142o 2,00 &#8211; 2,60 g<\/p>\n<p>\u2022 Wymiary pier\u015bcionka: szeroko\u015b\u0107 obr\u0105czki &#8211; 2,75 mm, rozmiar korony &#8211; 4,95 mm.<\/p>\n","protected":false},"excerpt":{"rendered":"<p>Pier\u015bcionek z \u017c\u00f3\u0142tego z\u0142ota z diamentem o masie 0,70 ct i wyj\u0105tkow\u0105 koron\u0105 z sze\u015bcioma \u0142apkami, kt\u00f3re zdaj\u0105 si\u0119 przeplata\u0107, bezpiecznie trzymaj\u0105c diament. Pier\u015bcionek ten jest bardzo wygodny dzi\u0119ki niskiej koronie, co sprawia, \u017ce idealnie nadaje si\u0119 do noszenia na co dzie\u0144. To wyj\u0105tkowy design, kt\u00f3ry doskonale sprawdzi si\u0119 zar\u00f3wno na zar\u0119czyny, jak i na szczeg\u00f3lne okazje.<\/p>\n","protected":false},"featured_media":0,"template":"","meta":{"site-sidebar-layout":"","site-content-layout":"","ast-site-content-layout":"","site-content-style":"","site-sidebar-style":"","ast-global-header-display":"","ast-banner-title-visibility":"","ast-main-header-display":"","ast-hfb-above-header-display":"","ast-hfb-below-header-display":"","ast-hfb-mobile-header-display":"","site-post-title":"","ast-breadcrumbs-content":"","ast-featured-img":"","footer-sml-layout":"","ast-disable-related-posts":"","theme-transparent-header-meta":"","adv-header-id-meta":"","stick-header-meta":"","header-above-stick-meta":"","header-main-stick-meta":"","header-below-stick-meta":"","astra-migrate-meta-layouts":"default","ast-page-background-enabled":"default","ast-page-background-meta":{"desktop":{"background-color":"var(--ast-global-color-4)","background-image":"","background-repeat":"repeat","background-position":"center center","background-size":"auto","background-attachment":"scroll","background-type":"","background-media":"","overlay-type":"","overlay-color":"","overlay-opacity":"","overlay-gradient":""},"tablet":{"background-color":"","background-image":"","background-repeat":"repeat","background-position":"center center","background-size":"auto","background-attachment":"scroll","background-type":"","background-media":"","overlay-type":"","overlay-color":"","overlay-opacity":"","overlay-gradient":""},"mobile":{"background-color":"","background-image":"","background-repeat":"repeat","background-position":"center center","background-size":"auto","background-attachment":"scroll","background-type":"","background-media":"","overlay-type":"","overlay-color":"","overlay-opacity":"","overlay-gradient":""}},"ast-content-background-meta":{"desktop":{"background-color":"var(--ast-global-color-5)","background-image":"","background-repeat":"repeat","background-position":"center center","background-size":"auto","background-attachment":"scroll","background-type":"","background-media":"","overlay-type":"","overlay-color":"","overlay-opacity":"","overlay-gradient":""},"tablet":{"background-color":"var(--ast-global-color-5)","background-image":"","background-repeat":"repeat","background-position":"center center","background-size":"auto","background-attachment":"scroll","background-type":"","background-media":"","overlay-type":"","overlay-color":"","overlay-opacity":"","overlay-gradient":""},"mobile":{"background-color":"var(--ast-global-color-5)","background-image":"","background-repeat":"repeat","background-position":"center center","background-size":"auto","background-attachment":"scroll","background-type":"","background-media":"","overlay-type":"","overlay-color":"","overlay-opacity":"","overlay-gradient":""}}},"product_brand":[],"product_cat":[3044,2861,3238,3237,3232,3234,2853,2875,2876,2860,2857,2854,2855,3169,2859,2852],"product_tag":[],"class_list":{"0":"post-291989","1":"product","2":"type-product","3":"status-publish","5":"product_cat-bizuteria","6":"product_cat-bizuteria-z-zoltego-zlota","7":"product_cat-klasyczne-pierscionki-zareczynowe","8":"product_cat-pierscionki-z-diamentami","9":"product_cat-pierscionki-zareczynowe","10":"product_cat-pierscionki-zareczynowe-z-zoltego-zlota","11":"product_cat-prezenty-dla-kobiet","12":"product_cat-prezenty-na-dzien-matki","13":"product_cat-prezenty-na-walentynki","14":"product_cat-prezenty-na-wyjatkowe-okazje","15":"product_cat-prezenty-swiateczne","16":"product_cat-prezenty-z-okazji-narodzin-dziecka","17":"product_cat-prezenty-z-okazji-rocznicy-slubu","18":"product_cat-prezenty-z-okazji-slubu","19":"product_cat-prezenty-z-okazji-ukonczenia-szkoly","20":"product_cat-prezenty-z-okazji-urodzin","21":"desktop-align-center","22":"tablet-align-left","23":"mobile-align-left","24":"ast-product-gallery-layout-horizontal-slider","25":"ast-product-gallery-with-no-image","26":"ast-product-single-variable","27":"ast-product-tabs-layout-accordion","28":"ast-qv-on-image","30":"first","31":"instock","32":"taxable","33":"shipping-taxable","34":"purchasable","35":"product-type-variable"},"yoast_head":"<!-- This site is optimized with the Yoast SEO plugin v26.6 - https:\/\/yoast.com\/wordpress\/plugins\/seo\/ -->\n<title>Stra\u017cniczka Tajemnicy - pier\u015bcionek z \u017c\u00f3\u0142tego z\u0142ota z diamentami (0,70 ct)<\/title>\n<meta name=\"description\" content=\"Wyj\u0105tkowa korona, kt\u00f3rej \u0142apki zdaj\u0105 si\u0119 przeplata\u0107, podtrzymuj\u0105c diament. Idealnie nadaje si\u0119 do noszenia na co dzie\u0144. Doskona\u0142a na zar\u0119czyny i specjalne okazje.\" \/>\n<meta name=\"robots\" content=\"index, follow, max-snippet:-1, max-image-preview:large, max-video-preview:-1\" \/>\n<link rel=\"canonical\" href=\"https:\/\/fashiongold.lt\/pl\/papuosalas\/klasyczny-pierscionek-z-zoltego-zlota-z-diamentami-strazniczka-tajemnicy-070-ct-h-si\/\" \/>\n<meta property=\"og:locale\" content=\"pl_PL\" \/>\n<meta property=\"og:type\" content=\"article\" \/>\n<meta property=\"og:title\" content=\"Stra\u017cniczka Tajemnicy - pier\u015bcionek z \u017c\u00f3\u0142tego z\u0142ota z diamentami (0,70 ct)\" \/>\n<meta property=\"og:description\" content=\"Wyj\u0105tkowa korona, kt\u00f3rej \u0142apki zdaj\u0105 si\u0119 przeplata\u0107, podtrzymuj\u0105c diament. Idealnie nadaje si\u0119 do noszenia na co dzie\u0144. Doskona\u0142a na zar\u0119czyny i specjalne okazje.\" \/>\n<meta property=\"og:url\" content=\"https:\/\/fashiongold.lt\/pl\/papuosalas\/klasyczny-pierscionek-z-zoltego-zlota-z-diamentami-strazniczka-tajemnicy-070-ct-h-si\/\" \/>\n<meta property=\"og:site_name\" content=\"FashionGold.lt\" \/>\n<meta name=\"twitter:card\" content=\"summary_large_image\" \/>\n<script type=\"application\/ld+json\" class=\"yoast-schema-graph\">{\"@context\":\"https:\/\/schema.org\",\"@graph\":[{\"@type\":\"WebPage\",\"@id\":\"https:\/\/fashiongold.lt\/pl\/papuosalas\/klasyczny-pierscionek-z-zoltego-zlota-z-diamentami-strazniczka-tajemnicy-070-ct-h-si\/\",\"url\":\"https:\/\/fashiongold.lt\/pl\/papuosalas\/klasyczny-pierscionek-z-zoltego-zlota-z-diamentami-strazniczka-tajemnicy-070-ct-h-si\/\",\"name\":\"Stra\u017cniczka Tajemnicy - pier\u015bcionek z \u017c\u00f3\u0142tego z\u0142ota z diamentami (0,70 ct)\",\"isPartOf\":{\"@id\":\"https:\/\/fashiongold.lt\/pl\/#website\"},\"datePublished\":\"2025-10-10T01:14:28+00:00\",\"description\":\"Wyj\u0105tkowa korona, kt\u00f3rej \u0142apki zdaj\u0105 si\u0119 przeplata\u0107, podtrzymuj\u0105c diament. Idealnie nadaje si\u0119 do noszenia na co dzie\u0144. Doskona\u0142a na zar\u0119czyny i specjalne okazje.\",\"breadcrumb\":{\"@id\":\"https:\/\/fashiongold.lt\/pl\/papuosalas\/klasyczny-pierscionek-z-zoltego-zlota-z-diamentami-strazniczka-tajemnicy-070-ct-h-si\/#breadcrumb\"},\"inLanguage\":\"pl-PL\",\"potentialAction\":[{\"@type\":\"ReadAction\",\"target\":[\"https:\/\/fashiongold.lt\/pl\/papuosalas\/klasyczny-pierscionek-z-zoltego-zlota-z-diamentami-strazniczka-tajemnicy-070-ct-h-si\/\"]}]},{\"@type\":\"BreadcrumbList\",\"@id\":\"https:\/\/fashiongold.lt\/pl\/papuosalas\/klasyczny-pierscionek-z-zoltego-zlota-z-diamentami-strazniczka-tajemnicy-070-ct-h-si\/#breadcrumb\",\"itemListElement\":[{\"@type\":\"ListItem\",\"position\":1,\"name\":\"Home\",\"item\":\"https:\/\/fashiongold.lt\/pl\/\"},{\"@type\":\"ListItem\",\"position\":2,\"name\":\"Sklep z diamentami Fashiongold.lt\",\"item\":\"https:\/\/fashiongold.lt\/shop-2\/\"},{\"@type\":\"ListItem\",\"position\":3,\"name\":\"Klasyczny pier\u015bcionek z \u017c\u00f3\u0142tego z\u0142ota z diamentami \u2013 Stra\u017cniczka Tajemnicy (0,70 ct H\/SI)\"}]},{\"@type\":\"WebSite\",\"@id\":\"https:\/\/fashiongold.lt\/pl\/#website\",\"url\":\"https:\/\/fashiongold.lt\/pl\/\",\"name\":\"Fashion Gold\",\"description\":\"Juvelyrikos namai\",\"publisher\":{\"@id\":\"https:\/\/fashiongold.lt\/pl\/#organization\"},\"potentialAction\":[{\"@type\":\"SearchAction\",\"target\":{\"@type\":\"EntryPoint\",\"urlTemplate\":\"https:\/\/fashiongold.lt\/pl\/?s={search_term_string}\"},\"query-input\":{\"@type\":\"PropertyValueSpecification\",\"valueRequired\":true,\"valueName\":\"search_term_string\"}}],\"inLanguage\":\"pl-PL\"},{\"@type\":\"Organization\",\"@id\":\"https:\/\/fashiongold.lt\/pl\/#organization\",\"name\":\"Topdiamonds Online\",\"url\":\"https:\/\/fashiongold.lt\/pl\/\",\"logo\":{\"@type\":\"ImageObject\",\"inLanguage\":\"pl-PL\",\"@id\":\"https:\/\/fashiongold.lt\/pl\/#\/schema\/logo\/image\/\",\"url\":\"https:\/\/fashiongold.lt\/wp-content\/uploads\/2025\/04\/cropped-fashion_gold_logotipas2-scaled-1.png\",\"contentUrl\":\"https:\/\/fashiongold.lt\/wp-content\/uploads\/2025\/04\/cropped-fashion_gold_logotipas2-scaled-1.png\",\"width\":2559,\"height\":421,\"caption\":\"Topdiamonds Online\"},\"image\":{\"@id\":\"https:\/\/fashiongold.lt\/pl\/#\/schema\/logo\/image\/\"}}]}<\/script>\n<!-- \/ Yoast SEO plugin. -->","yoast_head_json":{"title":"Stra\u017cniczka Tajemnicy - pier\u015bcionek z \u017c\u00f3\u0142tego z\u0142ota z diamentami (0,70 ct)","description":"Wyj\u0105tkowa korona, kt\u00f3rej \u0142apki zdaj\u0105 si\u0119 przeplata\u0107, podtrzymuj\u0105c diament. Idealnie nadaje si\u0119 do noszenia na co dzie\u0144. Doskona\u0142a na zar\u0119czyny i specjalne okazje.","robots":{"index":"index","follow":"follow","max-snippet":"max-snippet:-1","max-image-preview":"max-image-preview:large","max-video-preview":"max-video-preview:-1"},"canonical":"https:\/\/fashiongold.lt\/pl\/papuosalas\/klasyczny-pierscionek-z-zoltego-zlota-z-diamentami-strazniczka-tajemnicy-070-ct-h-si\/","og_locale":"pl_PL","og_type":"article","og_title":"Stra\u017cniczka Tajemnicy - pier\u015bcionek z \u017c\u00f3\u0142tego z\u0142ota z diamentami (0,70 ct)","og_description":"Wyj\u0105tkowa korona, kt\u00f3rej \u0142apki zdaj\u0105 si\u0119 przeplata\u0107, podtrzymuj\u0105c diament. Idealnie nadaje si\u0119 do noszenia na co dzie\u0144. Doskona\u0142a na zar\u0119czyny i specjalne okazje.","og_url":"https:\/\/fashiongold.lt\/pl\/papuosalas\/klasyczny-pierscionek-z-zoltego-zlota-z-diamentami-strazniczka-tajemnicy-070-ct-h-si\/","og_site_name":"FashionGold.lt","twitter_card":"summary_large_image","schema":{"@context":"https:\/\/schema.org","@graph":[{"@type":"WebPage","@id":"https:\/\/fashiongold.lt\/pl\/papuosalas\/klasyczny-pierscionek-z-zoltego-zlota-z-diamentami-strazniczka-tajemnicy-070-ct-h-si\/","url":"https:\/\/fashiongold.lt\/pl\/papuosalas\/klasyczny-pierscionek-z-zoltego-zlota-z-diamentami-strazniczka-tajemnicy-070-ct-h-si\/","name":"Stra\u017cniczka Tajemnicy - pier\u015bcionek z \u017c\u00f3\u0142tego z\u0142ota z diamentami (0,70 ct)","isPartOf":{"@id":"https:\/\/fashiongold.lt\/pl\/#website"},"datePublished":"2025-10-10T01:14:28+00:00","description":"Wyj\u0105tkowa korona, kt\u00f3rej \u0142apki zdaj\u0105 si\u0119 przeplata\u0107, podtrzymuj\u0105c diament. Idealnie nadaje si\u0119 do noszenia na co dzie\u0144. Doskona\u0142a na zar\u0119czyny i specjalne okazje.","breadcrumb":{"@id":"https:\/\/fashiongold.lt\/pl\/papuosalas\/klasyczny-pierscionek-z-zoltego-zlota-z-diamentami-strazniczka-tajemnicy-070-ct-h-si\/#breadcrumb"},"inLanguage":"pl-PL","potentialAction":[{"@type":"ReadAction","target":["https:\/\/fashiongold.lt\/pl\/papuosalas\/klasyczny-pierscionek-z-zoltego-zlota-z-diamentami-strazniczka-tajemnicy-070-ct-h-si\/"]}]},{"@type":"BreadcrumbList","@id":"https:\/\/fashiongold.lt\/pl\/papuosalas\/klasyczny-pierscionek-z-zoltego-zlota-z-diamentami-strazniczka-tajemnicy-070-ct-h-si\/#breadcrumb","itemListElement":[{"@type":"ListItem","position":1,"name":"Home","item":"https:\/\/fashiongold.lt\/pl\/"},{"@type":"ListItem","position":2,"name":"Sklep z diamentami Fashiongold.lt","item":"https:\/\/fashiongold.lt\/shop-2\/"},{"@type":"ListItem","position":3,"name":"Klasyczny pier\u015bcionek z \u017c\u00f3\u0142tego z\u0142ota z diamentami \u2013 Stra\u017cniczka Tajemnicy (0,70 ct H\/SI)"}]},{"@type":"WebSite","@id":"https:\/\/fashiongold.lt\/pl\/#website","url":"https:\/\/fashiongold.lt\/pl\/","name":"Fashion Gold","description":"Juvelyrikos namai","publisher":{"@id":"https:\/\/fashiongold.lt\/pl\/#organization"},"potentialAction":[{"@type":"SearchAction","target":{"@type":"EntryPoint","urlTemplate":"https:\/\/fashiongold.lt\/pl\/?s={search_term_string}"},"query-input":{"@type":"PropertyValueSpecification","valueRequired":true,"valueName":"search_term_string"}}],"inLanguage":"pl-PL"},{"@type":"Organization","@id":"https:\/\/fashiongold.lt\/pl\/#organization","name":"Topdiamonds Online","url":"https:\/\/fashiongold.lt\/pl\/","logo":{"@type":"ImageObject","inLanguage":"pl-PL","@id":"https:\/\/fashiongold.lt\/pl\/#\/schema\/logo\/image\/","url":"https:\/\/fashiongold.lt\/wp-content\/uploads\/2025\/04\/cropped-fashion_gold_logotipas2-scaled-1.png","contentUrl":"https:\/\/fashiongold.lt\/wp-content\/uploads\/2025\/04\/cropped-fashion_gold_logotipas2-scaled-1.png","width":2559,"height":421,"caption":"Topdiamonds Online"},"image":{"@id":"https:\/\/fashiongold.lt\/pl\/#\/schema\/logo\/image\/"}}]}},"_links":{"self":[{"href":"https:\/\/fashiongold.lt\/pl\/wp-json\/wp\/v2\/product\/291989","targetHints":{"allow":["GET"]}}],"collection":[{"href":"https:\/\/fashiongold.lt\/pl\/wp-json\/wp\/v2\/product"}],"about":[{"href":"https:\/\/fashiongold.lt\/pl\/wp-json\/wp\/v2\/types\/product"}],"version-history":[{"count":0,"href":"https:\/\/fashiongold.lt\/pl\/wp-json\/wp\/v2\/product\/291989\/revisions"}],"wp:attachment":[{"href":"https:\/\/fashiongold.lt\/pl\/wp-json\/wp\/v2\/media?parent=291989"}],"wp:term":[{"taxonomy":"product_brand","embeddable":true,"href":"https:\/\/fashiongold.lt\/pl\/wp-json\/wp\/v2\/product_brand?post=291989"},{"taxonomy":"product_cat","embeddable":true,"href":"https:\/\/fashiongold.lt\/pl\/wp-json\/wp\/v2\/product_cat?post=291989"},{"taxonomy":"product_tag","embeddable":true,"href":"https:\/\/fashiongold.lt\/pl\/wp-json\/wp\/v2\/product_tag?post=291989"}],"curies":[{"name":"wp","href":"https:\/\/api.w.org\/{rel}","templated":true}]}}