{"id":292014,"date":"2025-10-10T01:05:22","date_gmt":"2025-10-10T01:05:22","guid":{"rendered":"https:\/\/fashiongold.lt\/papuosalas\/klasyczny-pierscionek-z-bialego-zlota-z-diamentami-strazniczka-tajemnic-040-ct-h-si\/"},"modified":"2026-02-19T07:28:41","modified_gmt":"2026-02-19T07:28:41","slug":"klasyczny-pierscionek-z-bialego-zlota-z-diamentami-strazniczka-tajemnic-040-ct-h-si","status":"publish","type":"product","link":"https:\/\/fashiongold.lt\/pl\/papuosalas\/klasyczny-pierscionek-z-bialego-zlota-z-diamentami-strazniczka-tajemnic-040-ct-h-si\/","title":{"rendered":"Klasyczny pier\u015bcionek z bia\u0142ego z\u0142ota z diamentami \u2013 Stra\u017cniczka Tajemnic (0,40 ct H\/SI)"},"content":{"rendered":"<p>Wyprodukowano na Litwie. Pier\u015bcionek mo\u017ce zosta\u0107 wykonany na zam\u00f3wienie: z czerwonego, \u017c\u00f3\u0142tego oraz bia\u0142ego z\u0142ota.<\/p>\n<p>\u2022 Typ diamentu: Naturalny diament<\/p>\n<p>\u2022 Kszta\u0142t diamentu: Okr\u0105g\u0142y (Round cut)<\/p>\n<p>\u2022 Charakterystyka diamentu: 0,40 ct, kolor H (W); czysto\u015b\u0107 SI2<\/p>\n<p>\u2022 Certyfikat: Litewska Izba Probiercza (LPR) oraz mi\u0119dzynarodowy certyfikat IGI<\/p>\n<p>\u2022 Z\u0142oto pier\u015bcionka: 14K (pr\u00f3ba 585)<\/p>\n<p>\u2022 Kolor pier\u015bcionka: bia\u0142e z\u0142oto<\/p>\n<p>\u2022 Waga pier\u015bcionka: oko\u0142o 1,80 &#8211; 2,40 g<\/p>\n<p>\u2022 Wymiary pier\u015bcionka: rozmiar obr\u0105czki &#8211; mm, rozmiar korony &#8211; mm.<\/p>\n","protected":false},"excerpt":{"rendered":"<p>Pier\u015bcionek z bia\u0142ego z\u0142ota z diamentem 0,40 ct i wyj\u0105tkow\u0105 koron\u0105 z sze\u015bcioma \u0142apkami, kt\u00f3re zdaj\u0105 si\u0119 przeplata\u0107, bezpiecznie trzymaj\u0105c diament. Pier\u015bcionek ten jest bardzo wygodny dzi\u0119ki niskiej koronie, przez co idealnie nadaje si\u0119 do codziennego noszenia. To wyj\u0105tkowy design, kt\u00f3ry doskonale sprawdzi si\u0119 zar\u00f3wno na zar\u0119czyny, jak i na specjalne okazje.<\/p>\n","protected":false},"featured_media":86122,"template":"","meta":{"site-sidebar-layout":"","site-content-layout":"","ast-site-content-layout":"","site-content-style":"","site-sidebar-style":"","ast-global-header-display":"","ast-banner-title-visibility":"","ast-main-header-display":"","ast-hfb-above-header-display":"","ast-hfb-below-header-display":"","ast-hfb-mobile-header-display":"","site-post-title":"","ast-breadcrumbs-content":"","ast-featured-img":"","footer-sml-layout":"","ast-disable-related-posts":"","theme-transparent-header-meta":"","adv-header-id-meta":"","stick-header-meta":"","header-above-stick-meta":"","header-main-stick-meta":"","header-below-stick-meta":"","astra-migrate-meta-layouts":"default","ast-page-background-enabled":"default","ast-page-background-meta":{"desktop":{"background-color":"var(--ast-global-color-4)","background-image":"","background-repeat":"repeat","background-position":"center center","background-size":"auto","background-attachment":"scroll","background-type":"","background-media":"","overlay-type":"","overlay-color":"","overlay-opacity":"","overlay-gradient":""},"tablet":{"background-color":"","background-image":"","background-repeat":"repeat","background-position":"center center","background-size":"auto","background-attachment":"scroll","background-type":"","background-media":"","overlay-type":"","overlay-color":"","overlay-opacity":"","overlay-gradient":""},"mobile":{"background-color":"","background-image":"","background-repeat":"repeat","background-position":"center center","background-size":"auto","background-attachment":"scroll","background-type":"","background-media":"","overlay-type":"","overlay-color":"","overlay-opacity":"","overlay-gradient":""}},"ast-content-background-meta":{"desktop":{"background-color":"var(--ast-global-color-5)","background-image":"","background-repeat":"repeat","background-position":"center center","background-size":"auto","background-attachment":"scroll","background-type":"","background-media":"","overlay-type":"","overlay-color":"","overlay-opacity":"","overlay-gradient":""},"tablet":{"background-color":"var(--ast-global-color-5)","background-image":"","background-repeat":"repeat","background-position":"center center","background-size":"auto","background-attachment":"scroll","background-type":"","background-media":"","overlay-type":"","overlay-color":"","overlay-opacity":"","overlay-gradient":""},"mobile":{"background-color":"var(--ast-global-color-5)","background-image":"","background-repeat":"repeat","background-position":"center center","background-size":"auto","background-attachment":"scroll","background-type":"","background-media":"","overlay-type":"","overlay-color":"","overlay-opacity":"","overlay-gradient":""}}},"product_brand":[],"product_cat":[3044,2858,3238,3237,3232,3233,2853,2875,2876,2860,2857,2854,2855,3169,2859,2852,3240],"product_tag":[],"class_list":{"0":"post-292014","1":"product","2":"type-product","3":"status-publish","4":"has-post-thumbnail","6":"product_cat-bizuteria","7":"product_cat-bizuteria-z-bialego-zlota","8":"product_cat-klasyczne-pierscionki-zareczynowe","9":"product_cat-pierscionki-z-diamentami","10":"product_cat-pierscionki-zareczynowe","11":"product_cat-pierscionki-zareczynowe-z-bialego-zlota","12":"product_cat-prezenty-dla-kobiet","13":"product_cat-prezenty-na-dzien-matki","14":"product_cat-prezenty-na-walentynki","15":"product_cat-prezenty-na-wyjatkowe-okazje","16":"product_cat-prezenty-swiateczne","17":"product_cat-prezenty-z-okazji-narodzin-dziecka","18":"product_cat-prezenty-z-okazji-rocznicy-slubu","19":"product_cat-prezenty-z-okazji-slubu","20":"product_cat-prezenty-z-okazji-ukonczenia-szkoly","21":"product_cat-prezenty-z-okazji-urodzin","22":"product_cat-top-pierscionki-zareczynowe","23":"desktop-align-center","24":"tablet-align-left","25":"mobile-align-left","26":"ast-product-gallery-layout-horizontal-slider","27":"ast-product-gallery-with-no-image","28":"ast-product-single-variable","29":"ast-product-tabs-layout-accordion","30":"ast-qv-on-image","32":"first","33":"instock","34":"taxable","35":"shipping-taxable","36":"purchasable","37":"product-type-variable"},"yoast_head":"<!-- This site is optimized with the Yoast SEO plugin v26.6 - https:\/\/yoast.com\/wordpress\/plugins\/seo\/ -->\n<title>Stra\u017cniczka Tajemnicy - pier\u015bcionek z bia\u0142ego z\u0142ota z diamentami (0,40 ct)<\/title>\n<meta name=\"description\" content=\"Wyj\u0105tkowa korona, kt\u00f3rej \u0142apki jakby si\u0119 przeplataj\u0105 i trzymaj\u0105 diament. Idealnie nadaje si\u0119 do noszenia na co dzie\u0144. Pasuje zar\u00f3wno na zar\u0119czyny, jak i na wyj\u0105tkowe okazje.\" \/>\n<meta name=\"robots\" content=\"index, follow, max-snippet:-1, max-image-preview:large, max-video-preview:-1\" \/>\n<link rel=\"canonical\" href=\"https:\/\/fashiongold.lt\/pl\/papuosalas\/klasyczny-pierscionek-z-bialego-zlota-z-diamentami-strazniczka-tajemnic-040-ct-h-si\/\" \/>\n<meta property=\"og:locale\" content=\"pl_PL\" \/>\n<meta property=\"og:type\" content=\"article\" \/>\n<meta property=\"og:title\" content=\"Stra\u017cniczka Tajemnicy - pier\u015bcionek z bia\u0142ego z\u0142ota z diamentami (0,40 ct)\" \/>\n<meta property=\"og:description\" content=\"Wyj\u0105tkowa korona, kt\u00f3rej \u0142apki jakby si\u0119 przeplataj\u0105 i trzymaj\u0105 diament. Idealnie nadaje si\u0119 do noszenia na co dzie\u0144. Pasuje zar\u00f3wno na zar\u0119czyny, jak i na wyj\u0105tkowe okazje.\" \/>\n<meta property=\"og:url\" content=\"https:\/\/fashiongold.lt\/pl\/papuosalas\/klasyczny-pierscionek-z-bialego-zlota-z-diamentami-strazniczka-tajemnic-040-ct-h-si\/\" \/>\n<meta property=\"og:site_name\" content=\"FashionGold.lt\" \/>\n<meta property=\"article:modified_time\" content=\"2026-02-19T07:28:41+00:00\" \/>\n<meta property=\"og:image\" content=\"https:\/\/fashiongold.lt\/wp-content\/uploads\/2025\/10\/6965-d4f-Klasikinis-balto-aukso-ziedas-su-deimantais-Paslapties-Laikytoja-040-ct.webp\" \/>\n\t<meta property=\"og:image:width\" content=\"1000\" \/>\n\t<meta property=\"og:image:height\" content=\"1000\" \/>\n\t<meta property=\"og:image:type\" content=\"image\/png\" \/>\n<meta name=\"twitter:card\" content=\"summary_large_image\" \/>\n<script type=\"application\/ld+json\" class=\"yoast-schema-graph\">{\"@context\":\"https:\/\/schema.org\",\"@graph\":[{\"@type\":\"WebPage\",\"@id\":\"https:\/\/fashiongold.lt\/pl\/papuosalas\/klasyczny-pierscionek-z-bialego-zlota-z-diamentami-strazniczka-tajemnic-040-ct-h-si\/\",\"url\":\"https:\/\/fashiongold.lt\/pl\/papuosalas\/klasyczny-pierscionek-z-bialego-zlota-z-diamentami-strazniczka-tajemnic-040-ct-h-si\/\",\"name\":\"Stra\u017cniczka Tajemnicy - pier\u015bcionek z bia\u0142ego z\u0142ota z diamentami (0,40 ct)\",\"isPartOf\":{\"@id\":\"https:\/\/fashiongold.lt\/pl\/#website\"},\"primaryImageOfPage\":{\"@id\":\"https:\/\/fashiongold.lt\/pl\/papuosalas\/klasyczny-pierscionek-z-bialego-zlota-z-diamentami-strazniczka-tajemnic-040-ct-h-si\/#primaryimage\"},\"image\":{\"@id\":\"https:\/\/fashiongold.lt\/pl\/papuosalas\/klasyczny-pierscionek-z-bialego-zlota-z-diamentami-strazniczka-tajemnic-040-ct-h-si\/#primaryimage\"},\"thumbnailUrl\":\"https:\/\/fashiongold.lt\/wp-content\/uploads\/2025\/10\/6965-d4f-Klasikinis-balto-aukso-ziedas-su-deimantais-Paslapties-Laikytoja-040-ct.png\",\"datePublished\":\"2025-10-10T01:05:22+00:00\",\"dateModified\":\"2026-02-19T07:28:41+00:00\",\"description\":\"Wyj\u0105tkowa korona, kt\u00f3rej \u0142apki jakby si\u0119 przeplataj\u0105 i trzymaj\u0105 diament. Idealnie nadaje si\u0119 do noszenia na co dzie\u0144. Pasuje zar\u00f3wno na zar\u0119czyny, jak i na wyj\u0105tkowe okazje.\",\"breadcrumb\":{\"@id\":\"https:\/\/fashiongold.lt\/pl\/papuosalas\/klasyczny-pierscionek-z-bialego-zlota-z-diamentami-strazniczka-tajemnic-040-ct-h-si\/#breadcrumb\"},\"inLanguage\":\"pl-PL\",\"potentialAction\":[{\"@type\":\"ReadAction\",\"target\":[\"https:\/\/fashiongold.lt\/pl\/papuosalas\/klasyczny-pierscionek-z-bialego-zlota-z-diamentami-strazniczka-tajemnic-040-ct-h-si\/\"]}]},{\"@type\":\"ImageObject\",\"inLanguage\":\"pl-PL\",\"@id\":\"https:\/\/fashiongold.lt\/pl\/papuosalas\/klasyczny-pierscionek-z-bialego-zlota-z-diamentami-strazniczka-tajemnic-040-ct-h-si\/#primaryimage\",\"url\":\"https:\/\/fashiongold.lt\/wp-content\/uploads\/2025\/10\/6965-d4f-Klasikinis-balto-aukso-ziedas-su-deimantais-Paslapties-Laikytoja-040-ct.png\",\"contentUrl\":\"https:\/\/fashiongold.lt\/wp-content\/uploads\/2025\/10\/6965-d4f-Klasikinis-balto-aukso-ziedas-su-deimantais-Paslapties-Laikytoja-040-ct.png\",\"width\":1000,\"height\":1000},{\"@type\":\"BreadcrumbList\",\"@id\":\"https:\/\/fashiongold.lt\/pl\/papuosalas\/klasyczny-pierscionek-z-bialego-zlota-z-diamentami-strazniczka-tajemnic-040-ct-h-si\/#breadcrumb\",\"itemListElement\":[{\"@type\":\"ListItem\",\"position\":1,\"name\":\"Home\",\"item\":\"https:\/\/fashiongold.lt\/pl\/\"},{\"@type\":\"ListItem\",\"position\":2,\"name\":\"Sklep z diamentami Fashiongold.lt\",\"item\":\"https:\/\/fashiongold.lt\/shop-2\/\"},{\"@type\":\"ListItem\",\"position\":3,\"name\":\"Klasyczny pier\u015bcionek z bia\u0142ego z\u0142ota z diamentami \u2013 Stra\u017cniczka Tajemnic (0,40 ct H\/SI)\"}]},{\"@type\":\"WebSite\",\"@id\":\"https:\/\/fashiongold.lt\/pl\/#website\",\"url\":\"https:\/\/fashiongold.lt\/pl\/\",\"name\":\"Fashion Gold\",\"description\":\"Juvelyrikos namai\",\"publisher\":{\"@id\":\"https:\/\/fashiongold.lt\/pl\/#organization\"},\"potentialAction\":[{\"@type\":\"SearchAction\",\"target\":{\"@type\":\"EntryPoint\",\"urlTemplate\":\"https:\/\/fashiongold.lt\/pl\/?s={search_term_string}\"},\"query-input\":{\"@type\":\"PropertyValueSpecification\",\"valueRequired\":true,\"valueName\":\"search_term_string\"}}],\"inLanguage\":\"pl-PL\"},{\"@type\":\"Organization\",\"@id\":\"https:\/\/fashiongold.lt\/pl\/#organization\",\"name\":\"Topdiamonds Online\",\"url\":\"https:\/\/fashiongold.lt\/pl\/\",\"logo\":{\"@type\":\"ImageObject\",\"inLanguage\":\"pl-PL\",\"@id\":\"https:\/\/fashiongold.lt\/pl\/#\/schema\/logo\/image\/\",\"url\":\"https:\/\/fashiongold.lt\/wp-content\/uploads\/2025\/04\/cropped-fashion_gold_logotipas2-scaled-1.png\",\"contentUrl\":\"https:\/\/fashiongold.lt\/wp-content\/uploads\/2025\/04\/cropped-fashion_gold_logotipas2-scaled-1.png\",\"width\":2559,\"height\":421,\"caption\":\"Topdiamonds Online\"},\"image\":{\"@id\":\"https:\/\/fashiongold.lt\/pl\/#\/schema\/logo\/image\/\"}}]}<\/script>\n<!-- \/ Yoast SEO plugin. -->","yoast_head_json":{"title":"Stra\u017cniczka Tajemnicy - pier\u015bcionek z bia\u0142ego z\u0142ota z diamentami (0,40 ct)","description":"Wyj\u0105tkowa korona, kt\u00f3rej \u0142apki jakby si\u0119 przeplataj\u0105 i trzymaj\u0105 diament. Idealnie nadaje si\u0119 do noszenia na co dzie\u0144. Pasuje zar\u00f3wno na zar\u0119czyny, jak i na wyj\u0105tkowe okazje.","robots":{"index":"index","follow":"follow","max-snippet":"max-snippet:-1","max-image-preview":"max-image-preview:large","max-video-preview":"max-video-preview:-1"},"canonical":"https:\/\/fashiongold.lt\/pl\/papuosalas\/klasyczny-pierscionek-z-bialego-zlota-z-diamentami-strazniczka-tajemnic-040-ct-h-si\/","og_locale":"pl_PL","og_type":"article","og_title":"Stra\u017cniczka Tajemnicy - pier\u015bcionek z bia\u0142ego z\u0142ota z diamentami (0,40 ct)","og_description":"Wyj\u0105tkowa korona, kt\u00f3rej \u0142apki jakby si\u0119 przeplataj\u0105 i trzymaj\u0105 diament. Idealnie nadaje si\u0119 do noszenia na co dzie\u0144. Pasuje zar\u00f3wno na zar\u0119czyny, jak i na wyj\u0105tkowe okazje.","og_url":"https:\/\/fashiongold.lt\/pl\/papuosalas\/klasyczny-pierscionek-z-bialego-zlota-z-diamentami-strazniczka-tajemnic-040-ct-h-si\/","og_site_name":"FashionGold.lt","article_modified_time":"2026-02-19T07:28:41+00:00","og_image":[{"width":1000,"height":1000,"url":"https:\/\/fashiongold.lt\/wp-content\/uploads\/2025\/10\/6965-d4f-Klasikinis-balto-aukso-ziedas-su-deimantais-Paslapties-Laikytoja-040-ct.webp","type":"image\/png"}],"twitter_card":"summary_large_image","schema":{"@context":"https:\/\/schema.org","@graph":[{"@type":"WebPage","@id":"https:\/\/fashiongold.lt\/pl\/papuosalas\/klasyczny-pierscionek-z-bialego-zlota-z-diamentami-strazniczka-tajemnic-040-ct-h-si\/","url":"https:\/\/fashiongold.lt\/pl\/papuosalas\/klasyczny-pierscionek-z-bialego-zlota-z-diamentami-strazniczka-tajemnic-040-ct-h-si\/","name":"Stra\u017cniczka Tajemnicy - pier\u015bcionek z bia\u0142ego z\u0142ota z diamentami (0,40 ct)","isPartOf":{"@id":"https:\/\/fashiongold.lt\/pl\/#website"},"primaryImageOfPage":{"@id":"https:\/\/fashiongold.lt\/pl\/papuosalas\/klasyczny-pierscionek-z-bialego-zlota-z-diamentami-strazniczka-tajemnic-040-ct-h-si\/#primaryimage"},"image":{"@id":"https:\/\/fashiongold.lt\/pl\/papuosalas\/klasyczny-pierscionek-z-bialego-zlota-z-diamentami-strazniczka-tajemnic-040-ct-h-si\/#primaryimage"},"thumbnailUrl":"https:\/\/fashiongold.lt\/wp-content\/uploads\/2025\/10\/6965-d4f-Klasikinis-balto-aukso-ziedas-su-deimantais-Paslapties-Laikytoja-040-ct.png","datePublished":"2025-10-10T01:05:22+00:00","dateModified":"2026-02-19T07:28:41+00:00","description":"Wyj\u0105tkowa korona, kt\u00f3rej \u0142apki jakby si\u0119 przeplataj\u0105 i trzymaj\u0105 diament. Idealnie nadaje si\u0119 do noszenia na co dzie\u0144. Pasuje zar\u00f3wno na zar\u0119czyny, jak i na wyj\u0105tkowe okazje.","breadcrumb":{"@id":"https:\/\/fashiongold.lt\/pl\/papuosalas\/klasyczny-pierscionek-z-bialego-zlota-z-diamentami-strazniczka-tajemnic-040-ct-h-si\/#breadcrumb"},"inLanguage":"pl-PL","potentialAction":[{"@type":"ReadAction","target":["https:\/\/fashiongold.lt\/pl\/papuosalas\/klasyczny-pierscionek-z-bialego-zlota-z-diamentami-strazniczka-tajemnic-040-ct-h-si\/"]}]},{"@type":"ImageObject","inLanguage":"pl-PL","@id":"https:\/\/fashiongold.lt\/pl\/papuosalas\/klasyczny-pierscionek-z-bialego-zlota-z-diamentami-strazniczka-tajemnic-040-ct-h-si\/#primaryimage","url":"https:\/\/fashiongold.lt\/wp-content\/uploads\/2025\/10\/6965-d4f-Klasikinis-balto-aukso-ziedas-su-deimantais-Paslapties-Laikytoja-040-ct.png","contentUrl":"https:\/\/fashiongold.lt\/wp-content\/uploads\/2025\/10\/6965-d4f-Klasikinis-balto-aukso-ziedas-su-deimantais-Paslapties-Laikytoja-040-ct.png","width":1000,"height":1000},{"@type":"BreadcrumbList","@id":"https:\/\/fashiongold.lt\/pl\/papuosalas\/klasyczny-pierscionek-z-bialego-zlota-z-diamentami-strazniczka-tajemnic-040-ct-h-si\/#breadcrumb","itemListElement":[{"@type":"ListItem","position":1,"name":"Home","item":"https:\/\/fashiongold.lt\/pl\/"},{"@type":"ListItem","position":2,"name":"Sklep z diamentami Fashiongold.lt","item":"https:\/\/fashiongold.lt\/shop-2\/"},{"@type":"ListItem","position":3,"name":"Klasyczny pier\u015bcionek z bia\u0142ego z\u0142ota z diamentami \u2013 Stra\u017cniczka Tajemnic (0,40 ct H\/SI)"}]},{"@type":"WebSite","@id":"https:\/\/fashiongold.lt\/pl\/#website","url":"https:\/\/fashiongold.lt\/pl\/","name":"Fashion Gold","description":"Juvelyrikos namai","publisher":{"@id":"https:\/\/fashiongold.lt\/pl\/#organization"},"potentialAction":[{"@type":"SearchAction","target":{"@type":"EntryPoint","urlTemplate":"https:\/\/fashiongold.lt\/pl\/?s={search_term_string}"},"query-input":{"@type":"PropertyValueSpecification","valueRequired":true,"valueName":"search_term_string"}}],"inLanguage":"pl-PL"},{"@type":"Organization","@id":"https:\/\/fashiongold.lt\/pl\/#organization","name":"Topdiamonds Online","url":"https:\/\/fashiongold.lt\/pl\/","logo":{"@type":"ImageObject","inLanguage":"pl-PL","@id":"https:\/\/fashiongold.lt\/pl\/#\/schema\/logo\/image\/","url":"https:\/\/fashiongold.lt\/wp-content\/uploads\/2025\/04\/cropped-fashion_gold_logotipas2-scaled-1.png","contentUrl":"https:\/\/fashiongold.lt\/wp-content\/uploads\/2025\/04\/cropped-fashion_gold_logotipas2-scaled-1.png","width":2559,"height":421,"caption":"Topdiamonds Online"},"image":{"@id":"https:\/\/fashiongold.lt\/pl\/#\/schema\/logo\/image\/"}}]}},"_links":{"self":[{"href":"https:\/\/fashiongold.lt\/pl\/wp-json\/wp\/v2\/product\/292014","targetHints":{"allow":["GET"]}}],"collection":[{"href":"https:\/\/fashiongold.lt\/pl\/wp-json\/wp\/v2\/product"}],"about":[{"href":"https:\/\/fashiongold.lt\/pl\/wp-json\/wp\/v2\/types\/product"}],"version-history":[{"count":0,"href":"https:\/\/fashiongold.lt\/pl\/wp-json\/wp\/v2\/product\/292014\/revisions"}],"wp:featuredmedia":[{"embeddable":true,"href":"https:\/\/fashiongold.lt\/pl\/wp-json\/wp\/v2\/media\/86122"}],"wp:attachment":[{"href":"https:\/\/fashiongold.lt\/pl\/wp-json\/wp\/v2\/media?parent=292014"}],"wp:term":[{"taxonomy":"product_brand","embeddable":true,"href":"https:\/\/fashiongold.lt\/pl\/wp-json\/wp\/v2\/product_brand?post=292014"},{"taxonomy":"product_cat","embeddable":true,"href":"https:\/\/fashiongold.lt\/pl\/wp-json\/wp\/v2\/product_cat?post=292014"},{"taxonomy":"product_tag","embeddable":true,"href":"https:\/\/fashiongold.lt\/pl\/wp-json\/wp\/v2\/product_tag?post=292014"}],"curies":[{"name":"wp","href":"https:\/\/api.w.org\/{rel}","templated":true}]}}