{"id":292339,"date":"2025-10-10T00:08:13","date_gmt":"2025-10-10T00:08:13","guid":{"rendered":"https:\/\/fashiongold.lt\/papuosalas\/kolczyki-z-zoltego-zlota-z-rubinami-piec-rubinow-015-ct\/"},"modified":"2025-10-10T00:08:13","modified_gmt":"2025-10-10T00:08:13","slug":"kolczyki-z-zoltego-zlota-z-rubinami-piec-rubinow-015-ct","status":"publish","type":"product","link":"https:\/\/fashiongold.lt\/pl\/papuosalas\/kolczyki-z-zoltego-zlota-z-rubinami-piec-rubinow-015-ct\/","title":{"rendered":"Kolczyki z \u017c\u00f3\u0142tego z\u0142ota z rubinami \u2013 Pi\u0119\u0107 rubin\u00f3w (0,15 ct)"},"content":{"rendered":"<p>Eleganckie z\u0142ote kolczyki stworzone przez jubiler\u00f3w \u201eFashion Gold\u201d, z kt\u00f3rych ka\u017cdy ozdobiony jest pi\u0119cioma diamentami. Zapi\u0119cie kolczyk\u00f3w jest zabezpieczone, dzi\u0119ki czemu ich nie zgubisz. Wyprodukowano na Litwie. Kolczyki mog\u0105 by\u0107 wykonane na zam\u00f3wienie: z czerwonego, \u017c\u00f3\u0142tego oraz bia\u0142ego z\u0142ota.<\/p>\n<p>Rubin \u2013 kamie\u0144 szlachetny symbolizuj\u0105cy mi\u0142o\u015b\u0107, pasj\u0119 i uczucia. Jest to talizman pasji, si\u0142y i energii seksualnej mi\u0119dzy kobiet\u0105 a m\u0119\u017cczyzn\u0105. To minera\u0142 zakochanych, zapewniaj\u0105cy szcz\u0119\u015bcie i harmoni\u0119 w mi\u0142o\u015bci. Astrologicznie pasuje do Lwa, Strzelca i Barana.<\/p>\n<p>\u2022 Typ kamienia szlachetnego: Naturalny rubin<\/p>\n<p>\u2022 Kszta\u0142t kamienia szlachetnego: Okr\u0105g\u0142y (Round cut)\u00a0 \u00a0<\/p>\n<p>\u2022 Charakterystyka kamienia szlachetnego: 0,15 ct<\/p>\n<p>\u2022 Certyfikat: Litewski Urz\u0105d Probierczy (LPR)\u00a0 \u00a0 \u00a0<\/p>\n<p>\u2022 Z\u0142oto kolczyk\u00f3w: 14K (pr\u00f3ba 585)\u00a0 \u00a0 \u00a0<\/p>\n<p>\u2022 Kolor kolczyk\u00f3w: bia\u0142e z\u0142oto\u00a0 \u00a0 \u00a0 \u00a0<\/p>\n<p>\u2022 Waga kolczyk\u00f3w: oko\u0142o 1,80 g\u00a0 \u00a0 \u00a0 \u00a0<\/p>\n<p>\u2022 Wymiary kolczyk\u00f3w: wysoko\u015b\u0107 10 mm, szeroko\u015b\u0107 3 mm<\/p>\n","protected":false},"excerpt":{"rendered":"<p>Unikalne, r\u0119cznie robione kolczyki z \u017c\u00f3\u0142tego z\u0142ota z rubinami i angielskim zapi\u0119ciem. Klasyczny design typu \u201etransformery\u201d pozwala nosi\u0107 same kolczyki lub do\u0142\u0105czy\u0107 specjalnie wykonane zawieszki z kamieniami szlachetnymi. Idealne do noszenia na co dzie\u0144 lub na specjalne okazje.<\/p>\n","protected":false},"featured_media":83452,"template":"","meta":{"site-sidebar-layout":"","site-content-layout":"","ast-site-content-layout":"","site-content-style":"","site-sidebar-style":"","ast-global-header-display":"","ast-banner-title-visibility":"","ast-main-header-display":"","ast-hfb-above-header-display":"","ast-hfb-below-header-display":"","ast-hfb-mobile-header-display":"","site-post-title":"","ast-breadcrumbs-content":"","ast-featured-img":"","footer-sml-layout":"","ast-disable-related-posts":"","theme-transparent-header-meta":"","adv-header-id-meta":"","stick-header-meta":"","header-above-stick-meta":"","header-main-stick-meta":"","header-below-stick-meta":"","astra-migrate-meta-layouts":"default","ast-page-background-enabled":"default","ast-page-background-meta":{"desktop":{"background-color":"var(--ast-global-color-4)","background-image":"","background-repeat":"repeat","background-position":"center center","background-size":"auto","background-attachment":"scroll","background-type":"","background-media":"","overlay-type":"","overlay-color":"","overlay-opacity":"","overlay-gradient":""},"tablet":{"background-color":"","background-image":"","background-repeat":"repeat","background-position":"center center","background-size":"auto","background-attachment":"scroll","background-type":"","background-media":"","overlay-type":"","overlay-color":"","overlay-opacity":"","overlay-gradient":""},"mobile":{"background-color":"","background-image":"","background-repeat":"repeat","background-position":"center center","background-size":"auto","background-attachment":"scroll","background-type":"","background-media":"","overlay-type":"","overlay-color":"","overlay-opacity":"","overlay-gradient":""}},"ast-content-background-meta":{"desktop":{"background-color":"var(--ast-global-color-5)","background-image":"","background-repeat":"repeat","background-position":"center center","background-size":"auto","background-attachment":"scroll","background-type":"","background-media":"","overlay-type":"","overlay-color":"","overlay-opacity":"","overlay-gradient":""},"tablet":{"background-color":"var(--ast-global-color-5)","background-image":"","background-repeat":"repeat","background-position":"center center","background-size":"auto","background-attachment":"scroll","background-type":"","background-media":"","overlay-type":"","overlay-color":"","overlay-opacity":"","overlay-gradient":""},"mobile":{"background-color":"var(--ast-global-color-5)","background-image":"","background-repeat":"repeat","background-position":"center center","background-size":"auto","background-attachment":"scroll","background-type":"","background-media":"","overlay-type":"","overlay-color":"","overlay-opacity":"","overlay-gradient":""}}},"product_brand":[],"product_cat":[3044,3056,2861,3351,3170,3377,2972,2974,3166,2853,3165,2875,2876,2860,2857,2854,2855,3169,2859,2852,3349],"product_tag":[],"class_list":{"0":"post-292339","1":"product","2":"type-product","3":"status-publish","4":"has-post-thumbnail","6":"product_cat-bizuteria","7":"product_cat-bizuteria-z-czerwonymi-kamieniami-szlachetnymi","8":"product_cat-bizuteria-z-zoltego-zlota","9":"product_cat-czerwony-kamien-szlachetny","10":"product_cat-kolczyki-dla-dziewczynek-kolczyki-dzieciece","11":"product_cat-kolczyki-z-angielskim-zapieciem","12":"product_cat-kolczyki-z-diamentami","13":"product_cat-kolczyki-z-kamieniami-szlachetnymi","14":"product_cat-prezent-z-okazji-pierwszej-komunii-swietej","15":"product_cat-prezenty-dla-kobiet","16":"product_cat-prezenty-na-chrzest","17":"product_cat-prezenty-na-dzien-matki","18":"product_cat-prezenty-na-walentynki","19":"product_cat-prezenty-na-wyjatkowe-okazje","20":"product_cat-prezenty-swiateczne","21":"product_cat-prezenty-z-okazji-narodzin-dziecka","22":"product_cat-prezenty-z-okazji-rocznicy-slubu","23":"product_cat-prezenty-z-okazji-slubu","24":"product_cat-prezenty-z-okazji-ukonczenia-szkoly","25":"product_cat-prezenty-z-okazji-urodzin","26":"product_cat-rubin-bizuteria-z-rubinami","27":"desktop-align-center","28":"tablet-align-left","29":"mobile-align-left","30":"ast-product-gallery-layout-horizontal-slider","31":"ast-product-gallery-with-no-image","32":"ast-product-tabs-layout-accordion","33":"ast-qv-on-image","35":"first","36":"instock","37":"taxable","38":"shipping-taxable","39":"purchasable","40":"product-type-simple"},"yoast_head":"<!-- This site is optimized with the Yoast SEO plugin v26.6 - https:\/\/yoast.com\/wordpress\/plugins\/seo\/ -->\n<title>Kolczyki z \u017c\u00f3\u0142tego z\u0142ota z rubinami - Pi\u0119\u0107 rubin\u00f3w (0,15 ct)<\/title>\n<meta name=\"description\" content=\"Unikalne, r\u0119cznie wykonane kolczyki z \u017c\u00f3\u0142tego z\u0142ota z rubinami i angielskim zapi\u0119ciem. Mo\u017cna je nosi\u0107 razem z zawieszkami. Odpowiednie na co dzie\u0144 lub na specjalne okazje.\" \/>\n<meta name=\"robots\" content=\"index, follow, max-snippet:-1, max-image-preview:large, max-video-preview:-1\" \/>\n<link rel=\"canonical\" href=\"https:\/\/fashiongold.lt\/pl\/papuosalas\/kolczyki-z-zoltego-zlota-z-rubinami-piec-rubinow-015-ct\/\" \/>\n<meta property=\"og:locale\" content=\"pl_PL\" \/>\n<meta property=\"og:type\" content=\"article\" \/>\n<meta property=\"og:title\" content=\"Kolczyki z \u017c\u00f3\u0142tego z\u0142ota z rubinami - Pi\u0119\u0107 rubin\u00f3w (0,15 ct)\" \/>\n<meta property=\"og:description\" content=\"Unikalne, r\u0119cznie wykonane kolczyki z \u017c\u00f3\u0142tego z\u0142ota z rubinami i angielskim zapi\u0119ciem. Mo\u017cna je nosi\u0107 razem z zawieszkami. Odpowiednie na co dzie\u0144 lub na specjalne okazje.\" \/>\n<meta property=\"og:url\" content=\"https:\/\/fashiongold.lt\/pl\/papuosalas\/kolczyki-z-zoltego-zlota-z-rubinami-piec-rubinow-015-ct\/\" \/>\n<meta property=\"og:site_name\" content=\"FashionGold.lt\" \/>\n<meta property=\"og:image\" content=\"https:\/\/fashiongold.lt\/wp-content\/uploads\/2025\/10\/6538-fca-Geltono-aukso-auskarai-su-rubinais-Penki-rubinai.webp\" \/>\n\t<meta property=\"og:image:width\" content=\"1000\" \/>\n\t<meta property=\"og:image:height\" content=\"1000\" \/>\n\t<meta property=\"og:image:type\" content=\"image\/png\" \/>\n<meta name=\"twitter:card\" content=\"summary_large_image\" \/>\n<meta name=\"twitter:label1\" content=\"Szacowany czas czytania\" \/>\n\t<meta name=\"twitter:data1\" content=\"1 minuta\" \/>\n<script type=\"application\/ld+json\" class=\"yoast-schema-graph\">{\"@context\":\"https:\/\/schema.org\",\"@graph\":[{\"@type\":\"WebPage\",\"@id\":\"https:\/\/fashiongold.lt\/pl\/papuosalas\/kolczyki-z-zoltego-zlota-z-rubinami-piec-rubinow-015-ct\/\",\"url\":\"https:\/\/fashiongold.lt\/pl\/papuosalas\/kolczyki-z-zoltego-zlota-z-rubinami-piec-rubinow-015-ct\/\",\"name\":\"Kolczyki z \u017c\u00f3\u0142tego z\u0142ota z rubinami - Pi\u0119\u0107 rubin\u00f3w (0,15 ct)\",\"isPartOf\":{\"@id\":\"https:\/\/fashiongold.lt\/pl\/#website\"},\"primaryImageOfPage\":{\"@id\":\"https:\/\/fashiongold.lt\/pl\/papuosalas\/kolczyki-z-zoltego-zlota-z-rubinami-piec-rubinow-015-ct\/#primaryimage\"},\"image\":{\"@id\":\"https:\/\/fashiongold.lt\/pl\/papuosalas\/kolczyki-z-zoltego-zlota-z-rubinami-piec-rubinow-015-ct\/#primaryimage\"},\"thumbnailUrl\":\"https:\/\/fashiongold.lt\/wp-content\/uploads\/2025\/10\/6538-fca-Geltono-aukso-auskarai-su-rubinais-Penki-rubinai.png\",\"datePublished\":\"2025-10-10T00:08:13+00:00\",\"description\":\"Unikalne, r\u0119cznie wykonane kolczyki z \u017c\u00f3\u0142tego z\u0142ota z rubinami i angielskim zapi\u0119ciem. Mo\u017cna je nosi\u0107 razem z zawieszkami. Odpowiednie na co dzie\u0144 lub na specjalne okazje.\",\"breadcrumb\":{\"@id\":\"https:\/\/fashiongold.lt\/pl\/papuosalas\/kolczyki-z-zoltego-zlota-z-rubinami-piec-rubinow-015-ct\/#breadcrumb\"},\"inLanguage\":\"pl-PL\",\"potentialAction\":[{\"@type\":\"ReadAction\",\"target\":[\"https:\/\/fashiongold.lt\/pl\/papuosalas\/kolczyki-z-zoltego-zlota-z-rubinami-piec-rubinow-015-ct\/\"]}]},{\"@type\":\"ImageObject\",\"inLanguage\":\"pl-PL\",\"@id\":\"https:\/\/fashiongold.lt\/pl\/papuosalas\/kolczyki-z-zoltego-zlota-z-rubinami-piec-rubinow-015-ct\/#primaryimage\",\"url\":\"https:\/\/fashiongold.lt\/wp-content\/uploads\/2025\/10\/6538-fca-Geltono-aukso-auskarai-su-rubinais-Penki-rubinai.png\",\"contentUrl\":\"https:\/\/fashiongold.lt\/wp-content\/uploads\/2025\/10\/6538-fca-Geltono-aukso-auskarai-su-rubinais-Penki-rubinai.png\",\"width\":1000,\"height\":1000},{\"@type\":\"BreadcrumbList\",\"@id\":\"https:\/\/fashiongold.lt\/pl\/papuosalas\/kolczyki-z-zoltego-zlota-z-rubinami-piec-rubinow-015-ct\/#breadcrumb\",\"itemListElement\":[{\"@type\":\"ListItem\",\"position\":1,\"name\":\"Home\",\"item\":\"https:\/\/fashiongold.lt\/pl\/\"},{\"@type\":\"ListItem\",\"position\":2,\"name\":\"Sklep z diamentami Fashiongold.lt\",\"item\":\"https:\/\/fashiongold.lt\/shop-2\/\"},{\"@type\":\"ListItem\",\"position\":3,\"name\":\"Kolczyki z \u017c\u00f3\u0142tego z\u0142ota z rubinami \u2013 Pi\u0119\u0107 rubin\u00f3w (0,15 ct)\"}]},{\"@type\":\"WebSite\",\"@id\":\"https:\/\/fashiongold.lt\/pl\/#website\",\"url\":\"https:\/\/fashiongold.lt\/pl\/\",\"name\":\"Fashion Gold\",\"description\":\"Juvelyrikos namai\",\"publisher\":{\"@id\":\"https:\/\/fashiongold.lt\/pl\/#organization\"},\"potentialAction\":[{\"@type\":\"SearchAction\",\"target\":{\"@type\":\"EntryPoint\",\"urlTemplate\":\"https:\/\/fashiongold.lt\/pl\/?s={search_term_string}\"},\"query-input\":{\"@type\":\"PropertyValueSpecification\",\"valueRequired\":true,\"valueName\":\"search_term_string\"}}],\"inLanguage\":\"pl-PL\"},{\"@type\":\"Organization\",\"@id\":\"https:\/\/fashiongold.lt\/pl\/#organization\",\"name\":\"Topdiamonds Online\",\"url\":\"https:\/\/fashiongold.lt\/pl\/\",\"logo\":{\"@type\":\"ImageObject\",\"inLanguage\":\"pl-PL\",\"@id\":\"https:\/\/fashiongold.lt\/pl\/#\/schema\/logo\/image\/\",\"url\":\"https:\/\/fashiongold.lt\/wp-content\/uploads\/2025\/04\/cropped-fashion_gold_logotipas2-scaled-1.png\",\"contentUrl\":\"https:\/\/fashiongold.lt\/wp-content\/uploads\/2025\/04\/cropped-fashion_gold_logotipas2-scaled-1.png\",\"width\":2559,\"height\":421,\"caption\":\"Topdiamonds Online\"},\"image\":{\"@id\":\"https:\/\/fashiongold.lt\/pl\/#\/schema\/logo\/image\/\"}}]}<\/script>\n<!-- \/ Yoast SEO plugin. -->","yoast_head_json":{"title":"Kolczyki z \u017c\u00f3\u0142tego z\u0142ota z rubinami - Pi\u0119\u0107 rubin\u00f3w (0,15 ct)","description":"Unikalne, r\u0119cznie wykonane kolczyki z \u017c\u00f3\u0142tego z\u0142ota z rubinami i angielskim zapi\u0119ciem. Mo\u017cna je nosi\u0107 razem z zawieszkami. Odpowiednie na co dzie\u0144 lub na specjalne okazje.","robots":{"index":"index","follow":"follow","max-snippet":"max-snippet:-1","max-image-preview":"max-image-preview:large","max-video-preview":"max-video-preview:-1"},"canonical":"https:\/\/fashiongold.lt\/pl\/papuosalas\/kolczyki-z-zoltego-zlota-z-rubinami-piec-rubinow-015-ct\/","og_locale":"pl_PL","og_type":"article","og_title":"Kolczyki z \u017c\u00f3\u0142tego z\u0142ota z rubinami - Pi\u0119\u0107 rubin\u00f3w (0,15 ct)","og_description":"Unikalne, r\u0119cznie wykonane kolczyki z \u017c\u00f3\u0142tego z\u0142ota z rubinami i angielskim zapi\u0119ciem. Mo\u017cna je nosi\u0107 razem z zawieszkami. Odpowiednie na co dzie\u0144 lub na specjalne okazje.","og_url":"https:\/\/fashiongold.lt\/pl\/papuosalas\/kolczyki-z-zoltego-zlota-z-rubinami-piec-rubinow-015-ct\/","og_site_name":"FashionGold.lt","og_image":[{"width":1000,"height":1000,"url":"https:\/\/fashiongold.lt\/wp-content\/uploads\/2025\/10\/6538-fca-Geltono-aukso-auskarai-su-rubinais-Penki-rubinai.webp","type":"image\/png"}],"twitter_card":"summary_large_image","twitter_misc":{"Szacowany czas czytania":"1 minuta"},"schema":{"@context":"https:\/\/schema.org","@graph":[{"@type":"WebPage","@id":"https:\/\/fashiongold.lt\/pl\/papuosalas\/kolczyki-z-zoltego-zlota-z-rubinami-piec-rubinow-015-ct\/","url":"https:\/\/fashiongold.lt\/pl\/papuosalas\/kolczyki-z-zoltego-zlota-z-rubinami-piec-rubinow-015-ct\/","name":"Kolczyki z \u017c\u00f3\u0142tego z\u0142ota z rubinami - Pi\u0119\u0107 rubin\u00f3w (0,15 ct)","isPartOf":{"@id":"https:\/\/fashiongold.lt\/pl\/#website"},"primaryImageOfPage":{"@id":"https:\/\/fashiongold.lt\/pl\/papuosalas\/kolczyki-z-zoltego-zlota-z-rubinami-piec-rubinow-015-ct\/#primaryimage"},"image":{"@id":"https:\/\/fashiongold.lt\/pl\/papuosalas\/kolczyki-z-zoltego-zlota-z-rubinami-piec-rubinow-015-ct\/#primaryimage"},"thumbnailUrl":"https:\/\/fashiongold.lt\/wp-content\/uploads\/2025\/10\/6538-fca-Geltono-aukso-auskarai-su-rubinais-Penki-rubinai.png","datePublished":"2025-10-10T00:08:13+00:00","description":"Unikalne, r\u0119cznie wykonane kolczyki z \u017c\u00f3\u0142tego z\u0142ota z rubinami i angielskim zapi\u0119ciem. Mo\u017cna je nosi\u0107 razem z zawieszkami. Odpowiednie na co dzie\u0144 lub na specjalne okazje.","breadcrumb":{"@id":"https:\/\/fashiongold.lt\/pl\/papuosalas\/kolczyki-z-zoltego-zlota-z-rubinami-piec-rubinow-015-ct\/#breadcrumb"},"inLanguage":"pl-PL","potentialAction":[{"@type":"ReadAction","target":["https:\/\/fashiongold.lt\/pl\/papuosalas\/kolczyki-z-zoltego-zlota-z-rubinami-piec-rubinow-015-ct\/"]}]},{"@type":"ImageObject","inLanguage":"pl-PL","@id":"https:\/\/fashiongold.lt\/pl\/papuosalas\/kolczyki-z-zoltego-zlota-z-rubinami-piec-rubinow-015-ct\/#primaryimage","url":"https:\/\/fashiongold.lt\/wp-content\/uploads\/2025\/10\/6538-fca-Geltono-aukso-auskarai-su-rubinais-Penki-rubinai.png","contentUrl":"https:\/\/fashiongold.lt\/wp-content\/uploads\/2025\/10\/6538-fca-Geltono-aukso-auskarai-su-rubinais-Penki-rubinai.png","width":1000,"height":1000},{"@type":"BreadcrumbList","@id":"https:\/\/fashiongold.lt\/pl\/papuosalas\/kolczyki-z-zoltego-zlota-z-rubinami-piec-rubinow-015-ct\/#breadcrumb","itemListElement":[{"@type":"ListItem","position":1,"name":"Home","item":"https:\/\/fashiongold.lt\/pl\/"},{"@type":"ListItem","position":2,"name":"Sklep z diamentami Fashiongold.lt","item":"https:\/\/fashiongold.lt\/shop-2\/"},{"@type":"ListItem","position":3,"name":"Kolczyki z \u017c\u00f3\u0142tego z\u0142ota z rubinami \u2013 Pi\u0119\u0107 rubin\u00f3w (0,15 ct)"}]},{"@type":"WebSite","@id":"https:\/\/fashiongold.lt\/pl\/#website","url":"https:\/\/fashiongold.lt\/pl\/","name":"Fashion Gold","description":"Juvelyrikos namai","publisher":{"@id":"https:\/\/fashiongold.lt\/pl\/#organization"},"potentialAction":[{"@type":"SearchAction","target":{"@type":"EntryPoint","urlTemplate":"https:\/\/fashiongold.lt\/pl\/?s={search_term_string}"},"query-input":{"@type":"PropertyValueSpecification","valueRequired":true,"valueName":"search_term_string"}}],"inLanguage":"pl-PL"},{"@type":"Organization","@id":"https:\/\/fashiongold.lt\/pl\/#organization","name":"Topdiamonds Online","url":"https:\/\/fashiongold.lt\/pl\/","logo":{"@type":"ImageObject","inLanguage":"pl-PL","@id":"https:\/\/fashiongold.lt\/pl\/#\/schema\/logo\/image\/","url":"https:\/\/fashiongold.lt\/wp-content\/uploads\/2025\/04\/cropped-fashion_gold_logotipas2-scaled-1.png","contentUrl":"https:\/\/fashiongold.lt\/wp-content\/uploads\/2025\/04\/cropped-fashion_gold_logotipas2-scaled-1.png","width":2559,"height":421,"caption":"Topdiamonds Online"},"image":{"@id":"https:\/\/fashiongold.lt\/pl\/#\/schema\/logo\/image\/"}}]}},"_links":{"self":[{"href":"https:\/\/fashiongold.lt\/pl\/wp-json\/wp\/v2\/product\/292339","targetHints":{"allow":["GET"]}}],"collection":[{"href":"https:\/\/fashiongold.lt\/pl\/wp-json\/wp\/v2\/product"}],"about":[{"href":"https:\/\/fashiongold.lt\/pl\/wp-json\/wp\/v2\/types\/product"}],"version-history":[{"count":0,"href":"https:\/\/fashiongold.lt\/pl\/wp-json\/wp\/v2\/product\/292339\/revisions"}],"wp:featuredmedia":[{"embeddable":true,"href":"https:\/\/fashiongold.lt\/pl\/wp-json\/wp\/v2\/media\/83452"}],"wp:attachment":[{"href":"https:\/\/fashiongold.lt\/pl\/wp-json\/wp\/v2\/media?parent=292339"}],"wp:term":[{"taxonomy":"product_brand","embeddable":true,"href":"https:\/\/fashiongold.lt\/pl\/wp-json\/wp\/v2\/product_brand?post=292339"},{"taxonomy":"product_cat","embeddable":true,"href":"https:\/\/fashiongold.lt\/pl\/wp-json\/wp\/v2\/product_cat?post=292339"},{"taxonomy":"product_tag","embeddable":true,"href":"https:\/\/fashiongold.lt\/pl\/wp-json\/wp\/v2\/product_tag?post=292339"}],"curies":[{"name":"wp","href":"https:\/\/api.w.org\/{rel}","templated":true}]}}