{"id":292409,"date":"2025-10-10T00:07:17","date_gmt":"2025-10-10T00:07:17","guid":{"rendered":"https:\/\/fashiongold.lt\/papuosalas\/kolczyki-z-bialego-zlota-z-perlami-morskimi-akoya-8-mm\/"},"modified":"2025-10-10T00:07:17","modified_gmt":"2025-10-10T00:07:17","slug":"kolczyki-z-bialego-zlota-z-perlami-morskimi-akoya-8-mm","status":"publish","type":"product","link":"https:\/\/fashiongold.lt\/pl\/papuosalas\/kolczyki-z-bialego-zlota-z-perlami-morskimi-akoya-8-mm\/","title":{"rendered":"Kolczyki z bia\u0142ego z\u0142ota z per\u0142ami morskimi (Akoya, 8 mm)"},"content":{"rendered":"<p>Wyj\u0105tkowe kolczyki z per\u0142ami stworzone przez jubiler\u00f3w domu jubilerskiego \u201eFashion Gold\u201d. Per\u0142a emanuje harmoni\u0105 i spokojem w sercu. Ju\u017c w czasach staro\u017cytnych per\u0142y reprezentowa\u0142y pi\u0119kno, niewinno\u015b\u0107 i zmys\u0142owo\u015b\u0107, a wielu wierzy\u0142o, \u017ce mog\u0105 one przyci\u0105ga\u0107 szcz\u0119\u015bcie oraz dobrobyt finansowy w\u0142a\u015bcicielowi. Kolczyki mog\u0105 zosta\u0107 wykonane na zam\u00f3wienie: z czerwonego, \u017c\u00f3\u0142tego oraz bia\u0142ego z\u0142ota.   <\/p>\n<p>\u2022 Typ per\u0142y: morskie per\u0142y Akoya     <\/p>\n<p>\u2022 Kszta\u0142t per\u0142y: Okr\u0105g\u0142y kszta\u0142t (Round cut)       <\/p>\n<p>\u2022 Charakterystyka per\u0142y: 8 mm, AA (wysoka jako\u015b\u0107)   <\/p>\n<p>\u2022 Certyfikat: Litewski Urz\u0105d Probierczy (LPR)         <\/p>\n<p>\u2022 Z\u0142oto produktu: 14K (pr\u00f3ba 585)         <\/p>\n<p>\u2022 Kolor produktu: \u017c\u00f3\u0142te z\u0142oto         <\/p>\n<p>\u2022 Waga produktu: 2,30 g       <\/p>\n<p>\u2022 Wymiary produktu: 8 mm<\/p>\n","protected":false},"excerpt":{"rendered":"<p>Kolczyki z bia\u0142ego z\u0142ota z per\u0142ami morskimi Akoya (8 mm). Wygodne kolczyki sztyfty. Doskona\u0142y prezent na co dzie\u0144 i na specjalne okazje.<\/p>\n","protected":false},"featured_media":83258,"template":"","meta":{"site-sidebar-layout":"","site-content-layout":"","ast-site-content-layout":"","site-content-style":"","site-sidebar-style":"","ast-global-header-display":"","ast-banner-title-visibility":"","ast-main-header-display":"","ast-hfb-above-header-display":"","ast-hfb-below-header-display":"","ast-hfb-mobile-header-display":"","site-post-title":"","ast-breadcrumbs-content":"","ast-featured-img":"","footer-sml-layout":"","ast-disable-related-posts":"","theme-transparent-header-meta":"","adv-header-id-meta":"","stick-header-meta":"","header-above-stick-meta":"","header-main-stick-meta":"","header-below-stick-meta":"","astra-migrate-meta-layouts":"default","ast-page-background-enabled":"default","ast-page-background-meta":{"desktop":{"background-color":"var(--ast-global-color-4)","background-image":"","background-repeat":"repeat","background-position":"center center","background-size":"auto","background-attachment":"scroll","background-type":"","background-media":"","overlay-type":"","overlay-color":"","overlay-opacity":"","overlay-gradient":""},"tablet":{"background-color":"","background-image":"","background-repeat":"repeat","background-position":"center center","background-size":"auto","background-attachment":"scroll","background-type":"","background-media":"","overlay-type":"","overlay-color":"","overlay-opacity":"","overlay-gradient":""},"mobile":{"background-color":"","background-image":"","background-repeat":"repeat","background-position":"center center","background-size":"auto","background-attachment":"scroll","background-type":"","background-media":"","overlay-type":"","overlay-color":"","overlay-opacity":"","overlay-gradient":""}},"ast-content-background-meta":{"desktop":{"background-color":"var(--ast-global-color-5)","background-image":"","background-repeat":"repeat","background-position":"center center","background-size":"auto","background-attachment":"scroll","background-type":"","background-media":"","overlay-type":"","overlay-color":"","overlay-opacity":"","overlay-gradient":""},"tablet":{"background-color":"var(--ast-global-color-5)","background-image":"","background-repeat":"repeat","background-position":"center center","background-size":"auto","background-attachment":"scroll","background-type":"","background-media":"","overlay-type":"","overlay-color":"","overlay-opacity":"","overlay-gradient":""},"mobile":{"background-color":"var(--ast-global-color-5)","background-image":"","background-repeat":"repeat","background-position":"center center","background-size":"auto","background-attachment":"scroll","background-type":"","background-media":"","overlay-type":"","overlay-color":"","overlay-opacity":"","overlay-gradient":""}}},"product_brand":[],"product_cat":[3044,2858,3170,3180,2975,2972,2977,2976,2853,2875,2876,2860,2857,2854,2855,3169,2859,2852],"product_tag":[],"class_list":{"0":"post-292409","1":"product","2":"type-product","3":"status-publish","4":"has-post-thumbnail","6":"product_cat-bizuteria","7":"product_cat-bizuteria-z-bialego-zlota","8":"product_cat-kolczyki-dla-dziewczynek-kolczyki-dzieciece","9":"product_cat-kolczyki-okazyjne","10":"product_cat-kolczyki-sztyfty","11":"product_cat-kolczyki-z-diamentami","12":"product_cat-kolczyki-z-perlami","13":"product_cat-perly-bizuteria-z-perlami","14":"product_cat-prezenty-dla-kobiet","15":"product_cat-prezenty-na-dzien-matki","16":"product_cat-prezenty-na-walentynki","17":"product_cat-prezenty-na-wyjatkowe-okazje","18":"product_cat-prezenty-swiateczne","19":"product_cat-prezenty-z-okazji-narodzin-dziecka","20":"product_cat-prezenty-z-okazji-rocznicy-slubu","21":"product_cat-prezenty-z-okazji-slubu","22":"product_cat-prezenty-z-okazji-ukonczenia-szkoly","23":"product_cat-prezenty-z-okazji-urodzin","24":"desktop-align-center","25":"tablet-align-left","26":"mobile-align-left","27":"ast-product-gallery-layout-horizontal-slider","28":"ast-product-gallery-with-no-image","29":"ast-product-tabs-layout-accordion","30":"ast-qv-on-image","32":"first","33":"instock","34":"taxable","35":"shipping-taxable","36":"purchasable","37":"product-type-simple"},"yoast_head":"<!-- This site is optimized with the Yoast SEO plugin v26.6 - https:\/\/yoast.com\/wordpress\/plugins\/seo\/ -->\n<title>Kolczyki z bia\u0142ego z\u0142ota z per\u0142ami morskimi (Akoya, 8 mm)<\/title>\n<meta name=\"description\" content=\"Kolczyki z bia\u0142ego z\u0142ota z morskimi per\u0142ami Akoya. Wygodne kolczyki sztyfty. Doskona\u0142y prezent na co dzie\u0144 i na wyj\u0105tkowe okazje. Darmowa dostawa na Litwie.\" \/>\n<meta name=\"robots\" content=\"index, follow, max-snippet:-1, max-image-preview:large, max-video-preview:-1\" \/>\n<link rel=\"canonical\" href=\"https:\/\/fashiongold.lt\/pl\/papuosalas\/kolczyki-z-bialego-zlota-z-perlami-morskimi-akoya-8-mm\/\" \/>\n<meta property=\"og:locale\" content=\"pl_PL\" \/>\n<meta property=\"og:type\" content=\"article\" \/>\n<meta property=\"og:title\" content=\"Kolczyki z bia\u0142ego z\u0142ota z per\u0142ami morskimi (Akoya, 8 mm)\" \/>\n<meta property=\"og:description\" content=\"Kolczyki z bia\u0142ego z\u0142ota z morskimi per\u0142ami Akoya. Wygodne kolczyki sztyfty. Doskona\u0142y prezent na co dzie\u0144 i na wyj\u0105tkowe okazje. Darmowa dostawa na Litwie.\" \/>\n<meta property=\"og:url\" content=\"https:\/\/fashiongold.lt\/pl\/papuosalas\/kolczyki-z-bialego-zlota-z-perlami-morskimi-akoya-8-mm\/\" \/>\n<meta property=\"og:site_name\" content=\"FashionGold.lt\" \/>\n<meta property=\"og:image\" content=\"https:\/\/fashiongold.lt\/wp-content\/uploads\/2025\/10\/6452-a32-Balto-aukso-auskarai-su-juriniais-perlais-Akoya-8-mm.webp\" \/>\n\t<meta property=\"og:image:width\" content=\"1000\" \/>\n\t<meta property=\"og:image:height\" content=\"1000\" \/>\n\t<meta property=\"og:image:type\" content=\"image\/png\" \/>\n<meta name=\"twitter:card\" content=\"summary_large_image\" \/>\n<meta name=\"twitter:label1\" content=\"Szacowany czas czytania\" \/>\n\t<meta name=\"twitter:data1\" content=\"1 minuta\" \/>\n<script type=\"application\/ld+json\" class=\"yoast-schema-graph\">{\"@context\":\"https:\/\/schema.org\",\"@graph\":[{\"@type\":\"WebPage\",\"@id\":\"https:\/\/fashiongold.lt\/pl\/papuosalas\/kolczyki-z-bialego-zlota-z-perlami-morskimi-akoya-8-mm\/\",\"url\":\"https:\/\/fashiongold.lt\/pl\/papuosalas\/kolczyki-z-bialego-zlota-z-perlami-morskimi-akoya-8-mm\/\",\"name\":\"Kolczyki z bia\u0142ego z\u0142ota z per\u0142ami morskimi (Akoya, 8 mm)\",\"isPartOf\":{\"@id\":\"https:\/\/fashiongold.lt\/pl\/#website\"},\"primaryImageOfPage\":{\"@id\":\"https:\/\/fashiongold.lt\/pl\/papuosalas\/kolczyki-z-bialego-zlota-z-perlami-morskimi-akoya-8-mm\/#primaryimage\"},\"image\":{\"@id\":\"https:\/\/fashiongold.lt\/pl\/papuosalas\/kolczyki-z-bialego-zlota-z-perlami-morskimi-akoya-8-mm\/#primaryimage\"},\"thumbnailUrl\":\"https:\/\/fashiongold.lt\/wp-content\/uploads\/2025\/10\/6452-a32-Balto-aukso-auskarai-su-juriniais-perlais-Akoya-8-mm.png\",\"datePublished\":\"2025-10-10T00:07:17+00:00\",\"description\":\"Kolczyki z bia\u0142ego z\u0142ota z morskimi per\u0142ami Akoya. Wygodne kolczyki sztyfty. Doskona\u0142y prezent na co dzie\u0144 i na wyj\u0105tkowe okazje. Darmowa dostawa na Litwie.\",\"breadcrumb\":{\"@id\":\"https:\/\/fashiongold.lt\/pl\/papuosalas\/kolczyki-z-bialego-zlota-z-perlami-morskimi-akoya-8-mm\/#breadcrumb\"},\"inLanguage\":\"pl-PL\",\"potentialAction\":[{\"@type\":\"ReadAction\",\"target\":[\"https:\/\/fashiongold.lt\/pl\/papuosalas\/kolczyki-z-bialego-zlota-z-perlami-morskimi-akoya-8-mm\/\"]}]},{\"@type\":\"ImageObject\",\"inLanguage\":\"pl-PL\",\"@id\":\"https:\/\/fashiongold.lt\/pl\/papuosalas\/kolczyki-z-bialego-zlota-z-perlami-morskimi-akoya-8-mm\/#primaryimage\",\"url\":\"https:\/\/fashiongold.lt\/wp-content\/uploads\/2025\/10\/6452-a32-Balto-aukso-auskarai-su-juriniais-perlais-Akoya-8-mm.png\",\"contentUrl\":\"https:\/\/fashiongold.lt\/wp-content\/uploads\/2025\/10\/6452-a32-Balto-aukso-auskarai-su-juriniais-perlais-Akoya-8-mm.png\",\"width\":1000,\"height\":1000},{\"@type\":\"BreadcrumbList\",\"@id\":\"https:\/\/fashiongold.lt\/pl\/papuosalas\/kolczyki-z-bialego-zlota-z-perlami-morskimi-akoya-8-mm\/#breadcrumb\",\"itemListElement\":[{\"@type\":\"ListItem\",\"position\":1,\"name\":\"Home\",\"item\":\"https:\/\/fashiongold.lt\/pl\/\"},{\"@type\":\"ListItem\",\"position\":2,\"name\":\"Sklep z diamentami Fashiongold.lt\",\"item\":\"https:\/\/fashiongold.lt\/shop-2\/\"},{\"@type\":\"ListItem\",\"position\":3,\"name\":\"Kolczyki z bia\u0142ego z\u0142ota z per\u0142ami morskimi (Akoya, 8 mm)\"}]},{\"@type\":\"WebSite\",\"@id\":\"https:\/\/fashiongold.lt\/pl\/#website\",\"url\":\"https:\/\/fashiongold.lt\/pl\/\",\"name\":\"Fashion Gold\",\"description\":\"Juvelyrikos namai\",\"publisher\":{\"@id\":\"https:\/\/fashiongold.lt\/pl\/#organization\"},\"potentialAction\":[{\"@type\":\"SearchAction\",\"target\":{\"@type\":\"EntryPoint\",\"urlTemplate\":\"https:\/\/fashiongold.lt\/pl\/?s={search_term_string}\"},\"query-input\":{\"@type\":\"PropertyValueSpecification\",\"valueRequired\":true,\"valueName\":\"search_term_string\"}}],\"inLanguage\":\"pl-PL\"},{\"@type\":\"Organization\",\"@id\":\"https:\/\/fashiongold.lt\/pl\/#organization\",\"name\":\"Topdiamonds Online\",\"url\":\"https:\/\/fashiongold.lt\/pl\/\",\"logo\":{\"@type\":\"ImageObject\",\"inLanguage\":\"pl-PL\",\"@id\":\"https:\/\/fashiongold.lt\/pl\/#\/schema\/logo\/image\/\",\"url\":\"https:\/\/fashiongold.lt\/wp-content\/uploads\/2025\/04\/cropped-fashion_gold_logotipas2-scaled-1.png\",\"contentUrl\":\"https:\/\/fashiongold.lt\/wp-content\/uploads\/2025\/04\/cropped-fashion_gold_logotipas2-scaled-1.png\",\"width\":2559,\"height\":421,\"caption\":\"Topdiamonds Online\"},\"image\":{\"@id\":\"https:\/\/fashiongold.lt\/pl\/#\/schema\/logo\/image\/\"}}]}<\/script>\n<!-- \/ Yoast SEO plugin. -->","yoast_head_json":{"title":"Kolczyki z bia\u0142ego z\u0142ota z per\u0142ami morskimi (Akoya, 8 mm)","description":"Kolczyki z bia\u0142ego z\u0142ota z morskimi per\u0142ami Akoya. Wygodne kolczyki sztyfty. Doskona\u0142y prezent na co dzie\u0144 i na wyj\u0105tkowe okazje. Darmowa dostawa na Litwie.","robots":{"index":"index","follow":"follow","max-snippet":"max-snippet:-1","max-image-preview":"max-image-preview:large","max-video-preview":"max-video-preview:-1"},"canonical":"https:\/\/fashiongold.lt\/pl\/papuosalas\/kolczyki-z-bialego-zlota-z-perlami-morskimi-akoya-8-mm\/","og_locale":"pl_PL","og_type":"article","og_title":"Kolczyki z bia\u0142ego z\u0142ota z per\u0142ami morskimi (Akoya, 8 mm)","og_description":"Kolczyki z bia\u0142ego z\u0142ota z morskimi per\u0142ami Akoya. Wygodne kolczyki sztyfty. Doskona\u0142y prezent na co dzie\u0144 i na wyj\u0105tkowe okazje. Darmowa dostawa na Litwie.","og_url":"https:\/\/fashiongold.lt\/pl\/papuosalas\/kolczyki-z-bialego-zlota-z-perlami-morskimi-akoya-8-mm\/","og_site_name":"FashionGold.lt","og_image":[{"width":1000,"height":1000,"url":"https:\/\/fashiongold.lt\/wp-content\/uploads\/2025\/10\/6452-a32-Balto-aukso-auskarai-su-juriniais-perlais-Akoya-8-mm.webp","type":"image\/png"}],"twitter_card":"summary_large_image","twitter_misc":{"Szacowany czas czytania":"1 minuta"},"schema":{"@context":"https:\/\/schema.org","@graph":[{"@type":"WebPage","@id":"https:\/\/fashiongold.lt\/pl\/papuosalas\/kolczyki-z-bialego-zlota-z-perlami-morskimi-akoya-8-mm\/","url":"https:\/\/fashiongold.lt\/pl\/papuosalas\/kolczyki-z-bialego-zlota-z-perlami-morskimi-akoya-8-mm\/","name":"Kolczyki z bia\u0142ego z\u0142ota z per\u0142ami morskimi (Akoya, 8 mm)","isPartOf":{"@id":"https:\/\/fashiongold.lt\/pl\/#website"},"primaryImageOfPage":{"@id":"https:\/\/fashiongold.lt\/pl\/papuosalas\/kolczyki-z-bialego-zlota-z-perlami-morskimi-akoya-8-mm\/#primaryimage"},"image":{"@id":"https:\/\/fashiongold.lt\/pl\/papuosalas\/kolczyki-z-bialego-zlota-z-perlami-morskimi-akoya-8-mm\/#primaryimage"},"thumbnailUrl":"https:\/\/fashiongold.lt\/wp-content\/uploads\/2025\/10\/6452-a32-Balto-aukso-auskarai-su-juriniais-perlais-Akoya-8-mm.png","datePublished":"2025-10-10T00:07:17+00:00","description":"Kolczyki z bia\u0142ego z\u0142ota z morskimi per\u0142ami Akoya. Wygodne kolczyki sztyfty. Doskona\u0142y prezent na co dzie\u0144 i na wyj\u0105tkowe okazje. Darmowa dostawa na Litwie.","breadcrumb":{"@id":"https:\/\/fashiongold.lt\/pl\/papuosalas\/kolczyki-z-bialego-zlota-z-perlami-morskimi-akoya-8-mm\/#breadcrumb"},"inLanguage":"pl-PL","potentialAction":[{"@type":"ReadAction","target":["https:\/\/fashiongold.lt\/pl\/papuosalas\/kolczyki-z-bialego-zlota-z-perlami-morskimi-akoya-8-mm\/"]}]},{"@type":"ImageObject","inLanguage":"pl-PL","@id":"https:\/\/fashiongold.lt\/pl\/papuosalas\/kolczyki-z-bialego-zlota-z-perlami-morskimi-akoya-8-mm\/#primaryimage","url":"https:\/\/fashiongold.lt\/wp-content\/uploads\/2025\/10\/6452-a32-Balto-aukso-auskarai-su-juriniais-perlais-Akoya-8-mm.png","contentUrl":"https:\/\/fashiongold.lt\/wp-content\/uploads\/2025\/10\/6452-a32-Balto-aukso-auskarai-su-juriniais-perlais-Akoya-8-mm.png","width":1000,"height":1000},{"@type":"BreadcrumbList","@id":"https:\/\/fashiongold.lt\/pl\/papuosalas\/kolczyki-z-bialego-zlota-z-perlami-morskimi-akoya-8-mm\/#breadcrumb","itemListElement":[{"@type":"ListItem","position":1,"name":"Home","item":"https:\/\/fashiongold.lt\/pl\/"},{"@type":"ListItem","position":2,"name":"Sklep z diamentami Fashiongold.lt","item":"https:\/\/fashiongold.lt\/shop-2\/"},{"@type":"ListItem","position":3,"name":"Kolczyki z bia\u0142ego z\u0142ota z per\u0142ami morskimi (Akoya, 8 mm)"}]},{"@type":"WebSite","@id":"https:\/\/fashiongold.lt\/pl\/#website","url":"https:\/\/fashiongold.lt\/pl\/","name":"Fashion Gold","description":"Juvelyrikos namai","publisher":{"@id":"https:\/\/fashiongold.lt\/pl\/#organization"},"potentialAction":[{"@type":"SearchAction","target":{"@type":"EntryPoint","urlTemplate":"https:\/\/fashiongold.lt\/pl\/?s={search_term_string}"},"query-input":{"@type":"PropertyValueSpecification","valueRequired":true,"valueName":"search_term_string"}}],"inLanguage":"pl-PL"},{"@type":"Organization","@id":"https:\/\/fashiongold.lt\/pl\/#organization","name":"Topdiamonds Online","url":"https:\/\/fashiongold.lt\/pl\/","logo":{"@type":"ImageObject","inLanguage":"pl-PL","@id":"https:\/\/fashiongold.lt\/pl\/#\/schema\/logo\/image\/","url":"https:\/\/fashiongold.lt\/wp-content\/uploads\/2025\/04\/cropped-fashion_gold_logotipas2-scaled-1.png","contentUrl":"https:\/\/fashiongold.lt\/wp-content\/uploads\/2025\/04\/cropped-fashion_gold_logotipas2-scaled-1.png","width":2559,"height":421,"caption":"Topdiamonds Online"},"image":{"@id":"https:\/\/fashiongold.lt\/pl\/#\/schema\/logo\/image\/"}}]}},"_links":{"self":[{"href":"https:\/\/fashiongold.lt\/pl\/wp-json\/wp\/v2\/product\/292409","targetHints":{"allow":["GET"]}}],"collection":[{"href":"https:\/\/fashiongold.lt\/pl\/wp-json\/wp\/v2\/product"}],"about":[{"href":"https:\/\/fashiongold.lt\/pl\/wp-json\/wp\/v2\/types\/product"}],"version-history":[{"count":0,"href":"https:\/\/fashiongold.lt\/pl\/wp-json\/wp\/v2\/product\/292409\/revisions"}],"wp:featuredmedia":[{"embeddable":true,"href":"https:\/\/fashiongold.lt\/pl\/wp-json\/wp\/v2\/media\/83258"}],"wp:attachment":[{"href":"https:\/\/fashiongold.lt\/pl\/wp-json\/wp\/v2\/media?parent=292409"}],"wp:term":[{"taxonomy":"product_brand","embeddable":true,"href":"https:\/\/fashiongold.lt\/pl\/wp-json\/wp\/v2\/product_brand?post=292409"},{"taxonomy":"product_cat","embeddable":true,"href":"https:\/\/fashiongold.lt\/pl\/wp-json\/wp\/v2\/product_cat?post=292409"},{"taxonomy":"product_tag","embeddable":true,"href":"https:\/\/fashiongold.lt\/pl\/wp-json\/wp\/v2\/product_tag?post=292409"}],"curies":[{"name":"wp","href":"https:\/\/api.w.org\/{rel}","templated":true}]}}