{"id":292479,"date":"2025-10-10T00:04:03","date_gmt":"2025-10-10T00:04:03","guid":{"rendered":"https:\/\/fashiongold.lt\/papuosalas\/tajemnica-morskich-perel-zloty-lancuszek-z-perlami-morskimi\/"},"modified":"2025-10-10T00:04:03","modified_gmt":"2025-10-10T00:04:03","slug":"tajemnica-morskich-perel-zloty-lancuszek-z-perlami-morskimi","status":"publish","type":"product","link":"https:\/\/fashiongold.lt\/pl\/papuosalas\/tajemnica-morskich-perel-zloty-lancuszek-z-perlami-morskimi\/","title":{"rendered":"Tajemnica morskich pere\u0142 \u2013 z\u0142oty \u0142a\u0144cuszek z per\u0142ami morskimi"},"content":{"rendered":"<p>Wyprodukowano we W\u0142oszech. Per\u0142a roztacza harmoni\u0119 i spok\u00f3j w sercu. Ju\u017c w czasach staro\u017cytnych per\u0142y reprezentowa\u0142y pi\u0119kno, niewinno\u015b\u0107 i zmys\u0142owo\u015b\u0107, a wielu wierzy\u0142o, \u017ce mog\u0105 przyci\u0105ga\u0107 szcz\u0119\u015bcie oraz dobrobyt finansowy w\u0142a\u015bcicielowi.<\/p>\n<p>\u2022 Rodzaj pere\u0142: Czarne per\u0142y Tahiti i per\u0142y morskie Akoya<\/p>\n<p>\u2022 Kszta\u0142t pere\u0142: Okr\u0105g\u0142y (Round cut) i w kszta\u0142cie kropli<\/p>\n<p>\u2022 Charakterystyka pere\u0142: czarne &#8211; 8 mm i bia\u0142e &#8211; 5 mm AA+ (bardzo wysoka jako\u015b\u0107)<\/p>\n<p>\u2022 Certyfikat: Litewska Izba Probiercza (LPR)<\/p>\n<p>\u2022 Z\u0142oto produktu: 18K (pr\u00f3ba 750)<\/p>\n<p>\u2022 Kolor produktu: \u017c\u00f3\u0142te z\u0142oto<\/p>\n<p>\u2022 Waga produktu: 7,63 g<\/p>\n<p>\u2022 Wymiary produktu: \u0142a\u0144cuszek &#8211; 38,5 cm + 5 cm.<\/p>\n","protected":false},"excerpt":{"rendered":"<p>\u0141a\u0144cuszek z \u017c\u00f3\u0142tego z\u0142ota z czarnymi i bia\u0142ymi per\u0142ami morskimi. Unikalny design na co dzie\u0144 i na specjalne okazje.<\/p>\n","protected":false},"featured_media":83013,"template":"","meta":{"site-sidebar-layout":"","site-content-layout":"","ast-site-content-layout":"","site-content-style":"","site-sidebar-style":"","ast-global-header-display":"","ast-banner-title-visibility":"","ast-main-header-display":"","ast-hfb-above-header-display":"","ast-hfb-below-header-display":"","ast-hfb-mobile-header-display":"","site-post-title":"","ast-breadcrumbs-content":"","ast-featured-img":"","footer-sml-layout":"","ast-disable-related-posts":"","theme-transparent-header-meta":"","adv-header-id-meta":"","stick-header-meta":"","header-above-stick-meta":"","header-main-stick-meta":"","header-below-stick-meta":"","astra-migrate-meta-layouts":"default","ast-page-background-enabled":"default","ast-page-background-meta":{"desktop":{"background-color":"var(--ast-global-color-4)","background-image":"","background-repeat":"repeat","background-position":"center center","background-size":"auto","background-attachment":"scroll","background-type":"","background-media":"","overlay-type":"","overlay-color":"","overlay-opacity":"","overlay-gradient":""},"tablet":{"background-color":"","background-image":"","background-repeat":"repeat","background-position":"center center","background-size":"auto","background-attachment":"scroll","background-type":"","background-media":"","overlay-type":"","overlay-color":"","overlay-opacity":"","overlay-gradient":""},"mobile":{"background-color":"","background-image":"","background-repeat":"repeat","background-position":"center center","background-size":"auto","background-attachment":"scroll","background-type":"","background-media":"","overlay-type":"","overlay-color":"","overlay-opacity":"","overlay-gradient":""}},"ast-content-background-meta":{"desktop":{"background-color":"var(--ast-global-color-5)","background-image":"","background-repeat":"repeat","background-position":"center center","background-size":"auto","background-attachment":"scroll","background-type":"","background-media":"","overlay-type":"","overlay-color":"","overlay-opacity":"","overlay-gradient":""},"tablet":{"background-color":"var(--ast-global-color-5)","background-image":"","background-repeat":"repeat","background-position":"center center","background-size":"auto","background-attachment":"scroll","background-type":"","background-media":"","overlay-type":"","overlay-color":"","overlay-opacity":"","overlay-gradient":""},"mobile":{"background-color":"var(--ast-global-color-5)","background-image":"","background-repeat":"repeat","background-position":"center center","background-size":"auto","background-attachment":"scroll","background-type":"","background-media":"","overlay-type":"","overlay-color":"","overlay-opacity":"","overlay-gradient":""}}},"product_brand":[],"product_cat":[3044,2861,3263,2976,2853,2875,2876,2860,2857,2854,2855,3169,2859,2852,3363],"product_tag":[],"class_list":{"0":"post-292479","1":"product","2":"type-product","3":"status-publish","4":"has-post-thumbnail","6":"product_cat-bizuteria","7":"product_cat-bizuteria-z-zoltego-zlota","8":"product_cat-lancuszki-z-diamentami","9":"product_cat-perly-bizuteria-z-perlami","10":"product_cat-prezenty-dla-kobiet","11":"product_cat-prezenty-na-dzien-matki","12":"product_cat-prezenty-na-walentynki","13":"product_cat-prezenty-na-wyjatkowe-okazje","14":"product_cat-prezenty-swiateczne","15":"product_cat-prezenty-z-okazji-narodzin-dziecka","16":"product_cat-prezenty-z-okazji-rocznicy-slubu","17":"product_cat-prezenty-z-okazji-slubu","18":"product_cat-prezenty-z-okazji-ukonczenia-szkoly","19":"product_cat-prezenty-z-okazji-urodzin","20":"product_cat-zloty-lancuszek-z-zawieszka-z-perlami","21":"desktop-align-center","22":"tablet-align-left","23":"mobile-align-left","24":"ast-product-gallery-layout-horizontal-slider","25":"ast-product-gallery-with-no-image","26":"ast-product-tabs-layout-accordion","27":"ast-qv-on-image","29":"first","30":"instock","31":"taxable","32":"shipping-taxable","33":"purchasable","34":"product-type-simple"},"yoast_head":"<!-- This site is optimized with the Yoast SEO plugin v26.6 - https:\/\/yoast.com\/wordpress\/plugins\/seo\/ -->\n<title>Tajemnica morskich pere\u0142 \u2013 z\u0142oty \u0142a\u0144cuszek z per\u0142ami morskimi<\/title>\n<meta name=\"description\" content=\"\u0141a\u0144cuszek z \u017c\u00f3\u0142tego z\u0142ota z czarnymi i bia\u0142ymi per\u0142ami morskimi. Unikalny design na co dzie\u0144 i na specjalne okazje.\" \/>\n<meta name=\"robots\" content=\"index, follow, max-snippet:-1, max-image-preview:large, max-video-preview:-1\" \/>\n<link rel=\"canonical\" href=\"https:\/\/fashiongold.lt\/pl\/papuosalas\/tajemnica-morskich-perel-zloty-lancuszek-z-perlami-morskimi\/\" \/>\n<meta property=\"og:locale\" content=\"pl_PL\" \/>\n<meta property=\"og:type\" content=\"article\" \/>\n<meta property=\"og:title\" content=\"Tajemnica morskich pere\u0142 \u2013 z\u0142oty \u0142a\u0144cuszek z per\u0142ami morskimi\" \/>\n<meta property=\"og:description\" content=\"\u0141a\u0144cuszek z \u017c\u00f3\u0142tego z\u0142ota z czarnymi i bia\u0142ymi per\u0142ami morskimi. Unikalny design na co dzie\u0144 i na specjalne okazje.\" \/>\n<meta property=\"og:url\" content=\"https:\/\/fashiongold.lt\/pl\/papuosalas\/tajemnica-morskich-perel-zloty-lancuszek-z-perlami-morskimi\/\" \/>\n<meta property=\"og:site_name\" content=\"FashionGold.lt\" \/>\n<meta property=\"og:image\" content=\"https:\/\/fashiongold.lt\/wp-content\/uploads\/2025\/10\/6375-f24-Juros-perlu-paslaptis-auksine-grandinele-su-juriniais-perlais.webp\" \/>\n\t<meta property=\"og:image:width\" content=\"1000\" \/>\n\t<meta property=\"og:image:height\" content=\"1000\" \/>\n\t<meta property=\"og:image:type\" content=\"image\/png\" \/>\n<meta name=\"twitter:card\" content=\"summary_large_image\" \/>\n<meta name=\"twitter:label1\" content=\"Szacowany czas czytania\" \/>\n\t<meta name=\"twitter:data1\" content=\"1 minuta\" \/>\n<script type=\"application\/ld+json\" class=\"yoast-schema-graph\">{\"@context\":\"https:\/\/schema.org\",\"@graph\":[{\"@type\":\"WebPage\",\"@id\":\"https:\/\/fashiongold.lt\/pl\/papuosalas\/tajemnica-morskich-perel-zloty-lancuszek-z-perlami-morskimi\/\",\"url\":\"https:\/\/fashiongold.lt\/pl\/papuosalas\/tajemnica-morskich-perel-zloty-lancuszek-z-perlami-morskimi\/\",\"name\":\"Tajemnica morskich pere\u0142 \u2013 z\u0142oty \u0142a\u0144cuszek z per\u0142ami morskimi\",\"isPartOf\":{\"@id\":\"https:\/\/fashiongold.lt\/pl\/#website\"},\"primaryImageOfPage\":{\"@id\":\"https:\/\/fashiongold.lt\/pl\/papuosalas\/tajemnica-morskich-perel-zloty-lancuszek-z-perlami-morskimi\/#primaryimage\"},\"image\":{\"@id\":\"https:\/\/fashiongold.lt\/pl\/papuosalas\/tajemnica-morskich-perel-zloty-lancuszek-z-perlami-morskimi\/#primaryimage\"},\"thumbnailUrl\":\"https:\/\/fashiongold.lt\/wp-content\/uploads\/2025\/10\/6375-f24-Juros-perlu-paslaptis-auksine-grandinele-su-juriniais-perlais.png\",\"datePublished\":\"2025-10-10T00:04:03+00:00\",\"description\":\"\u0141a\u0144cuszek z \u017c\u00f3\u0142tego z\u0142ota z czarnymi i bia\u0142ymi per\u0142ami morskimi. Unikalny design na co dzie\u0144 i na specjalne okazje.\",\"breadcrumb\":{\"@id\":\"https:\/\/fashiongold.lt\/pl\/papuosalas\/tajemnica-morskich-perel-zloty-lancuszek-z-perlami-morskimi\/#breadcrumb\"},\"inLanguage\":\"pl-PL\",\"potentialAction\":[{\"@type\":\"ReadAction\",\"target\":[\"https:\/\/fashiongold.lt\/pl\/papuosalas\/tajemnica-morskich-perel-zloty-lancuszek-z-perlami-morskimi\/\"]}]},{\"@type\":\"ImageObject\",\"inLanguage\":\"pl-PL\",\"@id\":\"https:\/\/fashiongold.lt\/pl\/papuosalas\/tajemnica-morskich-perel-zloty-lancuszek-z-perlami-morskimi\/#primaryimage\",\"url\":\"https:\/\/fashiongold.lt\/wp-content\/uploads\/2025\/10\/6375-f24-Juros-perlu-paslaptis-auksine-grandinele-su-juriniais-perlais.png\",\"contentUrl\":\"https:\/\/fashiongold.lt\/wp-content\/uploads\/2025\/10\/6375-f24-Juros-perlu-paslaptis-auksine-grandinele-su-juriniais-perlais.png\",\"width\":1000,\"height\":1000},{\"@type\":\"BreadcrumbList\",\"@id\":\"https:\/\/fashiongold.lt\/pl\/papuosalas\/tajemnica-morskich-perel-zloty-lancuszek-z-perlami-morskimi\/#breadcrumb\",\"itemListElement\":[{\"@type\":\"ListItem\",\"position\":1,\"name\":\"Home\",\"item\":\"https:\/\/fashiongold.lt\/pl\/\"},{\"@type\":\"ListItem\",\"position\":2,\"name\":\"Sklep z diamentami Fashiongold.lt\",\"item\":\"https:\/\/fashiongold.lt\/shop-2\/\"},{\"@type\":\"ListItem\",\"position\":3,\"name\":\"Tajemnica morskich pere\u0142 \u2013 z\u0142oty \u0142a\u0144cuszek z per\u0142ami morskimi\"}]},{\"@type\":\"WebSite\",\"@id\":\"https:\/\/fashiongold.lt\/pl\/#website\",\"url\":\"https:\/\/fashiongold.lt\/pl\/\",\"name\":\"Fashion Gold\",\"description\":\"Juvelyrikos namai\",\"publisher\":{\"@id\":\"https:\/\/fashiongold.lt\/pl\/#organization\"},\"potentialAction\":[{\"@type\":\"SearchAction\",\"target\":{\"@type\":\"EntryPoint\",\"urlTemplate\":\"https:\/\/fashiongold.lt\/pl\/?s={search_term_string}\"},\"query-input\":{\"@type\":\"PropertyValueSpecification\",\"valueRequired\":true,\"valueName\":\"search_term_string\"}}],\"inLanguage\":\"pl-PL\"},{\"@type\":\"Organization\",\"@id\":\"https:\/\/fashiongold.lt\/pl\/#organization\",\"name\":\"Topdiamonds Online\",\"url\":\"https:\/\/fashiongold.lt\/pl\/\",\"logo\":{\"@type\":\"ImageObject\",\"inLanguage\":\"pl-PL\",\"@id\":\"https:\/\/fashiongold.lt\/pl\/#\/schema\/logo\/image\/\",\"url\":\"https:\/\/fashiongold.lt\/wp-content\/uploads\/2025\/04\/cropped-fashion_gold_logotipas2-scaled-1.png\",\"contentUrl\":\"https:\/\/fashiongold.lt\/wp-content\/uploads\/2025\/04\/cropped-fashion_gold_logotipas2-scaled-1.png\",\"width\":2559,\"height\":421,\"caption\":\"Topdiamonds Online\"},\"image\":{\"@id\":\"https:\/\/fashiongold.lt\/pl\/#\/schema\/logo\/image\/\"}}]}<\/script>\n<!-- \/ Yoast SEO plugin. -->","yoast_head_json":{"title":"Tajemnica morskich pere\u0142 \u2013 z\u0142oty \u0142a\u0144cuszek z per\u0142ami morskimi","description":"\u0141a\u0144cuszek z \u017c\u00f3\u0142tego z\u0142ota z czarnymi i bia\u0142ymi per\u0142ami morskimi. Unikalny design na co dzie\u0144 i na specjalne okazje.","robots":{"index":"index","follow":"follow","max-snippet":"max-snippet:-1","max-image-preview":"max-image-preview:large","max-video-preview":"max-video-preview:-1"},"canonical":"https:\/\/fashiongold.lt\/pl\/papuosalas\/tajemnica-morskich-perel-zloty-lancuszek-z-perlami-morskimi\/","og_locale":"pl_PL","og_type":"article","og_title":"Tajemnica morskich pere\u0142 \u2013 z\u0142oty \u0142a\u0144cuszek z per\u0142ami morskimi","og_description":"\u0141a\u0144cuszek z \u017c\u00f3\u0142tego z\u0142ota z czarnymi i bia\u0142ymi per\u0142ami morskimi. Unikalny design na co dzie\u0144 i na specjalne okazje.","og_url":"https:\/\/fashiongold.lt\/pl\/papuosalas\/tajemnica-morskich-perel-zloty-lancuszek-z-perlami-morskimi\/","og_site_name":"FashionGold.lt","og_image":[{"width":1000,"height":1000,"url":"https:\/\/fashiongold.lt\/wp-content\/uploads\/2025\/10\/6375-f24-Juros-perlu-paslaptis-auksine-grandinele-su-juriniais-perlais.webp","type":"image\/png"}],"twitter_card":"summary_large_image","twitter_misc":{"Szacowany czas czytania":"1 minuta"},"schema":{"@context":"https:\/\/schema.org","@graph":[{"@type":"WebPage","@id":"https:\/\/fashiongold.lt\/pl\/papuosalas\/tajemnica-morskich-perel-zloty-lancuszek-z-perlami-morskimi\/","url":"https:\/\/fashiongold.lt\/pl\/papuosalas\/tajemnica-morskich-perel-zloty-lancuszek-z-perlami-morskimi\/","name":"Tajemnica morskich pere\u0142 \u2013 z\u0142oty \u0142a\u0144cuszek z per\u0142ami morskimi","isPartOf":{"@id":"https:\/\/fashiongold.lt\/pl\/#website"},"primaryImageOfPage":{"@id":"https:\/\/fashiongold.lt\/pl\/papuosalas\/tajemnica-morskich-perel-zloty-lancuszek-z-perlami-morskimi\/#primaryimage"},"image":{"@id":"https:\/\/fashiongold.lt\/pl\/papuosalas\/tajemnica-morskich-perel-zloty-lancuszek-z-perlami-morskimi\/#primaryimage"},"thumbnailUrl":"https:\/\/fashiongold.lt\/wp-content\/uploads\/2025\/10\/6375-f24-Juros-perlu-paslaptis-auksine-grandinele-su-juriniais-perlais.png","datePublished":"2025-10-10T00:04:03+00:00","description":"\u0141a\u0144cuszek z \u017c\u00f3\u0142tego z\u0142ota z czarnymi i bia\u0142ymi per\u0142ami morskimi. Unikalny design na co dzie\u0144 i na specjalne okazje.","breadcrumb":{"@id":"https:\/\/fashiongold.lt\/pl\/papuosalas\/tajemnica-morskich-perel-zloty-lancuszek-z-perlami-morskimi\/#breadcrumb"},"inLanguage":"pl-PL","potentialAction":[{"@type":"ReadAction","target":["https:\/\/fashiongold.lt\/pl\/papuosalas\/tajemnica-morskich-perel-zloty-lancuszek-z-perlami-morskimi\/"]}]},{"@type":"ImageObject","inLanguage":"pl-PL","@id":"https:\/\/fashiongold.lt\/pl\/papuosalas\/tajemnica-morskich-perel-zloty-lancuszek-z-perlami-morskimi\/#primaryimage","url":"https:\/\/fashiongold.lt\/wp-content\/uploads\/2025\/10\/6375-f24-Juros-perlu-paslaptis-auksine-grandinele-su-juriniais-perlais.png","contentUrl":"https:\/\/fashiongold.lt\/wp-content\/uploads\/2025\/10\/6375-f24-Juros-perlu-paslaptis-auksine-grandinele-su-juriniais-perlais.png","width":1000,"height":1000},{"@type":"BreadcrumbList","@id":"https:\/\/fashiongold.lt\/pl\/papuosalas\/tajemnica-morskich-perel-zloty-lancuszek-z-perlami-morskimi\/#breadcrumb","itemListElement":[{"@type":"ListItem","position":1,"name":"Home","item":"https:\/\/fashiongold.lt\/pl\/"},{"@type":"ListItem","position":2,"name":"Sklep z diamentami Fashiongold.lt","item":"https:\/\/fashiongold.lt\/shop-2\/"},{"@type":"ListItem","position":3,"name":"Tajemnica morskich pere\u0142 \u2013 z\u0142oty \u0142a\u0144cuszek z per\u0142ami morskimi"}]},{"@type":"WebSite","@id":"https:\/\/fashiongold.lt\/pl\/#website","url":"https:\/\/fashiongold.lt\/pl\/","name":"Fashion Gold","description":"Juvelyrikos namai","publisher":{"@id":"https:\/\/fashiongold.lt\/pl\/#organization"},"potentialAction":[{"@type":"SearchAction","target":{"@type":"EntryPoint","urlTemplate":"https:\/\/fashiongold.lt\/pl\/?s={search_term_string}"},"query-input":{"@type":"PropertyValueSpecification","valueRequired":true,"valueName":"search_term_string"}}],"inLanguage":"pl-PL"},{"@type":"Organization","@id":"https:\/\/fashiongold.lt\/pl\/#organization","name":"Topdiamonds Online","url":"https:\/\/fashiongold.lt\/pl\/","logo":{"@type":"ImageObject","inLanguage":"pl-PL","@id":"https:\/\/fashiongold.lt\/pl\/#\/schema\/logo\/image\/","url":"https:\/\/fashiongold.lt\/wp-content\/uploads\/2025\/04\/cropped-fashion_gold_logotipas2-scaled-1.png","contentUrl":"https:\/\/fashiongold.lt\/wp-content\/uploads\/2025\/04\/cropped-fashion_gold_logotipas2-scaled-1.png","width":2559,"height":421,"caption":"Topdiamonds Online"},"image":{"@id":"https:\/\/fashiongold.lt\/pl\/#\/schema\/logo\/image\/"}}]}},"_links":{"self":[{"href":"https:\/\/fashiongold.lt\/pl\/wp-json\/wp\/v2\/product\/292479","targetHints":{"allow":["GET"]}}],"collection":[{"href":"https:\/\/fashiongold.lt\/pl\/wp-json\/wp\/v2\/product"}],"about":[{"href":"https:\/\/fashiongold.lt\/pl\/wp-json\/wp\/v2\/types\/product"}],"version-history":[{"count":0,"href":"https:\/\/fashiongold.lt\/pl\/wp-json\/wp\/v2\/product\/292479\/revisions"}],"wp:featuredmedia":[{"embeddable":true,"href":"https:\/\/fashiongold.lt\/pl\/wp-json\/wp\/v2\/media\/83013"}],"wp:attachment":[{"href":"https:\/\/fashiongold.lt\/pl\/wp-json\/wp\/v2\/media?parent=292479"}],"wp:term":[{"taxonomy":"product_brand","embeddable":true,"href":"https:\/\/fashiongold.lt\/pl\/wp-json\/wp\/v2\/product_brand?post=292479"},{"taxonomy":"product_cat","embeddable":true,"href":"https:\/\/fashiongold.lt\/pl\/wp-json\/wp\/v2\/product_cat?post=292479"},{"taxonomy":"product_tag","embeddable":true,"href":"https:\/\/fashiongold.lt\/pl\/wp-json\/wp\/v2\/product_tag?post=292479"}],"curies":[{"name":"wp","href":"https:\/\/api.w.org\/{rel}","templated":true}]}}