{"id":292484,"date":"2025-10-10T00:04:03","date_gmt":"2025-10-10T00:04:03","guid":{"rendered":"https:\/\/fashiongold.lt\/papuosalas\/perla-tahiti-zlota-zawieszka-z-perla-morska-tahiti-8mm\/"},"modified":"2025-10-10T00:04:03","modified_gmt":"2025-10-10T00:04:03","slug":"perla-tahiti-zlota-zawieszka-z-perla-morska-tahiti-8mm","status":"publish","type":"product","link":"https:\/\/fashiongold.lt\/pl\/papuosalas\/perla-tahiti-zlota-zawieszka-z-perla-morska-tahiti-8mm\/","title":{"rendered":"Per\u0142a Tahiti \u2013 z\u0142ota zawieszka z per\u0142\u0105 morsk\u0105 (Tahiti, 8mm)"},"content":{"rendered":"<p>Wyprodukowano na Litwie. Czarna per\u0142a to symbol m\u0105dro\u015bci, przypisuje si\u0119 jej magiczne w\u0142a\u015bciwo\u015bci chroni\u0105ce przed z\u0142ym okiem, przekle\u0144stwami i z\u0142ymi duchami. To wyj\u0105tkowy amulet dla silnych, pewnych siebie kobiet. Naszyjnik z zawieszk\u0105 mo\u017ce zosta\u0107 wykonany na zam\u00f3wienie: z czerwonego, \u017c\u00f3\u0142tego oraz bia\u0142ego z\u0142ota.   <\/p>\n<p>\u2022 Rodzaj per\u0142y: Czarna per\u0142a morska z Tahiti   <\/p>\n<p>\u2022 Kszta\u0142t per\u0142y: Okr\u0105g\u0142y (Round cut)   <\/p>\n<p>\u2022 Charakterystyka per\u0142y: 8 mm, AA+ (bardzo wysoka jako\u015b\u0107)<\/p>\n<p>\u2022 Certyfikat: Litewski Urz\u0105d Probierczy (LPR)      <\/p>\n<p>\u2022 Z\u0142oto w wyrobie: 14K (pr\u00f3ba 585)      <\/p>\n<p>\u2022 Kolor produktu: \u017c\u00f3\u0142te z\u0142oto      <\/p>\n<p>\u2022 Waga produktu: 1,05 g   <\/p>\n<p>\u2022 Wymiary produktu: 14 mm<\/p>\n","protected":false},"excerpt":{"rendered":"<p>Zawieszka z czarn\u0105 per\u0142\u0105 z \u017c\u00f3\u0142tego z\u0142ota \u2013 wygodna w noszeniu \u2013 morska czarna per\u0142a Tahiti 8 mm. Unikalny talizman, doskona\u0142y prezent dla silnych, pewnych siebie kobiet. Uwiecznij chwil\u0119 z t\u0105 wyj\u0105tkow\u0105 zawieszk\u0105.<\/p>\n","protected":false},"featured_media":83006,"template":"","meta":{"site-sidebar-layout":"default","site-content-layout":"","ast-site-content-layout":"default","site-content-style":"default","site-sidebar-style":"default","ast-global-header-display":"","ast-banner-title-visibility":"","ast-main-header-display":"","ast-hfb-above-header-display":"","ast-hfb-below-header-display":"","ast-hfb-mobile-header-display":"","site-post-title":"","ast-breadcrumbs-content":"","ast-featured-img":"","footer-sml-layout":"","ast-disable-related-posts":"","theme-transparent-header-meta":"default","adv-header-id-meta":"","stick-header-meta":"","header-above-stick-meta":"","header-main-stick-meta":"","header-below-stick-meta":"","astra-migrate-meta-layouts":"default","ast-page-background-enabled":"default","ast-page-background-meta":{"desktop":{"background-color":"var(--ast-global-color-4)","background-image":"","background-repeat":"repeat","background-position":"center center","background-size":"auto","background-attachment":"scroll","background-type":"","background-media":"","overlay-type":"","overlay-color":"","overlay-opacity":"","overlay-gradient":""},"tablet":{"background-color":"","background-image":"","background-repeat":"repeat","background-position":"center center","background-size":"auto","background-attachment":"scroll","background-type":"","background-media":"","overlay-type":"","overlay-color":"","overlay-opacity":"","overlay-gradient":""},"mobile":{"background-color":"","background-image":"","background-repeat":"repeat","background-position":"center center","background-size":"auto","background-attachment":"scroll","background-type":"","background-media":"","overlay-type":"","overlay-color":"","overlay-opacity":"","overlay-gradient":""}},"ast-content-background-meta":{"desktop":{"background-color":"var(--ast-global-color-5)","background-image":"","background-repeat":"repeat","background-position":"center center","background-size":"auto","background-attachment":"scroll","background-type":"","background-media":"","overlay-type":"","overlay-color":"","overlay-opacity":"","overlay-gradient":""},"tablet":{"background-color":"var(--ast-global-color-5)","background-image":"","background-repeat":"repeat","background-position":"center center","background-size":"auto","background-attachment":"scroll","background-type":"","background-media":"","overlay-type":"","overlay-color":"","overlay-opacity":"","overlay-gradient":""},"mobile":{"background-color":"var(--ast-global-color-5)","background-image":"","background-repeat":"repeat","background-position":"center center","background-size":"auto","background-attachment":"scroll","background-type":"","background-media":"","overlay-type":"","overlay-color":"","overlay-opacity":"","overlay-gradient":""}}},"product_brand":[],"product_cat":[3044,2861,2976,3166,2853,3165,2875,2876,2860,2857,2854,2855,3169,2859,2852,3051],"product_tag":[],"class_list":{"0":"post-292484","1":"product","2":"type-product","3":"status-publish","4":"has-post-thumbnail","6":"product_cat-bizuteria","7":"product_cat-bizuteria-z-zoltego-zlota","8":"product_cat-perly-bizuteria-z-perlami","9":"product_cat-prezent-z-okazji-pierwszej-komunii-swietej","10":"product_cat-prezenty-dla-kobiet","11":"product_cat-prezenty-na-chrzest","12":"product_cat-prezenty-na-dzien-matki","13":"product_cat-prezenty-na-walentynki","14":"product_cat-prezenty-na-wyjatkowe-okazje","15":"product_cat-prezenty-swiateczne","16":"product_cat-prezenty-z-okazji-narodzin-dziecka","17":"product_cat-prezenty-z-okazji-rocznicy-slubu","18":"product_cat-prezenty-z-okazji-slubu","19":"product_cat-prezenty-z-okazji-ukonczenia-szkoly","20":"product_cat-prezenty-z-okazji-urodzin","21":"product_cat-zawieszki-z-diamentami","22":"desktop-align-center","23":"tablet-align-left","24":"mobile-align-left","25":"ast-product-gallery-layout-horizontal-slider","26":"ast-product-tabs-layout-accordion","27":"ast-qv-on-image","29":"first","30":"instock","31":"taxable","32":"shipping-taxable","33":"purchasable","34":"product-type-simple"},"yoast_head":"<!-- This site is optimized with the Yoast SEO plugin v26.6 - https:\/\/yoast.com\/wordpress\/plugins\/seo\/ -->\n<title>Per\u0142a Tahiti \u2013 z\u0142ota zawieszka z per\u0142\u0105 morsk\u0105<\/title>\n<meta name=\"description\" content=\"Zawieszka z czarn\u0105 per\u0142\u0105 - 8 mm morska czarna per\u0142a Tahiti. Unikalna zawieszka talizman, doskona\u0142y prezent dla silnych, pewnych siebie kobiet.\" \/>\n<meta name=\"robots\" content=\"index, follow, max-snippet:-1, max-image-preview:large, max-video-preview:-1\" \/>\n<link rel=\"canonical\" href=\"https:\/\/fashiongold.lt\/pl\/papuosalas\/perla-tahiti-zlota-zawieszka-z-perla-morska-tahiti-8mm\/\" \/>\n<meta property=\"og:locale\" content=\"pl_PL\" \/>\n<meta property=\"og:type\" content=\"article\" \/>\n<meta property=\"og:title\" content=\"Per\u0142a Tahiti \u2013 z\u0142ota zawieszka z per\u0142\u0105 morsk\u0105\" \/>\n<meta property=\"og:description\" content=\"Zawieszka z czarn\u0105 per\u0142\u0105 - 8 mm morska czarna per\u0142a Tahiti. Unikalna zawieszka talizman, doskona\u0142y prezent dla silnych, pewnych siebie kobiet.\" \/>\n<meta property=\"og:url\" content=\"https:\/\/fashiongold.lt\/pl\/papuosalas\/perla-tahiti-zlota-zawieszka-z-perla-morska-tahiti-8mm\/\" \/>\n<meta property=\"og:site_name\" content=\"FashionGold.lt\" \/>\n<meta property=\"og:image\" content=\"https:\/\/fashiongold.lt\/wp-content\/uploads\/2025\/10\/6372-a2b-Taicio-perlas-auksinis-pakabukas-su-juriniu-perlu-Tahiti-8mm.webp\" \/>\n\t<meta property=\"og:image:width\" content=\"1513\" \/>\n\t<meta property=\"og:image:height\" content=\"1513\" \/>\n\t<meta property=\"og:image:type\" content=\"image\/png\" \/>\n<meta name=\"twitter:card\" content=\"summary_large_image\" \/>\n<meta name=\"twitter:label1\" content=\"Szacowany czas czytania\" \/>\n\t<meta name=\"twitter:data1\" content=\"1 minuta\" \/>\n<script type=\"application\/ld+json\" class=\"yoast-schema-graph\">{\"@context\":\"https:\/\/schema.org\",\"@graph\":[{\"@type\":\"WebPage\",\"@id\":\"https:\/\/fashiongold.lt\/pl\/papuosalas\/perla-tahiti-zlota-zawieszka-z-perla-morska-tahiti-8mm\/\",\"url\":\"https:\/\/fashiongold.lt\/pl\/papuosalas\/perla-tahiti-zlota-zawieszka-z-perla-morska-tahiti-8mm\/\",\"name\":\"Per\u0142a Tahiti \u2013 z\u0142ota zawieszka z per\u0142\u0105 morsk\u0105\",\"isPartOf\":{\"@id\":\"https:\/\/fashiongold.lt\/pl\/#website\"},\"primaryImageOfPage\":{\"@id\":\"https:\/\/fashiongold.lt\/pl\/papuosalas\/perla-tahiti-zlota-zawieszka-z-perla-morska-tahiti-8mm\/#primaryimage\"},\"image\":{\"@id\":\"https:\/\/fashiongold.lt\/pl\/papuosalas\/perla-tahiti-zlota-zawieszka-z-perla-morska-tahiti-8mm\/#primaryimage\"},\"thumbnailUrl\":\"https:\/\/fashiongold.lt\/wp-content\/uploads\/2025\/10\/6372-a2b-Taicio-perlas-auksinis-pakabukas-su-juriniu-perlu-Tahiti-8mm.png\",\"datePublished\":\"2025-10-10T00:04:03+00:00\",\"description\":\"Zawieszka z czarn\u0105 per\u0142\u0105 - 8 mm morska czarna per\u0142a Tahiti. Unikalna zawieszka talizman, doskona\u0142y prezent dla silnych, pewnych siebie kobiet.\",\"breadcrumb\":{\"@id\":\"https:\/\/fashiongold.lt\/pl\/papuosalas\/perla-tahiti-zlota-zawieszka-z-perla-morska-tahiti-8mm\/#breadcrumb\"},\"inLanguage\":\"pl-PL\",\"potentialAction\":[{\"@type\":\"ReadAction\",\"target\":[\"https:\/\/fashiongold.lt\/pl\/papuosalas\/perla-tahiti-zlota-zawieszka-z-perla-morska-tahiti-8mm\/\"]}]},{\"@type\":\"ImageObject\",\"inLanguage\":\"pl-PL\",\"@id\":\"https:\/\/fashiongold.lt\/pl\/papuosalas\/perla-tahiti-zlota-zawieszka-z-perla-morska-tahiti-8mm\/#primaryimage\",\"url\":\"https:\/\/fashiongold.lt\/wp-content\/uploads\/2025\/10\/6372-a2b-Taicio-perlas-auksinis-pakabukas-su-juriniu-perlu-Tahiti-8mm.png\",\"contentUrl\":\"https:\/\/fashiongold.lt\/wp-content\/uploads\/2025\/10\/6372-a2b-Taicio-perlas-auksinis-pakabukas-su-juriniu-perlu-Tahiti-8mm.png\",\"width\":1513,\"height\":1513},{\"@type\":\"BreadcrumbList\",\"@id\":\"https:\/\/fashiongold.lt\/pl\/papuosalas\/perla-tahiti-zlota-zawieszka-z-perla-morska-tahiti-8mm\/#breadcrumb\",\"itemListElement\":[{\"@type\":\"ListItem\",\"position\":1,\"name\":\"Home\",\"item\":\"https:\/\/fashiongold.lt\/pl\/\"},{\"@type\":\"ListItem\",\"position\":2,\"name\":\"Sklep z diamentami Fashiongold.lt\",\"item\":\"https:\/\/fashiongold.lt\/shop-2\/\"},{\"@type\":\"ListItem\",\"position\":3,\"name\":\"Per\u0142a Tahiti \u2013 z\u0142ota zawieszka z per\u0142\u0105 morsk\u0105 (Tahiti, 8mm)\"}]},{\"@type\":\"WebSite\",\"@id\":\"https:\/\/fashiongold.lt\/pl\/#website\",\"url\":\"https:\/\/fashiongold.lt\/pl\/\",\"name\":\"Fashion Gold\",\"description\":\"Juvelyrikos namai\",\"publisher\":{\"@id\":\"https:\/\/fashiongold.lt\/pl\/#organization\"},\"potentialAction\":[{\"@type\":\"SearchAction\",\"target\":{\"@type\":\"EntryPoint\",\"urlTemplate\":\"https:\/\/fashiongold.lt\/pl\/?s={search_term_string}\"},\"query-input\":{\"@type\":\"PropertyValueSpecification\",\"valueRequired\":true,\"valueName\":\"search_term_string\"}}],\"inLanguage\":\"pl-PL\"},{\"@type\":\"Organization\",\"@id\":\"https:\/\/fashiongold.lt\/pl\/#organization\",\"name\":\"Topdiamonds Online\",\"url\":\"https:\/\/fashiongold.lt\/pl\/\",\"logo\":{\"@type\":\"ImageObject\",\"inLanguage\":\"pl-PL\",\"@id\":\"https:\/\/fashiongold.lt\/pl\/#\/schema\/logo\/image\/\",\"url\":\"https:\/\/fashiongold.lt\/wp-content\/uploads\/2025\/04\/cropped-fashion_gold_logotipas2-scaled-1.png\",\"contentUrl\":\"https:\/\/fashiongold.lt\/wp-content\/uploads\/2025\/04\/cropped-fashion_gold_logotipas2-scaled-1.png\",\"width\":2559,\"height\":421,\"caption\":\"Topdiamonds Online\"},\"image\":{\"@id\":\"https:\/\/fashiongold.lt\/pl\/#\/schema\/logo\/image\/\"}}]}<\/script>\n<!-- \/ Yoast SEO plugin. -->","yoast_head_json":{"title":"Per\u0142a Tahiti \u2013 z\u0142ota zawieszka z per\u0142\u0105 morsk\u0105","description":"Zawieszka z czarn\u0105 per\u0142\u0105 - 8 mm morska czarna per\u0142a Tahiti. Unikalna zawieszka talizman, doskona\u0142y prezent dla silnych, pewnych siebie kobiet.","robots":{"index":"index","follow":"follow","max-snippet":"max-snippet:-1","max-image-preview":"max-image-preview:large","max-video-preview":"max-video-preview:-1"},"canonical":"https:\/\/fashiongold.lt\/pl\/papuosalas\/perla-tahiti-zlota-zawieszka-z-perla-morska-tahiti-8mm\/","og_locale":"pl_PL","og_type":"article","og_title":"Per\u0142a Tahiti \u2013 z\u0142ota zawieszka z per\u0142\u0105 morsk\u0105","og_description":"Zawieszka z czarn\u0105 per\u0142\u0105 - 8 mm morska czarna per\u0142a Tahiti. Unikalna zawieszka talizman, doskona\u0142y prezent dla silnych, pewnych siebie kobiet.","og_url":"https:\/\/fashiongold.lt\/pl\/papuosalas\/perla-tahiti-zlota-zawieszka-z-perla-morska-tahiti-8mm\/","og_site_name":"FashionGold.lt","og_image":[{"width":1513,"height":1513,"url":"https:\/\/fashiongold.lt\/wp-content\/uploads\/2025\/10\/6372-a2b-Taicio-perlas-auksinis-pakabukas-su-juriniu-perlu-Tahiti-8mm.webp","type":"image\/png"}],"twitter_card":"summary_large_image","twitter_misc":{"Szacowany czas czytania":"1 minuta"},"schema":{"@context":"https:\/\/schema.org","@graph":[{"@type":"WebPage","@id":"https:\/\/fashiongold.lt\/pl\/papuosalas\/perla-tahiti-zlota-zawieszka-z-perla-morska-tahiti-8mm\/","url":"https:\/\/fashiongold.lt\/pl\/papuosalas\/perla-tahiti-zlota-zawieszka-z-perla-morska-tahiti-8mm\/","name":"Per\u0142a Tahiti \u2013 z\u0142ota zawieszka z per\u0142\u0105 morsk\u0105","isPartOf":{"@id":"https:\/\/fashiongold.lt\/pl\/#website"},"primaryImageOfPage":{"@id":"https:\/\/fashiongold.lt\/pl\/papuosalas\/perla-tahiti-zlota-zawieszka-z-perla-morska-tahiti-8mm\/#primaryimage"},"image":{"@id":"https:\/\/fashiongold.lt\/pl\/papuosalas\/perla-tahiti-zlota-zawieszka-z-perla-morska-tahiti-8mm\/#primaryimage"},"thumbnailUrl":"https:\/\/fashiongold.lt\/wp-content\/uploads\/2025\/10\/6372-a2b-Taicio-perlas-auksinis-pakabukas-su-juriniu-perlu-Tahiti-8mm.png","datePublished":"2025-10-10T00:04:03+00:00","description":"Zawieszka z czarn\u0105 per\u0142\u0105 - 8 mm morska czarna per\u0142a Tahiti. Unikalna zawieszka talizman, doskona\u0142y prezent dla silnych, pewnych siebie kobiet.","breadcrumb":{"@id":"https:\/\/fashiongold.lt\/pl\/papuosalas\/perla-tahiti-zlota-zawieszka-z-perla-morska-tahiti-8mm\/#breadcrumb"},"inLanguage":"pl-PL","potentialAction":[{"@type":"ReadAction","target":["https:\/\/fashiongold.lt\/pl\/papuosalas\/perla-tahiti-zlota-zawieszka-z-perla-morska-tahiti-8mm\/"]}]},{"@type":"ImageObject","inLanguage":"pl-PL","@id":"https:\/\/fashiongold.lt\/pl\/papuosalas\/perla-tahiti-zlota-zawieszka-z-perla-morska-tahiti-8mm\/#primaryimage","url":"https:\/\/fashiongold.lt\/wp-content\/uploads\/2025\/10\/6372-a2b-Taicio-perlas-auksinis-pakabukas-su-juriniu-perlu-Tahiti-8mm.png","contentUrl":"https:\/\/fashiongold.lt\/wp-content\/uploads\/2025\/10\/6372-a2b-Taicio-perlas-auksinis-pakabukas-su-juriniu-perlu-Tahiti-8mm.png","width":1513,"height":1513},{"@type":"BreadcrumbList","@id":"https:\/\/fashiongold.lt\/pl\/papuosalas\/perla-tahiti-zlota-zawieszka-z-perla-morska-tahiti-8mm\/#breadcrumb","itemListElement":[{"@type":"ListItem","position":1,"name":"Home","item":"https:\/\/fashiongold.lt\/pl\/"},{"@type":"ListItem","position":2,"name":"Sklep z diamentami Fashiongold.lt","item":"https:\/\/fashiongold.lt\/shop-2\/"},{"@type":"ListItem","position":3,"name":"Per\u0142a Tahiti \u2013 z\u0142ota zawieszka z per\u0142\u0105 morsk\u0105 (Tahiti, 8mm)"}]},{"@type":"WebSite","@id":"https:\/\/fashiongold.lt\/pl\/#website","url":"https:\/\/fashiongold.lt\/pl\/","name":"Fashion Gold","description":"Juvelyrikos namai","publisher":{"@id":"https:\/\/fashiongold.lt\/pl\/#organization"},"potentialAction":[{"@type":"SearchAction","target":{"@type":"EntryPoint","urlTemplate":"https:\/\/fashiongold.lt\/pl\/?s={search_term_string}"},"query-input":{"@type":"PropertyValueSpecification","valueRequired":true,"valueName":"search_term_string"}}],"inLanguage":"pl-PL"},{"@type":"Organization","@id":"https:\/\/fashiongold.lt\/pl\/#organization","name":"Topdiamonds Online","url":"https:\/\/fashiongold.lt\/pl\/","logo":{"@type":"ImageObject","inLanguage":"pl-PL","@id":"https:\/\/fashiongold.lt\/pl\/#\/schema\/logo\/image\/","url":"https:\/\/fashiongold.lt\/wp-content\/uploads\/2025\/04\/cropped-fashion_gold_logotipas2-scaled-1.png","contentUrl":"https:\/\/fashiongold.lt\/wp-content\/uploads\/2025\/04\/cropped-fashion_gold_logotipas2-scaled-1.png","width":2559,"height":421,"caption":"Topdiamonds Online"},"image":{"@id":"https:\/\/fashiongold.lt\/pl\/#\/schema\/logo\/image\/"}}]}},"_links":{"self":[{"href":"https:\/\/fashiongold.lt\/pl\/wp-json\/wp\/v2\/product\/292484","targetHints":{"allow":["GET"]}}],"collection":[{"href":"https:\/\/fashiongold.lt\/pl\/wp-json\/wp\/v2\/product"}],"about":[{"href":"https:\/\/fashiongold.lt\/pl\/wp-json\/wp\/v2\/types\/product"}],"version-history":[{"count":0,"href":"https:\/\/fashiongold.lt\/pl\/wp-json\/wp\/v2\/product\/292484\/revisions"}],"wp:featuredmedia":[{"embeddable":true,"href":"https:\/\/fashiongold.lt\/pl\/wp-json\/wp\/v2\/media\/83006"}],"wp:attachment":[{"href":"https:\/\/fashiongold.lt\/pl\/wp-json\/wp\/v2\/media?parent=292484"}],"wp:term":[{"taxonomy":"product_brand","embeddable":true,"href":"https:\/\/fashiongold.lt\/pl\/wp-json\/wp\/v2\/product_brand?post=292484"},{"taxonomy":"product_cat","embeddable":true,"href":"https:\/\/fashiongold.lt\/pl\/wp-json\/wp\/v2\/product_cat?post=292484"},{"taxonomy":"product_tag","embeddable":true,"href":"https:\/\/fashiongold.lt\/pl\/wp-json\/wp\/v2\/product_tag?post=292484"}],"curies":[{"name":"wp","href":"https:\/\/api.w.org\/{rel}","templated":true}]}}