{"id":292524,"date":"2025-10-09T23:56:12","date_gmt":"2025-10-09T23:56:12","guid":{"rendered":"https:\/\/fashiongold.lt\/papuosalas\/nowoczesnosc-granatu-pierscionek-z-zoltego-zlota-z-granatem-i-diamentami-133-ct\/"},"modified":"2025-10-09T23:56:12","modified_gmt":"2025-10-09T23:56:12","slug":"nowoczesnosc-granatu-pierscionek-z-zoltego-zlota-z-granatem-i-diamentami-133-ct","status":"publish","type":"product","link":"https:\/\/fashiongold.lt\/pl\/papuosalas\/nowoczesnosc-granatu-pierscionek-z-zoltego-zlota-z-granatem-i-diamentami-133-ct\/","title":{"rendered":"Nowoczesno\u015b\u0107 granatu \u2013 pier\u015bcionek z \u017c\u00f3\u0142tego z\u0142ota z granatem i diamentami (1,33 ct)"},"content":{"rendered":"<p style=\"box-sizing: inherit; margin: 0px; background-color: #fbfbfb;\"><span style=\"color: #777777; font-family: Roboto;\"><span style=\"font-size: 16px;\">Wyprodukowano na Litwie. Pier\u015bcionek mo\u017ce zosta\u0107 wykonany na zam\u00f3wienie: z czerwonego, \u017c\u00f3\u0142tego oraz bia\u0142ego z\u0142ota.\u00a0<\/span><\/span><span style=\"background-color: #fafbfc; font-size: 16px;\"><span style=\"color: #777777; font-family: Roboto;\">Granat \u2013 symbol pasji i energii, nazywany kamieniem \u017cycia. Piel\u0119gnuj\u0105cy si\u0142y i energi\u0119. Szczeg\u00f3lnie ceniony jako talizman mi\u0142o\u015bci, pomaga rozwija\u0107 cechy przyw\u00f3dcze i wspina\u0107 si\u0119 po szczeblach kariery.<\/span><\/span><\/p>\n<p style=\"box-sizing: inherit; margin: 0px; background-color: #fbfbfb;\"><span style=\"font-size: 16px; color: #777777; font-family: Roboto;\">\u2022 Typ diamentu: Naturalny diament\u00a0<\/span><\/p>\n<p style=\"box-sizing: inherit; margin: 0px; background-color: #fbfbfb;\"><span style=\"color: #777777; font-family: Roboto;\"><span style=\"font-size: 16px;\">\u2022 Kszta\u0142t diamentu: Okr\u0105g\u0142y (Round cut)\u00a0 <\/span><\/span><\/p>\n<p style=\"box-sizing: inherit; margin: 0px; background-color: #fbfbfb;\"><span style=\"color: #777777; font-family: Roboto;\"><span style=\"font-size: 16px;\">\u2022 Charakterystyka diamentu: 0,03 ct, kolor H-I(W-STW); czysto\u015b\u0107 SI\u00a0 <\/span><\/span><\/p>\n<p style=\"box-sizing: inherit; margin: 0px; background-color: #fbfbfb;\"><span style=\"color: #777777; font-family: Roboto;\"><span style=\"font-size: 16px;\">\u2022 Kamie\u0144 centralny: Granat o kszta\u0142cie prostok\u0105tnym 1,30 ct\u00a0 \u00a0<\/span><\/span><\/p>\n<p style=\"box-sizing: inherit; margin: 0px; background-color: #fbfbfb;\"><span style=\"color: #777777; font-family: Roboto;\"><span style=\"font-size: 16px;\">\u2022 Certyfikat: Litewski Urz\u0105d Probierczy (LPR)\u00a0 \u00a0<\/span><\/span><\/p>\n<p style=\"box-sizing: inherit; margin: 0px; background-color: #fbfbfb;\"><span style=\"color: #777777; font-family: Roboto;\"><span style=\"font-size: 16px;\">\u2022 Z\u0142oto pier\u015bcionka: 14K (pr\u00f3ba 585)\u00a0 \u00a0<\/span><\/span><\/p>\n<p style=\"box-sizing: inherit; margin: 0px; background-color: #fbfbfb;\"><span style=\"color: #777777; font-family: Roboto;\"><span style=\"font-size: 16px;\">\u2022 Kolor pier\u015bcionka: \u017c\u00f3\u0142te z\u0142oto\u00a0 \u00a0 \u00a0<\/span><\/span><\/p>\n<p style=\"box-sizing: inherit; margin: 0px; background-color: #fbfbfb;\"><span style=\"color: #777777; font-family: Roboto;\"><span style=\"font-size: 16px;\">\u2022 Waga pier\u015bcionka: oko\u0142o 1,90 &#8211; 2,30 g\u00a0 \u00a0<\/span><\/span><\/p>\n<p style=\"box-sizing: inherit; margin: 0px; background-color: #fbfbfb;\"><span style=\"color: #777777; font-family: Roboto;\"><span style=\"font-size: 16px;\">\u2022 Wymiary pier\u015bcionka: korona ok. 7,20 mm, szyna &#8211; 2,00 mm<\/span><\/span><\/p>\n","protected":false},"excerpt":{"rendered":"<p>Pier\u015bcionek z \u017c\u00f3\u0142tego z\u0142ota z prostok\u0105tnym granatem i diamentami. Granat w centrum, diamenty rozmieszczone po obu stronach. Idealnie nadaje si\u0119 na zar\u0119czyny i na co dzie\u0144, dodaj\u0105c luksusowy akcent Twojemu stylowi.<\/p>\n","protected":false},"featured_media":82640,"template":"","meta":{"site-sidebar-layout":"","site-content-layout":"","ast-site-content-layout":"","site-content-style":"","site-sidebar-style":"","ast-global-header-display":"","ast-banner-title-visibility":"","ast-main-header-display":"","ast-hfb-above-header-display":"","ast-hfb-below-header-display":"","ast-hfb-mobile-header-display":"","site-post-title":"","ast-breadcrumbs-content":"","ast-featured-img":"","footer-sml-layout":"","ast-disable-related-posts":"","theme-transparent-header-meta":"","adv-header-id-meta":"","stick-header-meta":"","header-above-stick-meta":"","header-main-stick-meta":"","header-below-stick-meta":"","astra-migrate-meta-layouts":"default","ast-page-background-enabled":"default","ast-page-background-meta":{"desktop":{"background-color":"var(--ast-global-color-4)","background-image":"","background-repeat":"repeat","background-position":"center center","background-size":"auto","background-attachment":"scroll","background-type":"","background-media":"","overlay-type":"","overlay-color":"","overlay-opacity":"","overlay-gradient":""},"tablet":{"background-color":"","background-image":"","background-repeat":"repeat","background-position":"center center","background-size":"auto","background-attachment":"scroll","background-type":"","background-media":"","overlay-type":"","overlay-color":"","overlay-opacity":"","overlay-gradient":""},"mobile":{"background-color":"","background-image":"","background-repeat":"repeat","background-position":"center center","background-size":"auto","background-attachment":"scroll","background-type":"","background-media":"","overlay-type":"","overlay-color":"","overlay-opacity":"","overlay-gradient":""}},"ast-content-background-meta":{"desktop":{"background-color":"var(--ast-global-color-5)","background-image":"","background-repeat":"repeat","background-position":"center center","background-size":"auto","background-attachment":"scroll","background-type":"","background-media":"","overlay-type":"","overlay-color":"","overlay-opacity":"","overlay-gradient":""},"tablet":{"background-color":"var(--ast-global-color-5)","background-image":"","background-repeat":"repeat","background-position":"center center","background-size":"auto","background-attachment":"scroll","background-type":"","background-media":"","overlay-type":"","overlay-color":"","overlay-opacity":"","overlay-gradient":""},"mobile":{"background-color":"var(--ast-global-color-5)","background-image":"","background-repeat":"repeat","background-position":"center center","background-size":"auto","background-attachment":"scroll","background-type":"","background-media":"","overlay-type":"","overlay-color":"","overlay-opacity":"","overlay-gradient":""}}},"product_brand":[],"product_cat":[3044,2877,2861,2853,2875,2876,2857,2854,2855,3169,2859,2852],"product_tag":[],"class_list":{"0":"post-292524","1":"product","2":"type-product","3":"status-publish","4":"has-post-thumbnail","6":"product_cat-bizuteria","7":"product_cat-bizuteria-z-kamieniami-polszlachetnymi","8":"product_cat-bizuteria-z-zoltego-zlota","9":"product_cat-prezenty-dla-kobiet","10":"product_cat-prezenty-na-dzien-matki","11":"product_cat-prezenty-na-walentynki","12":"product_cat-prezenty-swiateczne","13":"product_cat-prezenty-z-okazji-narodzin-dziecka","14":"product_cat-prezenty-z-okazji-rocznicy-slubu","15":"product_cat-prezenty-z-okazji-slubu","16":"product_cat-prezenty-z-okazji-ukonczenia-szkoly","17":"product_cat-prezenty-z-okazji-urodzin","18":"desktop-align-center","19":"tablet-align-left","20":"mobile-align-left","21":"ast-product-gallery-layout-horizontal-slider","22":"ast-product-gallery-with-no-image","23":"ast-product-single-variable","24":"ast-product-tabs-layout-accordion","25":"ast-qv-on-image","27":"first","28":"instock","29":"taxable","30":"shipping-taxable","31":"purchasable","32":"product-type-variable"},"yoast_head":"<!-- This site is optimized with the Yoast SEO plugin v26.6 - https:\/\/yoast.com\/wordpress\/plugins\/seo\/ -->\n<title>Nowoczesno\u015b\u0107 granatu - pier\u015bcionek z \u017c\u00f3\u0142tego z\u0142ota z granatem i diamentami<\/title>\n<meta name=\"description\" content=\"Pier\u015bcionek z \u017c\u00f3\u0142tego z\u0142ota z prostok\u0105tnym granatem i diamentami. Granat w centrum, diamenty umieszczone po obu stronach. Idealnie nadaje si\u0119 na zar\u0119czyny i na co dzie\u0144.\" \/>\n<meta name=\"robots\" content=\"index, follow, max-snippet:-1, max-image-preview:large, max-video-preview:-1\" \/>\n<link rel=\"canonical\" href=\"https:\/\/fashiongold.lt\/pl\/papuosalas\/nowoczesnosc-granatu-pierscionek-z-zoltego-zlota-z-granatem-i-diamentami-133-ct\/\" \/>\n<meta property=\"og:locale\" content=\"pl_PL\" \/>\n<meta property=\"og:type\" content=\"article\" \/>\n<meta property=\"og:title\" content=\"Nowoczesno\u015b\u0107 granatu - pier\u015bcionek z \u017c\u00f3\u0142tego z\u0142ota z granatem i diamentami\" \/>\n<meta property=\"og:description\" content=\"Pier\u015bcionek z \u017c\u00f3\u0142tego z\u0142ota z prostok\u0105tnym granatem i diamentami. Granat w centrum, diamenty umieszczone po obu stronach. Idealnie nadaje si\u0119 na zar\u0119czyny i na co dzie\u0144.\" \/>\n<meta property=\"og:url\" content=\"https:\/\/fashiongold.lt\/pl\/papuosalas\/nowoczesnosc-granatu-pierscionek-z-zoltego-zlota-z-granatem-i-diamentami-133-ct\/\" \/>\n<meta property=\"og:site_name\" content=\"FashionGold.lt\" \/>\n<meta property=\"og:image\" content=\"https:\/\/fashiongold.lt\/wp-content\/uploads\/2025\/10\/6317-b51-Granato-modernumas-geltono-aukso-ziedas-su-granatu-ir-deimantais.webp\" \/>\n\t<meta property=\"og:image:width\" content=\"1000\" \/>\n\t<meta property=\"og:image:height\" content=\"1000\" \/>\n\t<meta property=\"og:image:type\" content=\"image\/jpeg\" \/>\n<meta name=\"twitter:card\" content=\"summary_large_image\" \/>\n<meta name=\"twitter:label1\" content=\"Szacowany czas czytania\" \/>\n\t<meta name=\"twitter:data1\" content=\"1 minuta\" \/>\n<script type=\"application\/ld+json\" class=\"yoast-schema-graph\">{\"@context\":\"https:\/\/schema.org\",\"@graph\":[{\"@type\":\"WebPage\",\"@id\":\"https:\/\/fashiongold.lt\/pl\/papuosalas\/nowoczesnosc-granatu-pierscionek-z-zoltego-zlota-z-granatem-i-diamentami-133-ct\/\",\"url\":\"https:\/\/fashiongold.lt\/pl\/papuosalas\/nowoczesnosc-granatu-pierscionek-z-zoltego-zlota-z-granatem-i-diamentami-133-ct\/\",\"name\":\"Nowoczesno\u015b\u0107 granatu - pier\u015bcionek z \u017c\u00f3\u0142tego z\u0142ota z granatem i diamentami\",\"isPartOf\":{\"@id\":\"https:\/\/fashiongold.lt\/pl\/#website\"},\"primaryImageOfPage\":{\"@id\":\"https:\/\/fashiongold.lt\/pl\/papuosalas\/nowoczesnosc-granatu-pierscionek-z-zoltego-zlota-z-granatem-i-diamentami-133-ct\/#primaryimage\"},\"image\":{\"@id\":\"https:\/\/fashiongold.lt\/pl\/papuosalas\/nowoczesnosc-granatu-pierscionek-z-zoltego-zlota-z-granatem-i-diamentami-133-ct\/#primaryimage\"},\"thumbnailUrl\":\"https:\/\/fashiongold.lt\/wp-content\/uploads\/2025\/10\/6317-b51-Granato-modernumas-geltono-aukso-ziedas-su-granatu-ir-deimantais.jpg\",\"datePublished\":\"2025-10-09T23:56:12+00:00\",\"description\":\"Pier\u015bcionek z \u017c\u00f3\u0142tego z\u0142ota z prostok\u0105tnym granatem i diamentami. Granat w centrum, diamenty umieszczone po obu stronach. Idealnie nadaje si\u0119 na zar\u0119czyny i na co dzie\u0144.\",\"breadcrumb\":{\"@id\":\"https:\/\/fashiongold.lt\/pl\/papuosalas\/nowoczesnosc-granatu-pierscionek-z-zoltego-zlota-z-granatem-i-diamentami-133-ct\/#breadcrumb\"},\"inLanguage\":\"pl-PL\",\"potentialAction\":[{\"@type\":\"ReadAction\",\"target\":[\"https:\/\/fashiongold.lt\/pl\/papuosalas\/nowoczesnosc-granatu-pierscionek-z-zoltego-zlota-z-granatem-i-diamentami-133-ct\/\"]}]},{\"@type\":\"ImageObject\",\"inLanguage\":\"pl-PL\",\"@id\":\"https:\/\/fashiongold.lt\/pl\/papuosalas\/nowoczesnosc-granatu-pierscionek-z-zoltego-zlota-z-granatem-i-diamentami-133-ct\/#primaryimage\",\"url\":\"https:\/\/fashiongold.lt\/wp-content\/uploads\/2025\/10\/6317-b51-Granato-modernumas-geltono-aukso-ziedas-su-granatu-ir-deimantais.jpg\",\"contentUrl\":\"https:\/\/fashiongold.lt\/wp-content\/uploads\/2025\/10\/6317-b51-Granato-modernumas-geltono-aukso-ziedas-su-granatu-ir-deimantais.jpg\",\"width\":1000,\"height\":1000},{\"@type\":\"BreadcrumbList\",\"@id\":\"https:\/\/fashiongold.lt\/pl\/papuosalas\/nowoczesnosc-granatu-pierscionek-z-zoltego-zlota-z-granatem-i-diamentami-133-ct\/#breadcrumb\",\"itemListElement\":[{\"@type\":\"ListItem\",\"position\":1,\"name\":\"Home\",\"item\":\"https:\/\/fashiongold.lt\/pl\/\"},{\"@type\":\"ListItem\",\"position\":2,\"name\":\"Sklep z diamentami Fashiongold.lt\",\"item\":\"https:\/\/fashiongold.lt\/shop-2\/\"},{\"@type\":\"ListItem\",\"position\":3,\"name\":\"Nowoczesno\u015b\u0107 granatu \u2013 pier\u015bcionek z \u017c\u00f3\u0142tego z\u0142ota z granatem i diamentami (1,33 ct)\"}]},{\"@type\":\"WebSite\",\"@id\":\"https:\/\/fashiongold.lt\/pl\/#website\",\"url\":\"https:\/\/fashiongold.lt\/pl\/\",\"name\":\"Fashion Gold\",\"description\":\"Juvelyrikos namai\",\"publisher\":{\"@id\":\"https:\/\/fashiongold.lt\/pl\/#organization\"},\"potentialAction\":[{\"@type\":\"SearchAction\",\"target\":{\"@type\":\"EntryPoint\",\"urlTemplate\":\"https:\/\/fashiongold.lt\/pl\/?s={search_term_string}\"},\"query-input\":{\"@type\":\"PropertyValueSpecification\",\"valueRequired\":true,\"valueName\":\"search_term_string\"}}],\"inLanguage\":\"pl-PL\"},{\"@type\":\"Organization\",\"@id\":\"https:\/\/fashiongold.lt\/pl\/#organization\",\"name\":\"Topdiamonds Online\",\"url\":\"https:\/\/fashiongold.lt\/pl\/\",\"logo\":{\"@type\":\"ImageObject\",\"inLanguage\":\"pl-PL\",\"@id\":\"https:\/\/fashiongold.lt\/pl\/#\/schema\/logo\/image\/\",\"url\":\"https:\/\/fashiongold.lt\/wp-content\/uploads\/2025\/04\/cropped-fashion_gold_logotipas2-scaled-1.png\",\"contentUrl\":\"https:\/\/fashiongold.lt\/wp-content\/uploads\/2025\/04\/cropped-fashion_gold_logotipas2-scaled-1.png\",\"width\":2559,\"height\":421,\"caption\":\"Topdiamonds Online\"},\"image\":{\"@id\":\"https:\/\/fashiongold.lt\/pl\/#\/schema\/logo\/image\/\"}}]}<\/script>\n<!-- \/ Yoast SEO plugin. -->","yoast_head_json":{"title":"Nowoczesno\u015b\u0107 granatu - pier\u015bcionek z \u017c\u00f3\u0142tego z\u0142ota z granatem i diamentami","description":"Pier\u015bcionek z \u017c\u00f3\u0142tego z\u0142ota z prostok\u0105tnym granatem i diamentami. Granat w centrum, diamenty umieszczone po obu stronach. Idealnie nadaje si\u0119 na zar\u0119czyny i na co dzie\u0144.","robots":{"index":"index","follow":"follow","max-snippet":"max-snippet:-1","max-image-preview":"max-image-preview:large","max-video-preview":"max-video-preview:-1"},"canonical":"https:\/\/fashiongold.lt\/pl\/papuosalas\/nowoczesnosc-granatu-pierscionek-z-zoltego-zlota-z-granatem-i-diamentami-133-ct\/","og_locale":"pl_PL","og_type":"article","og_title":"Nowoczesno\u015b\u0107 granatu - pier\u015bcionek z \u017c\u00f3\u0142tego z\u0142ota z granatem i diamentami","og_description":"Pier\u015bcionek z \u017c\u00f3\u0142tego z\u0142ota z prostok\u0105tnym granatem i diamentami. Granat w centrum, diamenty umieszczone po obu stronach. Idealnie nadaje si\u0119 na zar\u0119czyny i na co dzie\u0144.","og_url":"https:\/\/fashiongold.lt\/pl\/papuosalas\/nowoczesnosc-granatu-pierscionek-z-zoltego-zlota-z-granatem-i-diamentami-133-ct\/","og_site_name":"FashionGold.lt","og_image":[{"width":1000,"height":1000,"url":"https:\/\/fashiongold.lt\/wp-content\/uploads\/2025\/10\/6317-b51-Granato-modernumas-geltono-aukso-ziedas-su-granatu-ir-deimantais.webp","type":"image\/jpeg"}],"twitter_card":"summary_large_image","twitter_misc":{"Szacowany czas czytania":"1 minuta"},"schema":{"@context":"https:\/\/schema.org","@graph":[{"@type":"WebPage","@id":"https:\/\/fashiongold.lt\/pl\/papuosalas\/nowoczesnosc-granatu-pierscionek-z-zoltego-zlota-z-granatem-i-diamentami-133-ct\/","url":"https:\/\/fashiongold.lt\/pl\/papuosalas\/nowoczesnosc-granatu-pierscionek-z-zoltego-zlota-z-granatem-i-diamentami-133-ct\/","name":"Nowoczesno\u015b\u0107 granatu - pier\u015bcionek z \u017c\u00f3\u0142tego z\u0142ota z granatem i diamentami","isPartOf":{"@id":"https:\/\/fashiongold.lt\/pl\/#website"},"primaryImageOfPage":{"@id":"https:\/\/fashiongold.lt\/pl\/papuosalas\/nowoczesnosc-granatu-pierscionek-z-zoltego-zlota-z-granatem-i-diamentami-133-ct\/#primaryimage"},"image":{"@id":"https:\/\/fashiongold.lt\/pl\/papuosalas\/nowoczesnosc-granatu-pierscionek-z-zoltego-zlota-z-granatem-i-diamentami-133-ct\/#primaryimage"},"thumbnailUrl":"https:\/\/fashiongold.lt\/wp-content\/uploads\/2025\/10\/6317-b51-Granato-modernumas-geltono-aukso-ziedas-su-granatu-ir-deimantais.jpg","datePublished":"2025-10-09T23:56:12+00:00","description":"Pier\u015bcionek z \u017c\u00f3\u0142tego z\u0142ota z prostok\u0105tnym granatem i diamentami. Granat w centrum, diamenty umieszczone po obu stronach. Idealnie nadaje si\u0119 na zar\u0119czyny i na co dzie\u0144.","breadcrumb":{"@id":"https:\/\/fashiongold.lt\/pl\/papuosalas\/nowoczesnosc-granatu-pierscionek-z-zoltego-zlota-z-granatem-i-diamentami-133-ct\/#breadcrumb"},"inLanguage":"pl-PL","potentialAction":[{"@type":"ReadAction","target":["https:\/\/fashiongold.lt\/pl\/papuosalas\/nowoczesnosc-granatu-pierscionek-z-zoltego-zlota-z-granatem-i-diamentami-133-ct\/"]}]},{"@type":"ImageObject","inLanguage":"pl-PL","@id":"https:\/\/fashiongold.lt\/pl\/papuosalas\/nowoczesnosc-granatu-pierscionek-z-zoltego-zlota-z-granatem-i-diamentami-133-ct\/#primaryimage","url":"https:\/\/fashiongold.lt\/wp-content\/uploads\/2025\/10\/6317-b51-Granato-modernumas-geltono-aukso-ziedas-su-granatu-ir-deimantais.jpg","contentUrl":"https:\/\/fashiongold.lt\/wp-content\/uploads\/2025\/10\/6317-b51-Granato-modernumas-geltono-aukso-ziedas-su-granatu-ir-deimantais.jpg","width":1000,"height":1000},{"@type":"BreadcrumbList","@id":"https:\/\/fashiongold.lt\/pl\/papuosalas\/nowoczesnosc-granatu-pierscionek-z-zoltego-zlota-z-granatem-i-diamentami-133-ct\/#breadcrumb","itemListElement":[{"@type":"ListItem","position":1,"name":"Home","item":"https:\/\/fashiongold.lt\/pl\/"},{"@type":"ListItem","position":2,"name":"Sklep z diamentami Fashiongold.lt","item":"https:\/\/fashiongold.lt\/shop-2\/"},{"@type":"ListItem","position":3,"name":"Nowoczesno\u015b\u0107 granatu \u2013 pier\u015bcionek z \u017c\u00f3\u0142tego z\u0142ota z granatem i diamentami (1,33 ct)"}]},{"@type":"WebSite","@id":"https:\/\/fashiongold.lt\/pl\/#website","url":"https:\/\/fashiongold.lt\/pl\/","name":"Fashion Gold","description":"Juvelyrikos namai","publisher":{"@id":"https:\/\/fashiongold.lt\/pl\/#organization"},"potentialAction":[{"@type":"SearchAction","target":{"@type":"EntryPoint","urlTemplate":"https:\/\/fashiongold.lt\/pl\/?s={search_term_string}"},"query-input":{"@type":"PropertyValueSpecification","valueRequired":true,"valueName":"search_term_string"}}],"inLanguage":"pl-PL"},{"@type":"Organization","@id":"https:\/\/fashiongold.lt\/pl\/#organization","name":"Topdiamonds Online","url":"https:\/\/fashiongold.lt\/pl\/","logo":{"@type":"ImageObject","inLanguage":"pl-PL","@id":"https:\/\/fashiongold.lt\/pl\/#\/schema\/logo\/image\/","url":"https:\/\/fashiongold.lt\/wp-content\/uploads\/2025\/04\/cropped-fashion_gold_logotipas2-scaled-1.png","contentUrl":"https:\/\/fashiongold.lt\/wp-content\/uploads\/2025\/04\/cropped-fashion_gold_logotipas2-scaled-1.png","width":2559,"height":421,"caption":"Topdiamonds Online"},"image":{"@id":"https:\/\/fashiongold.lt\/pl\/#\/schema\/logo\/image\/"}}]}},"_links":{"self":[{"href":"https:\/\/fashiongold.lt\/pl\/wp-json\/wp\/v2\/product\/292524","targetHints":{"allow":["GET"]}}],"collection":[{"href":"https:\/\/fashiongold.lt\/pl\/wp-json\/wp\/v2\/product"}],"about":[{"href":"https:\/\/fashiongold.lt\/pl\/wp-json\/wp\/v2\/types\/product"}],"version-history":[{"count":0,"href":"https:\/\/fashiongold.lt\/pl\/wp-json\/wp\/v2\/product\/292524\/revisions"}],"wp:featuredmedia":[{"embeddable":true,"href":"https:\/\/fashiongold.lt\/pl\/wp-json\/wp\/v2\/media\/82640"}],"wp:attachment":[{"href":"https:\/\/fashiongold.lt\/pl\/wp-json\/wp\/v2\/media?parent=292524"}],"wp:term":[{"taxonomy":"product_brand","embeddable":true,"href":"https:\/\/fashiongold.lt\/pl\/wp-json\/wp\/v2\/product_brand?post=292524"},{"taxonomy":"product_cat","embeddable":true,"href":"https:\/\/fashiongold.lt\/pl\/wp-json\/wp\/v2\/product_cat?post=292524"},{"taxonomy":"product_tag","embeddable":true,"href":"https:\/\/fashiongold.lt\/pl\/wp-json\/wp\/v2\/product_tag?post=292524"}],"curies":[{"name":"wp","href":"https:\/\/api.w.org\/{rel}","templated":true}]}}