{"id":292614,"date":"2025-10-09T23:24:22","date_gmt":"2025-10-09T23:24:22","guid":{"rendered":"https:\/\/fashiongold.lt\/papuosalas\/luksus-cytrynu-pierscionek-z-bialego-zlota-z-cytrynem-i-diamentami-070-ct\/"},"modified":"2025-10-09T23:24:22","modified_gmt":"2025-10-09T23:24:22","slug":"luksus-cytrynu-pierscionek-z-bialego-zlota-z-cytrynem-i-diamentami-070-ct","status":"publish","type":"product","link":"https:\/\/fashiongold.lt\/pl\/papuosalas\/luksus-cytrynu-pierscionek-z-bialego-zlota-z-cytrynem-i-diamentami-070-ct\/","title":{"rendered":"Luksus cytrynu \u2013 pier\u015bcionek z bia\u0142ego z\u0142ota z cytrynem i diamentami (0,70 ct)"},"content":{"rendered":"<p>Wyprodukowano na Litwie. Pier\u015bcionek mo\u017ce zosta\u0107 wykonany na zam\u00f3wienie: z czerwonego, \u017c\u00f3\u0142tego oraz bia\u0142ego z\u0142ota. Magiczna moc cytrynu \u2013 dzia\u0142a jak amulet lub talizman, przyci\u0105gaj\u0105cy szcz\u0119\u015bcie, bogactwo i dobro.<\/p>\n<p>\u2022 Rodzaj diamentu: Naturalny diament<\/p>\n<p>\u2022 Kszta\u0142t diamentu: Okr\u0105g\u0142y (Round cut)<\/p>\n<p>\u2022 Charakterystyka diamentu: 0,20 ct, kolor H-I (W-STW); czysto\u015b\u0107 SI<\/p>\n<p>\u2022 Kamie\u0144 centralny: cytryn o szlifie okr\u0105g\u0142ym 0,50 ct <\/p>\n<p>\u2022 Certyfikat: Litewska Izba Probiercza (LPR) <\/p>\n<p>\u2022 Z\u0142oto pier\u015bcionka: 14K (pr\u00f3ba 585) <\/p>\n<p>\u2022 Kolor pier\u015bcionka: bia\u0142e z\u0142oto <\/p>\n<p>\u2022 Waga pier\u015bcionka: oko\u0142o 2,80-3,20 g <\/p>\n<p>\u2022 Wymiary pier\u015bcionka: korona oko\u0142o 8,50 mm, szyna \u2013 3,60 mm<\/p>\n","protected":false},"excerpt":{"rendered":"<p>Luksusowy design Halo: okr\u0105g\u0142y cytryn otoczony l\u015bni\u0105cymi diamentami, z obr\u0105czk\u0105 o dw\u00f3ch rz\u0119dach zdobionych diamentami. Idealnie nadaje si\u0119 na zar\u0119czyny, na co dzie\u0144 i na wyj\u0105tkowe okazje, dodaj\u0105c luksusowego akcentu Twojemu stylowi.<\/p>\n","protected":false},"featured_media":81064,"template":"","meta":{"site-sidebar-layout":"","site-content-layout":"","ast-site-content-layout":"","site-content-style":"","site-sidebar-style":"","ast-global-header-display":"","ast-banner-title-visibility":"","ast-main-header-display":"","ast-hfb-above-header-display":"","ast-hfb-below-header-display":"","ast-hfb-mobile-header-display":"","site-post-title":"","ast-breadcrumbs-content":"","ast-featured-img":"","footer-sml-layout":"","ast-disable-related-posts":"","theme-transparent-header-meta":"","adv-header-id-meta":"","stick-header-meta":"","header-above-stick-meta":"","header-main-stick-meta":"","header-below-stick-meta":"","astra-migrate-meta-layouts":"default","ast-page-background-enabled":"default","ast-page-background-meta":{"desktop":{"background-color":"var(--ast-global-color-4)","background-image":"","background-repeat":"repeat","background-position":"center center","background-size":"auto","background-attachment":"scroll","background-type":"","background-media":"","overlay-type":"","overlay-color":"","overlay-opacity":"","overlay-gradient":""},"tablet":{"background-color":"","background-image":"","background-repeat":"repeat","background-position":"center center","background-size":"auto","background-attachment":"scroll","background-type":"","background-media":"","overlay-type":"","overlay-color":"","overlay-opacity":"","overlay-gradient":""},"mobile":{"background-color":"","background-image":"","background-repeat":"repeat","background-position":"center center","background-size":"auto","background-attachment":"scroll","background-type":"","background-media":"","overlay-type":"","overlay-color":"","overlay-opacity":"","overlay-gradient":""}},"ast-content-background-meta":{"desktop":{"background-color":"var(--ast-global-color-5)","background-image":"","background-repeat":"repeat","background-position":"center center","background-size":"auto","background-attachment":"scroll","background-type":"","background-media":"","overlay-type":"","overlay-color":"","overlay-opacity":"","overlay-gradient":""},"tablet":{"background-color":"var(--ast-global-color-5)","background-image":"","background-repeat":"repeat","background-position":"center center","background-size":"auto","background-attachment":"scroll","background-type":"","background-media":"","overlay-type":"","overlay-color":"","overlay-opacity":"","overlay-gradient":""},"mobile":{"background-color":"var(--ast-global-color-5)","background-image":"","background-repeat":"repeat","background-position":"center center","background-size":"auto","background-attachment":"scroll","background-type":"","background-media":"","overlay-type":"","overlay-color":"","overlay-opacity":"","overlay-gradient":""}}},"product_brand":[],"product_cat":[3044,2858,2877,3237,2879,3232,3273,2853,2875,2876,2860,2857,2854,2855,3169,2859,2852],"product_tag":[],"class_list":{"0":"post-292614","1":"product","2":"type-product","3":"status-publish","4":"has-post-thumbnail","6":"product_cat-bizuteria","7":"product_cat-bizuteria-z-bialego-zlota","8":"product_cat-bizuteria-z-kamieniami-polszlachetnymi","9":"product_cat-pierscionki-z-diamentami","10":"product_cat-pierscionki-z-kamieniami-szlachetnymi","11":"product_cat-pierscionki-zareczynowe","12":"product_cat-pierscionki-zareczynowe-z-kamieniami-szlachetnymi","13":"product_cat-prezenty-dla-kobiet","14":"product_cat-prezenty-na-dzien-matki","15":"product_cat-prezenty-na-walentynki","16":"product_cat-prezenty-na-wyjatkowe-okazje","17":"product_cat-prezenty-swiateczne","18":"product_cat-prezenty-z-okazji-narodzin-dziecka","19":"product_cat-prezenty-z-okazji-rocznicy-slubu","20":"product_cat-prezenty-z-okazji-slubu","21":"product_cat-prezenty-z-okazji-ukonczenia-szkoly","22":"product_cat-prezenty-z-okazji-urodzin","23":"desktop-align-center","24":"tablet-align-left","25":"mobile-align-left","26":"ast-product-gallery-layout-horizontal-slider","27":"ast-product-gallery-with-no-image","28":"ast-product-single-variable","29":"ast-product-tabs-layout-accordion","30":"ast-qv-on-image","32":"first","33":"instock","34":"taxable","35":"shipping-taxable","36":"purchasable","37":"product-type-variable"},"yoast_head":"<!-- This site is optimized with the Yoast SEO plugin v26.6 - https:\/\/yoast.com\/wordpress\/plugins\/seo\/ -->\n<title>Luksus cytrynu - pier\u015bcionek z bia\u0142ego z\u0142ota z cytrynem i diamentami<\/title>\n<meta name=\"description\" content=\"Luksusowy design Halo: okr\u0105g\u0142y cytryn otoczony l\u015bni\u0105cymi diamentami, z obr\u0105czk\u0105 o dw\u00f3ch liniach zdobion\u0105 diamentami. Idealny na zar\u0119czyny, na co dzie\u0144 i na specjalne okazje, nadaj\u0105cy luksusowy akcent Twojemu stylowi.\" \/>\n<meta name=\"robots\" content=\"index, follow, max-snippet:-1, max-image-preview:large, max-video-preview:-1\" \/>\n<link rel=\"canonical\" href=\"https:\/\/fashiongold.lt\/pl\/papuosalas\/luksus-cytrynu-pierscionek-z-bialego-zlota-z-cytrynem-i-diamentami-070-ct\/\" \/>\n<meta property=\"og:locale\" content=\"pl_PL\" \/>\n<meta property=\"og:type\" content=\"article\" \/>\n<meta property=\"og:title\" content=\"Luksus cytrynu - pier\u015bcionek z bia\u0142ego z\u0142ota z cytrynem i diamentami\" \/>\n<meta property=\"og:description\" content=\"Luksusowy design Halo: okr\u0105g\u0142y cytryn otoczony l\u015bni\u0105cymi diamentami, z obr\u0105czk\u0105 o dw\u00f3ch liniach zdobion\u0105 diamentami. Idealny na zar\u0119czyny, na co dzie\u0144 i na specjalne okazje, nadaj\u0105cy luksusowy akcent Twojemu stylowi.\" \/>\n<meta property=\"og:url\" content=\"https:\/\/fashiongold.lt\/pl\/papuosalas\/luksus-cytrynu-pierscionek-z-bialego-zlota-z-cytrynem-i-diamentami-070-ct\/\" \/>\n<meta property=\"og:site_name\" content=\"FashionGold.lt\" \/>\n<meta property=\"og:image\" content=\"https:\/\/fashiongold.lt\/wp-content\/uploads\/2025\/10\/6076-135-Citrino-prabanga-balto-aukso-ziedas-su-citrinu-ir-deimantais.webp\" \/>\n\t<meta property=\"og:image:width\" content=\"1000\" \/>\n\t<meta property=\"og:image:height\" content=\"1000\" \/>\n\t<meta property=\"og:image:type\" content=\"image\/jpeg\" \/>\n<meta name=\"twitter:card\" content=\"summary_large_image\" \/>\n<meta name=\"twitter:label1\" content=\"Szacowany czas czytania\" \/>\n\t<meta name=\"twitter:data1\" content=\"1 minuta\" \/>\n<script type=\"application\/ld+json\" class=\"yoast-schema-graph\">{\"@context\":\"https:\/\/schema.org\",\"@graph\":[{\"@type\":\"WebPage\",\"@id\":\"https:\/\/fashiongold.lt\/pl\/papuosalas\/luksus-cytrynu-pierscionek-z-bialego-zlota-z-cytrynem-i-diamentami-070-ct\/\",\"url\":\"https:\/\/fashiongold.lt\/pl\/papuosalas\/luksus-cytrynu-pierscionek-z-bialego-zlota-z-cytrynem-i-diamentami-070-ct\/\",\"name\":\"Luksus cytrynu - pier\u015bcionek z bia\u0142ego z\u0142ota z cytrynem i diamentami\",\"isPartOf\":{\"@id\":\"https:\/\/fashiongold.lt\/pl\/#website\"},\"primaryImageOfPage\":{\"@id\":\"https:\/\/fashiongold.lt\/pl\/papuosalas\/luksus-cytrynu-pierscionek-z-bialego-zlota-z-cytrynem-i-diamentami-070-ct\/#primaryimage\"},\"image\":{\"@id\":\"https:\/\/fashiongold.lt\/pl\/papuosalas\/luksus-cytrynu-pierscionek-z-bialego-zlota-z-cytrynem-i-diamentami-070-ct\/#primaryimage\"},\"thumbnailUrl\":\"https:\/\/fashiongold.lt\/wp-content\/uploads\/2025\/10\/6076-135-Citrino-prabanga-balto-aukso-ziedas-su-citrinu-ir-deimantais.jpg\",\"datePublished\":\"2025-10-09T23:24:22+00:00\",\"description\":\"Luksusowy design Halo: okr\u0105g\u0142y cytryn otoczony l\u015bni\u0105cymi diamentami, z obr\u0105czk\u0105 o dw\u00f3ch liniach zdobion\u0105 diamentami. Idealny na zar\u0119czyny, na co dzie\u0144 i na specjalne okazje, nadaj\u0105cy luksusowy akcent Twojemu stylowi.\",\"breadcrumb\":{\"@id\":\"https:\/\/fashiongold.lt\/pl\/papuosalas\/luksus-cytrynu-pierscionek-z-bialego-zlota-z-cytrynem-i-diamentami-070-ct\/#breadcrumb\"},\"inLanguage\":\"pl-PL\",\"potentialAction\":[{\"@type\":\"ReadAction\",\"target\":[\"https:\/\/fashiongold.lt\/pl\/papuosalas\/luksus-cytrynu-pierscionek-z-bialego-zlota-z-cytrynem-i-diamentami-070-ct\/\"]}]},{\"@type\":\"ImageObject\",\"inLanguage\":\"pl-PL\",\"@id\":\"https:\/\/fashiongold.lt\/pl\/papuosalas\/luksus-cytrynu-pierscionek-z-bialego-zlota-z-cytrynem-i-diamentami-070-ct\/#primaryimage\",\"url\":\"https:\/\/fashiongold.lt\/wp-content\/uploads\/2025\/10\/6076-135-Citrino-prabanga-balto-aukso-ziedas-su-citrinu-ir-deimantais.jpg\",\"contentUrl\":\"https:\/\/fashiongold.lt\/wp-content\/uploads\/2025\/10\/6076-135-Citrino-prabanga-balto-aukso-ziedas-su-citrinu-ir-deimantais.jpg\",\"width\":1000,\"height\":1000},{\"@type\":\"BreadcrumbList\",\"@id\":\"https:\/\/fashiongold.lt\/pl\/papuosalas\/luksus-cytrynu-pierscionek-z-bialego-zlota-z-cytrynem-i-diamentami-070-ct\/#breadcrumb\",\"itemListElement\":[{\"@type\":\"ListItem\",\"position\":1,\"name\":\"Home\",\"item\":\"https:\/\/fashiongold.lt\/pl\/\"},{\"@type\":\"ListItem\",\"position\":2,\"name\":\"Sklep z diamentami Fashiongold.lt\",\"item\":\"https:\/\/fashiongold.lt\/shop-2\/\"},{\"@type\":\"ListItem\",\"position\":3,\"name\":\"Luksus cytrynu \u2013 pier\u015bcionek z bia\u0142ego z\u0142ota z cytrynem i diamentami (0,70 ct)\"}]},{\"@type\":\"WebSite\",\"@id\":\"https:\/\/fashiongold.lt\/pl\/#website\",\"url\":\"https:\/\/fashiongold.lt\/pl\/\",\"name\":\"Fashion Gold\",\"description\":\"Juvelyrikos namai\",\"publisher\":{\"@id\":\"https:\/\/fashiongold.lt\/pl\/#organization\"},\"potentialAction\":[{\"@type\":\"SearchAction\",\"target\":{\"@type\":\"EntryPoint\",\"urlTemplate\":\"https:\/\/fashiongold.lt\/pl\/?s={search_term_string}\"},\"query-input\":{\"@type\":\"PropertyValueSpecification\",\"valueRequired\":true,\"valueName\":\"search_term_string\"}}],\"inLanguage\":\"pl-PL\"},{\"@type\":\"Organization\",\"@id\":\"https:\/\/fashiongold.lt\/pl\/#organization\",\"name\":\"Topdiamonds Online\",\"url\":\"https:\/\/fashiongold.lt\/pl\/\",\"logo\":{\"@type\":\"ImageObject\",\"inLanguage\":\"pl-PL\",\"@id\":\"https:\/\/fashiongold.lt\/pl\/#\/schema\/logo\/image\/\",\"url\":\"https:\/\/fashiongold.lt\/wp-content\/uploads\/2025\/04\/cropped-fashion_gold_logotipas2-scaled-1.png\",\"contentUrl\":\"https:\/\/fashiongold.lt\/wp-content\/uploads\/2025\/04\/cropped-fashion_gold_logotipas2-scaled-1.png\",\"width\":2559,\"height\":421,\"caption\":\"Topdiamonds Online\"},\"image\":{\"@id\":\"https:\/\/fashiongold.lt\/pl\/#\/schema\/logo\/image\/\"}}]}<\/script>\n<!-- \/ Yoast SEO plugin. -->","yoast_head_json":{"title":"Luksus cytrynu - pier\u015bcionek z bia\u0142ego z\u0142ota z cytrynem i diamentami","description":"Luksusowy design Halo: okr\u0105g\u0142y cytryn otoczony l\u015bni\u0105cymi diamentami, z obr\u0105czk\u0105 o dw\u00f3ch liniach zdobion\u0105 diamentami. Idealny na zar\u0119czyny, na co dzie\u0144 i na specjalne okazje, nadaj\u0105cy luksusowy akcent Twojemu stylowi.","robots":{"index":"index","follow":"follow","max-snippet":"max-snippet:-1","max-image-preview":"max-image-preview:large","max-video-preview":"max-video-preview:-1"},"canonical":"https:\/\/fashiongold.lt\/pl\/papuosalas\/luksus-cytrynu-pierscionek-z-bialego-zlota-z-cytrynem-i-diamentami-070-ct\/","og_locale":"pl_PL","og_type":"article","og_title":"Luksus cytrynu - pier\u015bcionek z bia\u0142ego z\u0142ota z cytrynem i diamentami","og_description":"Luksusowy design Halo: okr\u0105g\u0142y cytryn otoczony l\u015bni\u0105cymi diamentami, z obr\u0105czk\u0105 o dw\u00f3ch liniach zdobion\u0105 diamentami. Idealny na zar\u0119czyny, na co dzie\u0144 i na specjalne okazje, nadaj\u0105cy luksusowy akcent Twojemu stylowi.","og_url":"https:\/\/fashiongold.lt\/pl\/papuosalas\/luksus-cytrynu-pierscionek-z-bialego-zlota-z-cytrynem-i-diamentami-070-ct\/","og_site_name":"FashionGold.lt","og_image":[{"width":1000,"height":1000,"url":"https:\/\/fashiongold.lt\/wp-content\/uploads\/2025\/10\/6076-135-Citrino-prabanga-balto-aukso-ziedas-su-citrinu-ir-deimantais.webp","type":"image\/jpeg"}],"twitter_card":"summary_large_image","twitter_misc":{"Szacowany czas czytania":"1 minuta"},"schema":{"@context":"https:\/\/schema.org","@graph":[{"@type":"WebPage","@id":"https:\/\/fashiongold.lt\/pl\/papuosalas\/luksus-cytrynu-pierscionek-z-bialego-zlota-z-cytrynem-i-diamentami-070-ct\/","url":"https:\/\/fashiongold.lt\/pl\/papuosalas\/luksus-cytrynu-pierscionek-z-bialego-zlota-z-cytrynem-i-diamentami-070-ct\/","name":"Luksus cytrynu - pier\u015bcionek z bia\u0142ego z\u0142ota z cytrynem i diamentami","isPartOf":{"@id":"https:\/\/fashiongold.lt\/pl\/#website"},"primaryImageOfPage":{"@id":"https:\/\/fashiongold.lt\/pl\/papuosalas\/luksus-cytrynu-pierscionek-z-bialego-zlota-z-cytrynem-i-diamentami-070-ct\/#primaryimage"},"image":{"@id":"https:\/\/fashiongold.lt\/pl\/papuosalas\/luksus-cytrynu-pierscionek-z-bialego-zlota-z-cytrynem-i-diamentami-070-ct\/#primaryimage"},"thumbnailUrl":"https:\/\/fashiongold.lt\/wp-content\/uploads\/2025\/10\/6076-135-Citrino-prabanga-balto-aukso-ziedas-su-citrinu-ir-deimantais.jpg","datePublished":"2025-10-09T23:24:22+00:00","description":"Luksusowy design Halo: okr\u0105g\u0142y cytryn otoczony l\u015bni\u0105cymi diamentami, z obr\u0105czk\u0105 o dw\u00f3ch liniach zdobion\u0105 diamentami. Idealny na zar\u0119czyny, na co dzie\u0144 i na specjalne okazje, nadaj\u0105cy luksusowy akcent Twojemu stylowi.","breadcrumb":{"@id":"https:\/\/fashiongold.lt\/pl\/papuosalas\/luksus-cytrynu-pierscionek-z-bialego-zlota-z-cytrynem-i-diamentami-070-ct\/#breadcrumb"},"inLanguage":"pl-PL","potentialAction":[{"@type":"ReadAction","target":["https:\/\/fashiongold.lt\/pl\/papuosalas\/luksus-cytrynu-pierscionek-z-bialego-zlota-z-cytrynem-i-diamentami-070-ct\/"]}]},{"@type":"ImageObject","inLanguage":"pl-PL","@id":"https:\/\/fashiongold.lt\/pl\/papuosalas\/luksus-cytrynu-pierscionek-z-bialego-zlota-z-cytrynem-i-diamentami-070-ct\/#primaryimage","url":"https:\/\/fashiongold.lt\/wp-content\/uploads\/2025\/10\/6076-135-Citrino-prabanga-balto-aukso-ziedas-su-citrinu-ir-deimantais.jpg","contentUrl":"https:\/\/fashiongold.lt\/wp-content\/uploads\/2025\/10\/6076-135-Citrino-prabanga-balto-aukso-ziedas-su-citrinu-ir-deimantais.jpg","width":1000,"height":1000},{"@type":"BreadcrumbList","@id":"https:\/\/fashiongold.lt\/pl\/papuosalas\/luksus-cytrynu-pierscionek-z-bialego-zlota-z-cytrynem-i-diamentami-070-ct\/#breadcrumb","itemListElement":[{"@type":"ListItem","position":1,"name":"Home","item":"https:\/\/fashiongold.lt\/pl\/"},{"@type":"ListItem","position":2,"name":"Sklep z diamentami Fashiongold.lt","item":"https:\/\/fashiongold.lt\/shop-2\/"},{"@type":"ListItem","position":3,"name":"Luksus cytrynu \u2013 pier\u015bcionek z bia\u0142ego z\u0142ota z cytrynem i diamentami (0,70 ct)"}]},{"@type":"WebSite","@id":"https:\/\/fashiongold.lt\/pl\/#website","url":"https:\/\/fashiongold.lt\/pl\/","name":"Fashion Gold","description":"Juvelyrikos namai","publisher":{"@id":"https:\/\/fashiongold.lt\/pl\/#organization"},"potentialAction":[{"@type":"SearchAction","target":{"@type":"EntryPoint","urlTemplate":"https:\/\/fashiongold.lt\/pl\/?s={search_term_string}"},"query-input":{"@type":"PropertyValueSpecification","valueRequired":true,"valueName":"search_term_string"}}],"inLanguage":"pl-PL"},{"@type":"Organization","@id":"https:\/\/fashiongold.lt\/pl\/#organization","name":"Topdiamonds Online","url":"https:\/\/fashiongold.lt\/pl\/","logo":{"@type":"ImageObject","inLanguage":"pl-PL","@id":"https:\/\/fashiongold.lt\/pl\/#\/schema\/logo\/image\/","url":"https:\/\/fashiongold.lt\/wp-content\/uploads\/2025\/04\/cropped-fashion_gold_logotipas2-scaled-1.png","contentUrl":"https:\/\/fashiongold.lt\/wp-content\/uploads\/2025\/04\/cropped-fashion_gold_logotipas2-scaled-1.png","width":2559,"height":421,"caption":"Topdiamonds Online"},"image":{"@id":"https:\/\/fashiongold.lt\/pl\/#\/schema\/logo\/image\/"}}]}},"_links":{"self":[{"href":"https:\/\/fashiongold.lt\/pl\/wp-json\/wp\/v2\/product\/292614","targetHints":{"allow":["GET"]}}],"collection":[{"href":"https:\/\/fashiongold.lt\/pl\/wp-json\/wp\/v2\/product"}],"about":[{"href":"https:\/\/fashiongold.lt\/pl\/wp-json\/wp\/v2\/types\/product"}],"version-history":[{"count":0,"href":"https:\/\/fashiongold.lt\/pl\/wp-json\/wp\/v2\/product\/292614\/revisions"}],"wp:featuredmedia":[{"embeddable":true,"href":"https:\/\/fashiongold.lt\/pl\/wp-json\/wp\/v2\/media\/81064"}],"wp:attachment":[{"href":"https:\/\/fashiongold.lt\/pl\/wp-json\/wp\/v2\/media?parent=292614"}],"wp:term":[{"taxonomy":"product_brand","embeddable":true,"href":"https:\/\/fashiongold.lt\/pl\/wp-json\/wp\/v2\/product_brand?post=292614"},{"taxonomy":"product_cat","embeddable":true,"href":"https:\/\/fashiongold.lt\/pl\/wp-json\/wp\/v2\/product_cat?post=292614"},{"taxonomy":"product_tag","embeddable":true,"href":"https:\/\/fashiongold.lt\/pl\/wp-json\/wp\/v2\/product_tag?post=292614"}],"curies":[{"name":"wp","href":"https:\/\/api.w.org\/{rel}","templated":true}]}}