{"id":292764,"date":"2025-10-09T23:07:39","date_gmt":"2025-10-09T23:07:39","guid":{"rendered":"https:\/\/fashiongold.lt\/papuosalas\/lsniace-kwiatuszki-kolczyki-z-zoltego-zlota-z-diamentami-012-ct\/"},"modified":"2025-10-09T23:07:39","modified_gmt":"2025-10-09T23:07:39","slug":"lsniace-kwiatuszki-kolczyki-z-zoltego-zlota-z-diamentami-012-ct","status":"publish","type":"product","link":"https:\/\/fashiongold.lt\/pl\/papuosalas\/lsniace-kwiatuszki-kolczyki-z-zoltego-zlota-z-diamentami-012-ct\/","title":{"rendered":"L\u015bni\u0105ce kwiatuszki \u2013 kolczyki z \u017c\u00f3\u0142tego z\u0142ota z diamentami (0,12 ct)"},"content":{"rendered":"<p>Wyprodukowano na Litwie. Kolczyki mog\u0105 by\u0107 wykonane na zam\u00f3wienie: z czerwonego, \u017c\u00f3\u0142tego oraz bia\u0142ego z\u0142ota.\u00a0<\/p>\n<p>\u2022 Typ diamentu: Naturalny diament\u00a0<\/p>\n<p>\u2022 Kszta\u0142t diamentu: Okr\u0105g\u0142y (Round cut)\u00a0<\/p>\n<p>\u2022 Charakterystyka diamentu: 0,12 ct, kolor H-I(W-STW); czysto\u015b\u0107 SI\u00a0<\/p>\n<p>\u2022 Certyfikat: Litewski Urz\u0105d Probierczy (LPR)\u00a0 \u00a0<\/p>\n<p>\u2022 Z\u0142oto kolczyk\u00f3w: 14K (pr\u00f3ba 585)\u00a0 \u00a0<\/p>\n<p>\u2022 Kolor kolczyk\u00f3w: \u017c\u00f3\u0142te z\u0142oto\u00a0 \u00a0 \u00a0<\/p>\n<p>\u2022 Waga kolczyk\u00f3w: oko\u0142o 1,40-1,70 g\u00a0 \u00a0<\/p>\n<p>\u2022 Wymiary kolczyk\u00f3w: 14 x 5 mm\u00a0<\/p>\n","protected":false},"excerpt":{"rendered":"<p>Zab\u0142y\u015bnij dzi\u0119ki kolczykom z \u017c\u00f3\u0142tego z\u0142ota z l\u015bni\u0105cymi diamentami. Angielskie zapi\u0119cie oraz diamenty osadzone w oprawie w kszta\u0142cie kwiatuszk\u00f3w pozwol\u0105 Ci l\u015bni\u0107 ka\u017cdego dnia. Te kolczyki s\u0105 nie tylko stylowe, ale r\u00f3wnie\u017c subtelne, niczym l\u015bni\u0105ce kwiatuszki. Idealne do noszenia na co dzie\u0144 oraz jako prezent na wyj\u0105tkowe okazje, dodaj\u0105c elegancji i wyj\u0105tkowo\u015bci Twojemu stylowi. Wyra\u017a swoje pi\u0119kno z tymi kolczykami ka\u017cdego dnia.<\/p>\n","protected":false},"featured_media":79827,"template":"","meta":{"site-sidebar-layout":"","site-content-layout":"","ast-site-content-layout":"","site-content-style":"","site-sidebar-style":"","ast-global-header-display":"","ast-banner-title-visibility":"","ast-main-header-display":"","ast-hfb-above-header-display":"","ast-hfb-below-header-display":"","ast-hfb-mobile-header-display":"","site-post-title":"","ast-breadcrumbs-content":"","ast-featured-img":"","footer-sml-layout":"","ast-disable-related-posts":"","theme-transparent-header-meta":"","adv-header-id-meta":"","stick-header-meta":"","header-above-stick-meta":"","header-main-stick-meta":"","header-below-stick-meta":"","astra-migrate-meta-layouts":"default","ast-page-background-enabled":"default","ast-page-background-meta":{"desktop":{"background-color":"var(--ast-global-color-4)","background-image":"","background-repeat":"repeat","background-position":"center center","background-size":"auto","background-attachment":"scroll","background-type":"","background-media":"","overlay-type":"","overlay-color":"","overlay-opacity":"","overlay-gradient":""},"tablet":{"background-color":"","background-image":"","background-repeat":"repeat","background-position":"center center","background-size":"auto","background-attachment":"scroll","background-type":"","background-media":"","overlay-type":"","overlay-color":"","overlay-opacity":"","overlay-gradient":""},"mobile":{"background-color":"","background-image":"","background-repeat":"repeat","background-position":"center center","background-size":"auto","background-attachment":"scroll","background-type":"","background-media":"","overlay-type":"","overlay-color":"","overlay-opacity":"","overlay-gradient":""}},"ast-content-background-meta":{"desktop":{"background-color":"var(--ast-global-color-5)","background-image":"","background-repeat":"repeat","background-position":"center center","background-size":"auto","background-attachment":"scroll","background-type":"","background-media":"","overlay-type":"","overlay-color":"","overlay-opacity":"","overlay-gradient":""},"tablet":{"background-color":"var(--ast-global-color-5)","background-image":"","background-repeat":"repeat","background-position":"center center","background-size":"auto","background-attachment":"scroll","background-type":"","background-media":"","overlay-type":"","overlay-color":"","overlay-opacity":"","overlay-gradient":""},"mobile":{"background-color":"var(--ast-global-color-5)","background-image":"","background-repeat":"repeat","background-position":"center center","background-size":"auto","background-attachment":"scroll","background-type":"","background-media":"","overlay-type":"","overlay-color":"","overlay-opacity":"","overlay-gradient":""}}},"product_brand":[],"product_cat":[3044,2861,3170,3377,2972,2853,3165,2875,2876,2860,2857,2854,2855,3169,2859,2852],"product_tag":[],"class_list":{"0":"post-292764","1":"product","2":"type-product","3":"status-publish","4":"has-post-thumbnail","6":"product_cat-bizuteria","7":"product_cat-bizuteria-z-zoltego-zlota","8":"product_cat-kolczyki-dla-dziewczynek-kolczyki-dzieciece","9":"product_cat-kolczyki-z-angielskim-zapieciem","10":"product_cat-kolczyki-z-diamentami","11":"product_cat-prezenty-dla-kobiet","12":"product_cat-prezenty-na-chrzest","13":"product_cat-prezenty-na-dzien-matki","14":"product_cat-prezenty-na-walentynki","15":"product_cat-prezenty-na-wyjatkowe-okazje","16":"product_cat-prezenty-swiateczne","17":"product_cat-prezenty-z-okazji-narodzin-dziecka","18":"product_cat-prezenty-z-okazji-rocznicy-slubu","19":"product_cat-prezenty-z-okazji-slubu","20":"product_cat-prezenty-z-okazji-ukonczenia-szkoly","21":"product_cat-prezenty-z-okazji-urodzin","22":"desktop-align-center","23":"tablet-align-left","24":"mobile-align-left","25":"ast-product-gallery-layout-horizontal-slider","26":"ast-product-gallery-with-no-image","27":"ast-product-tabs-layout-accordion","28":"ast-qv-on-image","30":"first","31":"instock","32":"taxable","33":"shipping-taxable","34":"purchasable","35":"product-type-simple"},"yoast_head":"<!-- This site is optimized with the Yoast SEO plugin v26.6 - https:\/\/yoast.com\/wordpress\/plugins\/seo\/ -->\n<title>L\u015bni\u0105ce kwiatuszki - kolczyki z \u017c\u00f3\u0142tego z\u0142ota z diamentami<\/title>\n<meta name=\"description\" content=\"Angielskie zapi\u0119cie i diamenty osadzone w koronkach w kszta\u0142cie kwiatuszk\u00f3w pozwol\u0105 Ci l\u015bni\u0107 ka\u017cdego dnia. Odpowiednie do noszenia na co dzie\u0144 oraz jako prezent na szczeg\u00f3lne okazje.\" \/>\n<meta name=\"robots\" content=\"index, follow, max-snippet:-1, max-image-preview:large, max-video-preview:-1\" \/>\n<link rel=\"canonical\" href=\"https:\/\/fashiongold.lt\/pl\/papuosalas\/lsniace-kwiatuszki-kolczyki-z-zoltego-zlota-z-diamentami-012-ct\/\" \/>\n<meta property=\"og:locale\" content=\"pl_PL\" \/>\n<meta property=\"og:type\" content=\"article\" \/>\n<meta property=\"og:title\" content=\"L\u015bni\u0105ce kwiatuszki - kolczyki z \u017c\u00f3\u0142tego z\u0142ota z diamentami\" \/>\n<meta property=\"og:description\" content=\"Angielskie zapi\u0119cie i diamenty osadzone w koronkach w kszta\u0142cie kwiatuszk\u00f3w pozwol\u0105 Ci l\u015bni\u0107 ka\u017cdego dnia. Odpowiednie do noszenia na co dzie\u0144 oraz jako prezent na szczeg\u00f3lne okazje.\" \/>\n<meta property=\"og:url\" content=\"https:\/\/fashiongold.lt\/pl\/papuosalas\/lsniace-kwiatuszki-kolczyki-z-zoltego-zlota-z-diamentami-012-ct\/\" \/>\n<meta property=\"og:site_name\" content=\"FashionGold.lt\" \/>\n<meta property=\"og:image\" content=\"https:\/\/fashiongold.lt\/wp-content\/uploads\/2025\/10\/5803-f3f-Svytincios-gelytes-geltono-aukso-auskarai-su-deimantais.webp\" \/>\n\t<meta property=\"og:image:width\" content=\"1000\" \/>\n\t<meta property=\"og:image:height\" content=\"1000\" \/>\n\t<meta property=\"og:image:type\" content=\"image\/jpeg\" \/>\n<meta name=\"twitter:card\" content=\"summary_large_image\" \/>\n<script type=\"application\/ld+json\" class=\"yoast-schema-graph\">{\"@context\":\"https:\/\/schema.org\",\"@graph\":[{\"@type\":\"WebPage\",\"@id\":\"https:\/\/fashiongold.lt\/pl\/papuosalas\/lsniace-kwiatuszki-kolczyki-z-zoltego-zlota-z-diamentami-012-ct\/\",\"url\":\"https:\/\/fashiongold.lt\/pl\/papuosalas\/lsniace-kwiatuszki-kolczyki-z-zoltego-zlota-z-diamentami-012-ct\/\",\"name\":\"L\u015bni\u0105ce kwiatuszki - kolczyki z \u017c\u00f3\u0142tego z\u0142ota z diamentami\",\"isPartOf\":{\"@id\":\"https:\/\/fashiongold.lt\/pl\/#website\"},\"primaryImageOfPage\":{\"@id\":\"https:\/\/fashiongold.lt\/pl\/papuosalas\/lsniace-kwiatuszki-kolczyki-z-zoltego-zlota-z-diamentami-012-ct\/#primaryimage\"},\"image\":{\"@id\":\"https:\/\/fashiongold.lt\/pl\/papuosalas\/lsniace-kwiatuszki-kolczyki-z-zoltego-zlota-z-diamentami-012-ct\/#primaryimage\"},\"thumbnailUrl\":\"https:\/\/fashiongold.lt\/wp-content\/uploads\/2025\/10\/5803-f3f-Svytincios-gelytes-geltono-aukso-auskarai-su-deimantais.jpg\",\"datePublished\":\"2025-10-09T23:07:39+00:00\",\"description\":\"Angielskie zapi\u0119cie i diamenty osadzone w koronkach w kszta\u0142cie kwiatuszk\u00f3w pozwol\u0105 Ci l\u015bni\u0107 ka\u017cdego dnia. Odpowiednie do noszenia na co dzie\u0144 oraz jako prezent na szczeg\u00f3lne okazje.\",\"breadcrumb\":{\"@id\":\"https:\/\/fashiongold.lt\/pl\/papuosalas\/lsniace-kwiatuszki-kolczyki-z-zoltego-zlota-z-diamentami-012-ct\/#breadcrumb\"},\"inLanguage\":\"pl-PL\",\"potentialAction\":[{\"@type\":\"ReadAction\",\"target\":[\"https:\/\/fashiongold.lt\/pl\/papuosalas\/lsniace-kwiatuszki-kolczyki-z-zoltego-zlota-z-diamentami-012-ct\/\"]}]},{\"@type\":\"ImageObject\",\"inLanguage\":\"pl-PL\",\"@id\":\"https:\/\/fashiongold.lt\/pl\/papuosalas\/lsniace-kwiatuszki-kolczyki-z-zoltego-zlota-z-diamentami-012-ct\/#primaryimage\",\"url\":\"https:\/\/fashiongold.lt\/wp-content\/uploads\/2025\/10\/5803-f3f-Svytincios-gelytes-geltono-aukso-auskarai-su-deimantais.jpg\",\"contentUrl\":\"https:\/\/fashiongold.lt\/wp-content\/uploads\/2025\/10\/5803-f3f-Svytincios-gelytes-geltono-aukso-auskarai-su-deimantais.jpg\",\"width\":1000,\"height\":1000},{\"@type\":\"BreadcrumbList\",\"@id\":\"https:\/\/fashiongold.lt\/pl\/papuosalas\/lsniace-kwiatuszki-kolczyki-z-zoltego-zlota-z-diamentami-012-ct\/#breadcrumb\",\"itemListElement\":[{\"@type\":\"ListItem\",\"position\":1,\"name\":\"Home\",\"item\":\"https:\/\/fashiongold.lt\/pl\/\"},{\"@type\":\"ListItem\",\"position\":2,\"name\":\"Sklep z diamentami Fashiongold.lt\",\"item\":\"https:\/\/fashiongold.lt\/shop-2\/\"},{\"@type\":\"ListItem\",\"position\":3,\"name\":\"L\u015bni\u0105ce kwiatuszki \u2013 kolczyki z \u017c\u00f3\u0142tego z\u0142ota z diamentami (0,12 ct)\"}]},{\"@type\":\"WebSite\",\"@id\":\"https:\/\/fashiongold.lt\/pl\/#website\",\"url\":\"https:\/\/fashiongold.lt\/pl\/\",\"name\":\"Fashion Gold\",\"description\":\"Juvelyrikos namai\",\"publisher\":{\"@id\":\"https:\/\/fashiongold.lt\/pl\/#organization\"},\"potentialAction\":[{\"@type\":\"SearchAction\",\"target\":{\"@type\":\"EntryPoint\",\"urlTemplate\":\"https:\/\/fashiongold.lt\/pl\/?s={search_term_string}\"},\"query-input\":{\"@type\":\"PropertyValueSpecification\",\"valueRequired\":true,\"valueName\":\"search_term_string\"}}],\"inLanguage\":\"pl-PL\"},{\"@type\":\"Organization\",\"@id\":\"https:\/\/fashiongold.lt\/pl\/#organization\",\"name\":\"Topdiamonds Online\",\"url\":\"https:\/\/fashiongold.lt\/pl\/\",\"logo\":{\"@type\":\"ImageObject\",\"inLanguage\":\"pl-PL\",\"@id\":\"https:\/\/fashiongold.lt\/pl\/#\/schema\/logo\/image\/\",\"url\":\"https:\/\/fashiongold.lt\/wp-content\/uploads\/2025\/04\/cropped-fashion_gold_logotipas2-scaled-1.png\",\"contentUrl\":\"https:\/\/fashiongold.lt\/wp-content\/uploads\/2025\/04\/cropped-fashion_gold_logotipas2-scaled-1.png\",\"width\":2559,\"height\":421,\"caption\":\"Topdiamonds Online\"},\"image\":{\"@id\":\"https:\/\/fashiongold.lt\/pl\/#\/schema\/logo\/image\/\"}}]}<\/script>\n<!-- \/ Yoast SEO plugin. -->","yoast_head_json":{"title":"L\u015bni\u0105ce kwiatuszki - kolczyki z \u017c\u00f3\u0142tego z\u0142ota z diamentami","description":"Angielskie zapi\u0119cie i diamenty osadzone w koronkach w kszta\u0142cie kwiatuszk\u00f3w pozwol\u0105 Ci l\u015bni\u0107 ka\u017cdego dnia. Odpowiednie do noszenia na co dzie\u0144 oraz jako prezent na szczeg\u00f3lne okazje.","robots":{"index":"index","follow":"follow","max-snippet":"max-snippet:-1","max-image-preview":"max-image-preview:large","max-video-preview":"max-video-preview:-1"},"canonical":"https:\/\/fashiongold.lt\/pl\/papuosalas\/lsniace-kwiatuszki-kolczyki-z-zoltego-zlota-z-diamentami-012-ct\/","og_locale":"pl_PL","og_type":"article","og_title":"L\u015bni\u0105ce kwiatuszki - kolczyki z \u017c\u00f3\u0142tego z\u0142ota z diamentami","og_description":"Angielskie zapi\u0119cie i diamenty osadzone w koronkach w kszta\u0142cie kwiatuszk\u00f3w pozwol\u0105 Ci l\u015bni\u0107 ka\u017cdego dnia. Odpowiednie do noszenia na co dzie\u0144 oraz jako prezent na szczeg\u00f3lne okazje.","og_url":"https:\/\/fashiongold.lt\/pl\/papuosalas\/lsniace-kwiatuszki-kolczyki-z-zoltego-zlota-z-diamentami-012-ct\/","og_site_name":"FashionGold.lt","og_image":[{"width":1000,"height":1000,"url":"https:\/\/fashiongold.lt\/wp-content\/uploads\/2025\/10\/5803-f3f-Svytincios-gelytes-geltono-aukso-auskarai-su-deimantais.webp","type":"image\/jpeg"}],"twitter_card":"summary_large_image","schema":{"@context":"https:\/\/schema.org","@graph":[{"@type":"WebPage","@id":"https:\/\/fashiongold.lt\/pl\/papuosalas\/lsniace-kwiatuszki-kolczyki-z-zoltego-zlota-z-diamentami-012-ct\/","url":"https:\/\/fashiongold.lt\/pl\/papuosalas\/lsniace-kwiatuszki-kolczyki-z-zoltego-zlota-z-diamentami-012-ct\/","name":"L\u015bni\u0105ce kwiatuszki - kolczyki z \u017c\u00f3\u0142tego z\u0142ota z diamentami","isPartOf":{"@id":"https:\/\/fashiongold.lt\/pl\/#website"},"primaryImageOfPage":{"@id":"https:\/\/fashiongold.lt\/pl\/papuosalas\/lsniace-kwiatuszki-kolczyki-z-zoltego-zlota-z-diamentami-012-ct\/#primaryimage"},"image":{"@id":"https:\/\/fashiongold.lt\/pl\/papuosalas\/lsniace-kwiatuszki-kolczyki-z-zoltego-zlota-z-diamentami-012-ct\/#primaryimage"},"thumbnailUrl":"https:\/\/fashiongold.lt\/wp-content\/uploads\/2025\/10\/5803-f3f-Svytincios-gelytes-geltono-aukso-auskarai-su-deimantais.jpg","datePublished":"2025-10-09T23:07:39+00:00","description":"Angielskie zapi\u0119cie i diamenty osadzone w koronkach w kszta\u0142cie kwiatuszk\u00f3w pozwol\u0105 Ci l\u015bni\u0107 ka\u017cdego dnia. Odpowiednie do noszenia na co dzie\u0144 oraz jako prezent na szczeg\u00f3lne okazje.","breadcrumb":{"@id":"https:\/\/fashiongold.lt\/pl\/papuosalas\/lsniace-kwiatuszki-kolczyki-z-zoltego-zlota-z-diamentami-012-ct\/#breadcrumb"},"inLanguage":"pl-PL","potentialAction":[{"@type":"ReadAction","target":["https:\/\/fashiongold.lt\/pl\/papuosalas\/lsniace-kwiatuszki-kolczyki-z-zoltego-zlota-z-diamentami-012-ct\/"]}]},{"@type":"ImageObject","inLanguage":"pl-PL","@id":"https:\/\/fashiongold.lt\/pl\/papuosalas\/lsniace-kwiatuszki-kolczyki-z-zoltego-zlota-z-diamentami-012-ct\/#primaryimage","url":"https:\/\/fashiongold.lt\/wp-content\/uploads\/2025\/10\/5803-f3f-Svytincios-gelytes-geltono-aukso-auskarai-su-deimantais.jpg","contentUrl":"https:\/\/fashiongold.lt\/wp-content\/uploads\/2025\/10\/5803-f3f-Svytincios-gelytes-geltono-aukso-auskarai-su-deimantais.jpg","width":1000,"height":1000},{"@type":"BreadcrumbList","@id":"https:\/\/fashiongold.lt\/pl\/papuosalas\/lsniace-kwiatuszki-kolczyki-z-zoltego-zlota-z-diamentami-012-ct\/#breadcrumb","itemListElement":[{"@type":"ListItem","position":1,"name":"Home","item":"https:\/\/fashiongold.lt\/pl\/"},{"@type":"ListItem","position":2,"name":"Sklep z diamentami Fashiongold.lt","item":"https:\/\/fashiongold.lt\/shop-2\/"},{"@type":"ListItem","position":3,"name":"L\u015bni\u0105ce kwiatuszki \u2013 kolczyki z \u017c\u00f3\u0142tego z\u0142ota z diamentami (0,12 ct)"}]},{"@type":"WebSite","@id":"https:\/\/fashiongold.lt\/pl\/#website","url":"https:\/\/fashiongold.lt\/pl\/","name":"Fashion Gold","description":"Juvelyrikos namai","publisher":{"@id":"https:\/\/fashiongold.lt\/pl\/#organization"},"potentialAction":[{"@type":"SearchAction","target":{"@type":"EntryPoint","urlTemplate":"https:\/\/fashiongold.lt\/pl\/?s={search_term_string}"},"query-input":{"@type":"PropertyValueSpecification","valueRequired":true,"valueName":"search_term_string"}}],"inLanguage":"pl-PL"},{"@type":"Organization","@id":"https:\/\/fashiongold.lt\/pl\/#organization","name":"Topdiamonds Online","url":"https:\/\/fashiongold.lt\/pl\/","logo":{"@type":"ImageObject","inLanguage":"pl-PL","@id":"https:\/\/fashiongold.lt\/pl\/#\/schema\/logo\/image\/","url":"https:\/\/fashiongold.lt\/wp-content\/uploads\/2025\/04\/cropped-fashion_gold_logotipas2-scaled-1.png","contentUrl":"https:\/\/fashiongold.lt\/wp-content\/uploads\/2025\/04\/cropped-fashion_gold_logotipas2-scaled-1.png","width":2559,"height":421,"caption":"Topdiamonds Online"},"image":{"@id":"https:\/\/fashiongold.lt\/pl\/#\/schema\/logo\/image\/"}}]}},"_links":{"self":[{"href":"https:\/\/fashiongold.lt\/pl\/wp-json\/wp\/v2\/product\/292764","targetHints":{"allow":["GET"]}}],"collection":[{"href":"https:\/\/fashiongold.lt\/pl\/wp-json\/wp\/v2\/product"}],"about":[{"href":"https:\/\/fashiongold.lt\/pl\/wp-json\/wp\/v2\/types\/product"}],"version-history":[{"count":0,"href":"https:\/\/fashiongold.lt\/pl\/wp-json\/wp\/v2\/product\/292764\/revisions"}],"wp:featuredmedia":[{"embeddable":true,"href":"https:\/\/fashiongold.lt\/pl\/wp-json\/wp\/v2\/media\/79827"}],"wp:attachment":[{"href":"https:\/\/fashiongold.lt\/pl\/wp-json\/wp\/v2\/media?parent=292764"}],"wp:term":[{"taxonomy":"product_brand","embeddable":true,"href":"https:\/\/fashiongold.lt\/pl\/wp-json\/wp\/v2\/product_brand?post=292764"},{"taxonomy":"product_cat","embeddable":true,"href":"https:\/\/fashiongold.lt\/pl\/wp-json\/wp\/v2\/product_cat?post=292764"},{"taxonomy":"product_tag","embeddable":true,"href":"https:\/\/fashiongold.lt\/pl\/wp-json\/wp\/v2\/product_tag?post=292764"}],"curies":[{"name":"wp","href":"https:\/\/api.w.org\/{rel}","templated":true}]}}