{"id":292879,"date":"2025-10-09T22:28:37","date_gmt":"2025-10-09T22:28:37","guid":{"rendered":"https:\/\/fashiongold.lt\/papuosalas\/wyjatkowy-halo-pierscionek-z-rozowego-zlota-z-diamentami-138-ct\/"},"modified":"2025-10-09T22:28:37","modified_gmt":"2025-10-09T22:28:37","slug":"wyjatkowy-halo-pierscionek-z-rozowego-zlota-z-diamentami-138-ct","status":"publish","type":"product","link":"https:\/\/fashiongold.lt\/pl\/produkt\/wyjatkowy-halo-pierscionek-z-rozowego-zlota-z-diamentami-138-ct\/","title":{"rendered":"Wyj\u0105tkowy Halo \u2013 pier\u015bcionek z r\u00f3\u017cowego z\u0142ota z diamentami (1,38 ct)"},"content":{"rendered":"<p>Wyprodukowano na Litwie. Pier\u015bcionek mo\u017ce zosta\u0107 wykonany na zam\u00f3wienie: z czerwonego, \u017c\u00f3\u0142tego oraz bia\u0142ego z\u0142ota.<\/p>\n<p>\u2022 Typ diamentu: Naturalny diament<\/p>\n<p>\u2022 Kszta\u0142t diamentu: Okr\u0105g\u0142y (Round cut)<\/p>\n<p>\u2022 Charakterystyka diamentu: 1,38 ct (1 x1,00 ct, 49 x 0,005 ct, 16 x 0,009), kolor H-I (w-STW); czysto\u015b\u0107 SI-I1<\/p>\n<p>\u2022 Certyfikat: Litewska Izba Probiercza (LPR)\u00a0<\/p>\n<p>\u2022 Z\u0142oto pier\u015bcionka: 14K (pr\u00f3ba 585)\u00a0<\/p>\n<p>\u2022 Kolor pier\u015bcionka: czerwone z\u0142oto\u00a0 \u00a0<\/p>\n<p>\u2022 Waga pier\u015bcionka: oko\u0142o 3,70-4,30 g\u00a0<\/p>\n","protected":false},"excerpt":{"rendered":"<p>Pier\u015bcionek z r\u00f3\u017cowego z\u0142ota z diamentami, kt\u00f3rego wyj\u0105tkowy design Halo zachwyca oko. Centralny diament 1,00 ct otaczaj\u0105 mniejsze diamenty 0,38 ct, kt\u00f3re l\u015bni\u0105 nie tylko wok\u00f3\u0142 \u015brodka, ale tak\u017ce wok\u00f3\u0142 kraw\u0119dzi korony. Doskona\u0142y wyb\u00f3r zar\u00f3wno na zar\u0119czyny, jak i na wyj\u0105tkowe okazje.<\/p>\n","protected":false},"featured_media":77630,"template":"","meta":{"site-sidebar-layout":"","site-content-layout":"","ast-site-content-layout":"","site-content-style":"","site-sidebar-style":"","ast-global-header-display":"","ast-banner-title-visibility":"","ast-main-header-display":"","ast-hfb-above-header-display":"","ast-hfb-below-header-display":"","ast-hfb-mobile-header-display":"","site-post-title":"","ast-breadcrumbs-content":"","ast-featured-img":"","footer-sml-layout":"","ast-disable-related-posts":"","theme-transparent-header-meta":"","adv-header-id-meta":"","stick-header-meta":"","header-above-stick-meta":"","header-main-stick-meta":"","header-below-stick-meta":"","astra-migrate-meta-layouts":"default","ast-page-background-enabled":"default","ast-page-background-meta":{"desktop":{"background-color":"var(--ast-global-color-4)","background-image":"","background-repeat":"repeat","background-position":"center center","background-size":"auto","background-attachment":"scroll","background-type":"","background-media":"","overlay-type":"","overlay-color":"","overlay-opacity":"","overlay-gradient":""},"tablet":{"background-color":"","background-image":"","background-repeat":"repeat","background-position":"center center","background-size":"auto","background-attachment":"scroll","background-type":"","background-media":"","overlay-type":"","overlay-color":"","overlay-opacity":"","overlay-gradient":""},"mobile":{"background-color":"","background-image":"","background-repeat":"repeat","background-position":"center center","background-size":"auto","background-attachment":"scroll","background-type":"","background-media":"","overlay-type":"","overlay-color":"","overlay-opacity":"","overlay-gradient":""}},"ast-content-background-meta":{"desktop":{"background-color":"var(--ast-global-color-5)","background-image":"","background-repeat":"repeat","background-position":"center center","background-size":"auto","background-attachment":"scroll","background-type":"","background-media":"","overlay-type":"","overlay-color":"","overlay-opacity":"","overlay-gradient":""},"tablet":{"background-color":"var(--ast-global-color-5)","background-image":"","background-repeat":"repeat","background-position":"center center","background-size":"auto","background-attachment":"scroll","background-type":"","background-media":"","overlay-type":"","overlay-color":"","overlay-opacity":"","overlay-gradient":""},"mobile":{"background-color":"var(--ast-global-color-5)","background-image":"","background-repeat":"repeat","background-position":"center center","background-size":"auto","background-attachment":"scroll","background-type":"","background-media":"","overlay-type":"","overlay-color":"","overlay-opacity":"","overlay-gradient":""}}},"product_brand":[],"product_cat":[3044,2973,3237,3232,2993,3760,3235,2853,2875,2876,2860,2857,2854,2855,3169,2859,2852],"product_tag":[],"class_list":{"0":"post-292879","1":"product","2":"type-product","3":"status-publish","4":"has-post-thumbnail","6":"product_cat-bizuteria","7":"product_cat-bizuteria-z-czerwonego-zlota","8":"product_cat-pierscionki-z-diamentami","9":"product_cat-pierscionki-zareczynowe","10":"product_cat-pierscionki-zareczynowe-typu-halo","11":"product_cat-pierscionki-zareczynowe-z-1-karatowym-diamentem","12":"product_cat-pierscionki-zareczynowe-z-czerwonego-zlota","13":"product_cat-prezenty-dla-kobiet","14":"product_cat-prezenty-na-dzien-matki","15":"product_cat-prezenty-na-walentynki","16":"product_cat-prezenty-na-wyjatkowe-okazje","17":"product_cat-prezenty-swiateczne","18":"product_cat-prezenty-z-okazji-narodzin-dziecka","19":"product_cat-prezenty-z-okazji-rocznicy-slubu","20":"product_cat-prezenty-z-okazji-slubu","21":"product_cat-prezenty-z-okazji-ukonczenia-szkoly","22":"product_cat-prezenty-z-okazji-urodzin","23":"desktop-align-center","24":"tablet-align-left","25":"mobile-align-left","26":"ast-product-gallery-layout-horizontal-slider","27":"ast-product-gallery-with-no-image","28":"ast-product-single-variable","29":"ast-product-tabs-layout-accordion","30":"ast-qv-on-image","32":"first","33":"instock","34":"taxable","35":"shipping-taxable","36":"purchasable","37":"product-type-variable"},"yoast_head":"<!-- This site is optimized with the Yoast SEO plugin v26.6 - https:\/\/yoast.com\/wordpress\/plugins\/seo\/ -->\n<title>Wyj\u0105tkowy pier\u015bcionek Halo - z czerwonego z\u0142ota z diamentami 1,38 ct<\/title>\n<meta name=\"description\" content=\"Wok\u00f3\u0142 centralnego diamentu 1,00 ct oraz kraw\u0119dzi korony u\u0142o\u017cone s\u0105 w ko\u0142o diamenty 0,38 ct, kt\u00f3re l\u015bni\u0105. Doskona\u0142y wyb\u00f3r na zar\u0119czyny i wyj\u0105tkowe okazje.\" \/>\n<meta name=\"robots\" content=\"index, follow, max-snippet:-1, max-image-preview:large, max-video-preview:-1\" \/>\n<link rel=\"canonical\" href=\"https:\/\/fashiongold.lt\/pl\/produkt\/wyjatkowy-halo-pierscionek-z-rozowego-zlota-z-diamentami-138-ct\/\" \/>\n<meta property=\"og:locale\" content=\"pl_PL\" \/>\n<meta property=\"og:type\" content=\"article\" \/>\n<meta property=\"og:title\" content=\"Wyj\u0105tkowy pier\u015bcionek Halo - z czerwonego z\u0142ota z diamentami 1,38 ct\" \/>\n<meta property=\"og:description\" content=\"Wok\u00f3\u0142 centralnego diamentu 1,00 ct oraz kraw\u0119dzi korony u\u0142o\u017cone s\u0105 w ko\u0142o diamenty 0,38 ct, kt\u00f3re l\u015bni\u0105. Doskona\u0142y wyb\u00f3r na zar\u0119czyny i wyj\u0105tkowe okazje.\" \/>\n<meta property=\"og:url\" content=\"https:\/\/fashiongold.lt\/pl\/produkt\/wyjatkowy-halo-pierscionek-z-rozowego-zlota-z-diamentami-138-ct\/\" \/>\n<meta property=\"og:site_name\" content=\"FashionGold.lt\" \/>\n<meta property=\"og:image\" content=\"https:\/\/fashiongold.lt\/wp-content\/uploads\/2025\/10\/5460-8b5-Isskirtinis-Halo-raudono-aukso-ziedas-su-deimantais.webp\" \/>\n\t<meta property=\"og:image:width\" content=\"1000\" \/>\n\t<meta property=\"og:image:height\" content=\"1000\" \/>\n\t<meta property=\"og:image:type\" content=\"image\/jpeg\" \/>\n<meta name=\"twitter:card\" content=\"summary_large_image\" \/>\n<script type=\"application\/ld+json\" class=\"yoast-schema-graph\">{\"@context\":\"https:\/\/schema.org\",\"@graph\":[{\"@type\":\"WebPage\",\"@id\":\"https:\/\/fashiongold.lt\/pl\/produkt\/wyjatkowy-halo-pierscionek-z-rozowego-zlota-z-diamentami-138-ct\/\",\"url\":\"https:\/\/fashiongold.lt\/pl\/produkt\/wyjatkowy-halo-pierscionek-z-rozowego-zlota-z-diamentami-138-ct\/\",\"name\":\"Wyj\u0105tkowy pier\u015bcionek Halo - z czerwonego z\u0142ota z diamentami 1,38 ct\",\"isPartOf\":{\"@id\":\"https:\/\/fashiongold.lt\/pl\/#website\"},\"primaryImageOfPage\":{\"@id\":\"https:\/\/fashiongold.lt\/pl\/produkt\/wyjatkowy-halo-pierscionek-z-rozowego-zlota-z-diamentami-138-ct\/#primaryimage\"},\"image\":{\"@id\":\"https:\/\/fashiongold.lt\/pl\/produkt\/wyjatkowy-halo-pierscionek-z-rozowego-zlota-z-diamentami-138-ct\/#primaryimage\"},\"thumbnailUrl\":\"https:\/\/fashiongold.lt\/wp-content\/uploads\/2025\/10\/5460-8b5-Isskirtinis-Halo-raudono-aukso-ziedas-su-deimantais.jpg\",\"datePublished\":\"2025-10-09T22:28:37+00:00\",\"description\":\"Wok\u00f3\u0142 centralnego diamentu 1,00 ct oraz kraw\u0119dzi korony u\u0142o\u017cone s\u0105 w ko\u0142o diamenty 0,38 ct, kt\u00f3re l\u015bni\u0105. Doskona\u0142y wyb\u00f3r na zar\u0119czyny i wyj\u0105tkowe okazje.\",\"breadcrumb\":{\"@id\":\"https:\/\/fashiongold.lt\/pl\/produkt\/wyjatkowy-halo-pierscionek-z-rozowego-zlota-z-diamentami-138-ct\/#breadcrumb\"},\"inLanguage\":\"pl-PL\",\"potentialAction\":[{\"@type\":\"ReadAction\",\"target\":[\"https:\/\/fashiongold.lt\/pl\/produkt\/wyjatkowy-halo-pierscionek-z-rozowego-zlota-z-diamentami-138-ct\/\"]}]},{\"@type\":\"ImageObject\",\"inLanguage\":\"pl-PL\",\"@id\":\"https:\/\/fashiongold.lt\/pl\/produkt\/wyjatkowy-halo-pierscionek-z-rozowego-zlota-z-diamentami-138-ct\/#primaryimage\",\"url\":\"https:\/\/fashiongold.lt\/wp-content\/uploads\/2025\/10\/5460-8b5-Isskirtinis-Halo-raudono-aukso-ziedas-su-deimantais.jpg\",\"contentUrl\":\"https:\/\/fashiongold.lt\/wp-content\/uploads\/2025\/10\/5460-8b5-Isskirtinis-Halo-raudono-aukso-ziedas-su-deimantais.jpg\",\"width\":1000,\"height\":1000},{\"@type\":\"BreadcrumbList\",\"@id\":\"https:\/\/fashiongold.lt\/pl\/produkt\/wyjatkowy-halo-pierscionek-z-rozowego-zlota-z-diamentami-138-ct\/#breadcrumb\",\"itemListElement\":[{\"@type\":\"ListItem\",\"position\":1,\"name\":\"Home\",\"item\":\"https:\/\/fashiongold.lt\/pl\/\"},{\"@type\":\"ListItem\",\"position\":2,\"name\":\"Sklep z diamentami Fashiongold.lt\",\"item\":\"https:\/\/fashiongold.lt\/shop-2\/\"},{\"@type\":\"ListItem\",\"position\":3,\"name\":\"Wyj\u0105tkowy Halo \u2013 pier\u015bcionek z r\u00f3\u017cowego z\u0142ota z diamentami (1,38 ct)\"}]},{\"@type\":\"WebSite\",\"@id\":\"https:\/\/fashiongold.lt\/pl\/#website\",\"url\":\"https:\/\/fashiongold.lt\/pl\/\",\"name\":\"Fashion Gold\",\"description\":\"Dom jubilerski\",\"publisher\":{\"@id\":\"https:\/\/fashiongold.lt\/pl\/#organization\"},\"potentialAction\":[{\"@type\":\"SearchAction\",\"target\":{\"@type\":\"EntryPoint\",\"urlTemplate\":\"https:\/\/fashiongold.lt\/pl\/?s={search_term_string}\"},\"query-input\":{\"@type\":\"PropertyValueSpecification\",\"valueRequired\":true,\"valueName\":\"search_term_string\"}}],\"inLanguage\":\"pl-PL\"},{\"@type\":\"Organization\",\"@id\":\"https:\/\/fashiongold.lt\/pl\/#organization\",\"name\":\"Topdiamonds Online\",\"url\":\"https:\/\/fashiongold.lt\/pl\/\",\"logo\":{\"@type\":\"ImageObject\",\"inLanguage\":\"pl-PL\",\"@id\":\"https:\/\/fashiongold.lt\/pl\/#\/schema\/logo\/image\/\",\"url\":\"https:\/\/fashiongold.lt\/wp-content\/uploads\/2025\/04\/cropped-fashion_gold_logotipas2-scaled-1.png\",\"contentUrl\":\"https:\/\/fashiongold.lt\/wp-content\/uploads\/2025\/04\/cropped-fashion_gold_logotipas2-scaled-1.png\",\"width\":2559,\"height\":421,\"caption\":\"Topdiamonds Online\"},\"image\":{\"@id\":\"https:\/\/fashiongold.lt\/pl\/#\/schema\/logo\/image\/\"}}]}<\/script>\n<!-- \/ Yoast SEO plugin. -->","yoast_head_json":{"title":"Wyj\u0105tkowy pier\u015bcionek Halo - z czerwonego z\u0142ota z diamentami 1,38 ct","description":"Wok\u00f3\u0142 centralnego diamentu 1,00 ct oraz kraw\u0119dzi korony u\u0142o\u017cone s\u0105 w ko\u0142o diamenty 0,38 ct, kt\u00f3re l\u015bni\u0105. Doskona\u0142y wyb\u00f3r na zar\u0119czyny i wyj\u0105tkowe okazje.","robots":{"index":"index","follow":"follow","max-snippet":"max-snippet:-1","max-image-preview":"max-image-preview:large","max-video-preview":"max-video-preview:-1"},"canonical":"https:\/\/fashiongold.lt\/pl\/produkt\/wyjatkowy-halo-pierscionek-z-rozowego-zlota-z-diamentami-138-ct\/","og_locale":"pl_PL","og_type":"article","og_title":"Wyj\u0105tkowy pier\u015bcionek Halo - z czerwonego z\u0142ota z diamentami 1,38 ct","og_description":"Wok\u00f3\u0142 centralnego diamentu 1,00 ct oraz kraw\u0119dzi korony u\u0142o\u017cone s\u0105 w ko\u0142o diamenty 0,38 ct, kt\u00f3re l\u015bni\u0105. Doskona\u0142y wyb\u00f3r na zar\u0119czyny i wyj\u0105tkowe okazje.","og_url":"https:\/\/fashiongold.lt\/pl\/produkt\/wyjatkowy-halo-pierscionek-z-rozowego-zlota-z-diamentami-138-ct\/","og_site_name":"FashionGold.lt","og_image":[{"width":1000,"height":1000,"url":"https:\/\/fashiongold.lt\/wp-content\/uploads\/2025\/10\/5460-8b5-Isskirtinis-Halo-raudono-aukso-ziedas-su-deimantais.webp","type":"image\/jpeg"}],"twitter_card":"summary_large_image","schema":{"@context":"https:\/\/schema.org","@graph":[{"@type":"WebPage","@id":"https:\/\/fashiongold.lt\/pl\/produkt\/wyjatkowy-halo-pierscionek-z-rozowego-zlota-z-diamentami-138-ct\/","url":"https:\/\/fashiongold.lt\/pl\/produkt\/wyjatkowy-halo-pierscionek-z-rozowego-zlota-z-diamentami-138-ct\/","name":"Wyj\u0105tkowy pier\u015bcionek Halo - z czerwonego z\u0142ota z diamentami 1,38 ct","isPartOf":{"@id":"https:\/\/fashiongold.lt\/pl\/#website"},"primaryImageOfPage":{"@id":"https:\/\/fashiongold.lt\/pl\/produkt\/wyjatkowy-halo-pierscionek-z-rozowego-zlota-z-diamentami-138-ct\/#primaryimage"},"image":{"@id":"https:\/\/fashiongold.lt\/pl\/produkt\/wyjatkowy-halo-pierscionek-z-rozowego-zlota-z-diamentami-138-ct\/#primaryimage"},"thumbnailUrl":"https:\/\/fashiongold.lt\/wp-content\/uploads\/2025\/10\/5460-8b5-Isskirtinis-Halo-raudono-aukso-ziedas-su-deimantais.jpg","datePublished":"2025-10-09T22:28:37+00:00","description":"Wok\u00f3\u0142 centralnego diamentu 1,00 ct oraz kraw\u0119dzi korony u\u0142o\u017cone s\u0105 w ko\u0142o diamenty 0,38 ct, kt\u00f3re l\u015bni\u0105. Doskona\u0142y wyb\u00f3r na zar\u0119czyny i wyj\u0105tkowe okazje.","breadcrumb":{"@id":"https:\/\/fashiongold.lt\/pl\/produkt\/wyjatkowy-halo-pierscionek-z-rozowego-zlota-z-diamentami-138-ct\/#breadcrumb"},"inLanguage":"pl-PL","potentialAction":[{"@type":"ReadAction","target":["https:\/\/fashiongold.lt\/pl\/produkt\/wyjatkowy-halo-pierscionek-z-rozowego-zlota-z-diamentami-138-ct\/"]}]},{"@type":"ImageObject","inLanguage":"pl-PL","@id":"https:\/\/fashiongold.lt\/pl\/produkt\/wyjatkowy-halo-pierscionek-z-rozowego-zlota-z-diamentami-138-ct\/#primaryimage","url":"https:\/\/fashiongold.lt\/wp-content\/uploads\/2025\/10\/5460-8b5-Isskirtinis-Halo-raudono-aukso-ziedas-su-deimantais.jpg","contentUrl":"https:\/\/fashiongold.lt\/wp-content\/uploads\/2025\/10\/5460-8b5-Isskirtinis-Halo-raudono-aukso-ziedas-su-deimantais.jpg","width":1000,"height":1000},{"@type":"BreadcrumbList","@id":"https:\/\/fashiongold.lt\/pl\/produkt\/wyjatkowy-halo-pierscionek-z-rozowego-zlota-z-diamentami-138-ct\/#breadcrumb","itemListElement":[{"@type":"ListItem","position":1,"name":"Home","item":"https:\/\/fashiongold.lt\/pl\/"},{"@type":"ListItem","position":2,"name":"Sklep z diamentami Fashiongold.lt","item":"https:\/\/fashiongold.lt\/shop-2\/"},{"@type":"ListItem","position":3,"name":"Wyj\u0105tkowy Halo \u2013 pier\u015bcionek z r\u00f3\u017cowego z\u0142ota z diamentami (1,38 ct)"}]},{"@type":"WebSite","@id":"https:\/\/fashiongold.lt\/pl\/#website","url":"https:\/\/fashiongold.lt\/pl\/","name":"Fashion Gold","description":"Dom jubilerski","publisher":{"@id":"https:\/\/fashiongold.lt\/pl\/#organization"},"potentialAction":[{"@type":"SearchAction","target":{"@type":"EntryPoint","urlTemplate":"https:\/\/fashiongold.lt\/pl\/?s={search_term_string}"},"query-input":{"@type":"PropertyValueSpecification","valueRequired":true,"valueName":"search_term_string"}}],"inLanguage":"pl-PL"},{"@type":"Organization","@id":"https:\/\/fashiongold.lt\/pl\/#organization","name":"Topdiamonds Online","url":"https:\/\/fashiongold.lt\/pl\/","logo":{"@type":"ImageObject","inLanguage":"pl-PL","@id":"https:\/\/fashiongold.lt\/pl\/#\/schema\/logo\/image\/","url":"https:\/\/fashiongold.lt\/wp-content\/uploads\/2025\/04\/cropped-fashion_gold_logotipas2-scaled-1.png","contentUrl":"https:\/\/fashiongold.lt\/wp-content\/uploads\/2025\/04\/cropped-fashion_gold_logotipas2-scaled-1.png","width":2559,"height":421,"caption":"Topdiamonds Online"},"image":{"@id":"https:\/\/fashiongold.lt\/pl\/#\/schema\/logo\/image\/"}}]}},"_links":{"self":[{"href":"https:\/\/fashiongold.lt\/pl\/wp-json\/wp\/v2\/product\/292879","targetHints":{"allow":["GET"]}}],"collection":[{"href":"https:\/\/fashiongold.lt\/pl\/wp-json\/wp\/v2\/product"}],"about":[{"href":"https:\/\/fashiongold.lt\/pl\/wp-json\/wp\/v2\/types\/product"}],"version-history":[{"count":0,"href":"https:\/\/fashiongold.lt\/pl\/wp-json\/wp\/v2\/product\/292879\/revisions"}],"wp:featuredmedia":[{"embeddable":true,"href":"https:\/\/fashiongold.lt\/pl\/wp-json\/wp\/v2\/media\/77630"}],"wp:attachment":[{"href":"https:\/\/fashiongold.lt\/pl\/wp-json\/wp\/v2\/media?parent=292879"}],"wp:term":[{"taxonomy":"product_brand","embeddable":true,"href":"https:\/\/fashiongold.lt\/pl\/wp-json\/wp\/v2\/product_brand?post=292879"},{"taxonomy":"product_cat","embeddable":true,"href":"https:\/\/fashiongold.lt\/pl\/wp-json\/wp\/v2\/product_cat?post=292879"},{"taxonomy":"product_tag","embeddable":true,"href":"https:\/\/fashiongold.lt\/pl\/wp-json\/wp\/v2\/product_tag?post=292879"}],"curies":[{"name":"wp","href":"https:\/\/api.w.org\/{rel}","templated":true}]}}