{"id":292989,"date":"2025-10-09T21:53:58","date_gmt":"2025-10-09T21:53:58","guid":{"rendered":"https:\/\/fashiongold.lt\/papuosalas\/diamentowy-szafir-zawieszka-z-zoltego-zlota-z-szafirem-i-diamentami-024-ct\/"},"modified":"2025-10-09T21:53:58","modified_gmt":"2025-10-09T21:53:58","slug":"diamentowy-szafir-zawieszka-z-zoltego-zlota-z-szafirem-i-diamentami-024-ct","status":"publish","type":"product","link":"https:\/\/fashiongold.lt\/pl\/papuosalas\/diamentowy-szafir-zawieszka-z-zoltego-zlota-z-szafirem-i-diamentami-024-ct\/","title":{"rendered":"Diamentowy Szafir \u2013 zawieszka z \u017c\u00f3\u0142tego z\u0142ota z szafirem i diamentami (0,24 ct)"},"content":{"rendered":"<p>Wyprodukowano na Litwie. Zawieszka mo\u017ce by\u0107 wykonana na zam\u00f3wienie: z czerwonego, \u017c\u00f3\u0142tego oraz bia\u0142ego z\u0142ota.<\/p>\n<p>\u2022 Typ diamentu: Naturalny diament<\/p>\n<p>\u2022 Kszta\u0142t diamentu: Okr\u0105g\u0142y (Round cut)<\/p>\n<p>\u2022 Charakterystyka diamentu: 0,09 ct okr\u0105g\u0142y, kolor H-I(W-STW); czysto\u015b\u0107 SI-P1<\/p>\n<p>\u2022 Charakterystyka kamienia szlachetnego: Szafir 0,15 ct okr\u0105g\u0142y, kolor <\/p>\n<p>\u2022 Certyfikat: Litewski Urz\u0105d Probierczy (LPR) <\/p>\n<p>\u2022 Z\u0142oto zawieszki: 14K (pr\u00f3ba 585) <\/p>\n<p>\u2022 Kolor zawieszki: \u017c\u00f3\u0142te z\u0142oto <\/p>\n<p>\u2022 Waga zawieszki: oko\u0142o 0,50-0,80 g <\/p>\n<p>\u2022 Rozmiar zawieszki: 14&#215;6 mm.<\/p>\n","protected":false},"excerpt":{"rendered":"<p>Zawieszka z \u017c\u00f3\u0142tego z\u0142ota z szafirem i l\u015bni\u0105cymi diamentami wok\u00f3\u0142, tworz\u0105ca wz\u00f3r w kszta\u0142cie kwiatu. Klasyczny wyb\u00f3r na co dzie\u0144 i na wyj\u0105tkowe okazje. Nadaj swojemu stylowi blasku dzi\u0119ki tej wyj\u0105tkowej bi\u017cuterii.<\/p>\n","protected":false},"featured_media":75965,"template":"","meta":{"site-sidebar-layout":"","site-content-layout":"","ast-site-content-layout":"","site-content-style":"","site-sidebar-style":"","ast-global-header-display":"","ast-banner-title-visibility":"","ast-main-header-display":"","ast-hfb-above-header-display":"","ast-hfb-below-header-display":"","ast-hfb-mobile-header-display":"","site-post-title":"","ast-breadcrumbs-content":"","ast-featured-img":"","footer-sml-layout":"","ast-disable-related-posts":"","theme-transparent-header-meta":"","adv-header-id-meta":"","stick-header-meta":"","header-above-stick-meta":"","header-main-stick-meta":"","header-below-stick-meta":"","astra-migrate-meta-layouts":"default","ast-page-background-enabled":"default","ast-page-background-meta":{"desktop":{"background-color":"var(--ast-global-color-4)","background-image":"","background-repeat":"repeat","background-position":"center center","background-size":"auto","background-attachment":"scroll","background-type":"","background-media":"","overlay-type":"","overlay-color":"","overlay-opacity":"","overlay-gradient":""},"tablet":{"background-color":"","background-image":"","background-repeat":"repeat","background-position":"center center","background-size":"auto","background-attachment":"scroll","background-type":"","background-media":"","overlay-type":"","overlay-color":"","overlay-opacity":"","overlay-gradient":""},"mobile":{"background-color":"","background-image":"","background-repeat":"repeat","background-position":"center center","background-size":"auto","background-attachment":"scroll","background-type":"","background-media":"","overlay-type":"","overlay-color":"","overlay-opacity":"","overlay-gradient":""}},"ast-content-background-meta":{"desktop":{"background-color":"var(--ast-global-color-5)","background-image":"","background-repeat":"repeat","background-position":"center center","background-size":"auto","background-attachment":"scroll","background-type":"","background-media":"","overlay-type":"","overlay-color":"","overlay-opacity":"","overlay-gradient":""},"tablet":{"background-color":"var(--ast-global-color-5)","background-image":"","background-repeat":"repeat","background-position":"center center","background-size":"auto","background-attachment":"scroll","background-type":"","background-media":"","overlay-type":"","overlay-color":"","overlay-opacity":"","overlay-gradient":""},"mobile":{"background-color":"var(--ast-global-color-5)","background-image":"","background-repeat":"repeat","background-position":"center center","background-size":"auto","background-attachment":"scroll","background-type":"","background-media":"","overlay-type":"","overlay-color":"","overlay-opacity":"","overlay-gradient":""}}},"product_brand":[],"product_cat":[3044,2878,2861,3179,3166,2853,3165,2875,2876,2860,2857,2854,2855,3169,2859,2852,2873,3051],"product_tag":[],"class_list":{"0":"post-292989","1":"product","2":"type-product","3":"status-publish","4":"has-post-thumbnail","6":"product_cat-bizuteria","7":"product_cat-bizuteria-z-niebieskimi-kamieniami-szlachetnymi","8":"product_cat-bizuteria-z-zoltego-zlota","9":"product_cat-niebieski-klejnot","10":"product_cat-prezent-z-okazji-pierwszej-komunii-swietej","11":"product_cat-prezenty-dla-kobiet","12":"product_cat-prezenty-na-chrzest","13":"product_cat-prezenty-na-dzien-matki","14":"product_cat-prezenty-na-walentynki","15":"product_cat-prezenty-na-wyjatkowe-okazje","16":"product_cat-prezenty-swiateczne","17":"product_cat-prezenty-z-okazji-narodzin-dziecka","18":"product_cat-prezenty-z-okazji-rocznicy-slubu","19":"product_cat-prezenty-z-okazji-slubu","20":"product_cat-prezenty-z-okazji-ukonczenia-szkoly","21":"product_cat-prezenty-z-okazji-urodzin","22":"product_cat-szafir-bizuteria-z-szafirami","23":"product_cat-zawieszki-z-diamentami","24":"desktop-align-center","25":"tablet-align-left","26":"mobile-align-left","27":"ast-product-gallery-layout-horizontal-slider","28":"ast-product-gallery-with-no-image","29":"ast-product-tabs-layout-accordion","30":"ast-qv-on-image","32":"first","33":"instock","34":"taxable","35":"shipping-taxable","36":"purchasable","37":"product-type-simple"},"yoast_head":"<!-- This site is optimized with the Yoast SEO plugin v26.6 - https:\/\/yoast.com\/wordpress\/plugins\/seo\/ -->\n<title>Diamentowy Szafir - wisiorek z \u017c\u00f3\u0142tego z\u0142ota z szafirem i diamentami<\/title>\n<meta name=\"description\" content=\"Zawieszka z \u017c\u00f3\u0142tego z\u0142ota z szafirem i l\u015bni\u0105cymi diamentami dooko\u0142a, tworz\u0105ca wz\u00f3r w kszta\u0142cie kwiatu. Klasyczny wyb\u00f3r na co dzie\u0144 i na szczeg\u00f3lne okazje.\" \/>\n<meta name=\"robots\" content=\"index, follow, max-snippet:-1, max-image-preview:large, max-video-preview:-1\" \/>\n<link rel=\"canonical\" href=\"https:\/\/fashiongold.lt\/pl\/papuosalas\/diamentowy-szafir-zawieszka-z-zoltego-zlota-z-szafirem-i-diamentami-024-ct\/\" \/>\n<meta property=\"og:locale\" content=\"pl_PL\" \/>\n<meta property=\"og:type\" content=\"article\" \/>\n<meta property=\"og:title\" content=\"Diamentowy Szafir - wisiorek z \u017c\u00f3\u0142tego z\u0142ota z szafirem i diamentami\" \/>\n<meta property=\"og:description\" content=\"Zawieszka z \u017c\u00f3\u0142tego z\u0142ota z szafirem i l\u015bni\u0105cymi diamentami dooko\u0142a, tworz\u0105ca wz\u00f3r w kszta\u0142cie kwiatu. Klasyczny wyb\u00f3r na co dzie\u0144 i na szczeg\u00f3lne okazje.\" \/>\n<meta property=\"og:url\" content=\"https:\/\/fashiongold.lt\/pl\/papuosalas\/diamentowy-szafir-zawieszka-z-zoltego-zlota-z-szafirem-i-diamentami-024-ct\/\" \/>\n<meta property=\"og:site_name\" content=\"FashionGold.lt\" \/>\n<meta property=\"og:image\" content=\"https:\/\/fashiongold.lt\/wp-content\/uploads\/2025\/10\/5233-74b-Deimantinis-safyras-geltono-aukso-pakabukas-su-safyru-ir-deimantais.webp\" \/>\n\t<meta property=\"og:image:width\" content=\"1000\" \/>\n\t<meta property=\"og:image:height\" content=\"1000\" \/>\n\t<meta property=\"og:image:type\" content=\"image\/jpeg\" \/>\n<meta name=\"twitter:card\" content=\"summary_large_image\" \/>\n<script type=\"application\/ld+json\" class=\"yoast-schema-graph\">{\"@context\":\"https:\/\/schema.org\",\"@graph\":[{\"@type\":\"WebPage\",\"@id\":\"https:\/\/fashiongold.lt\/pl\/papuosalas\/diamentowy-szafir-zawieszka-z-zoltego-zlota-z-szafirem-i-diamentami-024-ct\/\",\"url\":\"https:\/\/fashiongold.lt\/pl\/papuosalas\/diamentowy-szafir-zawieszka-z-zoltego-zlota-z-szafirem-i-diamentami-024-ct\/\",\"name\":\"Diamentowy Szafir - wisiorek z \u017c\u00f3\u0142tego z\u0142ota z szafirem i diamentami\",\"isPartOf\":{\"@id\":\"https:\/\/fashiongold.lt\/pl\/#website\"},\"primaryImageOfPage\":{\"@id\":\"https:\/\/fashiongold.lt\/pl\/papuosalas\/diamentowy-szafir-zawieszka-z-zoltego-zlota-z-szafirem-i-diamentami-024-ct\/#primaryimage\"},\"image\":{\"@id\":\"https:\/\/fashiongold.lt\/pl\/papuosalas\/diamentowy-szafir-zawieszka-z-zoltego-zlota-z-szafirem-i-diamentami-024-ct\/#primaryimage\"},\"thumbnailUrl\":\"https:\/\/fashiongold.lt\/wp-content\/uploads\/2025\/10\/5233-74b-Deimantinis-safyras-geltono-aukso-pakabukas-su-safyru-ir-deimantais.jpg\",\"datePublished\":\"2025-10-09T21:53:58+00:00\",\"description\":\"Zawieszka z \u017c\u00f3\u0142tego z\u0142ota z szafirem i l\u015bni\u0105cymi diamentami dooko\u0142a, tworz\u0105ca wz\u00f3r w kszta\u0142cie kwiatu. Klasyczny wyb\u00f3r na co dzie\u0144 i na szczeg\u00f3lne okazje.\",\"breadcrumb\":{\"@id\":\"https:\/\/fashiongold.lt\/pl\/papuosalas\/diamentowy-szafir-zawieszka-z-zoltego-zlota-z-szafirem-i-diamentami-024-ct\/#breadcrumb\"},\"inLanguage\":\"pl-PL\",\"potentialAction\":[{\"@type\":\"ReadAction\",\"target\":[\"https:\/\/fashiongold.lt\/pl\/papuosalas\/diamentowy-szafir-zawieszka-z-zoltego-zlota-z-szafirem-i-diamentami-024-ct\/\"]}]},{\"@type\":\"ImageObject\",\"inLanguage\":\"pl-PL\",\"@id\":\"https:\/\/fashiongold.lt\/pl\/papuosalas\/diamentowy-szafir-zawieszka-z-zoltego-zlota-z-szafirem-i-diamentami-024-ct\/#primaryimage\",\"url\":\"https:\/\/fashiongold.lt\/wp-content\/uploads\/2025\/10\/5233-74b-Deimantinis-safyras-geltono-aukso-pakabukas-su-safyru-ir-deimantais.jpg\",\"contentUrl\":\"https:\/\/fashiongold.lt\/wp-content\/uploads\/2025\/10\/5233-74b-Deimantinis-safyras-geltono-aukso-pakabukas-su-safyru-ir-deimantais.jpg\",\"width\":1000,\"height\":1000},{\"@type\":\"BreadcrumbList\",\"@id\":\"https:\/\/fashiongold.lt\/pl\/papuosalas\/diamentowy-szafir-zawieszka-z-zoltego-zlota-z-szafirem-i-diamentami-024-ct\/#breadcrumb\",\"itemListElement\":[{\"@type\":\"ListItem\",\"position\":1,\"name\":\"Home\",\"item\":\"https:\/\/fashiongold.lt\/pl\/\"},{\"@type\":\"ListItem\",\"position\":2,\"name\":\"Sklep z diamentami Fashiongold.lt\",\"item\":\"https:\/\/fashiongold.lt\/shop-2\/\"},{\"@type\":\"ListItem\",\"position\":3,\"name\":\"Diamentowy Szafir \u2013 zawieszka z \u017c\u00f3\u0142tego z\u0142ota z szafirem i diamentami (0,24 ct)\"}]},{\"@type\":\"WebSite\",\"@id\":\"https:\/\/fashiongold.lt\/pl\/#website\",\"url\":\"https:\/\/fashiongold.lt\/pl\/\",\"name\":\"Fashion Gold\",\"description\":\"Juvelyrikos namai\",\"publisher\":{\"@id\":\"https:\/\/fashiongold.lt\/pl\/#organization\"},\"potentialAction\":[{\"@type\":\"SearchAction\",\"target\":{\"@type\":\"EntryPoint\",\"urlTemplate\":\"https:\/\/fashiongold.lt\/pl\/?s={search_term_string}\"},\"query-input\":{\"@type\":\"PropertyValueSpecification\",\"valueRequired\":true,\"valueName\":\"search_term_string\"}}],\"inLanguage\":\"pl-PL\"},{\"@type\":\"Organization\",\"@id\":\"https:\/\/fashiongold.lt\/pl\/#organization\",\"name\":\"Topdiamonds Online\",\"url\":\"https:\/\/fashiongold.lt\/pl\/\",\"logo\":{\"@type\":\"ImageObject\",\"inLanguage\":\"pl-PL\",\"@id\":\"https:\/\/fashiongold.lt\/pl\/#\/schema\/logo\/image\/\",\"url\":\"https:\/\/fashiongold.lt\/wp-content\/uploads\/2025\/04\/cropped-fashion_gold_logotipas2-scaled-1.png\",\"contentUrl\":\"https:\/\/fashiongold.lt\/wp-content\/uploads\/2025\/04\/cropped-fashion_gold_logotipas2-scaled-1.png\",\"width\":2559,\"height\":421,\"caption\":\"Topdiamonds Online\"},\"image\":{\"@id\":\"https:\/\/fashiongold.lt\/pl\/#\/schema\/logo\/image\/\"}}]}<\/script>\n<!-- \/ Yoast SEO plugin. -->","yoast_head_json":{"title":"Diamentowy Szafir - wisiorek z \u017c\u00f3\u0142tego z\u0142ota z szafirem i diamentami","description":"Zawieszka z \u017c\u00f3\u0142tego z\u0142ota z szafirem i l\u015bni\u0105cymi diamentami dooko\u0142a, tworz\u0105ca wz\u00f3r w kszta\u0142cie kwiatu. Klasyczny wyb\u00f3r na co dzie\u0144 i na szczeg\u00f3lne okazje.","robots":{"index":"index","follow":"follow","max-snippet":"max-snippet:-1","max-image-preview":"max-image-preview:large","max-video-preview":"max-video-preview:-1"},"canonical":"https:\/\/fashiongold.lt\/pl\/papuosalas\/diamentowy-szafir-zawieszka-z-zoltego-zlota-z-szafirem-i-diamentami-024-ct\/","og_locale":"pl_PL","og_type":"article","og_title":"Diamentowy Szafir - wisiorek z \u017c\u00f3\u0142tego z\u0142ota z szafirem i diamentami","og_description":"Zawieszka z \u017c\u00f3\u0142tego z\u0142ota z szafirem i l\u015bni\u0105cymi diamentami dooko\u0142a, tworz\u0105ca wz\u00f3r w kszta\u0142cie kwiatu. Klasyczny wyb\u00f3r na co dzie\u0144 i na szczeg\u00f3lne okazje.","og_url":"https:\/\/fashiongold.lt\/pl\/papuosalas\/diamentowy-szafir-zawieszka-z-zoltego-zlota-z-szafirem-i-diamentami-024-ct\/","og_site_name":"FashionGold.lt","og_image":[{"width":1000,"height":1000,"url":"https:\/\/fashiongold.lt\/wp-content\/uploads\/2025\/10\/5233-74b-Deimantinis-safyras-geltono-aukso-pakabukas-su-safyru-ir-deimantais.webp","type":"image\/jpeg"}],"twitter_card":"summary_large_image","schema":{"@context":"https:\/\/schema.org","@graph":[{"@type":"WebPage","@id":"https:\/\/fashiongold.lt\/pl\/papuosalas\/diamentowy-szafir-zawieszka-z-zoltego-zlota-z-szafirem-i-diamentami-024-ct\/","url":"https:\/\/fashiongold.lt\/pl\/papuosalas\/diamentowy-szafir-zawieszka-z-zoltego-zlota-z-szafirem-i-diamentami-024-ct\/","name":"Diamentowy Szafir - wisiorek z \u017c\u00f3\u0142tego z\u0142ota z szafirem i diamentami","isPartOf":{"@id":"https:\/\/fashiongold.lt\/pl\/#website"},"primaryImageOfPage":{"@id":"https:\/\/fashiongold.lt\/pl\/papuosalas\/diamentowy-szafir-zawieszka-z-zoltego-zlota-z-szafirem-i-diamentami-024-ct\/#primaryimage"},"image":{"@id":"https:\/\/fashiongold.lt\/pl\/papuosalas\/diamentowy-szafir-zawieszka-z-zoltego-zlota-z-szafirem-i-diamentami-024-ct\/#primaryimage"},"thumbnailUrl":"https:\/\/fashiongold.lt\/wp-content\/uploads\/2025\/10\/5233-74b-Deimantinis-safyras-geltono-aukso-pakabukas-su-safyru-ir-deimantais.jpg","datePublished":"2025-10-09T21:53:58+00:00","description":"Zawieszka z \u017c\u00f3\u0142tego z\u0142ota z szafirem i l\u015bni\u0105cymi diamentami dooko\u0142a, tworz\u0105ca wz\u00f3r w kszta\u0142cie kwiatu. Klasyczny wyb\u00f3r na co dzie\u0144 i na szczeg\u00f3lne okazje.","breadcrumb":{"@id":"https:\/\/fashiongold.lt\/pl\/papuosalas\/diamentowy-szafir-zawieszka-z-zoltego-zlota-z-szafirem-i-diamentami-024-ct\/#breadcrumb"},"inLanguage":"pl-PL","potentialAction":[{"@type":"ReadAction","target":["https:\/\/fashiongold.lt\/pl\/papuosalas\/diamentowy-szafir-zawieszka-z-zoltego-zlota-z-szafirem-i-diamentami-024-ct\/"]}]},{"@type":"ImageObject","inLanguage":"pl-PL","@id":"https:\/\/fashiongold.lt\/pl\/papuosalas\/diamentowy-szafir-zawieszka-z-zoltego-zlota-z-szafirem-i-diamentami-024-ct\/#primaryimage","url":"https:\/\/fashiongold.lt\/wp-content\/uploads\/2025\/10\/5233-74b-Deimantinis-safyras-geltono-aukso-pakabukas-su-safyru-ir-deimantais.jpg","contentUrl":"https:\/\/fashiongold.lt\/wp-content\/uploads\/2025\/10\/5233-74b-Deimantinis-safyras-geltono-aukso-pakabukas-su-safyru-ir-deimantais.jpg","width":1000,"height":1000},{"@type":"BreadcrumbList","@id":"https:\/\/fashiongold.lt\/pl\/papuosalas\/diamentowy-szafir-zawieszka-z-zoltego-zlota-z-szafirem-i-diamentami-024-ct\/#breadcrumb","itemListElement":[{"@type":"ListItem","position":1,"name":"Home","item":"https:\/\/fashiongold.lt\/pl\/"},{"@type":"ListItem","position":2,"name":"Sklep z diamentami Fashiongold.lt","item":"https:\/\/fashiongold.lt\/shop-2\/"},{"@type":"ListItem","position":3,"name":"Diamentowy Szafir \u2013 zawieszka z \u017c\u00f3\u0142tego z\u0142ota z szafirem i diamentami (0,24 ct)"}]},{"@type":"WebSite","@id":"https:\/\/fashiongold.lt\/pl\/#website","url":"https:\/\/fashiongold.lt\/pl\/","name":"Fashion Gold","description":"Juvelyrikos namai","publisher":{"@id":"https:\/\/fashiongold.lt\/pl\/#organization"},"potentialAction":[{"@type":"SearchAction","target":{"@type":"EntryPoint","urlTemplate":"https:\/\/fashiongold.lt\/pl\/?s={search_term_string}"},"query-input":{"@type":"PropertyValueSpecification","valueRequired":true,"valueName":"search_term_string"}}],"inLanguage":"pl-PL"},{"@type":"Organization","@id":"https:\/\/fashiongold.lt\/pl\/#organization","name":"Topdiamonds Online","url":"https:\/\/fashiongold.lt\/pl\/","logo":{"@type":"ImageObject","inLanguage":"pl-PL","@id":"https:\/\/fashiongold.lt\/pl\/#\/schema\/logo\/image\/","url":"https:\/\/fashiongold.lt\/wp-content\/uploads\/2025\/04\/cropped-fashion_gold_logotipas2-scaled-1.png","contentUrl":"https:\/\/fashiongold.lt\/wp-content\/uploads\/2025\/04\/cropped-fashion_gold_logotipas2-scaled-1.png","width":2559,"height":421,"caption":"Topdiamonds Online"},"image":{"@id":"https:\/\/fashiongold.lt\/pl\/#\/schema\/logo\/image\/"}}]}},"_links":{"self":[{"href":"https:\/\/fashiongold.lt\/pl\/wp-json\/wp\/v2\/product\/292989","targetHints":{"allow":["GET"]}}],"collection":[{"href":"https:\/\/fashiongold.lt\/pl\/wp-json\/wp\/v2\/product"}],"about":[{"href":"https:\/\/fashiongold.lt\/pl\/wp-json\/wp\/v2\/types\/product"}],"version-history":[{"count":0,"href":"https:\/\/fashiongold.lt\/pl\/wp-json\/wp\/v2\/product\/292989\/revisions"}],"wp:featuredmedia":[{"embeddable":true,"href":"https:\/\/fashiongold.lt\/pl\/wp-json\/wp\/v2\/media\/75965"}],"wp:attachment":[{"href":"https:\/\/fashiongold.lt\/pl\/wp-json\/wp\/v2\/media?parent=292989"}],"wp:term":[{"taxonomy":"product_brand","embeddable":true,"href":"https:\/\/fashiongold.lt\/pl\/wp-json\/wp\/v2\/product_brand?post=292989"},{"taxonomy":"product_cat","embeddable":true,"href":"https:\/\/fashiongold.lt\/pl\/wp-json\/wp\/v2\/product_cat?post=292989"},{"taxonomy":"product_tag","embeddable":true,"href":"https:\/\/fashiongold.lt\/pl\/wp-json\/wp\/v2\/product_tag?post=292989"}],"curies":[{"name":"wp","href":"https:\/\/api.w.org\/{rel}","templated":true}]}}