{"id":293194,"date":"2025-10-09T21:49:24","date_gmt":"2025-10-09T21:49:24","guid":{"rendered":"https:\/\/fashiongold.lt\/papuosalas\/elegancka-perla-w-ksztalcie-serca-lancuszek-z-zoltego-zlota-z-perla-i-zawieszka-z-diamentem\/"},"modified":"2025-10-09T21:49:24","modified_gmt":"2025-10-09T21:49:24","slug":"elegancka-perla-w-ksztalcie-serca-lancuszek-z-zoltego-zlota-z-perla-i-zawieszka-z-diamentem","status":"publish","type":"product","link":"https:\/\/fashiongold.lt\/pl\/papuosalas\/elegancka-perla-w-ksztalcie-serca-lancuszek-z-zoltego-zlota-z-perla-i-zawieszka-z-diamentem\/","title":{"rendered":"Elegancka per\u0142a w kszta\u0142cie serca \u2013 \u0142a\u0144cuszek z \u017c\u00f3\u0142tego z\u0142ota z per\u0142\u0105 i zawieszka z diamentem"},"content":{"rendered":"<p>Wyprodukowano na Litwie. Wisiorek mo\u017ce zosta\u0107 wykonany na zam\u00f3wienie: z czerwonego, \u017c\u00f3\u0142tego oraz bia\u0142ego z\u0142ota.<\/p>\n<p>\u2022 Typ diamentu: Naturalny diament<\/p>\n<p>\u2022 Kszta\u0142t diamentu: Okr\u0105g\u0142y (Round cut)<\/p>\n<p>\u2022 Charakterystyka diamentu: 0,01 ct, kszta\u0142t okr\u0105g\u0142y, barwa H-I(W-STW); czysto\u015b\u0107 SI-P1<\/p>\n<p>\u2022 Certyfikat: Litewski Urz\u0105d Probierczy (LPR)\u00a0<\/p>\n<p>\u2022 Z\u0142oto wisiorka: 14K (pr\u00f3ba 585)\u00a0<\/p>\n<p>\u2022 Kolor wisiorka: \u017c\u00f3\u0142te z\u0142oto\u00a0<\/p>\n<p>\u2022 Waga wisiorka: oko\u0142o 1,50-1,70 g\u00a0<\/p>\n<p>\u2022 D\u0142ugo\u015b\u0107 \u0142a\u0144cuszka: regulowana 46 cm + 3 cm<\/p>\n<p>\u2022 Rozmiar wisiorka: d\u0142ugo\u015b\u0107 9 mm, wysoko\u015b\u0107 8 mm<\/p>\n<p>\u2022 Per\u0142a: per\u0142a s\u0142odkowodna.<\/p>\n","protected":false},"excerpt":{"rendered":"<p>Z\u0142oty \u0142a\u0144cuszek z \u017c\u00f3\u0142tego z\u0142ota z per\u0142\u0105 oraz zawieszka w kszta\u0142cie serca ozdobiona diamentem. Wyj\u0105tkowy design, doskona\u0142y wyb\u00f3r na co dzie\u0144 i na specjalne okazje.<\/p>\n","protected":false},"featured_media":74703,"template":"","meta":{"site-sidebar-layout":"","site-content-layout":"","ast-site-content-layout":"","site-content-style":"","site-sidebar-style":"","ast-global-header-display":"","ast-banner-title-visibility":"","ast-main-header-display":"","ast-hfb-above-header-display":"","ast-hfb-below-header-display":"","ast-hfb-mobile-header-display":"","site-post-title":"","ast-breadcrumbs-content":"","ast-featured-img":"","footer-sml-layout":"","ast-disable-related-posts":"","theme-transparent-header-meta":"","adv-header-id-meta":"","stick-header-meta":"","header-above-stick-meta":"","header-main-stick-meta":"","header-below-stick-meta":"","astra-migrate-meta-layouts":"default","ast-page-background-enabled":"default","ast-page-background-meta":{"desktop":{"background-color":"var(--ast-global-color-4)","background-image":"","background-repeat":"repeat","background-position":"center center","background-size":"auto","background-attachment":"scroll","background-type":"","background-media":"","overlay-type":"","overlay-color":"","overlay-opacity":"","overlay-gradient":""},"tablet":{"background-color":"","background-image":"","background-repeat":"repeat","background-position":"center center","background-size":"auto","background-attachment":"scroll","background-type":"","background-media":"","overlay-type":"","overlay-color":"","overlay-opacity":"","overlay-gradient":""},"mobile":{"background-color":"","background-image":"","background-repeat":"repeat","background-position":"center center","background-size":"auto","background-attachment":"scroll","background-type":"","background-media":"","overlay-type":"","overlay-color":"","overlay-opacity":"","overlay-gradient":""}},"ast-content-background-meta":{"desktop":{"background-color":"var(--ast-global-color-5)","background-image":"","background-repeat":"repeat","background-position":"center center","background-size":"auto","background-attachment":"scroll","background-type":"","background-media":"","overlay-type":"","overlay-color":"","overlay-opacity":"","overlay-gradient":""},"tablet":{"background-color":"var(--ast-global-color-5)","background-image":"","background-repeat":"repeat","background-position":"center center","background-size":"auto","background-attachment":"scroll","background-type":"","background-media":"","overlay-type":"","overlay-color":"","overlay-opacity":"","overlay-gradient":""},"mobile":{"background-color":"var(--ast-global-color-5)","background-image":"","background-repeat":"repeat","background-position":"center center","background-size":"auto","background-attachment":"scroll","background-type":"","background-media":"","overlay-type":"","overlay-color":"","overlay-opacity":"","overlay-gradient":""}}},"product_brand":[],"product_cat":[3044,2861,3260,3353,3263,3166,2853,3165,2875,2876,2860,2857,2854,2855,3169,2859,2852,3051,3261,3035,3363],"product_tag":[],"class_list":{"0":"post-293194","1":"product","2":"type-product","3":"status-publish","4":"has-post-thumbnail","6":"product_cat-bizuteria","7":"product_cat-bizuteria-z-zoltego-zlota","8":"product_cat-lancuszek-na-chrzest","9":"product_cat-lancuszek-z-diamentem","10":"product_cat-lancuszki-z-diamentami","11":"product_cat-prezent-z-okazji-pierwszej-komunii-swietej","12":"product_cat-prezenty-dla-kobiet","13":"product_cat-prezenty-na-chrzest","14":"product_cat-prezenty-na-dzien-matki","15":"product_cat-prezenty-na-walentynki","16":"product_cat-prezenty-na-wyjatkowe-okazje","17":"product_cat-prezenty-swiateczne","18":"product_cat-prezenty-z-okazji-narodzin-dziecka","19":"product_cat-prezenty-z-okazji-rocznicy-slubu","20":"product_cat-prezenty-z-okazji-slubu","21":"product_cat-prezenty-z-okazji-ukonczenia-szkoly","22":"product_cat-prezenty-z-okazji-urodzin","23":"product_cat-zawieszki-z-diamentami","24":"product_cat-zloty-lancuszek-dla-dziewczynek","25":"product_cat-zloty-lancuszek-z-zawieszka-wedlug-horoskopu","26":"product_cat-zloty-lancuszek-z-zawieszka-z-perlami","27":"desktop-align-center","28":"tablet-align-left","29":"mobile-align-left","30":"ast-product-gallery-layout-horizontal-slider","31":"ast-product-gallery-with-no-image","32":"ast-product-tabs-layout-accordion","33":"ast-qv-on-image","35":"first","36":"instock","37":"taxable","38":"shipping-taxable","39":"purchasable","40":"product-type-simple"},"yoast_head":"<!-- This site is optimized with the Yoast SEO plugin v26.6 - https:\/\/yoast.com\/wordpress\/plugins\/seo\/ -->\n<title>\u0141a\u0144cuszek z \u017c\u00f3\u0142tego z\u0142ota z per\u0142\u0105 i zawieszka z diamentem<\/title>\n<meta name=\"description\" content=\"\u0141a\u0144cuszek z \u017c\u00f3\u0142tego z\u0142ota z per\u0142\u0105 i zawieszka w kszta\u0142cie serca ozdobiona diamentem. Wyj\u0105tkowy design, doskona\u0142y wyb\u00f3r na co dzie\u0144 i na specjalne okazje.\" \/>\n<meta name=\"robots\" content=\"index, follow, max-snippet:-1, max-image-preview:large, max-video-preview:-1\" \/>\n<link rel=\"canonical\" href=\"https:\/\/fashiongold.lt\/pl\/papuosalas\/elegancka-perla-w-ksztalcie-serca-lancuszek-z-zoltego-zlota-z-perla-i-zawieszka-z-diamentem\/\" \/>\n<meta property=\"og:locale\" content=\"pl_PL\" \/>\n<meta property=\"og:type\" content=\"article\" \/>\n<meta property=\"og:title\" content=\"\u0141a\u0144cuszek z \u017c\u00f3\u0142tego z\u0142ota z per\u0142\u0105 i zawieszka z diamentem\" \/>\n<meta property=\"og:description\" content=\"\u0141a\u0144cuszek z \u017c\u00f3\u0142tego z\u0142ota z per\u0142\u0105 i zawieszka w kszta\u0142cie serca ozdobiona diamentem. Wyj\u0105tkowy design, doskona\u0142y wyb\u00f3r na co dzie\u0144 i na specjalne okazje.\" \/>\n<meta property=\"og:url\" content=\"https:\/\/fashiongold.lt\/pl\/papuosalas\/elegancka-perla-w-ksztalcie-serca-lancuszek-z-zoltego-zlota-z-perla-i-zawieszka-z-diamentem\/\" \/>\n<meta property=\"og:site_name\" content=\"FashionGold.lt\" \/>\n<meta property=\"og:image\" content=\"https:\/\/fashiongold.lt\/wp-content\/uploads\/2025\/10\/4920-a72-Elegantiskas-sirdutes-perlas-geltono-aukso-grandinele-su-perlu-ir-pakabukas-su-deimantu.webp\" \/>\n\t<meta property=\"og:image:width\" content=\"1000\" \/>\n\t<meta property=\"og:image:height\" content=\"1000\" \/>\n\t<meta property=\"og:image:type\" content=\"image\/jpeg\" \/>\n<meta name=\"twitter:card\" content=\"summary_large_image\" \/>\n<script type=\"application\/ld+json\" class=\"yoast-schema-graph\">{\"@context\":\"https:\/\/schema.org\",\"@graph\":[{\"@type\":\"WebPage\",\"@id\":\"https:\/\/fashiongold.lt\/pl\/papuosalas\/elegancka-perla-w-ksztalcie-serca-lancuszek-z-zoltego-zlota-z-perla-i-zawieszka-z-diamentem\/\",\"url\":\"https:\/\/fashiongold.lt\/pl\/papuosalas\/elegancka-perla-w-ksztalcie-serca-lancuszek-z-zoltego-zlota-z-perla-i-zawieszka-z-diamentem\/\",\"name\":\"\u0141a\u0144cuszek z \u017c\u00f3\u0142tego z\u0142ota z per\u0142\u0105 i zawieszka z diamentem\",\"isPartOf\":{\"@id\":\"https:\/\/fashiongold.lt\/pl\/#website\"},\"primaryImageOfPage\":{\"@id\":\"https:\/\/fashiongold.lt\/pl\/papuosalas\/elegancka-perla-w-ksztalcie-serca-lancuszek-z-zoltego-zlota-z-perla-i-zawieszka-z-diamentem\/#primaryimage\"},\"image\":{\"@id\":\"https:\/\/fashiongold.lt\/pl\/papuosalas\/elegancka-perla-w-ksztalcie-serca-lancuszek-z-zoltego-zlota-z-perla-i-zawieszka-z-diamentem\/#primaryimage\"},\"thumbnailUrl\":\"https:\/\/fashiongold.lt\/wp-content\/uploads\/2025\/10\/4920-a72-Elegantiskas-sirdutes-perlas-geltono-aukso-grandinele-su-perlu-ir-pakabukas-su-deimantu.jpg\",\"datePublished\":\"2025-10-09T21:49:24+00:00\",\"description\":\"\u0141a\u0144cuszek z \u017c\u00f3\u0142tego z\u0142ota z per\u0142\u0105 i zawieszka w kszta\u0142cie serca ozdobiona diamentem. Wyj\u0105tkowy design, doskona\u0142y wyb\u00f3r na co dzie\u0144 i na specjalne okazje.\",\"breadcrumb\":{\"@id\":\"https:\/\/fashiongold.lt\/pl\/papuosalas\/elegancka-perla-w-ksztalcie-serca-lancuszek-z-zoltego-zlota-z-perla-i-zawieszka-z-diamentem\/#breadcrumb\"},\"inLanguage\":\"pl-PL\",\"potentialAction\":[{\"@type\":\"ReadAction\",\"target\":[\"https:\/\/fashiongold.lt\/pl\/papuosalas\/elegancka-perla-w-ksztalcie-serca-lancuszek-z-zoltego-zlota-z-perla-i-zawieszka-z-diamentem\/\"]}]},{\"@type\":\"ImageObject\",\"inLanguage\":\"pl-PL\",\"@id\":\"https:\/\/fashiongold.lt\/pl\/papuosalas\/elegancka-perla-w-ksztalcie-serca-lancuszek-z-zoltego-zlota-z-perla-i-zawieszka-z-diamentem\/#primaryimage\",\"url\":\"https:\/\/fashiongold.lt\/wp-content\/uploads\/2025\/10\/4920-a72-Elegantiskas-sirdutes-perlas-geltono-aukso-grandinele-su-perlu-ir-pakabukas-su-deimantu.jpg\",\"contentUrl\":\"https:\/\/fashiongold.lt\/wp-content\/uploads\/2025\/10\/4920-a72-Elegantiskas-sirdutes-perlas-geltono-aukso-grandinele-su-perlu-ir-pakabukas-su-deimantu.jpg\",\"width\":1000,\"height\":1000},{\"@type\":\"BreadcrumbList\",\"@id\":\"https:\/\/fashiongold.lt\/pl\/papuosalas\/elegancka-perla-w-ksztalcie-serca-lancuszek-z-zoltego-zlota-z-perla-i-zawieszka-z-diamentem\/#breadcrumb\",\"itemListElement\":[{\"@type\":\"ListItem\",\"position\":1,\"name\":\"Home\",\"item\":\"https:\/\/fashiongold.lt\/pl\/\"},{\"@type\":\"ListItem\",\"position\":2,\"name\":\"Sklep z diamentami Fashiongold.lt\",\"item\":\"https:\/\/fashiongold.lt\/shop-2\/\"},{\"@type\":\"ListItem\",\"position\":3,\"name\":\"Elegancka per\u0142a w kszta\u0142cie serca \u2013 \u0142a\u0144cuszek z \u017c\u00f3\u0142tego z\u0142ota z per\u0142\u0105 i zawieszka z diamentem\"}]},{\"@type\":\"WebSite\",\"@id\":\"https:\/\/fashiongold.lt\/pl\/#website\",\"url\":\"https:\/\/fashiongold.lt\/pl\/\",\"name\":\"Fashion Gold\",\"description\":\"Juvelyrikos namai\",\"publisher\":{\"@id\":\"https:\/\/fashiongold.lt\/pl\/#organization\"},\"potentialAction\":[{\"@type\":\"SearchAction\",\"target\":{\"@type\":\"EntryPoint\",\"urlTemplate\":\"https:\/\/fashiongold.lt\/pl\/?s={search_term_string}\"},\"query-input\":{\"@type\":\"PropertyValueSpecification\",\"valueRequired\":true,\"valueName\":\"search_term_string\"}}],\"inLanguage\":\"pl-PL\"},{\"@type\":\"Organization\",\"@id\":\"https:\/\/fashiongold.lt\/pl\/#organization\",\"name\":\"Topdiamonds Online\",\"url\":\"https:\/\/fashiongold.lt\/pl\/\",\"logo\":{\"@type\":\"ImageObject\",\"inLanguage\":\"pl-PL\",\"@id\":\"https:\/\/fashiongold.lt\/pl\/#\/schema\/logo\/image\/\",\"url\":\"https:\/\/fashiongold.lt\/wp-content\/uploads\/2025\/04\/cropped-fashion_gold_logotipas2-scaled-1.png\",\"contentUrl\":\"https:\/\/fashiongold.lt\/wp-content\/uploads\/2025\/04\/cropped-fashion_gold_logotipas2-scaled-1.png\",\"width\":2559,\"height\":421,\"caption\":\"Topdiamonds Online\"},\"image\":{\"@id\":\"https:\/\/fashiongold.lt\/pl\/#\/schema\/logo\/image\/\"}}]}<\/script>\n<!-- \/ Yoast SEO plugin. -->","yoast_head_json":{"title":"\u0141a\u0144cuszek z \u017c\u00f3\u0142tego z\u0142ota z per\u0142\u0105 i zawieszka z diamentem","description":"\u0141a\u0144cuszek z \u017c\u00f3\u0142tego z\u0142ota z per\u0142\u0105 i zawieszka w kszta\u0142cie serca ozdobiona diamentem. Wyj\u0105tkowy design, doskona\u0142y wyb\u00f3r na co dzie\u0144 i na specjalne okazje.","robots":{"index":"index","follow":"follow","max-snippet":"max-snippet:-1","max-image-preview":"max-image-preview:large","max-video-preview":"max-video-preview:-1"},"canonical":"https:\/\/fashiongold.lt\/pl\/papuosalas\/elegancka-perla-w-ksztalcie-serca-lancuszek-z-zoltego-zlota-z-perla-i-zawieszka-z-diamentem\/","og_locale":"pl_PL","og_type":"article","og_title":"\u0141a\u0144cuszek z \u017c\u00f3\u0142tego z\u0142ota z per\u0142\u0105 i zawieszka z diamentem","og_description":"\u0141a\u0144cuszek z \u017c\u00f3\u0142tego z\u0142ota z per\u0142\u0105 i zawieszka w kszta\u0142cie serca ozdobiona diamentem. Wyj\u0105tkowy design, doskona\u0142y wyb\u00f3r na co dzie\u0144 i na specjalne okazje.","og_url":"https:\/\/fashiongold.lt\/pl\/papuosalas\/elegancka-perla-w-ksztalcie-serca-lancuszek-z-zoltego-zlota-z-perla-i-zawieszka-z-diamentem\/","og_site_name":"FashionGold.lt","og_image":[{"width":1000,"height":1000,"url":"https:\/\/fashiongold.lt\/wp-content\/uploads\/2025\/10\/4920-a72-Elegantiskas-sirdutes-perlas-geltono-aukso-grandinele-su-perlu-ir-pakabukas-su-deimantu.webp","type":"image\/jpeg"}],"twitter_card":"summary_large_image","schema":{"@context":"https:\/\/schema.org","@graph":[{"@type":"WebPage","@id":"https:\/\/fashiongold.lt\/pl\/papuosalas\/elegancka-perla-w-ksztalcie-serca-lancuszek-z-zoltego-zlota-z-perla-i-zawieszka-z-diamentem\/","url":"https:\/\/fashiongold.lt\/pl\/papuosalas\/elegancka-perla-w-ksztalcie-serca-lancuszek-z-zoltego-zlota-z-perla-i-zawieszka-z-diamentem\/","name":"\u0141a\u0144cuszek z \u017c\u00f3\u0142tego z\u0142ota z per\u0142\u0105 i zawieszka z diamentem","isPartOf":{"@id":"https:\/\/fashiongold.lt\/pl\/#website"},"primaryImageOfPage":{"@id":"https:\/\/fashiongold.lt\/pl\/papuosalas\/elegancka-perla-w-ksztalcie-serca-lancuszek-z-zoltego-zlota-z-perla-i-zawieszka-z-diamentem\/#primaryimage"},"image":{"@id":"https:\/\/fashiongold.lt\/pl\/papuosalas\/elegancka-perla-w-ksztalcie-serca-lancuszek-z-zoltego-zlota-z-perla-i-zawieszka-z-diamentem\/#primaryimage"},"thumbnailUrl":"https:\/\/fashiongold.lt\/wp-content\/uploads\/2025\/10\/4920-a72-Elegantiskas-sirdutes-perlas-geltono-aukso-grandinele-su-perlu-ir-pakabukas-su-deimantu.jpg","datePublished":"2025-10-09T21:49:24+00:00","description":"\u0141a\u0144cuszek z \u017c\u00f3\u0142tego z\u0142ota z per\u0142\u0105 i zawieszka w kszta\u0142cie serca ozdobiona diamentem. Wyj\u0105tkowy design, doskona\u0142y wyb\u00f3r na co dzie\u0144 i na specjalne okazje.","breadcrumb":{"@id":"https:\/\/fashiongold.lt\/pl\/papuosalas\/elegancka-perla-w-ksztalcie-serca-lancuszek-z-zoltego-zlota-z-perla-i-zawieszka-z-diamentem\/#breadcrumb"},"inLanguage":"pl-PL","potentialAction":[{"@type":"ReadAction","target":["https:\/\/fashiongold.lt\/pl\/papuosalas\/elegancka-perla-w-ksztalcie-serca-lancuszek-z-zoltego-zlota-z-perla-i-zawieszka-z-diamentem\/"]}]},{"@type":"ImageObject","inLanguage":"pl-PL","@id":"https:\/\/fashiongold.lt\/pl\/papuosalas\/elegancka-perla-w-ksztalcie-serca-lancuszek-z-zoltego-zlota-z-perla-i-zawieszka-z-diamentem\/#primaryimage","url":"https:\/\/fashiongold.lt\/wp-content\/uploads\/2025\/10\/4920-a72-Elegantiskas-sirdutes-perlas-geltono-aukso-grandinele-su-perlu-ir-pakabukas-su-deimantu.jpg","contentUrl":"https:\/\/fashiongold.lt\/wp-content\/uploads\/2025\/10\/4920-a72-Elegantiskas-sirdutes-perlas-geltono-aukso-grandinele-su-perlu-ir-pakabukas-su-deimantu.jpg","width":1000,"height":1000},{"@type":"BreadcrumbList","@id":"https:\/\/fashiongold.lt\/pl\/papuosalas\/elegancka-perla-w-ksztalcie-serca-lancuszek-z-zoltego-zlota-z-perla-i-zawieszka-z-diamentem\/#breadcrumb","itemListElement":[{"@type":"ListItem","position":1,"name":"Home","item":"https:\/\/fashiongold.lt\/pl\/"},{"@type":"ListItem","position":2,"name":"Sklep z diamentami Fashiongold.lt","item":"https:\/\/fashiongold.lt\/shop-2\/"},{"@type":"ListItem","position":3,"name":"Elegancka per\u0142a w kszta\u0142cie serca \u2013 \u0142a\u0144cuszek z \u017c\u00f3\u0142tego z\u0142ota z per\u0142\u0105 i zawieszka z diamentem"}]},{"@type":"WebSite","@id":"https:\/\/fashiongold.lt\/pl\/#website","url":"https:\/\/fashiongold.lt\/pl\/","name":"Fashion Gold","description":"Juvelyrikos namai","publisher":{"@id":"https:\/\/fashiongold.lt\/pl\/#organization"},"potentialAction":[{"@type":"SearchAction","target":{"@type":"EntryPoint","urlTemplate":"https:\/\/fashiongold.lt\/pl\/?s={search_term_string}"},"query-input":{"@type":"PropertyValueSpecification","valueRequired":true,"valueName":"search_term_string"}}],"inLanguage":"pl-PL"},{"@type":"Organization","@id":"https:\/\/fashiongold.lt\/pl\/#organization","name":"Topdiamonds Online","url":"https:\/\/fashiongold.lt\/pl\/","logo":{"@type":"ImageObject","inLanguage":"pl-PL","@id":"https:\/\/fashiongold.lt\/pl\/#\/schema\/logo\/image\/","url":"https:\/\/fashiongold.lt\/wp-content\/uploads\/2025\/04\/cropped-fashion_gold_logotipas2-scaled-1.png","contentUrl":"https:\/\/fashiongold.lt\/wp-content\/uploads\/2025\/04\/cropped-fashion_gold_logotipas2-scaled-1.png","width":2559,"height":421,"caption":"Topdiamonds Online"},"image":{"@id":"https:\/\/fashiongold.lt\/pl\/#\/schema\/logo\/image\/"}}]}},"_links":{"self":[{"href":"https:\/\/fashiongold.lt\/pl\/wp-json\/wp\/v2\/product\/293194","targetHints":{"allow":["GET"]}}],"collection":[{"href":"https:\/\/fashiongold.lt\/pl\/wp-json\/wp\/v2\/product"}],"about":[{"href":"https:\/\/fashiongold.lt\/pl\/wp-json\/wp\/v2\/types\/product"}],"version-history":[{"count":0,"href":"https:\/\/fashiongold.lt\/pl\/wp-json\/wp\/v2\/product\/293194\/revisions"}],"wp:featuredmedia":[{"embeddable":true,"href":"https:\/\/fashiongold.lt\/pl\/wp-json\/wp\/v2\/media\/74703"}],"wp:attachment":[{"href":"https:\/\/fashiongold.lt\/pl\/wp-json\/wp\/v2\/media?parent=293194"}],"wp:term":[{"taxonomy":"product_brand","embeddable":true,"href":"https:\/\/fashiongold.lt\/pl\/wp-json\/wp\/v2\/product_brand?post=293194"},{"taxonomy":"product_cat","embeddable":true,"href":"https:\/\/fashiongold.lt\/pl\/wp-json\/wp\/v2\/product_cat?post=293194"},{"taxonomy":"product_tag","embeddable":true,"href":"https:\/\/fashiongold.lt\/pl\/wp-json\/wp\/v2\/product_tag?post=293194"}],"curies":[{"name":"wp","href":"https:\/\/api.w.org\/{rel}","templated":true}]}}