{"id":293254,"date":"2025-10-09T21:27:22","date_gmt":"2025-10-09T21:27:22","guid":{"rendered":"https:\/\/fashiongold.lt\/papuosalas\/lsniace-szafiry-lancuszek-i-zawieszka-z-bialego-zlota-z-szafirem-i-diamentami\/"},"modified":"2025-10-09T21:27:22","modified_gmt":"2025-10-09T21:27:22","slug":"lsniace-szafiry-lancuszek-i-zawieszka-z-bialego-zlota-z-szafirem-i-diamentami","status":"publish","type":"product","link":"https:\/\/fashiongold.lt\/pl\/produkt\/lsniace-szafiry-lancuszek-i-zawieszka-z-bialego-zlota-z-szafirem-i-diamentami\/","title":{"rendered":"L\u015bni\u0105ce Szafiry \u2013 \u0142a\u0144cuszek i zawieszka z bia\u0142ego z\u0142ota z szafirem i diamentami"},"content":{"rendered":"<p>Wyprodukowano na Litwie. Zawieszka mo\u017ce zosta\u0107 wykonana na zam\u00f3wienie: z czerwonego, \u017c\u00f3\u0142tego oraz bia\u0142ego z\u0142ota.<\/p>\n<p>\u2022 Typ diamentu: Naturalny diament<\/p>\n<p>\u2022 Kszta\u0142t diamentu: Okr\u0105g\u0142y (Round cut)<\/p>\n<p>\u2022 Charakterystyka diamentu: 0,03 ct okr\u0105g\u0142y, kolor H-I(W-STW); czysto\u015b\u0107 SI-P1<\/p>\n<p>\u2022 Charakterystyka kamienia szlachetnego: Szafir 0,05 ct<\/p>\n<p>\u2022 Certyfikat: Litewska Izba Probiercza (LPR)\u00a0<\/p>\n<p>\u2022 Z\u0142oto zawieszki: 14K (pr\u00f3ba 585)\u00a0<\/p>\n<p>\u2022 Kolor zawieszki: bia\u0142e z\u0142oto\u00a0<\/p>\n<p>\u2022 Waga zawieszki: oko\u0142o 1,55-1,75 g\u00a0<\/p>\n<p>\u2022 D\u0142ugo\u015b\u0107 \u0142a\u0144cuszka: regulowana 42-45 cm<\/p>\n<p>\u2022 Rozmiar zawieszki: d\u0142ugo\u015b\u0107 15 mm, wysoko\u015b\u0107 6 mm<\/p>\n","protected":false},"excerpt":{"rendered":"<p>Elegancki \u0142a\u0144cuszek z bia\u0142ego z\u0142ota i zawieszka z szafirem oraz l\u015bni\u0105cymi diamentami \u2013 subtelny wyb\u00f3r w wyj\u0105tkowym po\u0142\u0105czeniu pi\u0119kna. Odpowiedni zar\u00f3wno na co dzie\u0144, jak i na wyj\u0105tkowe okazje.\u00a0<\/p>\n","protected":false},"featured_media":73034,"template":"","meta":{"site-sidebar-layout":"","site-content-layout":"","ast-site-content-layout":"","site-content-style":"","site-sidebar-style":"","ast-global-header-display":"","ast-banner-title-visibility":"","ast-main-header-display":"","ast-hfb-above-header-display":"","ast-hfb-below-header-display":"","ast-hfb-mobile-header-display":"","site-post-title":"","ast-breadcrumbs-content":"","ast-featured-img":"","footer-sml-layout":"","ast-disable-related-posts":"","theme-transparent-header-meta":"","adv-header-id-meta":"","stick-header-meta":"","header-above-stick-meta":"","header-main-stick-meta":"","header-below-stick-meta":"","astra-migrate-meta-layouts":"default","ast-page-background-enabled":"default","ast-page-background-meta":{"desktop":{"background-color":"var(--ast-global-color-4)","background-image":"","background-repeat":"repeat","background-position":"center center","background-size":"auto","background-attachment":"scroll","background-type":"","background-media":"","overlay-type":"","overlay-color":"","overlay-opacity":"","overlay-gradient":""},"tablet":{"background-color":"","background-image":"","background-repeat":"repeat","background-position":"center center","background-size":"auto","background-attachment":"scroll","background-type":"","background-media":"","overlay-type":"","overlay-color":"","overlay-opacity":"","overlay-gradient":""},"mobile":{"background-color":"","background-image":"","background-repeat":"repeat","background-position":"center center","background-size":"auto","background-attachment":"scroll","background-type":"","background-media":"","overlay-type":"","overlay-color":"","overlay-opacity":"","overlay-gradient":""}},"ast-content-background-meta":{"desktop":{"background-color":"var(--ast-global-color-5)","background-image":"","background-repeat":"repeat","background-position":"center center","background-size":"auto","background-attachment":"scroll","background-type":"","background-media":"","overlay-type":"","overlay-color":"","overlay-opacity":"","overlay-gradient":""},"tablet":{"background-color":"var(--ast-global-color-5)","background-image":"","background-repeat":"repeat","background-position":"center center","background-size":"auto","background-attachment":"scroll","background-type":"","background-media":"","overlay-type":"","overlay-color":"","overlay-opacity":"","overlay-gradient":""},"mobile":{"background-color":"var(--ast-global-color-5)","background-image":"","background-repeat":"repeat","background-position":"center center","background-size":"auto","background-attachment":"scroll","background-type":"","background-media":"","overlay-type":"","overlay-color":"","overlay-opacity":"","overlay-gradient":""}}},"product_brand":[],"product_cat":[3044,2858,2878,3260,3353,3037,3263,3179,3166,2853,3165,2875,2876,2860,2857,2854,2855,3169,2859,2852,2873,3051,3261,3035],"product_tag":[],"class_list":{"0":"post-293254","1":"product","2":"type-product","3":"status-publish","4":"has-post-thumbnail","6":"product_cat-bizuteria","7":"product_cat-bizuteria-z-bialego-zlota","8":"product_cat-bizuteria-z-niebieskimi-kamieniami-szlachetnymi","9":"product_cat-lancuszek-na-chrzest","10":"product_cat-lancuszek-z-diamentem","11":"product_cat-lancuszek-z-kolorowymi-kamieniami-szlachetnymi","12":"product_cat-lancuszki-z-diamentami","13":"product_cat-niebieski-klejnot","14":"product_cat-prezent-z-okazji-pierwszej-komunii-swietej","15":"product_cat-prezenty-dla-kobiet","16":"product_cat-prezenty-na-chrzest","17":"product_cat-prezenty-na-dzien-matki","18":"product_cat-prezenty-na-walentynki","19":"product_cat-prezenty-na-wyjatkowe-okazje","20":"product_cat-prezenty-swiateczne","21":"product_cat-prezenty-z-okazji-narodzin-dziecka","22":"product_cat-prezenty-z-okazji-rocznicy-slubu","23":"product_cat-prezenty-z-okazji-slubu","24":"product_cat-prezenty-z-okazji-ukonczenia-szkoly","25":"product_cat-prezenty-z-okazji-urodzin","26":"product_cat-szafir-bizuteria-z-szafirami","27":"product_cat-zawieszki-z-diamentami","28":"product_cat-zloty-lancuszek-dla-dziewczynek","29":"product_cat-zloty-lancuszek-z-zawieszka-wedlug-horoskopu","30":"desktop-align-center","31":"tablet-align-left","32":"mobile-align-left","33":"ast-product-gallery-layout-horizontal-slider","34":"ast-product-gallery-with-no-image","35":"ast-product-tabs-layout-accordion","36":"ast-qv-on-image","38":"first","39":"instock","40":"taxable","41":"shipping-taxable","42":"purchasable","43":"product-type-simple"},"yoast_head":"<!-- This site is optimized with the Yoast SEO plugin v26.6 - https:\/\/yoast.com\/wordpress\/plugins\/seo\/ -->\n<title>\u0141a\u0144cuszek i zawieszka z bia\u0142ego z\u0142ota z szafirem i diamentami<\/title>\n<meta name=\"description\" content=\"Elegancki \u0142a\u0144cuszek z bia\u0142ego z\u0142ota i zawieszka z szafirem oraz l\u015bni\u0105cymi diamentami \u2013 subtelny wyb\u00f3r. Odpowiedni na co dzie\u0144 i na wyj\u0105tkowe okazje.\" \/>\n<meta name=\"robots\" content=\"index, follow, max-snippet:-1, max-image-preview:large, max-video-preview:-1\" \/>\n<link rel=\"canonical\" href=\"https:\/\/fashiongold.lt\/pl\/produkt\/lsniace-szafiry-lancuszek-i-zawieszka-z-bialego-zlota-z-szafirem-i-diamentami\/\" \/>\n<meta property=\"og:locale\" content=\"pl_PL\" \/>\n<meta property=\"og:type\" content=\"article\" \/>\n<meta property=\"og:title\" content=\"\u0141a\u0144cuszek i zawieszka z bia\u0142ego z\u0142ota z szafirem i diamentami\" \/>\n<meta property=\"og:description\" content=\"Elegancki \u0142a\u0144cuszek z bia\u0142ego z\u0142ota i zawieszka z szafirem oraz l\u015bni\u0105cymi diamentami \u2013 subtelny wyb\u00f3r. Odpowiedni na co dzie\u0144 i na wyj\u0105tkowe okazje.\" \/>\n<meta property=\"og:url\" content=\"https:\/\/fashiongold.lt\/pl\/produkt\/lsniace-szafiry-lancuszek-i-zawieszka-z-bialego-zlota-z-szafirem-i-diamentami\/\" \/>\n<meta property=\"og:site_name\" content=\"FashionGold.lt\" \/>\n<meta property=\"og:image\" content=\"https:\/\/fashiongold.lt\/wp-content\/uploads\/2025\/10\/4662-e15-Spindintis-Safyrai-balto-aukso-grandinele-ir-pakabukas-su-safyru-ir-deimantais.webp\" \/>\n\t<meta property=\"og:image:width\" content=\"1000\" \/>\n\t<meta property=\"og:image:height\" content=\"1000\" \/>\n\t<meta property=\"og:image:type\" content=\"image\/jpeg\" \/>\n<meta name=\"twitter:card\" content=\"summary_large_image\" \/>\n<script type=\"application\/ld+json\" class=\"yoast-schema-graph\">{\"@context\":\"https:\/\/schema.org\",\"@graph\":[{\"@type\":\"WebPage\",\"@id\":\"https:\/\/fashiongold.lt\/pl\/produkt\/lsniace-szafiry-lancuszek-i-zawieszka-z-bialego-zlota-z-szafirem-i-diamentami\/\",\"url\":\"https:\/\/fashiongold.lt\/pl\/produkt\/lsniace-szafiry-lancuszek-i-zawieszka-z-bialego-zlota-z-szafirem-i-diamentami\/\",\"name\":\"\u0141a\u0144cuszek i zawieszka z bia\u0142ego z\u0142ota z szafirem i diamentami\",\"isPartOf\":{\"@id\":\"https:\/\/fashiongold.lt\/pl\/#website\"},\"primaryImageOfPage\":{\"@id\":\"https:\/\/fashiongold.lt\/pl\/produkt\/lsniace-szafiry-lancuszek-i-zawieszka-z-bialego-zlota-z-szafirem-i-diamentami\/#primaryimage\"},\"image\":{\"@id\":\"https:\/\/fashiongold.lt\/pl\/produkt\/lsniace-szafiry-lancuszek-i-zawieszka-z-bialego-zlota-z-szafirem-i-diamentami\/#primaryimage\"},\"thumbnailUrl\":\"https:\/\/fashiongold.lt\/wp-content\/uploads\/2025\/10\/4662-e15-Spindintis-Safyrai-balto-aukso-grandinele-ir-pakabukas-su-safyru-ir-deimantais.jpg\",\"datePublished\":\"2025-10-09T21:27:22+00:00\",\"description\":\"Elegancki \u0142a\u0144cuszek z bia\u0142ego z\u0142ota i zawieszka z szafirem oraz l\u015bni\u0105cymi diamentami \u2013 subtelny wyb\u00f3r. Odpowiedni na co dzie\u0144 i na wyj\u0105tkowe okazje.\",\"breadcrumb\":{\"@id\":\"https:\/\/fashiongold.lt\/pl\/produkt\/lsniace-szafiry-lancuszek-i-zawieszka-z-bialego-zlota-z-szafirem-i-diamentami\/#breadcrumb\"},\"inLanguage\":\"pl-PL\",\"potentialAction\":[{\"@type\":\"ReadAction\",\"target\":[\"https:\/\/fashiongold.lt\/pl\/produkt\/lsniace-szafiry-lancuszek-i-zawieszka-z-bialego-zlota-z-szafirem-i-diamentami\/\"]}]},{\"@type\":\"ImageObject\",\"inLanguage\":\"pl-PL\",\"@id\":\"https:\/\/fashiongold.lt\/pl\/produkt\/lsniace-szafiry-lancuszek-i-zawieszka-z-bialego-zlota-z-szafirem-i-diamentami\/#primaryimage\",\"url\":\"https:\/\/fashiongold.lt\/wp-content\/uploads\/2025\/10\/4662-e15-Spindintis-Safyrai-balto-aukso-grandinele-ir-pakabukas-su-safyru-ir-deimantais.jpg\",\"contentUrl\":\"https:\/\/fashiongold.lt\/wp-content\/uploads\/2025\/10\/4662-e15-Spindintis-Safyrai-balto-aukso-grandinele-ir-pakabukas-su-safyru-ir-deimantais.jpg\",\"width\":1000,\"height\":1000},{\"@type\":\"BreadcrumbList\",\"@id\":\"https:\/\/fashiongold.lt\/pl\/produkt\/lsniace-szafiry-lancuszek-i-zawieszka-z-bialego-zlota-z-szafirem-i-diamentami\/#breadcrumb\",\"itemListElement\":[{\"@type\":\"ListItem\",\"position\":1,\"name\":\"Home\",\"item\":\"https:\/\/fashiongold.lt\/pl\/\"},{\"@type\":\"ListItem\",\"position\":2,\"name\":\"Sklep z diamentami Fashiongold.lt\",\"item\":\"https:\/\/fashiongold.lt\/shop-2\/\"},{\"@type\":\"ListItem\",\"position\":3,\"name\":\"L\u015bni\u0105ce Szafiry \u2013 \u0142a\u0144cuszek i zawieszka z bia\u0142ego z\u0142ota z szafirem i diamentami\"}]},{\"@type\":\"WebSite\",\"@id\":\"https:\/\/fashiongold.lt\/pl\/#website\",\"url\":\"https:\/\/fashiongold.lt\/pl\/\",\"name\":\"Fashion Gold\",\"description\":\"Dom jubilerski\",\"publisher\":{\"@id\":\"https:\/\/fashiongold.lt\/pl\/#organization\"},\"potentialAction\":[{\"@type\":\"SearchAction\",\"target\":{\"@type\":\"EntryPoint\",\"urlTemplate\":\"https:\/\/fashiongold.lt\/pl\/?s={search_term_string}\"},\"query-input\":{\"@type\":\"PropertyValueSpecification\",\"valueRequired\":true,\"valueName\":\"search_term_string\"}}],\"inLanguage\":\"pl-PL\"},{\"@type\":\"Organization\",\"@id\":\"https:\/\/fashiongold.lt\/pl\/#organization\",\"name\":\"Topdiamonds Online\",\"url\":\"https:\/\/fashiongold.lt\/pl\/\",\"logo\":{\"@type\":\"ImageObject\",\"inLanguage\":\"pl-PL\",\"@id\":\"https:\/\/fashiongold.lt\/pl\/#\/schema\/logo\/image\/\",\"url\":\"https:\/\/fashiongold.lt\/wp-content\/uploads\/2025\/04\/cropped-fashion_gold_logotipas2-scaled-1.png\",\"contentUrl\":\"https:\/\/fashiongold.lt\/wp-content\/uploads\/2025\/04\/cropped-fashion_gold_logotipas2-scaled-1.png\",\"width\":2559,\"height\":421,\"caption\":\"Topdiamonds Online\"},\"image\":{\"@id\":\"https:\/\/fashiongold.lt\/pl\/#\/schema\/logo\/image\/\"}}]}<\/script>\n<!-- \/ Yoast SEO plugin. -->","yoast_head_json":{"title":"\u0141a\u0144cuszek i zawieszka z bia\u0142ego z\u0142ota z szafirem i diamentami","description":"Elegancki \u0142a\u0144cuszek z bia\u0142ego z\u0142ota i zawieszka z szafirem oraz l\u015bni\u0105cymi diamentami \u2013 subtelny wyb\u00f3r. Odpowiedni na co dzie\u0144 i na wyj\u0105tkowe okazje.","robots":{"index":"index","follow":"follow","max-snippet":"max-snippet:-1","max-image-preview":"max-image-preview:large","max-video-preview":"max-video-preview:-1"},"canonical":"https:\/\/fashiongold.lt\/pl\/produkt\/lsniace-szafiry-lancuszek-i-zawieszka-z-bialego-zlota-z-szafirem-i-diamentami\/","og_locale":"pl_PL","og_type":"article","og_title":"\u0141a\u0144cuszek i zawieszka z bia\u0142ego z\u0142ota z szafirem i diamentami","og_description":"Elegancki \u0142a\u0144cuszek z bia\u0142ego z\u0142ota i zawieszka z szafirem oraz l\u015bni\u0105cymi diamentami \u2013 subtelny wyb\u00f3r. Odpowiedni na co dzie\u0144 i na wyj\u0105tkowe okazje.","og_url":"https:\/\/fashiongold.lt\/pl\/produkt\/lsniace-szafiry-lancuszek-i-zawieszka-z-bialego-zlota-z-szafirem-i-diamentami\/","og_site_name":"FashionGold.lt","og_image":[{"width":1000,"height":1000,"url":"https:\/\/fashiongold.lt\/wp-content\/uploads\/2025\/10\/4662-e15-Spindintis-Safyrai-balto-aukso-grandinele-ir-pakabukas-su-safyru-ir-deimantais.webp","type":"image\/jpeg"}],"twitter_card":"summary_large_image","schema":{"@context":"https:\/\/schema.org","@graph":[{"@type":"WebPage","@id":"https:\/\/fashiongold.lt\/pl\/produkt\/lsniace-szafiry-lancuszek-i-zawieszka-z-bialego-zlota-z-szafirem-i-diamentami\/","url":"https:\/\/fashiongold.lt\/pl\/produkt\/lsniace-szafiry-lancuszek-i-zawieszka-z-bialego-zlota-z-szafirem-i-diamentami\/","name":"\u0141a\u0144cuszek i zawieszka z bia\u0142ego z\u0142ota z szafirem i diamentami","isPartOf":{"@id":"https:\/\/fashiongold.lt\/pl\/#website"},"primaryImageOfPage":{"@id":"https:\/\/fashiongold.lt\/pl\/produkt\/lsniace-szafiry-lancuszek-i-zawieszka-z-bialego-zlota-z-szafirem-i-diamentami\/#primaryimage"},"image":{"@id":"https:\/\/fashiongold.lt\/pl\/produkt\/lsniace-szafiry-lancuszek-i-zawieszka-z-bialego-zlota-z-szafirem-i-diamentami\/#primaryimage"},"thumbnailUrl":"https:\/\/fashiongold.lt\/wp-content\/uploads\/2025\/10\/4662-e15-Spindintis-Safyrai-balto-aukso-grandinele-ir-pakabukas-su-safyru-ir-deimantais.jpg","datePublished":"2025-10-09T21:27:22+00:00","description":"Elegancki \u0142a\u0144cuszek z bia\u0142ego z\u0142ota i zawieszka z szafirem oraz l\u015bni\u0105cymi diamentami \u2013 subtelny wyb\u00f3r. Odpowiedni na co dzie\u0144 i na wyj\u0105tkowe okazje.","breadcrumb":{"@id":"https:\/\/fashiongold.lt\/pl\/produkt\/lsniace-szafiry-lancuszek-i-zawieszka-z-bialego-zlota-z-szafirem-i-diamentami\/#breadcrumb"},"inLanguage":"pl-PL","potentialAction":[{"@type":"ReadAction","target":["https:\/\/fashiongold.lt\/pl\/produkt\/lsniace-szafiry-lancuszek-i-zawieszka-z-bialego-zlota-z-szafirem-i-diamentami\/"]}]},{"@type":"ImageObject","inLanguage":"pl-PL","@id":"https:\/\/fashiongold.lt\/pl\/produkt\/lsniace-szafiry-lancuszek-i-zawieszka-z-bialego-zlota-z-szafirem-i-diamentami\/#primaryimage","url":"https:\/\/fashiongold.lt\/wp-content\/uploads\/2025\/10\/4662-e15-Spindintis-Safyrai-balto-aukso-grandinele-ir-pakabukas-su-safyru-ir-deimantais.jpg","contentUrl":"https:\/\/fashiongold.lt\/wp-content\/uploads\/2025\/10\/4662-e15-Spindintis-Safyrai-balto-aukso-grandinele-ir-pakabukas-su-safyru-ir-deimantais.jpg","width":1000,"height":1000},{"@type":"BreadcrumbList","@id":"https:\/\/fashiongold.lt\/pl\/produkt\/lsniace-szafiry-lancuszek-i-zawieszka-z-bialego-zlota-z-szafirem-i-diamentami\/#breadcrumb","itemListElement":[{"@type":"ListItem","position":1,"name":"Home","item":"https:\/\/fashiongold.lt\/pl\/"},{"@type":"ListItem","position":2,"name":"Sklep z diamentami Fashiongold.lt","item":"https:\/\/fashiongold.lt\/shop-2\/"},{"@type":"ListItem","position":3,"name":"L\u015bni\u0105ce Szafiry \u2013 \u0142a\u0144cuszek i zawieszka z bia\u0142ego z\u0142ota z szafirem i diamentami"}]},{"@type":"WebSite","@id":"https:\/\/fashiongold.lt\/pl\/#website","url":"https:\/\/fashiongold.lt\/pl\/","name":"Fashion Gold","description":"Dom jubilerski","publisher":{"@id":"https:\/\/fashiongold.lt\/pl\/#organization"},"potentialAction":[{"@type":"SearchAction","target":{"@type":"EntryPoint","urlTemplate":"https:\/\/fashiongold.lt\/pl\/?s={search_term_string}"},"query-input":{"@type":"PropertyValueSpecification","valueRequired":true,"valueName":"search_term_string"}}],"inLanguage":"pl-PL"},{"@type":"Organization","@id":"https:\/\/fashiongold.lt\/pl\/#organization","name":"Topdiamonds Online","url":"https:\/\/fashiongold.lt\/pl\/","logo":{"@type":"ImageObject","inLanguage":"pl-PL","@id":"https:\/\/fashiongold.lt\/pl\/#\/schema\/logo\/image\/","url":"https:\/\/fashiongold.lt\/wp-content\/uploads\/2025\/04\/cropped-fashion_gold_logotipas2-scaled-1.png","contentUrl":"https:\/\/fashiongold.lt\/wp-content\/uploads\/2025\/04\/cropped-fashion_gold_logotipas2-scaled-1.png","width":2559,"height":421,"caption":"Topdiamonds Online"},"image":{"@id":"https:\/\/fashiongold.lt\/pl\/#\/schema\/logo\/image\/"}}]}},"_links":{"self":[{"href":"https:\/\/fashiongold.lt\/pl\/wp-json\/wp\/v2\/product\/293254","targetHints":{"allow":["GET"]}}],"collection":[{"href":"https:\/\/fashiongold.lt\/pl\/wp-json\/wp\/v2\/product"}],"about":[{"href":"https:\/\/fashiongold.lt\/pl\/wp-json\/wp\/v2\/types\/product"}],"version-history":[{"count":0,"href":"https:\/\/fashiongold.lt\/pl\/wp-json\/wp\/v2\/product\/293254\/revisions"}],"wp:featuredmedia":[{"embeddable":true,"href":"https:\/\/fashiongold.lt\/pl\/wp-json\/wp\/v2\/media\/73034"}],"wp:attachment":[{"href":"https:\/\/fashiongold.lt\/pl\/wp-json\/wp\/v2\/media?parent=293254"}],"wp:term":[{"taxonomy":"product_brand","embeddable":true,"href":"https:\/\/fashiongold.lt\/pl\/wp-json\/wp\/v2\/product_brand?post=293254"},{"taxonomy":"product_cat","embeddable":true,"href":"https:\/\/fashiongold.lt\/pl\/wp-json\/wp\/v2\/product_cat?post=293254"},{"taxonomy":"product_tag","embeddable":true,"href":"https:\/\/fashiongold.lt\/pl\/wp-json\/wp\/v2\/product_tag?post=293254"}],"curies":[{"name":"wp","href":"https:\/\/api.w.org\/{rel}","templated":true}]}}