{"id":293294,"date":"2025-10-09T21:26:28","date_gmt":"2025-10-09T21:26:28","guid":{"rendered":"https:\/\/fashiongold.lt\/papuosalas\/blask-gwiazdy-z-zoltego-zlota-lancuszek-i-zawieszka-z-lsniacym-diamentem\/"},"modified":"2025-10-09T21:26:28","modified_gmt":"2025-10-09T21:26:28","slug":"blask-gwiazdy-z-zoltego-zlota-lancuszek-i-zawieszka-z-lsniacym-diamentem","status":"publish","type":"product","link":"https:\/\/fashiongold.lt\/pl\/papuosalas\/blask-gwiazdy-z-zoltego-zlota-lancuszek-i-zawieszka-z-lsniacym-diamentem\/","title":{"rendered":"Blask gwiazdy z \u017c\u00f3\u0142tego z\u0142ota \u2013 \u0142a\u0144cuszek i zawieszka z l\u015bni\u0105cym diamentem"},"content":{"rendered":"<p>Wyprodukowano na Litwie. Zawieszka mo\u017ce zosta\u0107 wykonana na zam\u00f3wienie: z czerwonego, \u017c\u00f3\u0142tego oraz bia\u0142ego z\u0142ota.<\/p>\n<p>\u2022 Rodzaj diamentu: Naturalny diament<\/p>\n<p>\u2022 Kszta\u0142t diamentu: Okr\u0105g\u0142y (Round cut)<\/p>\n<p>\u2022 Charakterystyka diamentu: 0,01 ct kszta\u0142t okr\u0105g\u0142y, barwa H-I(W-STW); czysto\u015b\u0107 SI-P1<\/p>\n<p>\u2022 Certyfikat: Litewski Urz\u0105d Probierczy (LPR)<\/p>\n<p>\u2022 Z\u0142oto zawieszki: 14K (pr\u00f3ba 585)<\/p>\n<p>\u2022 Kolor zawieszki: \u017c\u00f3\u0142te z\u0142oto<\/p>\n<p>\u2022 Waga zawieszki: oko\u0142o 1,05-1,25 g<\/p>\n<p>\u2022 D\u0142ugo\u015b\u0107 \u0142a\u0144cuszka: regulowana 42-45 cm<\/p>\n<p>\u2022 Rozmiar zawieszki: d\u0142ugo\u015b\u0107 10 mm<\/p>\n","protected":false},"excerpt":{"rendered":"<p>Blask gwiazdy z \u017c\u00f3\u0142tego z\u0142ota \u2013 minimalistyczna zawieszka z l\u015bni\u0105cym diamentem, pasuj\u0105ca zar\u00f3wno na co dzie\u0144, jak i na wyj\u0105tkowe okazje\u00a0<\/p>\n","protected":false},"featured_media":72824,"template":"","meta":{"site-sidebar-layout":"","site-content-layout":"","ast-site-content-layout":"","site-content-style":"","site-sidebar-style":"","ast-global-header-display":"","ast-banner-title-visibility":"","ast-main-header-display":"","ast-hfb-above-header-display":"","ast-hfb-below-header-display":"","ast-hfb-mobile-header-display":"","site-post-title":"","ast-breadcrumbs-content":"","ast-featured-img":"","footer-sml-layout":"","ast-disable-related-posts":"","theme-transparent-header-meta":"","adv-header-id-meta":"","stick-header-meta":"","header-above-stick-meta":"","header-main-stick-meta":"","header-below-stick-meta":"","astra-migrate-meta-layouts":"default","ast-page-background-enabled":"default","ast-page-background-meta":{"desktop":{"background-color":"var(--ast-global-color-4)","background-image":"","background-repeat":"repeat","background-position":"center center","background-size":"auto","background-attachment":"scroll","background-type":"","background-media":"","overlay-type":"","overlay-color":"","overlay-opacity":"","overlay-gradient":""},"tablet":{"background-color":"","background-image":"","background-repeat":"repeat","background-position":"center center","background-size":"auto","background-attachment":"scroll","background-type":"","background-media":"","overlay-type":"","overlay-color":"","overlay-opacity":"","overlay-gradient":""},"mobile":{"background-color":"","background-image":"","background-repeat":"repeat","background-position":"center center","background-size":"auto","background-attachment":"scroll","background-type":"","background-media":"","overlay-type":"","overlay-color":"","overlay-opacity":"","overlay-gradient":""}},"ast-content-background-meta":{"desktop":{"background-color":"var(--ast-global-color-5)","background-image":"","background-repeat":"repeat","background-position":"center center","background-size":"auto","background-attachment":"scroll","background-type":"","background-media":"","overlay-type":"","overlay-color":"","overlay-opacity":"","overlay-gradient":""},"tablet":{"background-color":"var(--ast-global-color-5)","background-image":"","background-repeat":"repeat","background-position":"center center","background-size":"auto","background-attachment":"scroll","background-type":"","background-media":"","overlay-type":"","overlay-color":"","overlay-opacity":"","overlay-gradient":""},"mobile":{"background-color":"var(--ast-global-color-5)","background-image":"","background-repeat":"repeat","background-position":"center center","background-size":"auto","background-attachment":"scroll","background-type":"","background-media":"","overlay-type":"","overlay-color":"","overlay-opacity":"","overlay-gradient":""}}},"product_brand":[],"product_cat":[3044,2861,3260,3353,3263,3166,2853,2856,3165,2875,2876,2860,2857,2854,2855,3169,2859,2852,3051,3261,3035],"product_tag":[],"class_list":{"0":"post-293294","1":"product","2":"type-product","3":"status-publish","4":"has-post-thumbnail","6":"product_cat-bizuteria","7":"product_cat-bizuteria-z-zoltego-zlota","8":"product_cat-lancuszek-na-chrzest","9":"product_cat-lancuszek-z-diamentem","10":"product_cat-lancuszki-z-diamentami","11":"product_cat-prezent-z-okazji-pierwszej-komunii-swietej","12":"product_cat-prezenty-dla-kobiet","13":"product_cat-prezenty-dla-mezczyzn","14":"product_cat-prezenty-na-chrzest","15":"product_cat-prezenty-na-dzien-matki","16":"product_cat-prezenty-na-walentynki","17":"product_cat-prezenty-na-wyjatkowe-okazje","18":"product_cat-prezenty-swiateczne","19":"product_cat-prezenty-z-okazji-narodzin-dziecka","20":"product_cat-prezenty-z-okazji-rocznicy-slubu","21":"product_cat-prezenty-z-okazji-slubu","22":"product_cat-prezenty-z-okazji-ukonczenia-szkoly","23":"product_cat-prezenty-z-okazji-urodzin","24":"product_cat-zawieszki-z-diamentami","25":"product_cat-zloty-lancuszek-dla-dziewczynek","26":"product_cat-zloty-lancuszek-z-zawieszka-wedlug-horoskopu","27":"desktop-align-center","28":"tablet-align-left","29":"mobile-align-left","30":"ast-product-gallery-layout-horizontal-slider","31":"ast-product-gallery-with-no-image","32":"ast-product-tabs-layout-accordion","33":"ast-qv-on-image","35":"first","36":"instock","37":"taxable","38":"shipping-taxable","39":"purchasable","40":"product-type-simple"},"yoast_head":"<!-- This site is optimized with the Yoast SEO plugin v26.6 - https:\/\/yoast.com\/wordpress\/plugins\/seo\/ -->\n<title>Blask gwiazdy z \u017c\u00f3\u0142tego z\u0142ota \u2013 \u0142a\u0144cuszek i zawieszka z diamentem<\/title>\n<meta name=\"description\" content=\"Blask gwiazdy z \u017c\u00f3\u0142tego z\u0142ota \u2013 minimalistyczna zawieszka z l\u015bni\u0105cym diamentem, pasuj\u0105ca zar\u00f3wno na co dzie\u0144, jak i na wyj\u0105tkowe okazje. Darmowa dostawa.\" \/>\n<meta name=\"robots\" content=\"index, follow, max-snippet:-1, max-image-preview:large, max-video-preview:-1\" \/>\n<link rel=\"canonical\" href=\"https:\/\/fashiongold.lt\/pl\/papuosalas\/blask-gwiazdy-z-zoltego-zlota-lancuszek-i-zawieszka-z-lsniacym-diamentem\/\" \/>\n<meta property=\"og:locale\" content=\"pl_PL\" \/>\n<meta property=\"og:type\" content=\"article\" \/>\n<meta property=\"og:title\" content=\"Blask gwiazdy z \u017c\u00f3\u0142tego z\u0142ota \u2013 \u0142a\u0144cuszek i zawieszka z diamentem\" \/>\n<meta property=\"og:description\" content=\"Blask gwiazdy z \u017c\u00f3\u0142tego z\u0142ota \u2013 minimalistyczna zawieszka z l\u015bni\u0105cym diamentem, pasuj\u0105ca zar\u00f3wno na co dzie\u0144, jak i na wyj\u0105tkowe okazje. Darmowa dostawa.\" \/>\n<meta property=\"og:url\" content=\"https:\/\/fashiongold.lt\/pl\/papuosalas\/blask-gwiazdy-z-zoltego-zlota-lancuszek-i-zawieszka-z-lsniacym-diamentem\/\" \/>\n<meta property=\"og:site_name\" content=\"FashionGold.lt\" \/>\n<meta property=\"og:image\" content=\"https:\/\/fashiongold.lt\/wp-content\/uploads\/2025\/10\/4589-f0d-Geltono-aukso-zvaigzdes-zibejimas-grandinele-ir-pakabukas-su-spindanciu-deimantu.webp\" \/>\n\t<meta property=\"og:image:width\" content=\"1000\" \/>\n\t<meta property=\"og:image:height\" content=\"1000\" \/>\n\t<meta property=\"og:image:type\" content=\"image\/jpeg\" \/>\n<meta name=\"twitter:card\" content=\"summary_large_image\" \/>\n<script type=\"application\/ld+json\" class=\"yoast-schema-graph\">{\"@context\":\"https:\/\/schema.org\",\"@graph\":[{\"@type\":\"WebPage\",\"@id\":\"https:\/\/fashiongold.lt\/pl\/papuosalas\/blask-gwiazdy-z-zoltego-zlota-lancuszek-i-zawieszka-z-lsniacym-diamentem\/\",\"url\":\"https:\/\/fashiongold.lt\/pl\/papuosalas\/blask-gwiazdy-z-zoltego-zlota-lancuszek-i-zawieszka-z-lsniacym-diamentem\/\",\"name\":\"Blask gwiazdy z \u017c\u00f3\u0142tego z\u0142ota \u2013 \u0142a\u0144cuszek i zawieszka z diamentem\",\"isPartOf\":{\"@id\":\"https:\/\/fashiongold.lt\/pl\/#website\"},\"primaryImageOfPage\":{\"@id\":\"https:\/\/fashiongold.lt\/pl\/papuosalas\/blask-gwiazdy-z-zoltego-zlota-lancuszek-i-zawieszka-z-lsniacym-diamentem\/#primaryimage\"},\"image\":{\"@id\":\"https:\/\/fashiongold.lt\/pl\/papuosalas\/blask-gwiazdy-z-zoltego-zlota-lancuszek-i-zawieszka-z-lsniacym-diamentem\/#primaryimage\"},\"thumbnailUrl\":\"https:\/\/fashiongold.lt\/wp-content\/uploads\/2025\/10\/4589-f0d-Geltono-aukso-zvaigzdes-zibejimas-grandinele-ir-pakabukas-su-spindanciu-deimantu.jpg\",\"datePublished\":\"2025-10-09T21:26:28+00:00\",\"description\":\"Blask gwiazdy z \u017c\u00f3\u0142tego z\u0142ota \u2013 minimalistyczna zawieszka z l\u015bni\u0105cym diamentem, pasuj\u0105ca zar\u00f3wno na co dzie\u0144, jak i na wyj\u0105tkowe okazje. Darmowa dostawa.\",\"breadcrumb\":{\"@id\":\"https:\/\/fashiongold.lt\/pl\/papuosalas\/blask-gwiazdy-z-zoltego-zlota-lancuszek-i-zawieszka-z-lsniacym-diamentem\/#breadcrumb\"},\"inLanguage\":\"pl-PL\",\"potentialAction\":[{\"@type\":\"ReadAction\",\"target\":[\"https:\/\/fashiongold.lt\/pl\/papuosalas\/blask-gwiazdy-z-zoltego-zlota-lancuszek-i-zawieszka-z-lsniacym-diamentem\/\"]}]},{\"@type\":\"ImageObject\",\"inLanguage\":\"pl-PL\",\"@id\":\"https:\/\/fashiongold.lt\/pl\/papuosalas\/blask-gwiazdy-z-zoltego-zlota-lancuszek-i-zawieszka-z-lsniacym-diamentem\/#primaryimage\",\"url\":\"https:\/\/fashiongold.lt\/wp-content\/uploads\/2025\/10\/4589-f0d-Geltono-aukso-zvaigzdes-zibejimas-grandinele-ir-pakabukas-su-spindanciu-deimantu.jpg\",\"contentUrl\":\"https:\/\/fashiongold.lt\/wp-content\/uploads\/2025\/10\/4589-f0d-Geltono-aukso-zvaigzdes-zibejimas-grandinele-ir-pakabukas-su-spindanciu-deimantu.jpg\",\"width\":1000,\"height\":1000},{\"@type\":\"BreadcrumbList\",\"@id\":\"https:\/\/fashiongold.lt\/pl\/papuosalas\/blask-gwiazdy-z-zoltego-zlota-lancuszek-i-zawieszka-z-lsniacym-diamentem\/#breadcrumb\",\"itemListElement\":[{\"@type\":\"ListItem\",\"position\":1,\"name\":\"Home\",\"item\":\"https:\/\/fashiongold.lt\/pl\/\"},{\"@type\":\"ListItem\",\"position\":2,\"name\":\"Sklep z diamentami Fashiongold.lt\",\"item\":\"https:\/\/fashiongold.lt\/shop-2\/\"},{\"@type\":\"ListItem\",\"position\":3,\"name\":\"Blask gwiazdy z \u017c\u00f3\u0142tego z\u0142ota \u2013 \u0142a\u0144cuszek i zawieszka z l\u015bni\u0105cym diamentem\"}]},{\"@type\":\"WebSite\",\"@id\":\"https:\/\/fashiongold.lt\/pl\/#website\",\"url\":\"https:\/\/fashiongold.lt\/pl\/\",\"name\":\"Fashion Gold\",\"description\":\"Juvelyrikos namai\",\"publisher\":{\"@id\":\"https:\/\/fashiongold.lt\/pl\/#organization\"},\"potentialAction\":[{\"@type\":\"SearchAction\",\"target\":{\"@type\":\"EntryPoint\",\"urlTemplate\":\"https:\/\/fashiongold.lt\/pl\/?s={search_term_string}\"},\"query-input\":{\"@type\":\"PropertyValueSpecification\",\"valueRequired\":true,\"valueName\":\"search_term_string\"}}],\"inLanguage\":\"pl-PL\"},{\"@type\":\"Organization\",\"@id\":\"https:\/\/fashiongold.lt\/pl\/#organization\",\"name\":\"Topdiamonds Online\",\"url\":\"https:\/\/fashiongold.lt\/pl\/\",\"logo\":{\"@type\":\"ImageObject\",\"inLanguage\":\"pl-PL\",\"@id\":\"https:\/\/fashiongold.lt\/pl\/#\/schema\/logo\/image\/\",\"url\":\"https:\/\/fashiongold.lt\/wp-content\/uploads\/2025\/04\/cropped-fashion_gold_logotipas2-scaled-1.png\",\"contentUrl\":\"https:\/\/fashiongold.lt\/wp-content\/uploads\/2025\/04\/cropped-fashion_gold_logotipas2-scaled-1.png\",\"width\":2559,\"height\":421,\"caption\":\"Topdiamonds Online\"},\"image\":{\"@id\":\"https:\/\/fashiongold.lt\/pl\/#\/schema\/logo\/image\/\"}}]}<\/script>\n<!-- \/ Yoast SEO plugin. -->","yoast_head_json":{"title":"Blask gwiazdy z \u017c\u00f3\u0142tego z\u0142ota \u2013 \u0142a\u0144cuszek i zawieszka z diamentem","description":"Blask gwiazdy z \u017c\u00f3\u0142tego z\u0142ota \u2013 minimalistyczna zawieszka z l\u015bni\u0105cym diamentem, pasuj\u0105ca zar\u00f3wno na co dzie\u0144, jak i na wyj\u0105tkowe okazje. Darmowa dostawa.","robots":{"index":"index","follow":"follow","max-snippet":"max-snippet:-1","max-image-preview":"max-image-preview:large","max-video-preview":"max-video-preview:-1"},"canonical":"https:\/\/fashiongold.lt\/pl\/papuosalas\/blask-gwiazdy-z-zoltego-zlota-lancuszek-i-zawieszka-z-lsniacym-diamentem\/","og_locale":"pl_PL","og_type":"article","og_title":"Blask gwiazdy z \u017c\u00f3\u0142tego z\u0142ota \u2013 \u0142a\u0144cuszek i zawieszka z diamentem","og_description":"Blask gwiazdy z \u017c\u00f3\u0142tego z\u0142ota \u2013 minimalistyczna zawieszka z l\u015bni\u0105cym diamentem, pasuj\u0105ca zar\u00f3wno na co dzie\u0144, jak i na wyj\u0105tkowe okazje. Darmowa dostawa.","og_url":"https:\/\/fashiongold.lt\/pl\/papuosalas\/blask-gwiazdy-z-zoltego-zlota-lancuszek-i-zawieszka-z-lsniacym-diamentem\/","og_site_name":"FashionGold.lt","og_image":[{"width":1000,"height":1000,"url":"https:\/\/fashiongold.lt\/wp-content\/uploads\/2025\/10\/4589-f0d-Geltono-aukso-zvaigzdes-zibejimas-grandinele-ir-pakabukas-su-spindanciu-deimantu.webp","type":"image\/jpeg"}],"twitter_card":"summary_large_image","schema":{"@context":"https:\/\/schema.org","@graph":[{"@type":"WebPage","@id":"https:\/\/fashiongold.lt\/pl\/papuosalas\/blask-gwiazdy-z-zoltego-zlota-lancuszek-i-zawieszka-z-lsniacym-diamentem\/","url":"https:\/\/fashiongold.lt\/pl\/papuosalas\/blask-gwiazdy-z-zoltego-zlota-lancuszek-i-zawieszka-z-lsniacym-diamentem\/","name":"Blask gwiazdy z \u017c\u00f3\u0142tego z\u0142ota \u2013 \u0142a\u0144cuszek i zawieszka z diamentem","isPartOf":{"@id":"https:\/\/fashiongold.lt\/pl\/#website"},"primaryImageOfPage":{"@id":"https:\/\/fashiongold.lt\/pl\/papuosalas\/blask-gwiazdy-z-zoltego-zlota-lancuszek-i-zawieszka-z-lsniacym-diamentem\/#primaryimage"},"image":{"@id":"https:\/\/fashiongold.lt\/pl\/papuosalas\/blask-gwiazdy-z-zoltego-zlota-lancuszek-i-zawieszka-z-lsniacym-diamentem\/#primaryimage"},"thumbnailUrl":"https:\/\/fashiongold.lt\/wp-content\/uploads\/2025\/10\/4589-f0d-Geltono-aukso-zvaigzdes-zibejimas-grandinele-ir-pakabukas-su-spindanciu-deimantu.jpg","datePublished":"2025-10-09T21:26:28+00:00","description":"Blask gwiazdy z \u017c\u00f3\u0142tego z\u0142ota \u2013 minimalistyczna zawieszka z l\u015bni\u0105cym diamentem, pasuj\u0105ca zar\u00f3wno na co dzie\u0144, jak i na wyj\u0105tkowe okazje. Darmowa dostawa.","breadcrumb":{"@id":"https:\/\/fashiongold.lt\/pl\/papuosalas\/blask-gwiazdy-z-zoltego-zlota-lancuszek-i-zawieszka-z-lsniacym-diamentem\/#breadcrumb"},"inLanguage":"pl-PL","potentialAction":[{"@type":"ReadAction","target":["https:\/\/fashiongold.lt\/pl\/papuosalas\/blask-gwiazdy-z-zoltego-zlota-lancuszek-i-zawieszka-z-lsniacym-diamentem\/"]}]},{"@type":"ImageObject","inLanguage":"pl-PL","@id":"https:\/\/fashiongold.lt\/pl\/papuosalas\/blask-gwiazdy-z-zoltego-zlota-lancuszek-i-zawieszka-z-lsniacym-diamentem\/#primaryimage","url":"https:\/\/fashiongold.lt\/wp-content\/uploads\/2025\/10\/4589-f0d-Geltono-aukso-zvaigzdes-zibejimas-grandinele-ir-pakabukas-su-spindanciu-deimantu.jpg","contentUrl":"https:\/\/fashiongold.lt\/wp-content\/uploads\/2025\/10\/4589-f0d-Geltono-aukso-zvaigzdes-zibejimas-grandinele-ir-pakabukas-su-spindanciu-deimantu.jpg","width":1000,"height":1000},{"@type":"BreadcrumbList","@id":"https:\/\/fashiongold.lt\/pl\/papuosalas\/blask-gwiazdy-z-zoltego-zlota-lancuszek-i-zawieszka-z-lsniacym-diamentem\/#breadcrumb","itemListElement":[{"@type":"ListItem","position":1,"name":"Home","item":"https:\/\/fashiongold.lt\/pl\/"},{"@type":"ListItem","position":2,"name":"Sklep z diamentami Fashiongold.lt","item":"https:\/\/fashiongold.lt\/shop-2\/"},{"@type":"ListItem","position":3,"name":"Blask gwiazdy z \u017c\u00f3\u0142tego z\u0142ota \u2013 \u0142a\u0144cuszek i zawieszka z l\u015bni\u0105cym diamentem"}]},{"@type":"WebSite","@id":"https:\/\/fashiongold.lt\/pl\/#website","url":"https:\/\/fashiongold.lt\/pl\/","name":"Fashion Gold","description":"Juvelyrikos namai","publisher":{"@id":"https:\/\/fashiongold.lt\/pl\/#organization"},"potentialAction":[{"@type":"SearchAction","target":{"@type":"EntryPoint","urlTemplate":"https:\/\/fashiongold.lt\/pl\/?s={search_term_string}"},"query-input":{"@type":"PropertyValueSpecification","valueRequired":true,"valueName":"search_term_string"}}],"inLanguage":"pl-PL"},{"@type":"Organization","@id":"https:\/\/fashiongold.lt\/pl\/#organization","name":"Topdiamonds Online","url":"https:\/\/fashiongold.lt\/pl\/","logo":{"@type":"ImageObject","inLanguage":"pl-PL","@id":"https:\/\/fashiongold.lt\/pl\/#\/schema\/logo\/image\/","url":"https:\/\/fashiongold.lt\/wp-content\/uploads\/2025\/04\/cropped-fashion_gold_logotipas2-scaled-1.png","contentUrl":"https:\/\/fashiongold.lt\/wp-content\/uploads\/2025\/04\/cropped-fashion_gold_logotipas2-scaled-1.png","width":2559,"height":421,"caption":"Topdiamonds Online"},"image":{"@id":"https:\/\/fashiongold.lt\/pl\/#\/schema\/logo\/image\/"}}]}},"_links":{"self":[{"href":"https:\/\/fashiongold.lt\/pl\/wp-json\/wp\/v2\/product\/293294","targetHints":{"allow":["GET"]}}],"collection":[{"href":"https:\/\/fashiongold.lt\/pl\/wp-json\/wp\/v2\/product"}],"about":[{"href":"https:\/\/fashiongold.lt\/pl\/wp-json\/wp\/v2\/types\/product"}],"version-history":[{"count":0,"href":"https:\/\/fashiongold.lt\/pl\/wp-json\/wp\/v2\/product\/293294\/revisions"}],"wp:featuredmedia":[{"embeddable":true,"href":"https:\/\/fashiongold.lt\/pl\/wp-json\/wp\/v2\/media\/72824"}],"wp:attachment":[{"href":"https:\/\/fashiongold.lt\/pl\/wp-json\/wp\/v2\/media?parent=293294"}],"wp:term":[{"taxonomy":"product_brand","embeddable":true,"href":"https:\/\/fashiongold.lt\/pl\/wp-json\/wp\/v2\/product_brand?post=293294"},{"taxonomy":"product_cat","embeddable":true,"href":"https:\/\/fashiongold.lt\/pl\/wp-json\/wp\/v2\/product_cat?post=293294"},{"taxonomy":"product_tag","embeddable":true,"href":"https:\/\/fashiongold.lt\/pl\/wp-json\/wp\/v2\/product_tag?post=293294"}],"curies":[{"name":"wp","href":"https:\/\/api.w.org\/{rel}","templated":true}]}}