{"id":293402,"date":"2025-10-20T12:00:00","date_gmt":"2025-10-20T12:00:00","guid":{"rendered":"https:\/\/fashiongold.lt\/papuosalas\/nowoczesny-pierscionek-zareczynowy-z-szafirem-i-diamentami-moje-szczescie-0-29-ct\/"},"modified":"2025-10-20T12:00:00","modified_gmt":"2025-10-20T12:00:00","slug":"nowoczesny-pierscionek-zareczynowy-z-szafirem-i-diamentami-moje-szczescie-0-29-ct","status":"publish","type":"product","link":"https:\/\/fashiongold.lt\/pl\/papuosalas\/nowoczesny-pierscionek-zareczynowy-z-szafirem-i-diamentami-moje-szczescie-0-29-ct\/","title":{"rendered":"Nowoczesny pier\u015bcionek zar\u0119czynowy z szafirem i diamentami \u2013 Moje Szcz\u0119\u015bcie (0.29 ct)"},"content":{"rendered":"<h2>Pier\u015bcionek z szafirem i diamentami &#8211; Moje Szcz\u0119\u015bcie (0.29 ct)<\/h2>\n<h3>Pier\u015bcionek o nowoczesnym wzornictwie z szafirem 0,20 karata i naturalnymi diamentami 0,09 karata. Bezp\u0142atny grawer.<\/h3>\n<p>Wyprodukowano na Litwie. Pier\u015bcionek o niepowtarzalnej urodzie, wyj\u0105tkowym stylu i wysokiej jako\u015bci. Pier\u015bcionek mo\u017ce zosta\u0107 wykonany na zam\u00f3wienie z czerwonego, \u017c\u00f3\u0142tego oraz bia\u0142ego z\u0142ota. Szafir jest symbolem si\u0142y, optymizmu i aktywno\u015bci. Magiczna moc szafiru pomaga redukowa\u0107 napi\u0119cie podczas konflikt\u00f3w i rozwi\u0105zywa\u0107 problemy zdrowotne. Szafir pasuje do znak\u00f3w zodiaku: Ryby, Waga, Skorpion, Bli\u017ani\u0119ta, Panna, Lew, Baran, Byk, Wodnik, Strzelec.\u00a0<\/p>\n<p>\u2022 Metal pier\u015bcionka: 14K (pr\u00f3ba 585), mo\u017cemy wykona\u0107 z 10K (pr\u00f3ba 375), 18K (pr\u00f3ba 750), platyna 950\u00a0 \u00a0 \u00a0 \u00a0<\/p>\n<p>\u2022 Kolor pier\u015bcionka: do wyboru bia\u0142e, \u017c\u00f3\u0142te, czerwone z\u0142oto<\/p>\n<p>\u2022 Waga pier\u015bcionka (zale\u017cy od rozmiaru i pr\u00f3by): oko\u0142o 1,80 &#8211; 2,20 g\u00a0 \u00a0 \u00a0 \u00a0 \u00a0<\/p>\n<p>\u2022 Wymiary pier\u015bcionka: szeroko\u015b\u0107 korony &#8211; oko\u0142o 3,85 mm, szeroko\u015b\u0107 obr\u0105czki &#8211; oko\u0142o 2,30 mm (wymiary s\u0105 przybli\u017cone i mog\u0105 si\u0119 r\u00f3\u017cni\u0107 w zale\u017cno\u015bci od rozmiaru pier\u015bcionka) \u00a0 \u00a0\u00a0<\/p>\n<p>\u2022 Soczewka komfortu: jest\u00a0\u00a0 \u00a0 \u00a0\u00a0<\/p>\n<p>\u2022 Rodzaj kamienia szlachetnego: szafir\u00a0\u00a0<\/p>\n<p>\u2022 Kszta\u0142t kamienia szlachetnego: szafir o szlifie kwadratowym (princess cut)\u00a0 \u00a0 \u00a0<\/p>\n<p>\u2022 Charakterystyka kamienia szlachetnego: 0,30 ct (mo\u017cliwo\u015b\u0107 zmiany)\u00a0 \u00a0<\/p>\n<p>\u2022 Rodzaj diamentu: Naturalne diamenty\u00a0 \u00a0 \u00a0 \u00a0<\/p>\n<p>\u2022 Kszta\u0142t diamentu: kszta\u0142t okr\u0105g\u0142y (round shape)\u00a0 \u00a0 \u00a0 \u00a0<\/p>\n<p>\u2022 Charakterystyka diamentu: 0,09 ct, barwa G-H (RW-W); czysto\u015b\u0107 SI<\/p>\n<p>\u2022 Certyfikat: Litewski Urz\u0105d Probierczy (LPR)\u00a0 \u00a0 \u00a0 \u00a0<\/p>\n<p>\u2022 Grawerowanie bezp\u0142atnie\u00a0<\/p>\n<p>\u2022 Jednorazowa bezp\u0142atna gwarancja zmiany rozmiaru pier\u015bcionka (w miar\u0119 mo\u017cliwo\u015bci)\u00a0<\/p>\n<p>\u2022 Termin produkcji i dostawy od 14 dni roboczych, w trybie pilnym w ci\u0105gu 3 dni roboczych.\u00a0<\/p>\n<p><strong>Masz w\u0142asne z\u0142oto? Skontaktuj si\u0119 z nami, przeliczymy cen\u0119 \u2013 zap\u0142acisz tylko za wykonanie pier\u015bcionka.<\/strong><\/p>\n","protected":false},"excerpt":{"rendered":"<p>Pier\u015bcionek z kwadratowym szafirem i diamentami o nowoczesnym designie. Szafir oprawiony w z\u0142ot\u0105 ramk\u0119, diamenty u\u0142o\u017cone w linie po obu stronach, jako kontynuacja szafiru. Idealnie pasuje na wyj\u0105tkowe okazje i na co dzie\u0144, dodaj\u0105c luksusowy akcent Twojemu stylowi.<\/p>\n","protected":false},"featured_media":236388,"template":"","meta":{"site-sidebar-layout":"default","site-content-layout":"","ast-site-content-layout":"default","site-content-style":"default","site-sidebar-style":"default","ast-global-header-display":"","ast-banner-title-visibility":"","ast-main-header-display":"","ast-hfb-above-header-display":"","ast-hfb-below-header-display":"","ast-hfb-mobile-header-display":"","site-post-title":"","ast-breadcrumbs-content":"","ast-featured-img":"","footer-sml-layout":"","ast-disable-related-posts":"","theme-transparent-header-meta":"","adv-header-id-meta":"","stick-header-meta":"","header-above-stick-meta":"","header-main-stick-meta":"","header-below-stick-meta":"","astra-migrate-meta-layouts":"default","ast-page-background-enabled":"default","ast-page-background-meta":{"desktop":{"background-color":"var(--ast-global-color-4)","background-image":"","background-repeat":"repeat","background-position":"center center","background-size":"auto","background-attachment":"scroll","background-type":"","background-media":"","overlay-type":"","overlay-color":"","overlay-opacity":"","overlay-gradient":""},"tablet":{"background-color":"","background-image":"","background-repeat":"repeat","background-position":"center center","background-size":"auto","background-attachment":"scroll","background-type":"","background-media":"","overlay-type":"","overlay-color":"","overlay-opacity":"","overlay-gradient":""},"mobile":{"background-color":"","background-image":"","background-repeat":"repeat","background-position":"center center","background-size":"auto","background-attachment":"scroll","background-type":"","background-media":"","overlay-type":"","overlay-color":"","overlay-opacity":"","overlay-gradient":""}},"ast-content-background-meta":{"desktop":{"background-color":"var(--ast-global-color-5)","background-image":"","background-repeat":"repeat","background-position":"center center","background-size":"auto","background-attachment":"scroll","background-type":"","background-media":"","overlay-type":"","overlay-color":"","overlay-opacity":"","overlay-gradient":""},"tablet":{"background-color":"var(--ast-global-color-5)","background-image":"","background-repeat":"repeat","background-position":"center center","background-size":"auto","background-attachment":"scroll","background-type":"","background-media":"","overlay-type":"","overlay-color":"","overlay-opacity":"","overlay-gradient":""},"mobile":{"background-color":"var(--ast-global-color-5)","background-image":"","background-repeat":"repeat","background-position":"center center","background-size":"auto","background-attachment":"scroll","background-type":"","background-media":"","overlay-type":"","overlay-color":"","overlay-opacity":"","overlay-gradient":""}}},"product_brand":[],"product_cat":[2878,3179,2874,3232,3233,3235,3273,3234,2876,2854,2855,3169,2873],"product_tag":[],"class_list":{"0":"post-293402","1":"product","2":"type-product","3":"status-publish","4":"has-post-thumbnail","6":"product_cat-bizuteria-z-niebieskimi-kamieniami-szlachetnymi","7":"product_cat-niebieski-klejnot","8":"product_cat-pierscionek-zareczynowy-z-szafirem","9":"product_cat-pierscionki-zareczynowe","10":"product_cat-pierscionki-zareczynowe-z-bialego-zlota","11":"product_cat-pierscionki-zareczynowe-z-czerwonego-zlota","12":"product_cat-pierscionki-zareczynowe-z-kamieniami-szlachetnymi","13":"product_cat-pierscionki-zareczynowe-z-zoltego-zlota","14":"product_cat-prezenty-na-walentynki","15":"product_cat-prezenty-z-okazji-narodzin-dziecka","16":"product_cat-prezenty-z-okazji-rocznicy-slubu","17":"product_cat-prezenty-z-okazji-slubu","18":"product_cat-szafir-bizuteria-z-szafirami","19":"desktop-align-center","20":"tablet-align-left","21":"mobile-align-left","22":"ast-product-gallery-layout-horizontal-slider","23":"ast-product-gallery-with-no-image","24":"ast-product-single-variable","25":"ast-product-tabs-layout-accordion","26":"ast-qv-on-image","28":"first","29":"instock","30":"taxable","31":"shipping-taxable","32":"purchasable","33":"product-type-variable"},"yoast_head":"<!-- This site is optimized with the Yoast SEO plugin v26.6 - https:\/\/yoast.com\/wordpress\/plugins\/seo\/ -->\n<title>Nowoczesny pier\u015bcionek z szafirem i diamentami - Moje Szcz\u0119\u015bcie (0.29 ct)<\/title>\n<meta name=\"description\" content=\"Nowoczesny pier\u015bcionek z szafirem o masie 0,20 karata, kt\u00f3ry subtelnie podkre\u015bla elegancj\u0119 pier\u015bcionka, oraz drobnymi diamentami. Idealnie nadaje si\u0119 na specjalne okazje i na co dzie\u0144.\" \/>\n<meta name=\"robots\" content=\"index, follow, max-snippet:-1, max-image-preview:large, max-video-preview:-1\" \/>\n<link rel=\"canonical\" href=\"https:\/\/fashiongold.lt\/pl\/papuosalas\/nowoczesny-pierscionek-zareczynowy-z-szafirem-i-diamentami-moje-szczescie-0-29-ct\/\" \/>\n<meta property=\"og:locale\" content=\"pl_PL\" \/>\n<meta property=\"og:type\" content=\"article\" \/>\n<meta property=\"og:title\" content=\"Nowoczesny pier\u015bcionek z szafirem i diamentami - Moje Szcz\u0119\u015bcie (0.29 ct)\" \/>\n<meta property=\"og:description\" content=\"Nowoczesny pier\u015bcionek z szafirem o masie 0,20 karata, kt\u00f3ry subtelnie podkre\u015bla elegancj\u0119 pier\u015bcionka, oraz drobnymi diamentami. Idealnie nadaje si\u0119 na specjalne okazje i na co dzie\u0144.\" \/>\n<meta property=\"og:url\" content=\"https:\/\/fashiongold.lt\/pl\/papuosalas\/nowoczesny-pierscionek-zareczynowy-z-szafirem-i-diamentami-moje-szczescie-0-29-ct\/\" \/>\n<meta property=\"og:site_name\" content=\"FashionGold.lt\" \/>\n<meta property=\"og:image\" content=\"https:\/\/fashiongold.lt\/wp-content\/uploads\/2025\/10\/23515-441-Balto-aukso-ziedas-su-safyru-ir-deimantais-Mano-Laime-0.29-ct.webp\" \/>\n\t<meta property=\"og:image:width\" content=\"1000\" \/>\n\t<meta property=\"og:image:height\" content=\"1000\" \/>\n\t<meta property=\"og:image:type\" content=\"image\/png\" \/>\n<meta name=\"twitter:card\" content=\"summary_large_image\" \/>\n<meta name=\"twitter:label1\" content=\"Szacowany czas czytania\" \/>\n\t<meta name=\"twitter:data1\" content=\"1 minuta\" \/>\n<script type=\"application\/ld+json\" class=\"yoast-schema-graph\">{\"@context\":\"https:\/\/schema.org\",\"@graph\":[{\"@type\":\"WebPage\",\"@id\":\"https:\/\/fashiongold.lt\/pl\/papuosalas\/nowoczesny-pierscionek-zareczynowy-z-szafirem-i-diamentami-moje-szczescie-0-29-ct\/\",\"url\":\"https:\/\/fashiongold.lt\/pl\/papuosalas\/nowoczesny-pierscionek-zareczynowy-z-szafirem-i-diamentami-moje-szczescie-0-29-ct\/\",\"name\":\"Nowoczesny pier\u015bcionek z szafirem i diamentami - Moje Szcz\u0119\u015bcie (0.29 ct)\",\"isPartOf\":{\"@id\":\"https:\/\/fashiongold.lt\/pl\/#website\"},\"primaryImageOfPage\":{\"@id\":\"https:\/\/fashiongold.lt\/pl\/papuosalas\/nowoczesny-pierscionek-zareczynowy-z-szafirem-i-diamentami-moje-szczescie-0-29-ct\/#primaryimage\"},\"image\":{\"@id\":\"https:\/\/fashiongold.lt\/pl\/papuosalas\/nowoczesny-pierscionek-zareczynowy-z-szafirem-i-diamentami-moje-szczescie-0-29-ct\/#primaryimage\"},\"thumbnailUrl\":\"https:\/\/fashiongold.lt\/wp-content\/uploads\/2025\/10\/23515-441-Balto-aukso-ziedas-su-safyru-ir-deimantais-Mano-Laime-0.29-ct.png\",\"datePublished\":\"2025-10-20T12:00:00+00:00\",\"description\":\"Nowoczesny pier\u015bcionek z szafirem o masie 0,20 karata, kt\u00f3ry subtelnie podkre\u015bla elegancj\u0119 pier\u015bcionka, oraz drobnymi diamentami. Idealnie nadaje si\u0119 na specjalne okazje i na co dzie\u0144.\",\"breadcrumb\":{\"@id\":\"https:\/\/fashiongold.lt\/pl\/papuosalas\/nowoczesny-pierscionek-zareczynowy-z-szafirem-i-diamentami-moje-szczescie-0-29-ct\/#breadcrumb\"},\"inLanguage\":\"pl-PL\",\"potentialAction\":[{\"@type\":\"ReadAction\",\"target\":[\"https:\/\/fashiongold.lt\/pl\/papuosalas\/nowoczesny-pierscionek-zareczynowy-z-szafirem-i-diamentami-moje-szczescie-0-29-ct\/\"]}]},{\"@type\":\"ImageObject\",\"inLanguage\":\"pl-PL\",\"@id\":\"https:\/\/fashiongold.lt\/pl\/papuosalas\/nowoczesny-pierscionek-zareczynowy-z-szafirem-i-diamentami-moje-szczescie-0-29-ct\/#primaryimage\",\"url\":\"https:\/\/fashiongold.lt\/wp-content\/uploads\/2025\/10\/23515-441-Balto-aukso-ziedas-su-safyru-ir-deimantais-Mano-Laime-0.29-ct.png\",\"contentUrl\":\"https:\/\/fashiongold.lt\/wp-content\/uploads\/2025\/10\/23515-441-Balto-aukso-ziedas-su-safyru-ir-deimantais-Mano-Laime-0.29-ct.png\",\"width\":1000,\"height\":1000},{\"@type\":\"BreadcrumbList\",\"@id\":\"https:\/\/fashiongold.lt\/pl\/papuosalas\/nowoczesny-pierscionek-zareczynowy-z-szafirem-i-diamentami-moje-szczescie-0-29-ct\/#breadcrumb\",\"itemListElement\":[{\"@type\":\"ListItem\",\"position\":1,\"name\":\"Home\",\"item\":\"https:\/\/fashiongold.lt\/pl\/\"},{\"@type\":\"ListItem\",\"position\":2,\"name\":\"Sklep z diamentami Fashiongold.lt\",\"item\":\"https:\/\/fashiongold.lt\/shop-2\/\"},{\"@type\":\"ListItem\",\"position\":3,\"name\":\"Nowoczesny pier\u015bcionek zar\u0119czynowy z szafirem i diamentami \u2013 Moje Szcz\u0119\u015bcie (0.29 ct)\"}]},{\"@type\":\"WebSite\",\"@id\":\"https:\/\/fashiongold.lt\/pl\/#website\",\"url\":\"https:\/\/fashiongold.lt\/pl\/\",\"name\":\"Fashion Gold\",\"description\":\"Juvelyrikos namai\",\"publisher\":{\"@id\":\"https:\/\/fashiongold.lt\/pl\/#organization\"},\"potentialAction\":[{\"@type\":\"SearchAction\",\"target\":{\"@type\":\"EntryPoint\",\"urlTemplate\":\"https:\/\/fashiongold.lt\/pl\/?s={search_term_string}\"},\"query-input\":{\"@type\":\"PropertyValueSpecification\",\"valueRequired\":true,\"valueName\":\"search_term_string\"}}],\"inLanguage\":\"pl-PL\"},{\"@type\":\"Organization\",\"@id\":\"https:\/\/fashiongold.lt\/pl\/#organization\",\"name\":\"Topdiamonds Online\",\"url\":\"https:\/\/fashiongold.lt\/pl\/\",\"logo\":{\"@type\":\"ImageObject\",\"inLanguage\":\"pl-PL\",\"@id\":\"https:\/\/fashiongold.lt\/pl\/#\/schema\/logo\/image\/\",\"url\":\"https:\/\/fashiongold.lt\/wp-content\/uploads\/2025\/04\/cropped-fashion_gold_logotipas2-scaled-1.png\",\"contentUrl\":\"https:\/\/fashiongold.lt\/wp-content\/uploads\/2025\/04\/cropped-fashion_gold_logotipas2-scaled-1.png\",\"width\":2559,\"height\":421,\"caption\":\"Topdiamonds Online\"},\"image\":{\"@id\":\"https:\/\/fashiongold.lt\/pl\/#\/schema\/logo\/image\/\"}}]}<\/script>\n<!-- \/ Yoast SEO plugin. -->","yoast_head_json":{"title":"Nowoczesny pier\u015bcionek z szafirem i diamentami - Moje Szcz\u0119\u015bcie (0.29 ct)","description":"Nowoczesny pier\u015bcionek z szafirem o masie 0,20 karata, kt\u00f3ry subtelnie podkre\u015bla elegancj\u0119 pier\u015bcionka, oraz drobnymi diamentami. Idealnie nadaje si\u0119 na specjalne okazje i na co dzie\u0144.","robots":{"index":"index","follow":"follow","max-snippet":"max-snippet:-1","max-image-preview":"max-image-preview:large","max-video-preview":"max-video-preview:-1"},"canonical":"https:\/\/fashiongold.lt\/pl\/papuosalas\/nowoczesny-pierscionek-zareczynowy-z-szafirem-i-diamentami-moje-szczescie-0-29-ct\/","og_locale":"pl_PL","og_type":"article","og_title":"Nowoczesny pier\u015bcionek z szafirem i diamentami - Moje Szcz\u0119\u015bcie (0.29 ct)","og_description":"Nowoczesny pier\u015bcionek z szafirem o masie 0,20 karata, kt\u00f3ry subtelnie podkre\u015bla elegancj\u0119 pier\u015bcionka, oraz drobnymi diamentami. Idealnie nadaje si\u0119 na specjalne okazje i na co dzie\u0144.","og_url":"https:\/\/fashiongold.lt\/pl\/papuosalas\/nowoczesny-pierscionek-zareczynowy-z-szafirem-i-diamentami-moje-szczescie-0-29-ct\/","og_site_name":"FashionGold.lt","og_image":[{"width":1000,"height":1000,"url":"https:\/\/fashiongold.lt\/wp-content\/uploads\/2025\/10\/23515-441-Balto-aukso-ziedas-su-safyru-ir-deimantais-Mano-Laime-0.29-ct.webp","type":"image\/png"}],"twitter_card":"summary_large_image","twitter_misc":{"Szacowany czas czytania":"1 minuta"},"schema":{"@context":"https:\/\/schema.org","@graph":[{"@type":"WebPage","@id":"https:\/\/fashiongold.lt\/pl\/papuosalas\/nowoczesny-pierscionek-zareczynowy-z-szafirem-i-diamentami-moje-szczescie-0-29-ct\/","url":"https:\/\/fashiongold.lt\/pl\/papuosalas\/nowoczesny-pierscionek-zareczynowy-z-szafirem-i-diamentami-moje-szczescie-0-29-ct\/","name":"Nowoczesny pier\u015bcionek z szafirem i diamentami - Moje Szcz\u0119\u015bcie (0.29 ct)","isPartOf":{"@id":"https:\/\/fashiongold.lt\/pl\/#website"},"primaryImageOfPage":{"@id":"https:\/\/fashiongold.lt\/pl\/papuosalas\/nowoczesny-pierscionek-zareczynowy-z-szafirem-i-diamentami-moje-szczescie-0-29-ct\/#primaryimage"},"image":{"@id":"https:\/\/fashiongold.lt\/pl\/papuosalas\/nowoczesny-pierscionek-zareczynowy-z-szafirem-i-diamentami-moje-szczescie-0-29-ct\/#primaryimage"},"thumbnailUrl":"https:\/\/fashiongold.lt\/wp-content\/uploads\/2025\/10\/23515-441-Balto-aukso-ziedas-su-safyru-ir-deimantais-Mano-Laime-0.29-ct.png","datePublished":"2025-10-20T12:00:00+00:00","description":"Nowoczesny pier\u015bcionek z szafirem o masie 0,20 karata, kt\u00f3ry subtelnie podkre\u015bla elegancj\u0119 pier\u015bcionka, oraz drobnymi diamentami. Idealnie nadaje si\u0119 na specjalne okazje i na co dzie\u0144.","breadcrumb":{"@id":"https:\/\/fashiongold.lt\/pl\/papuosalas\/nowoczesny-pierscionek-zareczynowy-z-szafirem-i-diamentami-moje-szczescie-0-29-ct\/#breadcrumb"},"inLanguage":"pl-PL","potentialAction":[{"@type":"ReadAction","target":["https:\/\/fashiongold.lt\/pl\/papuosalas\/nowoczesny-pierscionek-zareczynowy-z-szafirem-i-diamentami-moje-szczescie-0-29-ct\/"]}]},{"@type":"ImageObject","inLanguage":"pl-PL","@id":"https:\/\/fashiongold.lt\/pl\/papuosalas\/nowoczesny-pierscionek-zareczynowy-z-szafirem-i-diamentami-moje-szczescie-0-29-ct\/#primaryimage","url":"https:\/\/fashiongold.lt\/wp-content\/uploads\/2025\/10\/23515-441-Balto-aukso-ziedas-su-safyru-ir-deimantais-Mano-Laime-0.29-ct.png","contentUrl":"https:\/\/fashiongold.lt\/wp-content\/uploads\/2025\/10\/23515-441-Balto-aukso-ziedas-su-safyru-ir-deimantais-Mano-Laime-0.29-ct.png","width":1000,"height":1000},{"@type":"BreadcrumbList","@id":"https:\/\/fashiongold.lt\/pl\/papuosalas\/nowoczesny-pierscionek-zareczynowy-z-szafirem-i-diamentami-moje-szczescie-0-29-ct\/#breadcrumb","itemListElement":[{"@type":"ListItem","position":1,"name":"Home","item":"https:\/\/fashiongold.lt\/pl\/"},{"@type":"ListItem","position":2,"name":"Sklep z diamentami Fashiongold.lt","item":"https:\/\/fashiongold.lt\/shop-2\/"},{"@type":"ListItem","position":3,"name":"Nowoczesny pier\u015bcionek zar\u0119czynowy z szafirem i diamentami \u2013 Moje Szcz\u0119\u015bcie (0.29 ct)"}]},{"@type":"WebSite","@id":"https:\/\/fashiongold.lt\/pl\/#website","url":"https:\/\/fashiongold.lt\/pl\/","name":"Fashion Gold","description":"Juvelyrikos namai","publisher":{"@id":"https:\/\/fashiongold.lt\/pl\/#organization"},"potentialAction":[{"@type":"SearchAction","target":{"@type":"EntryPoint","urlTemplate":"https:\/\/fashiongold.lt\/pl\/?s={search_term_string}"},"query-input":{"@type":"PropertyValueSpecification","valueRequired":true,"valueName":"search_term_string"}}],"inLanguage":"pl-PL"},{"@type":"Organization","@id":"https:\/\/fashiongold.lt\/pl\/#organization","name":"Topdiamonds Online","url":"https:\/\/fashiongold.lt\/pl\/","logo":{"@type":"ImageObject","inLanguage":"pl-PL","@id":"https:\/\/fashiongold.lt\/pl\/#\/schema\/logo\/image\/","url":"https:\/\/fashiongold.lt\/wp-content\/uploads\/2025\/04\/cropped-fashion_gold_logotipas2-scaled-1.png","contentUrl":"https:\/\/fashiongold.lt\/wp-content\/uploads\/2025\/04\/cropped-fashion_gold_logotipas2-scaled-1.png","width":2559,"height":421,"caption":"Topdiamonds Online"},"image":{"@id":"https:\/\/fashiongold.lt\/pl\/#\/schema\/logo\/image\/"}}]}},"_links":{"self":[{"href":"https:\/\/fashiongold.lt\/pl\/wp-json\/wp\/v2\/product\/293402","targetHints":{"allow":["GET"]}}],"collection":[{"href":"https:\/\/fashiongold.lt\/pl\/wp-json\/wp\/v2\/product"}],"about":[{"href":"https:\/\/fashiongold.lt\/pl\/wp-json\/wp\/v2\/types\/product"}],"version-history":[{"count":0,"href":"https:\/\/fashiongold.lt\/pl\/wp-json\/wp\/v2\/product\/293402\/revisions"}],"wp:featuredmedia":[{"embeddable":true,"href":"https:\/\/fashiongold.lt\/pl\/wp-json\/wp\/v2\/media\/236388"}],"wp:attachment":[{"href":"https:\/\/fashiongold.lt\/pl\/wp-json\/wp\/v2\/media?parent=293402"}],"wp:term":[{"taxonomy":"product_brand","embeddable":true,"href":"https:\/\/fashiongold.lt\/pl\/wp-json\/wp\/v2\/product_brand?post=293402"},{"taxonomy":"product_cat","embeddable":true,"href":"https:\/\/fashiongold.lt\/pl\/wp-json\/wp\/v2\/product_cat?post=293402"},{"taxonomy":"product_tag","embeddable":true,"href":"https:\/\/fashiongold.lt\/pl\/wp-json\/wp\/v2\/product_tag?post=293402"}],"curies":[{"name":"wp","href":"https:\/\/api.w.org\/{rel}","templated":true}]}}