{"id":293592,"date":"2025-10-13T17:16:02","date_gmt":"2025-10-13T17:16:02","guid":{"rendered":"https:\/\/fashiongold.lt\/papuosalas\/obraczki-slubne-matowa-faktura-004-ct-6-mm-para\/"},"modified":"2025-10-13T17:16:02","modified_gmt":"2025-10-13T17:16:02","slug":"obraczki-slubne-matowa-faktura-004-ct-6-mm-para","status":"publish","type":"product","link":"https:\/\/fashiongold.lt\/pl\/papuosalas\/obraczki-slubne-matowa-faktura-004-ct-6-mm-para\/","title":{"rendered":"Obr\u0105czki \u015blubne \u2013 Matowa faktura (0,04 ct) (6 mm) (para)"},"content":{"rendered":"<p>Obr\u0105czki \u015blubne o niepowtarzalnym pi\u0119knie, wyj\u0105tkowym stylu, wysokiej jako\u015bci, ze stref\u0105 komfortu. Doskona\u0142y wyb\u00f3r odzwierciedlaj\u0105cy Wasz\u0105 histori\u0119 mi\u0142o\u015bci. Ich technologia jest wyj\u0105tkowa \u2013 obr\u0105czki wykonane s\u0105 z utwardzanego z\u0142ota, kt\u00f3re jest odporne na mikrop\u0119kni\u0119cia, nie zawiera niklu i mniej si\u0119 rysuje. Obr\u0105czki mog\u0105 by\u0107 wykonane na zam\u00f3wienie: z czerwonego, \u017c\u00f3\u0142tego oraz bia\u0142ego z\u0142ota, za dodatkow\u0105 op\u0142at\u0105 z kraw\u0119dziami w innym kolorze z\u0142ota, o r\u00f3\u017cnych szeroko\u015bciach lub z diamentami.<\/p>\n<p>\u2022 Z\u0142oto obr\u0105czki: 14 K (pr\u00f3ba 585), mo\u017cemy wykona\u0107 z 10K (pr\u00f3ba 375), 18K (pr\u00f3ba 750)\u00a0 \u00a0 \u00a0<\/p>\n<p>\u2022 Kolor obr\u0105czki: do wyboru bia\u0142e, \u017c\u00f3\u0142te, czerwone z\u0142oto lub z kraw\u0119dziami w innym kolorze\u00a0 \u00a0 \u00a0\u00a0\u00a0\u00a0<\/p>\n<p>\u2022 Waga pary obr\u0105czek (zale\u017cna od rozmiaru i pr\u00f3by): oko\u0142o 10,00 &#8211; 12,00 g\u00a0 \u00a0 \u00a0 \u00a0<\/p>\n<p>\u2022 Wymiary obr\u0105czki: szeroko\u015b\u0107 6 mm (mo\u017cliwo\u015b\u0107 zmiany)\u00a0 \u00a0<\/p>\n<p>\u2022 Strefa komfortu: tak\u00a0<\/p>\n<p>\u2022 Rodzaj diamentu: Naturalny diament\u00a0 \u00a0 \u00a0 \u00a0<\/p>\n<p>\u2022 Kszta\u0142t diamentu: Okr\u0105g\u0142y (Round cut)\u00a0 \u00a0 \u00a0 \u00a0<\/p>\n<p>\u2022 Charakterystyka diamentu: 0,04 ct (kolor W, czysto\u015b\u0107 Vs-SI) (mo\u017cliwo\u015b\u0107 zmiany)\u00a0 \u00a0 \u00a0 \u00a0<\/p>\n<p>\u2022 Certyfikat: Litewski Urz\u0105d Probierczy (LPR)<\/p>\n<p>\u2022 Grawerowanie gratis<\/p>\n<p>\u2022 Jednorazowa bezp\u0142atna gwarancja zmiany rozmiaru obr\u0105czki<\/p>\n<p>\u2022 Czas produkcji i dostawy od 14 dni roboczych, w trybie pilnym w ci\u0105gu 3 dni roboczych.<\/p>\n<p><strong>Masz w\u0142asne z\u0142oto? Skontaktuj si\u0119 z nami, przeliczymy cen\u0119 \u2013 zap\u0142acisz tylko za wykonanie obr\u0105czek.<\/strong><\/p>\n","protected":false},"excerpt":{"rendered":"<p>Nowoczesne obr\u0105czki \u015blubne o matowej fakturze, nadaj\u0105cej im eleganckiego blasku. Wysokiej jako\u015bci, r\u0119cznie wykonane, wyj\u0105tkowe obr\u0105czki \u015blubne nie tylko odzwierciedl\u0105 Wasz\u0105 wyj\u0105tkowo\u015b\u0107, ale tak\u017ce b\u0119d\u0105 Wam towarzyszy\u0107 przez ca\u0142e \u017cycie, jakby na zawsze kontynuuj\u0105c Wasz\u0105 histori\u0119 mi\u0142o\u015bci.<\/p>\n","protected":false},"featured_media":178534,"template":"","meta":{"site-sidebar-layout":"","site-content-layout":"","ast-site-content-layout":"","site-content-style":"","site-sidebar-style":"","ast-global-header-display":"","ast-banner-title-visibility":"","ast-main-header-display":"","ast-hfb-above-header-display":"","ast-hfb-below-header-display":"","ast-hfb-mobile-header-display":"","site-post-title":"","ast-breadcrumbs-content":"","ast-featured-img":"","footer-sml-layout":"","ast-disable-related-posts":"","theme-transparent-header-meta":"","adv-header-id-meta":"","stick-header-meta":"","header-above-stick-meta":"","header-main-stick-meta":"","header-below-stick-meta":"","astra-migrate-meta-layouts":"default","ast-page-background-enabled":"default","ast-page-background-meta":{"desktop":{"background-color":"var(--ast-global-color-4)","background-image":"","background-repeat":"repeat","background-position":"center center","background-size":"auto","background-attachment":"scroll","background-type":"","background-media":"","overlay-type":"","overlay-color":"","overlay-opacity":"","overlay-gradient":""},"tablet":{"background-color":"","background-image":"","background-repeat":"repeat","background-position":"center center","background-size":"auto","background-attachment":"scroll","background-type":"","background-media":"","overlay-type":"","overlay-color":"","overlay-opacity":"","overlay-gradient":""},"mobile":{"background-color":"","background-image":"","background-repeat":"repeat","background-position":"center center","background-size":"auto","background-attachment":"scroll","background-type":"","background-media":"","overlay-type":"","overlay-color":"","overlay-opacity":"","overlay-gradient":""}},"ast-content-background-meta":{"desktop":{"background-color":"var(--ast-global-color-5)","background-image":"","background-repeat":"repeat","background-position":"center center","background-size":"auto","background-attachment":"scroll","background-type":"","background-media":"","overlay-type":"","overlay-color":"","overlay-opacity":"","overlay-gradient":""},"tablet":{"background-color":"var(--ast-global-color-5)","background-image":"","background-repeat":"repeat","background-position":"center center","background-size":"auto","background-attachment":"scroll","background-type":"","background-media":"","overlay-type":"","overlay-color":"","overlay-opacity":"","overlay-gradient":""},"mobile":{"background-color":"var(--ast-global-color-5)","background-image":"","background-repeat":"repeat","background-position":"center center","background-size":"auto","background-attachment":"scroll","background-type":"","background-media":"","overlay-type":"","overlay-color":"","overlay-opacity":"","overlay-gradient":""}}},"product_brand":[],"product_cat":[3302,3303,3304,3840],"product_tag":[],"class_list":{"0":"post-293592","1":"product","2":"type-product","3":"status-publish","4":"has-post-thumbnail","6":"product_cat-klasyczne-obraczki-slubne","7":"product_cat-obraczki-slubne","8":"product_cat-obraczki-slubne-dla-par","9":"product_cat-obraczki-slubne-z-zoltego-zlota","10":"desktop-align-center","11":"tablet-align-left","12":"mobile-align-left","13":"ast-product-gallery-layout-horizontal-slider","14":"ast-product-gallery-with-no-image","15":"ast-product-single-variable","16":"ast-product-tabs-layout-accordion","17":"ast-qv-on-image","19":"first","20":"instock","21":"taxable","22":"shipping-taxable","23":"purchasable","24":"product-type-variable"},"yoast_head":"<!-- This site is optimized with the Yoast SEO plugin v26.6 - https:\/\/yoast.com\/wordpress\/plugins\/seo\/ -->\n<title>Obr\u0105czki \u015blubne - Matowa faktura I Fashion Gold<\/title>\n<meta name=\"description\" content=\"Nowoczesne obr\u0105czki \u015blubne z matow\u0105 faktur\u0105, kt\u00f3ra nadaje obr\u0105czkom elegancki blask. Wysokiej jako\u015bci, r\u0119cznie robione z profilem komfortowym \u2013 wyj\u0105tkowe obr\u0105czki.\" \/>\n<meta name=\"robots\" content=\"index, follow, max-snippet:-1, max-image-preview:large, max-video-preview:-1\" \/>\n<link rel=\"canonical\" href=\"https:\/\/fashiongold.lt\/pl\/papuosalas\/obraczki-slubne-matowa-faktura-004-ct-6-mm-para\/\" \/>\n<meta property=\"og:locale\" content=\"pl_PL\" \/>\n<meta property=\"og:type\" content=\"article\" \/>\n<meta property=\"og:title\" content=\"Obr\u0105czki \u015blubne - Matowa faktura I Fashion Gold\" \/>\n<meta property=\"og:description\" content=\"Nowoczesne obr\u0105czki \u015blubne z matow\u0105 faktur\u0105, kt\u00f3ra nadaje obr\u0105czkom elegancki blask. Wysokiej jako\u015bci, r\u0119cznie robione z profilem komfortowym \u2013 wyj\u0105tkowe obr\u0105czki.\" \/>\n<meta property=\"og:url\" content=\"https:\/\/fashiongold.lt\/pl\/papuosalas\/obraczki-slubne-matowa-faktura-004-ct-6-mm-para\/\" \/>\n<meta property=\"og:site_name\" content=\"FashionGold.lt\" \/>\n<meta property=\"og:image\" content=\"https:\/\/fashiongold.lt\/wp-content\/uploads\/2025\/10\/8661-bd4-Vestuviniai-ziedai-Matine-faktura.webp\" \/>\n\t<meta property=\"og:image:width\" content=\"1000\" \/>\n\t<meta property=\"og:image:height\" content=\"1000\" \/>\n\t<meta property=\"og:image:type\" content=\"image\/png\" \/>\n<meta name=\"twitter:card\" content=\"summary_large_image\" \/>\n<meta name=\"twitter:label1\" content=\"Szacowany czas czytania\" \/>\n\t<meta name=\"twitter:data1\" content=\"1 minuta\" \/>\n<script type=\"application\/ld+json\" class=\"yoast-schema-graph\">{\"@context\":\"https:\/\/schema.org\",\"@graph\":[{\"@type\":\"WebPage\",\"@id\":\"https:\/\/fashiongold.lt\/pl\/papuosalas\/obraczki-slubne-matowa-faktura-004-ct-6-mm-para\/\",\"url\":\"https:\/\/fashiongold.lt\/pl\/papuosalas\/obraczki-slubne-matowa-faktura-004-ct-6-mm-para\/\",\"name\":\"Obr\u0105czki \u015blubne - Matowa faktura I Fashion Gold\",\"isPartOf\":{\"@id\":\"https:\/\/fashiongold.lt\/pl\/#website\"},\"primaryImageOfPage\":{\"@id\":\"https:\/\/fashiongold.lt\/pl\/papuosalas\/obraczki-slubne-matowa-faktura-004-ct-6-mm-para\/#primaryimage\"},\"image\":{\"@id\":\"https:\/\/fashiongold.lt\/pl\/papuosalas\/obraczki-slubne-matowa-faktura-004-ct-6-mm-para\/#primaryimage\"},\"thumbnailUrl\":\"https:\/\/fashiongold.lt\/wp-content\/uploads\/2025\/10\/8661-bd4-Vestuviniai-ziedai-Matine-faktura.png\",\"datePublished\":\"2025-10-13T17:16:02+00:00\",\"description\":\"Nowoczesne obr\u0105czki \u015blubne z matow\u0105 faktur\u0105, kt\u00f3ra nadaje obr\u0105czkom elegancki blask. Wysokiej jako\u015bci, r\u0119cznie robione z profilem komfortowym \u2013 wyj\u0105tkowe obr\u0105czki.\",\"breadcrumb\":{\"@id\":\"https:\/\/fashiongold.lt\/pl\/papuosalas\/obraczki-slubne-matowa-faktura-004-ct-6-mm-para\/#breadcrumb\"},\"inLanguage\":\"pl-PL\",\"potentialAction\":[{\"@type\":\"ReadAction\",\"target\":[\"https:\/\/fashiongold.lt\/pl\/papuosalas\/obraczki-slubne-matowa-faktura-004-ct-6-mm-para\/\"]}]},{\"@type\":\"ImageObject\",\"inLanguage\":\"pl-PL\",\"@id\":\"https:\/\/fashiongold.lt\/pl\/papuosalas\/obraczki-slubne-matowa-faktura-004-ct-6-mm-para\/#primaryimage\",\"url\":\"https:\/\/fashiongold.lt\/wp-content\/uploads\/2025\/10\/8661-bd4-Vestuviniai-ziedai-Matine-faktura.png\",\"contentUrl\":\"https:\/\/fashiongold.lt\/wp-content\/uploads\/2025\/10\/8661-bd4-Vestuviniai-ziedai-Matine-faktura.png\",\"width\":1000,\"height\":1000},{\"@type\":\"BreadcrumbList\",\"@id\":\"https:\/\/fashiongold.lt\/pl\/papuosalas\/obraczki-slubne-matowa-faktura-004-ct-6-mm-para\/#breadcrumb\",\"itemListElement\":[{\"@type\":\"ListItem\",\"position\":1,\"name\":\"Home\",\"item\":\"https:\/\/fashiongold.lt\/pl\/\"},{\"@type\":\"ListItem\",\"position\":2,\"name\":\"Sklep z diamentami Fashiongold.lt\",\"item\":\"https:\/\/fashiongold.lt\/shop-2\/\"},{\"@type\":\"ListItem\",\"position\":3,\"name\":\"Obr\u0105czki \u015blubne \u2013 Matowa faktura (0,04 ct) (6 mm) (para)\"}]},{\"@type\":\"WebSite\",\"@id\":\"https:\/\/fashiongold.lt\/pl\/#website\",\"url\":\"https:\/\/fashiongold.lt\/pl\/\",\"name\":\"Fashion Gold\",\"description\":\"Juvelyrikos namai\",\"publisher\":{\"@id\":\"https:\/\/fashiongold.lt\/pl\/#organization\"},\"potentialAction\":[{\"@type\":\"SearchAction\",\"target\":{\"@type\":\"EntryPoint\",\"urlTemplate\":\"https:\/\/fashiongold.lt\/pl\/?s={search_term_string}\"},\"query-input\":{\"@type\":\"PropertyValueSpecification\",\"valueRequired\":true,\"valueName\":\"search_term_string\"}}],\"inLanguage\":\"pl-PL\"},{\"@type\":\"Organization\",\"@id\":\"https:\/\/fashiongold.lt\/pl\/#organization\",\"name\":\"Topdiamonds Online\",\"url\":\"https:\/\/fashiongold.lt\/pl\/\",\"logo\":{\"@type\":\"ImageObject\",\"inLanguage\":\"pl-PL\",\"@id\":\"https:\/\/fashiongold.lt\/pl\/#\/schema\/logo\/image\/\",\"url\":\"https:\/\/fashiongold.lt\/wp-content\/uploads\/2025\/04\/cropped-fashion_gold_logotipas2-scaled-1.png\",\"contentUrl\":\"https:\/\/fashiongold.lt\/wp-content\/uploads\/2025\/04\/cropped-fashion_gold_logotipas2-scaled-1.png\",\"width\":2559,\"height\":421,\"caption\":\"Topdiamonds Online\"},\"image\":{\"@id\":\"https:\/\/fashiongold.lt\/pl\/#\/schema\/logo\/image\/\"}}]}<\/script>\n<!-- \/ Yoast SEO plugin. -->","yoast_head_json":{"title":"Obr\u0105czki \u015blubne - Matowa faktura I Fashion Gold","description":"Nowoczesne obr\u0105czki \u015blubne z matow\u0105 faktur\u0105, kt\u00f3ra nadaje obr\u0105czkom elegancki blask. Wysokiej jako\u015bci, r\u0119cznie robione z profilem komfortowym \u2013 wyj\u0105tkowe obr\u0105czki.","robots":{"index":"index","follow":"follow","max-snippet":"max-snippet:-1","max-image-preview":"max-image-preview:large","max-video-preview":"max-video-preview:-1"},"canonical":"https:\/\/fashiongold.lt\/pl\/papuosalas\/obraczki-slubne-matowa-faktura-004-ct-6-mm-para\/","og_locale":"pl_PL","og_type":"article","og_title":"Obr\u0105czki \u015blubne - Matowa faktura I Fashion Gold","og_description":"Nowoczesne obr\u0105czki \u015blubne z matow\u0105 faktur\u0105, kt\u00f3ra nadaje obr\u0105czkom elegancki blask. Wysokiej jako\u015bci, r\u0119cznie robione z profilem komfortowym \u2013 wyj\u0105tkowe obr\u0105czki.","og_url":"https:\/\/fashiongold.lt\/pl\/papuosalas\/obraczki-slubne-matowa-faktura-004-ct-6-mm-para\/","og_site_name":"FashionGold.lt","og_image":[{"width":1000,"height":1000,"url":"https:\/\/fashiongold.lt\/wp-content\/uploads\/2025\/10\/8661-bd4-Vestuviniai-ziedai-Matine-faktura.webp","type":"image\/png"}],"twitter_card":"summary_large_image","twitter_misc":{"Szacowany czas czytania":"1 minuta"},"schema":{"@context":"https:\/\/schema.org","@graph":[{"@type":"WebPage","@id":"https:\/\/fashiongold.lt\/pl\/papuosalas\/obraczki-slubne-matowa-faktura-004-ct-6-mm-para\/","url":"https:\/\/fashiongold.lt\/pl\/papuosalas\/obraczki-slubne-matowa-faktura-004-ct-6-mm-para\/","name":"Obr\u0105czki \u015blubne - Matowa faktura I Fashion Gold","isPartOf":{"@id":"https:\/\/fashiongold.lt\/pl\/#website"},"primaryImageOfPage":{"@id":"https:\/\/fashiongold.lt\/pl\/papuosalas\/obraczki-slubne-matowa-faktura-004-ct-6-mm-para\/#primaryimage"},"image":{"@id":"https:\/\/fashiongold.lt\/pl\/papuosalas\/obraczki-slubne-matowa-faktura-004-ct-6-mm-para\/#primaryimage"},"thumbnailUrl":"https:\/\/fashiongold.lt\/wp-content\/uploads\/2025\/10\/8661-bd4-Vestuviniai-ziedai-Matine-faktura.png","datePublished":"2025-10-13T17:16:02+00:00","description":"Nowoczesne obr\u0105czki \u015blubne z matow\u0105 faktur\u0105, kt\u00f3ra nadaje obr\u0105czkom elegancki blask. Wysokiej jako\u015bci, r\u0119cznie robione z profilem komfortowym \u2013 wyj\u0105tkowe obr\u0105czki.","breadcrumb":{"@id":"https:\/\/fashiongold.lt\/pl\/papuosalas\/obraczki-slubne-matowa-faktura-004-ct-6-mm-para\/#breadcrumb"},"inLanguage":"pl-PL","potentialAction":[{"@type":"ReadAction","target":["https:\/\/fashiongold.lt\/pl\/papuosalas\/obraczki-slubne-matowa-faktura-004-ct-6-mm-para\/"]}]},{"@type":"ImageObject","inLanguage":"pl-PL","@id":"https:\/\/fashiongold.lt\/pl\/papuosalas\/obraczki-slubne-matowa-faktura-004-ct-6-mm-para\/#primaryimage","url":"https:\/\/fashiongold.lt\/wp-content\/uploads\/2025\/10\/8661-bd4-Vestuviniai-ziedai-Matine-faktura.png","contentUrl":"https:\/\/fashiongold.lt\/wp-content\/uploads\/2025\/10\/8661-bd4-Vestuviniai-ziedai-Matine-faktura.png","width":1000,"height":1000},{"@type":"BreadcrumbList","@id":"https:\/\/fashiongold.lt\/pl\/papuosalas\/obraczki-slubne-matowa-faktura-004-ct-6-mm-para\/#breadcrumb","itemListElement":[{"@type":"ListItem","position":1,"name":"Home","item":"https:\/\/fashiongold.lt\/pl\/"},{"@type":"ListItem","position":2,"name":"Sklep z diamentami Fashiongold.lt","item":"https:\/\/fashiongold.lt\/shop-2\/"},{"@type":"ListItem","position":3,"name":"Obr\u0105czki \u015blubne \u2013 Matowa faktura (0,04 ct) (6 mm) (para)"}]},{"@type":"WebSite","@id":"https:\/\/fashiongold.lt\/pl\/#website","url":"https:\/\/fashiongold.lt\/pl\/","name":"Fashion Gold","description":"Juvelyrikos namai","publisher":{"@id":"https:\/\/fashiongold.lt\/pl\/#organization"},"potentialAction":[{"@type":"SearchAction","target":{"@type":"EntryPoint","urlTemplate":"https:\/\/fashiongold.lt\/pl\/?s={search_term_string}"},"query-input":{"@type":"PropertyValueSpecification","valueRequired":true,"valueName":"search_term_string"}}],"inLanguage":"pl-PL"},{"@type":"Organization","@id":"https:\/\/fashiongold.lt\/pl\/#organization","name":"Topdiamonds Online","url":"https:\/\/fashiongold.lt\/pl\/","logo":{"@type":"ImageObject","inLanguage":"pl-PL","@id":"https:\/\/fashiongold.lt\/pl\/#\/schema\/logo\/image\/","url":"https:\/\/fashiongold.lt\/wp-content\/uploads\/2025\/04\/cropped-fashion_gold_logotipas2-scaled-1.png","contentUrl":"https:\/\/fashiongold.lt\/wp-content\/uploads\/2025\/04\/cropped-fashion_gold_logotipas2-scaled-1.png","width":2559,"height":421,"caption":"Topdiamonds Online"},"image":{"@id":"https:\/\/fashiongold.lt\/pl\/#\/schema\/logo\/image\/"}}]}},"_links":{"self":[{"href":"https:\/\/fashiongold.lt\/pl\/wp-json\/wp\/v2\/product\/293592","targetHints":{"allow":["GET"]}}],"collection":[{"href":"https:\/\/fashiongold.lt\/pl\/wp-json\/wp\/v2\/product"}],"about":[{"href":"https:\/\/fashiongold.lt\/pl\/wp-json\/wp\/v2\/types\/product"}],"version-history":[{"count":0,"href":"https:\/\/fashiongold.lt\/pl\/wp-json\/wp\/v2\/product\/293592\/revisions"}],"wp:featuredmedia":[{"embeddable":true,"href":"https:\/\/fashiongold.lt\/pl\/wp-json\/wp\/v2\/media\/178534"}],"wp:attachment":[{"href":"https:\/\/fashiongold.lt\/pl\/wp-json\/wp\/v2\/media?parent=293592"}],"wp:term":[{"taxonomy":"product_brand","embeddable":true,"href":"https:\/\/fashiongold.lt\/pl\/wp-json\/wp\/v2\/product_brand?post=293592"},{"taxonomy":"product_cat","embeddable":true,"href":"https:\/\/fashiongold.lt\/pl\/wp-json\/wp\/v2\/product_cat?post=293592"},{"taxonomy":"product_tag","embeddable":true,"href":"https:\/\/fashiongold.lt\/pl\/wp-json\/wp\/v2\/product_tag?post=293592"}],"curies":[{"name":"wp","href":"https:\/\/api.w.org\/{rel}","templated":true}]}}