{"id":294203,"date":"2025-08-12T13:58:46","date_gmt":"2025-08-12T13:58:46","guid":{"rendered":"https:\/\/fashiongold.lt\/papuosalas\/pierscionek-zareczynowy-z-diamentami-pear\/"},"modified":"2025-08-12T13:58:46","modified_gmt":"2025-08-12T13:58:46","slug":"pierscionek-zareczynowy-z-diamentami-pear","status":"publish","type":"product","link":"https:\/\/fashiongold.lt\/pl\/papuosalas\/pierscionek-zareczynowy-z-diamentami-pear\/","title":{"rendered":"Pier\u015bcionek zar\u0119czynowy z diamentami &#8211; Pear"},"content":{"rendered":"<h2>Pier\u015bcionek zar\u0119czynowy z diamentem \u2013 urok kropli \u015bwiat\u0142a i nieskazitelna harmonia<\/h2>\n<p>Stw\u00f3rz pier\u015bcionek zar\u0119czynowy z diamentem tak, aby ka\u017cda jego linia opowiada\u0142a histori\u0119 o czystym \u015bwietle. Diament w kszta\u0142cie kropli to synteza ruchu i spokoju, zbieraj\u0105ca \u015bwiat\u0142o i kieruj\u0105ca je w jeden punkt blasku. Taki kamie\u0144 wydaje si\u0119 \u017cywy: pod ka\u017cdym k\u0105tem zmienia refleksy, w ka\u017cdym spojrzeniu \u2013 nowa historia. Pier\u015bcionek jest po mistrzowsku wywa\u017cony: jego szyna jest cienka, lecz wytrzyma\u0142a, a proporcje pozwalaj\u0105 kamieniowi l\u015bni\u0107 tak, jakby unosi\u0142 si\u0119 w powietrzu. To bi\u017cuteria, kt\u00f3ra wygl\u0105da lekko, ale w swoim sercu zachowuje ca\u0142\u0105 precyzj\u0119 jubilersk\u0105.<br \/>\nWykonany zgodnie z najwy\u017cszymi standardami produkcji jubilerskiej. Pier\u015bcionek mo\u017ce zosta\u0107 wykonany na zam\u00f3wienie: za dop\u0142at\u0105 z diamentami wy\u017cszej jako\u015bci.<\/p>\n<p>\u2022 <strong><a href=\"https:\/\/fashiongold.lt\/pl\/patarimai-pl\/jaka-proba-zlota-jest-najlepsza-jak-wybrac-najbardziej-odpowiedni-pierscionek-zareczynowy-lub-obraczke-slubna\/\" target=\"_blank\" rel=\"noopener\">Metale szlachetne<\/a><\/strong>: 14K (pr\u00f3ba 585), 18K (pr\u00f3ba 750), platyna 900<br \/>\n\u2022 <strong><a href=\"https:\/\/fashiongold.lt\/pl\/patarimai-pl\/kolor-zlota-pierscionkow-zareczynowych-i-obraczek-slubnych-biale-rozowe-czy-zolte-zloto\/\" target=\"_blank\" rel=\"noopener\">Dost\u0119pne kolory z\u0142ota<\/a><\/strong>: \u017c\u00f3\u0142ty, bia\u0142y, czerwony<br \/>\n\u2022 <strong><a href=\"https:\/\/fashiongold.lt\/pl\/patarimai-pl\/pierscionki-z-diamentami-waga-zlota-w-pierscionku-i-waga-diamentow-w-karatach-jak-wybrac-odpowiedni-rekomendacje-jak-rozumiec-i-oceniac\/\" target=\"_blank\" rel=\"noopener\">Przybli\u017cona waga pier\u015bcionka<\/a><\/strong> (zale\u017cy od rozmiaru): <span data-sheets-root=\"1\">2.00 &#8211; 3.50 g<\/span><br \/>\n\u2022 <strong><a href=\"https:\/\/fashiongold.lt\/pl\/patarimai-pl\/pierscionki-zareczynowe-tajemnica-idealnych-proporcji-dlaczego-niektore-pierscionki-z-diamentami-wygladaja-bardziej-luksusowo\/\" target=\"_blank\" rel=\"noopener\">Przybli\u017cona szeroko\u015b\u0107 korony<\/a><\/strong> (zale\u017cy od karat\u00f3w): <span data-sheets-root=\"1\">8.5 x 5.5 mm<\/span><br \/>\n\u2022 <strong><a href=\"https:\/\/fashiongold.lt\/pl\/patarimai-pl\/strefa-komfortu-pierscionka-lub-wygoda-pierscionka\/\" target=\"_blank\" rel=\"noopener\">Profil komfortowy pier\u015bcionka<\/a><\/strong>: jest<br \/>\n\u2022 <strong><a href=\"https:\/\/fashiongold.lt\/pl\/category\/dowiedz-sie-wiecej-o-ksztalcie-diamentu\/\" target=\"_blank\" rel=\"noopener\">Kszta\u0142t i szlif diamentu<\/a><\/strong>: <span data-sheets-root=\"1\">W kszta\u0142cie kropli (<em>Pear cut<\/em>)<\/span><br \/>\n\u2022 <strong><a href=\"https:\/\/fashiongold.lt\/pl\/patarimai-pl\/diament-naturalny-laboratoryjny-czy-sztuczny-jak-wybrac-wlasciwie\/\" target=\"_blank\" rel=\"noopener\">Pochodzenie diamentu<\/a><\/strong> (opcjonalnie): Diamenty hodowane w laboratorium lub diamenty naturalne<br \/>\n\u2022 <strong><a href=\"https:\/\/fashiongold.lt\/pl\/patarimai-pl\/diament-jak-oceniany-jest-luksus-najcenniejszego-kamienia-szlachetnego\/\" target=\"_blank\" rel=\"noopener\">Masa i charakterystyka diamentu<\/a><\/strong> (mo\u017cliwo\u015b\u0107 zmiany):<br \/>\nDiament hodowany w laboratorium: (kolor D-E, czysto\u015b\u0107 VVS), certyfikat IGI<br \/>\nNaturalny diament: (kolor G-I, czysto\u015b\u0107 SI), certyfikat GIA<br \/>\n\u2022 <strong><a href=\"https:\/\/fashiongold.lt\/pl\/patarimai-pl\/pierscionki-zareczynowe-czy-mozna-wygrawerowac-pierscionek-detale-ktore-nadaja-twojemu-pierscionkowi-zareczynowemu-indywidualnego-charakteru\/\" target=\"_blank\" rel=\"noopener\">Bezp\u0142atna us\u0142uga grawerowania<\/a><\/strong><br \/>\n\u2022 <strong><a href=\"https:\/\/fashiongold.lt\/pl\/patarimai-pl\/pierscionki-zareczynowe-darmowa-korekta-rozmiaru-aby-pierscionek-pasowal-idealnie\/\" target=\"_blank\" rel=\"noopener\">Gwarancja zmiany rozmiaru pier\u015bcionka<\/a><\/strong>: jednorazowa bezp\u0142atna korekta<br \/>\n\u2022 <strong><a href=\"https:\/\/fashiongold.lt\/pl\/dostawa-i-zwroty\/\" target=\"_blank\" rel=\"noopener\">Produkcja i dostawa<\/a><\/strong>: 14-21 dni roboczych, w trybie pilnym w ci\u0105gu 7 dni roboczych.<\/p>\n<p>Masz stare z\u0142oto lub kamie\u0144 szlachetny, kt\u00f3ry chcia\u0142by\u015b wykorzysta\u0107? Dostosujemy cen\u0119 i zap\u0142acisz tylko za wykonanie. Chcesz zmieni\u0107 parametry diamentu lub doda\u0107 unikalne detale? <strong><a href=\"https:\/\/fashiongold.lt\/pl\/kontakt\/\" target=\"_blank\" rel=\"noopener\">Skontaktuj si\u0119 z nami<\/a><\/strong>, a wsp\u00f3lnie stworzymy idealn\u0105 wersj\u0119.<br \/>\n<em>Fashion Gold<\/em> \u2013 miejsce, gdzie osobiste pomys\u0142y staj\u0105 si\u0119 wyj\u0105tkowymi dzie\u0142ami.<\/p>\n","protected":false},"excerpt":{"rendered":"<p>Pier\u015bcionek zar\u0119czynowy z diamentem \u2013 urok kropli \u015bwiat\u0142a i nieskazitelna harmonia Stw\u00f3rz pier\u015bcionek zar\u0119czynowy z diamentem tak, aby ka\u017cda jego [&hellip;]<\/p>\n","protected":false},"featured_media":17568,"template":"","meta":{"site-sidebar-layout":"default","site-content-layout":"","ast-site-content-layout":"default","site-content-style":"default","site-sidebar-style":"default","ast-global-header-display":"","ast-banner-title-visibility":"","ast-main-header-display":"","ast-hfb-above-header-display":"","ast-hfb-below-header-display":"","ast-hfb-mobile-header-display":"","site-post-title":"","ast-breadcrumbs-content":"","ast-featured-img":"","footer-sml-layout":"","ast-disable-related-posts":"","theme-transparent-header-meta":"default","adv-header-id-meta":"","stick-header-meta":"","header-above-stick-meta":"","header-main-stick-meta":"","header-below-stick-meta":"","astra-migrate-meta-layouts":"default","ast-page-background-enabled":"default","ast-page-background-meta":{"desktop":{"background-color":"var(--ast-global-color-4)","background-image":"","background-repeat":"repeat","background-position":"center center","background-size":"auto","background-attachment":"scroll","background-type":"","background-media":"","overlay-type":"","overlay-color":"","overlay-opacity":"","overlay-gradient":""},"tablet":{"background-color":"","background-image":"","background-repeat":"repeat","background-position":"center center","background-size":"auto","background-attachment":"scroll","background-type":"","background-media":"","overlay-type":"","overlay-color":"","overlay-opacity":"","overlay-gradient":""},"mobile":{"background-color":"","background-image":"","background-repeat":"repeat","background-position":"center center","background-size":"auto","background-attachment":"scroll","background-type":"","background-media":"","overlay-type":"","overlay-color":"","overlay-opacity":"","overlay-gradient":""}},"ast-content-background-meta":{"desktop":{"background-color":"var(--ast-global-color-5)","background-image":"","background-repeat":"repeat","background-position":"center center","background-size":"auto","background-attachment":"scroll","background-type":"","background-media":"","overlay-type":"","overlay-color":"","overlay-opacity":"","overlay-gradient":""},"tablet":{"background-color":"var(--ast-global-color-5)","background-image":"","background-repeat":"repeat","background-position":"center center","background-size":"auto","background-attachment":"scroll","background-type":"","background-media":"","overlay-type":"","overlay-color":"","overlay-opacity":"","overlay-gradient":""},"mobile":{"background-color":"var(--ast-global-color-5)","background-image":"","background-repeat":"repeat","background-position":"center center","background-size":"auto","background-attachment":"scroll","background-type":"","background-media":"","overlay-type":"","overlay-color":"","overlay-opacity":"","overlay-gradient":""}}},"product_brand":[],"product_cat":[4116,4117],"product_tag":[],"class_list":{"0":"post-294203","1":"product","2":"type-product","3":"status-publish","4":"has-post-thumbnail","6":"product_cat-stworz-wlasna-bizuterie","7":"product_cat-zacznij-od-projektu-pierscionka","8":"desktop-align-center","9":"tablet-align-left","10":"mobile-align-left","11":"ast-product-gallery-layout-horizontal-slider","12":"ast-product-single-variable","13":"ast-product-tabs-layout-accordion","14":"ast-qv-on-image","16":"first","17":"instock","18":"taxable","19":"shipping-taxable","20":"purchasable","21":"product-type-variable"},"yoast_head":"<!-- This site is optimized with the Yoast SEO plugin v26.6 - https:\/\/yoast.com\/wordpress\/plugins\/seo\/ -->\n<title>Pier\u015bcionek zar\u0119czynowy z diamentami - Pear<\/title>\n<meta name=\"description\" content=\"Pier\u015bcionek zar\u0119czynowy z diamentem \u2013 wybierz kamie\u0144 w kszta\u0142cie \u0142zy w tym projekcie, l\u015bni\u0105cym \u015bcie\u017ck\u0105 \u015bwiat\u0142a. Wyrafinowany, pe\u0142en emocji i stworzony dla wiecznej wi\u0119zi.\" \/>\n<meta name=\"robots\" content=\"index, follow, max-snippet:-1, max-image-preview:large, max-video-preview:-1\" \/>\n<link rel=\"canonical\" href=\"https:\/\/fashiongold.lt\/pl\/papuosalas\/pierscionek-zareczynowy-z-diamentami-pear\/\" \/>\n<meta property=\"og:locale\" content=\"pl_PL\" \/>\n<meta property=\"og:type\" content=\"article\" \/>\n<meta property=\"og:title\" content=\"Pier\u015bcionek zar\u0119czynowy z diamentami - Pear\" \/>\n<meta property=\"og:description\" content=\"Pier\u015bcionek zar\u0119czynowy z diamentem \u2013 wybierz kamie\u0144 w kszta\u0142cie \u0142zy w tym projekcie, l\u015bni\u0105cym \u015bcie\u017ck\u0105 \u015bwiat\u0142a. Wyrafinowany, pe\u0142en emocji i stworzony dla wiecznej wi\u0119zi.\" \/>\n<meta property=\"og:url\" content=\"https:\/\/fashiongold.lt\/pl\/papuosalas\/pierscionek-zareczynowy-z-diamentami-pear\/\" \/>\n<meta property=\"og:site_name\" content=\"FashionGold.lt\" \/>\n<meta property=\"og:image\" content=\"https:\/\/fashiongold.lt\/wp-content\/uploads\/2025\/06\/TDO-1250-modernus-halo-suzadetuviu-ziedas-su-deimantu-pear-cut-3.webp\" \/>\n\t<meta property=\"og:image:width\" content=\"800\" \/>\n\t<meta property=\"og:image:height\" content=\"800\" \/>\n\t<meta property=\"og:image:type\" content=\"image\/jpeg\" \/>\n<meta name=\"twitter:card\" content=\"summary_large_image\" \/>\n<meta name=\"twitter:label1\" content=\"Szacowany czas czytania\" \/>\n\t<meta name=\"twitter:data1\" content=\"2 minuty\" \/>\n<script type=\"application\/ld+json\" class=\"yoast-schema-graph\">{\"@context\":\"https:\/\/schema.org\",\"@graph\":[{\"@type\":\"WebPage\",\"@id\":\"https:\/\/fashiongold.lt\/pl\/papuosalas\/pierscionek-zareczynowy-z-diamentami-pear\/\",\"url\":\"https:\/\/fashiongold.lt\/pl\/papuosalas\/pierscionek-zareczynowy-z-diamentami-pear\/\",\"name\":\"Pier\u015bcionek zar\u0119czynowy z diamentami - Pear\",\"isPartOf\":{\"@id\":\"https:\/\/fashiongold.lt\/pl\/#website\"},\"primaryImageOfPage\":{\"@id\":\"https:\/\/fashiongold.lt\/pl\/papuosalas\/pierscionek-zareczynowy-z-diamentami-pear\/#primaryimage\"},\"image\":{\"@id\":\"https:\/\/fashiongold.lt\/pl\/papuosalas\/pierscionek-zareczynowy-z-diamentami-pear\/#primaryimage\"},\"thumbnailUrl\":\"https:\/\/fashiongold.lt\/wp-content\/uploads\/2025\/06\/TDO-1250-modernus-halo-suzadetuviu-ziedas-su-deimantu-pear-cut-3.jpg\",\"datePublished\":\"2025-08-12T13:58:46+00:00\",\"description\":\"Pier\u015bcionek zar\u0119czynowy z diamentem \u2013 wybierz kamie\u0144 w kszta\u0142cie \u0142zy w tym projekcie, l\u015bni\u0105cym \u015bcie\u017ck\u0105 \u015bwiat\u0142a. Wyrafinowany, pe\u0142en emocji i stworzony dla wiecznej wi\u0119zi.\",\"breadcrumb\":{\"@id\":\"https:\/\/fashiongold.lt\/pl\/papuosalas\/pierscionek-zareczynowy-z-diamentami-pear\/#breadcrumb\"},\"inLanguage\":\"pl-PL\",\"potentialAction\":[{\"@type\":\"ReadAction\",\"target\":[\"https:\/\/fashiongold.lt\/pl\/papuosalas\/pierscionek-zareczynowy-z-diamentami-pear\/\"]}]},{\"@type\":\"ImageObject\",\"inLanguage\":\"pl-PL\",\"@id\":\"https:\/\/fashiongold.lt\/pl\/papuosalas\/pierscionek-zareczynowy-z-diamentami-pear\/#primaryimage\",\"url\":\"https:\/\/fashiongold.lt\/wp-content\/uploads\/2025\/06\/TDO-1250-modernus-halo-suzadetuviu-ziedas-su-deimantu-pear-cut-3.jpg\",\"contentUrl\":\"https:\/\/fashiongold.lt\/wp-content\/uploads\/2025\/06\/TDO-1250-modernus-halo-suzadetuviu-ziedas-su-deimantu-pear-cut-3.jpg\",\"width\":800,\"height\":800,\"caption\":\"Modernus su\u017ead\u0117tuvi\u0173 \u017eiedas su deimantais i\u0161 balto aukso arba platinos - pear cut\"},{\"@type\":\"BreadcrumbList\",\"@id\":\"https:\/\/fashiongold.lt\/pl\/papuosalas\/pierscionek-zareczynowy-z-diamentami-pear\/#breadcrumb\",\"itemListElement\":[{\"@type\":\"ListItem\",\"position\":1,\"name\":\"Home\",\"item\":\"https:\/\/fashiongold.lt\/pl\/\"},{\"@type\":\"ListItem\",\"position\":2,\"name\":\"Sklep z diamentami Fashiongold.lt\",\"item\":\"https:\/\/fashiongold.lt\/shop-2\/\"},{\"@type\":\"ListItem\",\"position\":3,\"name\":\"Pier\u015bcionek zar\u0119czynowy z diamentami &#8211; Pear\"}]},{\"@type\":\"WebSite\",\"@id\":\"https:\/\/fashiongold.lt\/pl\/#website\",\"url\":\"https:\/\/fashiongold.lt\/pl\/\",\"name\":\"Fashion Gold\",\"description\":\"Juvelyrikos namai\",\"publisher\":{\"@id\":\"https:\/\/fashiongold.lt\/pl\/#organization\"},\"potentialAction\":[{\"@type\":\"SearchAction\",\"target\":{\"@type\":\"EntryPoint\",\"urlTemplate\":\"https:\/\/fashiongold.lt\/pl\/?s={search_term_string}\"},\"query-input\":{\"@type\":\"PropertyValueSpecification\",\"valueRequired\":true,\"valueName\":\"search_term_string\"}}],\"inLanguage\":\"pl-PL\"},{\"@type\":\"Organization\",\"@id\":\"https:\/\/fashiongold.lt\/pl\/#organization\",\"name\":\"Topdiamonds Online\",\"url\":\"https:\/\/fashiongold.lt\/pl\/\",\"logo\":{\"@type\":\"ImageObject\",\"inLanguage\":\"pl-PL\",\"@id\":\"https:\/\/fashiongold.lt\/pl\/#\/schema\/logo\/image\/\",\"url\":\"https:\/\/fashiongold.lt\/wp-content\/uploads\/2025\/04\/cropped-fashion_gold_logotipas2-scaled-1.png\",\"contentUrl\":\"https:\/\/fashiongold.lt\/wp-content\/uploads\/2025\/04\/cropped-fashion_gold_logotipas2-scaled-1.png\",\"width\":2559,\"height\":421,\"caption\":\"Topdiamonds Online\"},\"image\":{\"@id\":\"https:\/\/fashiongold.lt\/pl\/#\/schema\/logo\/image\/\"}}]}<\/script>\n<!-- \/ Yoast SEO plugin. -->","yoast_head_json":{"title":"Pier\u015bcionek zar\u0119czynowy z diamentami - Pear","description":"Pier\u015bcionek zar\u0119czynowy z diamentem \u2013 wybierz kamie\u0144 w kszta\u0142cie \u0142zy w tym projekcie, l\u015bni\u0105cym \u015bcie\u017ck\u0105 \u015bwiat\u0142a. Wyrafinowany, pe\u0142en emocji i stworzony dla wiecznej wi\u0119zi.","robots":{"index":"index","follow":"follow","max-snippet":"max-snippet:-1","max-image-preview":"max-image-preview:large","max-video-preview":"max-video-preview:-1"},"canonical":"https:\/\/fashiongold.lt\/pl\/papuosalas\/pierscionek-zareczynowy-z-diamentami-pear\/","og_locale":"pl_PL","og_type":"article","og_title":"Pier\u015bcionek zar\u0119czynowy z diamentami - Pear","og_description":"Pier\u015bcionek zar\u0119czynowy z diamentem \u2013 wybierz kamie\u0144 w kszta\u0142cie \u0142zy w tym projekcie, l\u015bni\u0105cym \u015bcie\u017ck\u0105 \u015bwiat\u0142a. Wyrafinowany, pe\u0142en emocji i stworzony dla wiecznej wi\u0119zi.","og_url":"https:\/\/fashiongold.lt\/pl\/papuosalas\/pierscionek-zareczynowy-z-diamentami-pear\/","og_site_name":"FashionGold.lt","og_image":[{"width":800,"height":800,"url":"https:\/\/fashiongold.lt\/wp-content\/uploads\/2025\/06\/TDO-1250-modernus-halo-suzadetuviu-ziedas-su-deimantu-pear-cut-3.webp","type":"image\/jpeg"}],"twitter_card":"summary_large_image","twitter_misc":{"Szacowany czas czytania":"2 minuty"},"schema":{"@context":"https:\/\/schema.org","@graph":[{"@type":"WebPage","@id":"https:\/\/fashiongold.lt\/pl\/papuosalas\/pierscionek-zareczynowy-z-diamentami-pear\/","url":"https:\/\/fashiongold.lt\/pl\/papuosalas\/pierscionek-zareczynowy-z-diamentami-pear\/","name":"Pier\u015bcionek zar\u0119czynowy z diamentami - Pear","isPartOf":{"@id":"https:\/\/fashiongold.lt\/pl\/#website"},"primaryImageOfPage":{"@id":"https:\/\/fashiongold.lt\/pl\/papuosalas\/pierscionek-zareczynowy-z-diamentami-pear\/#primaryimage"},"image":{"@id":"https:\/\/fashiongold.lt\/pl\/papuosalas\/pierscionek-zareczynowy-z-diamentami-pear\/#primaryimage"},"thumbnailUrl":"https:\/\/fashiongold.lt\/wp-content\/uploads\/2025\/06\/TDO-1250-modernus-halo-suzadetuviu-ziedas-su-deimantu-pear-cut-3.jpg","datePublished":"2025-08-12T13:58:46+00:00","description":"Pier\u015bcionek zar\u0119czynowy z diamentem \u2013 wybierz kamie\u0144 w kszta\u0142cie \u0142zy w tym projekcie, l\u015bni\u0105cym \u015bcie\u017ck\u0105 \u015bwiat\u0142a. Wyrafinowany, pe\u0142en emocji i stworzony dla wiecznej wi\u0119zi.","breadcrumb":{"@id":"https:\/\/fashiongold.lt\/pl\/papuosalas\/pierscionek-zareczynowy-z-diamentami-pear\/#breadcrumb"},"inLanguage":"pl-PL","potentialAction":[{"@type":"ReadAction","target":["https:\/\/fashiongold.lt\/pl\/papuosalas\/pierscionek-zareczynowy-z-diamentami-pear\/"]}]},{"@type":"ImageObject","inLanguage":"pl-PL","@id":"https:\/\/fashiongold.lt\/pl\/papuosalas\/pierscionek-zareczynowy-z-diamentami-pear\/#primaryimage","url":"https:\/\/fashiongold.lt\/wp-content\/uploads\/2025\/06\/TDO-1250-modernus-halo-suzadetuviu-ziedas-su-deimantu-pear-cut-3.jpg","contentUrl":"https:\/\/fashiongold.lt\/wp-content\/uploads\/2025\/06\/TDO-1250-modernus-halo-suzadetuviu-ziedas-su-deimantu-pear-cut-3.jpg","width":800,"height":800,"caption":"Modernus su\u017ead\u0117tuvi\u0173 \u017eiedas su deimantais i\u0161 balto aukso arba platinos - pear cut"},{"@type":"BreadcrumbList","@id":"https:\/\/fashiongold.lt\/pl\/papuosalas\/pierscionek-zareczynowy-z-diamentami-pear\/#breadcrumb","itemListElement":[{"@type":"ListItem","position":1,"name":"Home","item":"https:\/\/fashiongold.lt\/pl\/"},{"@type":"ListItem","position":2,"name":"Sklep z diamentami Fashiongold.lt","item":"https:\/\/fashiongold.lt\/shop-2\/"},{"@type":"ListItem","position":3,"name":"Pier\u015bcionek zar\u0119czynowy z diamentami &#8211; Pear"}]},{"@type":"WebSite","@id":"https:\/\/fashiongold.lt\/pl\/#website","url":"https:\/\/fashiongold.lt\/pl\/","name":"Fashion Gold","description":"Juvelyrikos namai","publisher":{"@id":"https:\/\/fashiongold.lt\/pl\/#organization"},"potentialAction":[{"@type":"SearchAction","target":{"@type":"EntryPoint","urlTemplate":"https:\/\/fashiongold.lt\/pl\/?s={search_term_string}"},"query-input":{"@type":"PropertyValueSpecification","valueRequired":true,"valueName":"search_term_string"}}],"inLanguage":"pl-PL"},{"@type":"Organization","@id":"https:\/\/fashiongold.lt\/pl\/#organization","name":"Topdiamonds Online","url":"https:\/\/fashiongold.lt\/pl\/","logo":{"@type":"ImageObject","inLanguage":"pl-PL","@id":"https:\/\/fashiongold.lt\/pl\/#\/schema\/logo\/image\/","url":"https:\/\/fashiongold.lt\/wp-content\/uploads\/2025\/04\/cropped-fashion_gold_logotipas2-scaled-1.png","contentUrl":"https:\/\/fashiongold.lt\/wp-content\/uploads\/2025\/04\/cropped-fashion_gold_logotipas2-scaled-1.png","width":2559,"height":421,"caption":"Topdiamonds Online"},"image":{"@id":"https:\/\/fashiongold.lt\/pl\/#\/schema\/logo\/image\/"}}]}},"_links":{"self":[{"href":"https:\/\/fashiongold.lt\/pl\/wp-json\/wp\/v2\/product\/294203","targetHints":{"allow":["GET"]}}],"collection":[{"href":"https:\/\/fashiongold.lt\/pl\/wp-json\/wp\/v2\/product"}],"about":[{"href":"https:\/\/fashiongold.lt\/pl\/wp-json\/wp\/v2\/types\/product"}],"version-history":[{"count":0,"href":"https:\/\/fashiongold.lt\/pl\/wp-json\/wp\/v2\/product\/294203\/revisions"}],"wp:featuredmedia":[{"embeddable":true,"href":"https:\/\/fashiongold.lt\/pl\/wp-json\/wp\/v2\/media\/17568"}],"wp:attachment":[{"href":"https:\/\/fashiongold.lt\/pl\/wp-json\/wp\/v2\/media?parent=294203"}],"wp:term":[{"taxonomy":"product_brand","embeddable":true,"href":"https:\/\/fashiongold.lt\/pl\/wp-json\/wp\/v2\/product_brand?post=294203"},{"taxonomy":"product_cat","embeddable":true,"href":"https:\/\/fashiongold.lt\/pl\/wp-json\/wp\/v2\/product_cat?post=294203"},{"taxonomy":"product_tag","embeddable":true,"href":"https:\/\/fashiongold.lt\/pl\/wp-json\/wp\/v2\/product_tag?post=294203"}],"curies":[{"name":"wp","href":"https:\/\/api.w.org\/{rel}","templated":true}]}}