{"id":294298,"date":"2025-08-12T07:36:55","date_gmt":"2025-08-12T07:36:55","guid":{"rendered":"https:\/\/fashiongold.lt\/papuosalas\/kolczyki-typu-halo-z-diamentami-princess-2-10-ct\/"},"modified":"2025-08-12T07:36:55","modified_gmt":"2025-08-12T07:36:55","slug":"kolczyki-typu-halo-z-diamentami-princess-2-10-ct","status":"publish","type":"product","link":"https:\/\/fashiongold.lt\/pl\/papuosalas\/kolczyki-typu-halo-z-diamentami-princess-2-10-ct\/","title":{"rendered":"Kolczyki typu halo z diamentami \u2013 Princess (2.10 ct)"},"content":{"rendered":"<h3 data-start=\"168\" data-end=\"433\">Diamenty o kwadratowym kszta\u0142cie, odzwierciedlaj\u0105ce idealne proporcje i balans blasku.<\/h3>\n<p data-start=\"168\" data-end=\"433\">Bi\u017cuteria jest wytwarzana zgodnie z najwy\u017cszymi standardami jubilerskimi. Na \u017cyczenie klienta mo\u017cemy u\u017cy\u0107 diament\u00f3w wy\u017cszej jako\u015bci za dodatkow\u0105 op\u0142at\u0105.<\/p>\n<p>&nbsp;<\/p>\n<p>\u2022 <a href=\"https:\/\/fashiongold.lt\/pl\/patarimai-pl\/proba-zlota-w-kolczykach-jak-wybrac-wysokiej-jakosci-i-trwala-bizuterie\/\" target=\"_blank\" rel=\"noopener\"><strong>Metale szlachetne<\/strong><\/a>: 14K (pr\u00f3ba 585), 18K (pr\u00f3ba 750), platyna 900<br \/>\n\u2022 <a href=\"https:\/\/fashiongold.lt\/pl\/patarimai-pl\/kolor-zlota-kolczykow-biale-czerwone-i-zolte-zloto-z-diamentami\/\" target=\"_blank\" rel=\"noopener\"><strong>Opcje kolorystyczne z\u0142ota<\/strong><\/a>: \u017c\u00f3\u0142te, czerwone, bia\u0142e<br \/>\n\u2022 <strong><a href=\"https:\/\/fashiongold.lt\/pl\/patarimai-pl\/kolczyki-z-diamentami-idealne-proporcje-jak-wybrac-idealne\/\" target=\"_blank\" rel=\"noopener\">\u015arednica korony kolczyka<\/a><\/strong>: ok. 5.25 mm<br \/>\n\u2022 Bendras <a href=\"https:\/\/fashiongold.lt\/auskaru-aukso-svoris\/\" target=\"_blank\" rel=\"noopener\"><strong>Ca\u0142kowita waga z\u0142ota<\/strong><\/a>: ok. 1.50 g<br \/>\n\u2022 Bendras <strong><a href=\"https:\/\/fashiongold.lt\/deimantu-svoris\/\" target=\"_blank\" rel=\"noopener\">Ca\u0142kowita masa diament\u00f3w<\/a><\/strong>: 2.10 ct<br \/>\n\u2022 <strong><a href=\"https:\/\/fashiongold.lt\/pl\/patarimai-pl\/diament-inne-ksztalty-diamentu\/\" target=\"_blank\" rel=\"noopener\">Kszta\u0142t i szlif diament\u00f3w<\/a><\/strong>: Kszta\u0142t kwadratowy (<em>Princess cut<\/em>)<br \/>\n\u2022 <strong><a href=\"https:\/\/fashiongold.lt\/pl\/patarimai-pl\/diament-naturalny-laboratoryjny-czy-sztuczny-jak-wybrac-wlasciwie\/\" target=\"_blank\" rel=\"noopener\">Pochodzenie diament\u00f3w<\/a><\/strong>: Diamenty wyhodowane w laboratorium lub diamenty naturalne<br \/>\n\u2022 <a href=\"https:\/\/fashiongold.lt\/pl\/patarimai-pl\/diament-co-trzeba-wiedziec-przed-zakupem\/\" target=\"_blank\" rel=\"noopener\"><strong>Masa i charakterystyka diamentu<\/strong><\/a> (mo\u017cliwo\u015b\u0107 zmiany):<br \/>\nDiament wyhodowany w laboratorium (certyfikat IGI): 0.90 ct diament (barwa D-E, czysto\u015b\u0107 VVS)<br \/>\nDiament naturalny (certyfikat GIA): 0.90 ct diament (barwa G-I, czysto\u015b\u0107 SI)<br \/>\nW oprawie Halo: diamenty ok. 0.15 ct<br \/>\n\u2022 <a href=\"https:\/\/fashiongold.lt\/pl\/dostawa-i-zwroty\/\" target=\"_blank\" rel=\"noopener\"><strong>Czas produkcji i dostawy<\/strong><\/a>: zazwyczaj ok. 14 dni roboczych, w razie potrzeby dost\u0119pna opcja ekspresowa <span data-sheets-root=\"1\">\u2013 <\/span>7 dni roboczych<br \/>\n<strong>Uwaga<\/strong>: przy zakupie kolczyk\u00f3w w stylu Halo dopuszczalne jest odchylenie ca\u0142kowitej masy karatowej: 2.08 &#8211; 2.12 ct<\/p>\n<p>&nbsp;<\/p>\n<p>Masz w\u0142asne z\u0142oto lub kamie\u0144 szlachetny? W takim przypadku cena kolczyk\u00f3w b\u0119dzie ni\u017csza <span data-sheets-root=\"1\">\u2013<\/span> zap\u0142acisz tylko za wykonanie bi\u017cuterii. Chcesz zmieni\u0107 charakterystyk\u0119 diament\u00f3w \u2013 barw\u0119, rozmiar lub czysto\u015b\u0107? Wszystko mo\u017cemy dostosowa\u0107 do Twoich potrzeb. <strong><a href=\"https:\/\/fashiongold.lt\/pl\/kontakt\/\" target=\"_blank\" rel=\"noopener\">Skontaktuj si\u0119<\/a><\/strong> z nami, aby om\u00f3wi\u0107 indywidualne mo\u017cliwo\u015bci.<br \/>\nKa\u017cdy znajdzie bi\u017cuteri\u0119 z diamentami pasuj\u0105c\u0105 do swojego stylu \u2013 od subtelnej klasyki po luksusowe akcenty. FashionGold zaprasza do personalizacji bi\u017cuterii i uczynienia jej cz\u0119\u015bci\u0105 Twojej wyj\u0105tkowej historii.<\/p>\n","protected":false},"excerpt":{"rendered":"<h2>Kolczyki Halo z diamentami (2.10 ct) \u2013 harmonia \u015bwiat\u0142a i formy.<\/h2>\n<p>Te kolczyki z diamentami o szlifie <em>Princess<\/em> odzwierciedlaj\u0105 geometri\u0119 \u015bwiat\u0142a. Ka\u017cdy k\u0105t wychwytuje blask, a aureola Halo subtelnie wzmacnia og\u00f3lny blask ca\u0142ego projektu. To bi\u017cuteria dla kobiety, kt\u00f3ra ceni porz\u0105dek, estetyk\u0119 i czysty minimalizm designu. Eleganckie, ale bez przesadnego przepychu \u2013 takie, kt\u00f3re zawsze pasuj\u0105 i w ka\u017cdej stylizacji wygl\u0105daj\u0105 nienagannie.<\/p>\n","protected":false},"featured_media":30842,"template":"","meta":{"site-sidebar-layout":"default","site-content-layout":"","ast-site-content-layout":"default","site-content-style":"default","site-sidebar-style":"default","ast-global-header-display":"","ast-banner-title-visibility":"","ast-main-header-display":"","ast-hfb-above-header-display":"","ast-hfb-below-header-display":"","ast-hfb-mobile-header-display":"","site-post-title":"","ast-breadcrumbs-content":"","ast-featured-img":"","footer-sml-layout":"","ast-disable-related-posts":"","theme-transparent-header-meta":"default","adv-header-id-meta":"","stick-header-meta":"","header-above-stick-meta":"","header-main-stick-meta":"","header-below-stick-meta":"","astra-migrate-meta-layouts":"default","ast-page-background-enabled":"default","ast-page-background-meta":{"desktop":{"background-color":"var(--ast-global-color-4)","background-image":"","background-repeat":"repeat","background-position":"center center","background-size":"auto","background-attachment":"scroll","background-type":"","background-media":"","overlay-type":"","overlay-color":"","overlay-opacity":"","overlay-gradient":""},"tablet":{"background-color":"","background-image":"","background-repeat":"repeat","background-position":"center center","background-size":"auto","background-attachment":"scroll","background-type":"","background-media":"","overlay-type":"","overlay-color":"","overlay-opacity":"","overlay-gradient":""},"mobile":{"background-color":"","background-image":"","background-repeat":"repeat","background-position":"center center","background-size":"auto","background-attachment":"scroll","background-type":"","background-media":"","overlay-type":"","overlay-color":"","overlay-opacity":"","overlay-gradient":""}},"ast-content-background-meta":{"desktop":{"background-color":"var(--ast-global-color-5)","background-image":"","background-repeat":"repeat","background-position":"center center","background-size":"auto","background-attachment":"scroll","background-type":"","background-media":"","overlay-type":"","overlay-color":"","overlay-opacity":"","overlay-gradient":""},"tablet":{"background-color":"var(--ast-global-color-5)","background-image":"","background-repeat":"repeat","background-position":"center center","background-size":"auto","background-attachment":"scroll","background-type":"","background-media":"","overlay-type":"","overlay-color":"","overlay-opacity":"","overlay-gradient":""},"mobile":{"background-color":"var(--ast-global-color-5)","background-image":"","background-repeat":"repeat","background-position":"center center","background-size":"auto","background-attachment":"scroll","background-type":"","background-media":"","overlay-type":"","overlay-color":"","overlay-opacity":"","overlay-gradient":""}}},"product_brand":[],"product_cat":[3044,2871,3284,2972,3285,2872,2853,2875,2860,2854,2855,3169,2859,2852],"product_tag":[],"class_list":{"0":"post-294298","1":"product","2":"type-product","3":"status-publish","4":"has-post-thumbnail","6":"product_cat-bizuteria","7":"product_cat-bizuteria-dla-kobiet","8":"product_cat-bizuteria-z-diamentami-laboratoryjnymi","9":"product_cat-kolczyki-z-diamentami","10":"product_cat-kolczyki-z-diamentami-laboratoryjnymi","11":"product_cat-pomysly-na-prezent","12":"product_cat-prezenty-dla-kobiet","13":"product_cat-prezenty-na-dzien-matki","14":"product_cat-prezenty-na-wyjatkowe-okazje","15":"product_cat-prezenty-z-okazji-narodzin-dziecka","16":"product_cat-prezenty-z-okazji-rocznicy-slubu","17":"product_cat-prezenty-z-okazji-slubu","18":"product_cat-prezenty-z-okazji-ukonczenia-szkoly","19":"product_cat-prezenty-z-okazji-urodzin","20":"desktop-align-center","21":"tablet-align-left","22":"mobile-align-left","23":"ast-product-gallery-layout-horizontal-slider","24":"ast-product-single-variable","25":"ast-product-tabs-layout-accordion","26":"ast-qv-on-image","28":"first","29":"instock","30":"taxable","31":"shipping-taxable","32":"purchasable","33":"product-type-variable"},"yoast_head":"<!-- This site is optimized with the Yoast SEO plugin v26.6 - https:\/\/yoast.com\/wordpress\/plugins\/seo\/ -->\n<title>Kolczyki z diamentami w oprawie halo \u2013 Princess (2.10 ct)<\/title>\n<meta name=\"description\" content=\"Kolczyki z diamentami, w kt\u00f3rych l\u015bni\u0105cy wz\u00f3r Halo podkre\u015bla symetri\u0119 bi\u017cuterii, \u015bwiat\u0142o i nieskaziteln\u0105 elegancj\u0119.\" \/>\n<meta name=\"robots\" content=\"index, follow, max-snippet:-1, max-image-preview:large, max-video-preview:-1\" \/>\n<link rel=\"canonical\" href=\"https:\/\/fashiongold.lt\/pl\/papuosalas\/kolczyki-typu-halo-z-diamentami-princess-2-10-ct\/\" \/>\n<meta property=\"og:locale\" content=\"pl_PL\" \/>\n<meta property=\"og:type\" content=\"article\" \/>\n<meta property=\"og:title\" content=\"Kolczyki z diamentami w oprawie halo \u2013 Princess (2.10 ct)\" \/>\n<meta property=\"og:description\" content=\"Kolczyki z diamentami, w kt\u00f3rych l\u015bni\u0105cy wz\u00f3r Halo podkre\u015bla symetri\u0119 bi\u017cuterii, \u015bwiat\u0142o i nieskaziteln\u0105 elegancj\u0119.\" \/>\n<meta property=\"og:url\" content=\"https:\/\/fashiongold.lt\/pl\/papuosalas\/kolczyki-typu-halo-z-diamentami-princess-2-10-ct\/\" \/>\n<meta property=\"og:site_name\" content=\"FashionGold.lt\" \/>\n<meta property=\"og:image\" content=\"https:\/\/fashiongold.lt\/wp-content\/uploads\/2025\/08\/Auskarai-su-deimantu-PRINCESS-HALO-DEIMANTAI-2030-1.webp\" \/>\n\t<meta property=\"og:image:width\" content=\"800\" \/>\n\t<meta property=\"og:image:height\" content=\"800\" \/>\n\t<meta property=\"og:image:type\" content=\"image\/jpeg\" \/>\n<meta name=\"twitter:card\" content=\"summary_large_image\" \/>\n<meta name=\"twitter:label1\" content=\"Szacowany czas czytania\" \/>\n\t<meta name=\"twitter:data1\" content=\"1 minuta\" \/>\n<script type=\"application\/ld+json\" class=\"yoast-schema-graph\">{\"@context\":\"https:\/\/schema.org\",\"@graph\":[{\"@type\":\"WebPage\",\"@id\":\"https:\/\/fashiongold.lt\/pl\/papuosalas\/kolczyki-typu-halo-z-diamentami-princess-2-10-ct\/\",\"url\":\"https:\/\/fashiongold.lt\/pl\/papuosalas\/kolczyki-typu-halo-z-diamentami-princess-2-10-ct\/\",\"name\":\"Kolczyki z diamentami w oprawie halo \u2013 Princess (2.10 ct)\",\"isPartOf\":{\"@id\":\"https:\/\/fashiongold.lt\/pl\/#website\"},\"primaryImageOfPage\":{\"@id\":\"https:\/\/fashiongold.lt\/pl\/papuosalas\/kolczyki-typu-halo-z-diamentami-princess-2-10-ct\/#primaryimage\"},\"image\":{\"@id\":\"https:\/\/fashiongold.lt\/pl\/papuosalas\/kolczyki-typu-halo-z-diamentami-princess-2-10-ct\/#primaryimage\"},\"thumbnailUrl\":\"https:\/\/fashiongold.lt\/wp-content\/uploads\/2025\/08\/Auskarai-su-deimantu-PRINCESS-HALO-DEIMANTAI-2030-1.jpg\",\"datePublished\":\"2025-08-12T07:36:55+00:00\",\"description\":\"Kolczyki z diamentami, w kt\u00f3rych l\u015bni\u0105cy wz\u00f3r Halo podkre\u015bla symetri\u0119 bi\u017cuterii, \u015bwiat\u0142o i nieskaziteln\u0105 elegancj\u0119.\",\"breadcrumb\":{\"@id\":\"https:\/\/fashiongold.lt\/pl\/papuosalas\/kolczyki-typu-halo-z-diamentami-princess-2-10-ct\/#breadcrumb\"},\"inLanguage\":\"pl-PL\",\"potentialAction\":[{\"@type\":\"ReadAction\",\"target\":[\"https:\/\/fashiongold.lt\/pl\/papuosalas\/kolczyki-typu-halo-z-diamentami-princess-2-10-ct\/\"]}]},{\"@type\":\"ImageObject\",\"inLanguage\":\"pl-PL\",\"@id\":\"https:\/\/fashiongold.lt\/pl\/papuosalas\/kolczyki-typu-halo-z-diamentami-princess-2-10-ct\/#primaryimage\",\"url\":\"https:\/\/fashiongold.lt\/wp-content\/uploads\/2025\/08\/Auskarai-su-deimantu-PRINCESS-HALO-DEIMANTAI-2030-1.jpg\",\"contentUrl\":\"https:\/\/fashiongold.lt\/wp-content\/uploads\/2025\/08\/Auskarai-su-deimantu-PRINCESS-HALO-DEIMANTAI-2030-1.jpg\",\"width\":800,\"height\":800,\"caption\":\"Auskarai su deimantais ir halo juostele i\u0161 balto aukso arba platinos - princess deimantai\"},{\"@type\":\"BreadcrumbList\",\"@id\":\"https:\/\/fashiongold.lt\/pl\/papuosalas\/kolczyki-typu-halo-z-diamentami-princess-2-10-ct\/#breadcrumb\",\"itemListElement\":[{\"@type\":\"ListItem\",\"position\":1,\"name\":\"Home\",\"item\":\"https:\/\/fashiongold.lt\/pl\/\"},{\"@type\":\"ListItem\",\"position\":2,\"name\":\"Sklep z diamentami Fashiongold.lt\",\"item\":\"https:\/\/fashiongold.lt\/shop-2\/\"},{\"@type\":\"ListItem\",\"position\":3,\"name\":\"Kolczyki typu halo z diamentami \u2013 Princess (2.10 ct)\"}]},{\"@type\":\"WebSite\",\"@id\":\"https:\/\/fashiongold.lt\/pl\/#website\",\"url\":\"https:\/\/fashiongold.lt\/pl\/\",\"name\":\"Fashion Gold\",\"description\":\"Juvelyrikos namai\",\"publisher\":{\"@id\":\"https:\/\/fashiongold.lt\/pl\/#organization\"},\"potentialAction\":[{\"@type\":\"SearchAction\",\"target\":{\"@type\":\"EntryPoint\",\"urlTemplate\":\"https:\/\/fashiongold.lt\/pl\/?s={search_term_string}\"},\"query-input\":{\"@type\":\"PropertyValueSpecification\",\"valueRequired\":true,\"valueName\":\"search_term_string\"}}],\"inLanguage\":\"pl-PL\"},{\"@type\":\"Organization\",\"@id\":\"https:\/\/fashiongold.lt\/pl\/#organization\",\"name\":\"Topdiamonds Online\",\"url\":\"https:\/\/fashiongold.lt\/pl\/\",\"logo\":{\"@type\":\"ImageObject\",\"inLanguage\":\"pl-PL\",\"@id\":\"https:\/\/fashiongold.lt\/pl\/#\/schema\/logo\/image\/\",\"url\":\"https:\/\/fashiongold.lt\/wp-content\/uploads\/2025\/04\/cropped-fashion_gold_logotipas2-scaled-1.png\",\"contentUrl\":\"https:\/\/fashiongold.lt\/wp-content\/uploads\/2025\/04\/cropped-fashion_gold_logotipas2-scaled-1.png\",\"width\":2559,\"height\":421,\"caption\":\"Topdiamonds Online\"},\"image\":{\"@id\":\"https:\/\/fashiongold.lt\/pl\/#\/schema\/logo\/image\/\"}}]}<\/script>\n<!-- \/ Yoast SEO plugin. -->","yoast_head_json":{"title":"Kolczyki z diamentami w oprawie halo \u2013 Princess (2.10 ct)","description":"Kolczyki z diamentami, w kt\u00f3rych l\u015bni\u0105cy wz\u00f3r Halo podkre\u015bla symetri\u0119 bi\u017cuterii, \u015bwiat\u0142o i nieskaziteln\u0105 elegancj\u0119.","robots":{"index":"index","follow":"follow","max-snippet":"max-snippet:-1","max-image-preview":"max-image-preview:large","max-video-preview":"max-video-preview:-1"},"canonical":"https:\/\/fashiongold.lt\/pl\/papuosalas\/kolczyki-typu-halo-z-diamentami-princess-2-10-ct\/","og_locale":"pl_PL","og_type":"article","og_title":"Kolczyki z diamentami w oprawie halo \u2013 Princess (2.10 ct)","og_description":"Kolczyki z diamentami, w kt\u00f3rych l\u015bni\u0105cy wz\u00f3r Halo podkre\u015bla symetri\u0119 bi\u017cuterii, \u015bwiat\u0142o i nieskaziteln\u0105 elegancj\u0119.","og_url":"https:\/\/fashiongold.lt\/pl\/papuosalas\/kolczyki-typu-halo-z-diamentami-princess-2-10-ct\/","og_site_name":"FashionGold.lt","og_image":[{"width":800,"height":800,"url":"https:\/\/fashiongold.lt\/wp-content\/uploads\/2025\/08\/Auskarai-su-deimantu-PRINCESS-HALO-DEIMANTAI-2030-1.webp","type":"image\/jpeg"}],"twitter_card":"summary_large_image","twitter_misc":{"Szacowany czas czytania":"1 minuta"},"schema":{"@context":"https:\/\/schema.org","@graph":[{"@type":"WebPage","@id":"https:\/\/fashiongold.lt\/pl\/papuosalas\/kolczyki-typu-halo-z-diamentami-princess-2-10-ct\/","url":"https:\/\/fashiongold.lt\/pl\/papuosalas\/kolczyki-typu-halo-z-diamentami-princess-2-10-ct\/","name":"Kolczyki z diamentami w oprawie halo \u2013 Princess (2.10 ct)","isPartOf":{"@id":"https:\/\/fashiongold.lt\/pl\/#website"},"primaryImageOfPage":{"@id":"https:\/\/fashiongold.lt\/pl\/papuosalas\/kolczyki-typu-halo-z-diamentami-princess-2-10-ct\/#primaryimage"},"image":{"@id":"https:\/\/fashiongold.lt\/pl\/papuosalas\/kolczyki-typu-halo-z-diamentami-princess-2-10-ct\/#primaryimage"},"thumbnailUrl":"https:\/\/fashiongold.lt\/wp-content\/uploads\/2025\/08\/Auskarai-su-deimantu-PRINCESS-HALO-DEIMANTAI-2030-1.jpg","datePublished":"2025-08-12T07:36:55+00:00","description":"Kolczyki z diamentami, w kt\u00f3rych l\u015bni\u0105cy wz\u00f3r Halo podkre\u015bla symetri\u0119 bi\u017cuterii, \u015bwiat\u0142o i nieskaziteln\u0105 elegancj\u0119.","breadcrumb":{"@id":"https:\/\/fashiongold.lt\/pl\/papuosalas\/kolczyki-typu-halo-z-diamentami-princess-2-10-ct\/#breadcrumb"},"inLanguage":"pl-PL","potentialAction":[{"@type":"ReadAction","target":["https:\/\/fashiongold.lt\/pl\/papuosalas\/kolczyki-typu-halo-z-diamentami-princess-2-10-ct\/"]}]},{"@type":"ImageObject","inLanguage":"pl-PL","@id":"https:\/\/fashiongold.lt\/pl\/papuosalas\/kolczyki-typu-halo-z-diamentami-princess-2-10-ct\/#primaryimage","url":"https:\/\/fashiongold.lt\/wp-content\/uploads\/2025\/08\/Auskarai-su-deimantu-PRINCESS-HALO-DEIMANTAI-2030-1.jpg","contentUrl":"https:\/\/fashiongold.lt\/wp-content\/uploads\/2025\/08\/Auskarai-su-deimantu-PRINCESS-HALO-DEIMANTAI-2030-1.jpg","width":800,"height":800,"caption":"Auskarai su deimantais ir halo juostele i\u0161 balto aukso arba platinos - princess deimantai"},{"@type":"BreadcrumbList","@id":"https:\/\/fashiongold.lt\/pl\/papuosalas\/kolczyki-typu-halo-z-diamentami-princess-2-10-ct\/#breadcrumb","itemListElement":[{"@type":"ListItem","position":1,"name":"Home","item":"https:\/\/fashiongold.lt\/pl\/"},{"@type":"ListItem","position":2,"name":"Sklep z diamentami Fashiongold.lt","item":"https:\/\/fashiongold.lt\/shop-2\/"},{"@type":"ListItem","position":3,"name":"Kolczyki typu halo z diamentami \u2013 Princess (2.10 ct)"}]},{"@type":"WebSite","@id":"https:\/\/fashiongold.lt\/pl\/#website","url":"https:\/\/fashiongold.lt\/pl\/","name":"Fashion Gold","description":"Juvelyrikos namai","publisher":{"@id":"https:\/\/fashiongold.lt\/pl\/#organization"},"potentialAction":[{"@type":"SearchAction","target":{"@type":"EntryPoint","urlTemplate":"https:\/\/fashiongold.lt\/pl\/?s={search_term_string}"},"query-input":{"@type":"PropertyValueSpecification","valueRequired":true,"valueName":"search_term_string"}}],"inLanguage":"pl-PL"},{"@type":"Organization","@id":"https:\/\/fashiongold.lt\/pl\/#organization","name":"Topdiamonds Online","url":"https:\/\/fashiongold.lt\/pl\/","logo":{"@type":"ImageObject","inLanguage":"pl-PL","@id":"https:\/\/fashiongold.lt\/pl\/#\/schema\/logo\/image\/","url":"https:\/\/fashiongold.lt\/wp-content\/uploads\/2025\/04\/cropped-fashion_gold_logotipas2-scaled-1.png","contentUrl":"https:\/\/fashiongold.lt\/wp-content\/uploads\/2025\/04\/cropped-fashion_gold_logotipas2-scaled-1.png","width":2559,"height":421,"caption":"Topdiamonds Online"},"image":{"@id":"https:\/\/fashiongold.lt\/pl\/#\/schema\/logo\/image\/"}}]}},"_links":{"self":[{"href":"https:\/\/fashiongold.lt\/pl\/wp-json\/wp\/v2\/product\/294298","targetHints":{"allow":["GET"]}}],"collection":[{"href":"https:\/\/fashiongold.lt\/pl\/wp-json\/wp\/v2\/product"}],"about":[{"href":"https:\/\/fashiongold.lt\/pl\/wp-json\/wp\/v2\/types\/product"}],"version-history":[{"count":0,"href":"https:\/\/fashiongold.lt\/pl\/wp-json\/wp\/v2\/product\/294298\/revisions"}],"wp:featuredmedia":[{"embeddable":true,"href":"https:\/\/fashiongold.lt\/pl\/wp-json\/wp\/v2\/media\/30842"}],"wp:attachment":[{"href":"https:\/\/fashiongold.lt\/pl\/wp-json\/wp\/v2\/media?parent=294298"}],"wp:term":[{"taxonomy":"product_brand","embeddable":true,"href":"https:\/\/fashiongold.lt\/pl\/wp-json\/wp\/v2\/product_brand?post=294298"},{"taxonomy":"product_cat","embeddable":true,"href":"https:\/\/fashiongold.lt\/pl\/wp-json\/wp\/v2\/product_cat?post=294298"},{"taxonomy":"product_tag","embeddable":true,"href":"https:\/\/fashiongold.lt\/pl\/wp-json\/wp\/v2\/product_tag?post=294298"}],"curies":[{"name":"wp","href":"https:\/\/api.w.org\/{rel}","templated":true}]}}