{"id":294318,"date":"2025-08-12T07:16:01","date_gmt":"2025-08-12T07:16:01","guid":{"rendered":"https:\/\/fashiongold.lt\/papuosalas\/kolczyki-z-diamentami-w-stylu-halo-princess-0-90-ct\/"},"modified":"2025-08-12T07:16:01","modified_gmt":"2025-08-12T07:16:01","slug":"kolczyki-z-diamentami-w-stylu-halo-princess-0-90-ct","status":"publish","type":"product","link":"https:\/\/fashiongold.lt\/pl\/papuosalas\/kolczyki-z-diamentami-w-stylu-halo-princess-0-90-ct\/","title":{"rendered":"Kolczyki z diamentami w stylu Halo \u2013 Princess (0.90 ct)"},"content":{"rendered":"<h3 data-start=\"168\" data-end=\"433\">Diamenty o szlifie <em>Princess<\/em> w tej bi\u017cuterii podkre\u015blaj\u0105 nowoczesn\u0105 symetri\u0119 i klasyczny blask.<\/h3>\n<p data-start=\"168\" data-end=\"433\">Bi\u017cuteria jest produkowana zgodnie z najwy\u017cszymi standardami jubilerskimi. Na \u017cyczenie klienta, za dop\u0142at\u0105, mo\u017cemy zastosowa\u0107 diamenty wy\u017cszej jako\u015bci.<\/p>\n<p>&nbsp;<\/p>\n<p>\u2022 <a href=\"https:\/\/fashiongold.lt\/pl\/patarimai-pl\/proba-zlota-w-kolczykach-jak-wybrac-wysokiej-jakosci-i-trwala-bizuterie\/\" target=\"_blank\" rel=\"noopener\"><strong>Metale szlachetne<\/strong><\/a>: 14K (pr\u00f3ba 585), 18K (pr\u00f3ba 750), platyna 900<br \/>\n\u2022 <a href=\"https:\/\/fashiongold.lt\/pl\/patarimai-pl\/kolor-zlota-kolczykow-biale-czerwone-i-zolte-zloto-z-diamentami\/\" target=\"_blank\" rel=\"noopener\"><strong>Wyb\u00f3r koloru z\u0142ota<\/strong><\/a>: \u017c\u00f3\u0142te, r\u00f3\u017cowe, bia\u0142e<br \/>\n\u2022 <strong><a href=\"https:\/\/fashiongold.lt\/pl\/patarimai-pl\/kolczyki-z-diamentami-idealne-proporcje-jak-wybrac-idealne\/\" target=\"_blank\" rel=\"noopener\">\u015arednica korony kolczyka<\/a><\/strong>: oko\u0142o 3.25 mm<br \/>\n\u2022 Ca\u0142kowita <a href=\"https:\/\/fashiongold.lt\/auskaru-aukso-svoris\/\" target=\"_blank\" rel=\"noopener\"><strong>masa z\u0142ota<\/strong><\/a>: oko\u0142o 1.50 g<br \/>\n\u2022 Ca\u0142kowita <strong><a href=\"https:\/\/fashiongold.lt\/deimantu-svoris\/\" target=\"_blank\" rel=\"noopener\">masa diament\u00f3w<\/a><\/strong>: 0.90 ct<br \/>\n\u2022 <strong><a href=\"https:\/\/fashiongold.lt\/pl\/patarimai-pl\/diament-inne-ksztalty-diamentu\/\" target=\"_blank\" rel=\"noopener\">Kszta\u0142t i szlif diament\u00f3w<\/a><\/strong>: Kszta\u0142t kwadratowy (<em>Princess cut<\/em>)<br \/>\n\u2022 <strong><a href=\"https:\/\/fashiongold.lt\/pl\/patarimai-pl\/diament-naturalny-laboratoryjny-czy-sztuczny-jak-wybrac-wlasciwie\/\" target=\"_blank\" rel=\"noopener\">Pochodzenie diament\u00f3w<\/a><\/strong>: Diamenty hodowane w laboratorium lub diamenty naturalne<br \/>\n\u2022 <a href=\"https:\/\/fashiongold.lt\/pl\/patarimai-pl\/diament-co-trzeba-wiedziec-przed-zakupem\/\" target=\"_blank\" rel=\"noopener\"><strong>Masa i charakterystyka diamentu<\/strong><\/a> (mo\u017cliwo\u015b\u0107 zmiany):<br \/>\nDiament hodowany w laboratorium (certyfikat IGI): diament 0.30 ct (kolor D-E, czysto\u015b\u0107 VVS)<br \/>\nDiament naturalny (certyfikat GIA): diament 0.30 ct (kolor G-I, czysto\u015b\u0107 SI)<br \/>\nW oprawie halo: diamenty oko\u0142o 0.15 ct<br \/>\n\u2022 <a href=\"https:\/\/fashiongold.lt\/pl\/dostawa-i-zwroty\/\" target=\"_blank\" rel=\"noopener\"><strong>Czas produkcji i dostawy<\/strong><\/a>: zazwyczaj oko\u0142o 14 dni roboczych, w razie potrzeby oferujemy opcj\u0119 ekspresow\u0105 <span data-sheets-root=\"1\">\u2013 <\/span>7 dni roboczych.<br \/>\n<strong>Nota<\/strong>: przy zakupie kolczyk\u00f3w w stylu Halo mo\u017cliwa jest tolerancja ca\u0142kowitej masy karatowej: 0.88 &#8211; 0.92 ct<\/p>\n<p>&nbsp;<\/p>\n<p>Masz w\u0142asne z\u0142oto lub kamie\u0144 szlachetny? W takim przypadku cena kolczyk\u00f3w b\u0119dzie ni\u017csza <span data-sheets-root=\"1\">\u2013<\/span> zap\u0142acisz tylko za wykonanie bi\u017cuterii. Chcesz zmieni\u0107 parametry diament\u00f3w \u2013 kolor, rozmiar lub czysto\u015b\u0107? Mo\u017cemy dostosowa\u0107 wszystko do Twoich potrzeb. <strong><a href=\"https:\/\/fashiongold.lt\/pl\/kontakt\/\" target=\"_blank\" rel=\"noopener\">Skontaktuj si\u0119<\/a><\/strong> z nami, aby om\u00f3wi\u0107 indywidualne opcje.<br \/>\nKa\u017cdy znajdzie bi\u017cuteri\u0119 z diamentami dopasowan\u0105 do swojego stylu \u2013 od subtelnej klasyki po luksusowe akcenty. FashionGold zaprasza do personalizacji bi\u017cuterii i uczynienia jej wyj\u0105tkow\u0105 cz\u0119\u015bci\u0105 Twojej historii.<\/p>\n","protected":false},"excerpt":{"rendered":"<h2>Kolczyki Halo z diamentami (0,90 ct) \u2013 wyj\u0105tkowy blask kwadratowej formy.<\/h2>\n<p>Kolczyki w stylu Halo z diamentami o szlifie <em>Princess<\/em> \u0142\u0105cz\u0105 klasyczn\u0105 elegancj\u0119 z silnym charakterem. Kwadratowy kszta\u0142t kamienia centralnego symbolizuje stabilno\u015b\u0107 i pewno\u015b\u0107 siebie, a otaczaj\u0105cy go wieniec diament\u00f3w dodaje luksusu. To bi\u017cuteria dla kobiety, kt\u00f3ra ceni idealne proporcje, czyste linie i ponadczasowy design.<\/p>\n","protected":false},"featured_media":30842,"template":"","meta":{"site-sidebar-layout":"default","site-content-layout":"","ast-site-content-layout":"default","site-content-style":"default","site-sidebar-style":"default","ast-global-header-display":"","ast-banner-title-visibility":"","ast-main-header-display":"","ast-hfb-above-header-display":"","ast-hfb-below-header-display":"","ast-hfb-mobile-header-display":"","site-post-title":"","ast-breadcrumbs-content":"","ast-featured-img":"","footer-sml-layout":"","ast-disable-related-posts":"","theme-transparent-header-meta":"default","adv-header-id-meta":"","stick-header-meta":"","header-above-stick-meta":"","header-main-stick-meta":"","header-below-stick-meta":"","astra-migrate-meta-layouts":"default","ast-page-background-enabled":"default","ast-page-background-meta":{"desktop":{"background-color":"var(--ast-global-color-4)","background-image":"","background-repeat":"repeat","background-position":"center center","background-size":"auto","background-attachment":"scroll","background-type":"","background-media":"","overlay-type":"","overlay-color":"","overlay-opacity":"","overlay-gradient":""},"tablet":{"background-color":"","background-image":"","background-repeat":"repeat","background-position":"center center","background-size":"auto","background-attachment":"scroll","background-type":"","background-media":"","overlay-type":"","overlay-color":"","overlay-opacity":"","overlay-gradient":""},"mobile":{"background-color":"","background-image":"","background-repeat":"repeat","background-position":"center center","background-size":"auto","background-attachment":"scroll","background-type":"","background-media":"","overlay-type":"","overlay-color":"","overlay-opacity":"","overlay-gradient":""}},"ast-content-background-meta":{"desktop":{"background-color":"var(--ast-global-color-5)","background-image":"","background-repeat":"repeat","background-position":"center center","background-size":"auto","background-attachment":"scroll","background-type":"","background-media":"","overlay-type":"","overlay-color":"","overlay-opacity":"","overlay-gradient":""},"tablet":{"background-color":"var(--ast-global-color-5)","background-image":"","background-repeat":"repeat","background-position":"center center","background-size":"auto","background-attachment":"scroll","background-type":"","background-media":"","overlay-type":"","overlay-color":"","overlay-opacity":"","overlay-gradient":""},"mobile":{"background-color":"var(--ast-global-color-5)","background-image":"","background-repeat":"repeat","background-position":"center center","background-size":"auto","background-attachment":"scroll","background-type":"","background-media":"","overlay-type":"","overlay-color":"","overlay-opacity":"","overlay-gradient":""}}},"product_brand":[],"product_cat":[3044,2871,3284,2972,3285,2872,2853,2875,2860,2854,2855,3169,2859,2852],"product_tag":[],"class_list":{"0":"post-294318","1":"product","2":"type-product","3":"status-publish","4":"has-post-thumbnail","6":"product_cat-bizuteria","7":"product_cat-bizuteria-dla-kobiet","8":"product_cat-bizuteria-z-diamentami-laboratoryjnymi","9":"product_cat-kolczyki-z-diamentami","10":"product_cat-kolczyki-z-diamentami-laboratoryjnymi","11":"product_cat-pomysly-na-prezent","12":"product_cat-prezenty-dla-kobiet","13":"product_cat-prezenty-na-dzien-matki","14":"product_cat-prezenty-na-wyjatkowe-okazje","15":"product_cat-prezenty-z-okazji-narodzin-dziecka","16":"product_cat-prezenty-z-okazji-rocznicy-slubu","17":"product_cat-prezenty-z-okazji-slubu","18":"product_cat-prezenty-z-okazji-ukonczenia-szkoly","19":"product_cat-prezenty-z-okazji-urodzin","20":"desktop-align-center","21":"tablet-align-left","22":"mobile-align-left","23":"ast-product-gallery-layout-horizontal-slider","24":"ast-product-single-variable","25":"ast-product-tabs-layout-accordion","26":"ast-qv-on-image","28":"first","29":"instock","30":"taxable","31":"shipping-taxable","32":"purchasable","33":"product-type-variable"},"yoast_head":"<!-- This site is optimized with the Yoast SEO plugin v26.6 - https:\/\/yoast.com\/wordpress\/plugins\/seo\/ -->\n<title>Kolczyki z diamentami typu Halo \u2013 Princess (0.90 ct)<\/title>\n<meta name=\"description\" content=\"Kolczyki z diamentami, w kt\u00f3rych design Halo i kwadratowy kszta\u0142t centralnego diamentu tworz\u0105 wyrazisty, luksusowy wygl\u0105d w ka\u017cdym stylu.\" \/>\n<meta name=\"robots\" content=\"index, follow, max-snippet:-1, max-image-preview:large, max-video-preview:-1\" \/>\n<link rel=\"canonical\" href=\"https:\/\/fashiongold.lt\/pl\/papuosalas\/kolczyki-z-diamentami-w-stylu-halo-princess-0-90-ct\/\" \/>\n<meta property=\"og:locale\" content=\"pl_PL\" \/>\n<meta property=\"og:type\" content=\"article\" \/>\n<meta property=\"og:title\" content=\"Kolczyki z diamentami typu Halo \u2013 Princess (0.90 ct)\" \/>\n<meta property=\"og:description\" content=\"Kolczyki z diamentami, w kt\u00f3rych design Halo i kwadratowy kszta\u0142t centralnego diamentu tworz\u0105 wyrazisty, luksusowy wygl\u0105d w ka\u017cdym stylu.\" \/>\n<meta property=\"og:url\" content=\"https:\/\/fashiongold.lt\/pl\/papuosalas\/kolczyki-z-diamentami-w-stylu-halo-princess-0-90-ct\/\" \/>\n<meta property=\"og:site_name\" content=\"FashionGold.lt\" \/>\n<meta property=\"og:image\" content=\"https:\/\/fashiongold.lt\/wp-content\/uploads\/2025\/08\/Auskarai-su-deimantu-PRINCESS-HALO-DEIMANTAI-2030-1.webp\" \/>\n\t<meta property=\"og:image:width\" content=\"800\" \/>\n\t<meta property=\"og:image:height\" content=\"800\" \/>\n\t<meta property=\"og:image:type\" content=\"image\/jpeg\" \/>\n<meta name=\"twitter:card\" content=\"summary_large_image\" \/>\n<meta name=\"twitter:label1\" content=\"Szacowany czas czytania\" \/>\n\t<meta name=\"twitter:data1\" content=\"1 minuta\" \/>\n<script type=\"application\/ld+json\" class=\"yoast-schema-graph\">{\"@context\":\"https:\/\/schema.org\",\"@graph\":[{\"@type\":\"WebPage\",\"@id\":\"https:\/\/fashiongold.lt\/pl\/papuosalas\/kolczyki-z-diamentami-w-stylu-halo-princess-0-90-ct\/\",\"url\":\"https:\/\/fashiongold.lt\/pl\/papuosalas\/kolczyki-z-diamentami-w-stylu-halo-princess-0-90-ct\/\",\"name\":\"Kolczyki z diamentami typu Halo \u2013 Princess (0.90 ct)\",\"isPartOf\":{\"@id\":\"https:\/\/fashiongold.lt\/pl\/#website\"},\"primaryImageOfPage\":{\"@id\":\"https:\/\/fashiongold.lt\/pl\/papuosalas\/kolczyki-z-diamentami-w-stylu-halo-princess-0-90-ct\/#primaryimage\"},\"image\":{\"@id\":\"https:\/\/fashiongold.lt\/pl\/papuosalas\/kolczyki-z-diamentami-w-stylu-halo-princess-0-90-ct\/#primaryimage\"},\"thumbnailUrl\":\"https:\/\/fashiongold.lt\/wp-content\/uploads\/2025\/08\/Auskarai-su-deimantu-PRINCESS-HALO-DEIMANTAI-2030-1.jpg\",\"datePublished\":\"2025-08-12T07:16:01+00:00\",\"description\":\"Kolczyki z diamentami, w kt\u00f3rych design Halo i kwadratowy kszta\u0142t centralnego diamentu tworz\u0105 wyrazisty, luksusowy wygl\u0105d w ka\u017cdym stylu.\",\"breadcrumb\":{\"@id\":\"https:\/\/fashiongold.lt\/pl\/papuosalas\/kolczyki-z-diamentami-w-stylu-halo-princess-0-90-ct\/#breadcrumb\"},\"inLanguage\":\"pl-PL\",\"potentialAction\":[{\"@type\":\"ReadAction\",\"target\":[\"https:\/\/fashiongold.lt\/pl\/papuosalas\/kolczyki-z-diamentami-w-stylu-halo-princess-0-90-ct\/\"]}]},{\"@type\":\"ImageObject\",\"inLanguage\":\"pl-PL\",\"@id\":\"https:\/\/fashiongold.lt\/pl\/papuosalas\/kolczyki-z-diamentami-w-stylu-halo-princess-0-90-ct\/#primaryimage\",\"url\":\"https:\/\/fashiongold.lt\/wp-content\/uploads\/2025\/08\/Auskarai-su-deimantu-PRINCESS-HALO-DEIMANTAI-2030-1.jpg\",\"contentUrl\":\"https:\/\/fashiongold.lt\/wp-content\/uploads\/2025\/08\/Auskarai-su-deimantu-PRINCESS-HALO-DEIMANTAI-2030-1.jpg\",\"width\":800,\"height\":800,\"caption\":\"Auskarai su deimantais ir halo juostele i\u0161 balto aukso arba platinos - princess deimantai\"},{\"@type\":\"BreadcrumbList\",\"@id\":\"https:\/\/fashiongold.lt\/pl\/papuosalas\/kolczyki-z-diamentami-w-stylu-halo-princess-0-90-ct\/#breadcrumb\",\"itemListElement\":[{\"@type\":\"ListItem\",\"position\":1,\"name\":\"Home\",\"item\":\"https:\/\/fashiongold.lt\/pl\/\"},{\"@type\":\"ListItem\",\"position\":2,\"name\":\"Sklep z diamentami Fashiongold.lt\",\"item\":\"https:\/\/fashiongold.lt\/shop-2\/\"},{\"@type\":\"ListItem\",\"position\":3,\"name\":\"Kolczyki z diamentami w stylu Halo \u2013 Princess (0.90 ct)\"}]},{\"@type\":\"WebSite\",\"@id\":\"https:\/\/fashiongold.lt\/pl\/#website\",\"url\":\"https:\/\/fashiongold.lt\/pl\/\",\"name\":\"Fashion Gold\",\"description\":\"Juvelyrikos namai\",\"publisher\":{\"@id\":\"https:\/\/fashiongold.lt\/pl\/#organization\"},\"potentialAction\":[{\"@type\":\"SearchAction\",\"target\":{\"@type\":\"EntryPoint\",\"urlTemplate\":\"https:\/\/fashiongold.lt\/pl\/?s={search_term_string}\"},\"query-input\":{\"@type\":\"PropertyValueSpecification\",\"valueRequired\":true,\"valueName\":\"search_term_string\"}}],\"inLanguage\":\"pl-PL\"},{\"@type\":\"Organization\",\"@id\":\"https:\/\/fashiongold.lt\/pl\/#organization\",\"name\":\"Topdiamonds Online\",\"url\":\"https:\/\/fashiongold.lt\/pl\/\",\"logo\":{\"@type\":\"ImageObject\",\"inLanguage\":\"pl-PL\",\"@id\":\"https:\/\/fashiongold.lt\/pl\/#\/schema\/logo\/image\/\",\"url\":\"https:\/\/fashiongold.lt\/wp-content\/uploads\/2025\/04\/cropped-fashion_gold_logotipas2-scaled-1.png\",\"contentUrl\":\"https:\/\/fashiongold.lt\/wp-content\/uploads\/2025\/04\/cropped-fashion_gold_logotipas2-scaled-1.png\",\"width\":2559,\"height\":421,\"caption\":\"Topdiamonds Online\"},\"image\":{\"@id\":\"https:\/\/fashiongold.lt\/pl\/#\/schema\/logo\/image\/\"}}]}<\/script>\n<!-- \/ Yoast SEO plugin. -->","yoast_head_json":{"title":"Kolczyki z diamentami typu Halo \u2013 Princess (0.90 ct)","description":"Kolczyki z diamentami, w kt\u00f3rych design Halo i kwadratowy kszta\u0142t centralnego diamentu tworz\u0105 wyrazisty, luksusowy wygl\u0105d w ka\u017cdym stylu.","robots":{"index":"index","follow":"follow","max-snippet":"max-snippet:-1","max-image-preview":"max-image-preview:large","max-video-preview":"max-video-preview:-1"},"canonical":"https:\/\/fashiongold.lt\/pl\/papuosalas\/kolczyki-z-diamentami-w-stylu-halo-princess-0-90-ct\/","og_locale":"pl_PL","og_type":"article","og_title":"Kolczyki z diamentami typu Halo \u2013 Princess (0.90 ct)","og_description":"Kolczyki z diamentami, w kt\u00f3rych design Halo i kwadratowy kszta\u0142t centralnego diamentu tworz\u0105 wyrazisty, luksusowy wygl\u0105d w ka\u017cdym stylu.","og_url":"https:\/\/fashiongold.lt\/pl\/papuosalas\/kolczyki-z-diamentami-w-stylu-halo-princess-0-90-ct\/","og_site_name":"FashionGold.lt","og_image":[{"width":800,"height":800,"url":"https:\/\/fashiongold.lt\/wp-content\/uploads\/2025\/08\/Auskarai-su-deimantu-PRINCESS-HALO-DEIMANTAI-2030-1.webp","type":"image\/jpeg"}],"twitter_card":"summary_large_image","twitter_misc":{"Szacowany czas czytania":"1 minuta"},"schema":{"@context":"https:\/\/schema.org","@graph":[{"@type":"WebPage","@id":"https:\/\/fashiongold.lt\/pl\/papuosalas\/kolczyki-z-diamentami-w-stylu-halo-princess-0-90-ct\/","url":"https:\/\/fashiongold.lt\/pl\/papuosalas\/kolczyki-z-diamentami-w-stylu-halo-princess-0-90-ct\/","name":"Kolczyki z diamentami typu Halo \u2013 Princess (0.90 ct)","isPartOf":{"@id":"https:\/\/fashiongold.lt\/pl\/#website"},"primaryImageOfPage":{"@id":"https:\/\/fashiongold.lt\/pl\/papuosalas\/kolczyki-z-diamentami-w-stylu-halo-princess-0-90-ct\/#primaryimage"},"image":{"@id":"https:\/\/fashiongold.lt\/pl\/papuosalas\/kolczyki-z-diamentami-w-stylu-halo-princess-0-90-ct\/#primaryimage"},"thumbnailUrl":"https:\/\/fashiongold.lt\/wp-content\/uploads\/2025\/08\/Auskarai-su-deimantu-PRINCESS-HALO-DEIMANTAI-2030-1.jpg","datePublished":"2025-08-12T07:16:01+00:00","description":"Kolczyki z diamentami, w kt\u00f3rych design Halo i kwadratowy kszta\u0142t centralnego diamentu tworz\u0105 wyrazisty, luksusowy wygl\u0105d w ka\u017cdym stylu.","breadcrumb":{"@id":"https:\/\/fashiongold.lt\/pl\/papuosalas\/kolczyki-z-diamentami-w-stylu-halo-princess-0-90-ct\/#breadcrumb"},"inLanguage":"pl-PL","potentialAction":[{"@type":"ReadAction","target":["https:\/\/fashiongold.lt\/pl\/papuosalas\/kolczyki-z-diamentami-w-stylu-halo-princess-0-90-ct\/"]}]},{"@type":"ImageObject","inLanguage":"pl-PL","@id":"https:\/\/fashiongold.lt\/pl\/papuosalas\/kolczyki-z-diamentami-w-stylu-halo-princess-0-90-ct\/#primaryimage","url":"https:\/\/fashiongold.lt\/wp-content\/uploads\/2025\/08\/Auskarai-su-deimantu-PRINCESS-HALO-DEIMANTAI-2030-1.jpg","contentUrl":"https:\/\/fashiongold.lt\/wp-content\/uploads\/2025\/08\/Auskarai-su-deimantu-PRINCESS-HALO-DEIMANTAI-2030-1.jpg","width":800,"height":800,"caption":"Auskarai su deimantais ir halo juostele i\u0161 balto aukso arba platinos - princess deimantai"},{"@type":"BreadcrumbList","@id":"https:\/\/fashiongold.lt\/pl\/papuosalas\/kolczyki-z-diamentami-w-stylu-halo-princess-0-90-ct\/#breadcrumb","itemListElement":[{"@type":"ListItem","position":1,"name":"Home","item":"https:\/\/fashiongold.lt\/pl\/"},{"@type":"ListItem","position":2,"name":"Sklep z diamentami Fashiongold.lt","item":"https:\/\/fashiongold.lt\/shop-2\/"},{"@type":"ListItem","position":3,"name":"Kolczyki z diamentami w stylu Halo \u2013 Princess (0.90 ct)"}]},{"@type":"WebSite","@id":"https:\/\/fashiongold.lt\/pl\/#website","url":"https:\/\/fashiongold.lt\/pl\/","name":"Fashion Gold","description":"Juvelyrikos namai","publisher":{"@id":"https:\/\/fashiongold.lt\/pl\/#organization"},"potentialAction":[{"@type":"SearchAction","target":{"@type":"EntryPoint","urlTemplate":"https:\/\/fashiongold.lt\/pl\/?s={search_term_string}"},"query-input":{"@type":"PropertyValueSpecification","valueRequired":true,"valueName":"search_term_string"}}],"inLanguage":"pl-PL"},{"@type":"Organization","@id":"https:\/\/fashiongold.lt\/pl\/#organization","name":"Topdiamonds Online","url":"https:\/\/fashiongold.lt\/pl\/","logo":{"@type":"ImageObject","inLanguage":"pl-PL","@id":"https:\/\/fashiongold.lt\/pl\/#\/schema\/logo\/image\/","url":"https:\/\/fashiongold.lt\/wp-content\/uploads\/2025\/04\/cropped-fashion_gold_logotipas2-scaled-1.png","contentUrl":"https:\/\/fashiongold.lt\/wp-content\/uploads\/2025\/04\/cropped-fashion_gold_logotipas2-scaled-1.png","width":2559,"height":421,"caption":"Topdiamonds Online"},"image":{"@id":"https:\/\/fashiongold.lt\/pl\/#\/schema\/logo\/image\/"}}]}},"_links":{"self":[{"href":"https:\/\/fashiongold.lt\/pl\/wp-json\/wp\/v2\/product\/294318","targetHints":{"allow":["GET"]}}],"collection":[{"href":"https:\/\/fashiongold.lt\/pl\/wp-json\/wp\/v2\/product"}],"about":[{"href":"https:\/\/fashiongold.lt\/pl\/wp-json\/wp\/v2\/types\/product"}],"version-history":[{"count":0,"href":"https:\/\/fashiongold.lt\/pl\/wp-json\/wp\/v2\/product\/294318\/revisions"}],"wp:featuredmedia":[{"embeddable":true,"href":"https:\/\/fashiongold.lt\/pl\/wp-json\/wp\/v2\/media\/30842"}],"wp:attachment":[{"href":"https:\/\/fashiongold.lt\/pl\/wp-json\/wp\/v2\/media?parent=294318"}],"wp:term":[{"taxonomy":"product_brand","embeddable":true,"href":"https:\/\/fashiongold.lt\/pl\/wp-json\/wp\/v2\/product_brand?post=294318"},{"taxonomy":"product_cat","embeddable":true,"href":"https:\/\/fashiongold.lt\/pl\/wp-json\/wp\/v2\/product_cat?post=294318"},{"taxonomy":"product_tag","embeddable":true,"href":"https:\/\/fashiongold.lt\/pl\/wp-json\/wp\/v2\/product_tag?post=294318"}],"curies":[{"name":"wp","href":"https:\/\/api.w.org\/{rel}","templated":true}]}}