{"id":296175,"date":"2025-07-12T11:21:05","date_gmt":"2025-07-12T11:21:05","guid":{"rendered":"https:\/\/fashiongold.lt\/papuosalas\/moderny-pierscionek-zareczynowy-halo-z-diamentem-o-szlifie-gruszki-2-30-ct\/"},"modified":"2025-07-12T11:21:05","modified_gmt":"2025-07-12T11:21:05","slug":"moderny-pierscionek-zareczynowy-halo-z-diamentem-o-szlifie-gruszki-2-30-ct","status":"publish","type":"product","link":"https:\/\/fashiongold.lt\/pl\/papuosalas\/moderny-pierscionek-zareczynowy-halo-z-diamentem-o-szlifie-gruszki-2-30-ct\/","title":{"rendered":"Moderny pier\u015bcionek zar\u0119czynowy Halo z diamentem o szlifie gruszki (2.30 ct)"},"content":{"rendered":"<p>Nowoczesny pier\u015bcionek zar\u0119czynowy typu Halo, wykonany zgodnie z najwy\u017cszymi standardami kunsztu jubilerskiego, co zapewnia nienagann\u0105 jako\u015b\u0107 i precyzyjn\u0105 obr\u00f3bk\u0119 detali. Rozwi\u0105zania indywidualne, w tym wyb\u00f3r diament\u00f3w o wy\u017cszej jako\u015bci, s\u0105 dost\u0119pne za dodatkow\u0105 op\u0142at\u0105.<\/p>\n<p>\u2022 <strong><a href=\"https:\/\/fashiongold.lt\/pl\/patarimai-pl\/jaka-proba-zlota-jest-najlepsza-jak-wybrac-najbardziej-odpowiedni-pierscionek-zareczynowy-lub-obraczke-slubna\/\" target=\"_blank\" rel=\"noopener\">Metale szlachetne<\/a><\/strong>: 14K (pr\u00f3ba 585), 18K (pr\u00f3ba 750), platyna 900<br \/>\n\u2022 <strong><a href=\"https:\/\/fashiongold.lt\/pl\/patarimai-pl\/kolor-zlota-pierscionkow-zareczynowych-i-obraczek-slubnych-biale-rozowe-czy-zolte-zloto\/\" target=\"_blank\" rel=\"noopener\">Dost\u0119pne kolory z\u0142ota<\/a><\/strong>: bia\u0142e, czerwone, \u017c\u00f3\u0142te<br \/>\n\u2022 <strong><a href=\"https:\/\/fashiongold.lt\/pl\/patarimai-pl\/pierscionki-z-diamentami-waga-zlota-w-pierscionku-i-waga-diamentow-w-karatach-jak-wybrac-odpowiedni-rekomendacje-jak-rozumiec-i-oceniac\/\" target=\"_blank\" rel=\"noopener\">Przybli\u017cona waga pier\u015bcionka<\/a><\/strong>: <span data-sheets-root=\"1\">oko\u0142o 2.00 g &#8211; 3.50 g<\/span><br \/>\n\u2022 <span data-sheets-root=\"1\"><a href=\"https:\/\/fashiongold.lt\/pl\/patarimai-pl\/pierscionki-zareczynowe-tajemnica-idealnych-proporcji-dlaczego-niektore-pierscionki-z-diamentami-wygladaja-bardziej-luksusowo\/\" target=\"_blank\" rel=\"noopener\"><strong>Szeroko\u015b\u0107 korony<\/strong><\/a>:<\/span> oko\u0142o <span data-sheets-root=\"1\">9.5 mm x 7.5 mm<\/span><br \/>\n\u2022 <strong><a href=\"https:\/\/fashiongold.lt\/pl\/patarimai-pl\/diament-inne-ksztalty-diamentu\/\" target=\"_blank\" rel=\"noopener\">Kszta\u0142t i szlif diamentu<\/a><\/strong>: <span data-sheets-root=\"1\">Kszta\u0142t \u0142ezki (<em>Pear cut<\/em>)<\/span><br \/>\n\u2022 <strong><a href=\"https:\/\/fashiongold.lt\/pl\/patarimai-pl\/diament-naturalny-laboratoryjny-czy-sztuczny-jak-wybrac-wlasciwie\/\" target=\"_blank\" rel=\"noopener\">Pochodzenie diamentu<\/a><\/strong>: Diament wyhodowany w laboratorium lub diament naturalny<br \/>\n\u2022 <strong><a href=\"https:\/\/fashiongold.lt\/pl\/patarimai-pl\/diament-jak-oceniany-jest-luksus-najcenniejszego-kamienia-szlachetnego\/\" target=\"_blank\" rel=\"noopener\">Waga i charakterystyka diamentu<\/a><\/strong> (mo\u017cliwo\u015b\u0107 zmiany):<br \/>\nDiament wyhodowany w laboratorium z certyfikatem IGI: <span data-sheets-root=\"1\">2.00<\/span> ct diament (kolor D-E, czysto\u015b\u0107 VVS)<br \/>\nDiament naturalny z certyfikatem GIA: <span data-sheets-root=\"1\">2.00<\/span> ct diament (kolor G-I, czysto\u015b\u0107 SI)<br \/>\n<span data-sheets-root=\"1\">Diamenty znajduj\u0105ce si\u0119 w oprawie Halo wok\u00f3\u0142 centralnego kamienia oraz na szynie &#8211; diamenty ok. 0.007 ct (mo\u017cliwo\u015b\u0107 zmiany)<br \/>\nCa\u0142kowita waga diament\u00f3w: 2.30 ct<br \/>\n<strong>Uwaga<\/strong>: przy zakupie bi\u017cuterii w stylu Halo mo\u017cliwa jest tolerancja ca\u0142kowitej wagi diament\u00f3w: 2.28 ct &#8211; 2.32 ct<\/span><br \/>\n\u2022 Jednorazowe bezp\u0142atne <strong><a href=\"https:\/\/fashiongold.lt\/pl\/patarimai-pl\/pierscionki-zareczynowe-czy-mozna-wygrawerowac-pierscionek-detale-ktore-nadaja-twojemu-pierscionkowi-zareczynowemu-indywidualnego-charakteru\/\" target=\"_blank\" rel=\"noopener\">grawerowanie<\/a><\/strong><br \/>\n\u2022 Jednorazowa bezp\u0142atna <strong><a href=\"https:\/\/fashiongold.lt\/pl\/patarimai-pl\/pierscionki-zareczynowe-darmowa-korekta-rozmiaru-aby-pierscionek-pasowal-idealnie\/\" target=\"_blank\" rel=\"noopener\">zmiana rozmiaru pier\u015bcionka<\/a><br \/>\n<\/strong>\u2022 Wn\u0119trze pier\u015bcionka zar\u0119czynowego posiada <strong><a href=\"https:\/\/fashiongold.lt\/pl\/patarimai-pl\/strefa-komfortu-pierscionka-lub-wygoda-pierscionka\/\" target=\"_blank\" rel=\"noopener\">stref\u0119 komfortu<\/a><\/strong><br \/>\n\u2022 <strong><a href=\"https:\/\/fashiongold.lt\/pl\/dostawa-i-zwroty\/\" target=\"_blank\" rel=\"noopener\">Termin wykonania i dostawy<\/a><\/strong>: od 14 dni roboczych, w trybie pilnym w ci\u0105gu 7 dni roboczych.<\/p>\n<p data-start=\"1169\" data-end=\"1394\">Masz w\u0142asny kamie\u0144 szlachetny lub z\u0142oto? Wycenimy Twoje materia\u0142y i zaktualizujemy cen\u0119 \u2013 zap\u0142acisz tylko za indywidualny proces produkcji pier\u015bcionka zar\u0119czynowego. Chcesz zmieni\u0107 w\u0142a\u015bciwo\u015bci diamentu zgodnie ze swoimi potrzebami? <strong><a href=\"https:\/\/fashiongold.lt\/pl\/kontakt\/\" target=\"_blank\" rel=\"noopener\">Skontaktuj si\u0119<\/a><\/strong> z naszymi specjalistami.<br \/>\nOdkryj szeroki asortyment bi\u017cuterii z diamentami, dostosowany do r\u00f3\u017cnych gust\u00f3w i bud\u017cet\u00f3w. Stw\u00f3rz wyj\u0105tkow\u0105 bi\u017cuteri\u0119 z <a href=\"https:\/\/fashiongold.lt\/pl\/\" target=\"_blank\" rel=\"noopener\">FashionGold.lt<\/a>.<\/p>\n","protected":false},"excerpt":{"rendered":"<h2 data-start=\"2490\" data-end=\"2556\">Wyrazisty pier\u015bcionek zar\u0119czynowy Halo z diamentami o masie 2.30 ct<\/h2>\n<p data-start=\"2557\" data-end=\"2766\">Ten nowoczesny pier\u015bcionek zar\u0119czynowy typu Halo jest przeznaczony dla os\u00f3b, kt\u00f3re chc\u0105, aby ich symbol zar\u0119czyn by\u0142 zauwa\u017calny. Ca\u0142kowita masa diament\u00f3w wynosi 2.30 ct, dzi\u0119ki czemu ten pier\u015bcionek zar\u0119czynowy charakteryzuje si\u0119 wyra\u017anym blaskiem i solidn\u0105 struktur\u0105 wizualn\u0105. Centralny diament o szlifie <em>Pear<\/em> nadaje projektowi wyj\u0105tkowo\u015bci. Kamie\u0144 w kszta\u0142cie \u0142zy staje si\u0119 tutaj nie tylko ozdob\u0105, ale tak\u017ce g\u0142\u00f3wn\u0105 osi\u0105 designu.<\/p>\n<h3 data-start=\"2915\" data-end=\"2955\">Diament o szlifie <em>Pear<\/em> jako forma prawdziwego luksusu<\/h3>\n<p data-start=\"2956\" data-end=\"3152\">Diament w kszta\u0142cie \u0142zy wizualnie wyd\u0142u\u017ca kamie\u0144 i nadaje pier\u015bcionkowi zar\u0119czynowemu smuk\u0142o\u015bci. Korona halo oraz dodatkowe diamenty na obr\u0105czce jeszcze bardziej pot\u0119guj\u0105 ten efekt, tworz\u0105c nowoczesny, lecz zr\u00f3wnowa\u017cony wygl\u0105d.<\/p>\n","protected":false},"featured_media":17568,"template":"","meta":{"site-sidebar-layout":"default","site-content-layout":"","ast-site-content-layout":"default","site-content-style":"default","site-sidebar-style":"default","ast-global-header-display":"","ast-banner-title-visibility":"","ast-main-header-display":"","ast-hfb-above-header-display":"","ast-hfb-below-header-display":"","ast-hfb-mobile-header-display":"","site-post-title":"","ast-breadcrumbs-content":"","ast-featured-img":"","footer-sml-layout":"","ast-disable-related-posts":"","theme-transparent-header-meta":"default","adv-header-id-meta":"","stick-header-meta":"","header-above-stick-meta":"","header-main-stick-meta":"","header-below-stick-meta":"","astra-migrate-meta-layouts":"default","ast-page-background-enabled":"default","ast-page-background-meta":{"desktop":{"background-color":"var(--ast-global-color-4)","background-image":"","background-repeat":"repeat","background-position":"center center","background-size":"auto","background-attachment":"scroll","background-type":"","background-media":"","overlay-type":"","overlay-color":"","overlay-opacity":"","overlay-gradient":""},"tablet":{"background-color":"","background-image":"","background-repeat":"repeat","background-position":"center center","background-size":"auto","background-attachment":"scroll","background-type":"","background-media":"","overlay-type":"","overlay-color":"","overlay-opacity":"","overlay-gradient":""},"mobile":{"background-color":"","background-image":"","background-repeat":"repeat","background-position":"center center","background-size":"auto","background-attachment":"scroll","background-type":"","background-media":"","overlay-type":"","overlay-color":"","overlay-opacity":"","overlay-gradient":""}},"ast-content-background-meta":{"desktop":{"background-color":"var(--ast-global-color-5)","background-image":"","background-repeat":"repeat","background-position":"center center","background-size":"auto","background-attachment":"scroll","background-type":"","background-media":"","overlay-type":"","overlay-color":"","overlay-opacity":"","overlay-gradient":""},"tablet":{"background-color":"var(--ast-global-color-5)","background-image":"","background-repeat":"repeat","background-position":"center center","background-size":"auto","background-attachment":"scroll","background-type":"","background-media":"","overlay-type":"","overlay-color":"","overlay-opacity":"","overlay-gradient":""},"mobile":{"background-color":"var(--ast-global-color-5)","background-image":"","background-repeat":"repeat","background-position":"center center","background-size":"auto","background-attachment":"scroll","background-type":"","background-media":"","overlay-type":"","overlay-color":"","overlay-opacity":"","overlay-gradient":""}}},"product_brand":[],"product_cat":[3044,2858,2973,3284,2861,3236,3232,2993,3233,3235,3357,3964,3234,2876,2860],"product_tag":[],"class_list":{"0":"post-296175","1":"product","2":"type-product","3":"status-publish","4":"has-post-thumbnail","6":"product_cat-bizuteria","7":"product_cat-bizuteria-z-bialego-zlota","8":"product_cat-bizuteria-z-czerwonego-zlota","9":"product_cat-bizuteria-z-diamentami-laboratoryjnymi","10":"product_cat-bizuteria-z-zoltego-zlota","11":"product_cat-nowoczesne-pierscionki-zareczynowe","12":"product_cat-pierscionki-zareczynowe","13":"product_cat-pierscionki-zareczynowe-typu-halo","14":"product_cat-pierscionki-zareczynowe-z-bialego-zlota","15":"product_cat-pierscionki-zareczynowe-z-czerwonego-zlota","16":"product_cat-pierscionki-zareczynowe-z-diamentami-laboratoryjnymi","17":"product_cat-pierscionki-zareczynowe-z-diamentem","18":"product_cat-pierscionki-zareczynowe-z-zoltego-zlota","19":"product_cat-prezenty-na-walentynki","20":"product_cat-prezenty-na-wyjatkowe-okazje","21":"desktop-align-center","22":"tablet-align-left","23":"mobile-align-left","24":"ast-product-gallery-layout-horizontal-slider","25":"ast-product-single-variable","26":"ast-product-tabs-layout-accordion","27":"ast-qv-on-image","29":"first","30":"instock","31":"taxable","32":"shipping-taxable","33":"purchasable","34":"product-type-variable"},"yoast_head":"<!-- This site is optimized with the Yoast SEO plugin v26.6 - https:\/\/yoast.com\/wordpress\/plugins\/seo\/ -->\n<title>Nowoczesny pier\u015bcionek zar\u0119czynowy Halo z diamentem o szlifie gruszki (2.30 ct)<\/title>\n<meta name=\"description\" content=\"Pier\u015bcionek zar\u0119czynowy typu Halo o \u0142\u0105cznej masie diament\u00f3w 2,30 ct \u2013 wz\u00f3r Halo na nowoczesnej obr\u0105czce i wyrazisty diament w kszta\u0142cie \u0142ezki.\" \/>\n<meta name=\"robots\" content=\"index, follow, max-snippet:-1, max-image-preview:large, max-video-preview:-1\" \/>\n<link rel=\"canonical\" href=\"https:\/\/fashiongold.lt\/pl\/papuosalas\/moderny-pierscionek-zareczynowy-halo-z-diamentem-o-szlifie-gruszki-2-30-ct\/\" \/>\n<meta property=\"og:locale\" content=\"pl_PL\" \/>\n<meta property=\"og:type\" content=\"article\" \/>\n<meta property=\"og:title\" content=\"Nowoczesny pier\u015bcionek zar\u0119czynowy Halo z diamentem o szlifie gruszki (2.30 ct)\" \/>\n<meta property=\"og:description\" content=\"Pier\u015bcionek zar\u0119czynowy typu Halo o \u0142\u0105cznej masie diament\u00f3w 2,30 ct \u2013 wz\u00f3r Halo na nowoczesnej obr\u0105czce i wyrazisty diament w kszta\u0142cie \u0142ezki.\" \/>\n<meta property=\"og:url\" content=\"https:\/\/fashiongold.lt\/pl\/papuosalas\/moderny-pierscionek-zareczynowy-halo-z-diamentem-o-szlifie-gruszki-2-30-ct\/\" \/>\n<meta property=\"og:site_name\" content=\"FashionGold.lt\" \/>\n<meta property=\"og:image\" content=\"https:\/\/fashiongold.lt\/wp-content\/uploads\/2025\/06\/TDO-1250-modernus-halo-suzadetuviu-ziedas-su-deimantu-pear-cut-3.webp\" \/>\n\t<meta property=\"og:image:width\" content=\"800\" \/>\n\t<meta property=\"og:image:height\" content=\"800\" \/>\n\t<meta property=\"og:image:type\" content=\"image\/jpeg\" \/>\n<meta name=\"twitter:card\" content=\"summary_large_image\" \/>\n<meta name=\"twitter:label1\" content=\"Szacowany czas czytania\" \/>\n\t<meta name=\"twitter:data1\" content=\"1 minuta\" \/>\n<script type=\"application\/ld+json\" class=\"yoast-schema-graph\">{\"@context\":\"https:\/\/schema.org\",\"@graph\":[{\"@type\":\"WebPage\",\"@id\":\"https:\/\/fashiongold.lt\/pl\/papuosalas\/moderny-pierscionek-zareczynowy-halo-z-diamentem-o-szlifie-gruszki-2-30-ct\/\",\"url\":\"https:\/\/fashiongold.lt\/pl\/papuosalas\/moderny-pierscionek-zareczynowy-halo-z-diamentem-o-szlifie-gruszki-2-30-ct\/\",\"name\":\"Nowoczesny pier\u015bcionek zar\u0119czynowy Halo z diamentem o szlifie gruszki (2.30 ct)\",\"isPartOf\":{\"@id\":\"https:\/\/fashiongold.lt\/pl\/#website\"},\"primaryImageOfPage\":{\"@id\":\"https:\/\/fashiongold.lt\/pl\/papuosalas\/moderny-pierscionek-zareczynowy-halo-z-diamentem-o-szlifie-gruszki-2-30-ct\/#primaryimage\"},\"image\":{\"@id\":\"https:\/\/fashiongold.lt\/pl\/papuosalas\/moderny-pierscionek-zareczynowy-halo-z-diamentem-o-szlifie-gruszki-2-30-ct\/#primaryimage\"},\"thumbnailUrl\":\"https:\/\/fashiongold.lt\/wp-content\/uploads\/2025\/06\/TDO-1250-modernus-halo-suzadetuviu-ziedas-su-deimantu-pear-cut-3.jpg\",\"datePublished\":\"2025-07-12T11:21:05+00:00\",\"description\":\"Pier\u015bcionek zar\u0119czynowy typu Halo o \u0142\u0105cznej masie diament\u00f3w 2,30 ct \u2013 wz\u00f3r Halo na nowoczesnej obr\u0105czce i wyrazisty diament w kszta\u0142cie \u0142ezki.\",\"breadcrumb\":{\"@id\":\"https:\/\/fashiongold.lt\/pl\/papuosalas\/moderny-pierscionek-zareczynowy-halo-z-diamentem-o-szlifie-gruszki-2-30-ct\/#breadcrumb\"},\"inLanguage\":\"pl-PL\",\"potentialAction\":[{\"@type\":\"ReadAction\",\"target\":[\"https:\/\/fashiongold.lt\/pl\/papuosalas\/moderny-pierscionek-zareczynowy-halo-z-diamentem-o-szlifie-gruszki-2-30-ct\/\"]}]},{\"@type\":\"ImageObject\",\"inLanguage\":\"pl-PL\",\"@id\":\"https:\/\/fashiongold.lt\/pl\/papuosalas\/moderny-pierscionek-zareczynowy-halo-z-diamentem-o-szlifie-gruszki-2-30-ct\/#primaryimage\",\"url\":\"https:\/\/fashiongold.lt\/wp-content\/uploads\/2025\/06\/TDO-1250-modernus-halo-suzadetuviu-ziedas-su-deimantu-pear-cut-3.jpg\",\"contentUrl\":\"https:\/\/fashiongold.lt\/wp-content\/uploads\/2025\/06\/TDO-1250-modernus-halo-suzadetuviu-ziedas-su-deimantu-pear-cut-3.jpg\",\"width\":800,\"height\":800,\"caption\":\"Modernus su\u017ead\u0117tuvi\u0173 \u017eiedas su deimantais i\u0161 balto aukso arba platinos - pear cut\"},{\"@type\":\"BreadcrumbList\",\"@id\":\"https:\/\/fashiongold.lt\/pl\/papuosalas\/moderny-pierscionek-zareczynowy-halo-z-diamentem-o-szlifie-gruszki-2-30-ct\/#breadcrumb\",\"itemListElement\":[{\"@type\":\"ListItem\",\"position\":1,\"name\":\"Home\",\"item\":\"https:\/\/fashiongold.lt\/pl\/\"},{\"@type\":\"ListItem\",\"position\":2,\"name\":\"Sklep z diamentami Fashiongold.lt\",\"item\":\"https:\/\/fashiongold.lt\/shop-2\/\"},{\"@type\":\"ListItem\",\"position\":3,\"name\":\"Moderny pier\u015bcionek zar\u0119czynowy Halo z diamentem o szlifie gruszki (2.30 ct)\"}]},{\"@type\":\"WebSite\",\"@id\":\"https:\/\/fashiongold.lt\/pl\/#website\",\"url\":\"https:\/\/fashiongold.lt\/pl\/\",\"name\":\"Fashion Gold\",\"description\":\"Juvelyrikos namai\",\"publisher\":{\"@id\":\"https:\/\/fashiongold.lt\/pl\/#organization\"},\"potentialAction\":[{\"@type\":\"SearchAction\",\"target\":{\"@type\":\"EntryPoint\",\"urlTemplate\":\"https:\/\/fashiongold.lt\/pl\/?s={search_term_string}\"},\"query-input\":{\"@type\":\"PropertyValueSpecification\",\"valueRequired\":true,\"valueName\":\"search_term_string\"}}],\"inLanguage\":\"pl-PL\"},{\"@type\":\"Organization\",\"@id\":\"https:\/\/fashiongold.lt\/pl\/#organization\",\"name\":\"Topdiamonds Online\",\"url\":\"https:\/\/fashiongold.lt\/pl\/\",\"logo\":{\"@type\":\"ImageObject\",\"inLanguage\":\"pl-PL\",\"@id\":\"https:\/\/fashiongold.lt\/pl\/#\/schema\/logo\/image\/\",\"url\":\"https:\/\/fashiongold.lt\/wp-content\/uploads\/2025\/04\/cropped-fashion_gold_logotipas2-scaled-1.png\",\"contentUrl\":\"https:\/\/fashiongold.lt\/wp-content\/uploads\/2025\/04\/cropped-fashion_gold_logotipas2-scaled-1.png\",\"width\":2559,\"height\":421,\"caption\":\"Topdiamonds Online\"},\"image\":{\"@id\":\"https:\/\/fashiongold.lt\/pl\/#\/schema\/logo\/image\/\"}}]}<\/script>\n<!-- \/ Yoast SEO plugin. -->","yoast_head_json":{"title":"Nowoczesny pier\u015bcionek zar\u0119czynowy Halo z diamentem o szlifie gruszki (2.30 ct)","description":"Pier\u015bcionek zar\u0119czynowy typu Halo o \u0142\u0105cznej masie diament\u00f3w 2,30 ct \u2013 wz\u00f3r Halo na nowoczesnej obr\u0105czce i wyrazisty diament w kszta\u0142cie \u0142ezki.","robots":{"index":"index","follow":"follow","max-snippet":"max-snippet:-1","max-image-preview":"max-image-preview:large","max-video-preview":"max-video-preview:-1"},"canonical":"https:\/\/fashiongold.lt\/pl\/papuosalas\/moderny-pierscionek-zareczynowy-halo-z-diamentem-o-szlifie-gruszki-2-30-ct\/","og_locale":"pl_PL","og_type":"article","og_title":"Nowoczesny pier\u015bcionek zar\u0119czynowy Halo z diamentem o szlifie gruszki (2.30 ct)","og_description":"Pier\u015bcionek zar\u0119czynowy typu Halo o \u0142\u0105cznej masie diament\u00f3w 2,30 ct \u2013 wz\u00f3r Halo na nowoczesnej obr\u0105czce i wyrazisty diament w kszta\u0142cie \u0142ezki.","og_url":"https:\/\/fashiongold.lt\/pl\/papuosalas\/moderny-pierscionek-zareczynowy-halo-z-diamentem-o-szlifie-gruszki-2-30-ct\/","og_site_name":"FashionGold.lt","og_image":[{"width":800,"height":800,"url":"https:\/\/fashiongold.lt\/wp-content\/uploads\/2025\/06\/TDO-1250-modernus-halo-suzadetuviu-ziedas-su-deimantu-pear-cut-3.webp","type":"image\/jpeg"}],"twitter_card":"summary_large_image","twitter_misc":{"Szacowany czas czytania":"1 minuta"},"schema":{"@context":"https:\/\/schema.org","@graph":[{"@type":"WebPage","@id":"https:\/\/fashiongold.lt\/pl\/papuosalas\/moderny-pierscionek-zareczynowy-halo-z-diamentem-o-szlifie-gruszki-2-30-ct\/","url":"https:\/\/fashiongold.lt\/pl\/papuosalas\/moderny-pierscionek-zareczynowy-halo-z-diamentem-o-szlifie-gruszki-2-30-ct\/","name":"Nowoczesny pier\u015bcionek zar\u0119czynowy Halo z diamentem o szlifie gruszki (2.30 ct)","isPartOf":{"@id":"https:\/\/fashiongold.lt\/pl\/#website"},"primaryImageOfPage":{"@id":"https:\/\/fashiongold.lt\/pl\/papuosalas\/moderny-pierscionek-zareczynowy-halo-z-diamentem-o-szlifie-gruszki-2-30-ct\/#primaryimage"},"image":{"@id":"https:\/\/fashiongold.lt\/pl\/papuosalas\/moderny-pierscionek-zareczynowy-halo-z-diamentem-o-szlifie-gruszki-2-30-ct\/#primaryimage"},"thumbnailUrl":"https:\/\/fashiongold.lt\/wp-content\/uploads\/2025\/06\/TDO-1250-modernus-halo-suzadetuviu-ziedas-su-deimantu-pear-cut-3.jpg","datePublished":"2025-07-12T11:21:05+00:00","description":"Pier\u015bcionek zar\u0119czynowy typu Halo o \u0142\u0105cznej masie diament\u00f3w 2,30 ct \u2013 wz\u00f3r Halo na nowoczesnej obr\u0105czce i wyrazisty diament w kszta\u0142cie \u0142ezki.","breadcrumb":{"@id":"https:\/\/fashiongold.lt\/pl\/papuosalas\/moderny-pierscionek-zareczynowy-halo-z-diamentem-o-szlifie-gruszki-2-30-ct\/#breadcrumb"},"inLanguage":"pl-PL","potentialAction":[{"@type":"ReadAction","target":["https:\/\/fashiongold.lt\/pl\/papuosalas\/moderny-pierscionek-zareczynowy-halo-z-diamentem-o-szlifie-gruszki-2-30-ct\/"]}]},{"@type":"ImageObject","inLanguage":"pl-PL","@id":"https:\/\/fashiongold.lt\/pl\/papuosalas\/moderny-pierscionek-zareczynowy-halo-z-diamentem-o-szlifie-gruszki-2-30-ct\/#primaryimage","url":"https:\/\/fashiongold.lt\/wp-content\/uploads\/2025\/06\/TDO-1250-modernus-halo-suzadetuviu-ziedas-su-deimantu-pear-cut-3.jpg","contentUrl":"https:\/\/fashiongold.lt\/wp-content\/uploads\/2025\/06\/TDO-1250-modernus-halo-suzadetuviu-ziedas-su-deimantu-pear-cut-3.jpg","width":800,"height":800,"caption":"Modernus su\u017ead\u0117tuvi\u0173 \u017eiedas su deimantais i\u0161 balto aukso arba platinos - pear cut"},{"@type":"BreadcrumbList","@id":"https:\/\/fashiongold.lt\/pl\/papuosalas\/moderny-pierscionek-zareczynowy-halo-z-diamentem-o-szlifie-gruszki-2-30-ct\/#breadcrumb","itemListElement":[{"@type":"ListItem","position":1,"name":"Home","item":"https:\/\/fashiongold.lt\/pl\/"},{"@type":"ListItem","position":2,"name":"Sklep z diamentami Fashiongold.lt","item":"https:\/\/fashiongold.lt\/shop-2\/"},{"@type":"ListItem","position":3,"name":"Moderny pier\u015bcionek zar\u0119czynowy Halo z diamentem o szlifie gruszki (2.30 ct)"}]},{"@type":"WebSite","@id":"https:\/\/fashiongold.lt\/pl\/#website","url":"https:\/\/fashiongold.lt\/pl\/","name":"Fashion Gold","description":"Juvelyrikos namai","publisher":{"@id":"https:\/\/fashiongold.lt\/pl\/#organization"},"potentialAction":[{"@type":"SearchAction","target":{"@type":"EntryPoint","urlTemplate":"https:\/\/fashiongold.lt\/pl\/?s={search_term_string}"},"query-input":{"@type":"PropertyValueSpecification","valueRequired":true,"valueName":"search_term_string"}}],"inLanguage":"pl-PL"},{"@type":"Organization","@id":"https:\/\/fashiongold.lt\/pl\/#organization","name":"Topdiamonds Online","url":"https:\/\/fashiongold.lt\/pl\/","logo":{"@type":"ImageObject","inLanguage":"pl-PL","@id":"https:\/\/fashiongold.lt\/pl\/#\/schema\/logo\/image\/","url":"https:\/\/fashiongold.lt\/wp-content\/uploads\/2025\/04\/cropped-fashion_gold_logotipas2-scaled-1.png","contentUrl":"https:\/\/fashiongold.lt\/wp-content\/uploads\/2025\/04\/cropped-fashion_gold_logotipas2-scaled-1.png","width":2559,"height":421,"caption":"Topdiamonds Online"},"image":{"@id":"https:\/\/fashiongold.lt\/pl\/#\/schema\/logo\/image\/"}}]}},"_links":{"self":[{"href":"https:\/\/fashiongold.lt\/pl\/wp-json\/wp\/v2\/product\/296175","targetHints":{"allow":["GET"]}}],"collection":[{"href":"https:\/\/fashiongold.lt\/pl\/wp-json\/wp\/v2\/product"}],"about":[{"href":"https:\/\/fashiongold.lt\/pl\/wp-json\/wp\/v2\/types\/product"}],"version-history":[{"count":0,"href":"https:\/\/fashiongold.lt\/pl\/wp-json\/wp\/v2\/product\/296175\/revisions"}],"wp:featuredmedia":[{"embeddable":true,"href":"https:\/\/fashiongold.lt\/pl\/wp-json\/wp\/v2\/media\/17568"}],"wp:attachment":[{"href":"https:\/\/fashiongold.lt\/pl\/wp-json\/wp\/v2\/media?parent=296175"}],"wp:term":[{"taxonomy":"product_brand","embeddable":true,"href":"https:\/\/fashiongold.lt\/pl\/wp-json\/wp\/v2\/product_brand?post=296175"},{"taxonomy":"product_cat","embeddable":true,"href":"https:\/\/fashiongold.lt\/pl\/wp-json\/wp\/v2\/product_cat?post=296175"},{"taxonomy":"product_tag","embeddable":true,"href":"https:\/\/fashiongold.lt\/pl\/wp-json\/wp\/v2\/product_tag?post=296175"}],"curies":[{"name":"wp","href":"https:\/\/api.w.org\/{rel}","templated":true}]}}