{"id":296855,"date":"2025-07-08T14:43:50","date_gmt":"2025-07-08T14:43:50","guid":{"rendered":"https:\/\/fashiongold.lt\/papuosalas\/nowoczesny-pierscionek-zareczynowy-z-diamentem-princess-0-65-ct\/"},"modified":"2026-02-21T08:21:42","modified_gmt":"2026-02-21T08:21:42","slug":"nowoczesny-pierscionek-zareczynowy-z-diamentem-princess-0-65-ct","status":"publish","type":"product","link":"https:\/\/fashiongold.lt\/pl\/papuosalas\/nowoczesny-pierscionek-zareczynowy-z-diamentem-princess-0-65-ct\/","title":{"rendered":"Nowoczesny pier\u015bcionek zar\u0119czynowy z diamentem Princess (0.65 ct)"},"content":{"rendered":"<p><span data-sheets-root=\"1\">\u00a0<\/span><span data-sheets-root=\"1\">Wykonany z najwy\u017csz\u0105 staranno\u015bci\u0105 i dba\u0142o\u015bci\u0105 o szczeg\u00f3\u0142y, zgodnie z najwy\u017cszymi standardami jubilerskimi. Na \u017cyczenie pier\u015bcionek mo\u017ce zosta\u0107 spersonalizowany \u2013 z diamentami o wy\u017cszej jako\u015bci za dodatkow\u0105 op\u0142at\u0105.<\/span><\/p>\n<p>\u2022 <strong><a href=\"https:\/\/fashiongold.lt\/pl\/patarimai-pl\/jaka-proba-zlota-jest-najlepsza-jak-wybrac-najbardziej-odpowiedni-pierscionek-zareczynowy-lub-obraczke-slubna\/\" target=\"_blank\" rel=\"noopener\">Metale szlachetne<\/a><\/strong>: 14K (pr\u00f3ba 585), 18K (pr\u00f3ba 750), platyna 900<br \/>\n\u2022 <strong><a href=\"https:\/\/fashiongold.lt\/pl\/patarimai-pl\/kolor-zlota-pierscionkow-zareczynowych-i-obraczek-slubnych-biale-rozowe-czy-zolte-zloto\/\" target=\"_blank\" rel=\"noopener\">Dost\u0119pne kolory z\u0142ota<\/a><\/strong>: bia\u0142y, czerwony, \u017c\u00f3\u0142ty<br \/>\n\u2022 <strong><a href=\"https:\/\/fashiongold.lt\/pl\/patarimai-pl\/pierscionki-z-diamentami-waga-zlota-w-pierscionku-i-waga-diamentow-w-karatach-jak-wybrac-odpowiedni-rekomendacje-jak-rozumiec-i-oceniac\/\" target=\"_blank\" rel=\"noopener\">Przybli\u017cona waga pier\u015bcionka<\/a><\/strong>: <span data-sheets-root=\"1\">oko\u0142o 2.00 g &#8211; 3.00 g<\/span><br \/>\n\u2022 <span data-sheets-root=\"1\"><a href=\"https:\/\/fashiongold.lt\/pl\/patarimai-pl\/pierscionki-zareczynowe-tajemnica-idealnych-proporcji-dlaczego-niektore-pierscionki-z-diamentami-wygladaja-bardziej-luksusowo\/\" target=\"_blank\" rel=\"noopener\"><strong>Szeroko\u015b\u0107 korony<\/strong><\/a>:<\/span> oko\u0142o <span data-sheets-root=\"1\">4.5 mm<\/span><br \/>\n\u2022 <strong><a href=\"https:\/\/fashiongold.lt\/pl\/patarimai-pl\/diament-inne-ksztalty-diamentu\/\" target=\"_blank\" rel=\"noopener\">Kszta\u0142t i szlif diamentu<\/a><\/strong>: <span data-sheets-root=\"1\">Kwadratowy (<em>Princess cut<\/em>)<\/span><br \/>\n\u2022 <strong><a href=\"https:\/\/fashiongold.lt\/pl\/patarimai-pl\/diament-naturalny-laboratoryjny-czy-sztuczny-jak-wybrac-wlasciwie\/\" target=\"_blank\" rel=\"noopener\">Pochodzenie diamentu<\/a><\/strong>: Diament wyhodowany w laboratorium lub diament naturalny<br \/>\n\u2022 <strong><a href=\"https:\/\/fashiongold.lt\/pl\/patarimai-pl\/diament-jak-oceniany-jest-luksus-najcenniejszego-kamienia-szlachetnego\/\" target=\"_blank\" rel=\"noopener\">Waga i charakterystyka diamentu<\/a><\/strong> (mo\u017cliwo\u015b\u0107 zmiany):<br \/>\nDiament wyhodowany w laboratorium z certyfikatem IGI: <span data-sheets-root=\"1\">0.50<\/span>\u00a0ct diament (kolor D-E, czysto\u015b\u0107 VVS)<br \/>\nNaturalny diament z certyfikatem GIA: <span data-sheets-root=\"1\">0.50<\/span>\u00a0ct diament (kolor G-I, czysto\u015b\u0107 SI)<br \/>\n<span data-sheets-root=\"1\">Diamenty w szynie pier\u015bcionka (mo\u017cliwo\u015b\u0107 zmiany):\u00a0oko\u0142o 0.014 ct wyhodowane w laboratorium lub naturalne<br \/>\nCa\u0142kowita waga diament\u00f3w: 0.65 ct<\/span><br \/>\n\u2022 Jednorazowe bezp\u0142atne <strong><a href=\"https:\/\/fashiongold.lt\/pl\/patarimai-pl\/pierscionki-zareczynowe-czy-mozna-wygrawerowac-pierscionek-detale-ktore-nadaja-twojemu-pierscionkowi-zareczynowemu-indywidualnego-charakteru\/\" target=\"_blank\" rel=\"noopener\">grawerowanie<\/a><\/strong><br \/>\n\u2022 Jednorazowa bezp\u0142atna <strong><a href=\"https:\/\/fashiongold.lt\/pl\/patarimai-pl\/pierscionki-zareczynowe-darmowa-korekta-rozmiaru-aby-pierscionek-pasowal-idealnie\/\" target=\"_blank\" rel=\"noopener\">zmiana rozmiaru pier\u015bcionka<\/a><br \/>\n<\/strong>\u2022 Wn\u0119trze pier\u015bcionka zar\u0119czynowego posiada <strong><a href=\"https:\/\/fashiongold.lt\/pl\/patarimai-pl\/strefa-komfortu-pierscionka-lub-wygoda-pierscionka\/\" target=\"_blank\" rel=\"noopener\">stref\u0119 komfortu<\/a><\/strong><br \/>\n\u2022 <strong><a href=\"https:\/\/fashiongold.lt\/pl\/dostawa-i-zwroty\/\" target=\"_blank\" rel=\"noopener\">Termin produkcji i dostawy<\/a><\/strong>: od 14 dni roboczych, w trybie pilnym w ci\u0105gu 7 dni roboczych.<\/p>\n<p>Chcesz zmieni\u0107 rozmiar, kolor lub klas\u0119 czysto\u015bci diamentu? Mo\u017cemy dostosowa\u0107 wszystko do Twoich \u017cycze\u0144. Masz w\u0142asny kamie\u0144 szlachetny lub z\u0142oto? <strong><a href=\"https:\/\/fashiongold.lt\/pl\/kontakt\/\" target=\"_blank\" rel=\"noopener\">Skontaktuj si\u0119 z nami<\/a><\/strong>, a przeliczymy cen\u0119 \u2013 zap\u0142acisz tylko za prac\u0119 jubilersk\u0105!\u00a0<br data-start=\"583\" data-end=\"586\" \/>Odkryj szerok\u0105 gam\u0119 bi\u017cuterii z diamentami i stw\u00f3rz swoj\u0105 wymarzon\u0105 bi\u017cuteri\u0119 z <a href=\"https:\/\/fashiongold.lt\/pl\/\" target=\"_blank\" rel=\"noopener\">FashionGold.lt<\/a>.<\/p>\n","protected":false},"excerpt":{"rendered":"<h2 data-start=\"1826\" data-end=\"1950\">Nowoczesny pier\u015bcionek zar\u0119czynowy z diamentem Princess \u2013 wyra\u017ane linie tworz\u0105ce nowoczesn\u0105 dyscyplin\u0119 estetyczn\u0105<\/h2>\n<p data-start=\"1826\" data-end=\"1950\">To nowoczesny pier\u015bcionek zar\u0119czynowy, kt\u00f3rego design opiera si\u0119 na elegancji surowej geometrii. Kamie\u0144 o szlifie <em>Princess<\/em> l\u015bni intensywniej ni\u017c wiele innych form, poniewa\u017c jego kraw\u0119dzie kieruj\u0105 \u015bwiat\u0142o prosto do centrum. \u0141\u0105czna masa diament\u00f3w 0.65 ct nadaje temu pier\u015bcionkowi zar\u0119czynowemu wyrazisto\u015bci, zachowuj\u0105c jednocze\u015bnie balans z subteln\u0105 inkustracj\u0105. Ten projekt jest dedykowany tym, kt\u00f3rzy ceni\u0105 logiczn\u0105 estetyk\u0119 \u2013 czyste, matematyczne pi\u0119kno.<\/p>\n<h3 data-start=\"1826\" data-end=\"1950\">Bi\u017cuteria, w kt\u00f3rej \u015bwiat\u0142o porusza si\u0119 niczym sekwencja geometryczna<\/h3>\n<p data-start=\"1826\" data-end=\"1950\">Centralny diament o szlifie <em>Princess<\/em> wymaga precyzji \u2013 i tutaj jest ona wykazana bezb\u0142\u0119dnie. \u015awiat\u0142o w\u0119druje przez kamie\u0144 po kanciastej trajektorii, kt\u00f3ra tworzy przejrzysty, intensywny blask. To pier\u015bcionek zar\u0119czynowy dla osoby, kt\u00f3ra lubi zdecydowany kierunek estetyczny.<\/p>\n","protected":false},"featured_media":264144,"template":"","meta":{"site-sidebar-layout":"default","site-content-layout":"","ast-site-content-layout":"default","site-content-style":"default","site-sidebar-style":"default","ast-global-header-display":"","ast-banner-title-visibility":"","ast-main-header-display":"","ast-hfb-above-header-display":"","ast-hfb-below-header-display":"","ast-hfb-mobile-header-display":"","site-post-title":"","ast-breadcrumbs-content":"","ast-featured-img":"","footer-sml-layout":"","ast-disable-related-posts":"","theme-transparent-header-meta":"default","adv-header-id-meta":"","stick-header-meta":"","header-above-stick-meta":"","header-main-stick-meta":"","header-below-stick-meta":"","astra-migrate-meta-layouts":"default","ast-page-background-enabled":"default","ast-page-background-meta":{"desktop":{"background-color":"var(--ast-global-color-4)","background-image":"","background-repeat":"repeat","background-position":"center center","background-size":"auto","background-attachment":"scroll","background-type":"","background-media":"","overlay-type":"","overlay-color":"","overlay-opacity":"","overlay-gradient":""},"tablet":{"background-color":"","background-image":"","background-repeat":"repeat","background-position":"center center","background-size":"auto","background-attachment":"scroll","background-type":"","background-media":"","overlay-type":"","overlay-color":"","overlay-opacity":"","overlay-gradient":""},"mobile":{"background-color":"","background-image":"","background-repeat":"repeat","background-position":"center center","background-size":"auto","background-attachment":"scroll","background-type":"","background-media":"","overlay-type":"","overlay-color":"","overlay-opacity":"","overlay-gradient":""}},"ast-content-background-meta":{"desktop":{"background-color":"var(--ast-global-color-5)","background-image":"","background-repeat":"repeat","background-position":"center center","background-size":"auto","background-attachment":"scroll","background-type":"","background-media":"","overlay-type":"","overlay-color":"","overlay-opacity":"","overlay-gradient":""},"tablet":{"background-color":"var(--ast-global-color-5)","background-image":"","background-repeat":"repeat","background-position":"center center","background-size":"auto","background-attachment":"scroll","background-type":"","background-media":"","overlay-type":"","overlay-color":"","overlay-opacity":"","overlay-gradient":""},"mobile":{"background-color":"var(--ast-global-color-5)","background-image":"","background-repeat":"repeat","background-position":"center center","background-size":"auto","background-attachment":"scroll","background-type":"","background-media":"","overlay-type":"","overlay-color":"","overlay-opacity":"","overlay-gradient":""}}},"product_brand":[],"product_cat":[3044,2858,2973,3284,2861,3236,3232,3233,3235,3357,3964,3234,2876,2860,2857],"product_tag":[],"class_list":{"0":"post-296855","1":"product","2":"type-product","3":"status-publish","4":"has-post-thumbnail","6":"product_cat-bizuteria","7":"product_cat-bizuteria-z-bialego-zlota","8":"product_cat-bizuteria-z-czerwonego-zlota","9":"product_cat-bizuteria-z-diamentami-laboratoryjnymi","10":"product_cat-bizuteria-z-zoltego-zlota","11":"product_cat-nowoczesne-pierscionki-zareczynowe","12":"product_cat-pierscionki-zareczynowe","13":"product_cat-pierscionki-zareczynowe-z-bialego-zlota","14":"product_cat-pierscionki-zareczynowe-z-czerwonego-zlota","15":"product_cat-pierscionki-zareczynowe-z-diamentami-laboratoryjnymi","16":"product_cat-pierscionki-zareczynowe-z-diamentem","17":"product_cat-pierscionki-zareczynowe-z-zoltego-zlota","18":"product_cat-prezenty-na-walentynki","19":"product_cat-prezenty-na-wyjatkowe-okazje","20":"product_cat-prezenty-swiateczne","21":"desktop-align-center","22":"tablet-align-left","23":"mobile-align-left","24":"ast-product-gallery-layout-horizontal-slider","25":"ast-product-single-variable","26":"ast-product-tabs-layout-accordion","27":"ast-qv-on-image","29":"first","30":"instock","31":"taxable","32":"shipping-taxable","33":"purchasable","34":"product-type-variable"},"yoast_head":"<!-- This site is optimized with the Yoast SEO plugin v26.6 - https:\/\/yoast.com\/wordpress\/plugins\/seo\/ -->\n<title>Nowoczesny pier\u015bcionek zar\u0119czynowy z diamentem Princess (0.65 ct)<\/title>\n<meta name=\"description\" content=\"Nowoczesny pier\u015bcionek zar\u0119czynowy z l\u015bni\u0105cym w centrum kamieniem o szlifie Princess i obr\u0105czk\u0105 wysadzan\u0105 diamentami \u2013 0.65 ct struktura \u015bwiat\u0142a.\" \/>\n<meta name=\"robots\" content=\"index, follow, max-snippet:-1, max-image-preview:large, max-video-preview:-1\" \/>\n<link rel=\"canonical\" href=\"https:\/\/fashiongold.lt\/pl\/papuosalas\/nowoczesny-pierscionek-zareczynowy-z-diamentem-princess-0-65-ct\/\" \/>\n<meta property=\"og:locale\" content=\"pl_PL\" \/>\n<meta property=\"og:type\" content=\"article\" \/>\n<meta property=\"og:title\" content=\"Nowoczesny pier\u015bcionek zar\u0119czynowy z diamentem Princess (0.65 ct)\" \/>\n<meta property=\"og:description\" content=\"Nowoczesny pier\u015bcionek zar\u0119czynowy z l\u015bni\u0105cym w centrum kamieniem o szlifie Princess i obr\u0105czk\u0105 wysadzan\u0105 diamentami \u2013 0.65 ct struktura \u015bwiat\u0142a.\" \/>\n<meta property=\"og:url\" content=\"https:\/\/fashiongold.lt\/pl\/papuosalas\/nowoczesny-pierscionek-zareczynowy-z-diamentem-princess-0-65-ct\/\" \/>\n<meta property=\"og:site_name\" content=\"FashionGold.lt\" \/>\n<meta property=\"article:modified_time\" content=\"2026-02-21T08:21:42+00:00\" \/>\n<meta property=\"og:image\" content=\"https:\/\/fashiongold.lt\/wp-content\/uploads\/2025\/07\/TDO-1035-modernus-suzadetuviu-ziedas-su-princess-deimantu-3.webp\" \/>\n\t<meta property=\"og:image:width\" content=\"800\" \/>\n\t<meta property=\"og:image:height\" content=\"800\" \/>\n\t<meta property=\"og:image:type\" content=\"image\/png\" \/>\n<meta name=\"twitter:card\" content=\"summary_large_image\" \/>\n<meta name=\"twitter:label1\" content=\"Szacowany czas czytania\" \/>\n\t<meta name=\"twitter:data1\" content=\"1 minuta\" \/>\n<script type=\"application\/ld+json\" class=\"yoast-schema-graph\">{\"@context\":\"https:\/\/schema.org\",\"@graph\":[{\"@type\":\"WebPage\",\"@id\":\"https:\/\/fashiongold.lt\/pl\/papuosalas\/nowoczesny-pierscionek-zareczynowy-z-diamentem-princess-0-65-ct\/\",\"url\":\"https:\/\/fashiongold.lt\/pl\/papuosalas\/nowoczesny-pierscionek-zareczynowy-z-diamentem-princess-0-65-ct\/\",\"name\":\"Nowoczesny pier\u015bcionek zar\u0119czynowy z diamentem Princess (0.65 ct)\",\"isPartOf\":{\"@id\":\"https:\/\/fashiongold.lt\/pl\/#website\"},\"primaryImageOfPage\":{\"@id\":\"https:\/\/fashiongold.lt\/pl\/papuosalas\/nowoczesny-pierscionek-zareczynowy-z-diamentem-princess-0-65-ct\/#primaryimage\"},\"image\":{\"@id\":\"https:\/\/fashiongold.lt\/pl\/papuosalas\/nowoczesny-pierscionek-zareczynowy-z-diamentem-princess-0-65-ct\/#primaryimage\"},\"thumbnailUrl\":\"https:\/\/fashiongold.lt\/wp-content\/uploads\/2025\/07\/TDO-1035-modernus-suzadetuviu-ziedas-su-princess-deimantu-3.png\",\"datePublished\":\"2025-07-08T14:43:50+00:00\",\"dateModified\":\"2026-02-21T08:21:42+00:00\",\"description\":\"Nowoczesny pier\u015bcionek zar\u0119czynowy z l\u015bni\u0105cym w centrum kamieniem o szlifie Princess i obr\u0105czk\u0105 wysadzan\u0105 diamentami \u2013 0.65 ct struktura \u015bwiat\u0142a.\",\"breadcrumb\":{\"@id\":\"https:\/\/fashiongold.lt\/pl\/papuosalas\/nowoczesny-pierscionek-zareczynowy-z-diamentem-princess-0-65-ct\/#breadcrumb\"},\"inLanguage\":\"pl-PL\",\"potentialAction\":[{\"@type\":\"ReadAction\",\"target\":[\"https:\/\/fashiongold.lt\/pl\/papuosalas\/nowoczesny-pierscionek-zareczynowy-z-diamentem-princess-0-65-ct\/\"]}]},{\"@type\":\"ImageObject\",\"inLanguage\":\"pl-PL\",\"@id\":\"https:\/\/fashiongold.lt\/pl\/papuosalas\/nowoczesny-pierscionek-zareczynowy-z-diamentem-princess-0-65-ct\/#primaryimage\",\"url\":\"https:\/\/fashiongold.lt\/wp-content\/uploads\/2025\/07\/TDO-1035-modernus-suzadetuviu-ziedas-su-princess-deimantu-3.png\",\"contentUrl\":\"https:\/\/fashiongold.lt\/wp-content\/uploads\/2025\/07\/TDO-1035-modernus-suzadetuviu-ziedas-su-princess-deimantu-3.png\",\"width\":800,\"height\":800,\"caption\":\"Modernus su\u017ead\u0117tuvi\u0173 \u017eiedas su deimantu i\u0161 balto aukso arba platinos - princess cut\"},{\"@type\":\"BreadcrumbList\",\"@id\":\"https:\/\/fashiongold.lt\/pl\/papuosalas\/nowoczesny-pierscionek-zareczynowy-z-diamentem-princess-0-65-ct\/#breadcrumb\",\"itemListElement\":[{\"@type\":\"ListItem\",\"position\":1,\"name\":\"Home\",\"item\":\"https:\/\/fashiongold.lt\/pl\/\"},{\"@type\":\"ListItem\",\"position\":2,\"name\":\"Sklep z diamentami Fashiongold.lt\",\"item\":\"https:\/\/fashiongold.lt\/shop-2\/\"},{\"@type\":\"ListItem\",\"position\":3,\"name\":\"Nowoczesny pier\u015bcionek zar\u0119czynowy z diamentem Princess (0.65 ct)\"}]},{\"@type\":\"WebSite\",\"@id\":\"https:\/\/fashiongold.lt\/pl\/#website\",\"url\":\"https:\/\/fashiongold.lt\/pl\/\",\"name\":\"Fashion Gold\",\"description\":\"Juvelyrikos namai\",\"publisher\":{\"@id\":\"https:\/\/fashiongold.lt\/pl\/#organization\"},\"potentialAction\":[{\"@type\":\"SearchAction\",\"target\":{\"@type\":\"EntryPoint\",\"urlTemplate\":\"https:\/\/fashiongold.lt\/pl\/?s={search_term_string}\"},\"query-input\":{\"@type\":\"PropertyValueSpecification\",\"valueRequired\":true,\"valueName\":\"search_term_string\"}}],\"inLanguage\":\"pl-PL\"},{\"@type\":\"Organization\",\"@id\":\"https:\/\/fashiongold.lt\/pl\/#organization\",\"name\":\"Topdiamonds Online\",\"url\":\"https:\/\/fashiongold.lt\/pl\/\",\"logo\":{\"@type\":\"ImageObject\",\"inLanguage\":\"pl-PL\",\"@id\":\"https:\/\/fashiongold.lt\/pl\/#\/schema\/logo\/image\/\",\"url\":\"https:\/\/fashiongold.lt\/wp-content\/uploads\/2025\/04\/cropped-fashion_gold_logotipas2-scaled-1.png\",\"contentUrl\":\"https:\/\/fashiongold.lt\/wp-content\/uploads\/2025\/04\/cropped-fashion_gold_logotipas2-scaled-1.png\",\"width\":2559,\"height\":421,\"caption\":\"Topdiamonds Online\"},\"image\":{\"@id\":\"https:\/\/fashiongold.lt\/pl\/#\/schema\/logo\/image\/\"}}]}<\/script>\n<!-- \/ Yoast SEO plugin. -->","yoast_head_json":{"title":"Nowoczesny pier\u015bcionek zar\u0119czynowy z diamentem Princess (0.65 ct)","description":"Nowoczesny pier\u015bcionek zar\u0119czynowy z l\u015bni\u0105cym w centrum kamieniem o szlifie Princess i obr\u0105czk\u0105 wysadzan\u0105 diamentami \u2013 0.65 ct struktura \u015bwiat\u0142a.","robots":{"index":"index","follow":"follow","max-snippet":"max-snippet:-1","max-image-preview":"max-image-preview:large","max-video-preview":"max-video-preview:-1"},"canonical":"https:\/\/fashiongold.lt\/pl\/papuosalas\/nowoczesny-pierscionek-zareczynowy-z-diamentem-princess-0-65-ct\/","og_locale":"pl_PL","og_type":"article","og_title":"Nowoczesny pier\u015bcionek zar\u0119czynowy z diamentem Princess (0.65 ct)","og_description":"Nowoczesny pier\u015bcionek zar\u0119czynowy z l\u015bni\u0105cym w centrum kamieniem o szlifie Princess i obr\u0105czk\u0105 wysadzan\u0105 diamentami \u2013 0.65 ct struktura \u015bwiat\u0142a.","og_url":"https:\/\/fashiongold.lt\/pl\/papuosalas\/nowoczesny-pierscionek-zareczynowy-z-diamentem-princess-0-65-ct\/","og_site_name":"FashionGold.lt","article_modified_time":"2026-02-21T08:21:42+00:00","og_image":[{"width":800,"height":800,"url":"https:\/\/fashiongold.lt\/wp-content\/uploads\/2025\/07\/TDO-1035-modernus-suzadetuviu-ziedas-su-princess-deimantu-3.webp","type":"image\/png"}],"twitter_card":"summary_large_image","twitter_misc":{"Szacowany czas czytania":"1 minuta"},"schema":{"@context":"https:\/\/schema.org","@graph":[{"@type":"WebPage","@id":"https:\/\/fashiongold.lt\/pl\/papuosalas\/nowoczesny-pierscionek-zareczynowy-z-diamentem-princess-0-65-ct\/","url":"https:\/\/fashiongold.lt\/pl\/papuosalas\/nowoczesny-pierscionek-zareczynowy-z-diamentem-princess-0-65-ct\/","name":"Nowoczesny pier\u015bcionek zar\u0119czynowy z diamentem Princess (0.65 ct)","isPartOf":{"@id":"https:\/\/fashiongold.lt\/pl\/#website"},"primaryImageOfPage":{"@id":"https:\/\/fashiongold.lt\/pl\/papuosalas\/nowoczesny-pierscionek-zareczynowy-z-diamentem-princess-0-65-ct\/#primaryimage"},"image":{"@id":"https:\/\/fashiongold.lt\/pl\/papuosalas\/nowoczesny-pierscionek-zareczynowy-z-diamentem-princess-0-65-ct\/#primaryimage"},"thumbnailUrl":"https:\/\/fashiongold.lt\/wp-content\/uploads\/2025\/07\/TDO-1035-modernus-suzadetuviu-ziedas-su-princess-deimantu-3.png","datePublished":"2025-07-08T14:43:50+00:00","dateModified":"2026-02-21T08:21:42+00:00","description":"Nowoczesny pier\u015bcionek zar\u0119czynowy z l\u015bni\u0105cym w centrum kamieniem o szlifie Princess i obr\u0105czk\u0105 wysadzan\u0105 diamentami \u2013 0.65 ct struktura \u015bwiat\u0142a.","breadcrumb":{"@id":"https:\/\/fashiongold.lt\/pl\/papuosalas\/nowoczesny-pierscionek-zareczynowy-z-diamentem-princess-0-65-ct\/#breadcrumb"},"inLanguage":"pl-PL","potentialAction":[{"@type":"ReadAction","target":["https:\/\/fashiongold.lt\/pl\/papuosalas\/nowoczesny-pierscionek-zareczynowy-z-diamentem-princess-0-65-ct\/"]}]},{"@type":"ImageObject","inLanguage":"pl-PL","@id":"https:\/\/fashiongold.lt\/pl\/papuosalas\/nowoczesny-pierscionek-zareczynowy-z-diamentem-princess-0-65-ct\/#primaryimage","url":"https:\/\/fashiongold.lt\/wp-content\/uploads\/2025\/07\/TDO-1035-modernus-suzadetuviu-ziedas-su-princess-deimantu-3.png","contentUrl":"https:\/\/fashiongold.lt\/wp-content\/uploads\/2025\/07\/TDO-1035-modernus-suzadetuviu-ziedas-su-princess-deimantu-3.png","width":800,"height":800,"caption":"Modernus su\u017ead\u0117tuvi\u0173 \u017eiedas su deimantu i\u0161 balto aukso arba platinos - princess cut"},{"@type":"BreadcrumbList","@id":"https:\/\/fashiongold.lt\/pl\/papuosalas\/nowoczesny-pierscionek-zareczynowy-z-diamentem-princess-0-65-ct\/#breadcrumb","itemListElement":[{"@type":"ListItem","position":1,"name":"Home","item":"https:\/\/fashiongold.lt\/pl\/"},{"@type":"ListItem","position":2,"name":"Sklep z diamentami Fashiongold.lt","item":"https:\/\/fashiongold.lt\/shop-2\/"},{"@type":"ListItem","position":3,"name":"Nowoczesny pier\u015bcionek zar\u0119czynowy z diamentem Princess (0.65 ct)"}]},{"@type":"WebSite","@id":"https:\/\/fashiongold.lt\/pl\/#website","url":"https:\/\/fashiongold.lt\/pl\/","name":"Fashion Gold","description":"Juvelyrikos namai","publisher":{"@id":"https:\/\/fashiongold.lt\/pl\/#organization"},"potentialAction":[{"@type":"SearchAction","target":{"@type":"EntryPoint","urlTemplate":"https:\/\/fashiongold.lt\/pl\/?s={search_term_string}"},"query-input":{"@type":"PropertyValueSpecification","valueRequired":true,"valueName":"search_term_string"}}],"inLanguage":"pl-PL"},{"@type":"Organization","@id":"https:\/\/fashiongold.lt\/pl\/#organization","name":"Topdiamonds Online","url":"https:\/\/fashiongold.lt\/pl\/","logo":{"@type":"ImageObject","inLanguage":"pl-PL","@id":"https:\/\/fashiongold.lt\/pl\/#\/schema\/logo\/image\/","url":"https:\/\/fashiongold.lt\/wp-content\/uploads\/2025\/04\/cropped-fashion_gold_logotipas2-scaled-1.png","contentUrl":"https:\/\/fashiongold.lt\/wp-content\/uploads\/2025\/04\/cropped-fashion_gold_logotipas2-scaled-1.png","width":2559,"height":421,"caption":"Topdiamonds Online"},"image":{"@id":"https:\/\/fashiongold.lt\/pl\/#\/schema\/logo\/image\/"}}]}},"_links":{"self":[{"href":"https:\/\/fashiongold.lt\/pl\/wp-json\/wp\/v2\/product\/296855","targetHints":{"allow":["GET"]}}],"collection":[{"href":"https:\/\/fashiongold.lt\/pl\/wp-json\/wp\/v2\/product"}],"about":[{"href":"https:\/\/fashiongold.lt\/pl\/wp-json\/wp\/v2\/types\/product"}],"version-history":[{"count":0,"href":"https:\/\/fashiongold.lt\/pl\/wp-json\/wp\/v2\/product\/296855\/revisions"}],"wp:featuredmedia":[{"embeddable":true,"href":"https:\/\/fashiongold.lt\/pl\/wp-json\/wp\/v2\/media\/264144"}],"wp:attachment":[{"href":"https:\/\/fashiongold.lt\/pl\/wp-json\/wp\/v2\/media?parent=296855"}],"wp:term":[{"taxonomy":"product_brand","embeddable":true,"href":"https:\/\/fashiongold.lt\/pl\/wp-json\/wp\/v2\/product_brand?post=296855"},{"taxonomy":"product_cat","embeddable":true,"href":"https:\/\/fashiongold.lt\/pl\/wp-json\/wp\/v2\/product_cat?post=296855"},{"taxonomy":"product_tag","embeddable":true,"href":"https:\/\/fashiongold.lt\/pl\/wp-json\/wp\/v2\/product_tag?post=296855"}],"curies":[{"name":"wp","href":"https:\/\/api.w.org\/{rel}","templated":true}]}}