{"id":297505,"date":"2025-07-07T09:35:05","date_gmt":"2025-07-07T09:35:05","guid":{"rendered":"https:\/\/fashiongold.lt\/papuosalas\/klasyczny-pierscionek-zareczynowy-z-diamentem-princess-0-50-ct\/"},"modified":"2025-07-07T09:35:05","modified_gmt":"2025-07-07T09:35:05","slug":"klasyczny-pierscionek-zareczynowy-z-diamentem-princess-0-50-ct","status":"publish","type":"product","link":"https:\/\/fashiongold.lt\/pl\/papuosalas\/klasyczny-pierscionek-zareczynowy-z-diamentem-princess-0-50-ct\/","title":{"rendered":"Klasyczny pier\u015bcionek zar\u0119czynowy z diamentem Princess (0.50 ct)"},"content":{"rendered":"<p><span data-sheets-root=\"1\">Konstrukcja prostej obr\u0105czki oraz strefa komfortu zapewniaj\u0105 pier\u015bcionkowi nienagann\u0105 wygod\u0119 \u2013 jakby zosta\u0142 stworzony do noszenia przez ca\u0142e \u017cycie. Klasyczna estetyka bez dodatkowych zdobie\u0144 pozwala l\u015bni\u0107 g\u0142\u00f3wnemu akcentowi pier\u015bcionka, diamentowi, podkre\u015blaj\u0105c to, co najwa\u017cniejsze \u2013 Twoj\u0105 obietnic\u0119 mi\u0142o\u015bci. To pier\u015bcionek, kt\u00f3ry m\u00f3wi cicho, ale g\u0142\u0119boko.<br \/>\n<\/span><span data-sheets-root=\"1\">Wykonany zgodnie z najwy\u017cszymi standardami jubilerskimi. Pier\u015bcionek mo\u017ce by\u0107 wykonany na zam\u00f3wienie: za dop\u0142at\u0105 z diamentami wy\u017cszej jako\u015bci.<br \/>\n<\/span><\/p>\n<p><span data-sheets-root=\"1\"><br \/>\n\u2022 <strong><a href=\"https:\/\/fashiongold.lt\/pl\/patarimai-pl\/jaka-proba-zlota-jest-najlepsza-jak-wybrac-najbardziej-odpowiedni-pierscionek-zareczynowy-lub-obraczke-slubna\/\" target=\"_blank\" rel=\"noopener\">Metale pier\u015bcionka<\/a>:<\/strong> 14K (pr\u00f3ba 585), 18K (pr\u00f3ba 750), platyna 900<br \/>\n\u2022 <strong><a href=\"https:\/\/fashiongold.lt\/pl\/patarimai-pl\/kolor-zlota-pierscionkow-zareczynowych-i-obraczek-slubnych-biale-rozowe-czy-zolte-zloto\/\" target=\"_blank\" rel=\"noopener\">Kolor z\u0142ota pier\u015bcionka<\/a>:<\/strong> bia\u0142y, czerwony, \u017c\u00f3\u0142ty<br \/>\n\u2022 <strong><a href=\"https:\/\/fashiongold.lt\/pl\/patarimai-pl\/pierscionki-z-diamentami-waga-zlota-w-pierscionku-i-waga-diamentow-w-karatach-jak-wybrac-odpowiedni-rekomendacje-jak-rozumiec-i-oceniac\/\" target=\"_blank\" rel=\"noopener\">Waga pier\u015bcionka<\/a>:<\/strong> (zale\u017cy od rozmiaru): oko\u0142o 2.00 &#8211; 3.00 g<br \/>\n\u2022 <strong><a href=\"https:\/\/fashiongold.lt\/pl\/patarimai-pl\/pierscionki-zareczynowe-tajemnica-idealnych-proporcji-dlaczego-niektore-pierscionki-z-diamentami-wygladaja-bardziej-luksusowo\/\" target=\"_blank\" rel=\"noopener\">Szeroko\u015b\u0107 korony pier\u015bcionka<\/a><\/strong>:\u00a0oko\u0142o 4.5 mm<br \/>\n\u2022 <strong><a href=\"https:\/\/fashiongold.lt\/pl\/patarimai-pl\/strefa-komfortu-pierscionka-lub-wygoda-pierscionka\/\" target=\"_blank\" rel=\"noopener\">Strefa komfortu pier\u015bcionka<\/a>:<\/strong> jest<br \/>\n\u2022 <a href=\"https:\/\/fashiongold.lt\/pl\/patarimai-pl\/diament-inne-ksztalty-diamentu\/\" target=\"_blank\" rel=\"noopener\"><strong>Kszta\u0142t diamentu<\/strong><\/a>: Kwadratowy (<em>Princess cut<\/em>)<br \/>\n\u2022 <strong><a href=\"https:\/\/fashiongold.lt\/pl\/patarimai-pl\/diament-naturalny-laboratoryjny-czy-sztuczny-jak-wybrac-wlasciwie\/\" target=\"_blank\" rel=\"noopener\">Rodzaje diament\u00f3w<\/a>:<\/strong> Diamenty wyhodowane w laboratorium lub diamenty naturalne<br \/>\n\u2022 <strong><a href=\"https:\/\/fashiongold.lt\/pl\/patarimai-pl\/diament-jak-oceniany-jest-luksus-najcenniejszego-kamienia-szlachetnego\/\" target=\"_blank\" rel=\"noopener\">Waga i charakterystyka diamentu<\/a><\/strong> (mo\u017cliwo\u015b\u0107 zmiany):<br \/>\nDiament wyhodowany w laboratorium: diament 0.50 ct (kolor D-E, czysto\u015b\u0107 VVS) (mo\u017cliwo\u015b\u0107 zmiany), certyfikat IGI<br \/>\nNaturalny diament: diament 0.50 ct (kolor G-I, czysto\u015b\u0107 SI) (mo\u017cliwo\u015b\u0107 zmiany), certyfikat GIA<br \/>\n\u2022 <a href=\"https:\/\/fashiongold.lt\/pl\/patarimai-pl\/pierscionki-zareczynowe-czy-mozna-wygrawerowac-pierscionek-detale-ktore-nadaja-twojemu-pierscionkowi-zareczynowemu-indywidualnego-charakteru\/\" target=\"_blank\" rel=\"noopener\"><strong>Grawerowanie<\/strong><\/a> bezp\u0142atnie<br \/>\n\u2022 Jednorazowa bezp\u0142atna <strong><a href=\"https:\/\/fashiongold.lt\/pl\/patarimai-pl\/pierscionki-zareczynowe-darmowa-korekta-rozmiaru-aby-pierscionek-pasowal-idealnie\/\" target=\"_blank\" rel=\"noopener\">gwarancja zmiany rozmiaru pier\u015bcionka<\/a><\/strong><br \/>\n\u2022 <strong><a href=\"https:\/\/fashiongold.lt\/pl\/dostawa-i-zwroty\/\" target=\"_blank\" rel=\"noopener\">Termin produkcji i dostawy<\/a>:<\/strong> od 14 dni roboczych, w trybie pilnym w ci\u0105gu 7 dni roboczych.<br \/>\n<\/span><\/p>\n<p><span data-sheets-root=\"1\">\u00a0<\/span><\/p>\n<p>Masz w\u0142asny kamie\u0144 szlachetny lub z\u0142oto? Przeliczymy cen\u0119 i zap\u0142acisz tylko za wykonanie pier\u015bcionka. A mo\u017ce chcesz zmieni\u0107 charakterystyk\u0119 diamentu wed\u0142ug w\u0142asnych preferencji? <strong><a href=\"https:\/\/fashiongold.lt\/pl\/kontakt\/\" target=\"_blank\" rel=\"noopener\">Skontaktuj si\u0119 z nami<\/a><\/strong>!<br \/>\nOdkryj szeroki wyb\u00f3r bi\u017cuterii z diamentami, dopasowany do r\u00f3\u017cnych gust\u00f3w i bud\u017cet\u00f3w. Stw\u00f3rz i spersonalizuj swoj\u0105 bi\u017cuteri\u0119 z <a href=\"https:\/\/fashiongold.lt\/pl\/\" target=\"_blank\" rel=\"noopener\">FashionGold.lt<\/a>.<\/p>\n","protected":false},"excerpt":{"rendered":"<h2 data-start=\"1721\" data-end=\"2165\">Klasyczny pier\u015bcionek zar\u0119czynowy z diamentem \u2013 gdy forma m\u00f3wi o sile<\/h2>\n<p data-start=\"1721\" data-end=\"2165\">Diament o szlifie <em>Princess<\/em> o masie 0,50 ct charakteryzuje si\u0119 nowoczesn\u0105, a zarazem tchn\u0105c\u0105 klasyk\u0105 energi\u0105. Kamie\u0144 o kwadratowym kszta\u0142cie l\u015bni wyra\u017anie \u2013 bez nadmiaru, bez zgie\u0142ku. To klasyczny pier\u015bcionek zar\u0119czynowy z diamentem, kt\u00f3ry idealnie pasuje do kobiety ceni\u0105cej precyzj\u0119, proporcje i wewn\u0119trzn\u0105 harmoni\u0119. On nie krzyczy o luksusie \u2013 on go uciele\u015bnia.<\/p>\n<h3 data-start=\"1721\" data-end=\"2165\">Ka\u017cda faseta \u2013 znak pewno\u015bci siebie<\/h3>\n<p data-start=\"1721\" data-end=\"2165\">Kwadratowy diament o masie 0,50 ct w tej bi\u017cuterii jest niczym kwadrat blasku, kt\u00f3ry odzwierciedla stabilno\u015b\u0107 i stonowan\u0105 elegancj\u0119. To pier\u015bcionek zar\u0119czynowy, w kt\u00f3rym \u015bwiat\u0142o i precyzja jednocz\u0105 si\u0119.<\/p>\n","protected":false},"featured_media":263758,"template":"","meta":{"site-sidebar-layout":"default","site-content-layout":"","ast-site-content-layout":"default","site-content-style":"default","site-sidebar-style":"default","ast-global-header-display":"","ast-banner-title-visibility":"","ast-main-header-display":"","ast-hfb-above-header-display":"","ast-hfb-below-header-display":"","ast-hfb-mobile-header-display":"","site-post-title":"","ast-breadcrumbs-content":"","ast-featured-img":"","footer-sml-layout":"","ast-disable-related-posts":"","theme-transparent-header-meta":"default","adv-header-id-meta":"","stick-header-meta":"","header-above-stick-meta":"","header-main-stick-meta":"","header-below-stick-meta":"","astra-migrate-meta-layouts":"default","ast-page-background-enabled":"default","ast-page-background-meta":{"desktop":{"background-color":"var(--ast-global-color-4)","background-image":"","background-repeat":"repeat","background-position":"center center","background-size":"auto","background-attachment":"scroll","background-type":"","background-media":"","overlay-type":"","overlay-color":"","overlay-opacity":"","overlay-gradient":""},"tablet":{"background-color":"","background-image":"","background-repeat":"repeat","background-position":"center center","background-size":"auto","background-attachment":"scroll","background-type":"","background-media":"","overlay-type":"","overlay-color":"","overlay-opacity":"","overlay-gradient":""},"mobile":{"background-color":"","background-image":"","background-repeat":"repeat","background-position":"center center","background-size":"auto","background-attachment":"scroll","background-type":"","background-media":"","overlay-type":"","overlay-color":"","overlay-opacity":"","overlay-gradient":""}},"ast-content-background-meta":{"desktop":{"background-color":"var(--ast-global-color-5)","background-image":"","background-repeat":"repeat","background-position":"center center","background-size":"auto","background-attachment":"scroll","background-type":"","background-media":"","overlay-type":"","overlay-color":"","overlay-opacity":"","overlay-gradient":""},"tablet":{"background-color":"var(--ast-global-color-5)","background-image":"","background-repeat":"repeat","background-position":"center center","background-size":"auto","background-attachment":"scroll","background-type":"","background-media":"","overlay-type":"","overlay-color":"","overlay-opacity":"","overlay-gradient":""},"mobile":{"background-color":"var(--ast-global-color-5)","background-image":"","background-repeat":"repeat","background-position":"center center","background-size":"auto","background-attachment":"scroll","background-type":"","background-media":"","overlay-type":"","overlay-color":"","overlay-opacity":"","overlay-gradient":""}}},"product_brand":[],"product_cat":[3044,2858,2973,3284,2861,3238,3232,3233,3235,3357,3964,3234,2876,2860],"product_tag":[],"class_list":{"0":"post-297505","1":"product","2":"type-product","3":"status-publish","4":"has-post-thumbnail","6":"product_cat-bizuteria","7":"product_cat-bizuteria-z-bialego-zlota","8":"product_cat-bizuteria-z-czerwonego-zlota","9":"product_cat-bizuteria-z-diamentami-laboratoryjnymi","10":"product_cat-bizuteria-z-zoltego-zlota","11":"product_cat-klasyczne-pierscionki-zareczynowe","12":"product_cat-pierscionki-zareczynowe","13":"product_cat-pierscionki-zareczynowe-z-bialego-zlota","14":"product_cat-pierscionki-zareczynowe-z-czerwonego-zlota","15":"product_cat-pierscionki-zareczynowe-z-diamentami-laboratoryjnymi","16":"product_cat-pierscionki-zareczynowe-z-diamentem","17":"product_cat-pierscionki-zareczynowe-z-zoltego-zlota","18":"product_cat-prezenty-na-walentynki","19":"product_cat-prezenty-na-wyjatkowe-okazje","20":"desktop-align-center","21":"tablet-align-left","22":"mobile-align-left","23":"ast-product-gallery-layout-horizontal-slider","24":"ast-product-single-variable","25":"ast-product-tabs-layout-accordion","26":"ast-qv-on-image","28":"first","29":"instock","30":"taxable","31":"shipping-taxable","32":"purchasable","33":"product-type-variable"},"yoast_head":"<!-- This site is optimized with the Yoast SEO plugin v26.6 - https:\/\/yoast.com\/wordpress\/plugins\/seo\/ -->\n<title>Klasyczny pier\u015bcionek zar\u0119czynowy z diamentem Princess (0.50 ct)<\/title>\n<meta name=\"description\" content=\"0.50 ct klasyczny pier\u015bcionek zar\u0119czynowy z diamentem \u2013 r\u00f3wnowaga czystej formy i wewn\u0119trznego blasku, kt\u00f3ra przyci\u0105ga wzrok w ka\u017cdym ruchu.\" \/>\n<meta name=\"robots\" content=\"index, follow, max-snippet:-1, max-image-preview:large, max-video-preview:-1\" \/>\n<link rel=\"canonical\" href=\"https:\/\/fashiongold.lt\/pl\/papuosalas\/klasyczny-pierscionek-zareczynowy-z-diamentem-princess-0-50-ct\/\" \/>\n<meta property=\"og:locale\" content=\"pl_PL\" \/>\n<meta property=\"og:type\" content=\"article\" \/>\n<meta property=\"og:title\" content=\"Klasyczny pier\u015bcionek zar\u0119czynowy z diamentem Princess (0.50 ct)\" \/>\n<meta property=\"og:description\" content=\"0.50 ct klasyczny pier\u015bcionek zar\u0119czynowy z diamentem \u2013 r\u00f3wnowaga czystej formy i wewn\u0119trznego blasku, kt\u00f3ra przyci\u0105ga wzrok w ka\u017cdym ruchu.\" \/>\n<meta property=\"og:url\" content=\"https:\/\/fashiongold.lt\/pl\/papuosalas\/klasyczny-pierscionek-zareczynowy-z-diamentem-princess-0-50-ct\/\" \/>\n<meta property=\"og:site_name\" content=\"FashionGold.lt\" \/>\n<meta property=\"og:image\" content=\"https:\/\/fashiongold.lt\/wp-content\/uploads\/2025\/07\/Suzadetuviu-ziedas-su-kvadratiniu-princess-deimantu-TD-1035-1.webp\" \/>\n\t<meta property=\"og:image:width\" content=\"800\" \/>\n\t<meta property=\"og:image:height\" content=\"800\" \/>\n\t<meta property=\"og:image:type\" content=\"image\/png\" \/>\n<meta name=\"twitter:card\" content=\"summary_large_image\" \/>\n<meta name=\"twitter:label1\" content=\"Szacowany czas czytania\" \/>\n\t<meta name=\"twitter:data1\" content=\"1 minuta\" \/>\n<script type=\"application\/ld+json\" class=\"yoast-schema-graph\">{\"@context\":\"https:\/\/schema.org\",\"@graph\":[{\"@type\":\"WebPage\",\"@id\":\"https:\/\/fashiongold.lt\/pl\/papuosalas\/klasyczny-pierscionek-zareczynowy-z-diamentem-princess-0-50-ct\/\",\"url\":\"https:\/\/fashiongold.lt\/pl\/papuosalas\/klasyczny-pierscionek-zareczynowy-z-diamentem-princess-0-50-ct\/\",\"name\":\"Klasyczny pier\u015bcionek zar\u0119czynowy z diamentem Princess (0.50 ct)\",\"isPartOf\":{\"@id\":\"https:\/\/fashiongold.lt\/pl\/#website\"},\"primaryImageOfPage\":{\"@id\":\"https:\/\/fashiongold.lt\/pl\/papuosalas\/klasyczny-pierscionek-zareczynowy-z-diamentem-princess-0-50-ct\/#primaryimage\"},\"image\":{\"@id\":\"https:\/\/fashiongold.lt\/pl\/papuosalas\/klasyczny-pierscionek-zareczynowy-z-diamentem-princess-0-50-ct\/#primaryimage\"},\"thumbnailUrl\":\"https:\/\/fashiongold.lt\/wp-content\/uploads\/2025\/07\/Suzadetuviu-ziedas-su-kvadratiniu-princess-deimantu-TD-1035-1.png\",\"datePublished\":\"2025-07-07T09:35:05+00:00\",\"description\":\"0.50 ct klasyczny pier\u015bcionek zar\u0119czynowy z diamentem \u2013 r\u00f3wnowaga czystej formy i wewn\u0119trznego blasku, kt\u00f3ra przyci\u0105ga wzrok w ka\u017cdym ruchu.\",\"breadcrumb\":{\"@id\":\"https:\/\/fashiongold.lt\/pl\/papuosalas\/klasyczny-pierscionek-zareczynowy-z-diamentem-princess-0-50-ct\/#breadcrumb\"},\"inLanguage\":\"pl-PL\",\"potentialAction\":[{\"@type\":\"ReadAction\",\"target\":[\"https:\/\/fashiongold.lt\/pl\/papuosalas\/klasyczny-pierscionek-zareczynowy-z-diamentem-princess-0-50-ct\/\"]}]},{\"@type\":\"ImageObject\",\"inLanguage\":\"pl-PL\",\"@id\":\"https:\/\/fashiongold.lt\/pl\/papuosalas\/klasyczny-pierscionek-zareczynowy-z-diamentem-princess-0-50-ct\/#primaryimage\",\"url\":\"https:\/\/fashiongold.lt\/wp-content\/uploads\/2025\/07\/Suzadetuviu-ziedas-su-kvadratiniu-princess-deimantu-TD-1035-1.png\",\"contentUrl\":\"https:\/\/fashiongold.lt\/wp-content\/uploads\/2025\/07\/Suzadetuviu-ziedas-su-kvadratiniu-princess-deimantu-TD-1035-1.png\",\"width\":800,\"height\":800,\"caption\":\"Klasikinis su\u017ead\u0117tuvi\u0173 \u017eiedas su deimantu i\u0161 balto aukso arba platinos - princess cut\"},{\"@type\":\"BreadcrumbList\",\"@id\":\"https:\/\/fashiongold.lt\/pl\/papuosalas\/klasyczny-pierscionek-zareczynowy-z-diamentem-princess-0-50-ct\/#breadcrumb\",\"itemListElement\":[{\"@type\":\"ListItem\",\"position\":1,\"name\":\"Home\",\"item\":\"https:\/\/fashiongold.lt\/pl\/\"},{\"@type\":\"ListItem\",\"position\":2,\"name\":\"Sklep z diamentami Fashiongold.lt\",\"item\":\"https:\/\/fashiongold.lt\/shop-2\/\"},{\"@type\":\"ListItem\",\"position\":3,\"name\":\"Klasyczny pier\u015bcionek zar\u0119czynowy z diamentem Princess (0.50 ct)\"}]},{\"@type\":\"WebSite\",\"@id\":\"https:\/\/fashiongold.lt\/pl\/#website\",\"url\":\"https:\/\/fashiongold.lt\/pl\/\",\"name\":\"Fashion Gold\",\"description\":\"Juvelyrikos namai\",\"publisher\":{\"@id\":\"https:\/\/fashiongold.lt\/pl\/#organization\"},\"potentialAction\":[{\"@type\":\"SearchAction\",\"target\":{\"@type\":\"EntryPoint\",\"urlTemplate\":\"https:\/\/fashiongold.lt\/pl\/?s={search_term_string}\"},\"query-input\":{\"@type\":\"PropertyValueSpecification\",\"valueRequired\":true,\"valueName\":\"search_term_string\"}}],\"inLanguage\":\"pl-PL\"},{\"@type\":\"Organization\",\"@id\":\"https:\/\/fashiongold.lt\/pl\/#organization\",\"name\":\"Topdiamonds Online\",\"url\":\"https:\/\/fashiongold.lt\/pl\/\",\"logo\":{\"@type\":\"ImageObject\",\"inLanguage\":\"pl-PL\",\"@id\":\"https:\/\/fashiongold.lt\/pl\/#\/schema\/logo\/image\/\",\"url\":\"https:\/\/fashiongold.lt\/wp-content\/uploads\/2025\/04\/cropped-fashion_gold_logotipas2-scaled-1.png\",\"contentUrl\":\"https:\/\/fashiongold.lt\/wp-content\/uploads\/2025\/04\/cropped-fashion_gold_logotipas2-scaled-1.png\",\"width\":2559,\"height\":421,\"caption\":\"Topdiamonds Online\"},\"image\":{\"@id\":\"https:\/\/fashiongold.lt\/pl\/#\/schema\/logo\/image\/\"}}]}<\/script>\n<!-- \/ Yoast SEO plugin. -->","yoast_head_json":{"title":"Klasyczny pier\u015bcionek zar\u0119czynowy z diamentem Princess (0.50 ct)","description":"0.50 ct klasyczny pier\u015bcionek zar\u0119czynowy z diamentem \u2013 r\u00f3wnowaga czystej formy i wewn\u0119trznego blasku, kt\u00f3ra przyci\u0105ga wzrok w ka\u017cdym ruchu.","robots":{"index":"index","follow":"follow","max-snippet":"max-snippet:-1","max-image-preview":"max-image-preview:large","max-video-preview":"max-video-preview:-1"},"canonical":"https:\/\/fashiongold.lt\/pl\/papuosalas\/klasyczny-pierscionek-zareczynowy-z-diamentem-princess-0-50-ct\/","og_locale":"pl_PL","og_type":"article","og_title":"Klasyczny pier\u015bcionek zar\u0119czynowy z diamentem Princess (0.50 ct)","og_description":"0.50 ct klasyczny pier\u015bcionek zar\u0119czynowy z diamentem \u2013 r\u00f3wnowaga czystej formy i wewn\u0119trznego blasku, kt\u00f3ra przyci\u0105ga wzrok w ka\u017cdym ruchu.","og_url":"https:\/\/fashiongold.lt\/pl\/papuosalas\/klasyczny-pierscionek-zareczynowy-z-diamentem-princess-0-50-ct\/","og_site_name":"FashionGold.lt","og_image":[{"width":800,"height":800,"url":"https:\/\/fashiongold.lt\/wp-content\/uploads\/2025\/07\/Suzadetuviu-ziedas-su-kvadratiniu-princess-deimantu-TD-1035-1.webp","type":"image\/png"}],"twitter_card":"summary_large_image","twitter_misc":{"Szacowany czas czytania":"1 minuta"},"schema":{"@context":"https:\/\/schema.org","@graph":[{"@type":"WebPage","@id":"https:\/\/fashiongold.lt\/pl\/papuosalas\/klasyczny-pierscionek-zareczynowy-z-diamentem-princess-0-50-ct\/","url":"https:\/\/fashiongold.lt\/pl\/papuosalas\/klasyczny-pierscionek-zareczynowy-z-diamentem-princess-0-50-ct\/","name":"Klasyczny pier\u015bcionek zar\u0119czynowy z diamentem Princess (0.50 ct)","isPartOf":{"@id":"https:\/\/fashiongold.lt\/pl\/#website"},"primaryImageOfPage":{"@id":"https:\/\/fashiongold.lt\/pl\/papuosalas\/klasyczny-pierscionek-zareczynowy-z-diamentem-princess-0-50-ct\/#primaryimage"},"image":{"@id":"https:\/\/fashiongold.lt\/pl\/papuosalas\/klasyczny-pierscionek-zareczynowy-z-diamentem-princess-0-50-ct\/#primaryimage"},"thumbnailUrl":"https:\/\/fashiongold.lt\/wp-content\/uploads\/2025\/07\/Suzadetuviu-ziedas-su-kvadratiniu-princess-deimantu-TD-1035-1.png","datePublished":"2025-07-07T09:35:05+00:00","description":"0.50 ct klasyczny pier\u015bcionek zar\u0119czynowy z diamentem \u2013 r\u00f3wnowaga czystej formy i wewn\u0119trznego blasku, kt\u00f3ra przyci\u0105ga wzrok w ka\u017cdym ruchu.","breadcrumb":{"@id":"https:\/\/fashiongold.lt\/pl\/papuosalas\/klasyczny-pierscionek-zareczynowy-z-diamentem-princess-0-50-ct\/#breadcrumb"},"inLanguage":"pl-PL","potentialAction":[{"@type":"ReadAction","target":["https:\/\/fashiongold.lt\/pl\/papuosalas\/klasyczny-pierscionek-zareczynowy-z-diamentem-princess-0-50-ct\/"]}]},{"@type":"ImageObject","inLanguage":"pl-PL","@id":"https:\/\/fashiongold.lt\/pl\/papuosalas\/klasyczny-pierscionek-zareczynowy-z-diamentem-princess-0-50-ct\/#primaryimage","url":"https:\/\/fashiongold.lt\/wp-content\/uploads\/2025\/07\/Suzadetuviu-ziedas-su-kvadratiniu-princess-deimantu-TD-1035-1.png","contentUrl":"https:\/\/fashiongold.lt\/wp-content\/uploads\/2025\/07\/Suzadetuviu-ziedas-su-kvadratiniu-princess-deimantu-TD-1035-1.png","width":800,"height":800,"caption":"Klasikinis su\u017ead\u0117tuvi\u0173 \u017eiedas su deimantu i\u0161 balto aukso arba platinos - princess cut"},{"@type":"BreadcrumbList","@id":"https:\/\/fashiongold.lt\/pl\/papuosalas\/klasyczny-pierscionek-zareczynowy-z-diamentem-princess-0-50-ct\/#breadcrumb","itemListElement":[{"@type":"ListItem","position":1,"name":"Home","item":"https:\/\/fashiongold.lt\/pl\/"},{"@type":"ListItem","position":2,"name":"Sklep z diamentami Fashiongold.lt","item":"https:\/\/fashiongold.lt\/shop-2\/"},{"@type":"ListItem","position":3,"name":"Klasyczny pier\u015bcionek zar\u0119czynowy z diamentem Princess (0.50 ct)"}]},{"@type":"WebSite","@id":"https:\/\/fashiongold.lt\/pl\/#website","url":"https:\/\/fashiongold.lt\/pl\/","name":"Fashion Gold","description":"Juvelyrikos namai","publisher":{"@id":"https:\/\/fashiongold.lt\/pl\/#organization"},"potentialAction":[{"@type":"SearchAction","target":{"@type":"EntryPoint","urlTemplate":"https:\/\/fashiongold.lt\/pl\/?s={search_term_string}"},"query-input":{"@type":"PropertyValueSpecification","valueRequired":true,"valueName":"search_term_string"}}],"inLanguage":"pl-PL"},{"@type":"Organization","@id":"https:\/\/fashiongold.lt\/pl\/#organization","name":"Topdiamonds Online","url":"https:\/\/fashiongold.lt\/pl\/","logo":{"@type":"ImageObject","inLanguage":"pl-PL","@id":"https:\/\/fashiongold.lt\/pl\/#\/schema\/logo\/image\/","url":"https:\/\/fashiongold.lt\/wp-content\/uploads\/2025\/04\/cropped-fashion_gold_logotipas2-scaled-1.png","contentUrl":"https:\/\/fashiongold.lt\/wp-content\/uploads\/2025\/04\/cropped-fashion_gold_logotipas2-scaled-1.png","width":2559,"height":421,"caption":"Topdiamonds Online"},"image":{"@id":"https:\/\/fashiongold.lt\/pl\/#\/schema\/logo\/image\/"}}]}},"_links":{"self":[{"href":"https:\/\/fashiongold.lt\/pl\/wp-json\/wp\/v2\/product\/297505","targetHints":{"allow":["GET"]}}],"collection":[{"href":"https:\/\/fashiongold.lt\/pl\/wp-json\/wp\/v2\/product"}],"about":[{"href":"https:\/\/fashiongold.lt\/pl\/wp-json\/wp\/v2\/types\/product"}],"version-history":[{"count":0,"href":"https:\/\/fashiongold.lt\/pl\/wp-json\/wp\/v2\/product\/297505\/revisions"}],"wp:featuredmedia":[{"embeddable":true,"href":"https:\/\/fashiongold.lt\/pl\/wp-json\/wp\/v2\/media\/263758"}],"wp:attachment":[{"href":"https:\/\/fashiongold.lt\/pl\/wp-json\/wp\/v2\/media?parent=297505"}],"wp:term":[{"taxonomy":"product_brand","embeddable":true,"href":"https:\/\/fashiongold.lt\/pl\/wp-json\/wp\/v2\/product_brand?post=297505"},{"taxonomy":"product_cat","embeddable":true,"href":"https:\/\/fashiongold.lt\/pl\/wp-json\/wp\/v2\/product_cat?post=297505"},{"taxonomy":"product_tag","embeddable":true,"href":"https:\/\/fashiongold.lt\/pl\/wp-json\/wp\/v2\/product_tag?post=297505"}],"curies":[{"name":"wp","href":"https:\/\/api.w.org\/{rel}","templated":true}]}}