{"id":297930,"date":"2025-05-11T14:50:29","date_gmt":"2025-05-11T14:50:29","guid":{"rendered":"https:\/\/fashiongold.lt\/papuosalas\/klasyczny-pierscionek-zareczynowy-z-diamentem-o-szlifie-pear-0-50-ct\/"},"modified":"2026-02-21T11:41:22","modified_gmt":"2026-02-21T11:41:22","slug":"klasyczny-pierscionek-zareczynowy-z-diamentem-o-szlifie-pear-0-50-ct","status":"publish","type":"product","link":"https:\/\/fashiongold.lt\/pl\/papuosalas\/klasyczny-pierscionek-zareczynowy-z-diamentem-o-szlifie-pear-0-50-ct\/","title":{"rendered":"Klasyczny pier\u015bcionek zar\u0119czynowy z diamentem o szlifie Pear (0.50 ct)"},"content":{"rendered":"<p><span data-sheets-root=\"1\">Wykonany z najwy\u017csz\u0105 staranno\u015bci\u0105 i dba\u0142o\u015bci\u0105 o szczeg\u00f3\u0142y, zgodnie z najwy\u017cszymi standardami produkcji bi\u017cuterii. Na \u017cyczenie pier\u015bcionek mo\u017ce zosta\u0107 spersonalizowany \u2013 z diamentami o wy\u017cszej jako\u015bci za dodatkow\u0105 op\u0142at\u0105.<\/span><\/p>\n<p>\u2022 <strong><a href=\"https:\/\/fashiongold.lt\/pl\/patarimai-pl\/jaka-proba-zlota-jest-najlepsza-jak-wybrac-najbardziej-odpowiedni-pierscionek-zareczynowy-lub-obraczke-slubna\/\" target=\"_blank\" rel=\"noopener\">Metale szlachetne<\/a><\/strong>: 14K (pr\u00f3ba 585), 18K (pr\u00f3ba 750), platyna 900<br \/>\n\u2022 <strong><a href=\"https:\/\/fashiongold.lt\/pl\/patarimai-pl\/kolor-zlota-pierscionkow-zareczynowych-i-obraczek-slubnych-biale-rozowe-czy-zolte-zloto\/\" target=\"_blank\" rel=\"noopener\">Dost\u0119pne kolory z\u0142ota<\/a><\/strong>: bia\u0142e, czerwone, \u017c\u00f3\u0142te<br \/>\n\u2022 <strong><a href=\"https:\/\/fashiongold.lt\/pl\/patarimai-pl\/pierscionki-z-diamentami-waga-zlota-w-pierscionku-i-waga-diamentow-w-karatach-jak-wybrac-odpowiedni-rekomendacje-jak-rozumiec-i-oceniac\/\" target=\"_blank\" rel=\"noopener\">Przybli\u017cona waga pier\u015bcionka<\/a><\/strong>: 2.00 &#8211; 3.00 g<br \/>\n\u2022 <span data-sheets-root=\"1\"><a href=\"https:\/\/fashiongold.lt\/pl\/patarimai-pl\/pierscionki-zareczynowe-tajemnica-idealnych-proporcji-dlaczego-niektore-pierscionki-z-diamentami-wygladaja-bardziej-luksusowo\/\" target=\"_blank\" rel=\"noopener\"><strong>Szeroko\u015b\u0107 korony<\/strong><\/a>:<\/span> oko\u0142o <span data-sheets-root=\"1\">6.5 x 4.5 mm<\/span><br \/>\n\u2022 <strong><a href=\"https:\/\/fashiongold.lt\/pl\/patarimai-pl\/diament-inne-ksztalty-diamentu\/\" target=\"_blank\" rel=\"noopener\">Kszta\u0142t i szlif diamentu<\/a><\/strong>: <span data-sheets-root=\"1\">Kszta\u0142t prostok\u0105tny (<em>Radiant cut<\/em>)<\/span><br \/>\n\u2022 <strong><a href=\"https:\/\/fashiongold.lt\/pl\/patarimai-pl\/diament-naturalny-laboratoryjny-czy-sztuczny-jak-wybrac-wlasciwie\/\" target=\"_blank\" rel=\"noopener\">Pochodzenie diamentu<\/a><\/strong>: Diament wyhodowany w laboratorium lub diament naturalny<br \/>\n\u2022 <strong><a href=\"https:\/\/fashiongold.lt\/pl\/patarimai-pl\/diament-jak-oceniany-jest-luksus-najcenniejszego-kamienia-szlachetnego\/\" target=\"_blank\" rel=\"noopener\">Waga i charakterystyka diamentu<\/a><\/strong> (mo\u017cliwo\u015b\u0107 zmiany):<br \/>\nDiament wyhodowany w laboratorium z certyfikatem IGI: <span data-sheets-root=\"1\">0.50<\/span>\u00a0ct diament (kolor D-E, czysto\u015b\u0107 VVS)<br \/>\nNaturalny diament z certyfikatem GIA: <span data-sheets-root=\"1\">0.50<\/span>\u00a0ct diament (kolor G-I, czysto\u015b\u0107 SI)<br \/>\n\u2022 Jednorazowe bezp\u0142atne <strong><a href=\"https:\/\/fashiongold.lt\/pl\/patarimai-pl\/pierscionki-zareczynowe-czy-mozna-wygrawerowac-pierscionek-detale-ktore-nadaja-twojemu-pierscionkowi-zareczynowemu-indywidualnego-charakteru\/\" target=\"_blank\" rel=\"noopener\">grawerowanie<\/a><\/strong><br \/>\n\u2022 Jednorazowa bezp\u0142atna <strong><a href=\"https:\/\/fashiongold.lt\/pl\/patarimai-pl\/pierscionki-zareczynowe-darmowa-korekta-rozmiaru-aby-pierscionek-pasowal-idealnie\/\" target=\"_blank\" rel=\"noopener\">zmiana rozmiaru pier\u015bcionka<\/a><br \/>\n<\/strong>\u2022 Wn\u0119trze pier\u015bcionka zar\u0119czynowego posiada <strong><a href=\"https:\/\/fashiongold.lt\/pl\/patarimai-pl\/strefa-komfortu-pierscionka-lub-wygoda-pierscionka\/\" target=\"_blank\" rel=\"noopener\">stref\u0119 komfortu<\/a><\/strong><br \/>\n\u2022 <strong><a href=\"https:\/\/fashiongold.lt\/pl\/dostawa-i-zwroty\/\" target=\"_blank\" rel=\"noopener\">Termin produkcji i dostawy<\/a><\/strong>: od 14 dni roboczych, w trybie pilnym w ci\u0105gu 7 dni roboczych<\/p>\n<p>Chcesz zmieni\u0107 rozmiar diamentu, jego kolor lub klas\u0119 czysto\u015bci? Mo\u017cemy dostosowa\u0107 wszystko do Twoich \u017cycze\u0144. Masz w\u0142asny kamie\u0144 szlachetny lub z\u0142oto? <strong><a href=\"https:\/\/fashiongold.lt\/pl\/kontakt\/\" target=\"_blank\" rel=\"noopener\">Skontaktuj si\u0119 z nami<\/a><\/strong>, a przeliczymy cen\u0119 \u2013 zap\u0142acisz tylko za prac\u0119 jubilersk\u0105!\u00a0<br data-start=\"583\" data-end=\"586\" \/>Odkryj szerok\u0105 gam\u0119 bi\u017cuterii z diamentami i stw\u00f3rz swoj\u0105 wymarzon\u0105 bi\u017cuteri\u0119 z <a href=\"https:\/\/fashiongold.lt\/pl\/\" target=\"_blank\" rel=\"noopener\">FashionGold.lt<\/a>.<\/p>\n","protected":false},"excerpt":{"rendered":"<h2 data-start=\"1625\" data-end=\"2084\">Pier\u015bcionek zar\u0119czynowy z diamentem, w kt\u00f3rym \u0142\u0105cz\u0105 si\u0119 blask i lekko\u015b\u0107<\/h2>\n<p data-start=\"1625\" data-end=\"2084\">Ten pier\u015bcionek zar\u0119czynowy 0,50 ct z diamentem o szlifie <em>Pear<\/em> to symbol wyj\u0105tkowej r\u00f3wnowagi. Kamie\u0144 w kszta\u0142cie \u0142ezki nadaje temu pier\u015bcionkowi subtelny efekt ruchu, jakby \u015bwiat\u0142o sp\u0142ywa\u0142o po palcu. Jest idealny dla kobiety, kt\u00f3ra nie chce l\u015bni\u0107 zbyt jaskrawo, ale pragnie, aby emitowane przez ni\u0105 \u015bwiat\u0142o by\u0142o widoczne z daleka. Design pier\u015bcionka zar\u0119czynowego pozostaje klasyczny, jednak wyj\u0105tkowy kszta\u0142t kamienia nadaje mu nowoczesnej kobieco\u015bci.<\/p>\n<h3 data-start=\"2086\" data-end=\"2376\">Pier\u015bcionek zar\u0119czynowy odzwierciedlaj\u0105cy kobiecy wdzi\u0119k<\/h3>\n<p data-start=\"2086\" data-end=\"2376\">Diament w kszta\u0142cie \u0142ezki jest niczym dzie\u0142o sztuki stworzone dla \u015bwiat\u0142a. Rozmiar 0,50 ct zachowuje subteln\u0105 r\u00f3wnowag\u0119 mi\u0119dzy praktyczno\u015bci\u0105 a elegancj\u0105, dzi\u0119ki czemu pier\u015bcionek ten staje si\u0119 cichym, lecz pewnym przes\u0142aniem: mi\u0142o\u015b\u0107 to nie s\u0142owa, lecz b\u0142ysk \u015bwiat\u0142a w codzienno\u015bci.<\/p>\n","protected":false},"featured_media":260774,"template":"","meta":{"site-sidebar-layout":"default","site-content-layout":"","ast-site-content-layout":"default","site-content-style":"default","site-sidebar-style":"default","ast-global-header-display":"","ast-banner-title-visibility":"","ast-main-header-display":"","ast-hfb-above-header-display":"","ast-hfb-below-header-display":"","ast-hfb-mobile-header-display":"","site-post-title":"","ast-breadcrumbs-content":"","ast-featured-img":"","footer-sml-layout":"","ast-disable-related-posts":"","theme-transparent-header-meta":"default","adv-header-id-meta":"","stick-header-meta":"","header-above-stick-meta":"","header-main-stick-meta":"","header-below-stick-meta":"","astra-migrate-meta-layouts":"default","ast-page-background-enabled":"default","ast-page-background-meta":{"desktop":{"background-color":"var(--ast-global-color-4)","background-image":"","background-repeat":"repeat","background-position":"center center","background-size":"auto","background-attachment":"scroll","background-type":"","background-media":"","overlay-type":"","overlay-color":"","overlay-opacity":"","overlay-gradient":""},"tablet":{"background-color":"","background-image":"","background-repeat":"repeat","background-position":"center center","background-size":"auto","background-attachment":"scroll","background-type":"","background-media":"","overlay-type":"","overlay-color":"","overlay-opacity":"","overlay-gradient":""},"mobile":{"background-color":"","background-image":"","background-repeat":"repeat","background-position":"center center","background-size":"auto","background-attachment":"scroll","background-type":"","background-media":"","overlay-type":"","overlay-color":"","overlay-opacity":"","overlay-gradient":""}},"ast-content-background-meta":{"desktop":{"background-color":"var(--ast-global-color-5)","background-image":"","background-repeat":"repeat","background-position":"center center","background-size":"auto","background-attachment":"scroll","background-type":"","background-media":"","overlay-type":"","overlay-color":"","overlay-opacity":"","overlay-gradient":""},"tablet":{"background-color":"var(--ast-global-color-5)","background-image":"","background-repeat":"repeat","background-position":"center center","background-size":"auto","background-attachment":"scroll","background-type":"","background-media":"","overlay-type":"","overlay-color":"","overlay-opacity":"","overlay-gradient":""},"mobile":{"background-color":"var(--ast-global-color-5)","background-image":"","background-repeat":"repeat","background-position":"center center","background-size":"auto","background-attachment":"scroll","background-type":"","background-media":"","overlay-type":"","overlay-color":"","overlay-opacity":"","overlay-gradient":""}}},"product_brand":[],"product_cat":[3044,2858,2973,3284,2861,3238,3232,3233,3235,3357,3964,3234,2876,2860],"product_tag":[],"class_list":{"0":"post-297930","1":"product","2":"type-product","3":"status-publish","4":"has-post-thumbnail","6":"product_cat-bizuteria","7":"product_cat-bizuteria-z-bialego-zlota","8":"product_cat-bizuteria-z-czerwonego-zlota","9":"product_cat-bizuteria-z-diamentami-laboratoryjnymi","10":"product_cat-bizuteria-z-zoltego-zlota","11":"product_cat-klasyczne-pierscionki-zareczynowe","12":"product_cat-pierscionki-zareczynowe","13":"product_cat-pierscionki-zareczynowe-z-bialego-zlota","14":"product_cat-pierscionki-zareczynowe-z-czerwonego-zlota","15":"product_cat-pierscionki-zareczynowe-z-diamentami-laboratoryjnymi","16":"product_cat-pierscionki-zareczynowe-z-diamentem","17":"product_cat-pierscionki-zareczynowe-z-zoltego-zlota","18":"product_cat-prezenty-na-walentynki","19":"product_cat-prezenty-na-wyjatkowe-okazje","20":"desktop-align-center","21":"tablet-align-left","22":"mobile-align-left","23":"ast-product-gallery-layout-horizontal-slider","24":"ast-product-single-variable","25":"ast-product-tabs-layout-accordion","26":"ast-qv-on-image","28":"first","29":"instock","30":"taxable","31":"shipping-taxable","32":"purchasable","33":"product-type-variable"},"yoast_head":"<!-- This site is optimized with the Yoast SEO plugin v26.6 - https:\/\/yoast.com\/wordpress\/plugins\/seo\/ -->\n<title>Klasyczny pier\u015bcionek zar\u0119czynowy z diamentem o szlifie Pear (0.50 ct)<\/title>\n<meta name=\"description\" content=\"Pier\u015bcionek zar\u0119czynowy z diamentem 0,50 ct \u2013 r\u00f3wnowaga mi\u0119dzy subtelno\u015bci\u0105 a blaskiem w kszta\u0142cie \u0142ezki, kt\u00f3ra naturalnie przyci\u0105ga spojrzenia.\" \/>\n<meta name=\"robots\" content=\"index, follow, max-snippet:-1, max-image-preview:large, max-video-preview:-1\" \/>\n<link rel=\"canonical\" href=\"https:\/\/fashiongold.lt\/pl\/papuosalas\/klasyczny-pierscionek-zareczynowy-z-diamentem-o-szlifie-pear-0-50-ct\/\" \/>\n<meta property=\"og:locale\" content=\"pl_PL\" \/>\n<meta property=\"og:type\" content=\"article\" \/>\n<meta property=\"og:title\" content=\"Klasyczny pier\u015bcionek zar\u0119czynowy z diamentem o szlifie Pear (0.50 ct)\" \/>\n<meta property=\"og:description\" content=\"Pier\u015bcionek zar\u0119czynowy z diamentem 0,50 ct \u2013 r\u00f3wnowaga mi\u0119dzy subtelno\u015bci\u0105 a blaskiem w kszta\u0142cie \u0142ezki, kt\u00f3ra naturalnie przyci\u0105ga spojrzenia.\" \/>\n<meta property=\"og:url\" content=\"https:\/\/fashiongold.lt\/pl\/papuosalas\/klasyczny-pierscionek-zareczynowy-z-diamentem-o-szlifie-pear-0-50-ct\/\" \/>\n<meta property=\"og:site_name\" content=\"FashionGold.lt\" \/>\n<meta property=\"article:modified_time\" content=\"2026-02-21T11:41:22+00:00\" \/>\n<meta property=\"og:image\" content=\"https:\/\/fashiongold.lt\/wp-content\/uploads\/2025\/05\/Klasikinis-suzadetuviu-ziedas-su-laso-formos-deimantu-is-balto-aukso-arba-platinos.webp\" \/>\n\t<meta property=\"og:image:width\" content=\"800\" \/>\n\t<meta property=\"og:image:height\" content=\"800\" \/>\n\t<meta property=\"og:image:type\" content=\"image\/png\" \/>\n<meta name=\"twitter:card\" content=\"summary_large_image\" \/>\n<meta name=\"twitter:label1\" content=\"Szacowany czas czytania\" \/>\n\t<meta name=\"twitter:data1\" content=\"1 minuta\" \/>\n<script type=\"application\/ld+json\" class=\"yoast-schema-graph\">{\"@context\":\"https:\/\/schema.org\",\"@graph\":[{\"@type\":\"WebPage\",\"@id\":\"https:\/\/fashiongold.lt\/pl\/papuosalas\/klasyczny-pierscionek-zareczynowy-z-diamentem-o-szlifie-pear-0-50-ct\/\",\"url\":\"https:\/\/fashiongold.lt\/pl\/papuosalas\/klasyczny-pierscionek-zareczynowy-z-diamentem-o-szlifie-pear-0-50-ct\/\",\"name\":\"Klasyczny pier\u015bcionek zar\u0119czynowy z diamentem o szlifie Pear (0.50 ct)\",\"isPartOf\":{\"@id\":\"https:\/\/fashiongold.lt\/pl\/#website\"},\"primaryImageOfPage\":{\"@id\":\"https:\/\/fashiongold.lt\/pl\/papuosalas\/klasyczny-pierscionek-zareczynowy-z-diamentem-o-szlifie-pear-0-50-ct\/#primaryimage\"},\"image\":{\"@id\":\"https:\/\/fashiongold.lt\/pl\/papuosalas\/klasyczny-pierscionek-zareczynowy-z-diamentem-o-szlifie-pear-0-50-ct\/#primaryimage\"},\"thumbnailUrl\":\"https:\/\/fashiongold.lt\/wp-content\/uploads\/2025\/05\/Klasikinis-suzadetuviu-ziedas-su-laso-formos-deimantu-is-balto-aukso-arba-platinos.png\",\"datePublished\":\"2025-05-11T14:50:29+00:00\",\"dateModified\":\"2026-02-21T11:41:22+00:00\",\"description\":\"Pier\u015bcionek zar\u0119czynowy z diamentem 0,50 ct \u2013 r\u00f3wnowaga mi\u0119dzy subtelno\u015bci\u0105 a blaskiem w kszta\u0142cie \u0142ezki, kt\u00f3ra naturalnie przyci\u0105ga spojrzenia.\",\"breadcrumb\":{\"@id\":\"https:\/\/fashiongold.lt\/pl\/papuosalas\/klasyczny-pierscionek-zareczynowy-z-diamentem-o-szlifie-pear-0-50-ct\/#breadcrumb\"},\"inLanguage\":\"pl-PL\",\"potentialAction\":[{\"@type\":\"ReadAction\",\"target\":[\"https:\/\/fashiongold.lt\/pl\/papuosalas\/klasyczny-pierscionek-zareczynowy-z-diamentem-o-szlifie-pear-0-50-ct\/\"]}]},{\"@type\":\"ImageObject\",\"inLanguage\":\"pl-PL\",\"@id\":\"https:\/\/fashiongold.lt\/pl\/papuosalas\/klasyczny-pierscionek-zareczynowy-z-diamentem-o-szlifie-pear-0-50-ct\/#primaryimage\",\"url\":\"https:\/\/fashiongold.lt\/wp-content\/uploads\/2025\/05\/Klasikinis-suzadetuviu-ziedas-su-laso-formos-deimantu-is-balto-aukso-arba-platinos.png\",\"contentUrl\":\"https:\/\/fashiongold.lt\/wp-content\/uploads\/2025\/05\/Klasikinis-suzadetuviu-ziedas-su-laso-formos-deimantu-is-balto-aukso-arba-platinos.png\",\"width\":800,\"height\":800,\"caption\":\"Klasikinis su\u017ead\u0117tuvi\u0173 \u017eiedas su la\u0161o formos deimantu i\u0161 balto aukso arba platinos\"},{\"@type\":\"BreadcrumbList\",\"@id\":\"https:\/\/fashiongold.lt\/pl\/papuosalas\/klasyczny-pierscionek-zareczynowy-z-diamentem-o-szlifie-pear-0-50-ct\/#breadcrumb\",\"itemListElement\":[{\"@type\":\"ListItem\",\"position\":1,\"name\":\"Home\",\"item\":\"https:\/\/fashiongold.lt\/pl\/\"},{\"@type\":\"ListItem\",\"position\":2,\"name\":\"Sklep z diamentami Fashiongold.lt\",\"item\":\"https:\/\/fashiongold.lt\/shop-2\/\"},{\"@type\":\"ListItem\",\"position\":3,\"name\":\"Klasyczny pier\u015bcionek zar\u0119czynowy z diamentem o szlifie Pear (0.50 ct)\"}]},{\"@type\":\"WebSite\",\"@id\":\"https:\/\/fashiongold.lt\/pl\/#website\",\"url\":\"https:\/\/fashiongold.lt\/pl\/\",\"name\":\"Fashion Gold\",\"description\":\"Juvelyrikos namai\",\"publisher\":{\"@id\":\"https:\/\/fashiongold.lt\/pl\/#organization\"},\"potentialAction\":[{\"@type\":\"SearchAction\",\"target\":{\"@type\":\"EntryPoint\",\"urlTemplate\":\"https:\/\/fashiongold.lt\/pl\/?s={search_term_string}\"},\"query-input\":{\"@type\":\"PropertyValueSpecification\",\"valueRequired\":true,\"valueName\":\"search_term_string\"}}],\"inLanguage\":\"pl-PL\"},{\"@type\":\"Organization\",\"@id\":\"https:\/\/fashiongold.lt\/pl\/#organization\",\"name\":\"Topdiamonds Online\",\"url\":\"https:\/\/fashiongold.lt\/pl\/\",\"logo\":{\"@type\":\"ImageObject\",\"inLanguage\":\"pl-PL\",\"@id\":\"https:\/\/fashiongold.lt\/pl\/#\/schema\/logo\/image\/\",\"url\":\"https:\/\/fashiongold.lt\/wp-content\/uploads\/2025\/04\/cropped-fashion_gold_logotipas2-scaled-1.png\",\"contentUrl\":\"https:\/\/fashiongold.lt\/wp-content\/uploads\/2025\/04\/cropped-fashion_gold_logotipas2-scaled-1.png\",\"width\":2559,\"height\":421,\"caption\":\"Topdiamonds Online\"},\"image\":{\"@id\":\"https:\/\/fashiongold.lt\/pl\/#\/schema\/logo\/image\/\"}}]}<\/script>\n<!-- \/ Yoast SEO plugin. -->","yoast_head_json":{"title":"Klasyczny pier\u015bcionek zar\u0119czynowy z diamentem o szlifie Pear (0.50 ct)","description":"Pier\u015bcionek zar\u0119czynowy z diamentem 0,50 ct \u2013 r\u00f3wnowaga mi\u0119dzy subtelno\u015bci\u0105 a blaskiem w kszta\u0142cie \u0142ezki, kt\u00f3ra naturalnie przyci\u0105ga spojrzenia.","robots":{"index":"index","follow":"follow","max-snippet":"max-snippet:-1","max-image-preview":"max-image-preview:large","max-video-preview":"max-video-preview:-1"},"canonical":"https:\/\/fashiongold.lt\/pl\/papuosalas\/klasyczny-pierscionek-zareczynowy-z-diamentem-o-szlifie-pear-0-50-ct\/","og_locale":"pl_PL","og_type":"article","og_title":"Klasyczny pier\u015bcionek zar\u0119czynowy z diamentem o szlifie Pear (0.50 ct)","og_description":"Pier\u015bcionek zar\u0119czynowy z diamentem 0,50 ct \u2013 r\u00f3wnowaga mi\u0119dzy subtelno\u015bci\u0105 a blaskiem w kszta\u0142cie \u0142ezki, kt\u00f3ra naturalnie przyci\u0105ga spojrzenia.","og_url":"https:\/\/fashiongold.lt\/pl\/papuosalas\/klasyczny-pierscionek-zareczynowy-z-diamentem-o-szlifie-pear-0-50-ct\/","og_site_name":"FashionGold.lt","article_modified_time":"2026-02-21T11:41:22+00:00","og_image":[{"width":800,"height":800,"url":"https:\/\/fashiongold.lt\/wp-content\/uploads\/2025\/05\/Klasikinis-suzadetuviu-ziedas-su-laso-formos-deimantu-is-balto-aukso-arba-platinos.webp","type":"image\/png"}],"twitter_card":"summary_large_image","twitter_misc":{"Szacowany czas czytania":"1 minuta"},"schema":{"@context":"https:\/\/schema.org","@graph":[{"@type":"WebPage","@id":"https:\/\/fashiongold.lt\/pl\/papuosalas\/klasyczny-pierscionek-zareczynowy-z-diamentem-o-szlifie-pear-0-50-ct\/","url":"https:\/\/fashiongold.lt\/pl\/papuosalas\/klasyczny-pierscionek-zareczynowy-z-diamentem-o-szlifie-pear-0-50-ct\/","name":"Klasyczny pier\u015bcionek zar\u0119czynowy z diamentem o szlifie Pear (0.50 ct)","isPartOf":{"@id":"https:\/\/fashiongold.lt\/pl\/#website"},"primaryImageOfPage":{"@id":"https:\/\/fashiongold.lt\/pl\/papuosalas\/klasyczny-pierscionek-zareczynowy-z-diamentem-o-szlifie-pear-0-50-ct\/#primaryimage"},"image":{"@id":"https:\/\/fashiongold.lt\/pl\/papuosalas\/klasyczny-pierscionek-zareczynowy-z-diamentem-o-szlifie-pear-0-50-ct\/#primaryimage"},"thumbnailUrl":"https:\/\/fashiongold.lt\/wp-content\/uploads\/2025\/05\/Klasikinis-suzadetuviu-ziedas-su-laso-formos-deimantu-is-balto-aukso-arba-platinos.png","datePublished":"2025-05-11T14:50:29+00:00","dateModified":"2026-02-21T11:41:22+00:00","description":"Pier\u015bcionek zar\u0119czynowy z diamentem 0,50 ct \u2013 r\u00f3wnowaga mi\u0119dzy subtelno\u015bci\u0105 a blaskiem w kszta\u0142cie \u0142ezki, kt\u00f3ra naturalnie przyci\u0105ga spojrzenia.","breadcrumb":{"@id":"https:\/\/fashiongold.lt\/pl\/papuosalas\/klasyczny-pierscionek-zareczynowy-z-diamentem-o-szlifie-pear-0-50-ct\/#breadcrumb"},"inLanguage":"pl-PL","potentialAction":[{"@type":"ReadAction","target":["https:\/\/fashiongold.lt\/pl\/papuosalas\/klasyczny-pierscionek-zareczynowy-z-diamentem-o-szlifie-pear-0-50-ct\/"]}]},{"@type":"ImageObject","inLanguage":"pl-PL","@id":"https:\/\/fashiongold.lt\/pl\/papuosalas\/klasyczny-pierscionek-zareczynowy-z-diamentem-o-szlifie-pear-0-50-ct\/#primaryimage","url":"https:\/\/fashiongold.lt\/wp-content\/uploads\/2025\/05\/Klasikinis-suzadetuviu-ziedas-su-laso-formos-deimantu-is-balto-aukso-arba-platinos.png","contentUrl":"https:\/\/fashiongold.lt\/wp-content\/uploads\/2025\/05\/Klasikinis-suzadetuviu-ziedas-su-laso-formos-deimantu-is-balto-aukso-arba-platinos.png","width":800,"height":800,"caption":"Klasikinis su\u017ead\u0117tuvi\u0173 \u017eiedas su la\u0161o formos deimantu i\u0161 balto aukso arba platinos"},{"@type":"BreadcrumbList","@id":"https:\/\/fashiongold.lt\/pl\/papuosalas\/klasyczny-pierscionek-zareczynowy-z-diamentem-o-szlifie-pear-0-50-ct\/#breadcrumb","itemListElement":[{"@type":"ListItem","position":1,"name":"Home","item":"https:\/\/fashiongold.lt\/pl\/"},{"@type":"ListItem","position":2,"name":"Sklep z diamentami Fashiongold.lt","item":"https:\/\/fashiongold.lt\/shop-2\/"},{"@type":"ListItem","position":3,"name":"Klasyczny pier\u015bcionek zar\u0119czynowy z diamentem o szlifie Pear (0.50 ct)"}]},{"@type":"WebSite","@id":"https:\/\/fashiongold.lt\/pl\/#website","url":"https:\/\/fashiongold.lt\/pl\/","name":"Fashion Gold","description":"Juvelyrikos namai","publisher":{"@id":"https:\/\/fashiongold.lt\/pl\/#organization"},"potentialAction":[{"@type":"SearchAction","target":{"@type":"EntryPoint","urlTemplate":"https:\/\/fashiongold.lt\/pl\/?s={search_term_string}"},"query-input":{"@type":"PropertyValueSpecification","valueRequired":true,"valueName":"search_term_string"}}],"inLanguage":"pl-PL"},{"@type":"Organization","@id":"https:\/\/fashiongold.lt\/pl\/#organization","name":"Topdiamonds Online","url":"https:\/\/fashiongold.lt\/pl\/","logo":{"@type":"ImageObject","inLanguage":"pl-PL","@id":"https:\/\/fashiongold.lt\/pl\/#\/schema\/logo\/image\/","url":"https:\/\/fashiongold.lt\/wp-content\/uploads\/2025\/04\/cropped-fashion_gold_logotipas2-scaled-1.png","contentUrl":"https:\/\/fashiongold.lt\/wp-content\/uploads\/2025\/04\/cropped-fashion_gold_logotipas2-scaled-1.png","width":2559,"height":421,"caption":"Topdiamonds Online"},"image":{"@id":"https:\/\/fashiongold.lt\/pl\/#\/schema\/logo\/image\/"}}]}},"_links":{"self":[{"href":"https:\/\/fashiongold.lt\/pl\/wp-json\/wp\/v2\/product\/297930","targetHints":{"allow":["GET"]}}],"collection":[{"href":"https:\/\/fashiongold.lt\/pl\/wp-json\/wp\/v2\/product"}],"about":[{"href":"https:\/\/fashiongold.lt\/pl\/wp-json\/wp\/v2\/types\/product"}],"version-history":[{"count":0,"href":"https:\/\/fashiongold.lt\/pl\/wp-json\/wp\/v2\/product\/297930\/revisions"}],"wp:featuredmedia":[{"embeddable":true,"href":"https:\/\/fashiongold.lt\/pl\/wp-json\/wp\/v2\/media\/260774"}],"wp:attachment":[{"href":"https:\/\/fashiongold.lt\/pl\/wp-json\/wp\/v2\/media?parent=297930"}],"wp:term":[{"taxonomy":"product_brand","embeddable":true,"href":"https:\/\/fashiongold.lt\/pl\/wp-json\/wp\/v2\/product_brand?post=297930"},{"taxonomy":"product_cat","embeddable":true,"href":"https:\/\/fashiongold.lt\/pl\/wp-json\/wp\/v2\/product_cat?post=297930"},{"taxonomy":"product_tag","embeddable":true,"href":"https:\/\/fashiongold.lt\/pl\/wp-json\/wp\/v2\/product_tag?post=297930"}],"curies":[{"name":"wp","href":"https:\/\/api.w.org\/{rel}","templated":true}]}}