{"id":298180,"date":"2025-10-09T16:25:09","date_gmt":"2025-10-09T16:25:09","guid":{"rendered":"https:\/\/fashiongold.lt\/papuosalas\/pierscionek-z-diamentem-diament-radiant\/"},"modified":"2025-10-09T16:25:09","modified_gmt":"2025-10-09T16:25:09","slug":"pierscionek-z-diamentem-diament-radiant","status":"publish","type":"product","link":"https:\/\/fashiongold.lt\/pl\/papuosalas\/pierscionek-z-diamentem-diament-radiant\/","title":{"rendered":"Pier\u015bcionek z diamentem &#8211; diament RADIANT"},"content":{"rendered":"<p><span data-sheets-root=\"1\">Nadaj swojemu klasycznemu pier\u015bcionkowi z diamentem osobisty charakter. Ten design zosta\u0142 stworzony po to, aby\u015b m\u00f3g\u0142 go kszta\u0142towa\u0107 wed\u0142ug w\u0142asnego gustu \u2013 poczynaj\u0105c od rodzaju metalu (\u017c\u00f3\u0142te, czerwone, bia\u0142e z\u0142oto lub platyna), poprzez rozmiar pier\u015bcionka, a\u017c po diament o szlifie <em>Radiant<\/em>, kt\u00f3ry zwie\u0144czy ca\u0142e dzie\u0142o. Subtelnie niska korona tego pier\u015bcionka oraz czysta, prosta szyna skieruj\u0105 ca\u0142\u0105 uwag\u0119 na serce \u2013 diament o prostok\u0105tnym<i> <\/i>kszta\u0142cie, wi\u0119c dostosuj ka\u017cd\u0105 jego cech\u0119: karaty, czysto\u015b\u0107, kolor, szlif. To co\u015b wi\u0119cej ni\u017c pier\u015bcionek \u2013 to efekt Twoich decyzji i estetyki.<\/span><\/p>\n<p><span data-sheets-root=\"1\">\u2022 <a href=\"https:\/\/fashiongold.lt\/pl\/patarimai-pl\/pierscionki-z-diamentami-waga-zlota-w-pierscionku-i-waga-diamentow-w-karatach-jak-wybrac-odpowiedni-rekomendacje-jak-rozumiec-i-oceniac\/\" target=\"_blank\" rel=\"noopener\"><strong>Waga pier\u015bcionka<\/strong><\/a>: (zale\u017cy od rozmiaru): oko\u0142o 2.00 &#8211; 3.00 g<br \/>\n\u2022 <a href=\"https:\/\/fashiongold.lt\/pl\/patarimai-pl\/strefa-komfortu-pierscionka-lub-wygoda-pierscionka\/\" target=\"_blank\" rel=\"noopener\"><strong>Strefa komfortu pier\u015bcionka<\/strong><\/a>: jest<br \/>\n\u2022 <a href=\"https:\/\/fashiongold.lt\/pl\/patarimai-pl\/pierscionki-zareczynowe-czy-mozna-wygrawerowac-pierscionek-detale-ktore-nadaja-twojemu-pierscionkowi-zareczynowemu-indywidualnego-charakteru\/\" target=\"_blank\" rel=\"noopener\"><strong>Grawerowanie<\/strong><\/a> bezp\u0142atnie<br \/>\n\u2022 Jednorazowa bezp\u0142atna <a href=\"https:\/\/fashiongold.lt\/pl\/patarimai-pl\/pierscionki-zareczynowe-darmowa-korekta-rozmiaru-aby-pierscionek-pasowal-idealnie\/\" target=\"_blank\" rel=\"noopener\"><strong>gwarancja zmiany rozmiaru pier\u015bcionka<\/strong><\/a><\/span><\/p>\n<p><span data-sheets-root=\"1\">Masz w\u0142asny kamie\u0144 szlachetny lub z\u0142oto? <a href=\"https:\/\/fashiongold.lt\/pl\/kontakt\/\" target=\"_blank\" rel=\"noopener\"><strong>Skontaktuj si\u0119 z nami<\/strong><\/a> \u2013 przeliczymy cen\u0119 i zap\u0142acisz tylko za wykonanie.<br \/>\nOdkryj szeroki wyb\u00f3r bi\u017cuterii z diamentami, odpowiadaj\u0105cy r\u00f3\u017cnym gustom i bud\u017cetom. Stw\u00f3rz i spersonalizuj swoj\u0105 bi\u017cuteri\u0119 z <a href=\"https:\/\/fashiongold.lt\/pl\/\" target=\"_blank\" rel=\"noopener\">FashionGold.lt<\/a>.<\/span><\/p>\n","protected":false},"excerpt":{"rendered":"<p>Nadaj swojemu klasycznemu pier\u015bcionkowi z diamentem osobisty charakter. Ten design zosta\u0142 stworzony po to, aby\u015b m\u00f3g\u0142 go kszta\u0142towa\u0107 wed\u0142ug w\u0142asnego [&hellip;]<\/p>\n","protected":false},"featured_media":0,"template":"","meta":{"site-sidebar-layout":"default","site-content-layout":"","ast-site-content-layout":"default","site-content-style":"default","site-sidebar-style":"default","ast-global-header-display":"","ast-banner-title-visibility":"","ast-main-header-display":"","ast-hfb-above-header-display":"","ast-hfb-below-header-display":"","ast-hfb-mobile-header-display":"","site-post-title":"","ast-breadcrumbs-content":"","ast-featured-img":"","footer-sml-layout":"","ast-disable-related-posts":"","theme-transparent-header-meta":"default","adv-header-id-meta":"","stick-header-meta":"","header-above-stick-meta":"","header-main-stick-meta":"","header-below-stick-meta":"","astra-migrate-meta-layouts":"default","ast-page-background-enabled":"default","ast-page-background-meta":{"desktop":{"background-color":"var(--ast-global-color-4)","background-image":"","background-repeat":"repeat","background-position":"center center","background-size":"auto","background-attachment":"scroll","background-type":"","background-media":"","overlay-type":"","overlay-color":"","overlay-opacity":"","overlay-gradient":""},"tablet":{"background-color":"","background-image":"","background-repeat":"repeat","background-position":"center center","background-size":"auto","background-attachment":"scroll","background-type":"","background-media":"","overlay-type":"","overlay-color":"","overlay-opacity":"","overlay-gradient":""},"mobile":{"background-color":"","background-image":"","background-repeat":"repeat","background-position":"center center","background-size":"auto","background-attachment":"scroll","background-type":"","background-media":"","overlay-type":"","overlay-color":"","overlay-opacity":"","overlay-gradient":""}},"ast-content-background-meta":{"desktop":{"background-color":"var(--ast-global-color-5)","background-image":"","background-repeat":"repeat","background-position":"center center","background-size":"auto","background-attachment":"scroll","background-type":"","background-media":"","overlay-type":"","overlay-color":"","overlay-opacity":"","overlay-gradient":""},"tablet":{"background-color":"var(--ast-global-color-5)","background-image":"","background-repeat":"repeat","background-position":"center center","background-size":"auto","background-attachment":"scroll","background-type":"","background-media":"","overlay-type":"","overlay-color":"","overlay-opacity":"","overlay-gradient":""},"mobile":{"background-color":"var(--ast-global-color-5)","background-image":"","background-repeat":"repeat","background-position":"center center","background-size":"auto","background-attachment":"scroll","background-type":"","background-media":"","overlay-type":"","overlay-color":"","overlay-opacity":"","overlay-gradient":""}}},"product_brand":[],"product_cat":[],"product_tag":[],"class_list":{"0":"post-298180","1":"product","2":"type-product","3":"status-publish","5":"desktop-align-center","6":"tablet-align-left","7":"mobile-align-left","8":"ast-product-gallery-layout-horizontal-slider","9":"ast-product-gallery-with-no-image","10":"ast-product-single-variable","11":"ast-product-tabs-layout-accordion","12":"ast-qv-on-image","14":"first","15":"instock","16":"taxable","17":"shipping-taxable","18":"purchasable","19":"product-type-variable"},"yoast_head":"<!-- This site is optimized with the Yoast SEO plugin v26.6 - https:\/\/yoast.com\/wordpress\/plugins\/seo\/ -->\n<title>Pier\u015bcionek z diamentem - diament RADIANT<\/title>\n<meta name=\"description\" content=\"Nadaj klasycznemu pier\u015bcionkowi z diamentem osobistego charakteru. Dostosuj cechy diamentu RADIANT wed\u0142ug siebie, poniewa\u017c to co\u015b wi\u0119cej ni\u017c pier\u015bcionek. To rezultat Twojej estetyki.\" \/>\n<meta name=\"robots\" content=\"index, follow, max-snippet:-1, max-image-preview:large, max-video-preview:-1\" \/>\n<link rel=\"canonical\" href=\"https:\/\/fashiongold.lt\/pl\/papuosalas\/pierscionek-z-diamentem-diament-radiant\/\" \/>\n<meta property=\"og:locale\" content=\"pl_PL\" \/>\n<meta property=\"og:type\" content=\"article\" \/>\n<meta property=\"og:title\" content=\"Pier\u015bcionek z diamentem - diament RADIANT\" \/>\n<meta property=\"og:description\" content=\"Nadaj klasycznemu pier\u015bcionkowi z diamentem osobistego charakteru. Dostosuj cechy diamentu RADIANT wed\u0142ug siebie, poniewa\u017c to co\u015b wi\u0119cej ni\u017c pier\u015bcionek. To rezultat Twojej estetyki.\" \/>\n<meta property=\"og:url\" content=\"https:\/\/fashiongold.lt\/pl\/papuosalas\/pierscionek-z-diamentem-diament-radiant\/\" \/>\n<meta property=\"og:site_name\" content=\"FashionGold.lt\" \/>\n<meta name=\"twitter:card\" content=\"summary_large_image\" \/>\n<meta name=\"twitter:label1\" content=\"Szacowany czas czytania\" \/>\n\t<meta name=\"twitter:data1\" content=\"1 minuta\" \/>\n<script type=\"application\/ld+json\" class=\"yoast-schema-graph\">{\"@context\":\"https:\/\/schema.org\",\"@graph\":[{\"@type\":\"WebPage\",\"@id\":\"https:\/\/fashiongold.lt\/pl\/papuosalas\/pierscionek-z-diamentem-diament-radiant\/\",\"url\":\"https:\/\/fashiongold.lt\/pl\/papuosalas\/pierscionek-z-diamentem-diament-radiant\/\",\"name\":\"Pier\u015bcionek z diamentem - diament RADIANT\",\"isPartOf\":{\"@id\":\"https:\/\/fashiongold.lt\/pl\/#website\"},\"datePublished\":\"2025-10-09T16:25:09+00:00\",\"description\":\"Nadaj klasycznemu pier\u015bcionkowi z diamentem osobistego charakteru. Dostosuj cechy diamentu RADIANT wed\u0142ug siebie, poniewa\u017c to co\u015b wi\u0119cej ni\u017c pier\u015bcionek. To rezultat Twojej estetyki.\",\"breadcrumb\":{\"@id\":\"https:\/\/fashiongold.lt\/pl\/papuosalas\/pierscionek-z-diamentem-diament-radiant\/#breadcrumb\"},\"inLanguage\":\"pl-PL\",\"potentialAction\":[{\"@type\":\"ReadAction\",\"target\":[\"https:\/\/fashiongold.lt\/pl\/papuosalas\/pierscionek-z-diamentem-diament-radiant\/\"]}]},{\"@type\":\"BreadcrumbList\",\"@id\":\"https:\/\/fashiongold.lt\/pl\/papuosalas\/pierscionek-z-diamentem-diament-radiant\/#breadcrumb\",\"itemListElement\":[{\"@type\":\"ListItem\",\"position\":1,\"name\":\"Home\",\"item\":\"https:\/\/fashiongold.lt\/pl\/\"},{\"@type\":\"ListItem\",\"position\":2,\"name\":\"Sklep z diamentami Fashiongold.lt\",\"item\":\"https:\/\/fashiongold.lt\/shop-2\/\"},{\"@type\":\"ListItem\",\"position\":3,\"name\":\"Pier\u015bcionek z diamentem &#8211; diament RADIANT\"}]},{\"@type\":\"WebSite\",\"@id\":\"https:\/\/fashiongold.lt\/pl\/#website\",\"url\":\"https:\/\/fashiongold.lt\/pl\/\",\"name\":\"Fashion Gold\",\"description\":\"Juvelyrikos namai\",\"publisher\":{\"@id\":\"https:\/\/fashiongold.lt\/pl\/#organization\"},\"potentialAction\":[{\"@type\":\"SearchAction\",\"target\":{\"@type\":\"EntryPoint\",\"urlTemplate\":\"https:\/\/fashiongold.lt\/pl\/?s={search_term_string}\"},\"query-input\":{\"@type\":\"PropertyValueSpecification\",\"valueRequired\":true,\"valueName\":\"search_term_string\"}}],\"inLanguage\":\"pl-PL\"},{\"@type\":\"Organization\",\"@id\":\"https:\/\/fashiongold.lt\/pl\/#organization\",\"name\":\"Topdiamonds Online\",\"url\":\"https:\/\/fashiongold.lt\/pl\/\",\"logo\":{\"@type\":\"ImageObject\",\"inLanguage\":\"pl-PL\",\"@id\":\"https:\/\/fashiongold.lt\/pl\/#\/schema\/logo\/image\/\",\"url\":\"https:\/\/fashiongold.lt\/wp-content\/uploads\/2025\/04\/cropped-fashion_gold_logotipas2-scaled-1.png\",\"contentUrl\":\"https:\/\/fashiongold.lt\/wp-content\/uploads\/2025\/04\/cropped-fashion_gold_logotipas2-scaled-1.png\",\"width\":2559,\"height\":421,\"caption\":\"Topdiamonds Online\"},\"image\":{\"@id\":\"https:\/\/fashiongold.lt\/pl\/#\/schema\/logo\/image\/\"}}]}<\/script>\n<!-- \/ Yoast SEO plugin. -->","yoast_head_json":{"title":"Pier\u015bcionek z diamentem - diament RADIANT","description":"Nadaj klasycznemu pier\u015bcionkowi z diamentem osobistego charakteru. Dostosuj cechy diamentu RADIANT wed\u0142ug siebie, poniewa\u017c to co\u015b wi\u0119cej ni\u017c pier\u015bcionek. To rezultat Twojej estetyki.","robots":{"index":"index","follow":"follow","max-snippet":"max-snippet:-1","max-image-preview":"max-image-preview:large","max-video-preview":"max-video-preview:-1"},"canonical":"https:\/\/fashiongold.lt\/pl\/papuosalas\/pierscionek-z-diamentem-diament-radiant\/","og_locale":"pl_PL","og_type":"article","og_title":"Pier\u015bcionek z diamentem - diament RADIANT","og_description":"Nadaj klasycznemu pier\u015bcionkowi z diamentem osobistego charakteru. Dostosuj cechy diamentu RADIANT wed\u0142ug siebie, poniewa\u017c to co\u015b wi\u0119cej ni\u017c pier\u015bcionek. To rezultat Twojej estetyki.","og_url":"https:\/\/fashiongold.lt\/pl\/papuosalas\/pierscionek-z-diamentem-diament-radiant\/","og_site_name":"FashionGold.lt","twitter_card":"summary_large_image","twitter_misc":{"Szacowany czas czytania":"1 minuta"},"schema":{"@context":"https:\/\/schema.org","@graph":[{"@type":"WebPage","@id":"https:\/\/fashiongold.lt\/pl\/papuosalas\/pierscionek-z-diamentem-diament-radiant\/","url":"https:\/\/fashiongold.lt\/pl\/papuosalas\/pierscionek-z-diamentem-diament-radiant\/","name":"Pier\u015bcionek z diamentem - diament RADIANT","isPartOf":{"@id":"https:\/\/fashiongold.lt\/pl\/#website"},"datePublished":"2025-10-09T16:25:09+00:00","description":"Nadaj klasycznemu pier\u015bcionkowi z diamentem osobistego charakteru. Dostosuj cechy diamentu RADIANT wed\u0142ug siebie, poniewa\u017c to co\u015b wi\u0119cej ni\u017c pier\u015bcionek. To rezultat Twojej estetyki.","breadcrumb":{"@id":"https:\/\/fashiongold.lt\/pl\/papuosalas\/pierscionek-z-diamentem-diament-radiant\/#breadcrumb"},"inLanguage":"pl-PL","potentialAction":[{"@type":"ReadAction","target":["https:\/\/fashiongold.lt\/pl\/papuosalas\/pierscionek-z-diamentem-diament-radiant\/"]}]},{"@type":"BreadcrumbList","@id":"https:\/\/fashiongold.lt\/pl\/papuosalas\/pierscionek-z-diamentem-diament-radiant\/#breadcrumb","itemListElement":[{"@type":"ListItem","position":1,"name":"Home","item":"https:\/\/fashiongold.lt\/pl\/"},{"@type":"ListItem","position":2,"name":"Sklep z diamentami Fashiongold.lt","item":"https:\/\/fashiongold.lt\/shop-2\/"},{"@type":"ListItem","position":3,"name":"Pier\u015bcionek z diamentem &#8211; diament RADIANT"}]},{"@type":"WebSite","@id":"https:\/\/fashiongold.lt\/pl\/#website","url":"https:\/\/fashiongold.lt\/pl\/","name":"Fashion Gold","description":"Juvelyrikos namai","publisher":{"@id":"https:\/\/fashiongold.lt\/pl\/#organization"},"potentialAction":[{"@type":"SearchAction","target":{"@type":"EntryPoint","urlTemplate":"https:\/\/fashiongold.lt\/pl\/?s={search_term_string}"},"query-input":{"@type":"PropertyValueSpecification","valueRequired":true,"valueName":"search_term_string"}}],"inLanguage":"pl-PL"},{"@type":"Organization","@id":"https:\/\/fashiongold.lt\/pl\/#organization","name":"Topdiamonds Online","url":"https:\/\/fashiongold.lt\/pl\/","logo":{"@type":"ImageObject","inLanguage":"pl-PL","@id":"https:\/\/fashiongold.lt\/pl\/#\/schema\/logo\/image\/","url":"https:\/\/fashiongold.lt\/wp-content\/uploads\/2025\/04\/cropped-fashion_gold_logotipas2-scaled-1.png","contentUrl":"https:\/\/fashiongold.lt\/wp-content\/uploads\/2025\/04\/cropped-fashion_gold_logotipas2-scaled-1.png","width":2559,"height":421,"caption":"Topdiamonds Online"},"image":{"@id":"https:\/\/fashiongold.lt\/pl\/#\/schema\/logo\/image\/"}}]}},"_links":{"self":[{"href":"https:\/\/fashiongold.lt\/pl\/wp-json\/wp\/v2\/product\/298180","targetHints":{"allow":["GET"]}}],"collection":[{"href":"https:\/\/fashiongold.lt\/pl\/wp-json\/wp\/v2\/product"}],"about":[{"href":"https:\/\/fashiongold.lt\/pl\/wp-json\/wp\/v2\/types\/product"}],"version-history":[{"count":0,"href":"https:\/\/fashiongold.lt\/pl\/wp-json\/wp\/v2\/product\/298180\/revisions"}],"wp:attachment":[{"href":"https:\/\/fashiongold.lt\/pl\/wp-json\/wp\/v2\/media?parent=298180"}],"wp:term":[{"taxonomy":"product_brand","embeddable":true,"href":"https:\/\/fashiongold.lt\/pl\/wp-json\/wp\/v2\/product_brand?post=298180"},{"taxonomy":"product_cat","embeddable":true,"href":"https:\/\/fashiongold.lt\/pl\/wp-json\/wp\/v2\/product_cat?post=298180"},{"taxonomy":"product_tag","embeddable":true,"href":"https:\/\/fashiongold.lt\/pl\/wp-json\/wp\/v2\/product_tag?post=298180"}],"curies":[{"name":"wp","href":"https:\/\/api.w.org\/{rel}","templated":true}]}}